{"id":6437,"date":"2023-10-17T13:16:53","date_gmt":"2023-10-17T11:16:53","guid":{"rendered":"https:\/\/www.kliinikum.ee\/taastusravi\/?page_id=6437"},"modified":"2023-10-17T13:20:23","modified_gmt":"2023-10-17T11:20:23","slug":"neuroloogiline-taastusravi","status":"publish","type":"page","link":"https:\/\/www.kliinikum.ee\/taastusravi\/kliinikust\/ambulatoorse-taastusravi-osakond\/neuroloogiline-taastusravi\/","title":{"rendered":"Neuroloogiline taastusravi"},"content":{"rendered":"\n<div class=\"wp-block-group has-global-padding\"><div class=\"wp-block-group__inner-container is-layout-constrained wp-block-group-is-layout-constrained\">\n<p>Ambulatoorsele neuroloogilisele taastusravile on oodatud eelk\u00f5ige patsiendid, kellel on olnud <strong>\u00e4ge haigestumine v\u00f5i trauma<\/strong> (insult, aju- v\u00f5i seljaajutrauma, Sclerosis Multiplex, vm.), mille j\u00e4rgselt on tekkinud funktsioonih\u00e4ire ja kes vajavad kompleksset meeskonna p\u00f5hist taastusravi, kus patsiendiga tegeleb mitu spetsialisti.\u00a0<\/p>\n\n\n\n<p><strong>Meil on v\u00f5imalused tasakaalu ja p\u00fcstiasendi ning k\u00f5nni treeninguks, k\u00e4e taasturaviks, spastilisuse raviks. <\/strong>Spastilisuse ravis on tulemuse saamiseks v\u00e4ga oluline varane diagnoosimine ja ravi alustamine.<\/p>\n<\/div><\/div>\n\n\n\n<div class=\"wp-block-group has-global-padding\"><div class=\"wp-block-group__inner-container is-layout-constrained wp-block-group-is-layout-constrained\">\n<p><strong>Meeskonnas on taastusarst, f\u00fcsioterapeut, tegevusterapeut, ps\u00fchholoog.<\/strong><\/p>\n\n\n\n<p>Logopeedid t\u00f6\u00f6tavad<strong> K\u00f5ne- ja neelamish\u00e4irete taastusravi keskuses.<\/strong><\/p>\n<\/div><\/div>\n\n\n\n<div class=\"wp-block-group has-global-padding\"><div class=\"wp-block-group__inner-container is-layout-constrained wp-block-group-is-layout-constrained\">\n<p>Patsient peab olema motiveeritud ja v\u00f5imeline osalema raviprotsessis, sest taastusravi on <strong>eesm\u00e4rgistatud ja tulemusele orienteeritud tegevus.<\/strong><\/p>\n\n\n\n<p>Kroonilised patsiendid, kellel viimastel aastatel ei ole olnud paranemisel edasiminekut ja kes vajavad teenuseid saavutatud funktsiooniv\u00f5ime s\u00e4ilitamiseks peaksid p\u00f6\u00f6rduma rehabilitatsiooniteenuseid pakkuvatesse asutustesse.<\/p>\n<\/div><\/div>\n","protected":false},"excerpt":{"rendered":"<p>Ambulatoorsele neuroloogilisele taastusravile on oodatud eelk\u00f5ige patsiendid, kellel on olnud \u00e4ge haigestumine v\u00f5i trauma (insult, aju- v\u00f5i seljaajutrauma, Sclerosis Multiplex, vm.), mille j\u00e4rgselt on tekkinud funktsioonih\u00e4ire ja kes vajavad kompleksset meeskonna p\u00f5hist taastusravi, kus patsiendiga tegeleb mitu spetsialisti.\u00a0 Meil on v\u00f5imalused tasakaalu ja p\u00fcstiasendi ning k\u00f5nni treeninguks, k\u00e4e taasturaviks, spastilisuse raviks. Spastilisuse ravis on tulemuse [&hellip;]<\/p>\n","protected":false},"author":30,"featured_media":0,"parent":6385,"menu_order":6,"comment_status":"closed","ping_status":"closed","template":"","meta":{"_acf_changed":false,"_uag_custom_page_level_css":"","footnotes":""},"class_list":["post-6437","page","type-page","status-publish","hentry"],"acf":[],"yoast_head":"<!-- This site is optimized with the Yoast SEO plugin v27.3 - https:\/\/yoast.com\/product\/yoast-seo-wordpress\/ -->\n<title>Neuroloogiline taastusravi - Spordimeditsiini ja taastusravi kliinik<\/title>\n<meta name=\"robots\" content=\"index, follow, max-snippet:-1, max-image-preview:large, max-video-preview:-1\" \/>\n<link rel=\"canonical\" href=\"https:\/\/www.kliinikum.ee\/taastusravi\/kliinikust\/ambulatoorse-taastusravi-osakond\/neuroloogiline-taastusravi\/\" \/>\n<meta property=\"og:locale\" content=\"et_EE\" \/>\n<meta property=\"og:type\" content=\"article\" \/>\n<meta property=\"og:title\" content=\"Neuroloogiline taastusravi - Spordimeditsiini ja taastusravi kliinik\" \/>\n<meta property=\"og:description\" content=\"Ambulatoorsele neuroloogilisele taastusravile on oodatud eelk\u00f5ige patsiendid, kellel on olnud \u00e4ge haigestumine v\u00f5i trauma (insult, aju- v\u00f5i seljaajutrauma, Sclerosis Multiplex, vm.), mille j\u00e4rgselt on tekkinud funktsioonih\u00e4ire ja kes vajavad kompleksset meeskonna p\u00f5hist taastusravi, kus patsiendiga tegeleb mitu spetsialisti.\u00a0 Meil on v\u00f5imalused tasakaalu ja p\u00fcstiasendi ning k\u00f5nni treeninguks, k\u00e4e taasturaviks, spastilisuse raviks. Spastilisuse ravis on tulemuse [&hellip;]\" \/>\n<meta property=\"og:url\" content=\"https:\/\/www.kliinikum.ee\/taastusravi\/kliinikust\/ambulatoorse-taastusravi-osakond\/neuroloogiline-taastusravi\/\" \/>\n<meta property=\"og:site_name\" content=\"Spordimeditsiini ja taastusravi kliinik\" \/>\n<meta property=\"article:modified_time\" content=\"2023-10-17T11:20:23+00:00\" \/>\n<meta name=\"twitter:card\" content=\"summary_large_image\" \/>\n<meta name=\"twitter:label1\" content=\"Est. reading time\" \/>\n\t<meta name=\"twitter:data1\" content=\"1 minut\" \/>\n<script type=\"application\/ld+json\" class=\"yoast-schema-graph\">{\"@context\":\"https:\\\/\\\/schema.org\",\"@graph\":[{\"@type\":\"WebPage\",\"@id\":\"https:\\\/\\\/www.kliinikum.ee\\\/taastusravi\\\/kliinikust\\\/ambulatoorse-taastusravi-osakond\\\/neuroloogiline-taastusravi\\\/\",\"url\":\"https:\\\/\\\/www.kliinikum.ee\\\/taastusravi\\\/kliinikust\\\/ambulatoorse-taastusravi-osakond\\\/neuroloogiline-taastusravi\\\/\",\"name\":\"Neuroloogiline taastusravi - Spordimeditsiini ja taastusravi kliinik\",\"isPartOf\":{\"@id\":\"https:\\\/\\\/www.kliinikum.ee\\\/taastusravi\\\/#website\"},\"datePublished\":\"2023-10-17T11:16:53+00:00\",\"dateModified\":\"2023-10-17T11:20:23+00:00\",\"breadcrumb\":{\"@id\":\"https:\\\/\\\/www.kliinikum.ee\\\/taastusravi\\\/kliinikust\\\/ambulatoorse-taastusravi-osakond\\\/neuroloogiline-taastusravi\\\/#breadcrumb\"},\"inLanguage\":\"et\",\"potentialAction\":[{\"@type\":\"ReadAction\",\"target\":[\"https:\\\/\\\/www.kliinikum.ee\\\/taastusravi\\\/kliinikust\\\/ambulatoorse-taastusravi-osakond\\\/neuroloogiline-taastusravi\\\/\"]}]},{\"@type\":\"BreadcrumbList\",\"@id\":\"https:\\\/\\\/www.kliinikum.ee\\\/taastusravi\\\/kliinikust\\\/ambulatoorse-taastusravi-osakond\\\/neuroloogiline-taastusravi\\\/#breadcrumb\",\"itemListElement\":[{\"@type\":\"ListItem\",\"position\":1,\"name\":\"Home\",\"item\":\"https:\\\/\\\/www.kliinikum.ee\\\/taastusravi\\\/\"},{\"@type\":\"ListItem\",\"position\":2,\"name\":\"Osakonnad\",\"item\":\"https:\\\/\\\/www.kliinikum.ee\\\/taastusravi\\\/kliinikust\\\/\"},{\"@type\":\"ListItem\",\"position\":3,\"name\":\"Ambulatoorse taastusravi osakond\",\"item\":\"https:\\\/\\\/www.kliinikum.ee\\\/taastusravi\\\/kliinikust\\\/ambulatoorse-taastusravi-osakond\\\/\"},{\"@type\":\"ListItem\",\"position\":4,\"name\":\"Neuroloogiline taastusravi\"}]},{\"@type\":\"WebSite\",\"@id\":\"https:\\\/\\\/www.kliinikum.ee\\\/taastusravi\\\/#website\",\"url\":\"https:\\\/\\\/www.kliinikum.ee\\\/taastusravi\\\/\",\"name\":\"Spordimeditsiini ja taastusravi kliinik\",\"description\":\"Hoolivus, Uuendusmeelsus, P\u00e4devus ja Usaldusv\u00e4\u00e4rsus\",\"potentialAction\":[{\"@type\":\"SearchAction\",\"target\":{\"@type\":\"EntryPoint\",\"urlTemplate\":\"https:\\\/\\\/www.kliinikum.ee\\\/taastusravi\\\/?s={search_term_string}\"},\"query-input\":{\"@type\":\"PropertyValueSpecification\",\"valueRequired\":true,\"valueName\":\"search_term_string\"}}],\"inLanguage\":\"et\"}]}<\/script>\n<!-- \/ Yoast SEO plugin. -->","yoast_head_json":{"title":"Neuroloogiline taastusravi - Spordimeditsiini ja taastusravi kliinik","robots":{"index":"index","follow":"follow","max-snippet":"max-snippet:-1","max-image-preview":"max-image-preview:large","max-video-preview":"max-video-preview:-1"},"canonical":"https:\/\/www.kliinikum.ee\/taastusravi\/kliinikust\/ambulatoorse-taastusravi-osakond\/neuroloogiline-taastusravi\/","og_locale":"et_EE","og_type":"article","og_title":"Neuroloogiline taastusravi - Spordimeditsiini ja taastusravi kliinik","og_description":"Ambulatoorsele neuroloogilisele taastusravile on oodatud eelk\u00f5ige patsiendid, kellel on olnud \u00e4ge haigestumine v\u00f5i trauma (insult, aju- v\u00f5i seljaajutrauma, Sclerosis Multiplex, vm.), mille j\u00e4rgselt on tekkinud funktsioonih\u00e4ire ja kes vajavad kompleksset meeskonna p\u00f5hist taastusravi, kus patsiendiga tegeleb mitu spetsialisti.\u00a0 Meil on v\u00f5imalused tasakaalu ja p\u00fcstiasendi ning k\u00f5nni treeninguks, k\u00e4e taasturaviks, spastilisuse raviks. Spastilisuse ravis on tulemuse [&hellip;]","og_url":"https:\/\/www.kliinikum.ee\/taastusravi\/kliinikust\/ambulatoorse-taastusravi-osakond\/neuroloogiline-taastusravi\/","og_site_name":"Spordimeditsiini ja taastusravi kliinik","article_modified_time":"2023-10-17T11:20:23+00:00","twitter_card":"summary_large_image","twitter_misc":{"Est. reading time":"1 minut"},"schema":{"@context":"https:\/\/schema.org","@graph":[{"@type":"WebPage","@id":"https:\/\/www.kliinikum.ee\/taastusravi\/kliinikust\/ambulatoorse-taastusravi-osakond\/neuroloogiline-taastusravi\/","url":"https:\/\/www.kliinikum.ee\/taastusravi\/kliinikust\/ambulatoorse-taastusravi-osakond\/neuroloogiline-taastusravi\/","name":"Neuroloogiline taastusravi - Spordimeditsiini ja taastusravi kliinik","isPartOf":{"@id":"https:\/\/www.kliinikum.ee\/taastusravi\/#website"},"datePublished":"2023-10-17T11:16:53+00:00","dateModified":"2023-10-17T11:20:23+00:00","breadcrumb":{"@id":"https:\/\/www.kliinikum.ee\/taastusravi\/kliinikust\/ambulatoorse-taastusravi-osakond\/neuroloogiline-taastusravi\/#breadcrumb"},"inLanguage":"et","potentialAction":[{"@type":"ReadAction","target":["https:\/\/www.kliinikum.ee\/taastusravi\/kliinikust\/ambulatoorse-taastusravi-osakond\/neuroloogiline-taastusravi\/"]}]},{"@type":"BreadcrumbList","@id":"https:\/\/www.kliinikum.ee\/taastusravi\/kliinikust\/ambulatoorse-taastusravi-osakond\/neuroloogiline-taastusravi\/#breadcrumb","itemListElement":[{"@type":"ListItem","position":1,"name":"Home","item":"https:\/\/www.kliinikum.ee\/taastusravi\/"},{"@type":"ListItem","position":2,"name":"Osakonnad","item":"https:\/\/www.kliinikum.ee\/taastusravi\/kliinikust\/"},{"@type":"ListItem","position":3,"name":"Ambulatoorse taastusravi osakond","item":"https:\/\/www.kliinikum.ee\/taastusravi\/kliinikust\/ambulatoorse-taastusravi-osakond\/"},{"@type":"ListItem","position":4,"name":"Neuroloogiline taastusravi"}]},{"@type":"WebSite","@id":"https:\/\/www.kliinikum.ee\/taastusravi\/#website","url":"https:\/\/www.kliinikum.ee\/taastusravi\/","name":"Spordimeditsiini ja taastusravi kliinik","description":"Hoolivus, Uuendusmeelsus, P\u00e4devus ja Usaldusv\u00e4\u00e4rsus","potentialAction":[{"@type":"SearchAction","target":{"@type":"EntryPoint","urlTemplate":"https:\/\/www.kliinikum.ee\/taastusravi\/?s={search_term_string}"},"query-input":{"@type":"PropertyValueSpecification","valueRequired":true,"valueName":"search_term_string"}}],"inLanguage":"et"}]}},"uagb_featured_image_src":{"full":false,"thumbnail":false,"medium":false,"medium_large":false,"large":false,"1536x1536":false,"2048x2048":false},"uagb_author_info":{"display_name":"Mari S\u00f6\u00f6t","author_link":"https:\/\/www.kliinikum.ee\/taastusravi\/author\/maritar\/"},"uagb_comment_info":0,"uagb_excerpt":"Ambulatoorsele neuroloogilisele taastusravile on oodatud eelk\u00f5ige patsiendid, kellel on olnud \u00e4ge haigestumine v\u00f5i trauma (insult, aju- v\u00f5i seljaajutrauma, Sclerosis Multiplex, vm.), mille j\u00e4rgselt on tekkinud funktsioonih\u00e4ire ja kes vajavad kompleksset meeskonna p\u00f5hist taastusravi, kus patsiendiga tegeleb mitu spetsialisti.\u00a0 Meil on v\u00f5imalused tasakaalu ja p\u00fcstiasendi ning k\u00f5nni treeninguks, k\u00e4e taasturaviks, spastilisuse raviks. Spastilisuse ravis on tulemuse&hellip;","_links":{"self":[{"href":"https:\/\/www.kliinikum.ee\/taastusravi\/wp-json\/wp\/v2\/pages\/6437","targetHints":{"allow":["GET"]}}],"collection":[{"href":"https:\/\/www.kliinikum.ee\/taastusravi\/wp-json\/wp\/v2\/pages"}],"about":[{"href":"https:\/\/www.kliinikum.ee\/taastusravi\/wp-json\/wp\/v2\/types\/page"}],"author":[{"embeddable":true,"href":"https:\/\/www.kliinikum.ee\/taastusravi\/wp-json\/wp\/v2\/users\/30"}],"replies":[{"embeddable":true,"href":"https:\/\/www.kliinikum.ee\/taastusravi\/wp-json\/wp\/v2\/comments?post=6437"}],"version-history":[{"count":0,"href":"https:\/\/www.kliinikum.ee\/taastusravi\/wp-json\/wp\/v2\/pages\/6437\/revisions"}],"up":[{"embeddable":true,"href":"https:\/\/www.kliinikum.ee\/taastusravi\/wp-json\/wp\/v2\/pages\/6385"}],"wp:attachment":[{"href":"https:\/\/www.kliinikum.ee\/taastusravi\/wp-json\/wp\/v2\/media?parent=6437"}],"curies":[{"name":"wp","href":"https:\/\/api.w.org\/{rel}","templated":true}]}}