{"id":6444,"date":"2023-10-17T13:24:34","date_gmt":"2023-10-17T11:24:34","guid":{"rendered":"https:\/\/www.kliinikum.ee\/taastusravi\/?page_id=6444"},"modified":"2023-10-17T13:26:05","modified_gmt":"2023-10-17T11:26:05","slug":"vaagnapohja-probleemid","status":"publish","type":"page","link":"https:\/\/www.kliinikum.ee\/taastusravi\/kliinikust\/ambulatoorse-taastusravi-osakond\/vaagnapohja-probleemid\/","title":{"rendered":"Vaagnap\u00f5hja probleemid"},"content":{"rendered":"\n<div class=\"wp-block-group has-global-padding\"><div class=\"wp-block-group__inner-container is-layout-constrained wp-block-group-is-layout-constrained\">\n<p>Vaagnap\u00f5hja funktsioonih\u00e4ire v\u00f5ib avalduda uriinipidamatuse, k\u00f5hukinnisuse ja raskendatud defekatsioonina, erinevate valus\u00fcndroomidena vaagna piirkonnas ning samuti seksuaaleluh\u00e4iretena.<\/p>\n\n\n\n<p><strong>Ootame eelk\u00f5ige eriarstide poolt suunatud patsiente, kellele on teostatud asjakohased uuringud.<\/strong><\/p>\n\n\n\n<p><strong>Registreerimisel telefonil 7319100 k\u00fcsida vaagnap\u00f5hja aega taastusarst dr Teele Kaarma-T\u00f5nne vastuv\u00f5tule <\/strong>\u2013 nii saab patsient aja esmasele vaagnap\u00f5hja ajale, millele j\u00e4rgneb koheselt vaagnap\u00f5hja f\u00fcsioterapeudi vastuv\u00f5tt (60 min). Vaagap\u00f5hja f\u00fcsioteraapia\u00a0 on vaagnap\u00f5hja h\u00e4irete leevendamiseks ja funktsioonide taastamiseks v\u00f5i toetamiseks.<\/p>\n<\/div><\/div>\n","protected":false},"excerpt":{"rendered":"<p>Vaagnap\u00f5hja funktsioonih\u00e4ire v\u00f5ib avalduda uriinipidamatuse, k\u00f5hukinnisuse ja raskendatud defekatsioonina, erinevate valus\u00fcndroomidena vaagna piirkonnas ning samuti seksuaaleluh\u00e4iretena. Ootame eelk\u00f5ige eriarstide poolt suunatud patsiente, kellele on teostatud asjakohased uuringud. Registreerimisel telefonil 7319100 k\u00fcsida vaagnap\u00f5hja aega taastusarst dr Teele Kaarma-T\u00f5nne vastuv\u00f5tule \u2013 nii saab patsient aja esmasele vaagnap\u00f5hja ajale, millele j\u00e4rgneb koheselt vaagnap\u00f5hja f\u00fcsioterapeudi vastuv\u00f5tt (60 min). Vaagap\u00f5hja [&hellip;]<\/p>\n","protected":false},"author":30,"featured_media":0,"parent":6385,"menu_order":8,"comment_status":"closed","ping_status":"closed","template":"","meta":{"_acf_changed":false,"_uag_custom_page_level_css":"","footnotes":""},"class_list":["post-6444","page","type-page","status-publish","hentry"],"acf":[],"yoast_head":"<!-- This site is optimized with the Yoast SEO plugin v27.5 - https:\/\/yoast.com\/product\/yoast-seo-wordpress\/ -->\n<title>Vaagnap\u00f5hja probleemid - Spordimeditsiini ja taastusravi kliinik<\/title>\n<meta name=\"robots\" content=\"index, follow, max-snippet:-1, max-image-preview:large, max-video-preview:-1\" \/>\n<link rel=\"canonical\" href=\"https:\/\/www.kliinikum.ee\/taastusravi\/kliinikust\/ambulatoorse-taastusravi-osakond\/vaagnapohja-probleemid\/\" \/>\n<meta property=\"og:locale\" content=\"et_EE\" \/>\n<meta property=\"og:type\" content=\"article\" \/>\n<meta property=\"og:title\" content=\"Vaagnap\u00f5hja probleemid - Spordimeditsiini ja taastusravi kliinik\" \/>\n<meta property=\"og:description\" content=\"Vaagnap\u00f5hja funktsioonih\u00e4ire v\u00f5ib avalduda uriinipidamatuse, k\u00f5hukinnisuse ja raskendatud defekatsioonina, erinevate valus\u00fcndroomidena vaagna piirkonnas ning samuti seksuaaleluh\u00e4iretena. Ootame eelk\u00f5ige eriarstide poolt suunatud patsiente, kellele on teostatud asjakohased uuringud. Registreerimisel telefonil 7319100 k\u00fcsida vaagnap\u00f5hja aega taastusarst dr Teele Kaarma-T\u00f5nne vastuv\u00f5tule \u2013 nii saab patsient aja esmasele vaagnap\u00f5hja ajale, millele j\u00e4rgneb koheselt vaagnap\u00f5hja f\u00fcsioterapeudi vastuv\u00f5tt (60 min). Vaagap\u00f5hja [&hellip;]\" \/>\n<meta property=\"og:url\" content=\"https:\/\/www.kliinikum.ee\/taastusravi\/kliinikust\/ambulatoorse-taastusravi-osakond\/vaagnapohja-probleemid\/\" \/>\n<meta property=\"og:site_name\" content=\"Spordimeditsiini ja taastusravi kliinik\" \/>\n<meta property=\"article:modified_time\" content=\"2023-10-17T11:26:05+00:00\" \/>\n<meta name=\"twitter:card\" content=\"summary_large_image\" \/>\n<meta name=\"twitter:label1\" content=\"Est. reading time\" \/>\n\t<meta name=\"twitter:data1\" content=\"1 minut\" \/>\n<script type=\"application\/ld+json\" class=\"yoast-schema-graph\">{\"@context\":\"https:\\\/\\\/schema.org\",\"@graph\":[{\"@type\":\"WebPage\",\"@id\":\"https:\\\/\\\/www.kliinikum.ee\\\/taastusravi\\\/kliinikust\\\/ambulatoorse-taastusravi-osakond\\\/vaagnapohja-probleemid\\\/\",\"url\":\"https:\\\/\\\/www.kliinikum.ee\\\/taastusravi\\\/kliinikust\\\/ambulatoorse-taastusravi-osakond\\\/vaagnapohja-probleemid\\\/\",\"name\":\"Vaagnap\u00f5hja probleemid - Spordimeditsiini ja taastusravi kliinik\",\"isPartOf\":{\"@id\":\"https:\\\/\\\/www.kliinikum.ee\\\/taastusravi\\\/#website\"},\"datePublished\":\"2023-10-17T11:24:34+00:00\",\"dateModified\":\"2023-10-17T11:26:05+00:00\",\"breadcrumb\":{\"@id\":\"https:\\\/\\\/www.kliinikum.ee\\\/taastusravi\\\/kliinikust\\\/ambulatoorse-taastusravi-osakond\\\/vaagnapohja-probleemid\\\/#breadcrumb\"},\"inLanguage\":\"et\",\"potentialAction\":[{\"@type\":\"ReadAction\",\"target\":[\"https:\\\/\\\/www.kliinikum.ee\\\/taastusravi\\\/kliinikust\\\/ambulatoorse-taastusravi-osakond\\\/vaagnapohja-probleemid\\\/\"]}]},{\"@type\":\"BreadcrumbList\",\"@id\":\"https:\\\/\\\/www.kliinikum.ee\\\/taastusravi\\\/kliinikust\\\/ambulatoorse-taastusravi-osakond\\\/vaagnapohja-probleemid\\\/#breadcrumb\",\"itemListElement\":[{\"@type\":\"ListItem\",\"position\":1,\"name\":\"Home\",\"item\":\"https:\\\/\\\/www.kliinikum.ee\\\/taastusravi\\\/\"},{\"@type\":\"ListItem\",\"position\":2,\"name\":\"Osakonnad\",\"item\":\"https:\\\/\\\/www.kliinikum.ee\\\/taastusravi\\\/kliinikust\\\/\"},{\"@type\":\"ListItem\",\"position\":3,\"name\":\"Ambulatoorse taastusravi osakond\",\"item\":\"https:\\\/\\\/www.kliinikum.ee\\\/taastusravi\\\/kliinikust\\\/ambulatoorse-taastusravi-osakond\\\/\"},{\"@type\":\"ListItem\",\"position\":4,\"name\":\"Vaagnap\u00f5hja probleemid\"}]},{\"@type\":\"WebSite\",\"@id\":\"https:\\\/\\\/www.kliinikum.ee\\\/taastusravi\\\/#website\",\"url\":\"https:\\\/\\\/www.kliinikum.ee\\\/taastusravi\\\/\",\"name\":\"Spordimeditsiini ja taastusravi kliinik\",\"description\":\"Hoolivus, Uuendusmeelsus, P\u00e4devus ja Usaldusv\u00e4\u00e4rsus\",\"potentialAction\":[{\"@type\":\"SearchAction\",\"target\":{\"@type\":\"EntryPoint\",\"urlTemplate\":\"https:\\\/\\\/www.kliinikum.ee\\\/taastusravi\\\/?s={search_term_string}\"},\"query-input\":{\"@type\":\"PropertyValueSpecification\",\"valueRequired\":true,\"valueName\":\"search_term_string\"}}],\"inLanguage\":\"et\"}]}<\/script>\n<!-- \/ Yoast SEO plugin. -->","yoast_head_json":{"title":"Vaagnap\u00f5hja probleemid - Spordimeditsiini ja taastusravi kliinik","robots":{"index":"index","follow":"follow","max-snippet":"max-snippet:-1","max-image-preview":"max-image-preview:large","max-video-preview":"max-video-preview:-1"},"canonical":"https:\/\/www.kliinikum.ee\/taastusravi\/kliinikust\/ambulatoorse-taastusravi-osakond\/vaagnapohja-probleemid\/","og_locale":"et_EE","og_type":"article","og_title":"Vaagnap\u00f5hja probleemid - Spordimeditsiini ja taastusravi kliinik","og_description":"Vaagnap\u00f5hja funktsioonih\u00e4ire v\u00f5ib avalduda uriinipidamatuse, k\u00f5hukinnisuse ja raskendatud defekatsioonina, erinevate valus\u00fcndroomidena vaagna piirkonnas ning samuti seksuaaleluh\u00e4iretena. Ootame eelk\u00f5ige eriarstide poolt suunatud patsiente, kellele on teostatud asjakohased uuringud. Registreerimisel telefonil 7319100 k\u00fcsida vaagnap\u00f5hja aega taastusarst dr Teele Kaarma-T\u00f5nne vastuv\u00f5tule \u2013 nii saab patsient aja esmasele vaagnap\u00f5hja ajale, millele j\u00e4rgneb koheselt vaagnap\u00f5hja f\u00fcsioterapeudi vastuv\u00f5tt (60 min). Vaagap\u00f5hja [&hellip;]","og_url":"https:\/\/www.kliinikum.ee\/taastusravi\/kliinikust\/ambulatoorse-taastusravi-osakond\/vaagnapohja-probleemid\/","og_site_name":"Spordimeditsiini ja taastusravi kliinik","article_modified_time":"2023-10-17T11:26:05+00:00","twitter_card":"summary_large_image","twitter_misc":{"Est. reading time":"1 minut"},"schema":{"@context":"https:\/\/schema.org","@graph":[{"@type":"WebPage","@id":"https:\/\/www.kliinikum.ee\/taastusravi\/kliinikust\/ambulatoorse-taastusravi-osakond\/vaagnapohja-probleemid\/","url":"https:\/\/www.kliinikum.ee\/taastusravi\/kliinikust\/ambulatoorse-taastusravi-osakond\/vaagnapohja-probleemid\/","name":"Vaagnap\u00f5hja probleemid - Spordimeditsiini ja taastusravi kliinik","isPartOf":{"@id":"https:\/\/www.kliinikum.ee\/taastusravi\/#website"},"datePublished":"2023-10-17T11:24:34+00:00","dateModified":"2023-10-17T11:26:05+00:00","breadcrumb":{"@id":"https:\/\/www.kliinikum.ee\/taastusravi\/kliinikust\/ambulatoorse-taastusravi-osakond\/vaagnapohja-probleemid\/#breadcrumb"},"inLanguage":"et","potentialAction":[{"@type":"ReadAction","target":["https:\/\/www.kliinikum.ee\/taastusravi\/kliinikust\/ambulatoorse-taastusravi-osakond\/vaagnapohja-probleemid\/"]}]},{"@type":"BreadcrumbList","@id":"https:\/\/www.kliinikum.ee\/taastusravi\/kliinikust\/ambulatoorse-taastusravi-osakond\/vaagnapohja-probleemid\/#breadcrumb","itemListElement":[{"@type":"ListItem","position":1,"name":"Home","item":"https:\/\/www.kliinikum.ee\/taastusravi\/"},{"@type":"ListItem","position":2,"name":"Osakonnad","item":"https:\/\/www.kliinikum.ee\/taastusravi\/kliinikust\/"},{"@type":"ListItem","position":3,"name":"Ambulatoorse taastusravi osakond","item":"https:\/\/www.kliinikum.ee\/taastusravi\/kliinikust\/ambulatoorse-taastusravi-osakond\/"},{"@type":"ListItem","position":4,"name":"Vaagnap\u00f5hja probleemid"}]},{"@type":"WebSite","@id":"https:\/\/www.kliinikum.ee\/taastusravi\/#website","url":"https:\/\/www.kliinikum.ee\/taastusravi\/","name":"Spordimeditsiini ja taastusravi kliinik","description":"Hoolivus, Uuendusmeelsus, P\u00e4devus ja Usaldusv\u00e4\u00e4rsus","potentialAction":[{"@type":"SearchAction","target":{"@type":"EntryPoint","urlTemplate":"https:\/\/www.kliinikum.ee\/taastusravi\/?s={search_term_string}"},"query-input":{"@type":"PropertyValueSpecification","valueRequired":true,"valueName":"search_term_string"}}],"inLanguage":"et"}]}},"uagb_featured_image_src":{"full":false,"thumbnail":false,"medium":false,"medium_large":false,"large":false,"1536x1536":false,"2048x2048":false},"uagb_author_info":{"display_name":"Mari S\u00f6\u00f6t","author_link":"https:\/\/www.kliinikum.ee\/taastusravi\/author\/maritar\/"},"uagb_comment_info":0,"uagb_excerpt":"Vaagnap\u00f5hja funktsioonih\u00e4ire v\u00f5ib avalduda uriinipidamatuse, k\u00f5hukinnisuse ja raskendatud defekatsioonina, erinevate valus\u00fcndroomidena vaagna piirkonnas ning samuti seksuaaleluh\u00e4iretena. Ootame eelk\u00f5ige eriarstide poolt suunatud patsiente, kellele on teostatud asjakohased uuringud. Registreerimisel telefonil 7319100 k\u00fcsida vaagnap\u00f5hja aega taastusarst dr Teele Kaarma-T\u00f5nne vastuv\u00f5tule \u2013 nii saab patsient aja esmasele vaagnap\u00f5hja ajale, millele j\u00e4rgneb koheselt vaagnap\u00f5hja f\u00fcsioterapeudi vastuv\u00f5tt (60 min). Vaagap\u00f5hja&hellip;","_links":{"self":[{"href":"https:\/\/www.kliinikum.ee\/taastusravi\/wp-json\/wp\/v2\/pages\/6444","targetHints":{"allow":["GET"]}}],"collection":[{"href":"https:\/\/www.kliinikum.ee\/taastusravi\/wp-json\/wp\/v2\/pages"}],"about":[{"href":"https:\/\/www.kliinikum.ee\/taastusravi\/wp-json\/wp\/v2\/types\/page"}],"author":[{"embeddable":true,"href":"https:\/\/www.kliinikum.ee\/taastusravi\/wp-json\/wp\/v2\/users\/30"}],"replies":[{"embeddable":true,"href":"https:\/\/www.kliinikum.ee\/taastusravi\/wp-json\/wp\/v2\/comments?post=6444"}],"version-history":[{"count":0,"href":"https:\/\/www.kliinikum.ee\/taastusravi\/wp-json\/wp\/v2\/pages\/6444\/revisions"}],"up":[{"embeddable":true,"href":"https:\/\/www.kliinikum.ee\/taastusravi\/wp-json\/wp\/v2\/pages\/6385"}],"wp:attachment":[{"href":"https:\/\/www.kliinikum.ee\/taastusravi\/wp-json\/wp\/v2\/media?parent=6444"}],"curies":[{"name":"wp","href":"https:\/\/api.w.org\/{rel}","templated":true}]}}