{"id":6462,"date":"2023-10-18T08:15:12","date_gmt":"2023-10-18T06:15:12","guid":{"rendered":"https:\/\/www.kliinikum.ee\/taastusravi\/?page_id=6462"},"modified":"2025-09-03T09:40:39","modified_gmt":"2025-09-03T07:40:39","slug":"suunavale-raviarstile-stats-taastus","status":"publish","type":"page","link":"https:\/\/www.kliinikum.ee\/taastusravi\/suunavaleraviarstile\/suunavale-raviarstile-stats-taastus\/","title":{"rendered":"Statsionaarsele taastusravile"},"content":{"rendered":"\n<p>Statsionaarsele taastusravile suunatakse patsient, kes vajab kompleksset k\u00e4sitlust \u00e4geda\/kroonilise haiguse\/trauma tagaj\u00e4rjel tekkinud m\u00f5\u00f5dukate ja\/v\u00f5i raskete funktsioonih\u00e4irete t\u00f5ttu. Suunamine toimub eri- v\u00f5i perearsti saatekirja alusel.<br><br>Broneerimisel on n\u00f5utav t\u00e4ita ja saata j\u00e4rgnev <strong><a href=\"https:\/\/www.kliinikum.ee\/taastusravi\/wp-content\/uploads\/2025\/05\/Statsionaarsele-taastusravile-broneerimine-kodulehele.docx\">vorm<\/a>. <\/strong><br><br>Statsionaarsele taastusravile koha broneerimiseks palume v\u00f5tta \u00fchendust osakonna<strong> \u00f5de-koordinaatoriga<\/strong>: \u00dclle Pihor<strong> telefon 731 8989\/ 53318989<\/strong> v\u00f5i e-maili teel <a href=\"mailto:stats.taastusravi@kliinikum.ee\"><strong>stats.taastusravi@kliinikum.ee<\/strong><\/a> <\/p>\n\n\n\n<p><br>Kompleksset taastusravi pakub meeskond, mille koosseisus on taastusarstid, f\u00fcsioterapeudid, tegevusterapeudid, logopeedid, ps\u00fchholoogid, l\u00fcmfiterapeut, \u00f5ed, hooldajad ja sotsiaalt\u00f6\u00f6taja.<br><br><strong>Statsionaarset taastusravi vajab patsient, kellel esineb v\u00e4hemalt \u00fcks m\u00f5\u00f5dukas v\u00f5i raskekujuline funktsioonih\u00e4ire j\u00e4rgnevast loetelust:<\/strong><br> - m\u00f5\u00f5dukas v\u00f5i raske liikumis- ja\/v\u00f5i siirdumisfunktsiooni h\u00e4ire<br> - k\u00f5ne-ja\/v\u00f5i neelamisfunktsiooni h\u00e4ire<br> - meelolu- ja\/v\u00f5i kognitiivsete funktsioonide h\u00e4ire<br> - p\u00f5ie- ja\/v\u00f5i soolefunktsioonide h\u00e4ire<br> - tegutsemis- ja osalusprobleemid tingituna k\u00e4e motoorika h\u00e4irest<br><br><strong>Suunamise kriteeriumid:<\/strong><br> - Patsiendi vaimne ja f\u00fc\u00fcsiline seisund v\u00f5imaldab osaleda taastusravi tegevustes v\u00e4hemalt kolm tundi p\u00e4evas.<br> - Patsient peab olema \u00f5ppimisv\u00f5imeline ja koost\u00f6\u00f6valmis.<br> - Patsient peab olema teadvusel, stabiilse hemod\u00fcnaamikaga ja ekstubeeritud v\u00e4hemalt 48 tundi enne taastusravile suunamist.<br> - Patsiendile peavad olema teostatud p\u00f5hihaiguse v\u00f5i kaasuvate haiguste ja seisundite t\u00f5ttu vajalikud uuringud ja anal\u00fc\u00fcsid ning ravi j\u00e4tkamine on v\u00f5imalik taastusravi osakonnas.<\/p>\n","protected":false},"excerpt":{"rendered":"<p>Statsionaarsele taastusravile suunatakse patsient, kes vajab kompleksset k\u00e4sitlust \u00e4geda\/kroonilise haiguse\/trauma tagaj\u00e4rjel tekkinud m\u00f5\u00f5dukate ja\/v\u00f5i raskete funktsioonih\u00e4irete t\u00f5ttu. Suunamine toimub eri- v\u00f5i perearsti saatekirja alusel. Broneerimisel on n\u00f5utav t\u00e4ita ja saata j\u00e4rgnev vorm. Statsionaarsele taastusravile koha broneerimiseks palume v\u00f5tta \u00fchendust osakonna \u00f5de-koordinaatoriga: \u00dclle Pihor telefon 731 8989\/ 53318989 v\u00f5i e-maili teel stats.taastusravi@kliinikum.ee Kompleksset taastusravi pakub meeskond, [&hellip;]<\/p>\n","protected":false},"author":30,"featured_media":0,"parent":19,"menu_order":7,"comment_status":"closed","ping_status":"closed","template":"","meta":{"_acf_changed":false,"_uag_custom_page_level_css":"","footnotes":""},"class_list":["post-6462","page","type-page","status-publish","hentry"],"acf":[],"yoast_head":"<!-- This site is optimized with the Yoast SEO plugin v27.3 - https:\/\/yoast.com\/product\/yoast-seo-wordpress\/ -->\n<title>Statsionaarsele taastusravile - Spordimeditsiini ja taastusravi kliinik<\/title>\n<meta name=\"robots\" content=\"index, follow, max-snippet:-1, max-image-preview:large, max-video-preview:-1\" \/>\n<link rel=\"canonical\" href=\"https:\/\/www.kliinikum.ee\/taastusravi\/suunavaleraviarstile\/suunavale-raviarstile-stats-taastus\/\" \/>\n<meta property=\"og:locale\" content=\"et_EE\" \/>\n<meta property=\"og:type\" content=\"article\" \/>\n<meta property=\"og:title\" content=\"Statsionaarsele taastusravile - Spordimeditsiini ja taastusravi kliinik\" \/>\n<meta property=\"og:description\" content=\"Statsionaarsele taastusravile suunatakse patsient, kes vajab kompleksset k\u00e4sitlust \u00e4geda\/kroonilise haiguse\/trauma tagaj\u00e4rjel tekkinud m\u00f5\u00f5dukate ja\/v\u00f5i raskete funktsioonih\u00e4irete t\u00f5ttu. Suunamine toimub eri- v\u00f5i perearsti saatekirja alusel. Broneerimisel on n\u00f5utav t\u00e4ita ja saata j\u00e4rgnev vorm. Statsionaarsele taastusravile koha broneerimiseks palume v\u00f5tta \u00fchendust osakonna \u00f5de-koordinaatoriga: \u00dclle Pihor telefon 731 8989\/ 53318989 v\u00f5i e-maili teel stats.taastusravi@kliinikum.ee Kompleksset taastusravi pakub meeskond, [&hellip;]\" \/>\n<meta property=\"og:url\" content=\"https:\/\/www.kliinikum.ee\/taastusravi\/suunavaleraviarstile\/suunavale-raviarstile-stats-taastus\/\" \/>\n<meta property=\"og:site_name\" content=\"Spordimeditsiini ja taastusravi kliinik\" \/>\n<meta property=\"article:modified_time\" content=\"2025-09-03T07:40:39+00:00\" \/>\n<meta name=\"twitter:card\" content=\"summary_large_image\" \/>\n<meta name=\"twitter:label1\" content=\"Est. reading time\" \/>\n\t<meta name=\"twitter:data1\" content=\"1 minut\" \/>\n<script type=\"application\/ld+json\" class=\"yoast-schema-graph\">{\"@context\":\"https:\\\/\\\/schema.org\",\"@graph\":[{\"@type\":\"WebPage\",\"@id\":\"https:\\\/\\\/www.kliinikum.ee\\\/taastusravi\\\/suunavaleraviarstile\\\/suunavale-raviarstile-stats-taastus\\\/\",\"url\":\"https:\\\/\\\/www.kliinikum.ee\\\/taastusravi\\\/suunavaleraviarstile\\\/suunavale-raviarstile-stats-taastus\\\/\",\"name\":\"Statsionaarsele taastusravile - Spordimeditsiini ja taastusravi kliinik\",\"isPartOf\":{\"@id\":\"https:\\\/\\\/www.kliinikum.ee\\\/taastusravi\\\/#website\"},\"datePublished\":\"2023-10-18T06:15:12+00:00\",\"dateModified\":\"2025-09-03T07:40:39+00:00\",\"breadcrumb\":{\"@id\":\"https:\\\/\\\/www.kliinikum.ee\\\/taastusravi\\\/suunavaleraviarstile\\\/suunavale-raviarstile-stats-taastus\\\/#breadcrumb\"},\"inLanguage\":\"et\",\"potentialAction\":[{\"@type\":\"ReadAction\",\"target\":[\"https:\\\/\\\/www.kliinikum.ee\\\/taastusravi\\\/suunavaleraviarstile\\\/suunavale-raviarstile-stats-taastus\\\/\"]}]},{\"@type\":\"BreadcrumbList\",\"@id\":\"https:\\\/\\\/www.kliinikum.ee\\\/taastusravi\\\/suunavaleraviarstile\\\/suunavale-raviarstile-stats-taastus\\\/#breadcrumb\",\"itemListElement\":[{\"@type\":\"ListItem\",\"position\":1,\"name\":\"Home\",\"item\":\"https:\\\/\\\/www.kliinikum.ee\\\/taastusravi\\\/\"},{\"@type\":\"ListItem\",\"position\":2,\"name\":\"Suunavale raviarstile\",\"item\":\"https:\\\/\\\/www.kliinikum.ee\\\/taastusravi\\\/suunavaleraviarstile\\\/\"},{\"@type\":\"ListItem\",\"position\":3,\"name\":\"Statsionaarsele taastusravile\"}]},{\"@type\":\"WebSite\",\"@id\":\"https:\\\/\\\/www.kliinikum.ee\\\/taastusravi\\\/#website\",\"url\":\"https:\\\/\\\/www.kliinikum.ee\\\/taastusravi\\\/\",\"name\":\"Spordimeditsiini ja taastusravi kliinik\",\"description\":\"Hoolivus, Uuendusmeelsus, P\u00e4devus ja Usaldusv\u00e4\u00e4rsus\",\"potentialAction\":[{\"@type\":\"SearchAction\",\"target\":{\"@type\":\"EntryPoint\",\"urlTemplate\":\"https:\\\/\\\/www.kliinikum.ee\\\/taastusravi\\\/?s={search_term_string}\"},\"query-input\":{\"@type\":\"PropertyValueSpecification\",\"valueRequired\":true,\"valueName\":\"search_term_string\"}}],\"inLanguage\":\"et\"}]}<\/script>\n<!-- \/ Yoast SEO plugin. -->","yoast_head_json":{"title":"Statsionaarsele taastusravile - Spordimeditsiini ja taastusravi kliinik","robots":{"index":"index","follow":"follow","max-snippet":"max-snippet:-1","max-image-preview":"max-image-preview:large","max-video-preview":"max-video-preview:-1"},"canonical":"https:\/\/www.kliinikum.ee\/taastusravi\/suunavaleraviarstile\/suunavale-raviarstile-stats-taastus\/","og_locale":"et_EE","og_type":"article","og_title":"Statsionaarsele taastusravile - Spordimeditsiini ja taastusravi kliinik","og_description":"Statsionaarsele taastusravile suunatakse patsient, kes vajab kompleksset k\u00e4sitlust \u00e4geda\/kroonilise haiguse\/trauma tagaj\u00e4rjel tekkinud m\u00f5\u00f5dukate ja\/v\u00f5i raskete funktsioonih\u00e4irete t\u00f5ttu. Suunamine toimub eri- v\u00f5i perearsti saatekirja alusel. Broneerimisel on n\u00f5utav t\u00e4ita ja saata j\u00e4rgnev vorm. Statsionaarsele taastusravile koha broneerimiseks palume v\u00f5tta \u00fchendust osakonna \u00f5de-koordinaatoriga: \u00dclle Pihor telefon 731 8989\/ 53318989 v\u00f5i e-maili teel stats.taastusravi@kliinikum.ee Kompleksset taastusravi pakub meeskond, [&hellip;]","og_url":"https:\/\/www.kliinikum.ee\/taastusravi\/suunavaleraviarstile\/suunavale-raviarstile-stats-taastus\/","og_site_name":"Spordimeditsiini ja taastusravi kliinik","article_modified_time":"2025-09-03T07:40:39+00:00","twitter_card":"summary_large_image","twitter_misc":{"Est. reading time":"1 minut"},"schema":{"@context":"https:\/\/schema.org","@graph":[{"@type":"WebPage","@id":"https:\/\/www.kliinikum.ee\/taastusravi\/suunavaleraviarstile\/suunavale-raviarstile-stats-taastus\/","url":"https:\/\/www.kliinikum.ee\/taastusravi\/suunavaleraviarstile\/suunavale-raviarstile-stats-taastus\/","name":"Statsionaarsele taastusravile - Spordimeditsiini ja taastusravi kliinik","isPartOf":{"@id":"https:\/\/www.kliinikum.ee\/taastusravi\/#website"},"datePublished":"2023-10-18T06:15:12+00:00","dateModified":"2025-09-03T07:40:39+00:00","breadcrumb":{"@id":"https:\/\/www.kliinikum.ee\/taastusravi\/suunavaleraviarstile\/suunavale-raviarstile-stats-taastus\/#breadcrumb"},"inLanguage":"et","potentialAction":[{"@type":"ReadAction","target":["https:\/\/www.kliinikum.ee\/taastusravi\/suunavaleraviarstile\/suunavale-raviarstile-stats-taastus\/"]}]},{"@type":"BreadcrumbList","@id":"https:\/\/www.kliinikum.ee\/taastusravi\/suunavaleraviarstile\/suunavale-raviarstile-stats-taastus\/#breadcrumb","itemListElement":[{"@type":"ListItem","position":1,"name":"Home","item":"https:\/\/www.kliinikum.ee\/taastusravi\/"},{"@type":"ListItem","position":2,"name":"Suunavale raviarstile","item":"https:\/\/www.kliinikum.ee\/taastusravi\/suunavaleraviarstile\/"},{"@type":"ListItem","position":3,"name":"Statsionaarsele taastusravile"}]},{"@type":"WebSite","@id":"https:\/\/www.kliinikum.ee\/taastusravi\/#website","url":"https:\/\/www.kliinikum.ee\/taastusravi\/","name":"Spordimeditsiini ja taastusravi kliinik","description":"Hoolivus, Uuendusmeelsus, P\u00e4devus ja Usaldusv\u00e4\u00e4rsus","potentialAction":[{"@type":"SearchAction","target":{"@type":"EntryPoint","urlTemplate":"https:\/\/www.kliinikum.ee\/taastusravi\/?s={search_term_string}"},"query-input":{"@type":"PropertyValueSpecification","valueRequired":true,"valueName":"search_term_string"}}],"inLanguage":"et"}]}},"uagb_featured_image_src":{"full":false,"thumbnail":false,"medium":false,"medium_large":false,"large":false,"1536x1536":false,"2048x2048":false},"uagb_author_info":{"display_name":"Mari S\u00f6\u00f6t","author_link":"https:\/\/www.kliinikum.ee\/taastusravi\/author\/maritar\/"},"uagb_comment_info":0,"uagb_excerpt":"Statsionaarsele taastusravile suunatakse patsient, kes vajab kompleksset k\u00e4sitlust \u00e4geda\/kroonilise haiguse\/trauma tagaj\u00e4rjel tekkinud m\u00f5\u00f5dukate ja\/v\u00f5i raskete funktsioonih\u00e4irete t\u00f5ttu. Suunamine toimub eri- v\u00f5i perearsti saatekirja alusel. Broneerimisel on n\u00f5utav t\u00e4ita ja saata j\u00e4rgnev vorm. Statsionaarsele taastusravile koha broneerimiseks palume v\u00f5tta \u00fchendust osakonna \u00f5de-koordinaatoriga: \u00dclle Pihor telefon 731 8989\/ 53318989 v\u00f5i e-maili teel stats.taastusravi@kliinikum.ee Kompleksset taastusravi pakub meeskond,&hellip;","_links":{"self":[{"href":"https:\/\/www.kliinikum.ee\/taastusravi\/wp-json\/wp\/v2\/pages\/6462","targetHints":{"allow":["GET"]}}],"collection":[{"href":"https:\/\/www.kliinikum.ee\/taastusravi\/wp-json\/wp\/v2\/pages"}],"about":[{"href":"https:\/\/www.kliinikum.ee\/taastusravi\/wp-json\/wp\/v2\/types\/page"}],"author":[{"embeddable":true,"href":"https:\/\/www.kliinikum.ee\/taastusravi\/wp-json\/wp\/v2\/users\/30"}],"replies":[{"embeddable":true,"href":"https:\/\/www.kliinikum.ee\/taastusravi\/wp-json\/wp\/v2\/comments?post=6462"}],"version-history":[{"count":0,"href":"https:\/\/www.kliinikum.ee\/taastusravi\/wp-json\/wp\/v2\/pages\/6462\/revisions"}],"up":[{"embeddable":true,"href":"https:\/\/www.kliinikum.ee\/taastusravi\/wp-json\/wp\/v2\/pages\/19"}],"wp:attachment":[{"href":"https:\/\/www.kliinikum.ee\/taastusravi\/wp-json\/wp\/v2\/media?parent=6462"}],"curies":[{"name":"wp","href":"https:\/\/api.w.org\/{rel}","templated":true}]}}