{"id":6481,"date":"2023-10-18T08:40:57","date_gmt":"2023-10-18T06:40:57","guid":{"rendered":"https:\/\/www.kliinikum.ee\/taastusravi\/?page_id=6481"},"modified":"2025-09-03T09:36:08","modified_gmt":"2025-09-03T07:36:08","slug":"suunavale-raviarstile-koduoendusele","status":"publish","type":"page","link":"https:\/\/www.kliinikum.ee\/taastusravi\/suunavaleraviarstile\/suunavale-raviarstile-koduoendusele\/","title":{"rendered":"Kodu\u00f5endusteenusele"},"content":{"rendered":"\n<p>Kodu\u00f5endusteenust (sh v\u00e4hihaigete kodust toetusravi) saavad patsiendid&nbsp;<strong>pere- v\u00f5i eriarsti saatekirja alusel Tartu linnas<\/strong>. Teenus on tasuta ravikindlustust omavatele Tartu patsientidele. Saatekiri tuleb saata meiliaadressile&nbsp;<a href=\"mailto:TAkoduoendus@kliinikum.ee\"><\/a><a href=\"mailto:TAkoduoendus@kliinikum.ee\">TAkoduoendus@kliinikum.ee<\/a>.&nbsp;<strong>Lisaks perearsti saatekirjale on vajalik ka perearsti v\u00f5i pere\u00f5e eelnev koduvisiit patsiendi juurde, et hinnata patsiendi objektiivset seisundit ja sellest tulenevalt anda kodu\u00f5ele suunised ja raviplaan.<\/strong><\/p>\n\n\n\n<div class=\"wp-block-group has-global-padding\"><div class=\"wp-block-group__inner-container is-layout-constrained wp-block-group-is-layout-constrained\">\n<p><br>Kodu\u00f5de teostab kodus vajalikke meditsiinilisi protseduure, mis on kirjas arsti poolt antud saatekirjal. Kodudes osutatavate \u00f5endusprotseduuride nimistu on m\u00e4\u00e4ratud sotsiaalministri m\u00e4\u00e4rusega.<br><strong>Kodu\u00f5enduse eesm\u00e4rgiks on:<\/strong><\/p>\n\n\n\n<ul class=\"wp-block-list\">\n<li>haiguste ravi korral \u00f5endusprotseduuride osutamine;<\/li>\n\n\n\n<li>olemasolevate oskuste s\u00e4ilitamise soodustamine;<\/li>\n\n\n\n<li>patsientide ja nende l\u00e4hedaste \u00f5petamine;<\/li>\n\n\n\n<li>tervise edendamine.<\/li>\n<\/ul>\n<\/div><\/div>\n\n\n\n<div class=\"wp-block-group has-global-padding\"><div class=\"wp-block-group__inner-container is-layout-constrained wp-block-group-is-layout-constrained\">\n<p><strong>Kodu\u00f5enduse sihtgruppi kuuluvad:<\/strong><\/p>\n\n\n\n<ul class=\"wp-block-list\">\n<li>terminaalses seisundis patsiendid, kes vajavad \u00f5endusprotseduure ning kelle l\u00e4hedased vajavad tuge ning juhendamist patsiendi hooldusel;<\/li>\n\n\n\n<li>eakad inimesed, kes p\u00f5evad kroonilisi haigusi ja vajavad ainult perioodilist arstlikku kontrolli, \u00f5endusprotseduure ning igap\u00e4evase toimetuleku \u00f5petust;<\/li>\n\n\n\n<li>patsiendid, kelle \u00e4gedast haigestumisest tingitud seisund on stabiliseerunud ja nad ei vaja enam statsionaarset ravi vaid profesionaalset rehabilitatsiooni ning \u00f5endustoiminguid.<\/li>\n<\/ul>\n<\/div><\/div>\n\n\n\n<div class=\"wp-block-group has-global-padding\"><div class=\"wp-block-group__inner-container is-layout-constrained wp-block-group-is-layout-constrained\">\n<p><strong>Teenust osutavad spetsiaalse v\u00e4lja\u00f5ppe saanud kodu\u00f5ed<\/strong>. Perearsti saatekirja alusel koostab kodu\u00f5de igale patsiendile&nbsp;<strong>\u00f5endusplaani<\/strong>, mida korrigeeritakse vastavalt patsiendi vajadustele, tervislikule- ja funktsionaalsele seisundile.<br><br>Koduse \u00f5endushoolduse l\u00e4biviimiseks peab patsiendi eluruum vastama meditsiiniliste teenuste osutamiseks vajalikele&nbsp;<strong>elementaarsetele h\u00fcgieenin\u00f5uetele<\/strong>. Koduse \u00f5endusabi teenust osutavad vastava ettevalmistuse saanud \u00f5ed (kodu\u00f5ed). Koduses \u00f5endusabis osutatakse k\u00f5iki \u00f5endus- ja hooldusteenuseid, mis ei vaja eriseadmete olemasolu v\u00f5i nende teenuste maht ei n\u00f5ua kliendi viibimist statsionaarses hooldusraviosakonnas.<\/p>\n\n\n\n<p><br><strong>Saatekirja on v\u00f5imalik t\u00e4ita EHL-s j\u00e4rgmisel lehel<\/strong>:\u00a0<a href=\"https:\/\/www.kliinikum.ee\/taastusravi\/wp-content\/uploads\/2025\/08\/SA_TUK_SAATEKIRI-ISESEISVALE-STATSIONAARSELE-OENDUSABILE-JA-KODUOENDUSTEENUSELE-vorm-1.pdf\">KODU\u00d5ETEENUSE SAATEKIRI\u00a0<\/a>, sellisel juhul palume saata t\u00e4idetud ja digitaalselt allkirjastatud saatekirjad meiliaadressil\u00a0<a href=\"mailto:TAkoduoendus@kliinikum.ee\">TAkoduoendus@kliinikum.ee<\/a>\u00a0<\/p>\n\n\n\n<p><strong>Lisaks v\u00f5ib saatekirja edastada ka Terviseportaali kaudu. Palume sellest &nbsp;teavitada meie \u00f5endusjuhti e-posti aadressil <a href=\"mailto:TAkoduoendus@kliinikum.ee\">TAkoduoendus@kliinikum.ee<\/a>.<\/strong><\/p>\n<\/div><\/div>\n\n\n\n<p><\/p>\n","protected":false},"excerpt":{"rendered":"<p>Kodu\u00f5endusteenust (sh v\u00e4hihaigete kodust toetusravi) saavad patsiendid&nbsp;pere- v\u00f5i eriarsti saatekirja alusel Tartu linnas. Teenus on tasuta ravikindlustust omavatele Tartu patsientidele. Saatekiri tuleb saata meiliaadressile&nbsp;TAkoduoendus@kliinikum.ee.&nbsp;Lisaks perearsti saatekirjale on vajalik ka perearsti v\u00f5i pere\u00f5e eelnev koduvisiit patsiendi juurde, et hinnata patsiendi objektiivset seisundit ja sellest tulenevalt anda kodu\u00f5ele suunised ja raviplaan. Kodu\u00f5de teostab kodus vajalikke meditsiinilisi protseduure, [&hellip;]<\/p>\n","protected":false},"author":30,"featured_media":0,"parent":19,"menu_order":1,"comment_status":"closed","ping_status":"closed","template":"","meta":{"_acf_changed":false,"_uag_custom_page_level_css":"","footnotes":""},"class_list":["post-6481","page","type-page","status-publish","hentry"],"acf":[],"yoast_head":"<!-- This site is optimized with the Yoast SEO plugin v27.3 - https:\/\/yoast.com\/product\/yoast-seo-wordpress\/ -->\n<title>Kodu\u00f5endusteenusele - Spordimeditsiini ja taastusravi kliinik<\/title>\n<meta name=\"robots\" content=\"index, follow, max-snippet:-1, max-image-preview:large, max-video-preview:-1\" \/>\n<link rel=\"canonical\" href=\"https:\/\/www.kliinikum.ee\/taastusravi\/suunavaleraviarstile\/suunavale-raviarstile-koduoendusele\/\" \/>\n<meta property=\"og:locale\" content=\"et_EE\" \/>\n<meta property=\"og:type\" content=\"article\" \/>\n<meta property=\"og:title\" content=\"Kodu\u00f5endusteenusele - Spordimeditsiini ja taastusravi kliinik\" \/>\n<meta property=\"og:description\" content=\"Kodu\u00f5endusteenust (sh v\u00e4hihaigete kodust toetusravi) saavad patsiendid&nbsp;pere- v\u00f5i eriarsti saatekirja alusel Tartu linnas. Teenus on tasuta ravikindlustust omavatele Tartu patsientidele. Saatekiri tuleb saata meiliaadressile&nbsp;TAkoduoendus@kliinikum.ee.&nbsp;Lisaks perearsti saatekirjale on vajalik ka perearsti v\u00f5i pere\u00f5e eelnev koduvisiit patsiendi juurde, et hinnata patsiendi objektiivset seisundit ja sellest tulenevalt anda kodu\u00f5ele suunised ja raviplaan. Kodu\u00f5de teostab kodus vajalikke meditsiinilisi protseduure, [&hellip;]\" \/>\n<meta property=\"og:url\" content=\"https:\/\/www.kliinikum.ee\/taastusravi\/suunavaleraviarstile\/suunavale-raviarstile-koduoendusele\/\" \/>\n<meta property=\"og:site_name\" content=\"Spordimeditsiini ja taastusravi kliinik\" \/>\n<meta property=\"article:modified_time\" content=\"2025-09-03T07:36:08+00:00\" \/>\n<meta name=\"twitter:card\" content=\"summary_large_image\" \/>\n<meta name=\"twitter:label1\" content=\"Est. reading time\" \/>\n\t<meta name=\"twitter:data1\" content=\"2 minutit\" \/>\n<script type=\"application\/ld+json\" class=\"yoast-schema-graph\">{\"@context\":\"https:\\\/\\\/schema.org\",\"@graph\":[{\"@type\":\"WebPage\",\"@id\":\"https:\\\/\\\/www.kliinikum.ee\\\/taastusravi\\\/suunavaleraviarstile\\\/suunavale-raviarstile-koduoendusele\\\/\",\"url\":\"https:\\\/\\\/www.kliinikum.ee\\\/taastusravi\\\/suunavaleraviarstile\\\/suunavale-raviarstile-koduoendusele\\\/\",\"name\":\"Kodu\u00f5endusteenusele - Spordimeditsiini ja taastusravi kliinik\",\"isPartOf\":{\"@id\":\"https:\\\/\\\/www.kliinikum.ee\\\/taastusravi\\\/#website\"},\"datePublished\":\"2023-10-18T06:40:57+00:00\",\"dateModified\":\"2025-09-03T07:36:08+00:00\",\"breadcrumb\":{\"@id\":\"https:\\\/\\\/www.kliinikum.ee\\\/taastusravi\\\/suunavaleraviarstile\\\/suunavale-raviarstile-koduoendusele\\\/#breadcrumb\"},\"inLanguage\":\"et\",\"potentialAction\":[{\"@type\":\"ReadAction\",\"target\":[\"https:\\\/\\\/www.kliinikum.ee\\\/taastusravi\\\/suunavaleraviarstile\\\/suunavale-raviarstile-koduoendusele\\\/\"]}]},{\"@type\":\"BreadcrumbList\",\"@id\":\"https:\\\/\\\/www.kliinikum.ee\\\/taastusravi\\\/suunavaleraviarstile\\\/suunavale-raviarstile-koduoendusele\\\/#breadcrumb\",\"itemListElement\":[{\"@type\":\"ListItem\",\"position\":1,\"name\":\"Home\",\"item\":\"https:\\\/\\\/www.kliinikum.ee\\\/taastusravi\\\/\"},{\"@type\":\"ListItem\",\"position\":2,\"name\":\"Suunavale raviarstile\",\"item\":\"https:\\\/\\\/www.kliinikum.ee\\\/taastusravi\\\/suunavaleraviarstile\\\/\"},{\"@type\":\"ListItem\",\"position\":3,\"name\":\"Kodu\u00f5endusteenusele\"}]},{\"@type\":\"WebSite\",\"@id\":\"https:\\\/\\\/www.kliinikum.ee\\\/taastusravi\\\/#website\",\"url\":\"https:\\\/\\\/www.kliinikum.ee\\\/taastusravi\\\/\",\"name\":\"Spordimeditsiini ja taastusravi kliinik\",\"description\":\"Hoolivus, Uuendusmeelsus, P\u00e4devus ja Usaldusv\u00e4\u00e4rsus\",\"potentialAction\":[{\"@type\":\"SearchAction\",\"target\":{\"@type\":\"EntryPoint\",\"urlTemplate\":\"https:\\\/\\\/www.kliinikum.ee\\\/taastusravi\\\/?s={search_term_string}\"},\"query-input\":{\"@type\":\"PropertyValueSpecification\",\"valueRequired\":true,\"valueName\":\"search_term_string\"}}],\"inLanguage\":\"et\"}]}<\/script>\n<!-- \/ Yoast SEO plugin. -->","yoast_head_json":{"title":"Kodu\u00f5endusteenusele - Spordimeditsiini ja taastusravi kliinik","robots":{"index":"index","follow":"follow","max-snippet":"max-snippet:-1","max-image-preview":"max-image-preview:large","max-video-preview":"max-video-preview:-1"},"canonical":"https:\/\/www.kliinikum.ee\/taastusravi\/suunavaleraviarstile\/suunavale-raviarstile-koduoendusele\/","og_locale":"et_EE","og_type":"article","og_title":"Kodu\u00f5endusteenusele - Spordimeditsiini ja taastusravi kliinik","og_description":"Kodu\u00f5endusteenust (sh v\u00e4hihaigete kodust toetusravi) saavad patsiendid&nbsp;pere- v\u00f5i eriarsti saatekirja alusel Tartu linnas. Teenus on tasuta ravikindlustust omavatele Tartu patsientidele. Saatekiri tuleb saata meiliaadressile&nbsp;TAkoduoendus@kliinikum.ee.&nbsp;Lisaks perearsti saatekirjale on vajalik ka perearsti v\u00f5i pere\u00f5e eelnev koduvisiit patsiendi juurde, et hinnata patsiendi objektiivset seisundit ja sellest tulenevalt anda kodu\u00f5ele suunised ja raviplaan. Kodu\u00f5de teostab kodus vajalikke meditsiinilisi protseduure, [&hellip;]","og_url":"https:\/\/www.kliinikum.ee\/taastusravi\/suunavaleraviarstile\/suunavale-raviarstile-koduoendusele\/","og_site_name":"Spordimeditsiini ja taastusravi kliinik","article_modified_time":"2025-09-03T07:36:08+00:00","twitter_card":"summary_large_image","twitter_misc":{"Est. reading time":"2 minutit"},"schema":{"@context":"https:\/\/schema.org","@graph":[{"@type":"WebPage","@id":"https:\/\/www.kliinikum.ee\/taastusravi\/suunavaleraviarstile\/suunavale-raviarstile-koduoendusele\/","url":"https:\/\/www.kliinikum.ee\/taastusravi\/suunavaleraviarstile\/suunavale-raviarstile-koduoendusele\/","name":"Kodu\u00f5endusteenusele - Spordimeditsiini ja taastusravi kliinik","isPartOf":{"@id":"https:\/\/www.kliinikum.ee\/taastusravi\/#website"},"datePublished":"2023-10-18T06:40:57+00:00","dateModified":"2025-09-03T07:36:08+00:00","breadcrumb":{"@id":"https:\/\/www.kliinikum.ee\/taastusravi\/suunavaleraviarstile\/suunavale-raviarstile-koduoendusele\/#breadcrumb"},"inLanguage":"et","potentialAction":[{"@type":"ReadAction","target":["https:\/\/www.kliinikum.ee\/taastusravi\/suunavaleraviarstile\/suunavale-raviarstile-koduoendusele\/"]}]},{"@type":"BreadcrumbList","@id":"https:\/\/www.kliinikum.ee\/taastusravi\/suunavaleraviarstile\/suunavale-raviarstile-koduoendusele\/#breadcrumb","itemListElement":[{"@type":"ListItem","position":1,"name":"Home","item":"https:\/\/www.kliinikum.ee\/taastusravi\/"},{"@type":"ListItem","position":2,"name":"Suunavale raviarstile","item":"https:\/\/www.kliinikum.ee\/taastusravi\/suunavaleraviarstile\/"},{"@type":"ListItem","position":3,"name":"Kodu\u00f5endusteenusele"}]},{"@type":"WebSite","@id":"https:\/\/www.kliinikum.ee\/taastusravi\/#website","url":"https:\/\/www.kliinikum.ee\/taastusravi\/","name":"Spordimeditsiini ja taastusravi kliinik","description":"Hoolivus, Uuendusmeelsus, P\u00e4devus ja Usaldusv\u00e4\u00e4rsus","potentialAction":[{"@type":"SearchAction","target":{"@type":"EntryPoint","urlTemplate":"https:\/\/www.kliinikum.ee\/taastusravi\/?s={search_term_string}"},"query-input":{"@type":"PropertyValueSpecification","valueRequired":true,"valueName":"search_term_string"}}],"inLanguage":"et"}]}},"uagb_featured_image_src":{"full":false,"thumbnail":false,"medium":false,"medium_large":false,"large":false,"1536x1536":false,"2048x2048":false},"uagb_author_info":{"display_name":"Mari S\u00f6\u00f6t","author_link":"https:\/\/www.kliinikum.ee\/taastusravi\/author\/maritar\/"},"uagb_comment_info":0,"uagb_excerpt":"Kodu\u00f5endusteenust (sh v\u00e4hihaigete kodust toetusravi) saavad patsiendid&nbsp;pere- v\u00f5i eriarsti saatekirja alusel Tartu linnas. Teenus on tasuta ravikindlustust omavatele Tartu patsientidele. Saatekiri tuleb saata meiliaadressile&nbsp;TAkoduoendus@kliinikum.ee.&nbsp;Lisaks perearsti saatekirjale on vajalik ka perearsti v\u00f5i pere\u00f5e eelnev koduvisiit patsiendi juurde, et hinnata patsiendi objektiivset seisundit ja sellest tulenevalt anda kodu\u00f5ele suunised ja raviplaan. Kodu\u00f5de teostab kodus vajalikke meditsiinilisi protseduure,&hellip;","_links":{"self":[{"href":"https:\/\/www.kliinikum.ee\/taastusravi\/wp-json\/wp\/v2\/pages\/6481","targetHints":{"allow":["GET"]}}],"collection":[{"href":"https:\/\/www.kliinikum.ee\/taastusravi\/wp-json\/wp\/v2\/pages"}],"about":[{"href":"https:\/\/www.kliinikum.ee\/taastusravi\/wp-json\/wp\/v2\/types\/page"}],"author":[{"embeddable":true,"href":"https:\/\/www.kliinikum.ee\/taastusravi\/wp-json\/wp\/v2\/users\/30"}],"replies":[{"embeddable":true,"href":"https:\/\/www.kliinikum.ee\/taastusravi\/wp-json\/wp\/v2\/comments?post=6481"}],"version-history":[{"count":0,"href":"https:\/\/www.kliinikum.ee\/taastusravi\/wp-json\/wp\/v2\/pages\/6481\/revisions"}],"up":[{"embeddable":true,"href":"https:\/\/www.kliinikum.ee\/taastusravi\/wp-json\/wp\/v2\/pages\/19"}],"wp:attachment":[{"href":"https:\/\/www.kliinikum.ee\/taastusravi\/wp-json\/wp\/v2\/media?parent=6481"}],"curies":[{"name":"wp","href":"https:\/\/api.w.org\/{rel}","templated":true}]}}