{"id":6484,"date":"2023-10-18T08:44:30","date_gmt":"2023-10-18T06:44:30","guid":{"rendered":"https:\/\/www.kliinikum.ee\/taastusravi\/?page_id=6484"},"modified":"2026-05-06T09:46:53","modified_gmt":"2026-05-06T07:46:53","slug":"patsiendile","status":"publish","type":"page","link":"https:\/\/www.kliinikum.ee\/taastusravi\/kliinikust\/tootervishoiu-osakond\/patsiendile\/","title":{"rendered":"Patsiendile"},"content":{"rendered":"\n<p>T\u00f6\u00f6tervishoiuarsti vastuv\u00f5tule suunab oma t\u00f6\u00f6tajad t\u00f6\u00f6andja.<strong> <\/strong>Vastavalt EV \u201e<a href=\"https:\/\/www.riigiteataja.ee\/akt\/102052024029?leiaKehtiv\">T\u00f6\u00f6tervishoiu ja t\u00f6\u00f6ohutuse seadusele<\/a>\u201c&nbsp;on t\u00f6\u00f6andja kohustatud v\u00f5imaldama t\u00f6\u00f6tajatele tervisekontrolli vastavalt t\u00f6\u00f6tervishoiuarsti m\u00e4\u00e4ratud ajavahemikule, kuid mitte harvem kui \u00fcks kord kolme aasta jooksul. Alaealise t\u00f6\u00f6taja puhul tuleb terviskontroll l\u00e4bi viia mitte harvem, kui \u00fcks kord kahe aasta jooksul. Esmane tervisekontroll tuleb l\u00e4bi viia t\u00f6\u00f6le asumisest alates nelja kuu jooksul. T\u00f6\u00f6andja kannab t\u00f6\u00f6tervishoiuteenuse osutamisega seotud kulud. T\u00f6\u00f6tajate tervisekontroll tehakse t\u00f6\u00f6ajal ja t\u00f6\u00f6tajale makstakse sellel ajal keskmist t\u00f6\u00f6p\u00e4evatasu.<\/p>\n\n\n\n<p>Soovi korral on teenuse eest v\u00f5imalik tasuda ka eraisikul.<\/p>\n\n\n\n<p><strong>Aja broneerimine t\u00f6\u00f6tervishoiuarsti vastuv\u00f5tule toimub numbril 7 319 110<\/strong>. Vastuv\u00f5tud toimuvad Tartus, aadressil L. Puusepa 1a ja vastuv\u00f5tule saabudes palume p\u00f6\u00f6rduda k\u00f5igepealt registratuuri. Tervisekontrollile eelnevalt palume t\u00f6\u00f6tajal t\u00e4ita \u00e4ra\u00a0<a href=\"https:\/\/www.kliinikum.ee\/taastusravi\/wp-content\/uploads\/2025\/06\/Tootervisekontrolli-kaart-2025.pdf\">tervisekontrolli kaart<\/a>. Kaarti saab t\u00e4ita ka kohapeal vahetult enne vastuv\u00f5ttu. Arvestada tuleks ajakuluga v\u00e4hemalt 60-90 minutit.<\/p>\n\n\n\n<p>Vastuv\u00f5tule mitte ilmumisest palun teada anda telefonil<strong>&nbsp;7 319 110.<\/strong> Haiguslehel viibijale tervisekontrolli ei teostata.<\/p>\n\n\n\n<p><strong>Tervisekontrollile tulles palume kaasa v\u00f5tta:<\/strong><\/p>\n\n\n\n<ul class=\"wp-block-list\">\n<li>isikut t\u00f5endav dokument (ID kaart \/ pass \/ juhiluba)<\/li>\n\n\n\n<li>olemasolevad prillid<\/li>\n\n\n\n<li>v\u00f5imaluse korral eelt\u00e4idetud ja allkirjastatud <a href=\"https:\/\/www.kliinikum.ee\/taastusravi\/wp-content\/uploads\/2025\/06\/Tootervisekontrolli-kaart-2025.pdf\">tervisekontrolli kaart<\/a><\/li>\n<\/ul>\n\n\n\n<p><strong>ETTEVALMISTUSED ANAL\u00dc\u00dcSIDEKS JA UURINGUTEKS (v\u00f5imalike uuringute kohta saate lisainfot t\u00f6\u00f6andjalt):<\/strong><\/p>\n\n\n\n<ul class=\"wp-block-list\">\n<li><strong>Vereanal\u00fc\u00fcside andmine:<\/strong>\n<ul class=\"wp-block-list\">\n<li>eelnevalt s\u00f6\u00f6mata-joomata olla v\u00e4hemalt 2 tundi<\/li>\n\n\n\n<li>juua v\u00f5ib maitsestamata vett<br><\/li>\n<\/ul>\n<\/li>\n\n\n\n<li><strong>Kolesterooli m\u00e4\u00e4ramine:<\/strong>\n<ul class=\"wp-block-list\">\n<li>12 tundi enne uuringut olla s\u00f6\u00f6mata-joomata<\/li>\n\n\n\n<li>juua v\u00f5ib maitsestamata vett<br><\/li>\n<\/ul>\n<\/li>\n\n\n\n<li><strong>N\u00e4gemiskontroll:<\/strong>\n<ul class=\"wp-block-list\">\n<li>mitte kanda l\u00e4\u00e4tsesid<\/li>\n\n\n\n<li>kaasa v\u00f5tta olemasolevad prillid<br><\/li>\n<\/ul>\n<\/li>\n\n\n\n<li><strong>Uriinianal\u00fc\u00fcs:<\/strong>\n<ul class=\"wp-block-list\">\n<li>hommikune uriin<br><\/li>\n<\/ul>\n<\/li>\n<\/ul>\n\n\n\n<p><\/p>\n\n\n\n<p><\/p>\n","protected":false},"excerpt":{"rendered":"<p>T\u00f6\u00f6tervishoiuarsti vastuv\u00f5tule suunab oma t\u00f6\u00f6tajad t\u00f6\u00f6andja. Vastavalt EV \u201eT\u00f6\u00f6tervishoiu ja t\u00f6\u00f6ohutuse seadusele\u201c&nbsp;on t\u00f6\u00f6andja kohustatud v\u00f5imaldama t\u00f6\u00f6tajatele tervisekontrolli vastavalt t\u00f6\u00f6tervishoiuarsti m\u00e4\u00e4ratud ajavahemikule, kuid mitte harvem kui \u00fcks kord kolme aasta jooksul. Alaealise t\u00f6\u00f6taja puhul tuleb terviskontroll l\u00e4bi viia mitte harvem, kui \u00fcks kord kahe aasta jooksul. Esmane tervisekontroll tuleb l\u00e4bi viia t\u00f6\u00f6le asumisest alates nelja kuu [&hellip;]<\/p>\n","protected":false},"author":30,"featured_media":0,"parent":6399,"menu_order":1,"comment_status":"closed","ping_status":"closed","template":"","meta":{"_acf_changed":false,"_uag_custom_page_level_css":"","footnotes":""},"class_list":["post-6484","page","type-page","status-publish","hentry"],"acf":[],"yoast_head":"<!-- This site is optimized with the Yoast SEO plugin v27.5 - https:\/\/yoast.com\/product\/yoast-seo-wordpress\/ -->\n<title>Patsiendile - Spordimeditsiini ja taastusravi kliinik<\/title>\n<meta name=\"robots\" content=\"index, follow, max-snippet:-1, max-image-preview:large, max-video-preview:-1\" \/>\n<link rel=\"canonical\" href=\"https:\/\/www.kliinikum.ee\/taastusravi\/kliinikust\/tootervishoiu-osakond\/patsiendile\/\" \/>\n<meta property=\"og:locale\" content=\"et_EE\" \/>\n<meta property=\"og:type\" content=\"article\" \/>\n<meta property=\"og:title\" content=\"Patsiendile - Spordimeditsiini ja taastusravi kliinik\" \/>\n<meta property=\"og:description\" content=\"T\u00f6\u00f6tervishoiuarsti vastuv\u00f5tule suunab oma t\u00f6\u00f6tajad t\u00f6\u00f6andja. Vastavalt EV \u201eT\u00f6\u00f6tervishoiu ja t\u00f6\u00f6ohutuse seadusele\u201c&nbsp;on t\u00f6\u00f6andja kohustatud v\u00f5imaldama t\u00f6\u00f6tajatele tervisekontrolli vastavalt t\u00f6\u00f6tervishoiuarsti m\u00e4\u00e4ratud ajavahemikule, kuid mitte harvem kui \u00fcks kord kolme aasta jooksul. Alaealise t\u00f6\u00f6taja puhul tuleb terviskontroll l\u00e4bi viia mitte harvem, kui \u00fcks kord kahe aasta jooksul. Esmane tervisekontroll tuleb l\u00e4bi viia t\u00f6\u00f6le asumisest alates nelja kuu [&hellip;]\" \/>\n<meta property=\"og:url\" content=\"https:\/\/www.kliinikum.ee\/taastusravi\/kliinikust\/tootervishoiu-osakond\/patsiendile\/\" \/>\n<meta property=\"og:site_name\" content=\"Spordimeditsiini ja taastusravi kliinik\" \/>\n<meta property=\"article:modified_time\" content=\"2026-05-06T07:46:53+00:00\" \/>\n<meta name=\"twitter:card\" content=\"summary_large_image\" \/>\n<meta name=\"twitter:label1\" content=\"Est. reading time\" \/>\n\t<meta name=\"twitter:data1\" content=\"2 minutit\" \/>\n<script type=\"application\/ld+json\" class=\"yoast-schema-graph\">{\"@context\":\"https:\\\/\\\/schema.org\",\"@graph\":[{\"@type\":\"WebPage\",\"@id\":\"https:\\\/\\\/www.kliinikum.ee\\\/taastusravi\\\/kliinikust\\\/tootervishoiu-osakond\\\/patsiendile\\\/\",\"url\":\"https:\\\/\\\/www.kliinikum.ee\\\/taastusravi\\\/kliinikust\\\/tootervishoiu-osakond\\\/patsiendile\\\/\",\"name\":\"Patsiendile - Spordimeditsiini ja taastusravi kliinik\",\"isPartOf\":{\"@id\":\"https:\\\/\\\/www.kliinikum.ee\\\/taastusravi\\\/#website\"},\"datePublished\":\"2023-10-18T06:44:30+00:00\",\"dateModified\":\"2026-05-06T07:46:53+00:00\",\"breadcrumb\":{\"@id\":\"https:\\\/\\\/www.kliinikum.ee\\\/taastusravi\\\/kliinikust\\\/tootervishoiu-osakond\\\/patsiendile\\\/#breadcrumb\"},\"inLanguage\":\"et\",\"potentialAction\":[{\"@type\":\"ReadAction\",\"target\":[\"https:\\\/\\\/www.kliinikum.ee\\\/taastusravi\\\/kliinikust\\\/tootervishoiu-osakond\\\/patsiendile\\\/\"]}]},{\"@type\":\"BreadcrumbList\",\"@id\":\"https:\\\/\\\/www.kliinikum.ee\\\/taastusravi\\\/kliinikust\\\/tootervishoiu-osakond\\\/patsiendile\\\/#breadcrumb\",\"itemListElement\":[{\"@type\":\"ListItem\",\"position\":1,\"name\":\"Home\",\"item\":\"https:\\\/\\\/www.kliinikum.ee\\\/taastusravi\\\/\"},{\"@type\":\"ListItem\",\"position\":2,\"name\":\"Osakonnad\",\"item\":\"https:\\\/\\\/www.kliinikum.ee\\\/taastusravi\\\/kliinikust\\\/\"},{\"@type\":\"ListItem\",\"position\":3,\"name\":\"T\u00f6\u00f6tervishoiu osakond\",\"item\":\"https:\\\/\\\/www.kliinikum.ee\\\/taastusravi\\\/kliinikust\\\/tootervishoiu-osakond\\\/\"},{\"@type\":\"ListItem\",\"position\":4,\"name\":\"Patsiendile\"}]},{\"@type\":\"WebSite\",\"@id\":\"https:\\\/\\\/www.kliinikum.ee\\\/taastusravi\\\/#website\",\"url\":\"https:\\\/\\\/www.kliinikum.ee\\\/taastusravi\\\/\",\"name\":\"Spordimeditsiini ja taastusravi kliinik\",\"description\":\"Hoolivus, Uuendusmeelsus, P\u00e4devus ja Usaldusv\u00e4\u00e4rsus\",\"potentialAction\":[{\"@type\":\"SearchAction\",\"target\":{\"@type\":\"EntryPoint\",\"urlTemplate\":\"https:\\\/\\\/www.kliinikum.ee\\\/taastusravi\\\/?s={search_term_string}\"},\"query-input\":{\"@type\":\"PropertyValueSpecification\",\"valueRequired\":true,\"valueName\":\"search_term_string\"}}],\"inLanguage\":\"et\"}]}<\/script>\n<!-- \/ Yoast SEO plugin. -->","yoast_head_json":{"title":"Patsiendile - Spordimeditsiini ja taastusravi kliinik","robots":{"index":"index","follow":"follow","max-snippet":"max-snippet:-1","max-image-preview":"max-image-preview:large","max-video-preview":"max-video-preview:-1"},"canonical":"https:\/\/www.kliinikum.ee\/taastusravi\/kliinikust\/tootervishoiu-osakond\/patsiendile\/","og_locale":"et_EE","og_type":"article","og_title":"Patsiendile - Spordimeditsiini ja taastusravi kliinik","og_description":"T\u00f6\u00f6tervishoiuarsti vastuv\u00f5tule suunab oma t\u00f6\u00f6tajad t\u00f6\u00f6andja. Vastavalt EV \u201eT\u00f6\u00f6tervishoiu ja t\u00f6\u00f6ohutuse seadusele\u201c&nbsp;on t\u00f6\u00f6andja kohustatud v\u00f5imaldama t\u00f6\u00f6tajatele tervisekontrolli vastavalt t\u00f6\u00f6tervishoiuarsti m\u00e4\u00e4ratud ajavahemikule, kuid mitte harvem kui \u00fcks kord kolme aasta jooksul. Alaealise t\u00f6\u00f6taja puhul tuleb terviskontroll l\u00e4bi viia mitte harvem, kui \u00fcks kord kahe aasta jooksul. Esmane tervisekontroll tuleb l\u00e4bi viia t\u00f6\u00f6le asumisest alates nelja kuu [&hellip;]","og_url":"https:\/\/www.kliinikum.ee\/taastusravi\/kliinikust\/tootervishoiu-osakond\/patsiendile\/","og_site_name":"Spordimeditsiini ja taastusravi kliinik","article_modified_time":"2026-05-06T07:46:53+00:00","twitter_card":"summary_large_image","twitter_misc":{"Est. reading time":"2 minutit"},"schema":{"@context":"https:\/\/schema.org","@graph":[{"@type":"WebPage","@id":"https:\/\/www.kliinikum.ee\/taastusravi\/kliinikust\/tootervishoiu-osakond\/patsiendile\/","url":"https:\/\/www.kliinikum.ee\/taastusravi\/kliinikust\/tootervishoiu-osakond\/patsiendile\/","name":"Patsiendile - Spordimeditsiini ja taastusravi kliinik","isPartOf":{"@id":"https:\/\/www.kliinikum.ee\/taastusravi\/#website"},"datePublished":"2023-10-18T06:44:30+00:00","dateModified":"2026-05-06T07:46:53+00:00","breadcrumb":{"@id":"https:\/\/www.kliinikum.ee\/taastusravi\/kliinikust\/tootervishoiu-osakond\/patsiendile\/#breadcrumb"},"inLanguage":"et","potentialAction":[{"@type":"ReadAction","target":["https:\/\/www.kliinikum.ee\/taastusravi\/kliinikust\/tootervishoiu-osakond\/patsiendile\/"]}]},{"@type":"BreadcrumbList","@id":"https:\/\/www.kliinikum.ee\/taastusravi\/kliinikust\/tootervishoiu-osakond\/patsiendile\/#breadcrumb","itemListElement":[{"@type":"ListItem","position":1,"name":"Home","item":"https:\/\/www.kliinikum.ee\/taastusravi\/"},{"@type":"ListItem","position":2,"name":"Osakonnad","item":"https:\/\/www.kliinikum.ee\/taastusravi\/kliinikust\/"},{"@type":"ListItem","position":3,"name":"T\u00f6\u00f6tervishoiu osakond","item":"https:\/\/www.kliinikum.ee\/taastusravi\/kliinikust\/tootervishoiu-osakond\/"},{"@type":"ListItem","position":4,"name":"Patsiendile"}]},{"@type":"WebSite","@id":"https:\/\/www.kliinikum.ee\/taastusravi\/#website","url":"https:\/\/www.kliinikum.ee\/taastusravi\/","name":"Spordimeditsiini ja taastusravi kliinik","description":"Hoolivus, Uuendusmeelsus, P\u00e4devus ja Usaldusv\u00e4\u00e4rsus","potentialAction":[{"@type":"SearchAction","target":{"@type":"EntryPoint","urlTemplate":"https:\/\/www.kliinikum.ee\/taastusravi\/?s={search_term_string}"},"query-input":{"@type":"PropertyValueSpecification","valueRequired":true,"valueName":"search_term_string"}}],"inLanguage":"et"}]}},"uagb_featured_image_src":{"full":false,"thumbnail":false,"medium":false,"medium_large":false,"large":false,"1536x1536":false,"2048x2048":false},"uagb_author_info":{"display_name":"Mari S\u00f6\u00f6t","author_link":"https:\/\/www.kliinikum.ee\/taastusravi\/author\/maritar\/"},"uagb_comment_info":0,"uagb_excerpt":"T\u00f6\u00f6tervishoiuarsti vastuv\u00f5tule suunab oma t\u00f6\u00f6tajad t\u00f6\u00f6andja. Vastavalt EV \u201eT\u00f6\u00f6tervishoiu ja t\u00f6\u00f6ohutuse seadusele\u201c&nbsp;on t\u00f6\u00f6andja kohustatud v\u00f5imaldama t\u00f6\u00f6tajatele tervisekontrolli vastavalt t\u00f6\u00f6tervishoiuarsti m\u00e4\u00e4ratud ajavahemikule, kuid mitte harvem kui \u00fcks kord kolme aasta jooksul. Alaealise t\u00f6\u00f6taja puhul tuleb terviskontroll l\u00e4bi viia mitte harvem, kui \u00fcks kord kahe aasta jooksul. Esmane tervisekontroll tuleb l\u00e4bi viia t\u00f6\u00f6le asumisest alates nelja kuu&hellip;","_links":{"self":[{"href":"https:\/\/www.kliinikum.ee\/taastusravi\/wp-json\/wp\/v2\/pages\/6484","targetHints":{"allow":["GET"]}}],"collection":[{"href":"https:\/\/www.kliinikum.ee\/taastusravi\/wp-json\/wp\/v2\/pages"}],"about":[{"href":"https:\/\/www.kliinikum.ee\/taastusravi\/wp-json\/wp\/v2\/types\/page"}],"author":[{"embeddable":true,"href":"https:\/\/www.kliinikum.ee\/taastusravi\/wp-json\/wp\/v2\/users\/30"}],"replies":[{"embeddable":true,"href":"https:\/\/www.kliinikum.ee\/taastusravi\/wp-json\/wp\/v2\/comments?post=6484"}],"version-history":[{"count":0,"href":"https:\/\/www.kliinikum.ee\/taastusravi\/wp-json\/wp\/v2\/pages\/6484\/revisions"}],"up":[{"embeddable":true,"href":"https:\/\/www.kliinikum.ee\/taastusravi\/wp-json\/wp\/v2\/pages\/6399"}],"wp:attachment":[{"href":"https:\/\/www.kliinikum.ee\/taastusravi\/wp-json\/wp\/v2\/media?parent=6484"}],"curies":[{"name":"wp","href":"https:\/\/api.w.org\/{rel}","templated":true}]}}