{"id":6487,"date":"2023-10-18T08:46:05","date_gmt":"2023-10-18T06:46:05","guid":{"rendered":"https:\/\/www.kliinikum.ee\/taastusravi\/?page_id=6487"},"modified":"2025-06-27T10:56:37","modified_gmt":"2025-06-27T08:56:37","slug":"teenused-asutustele","status":"publish","type":"page","link":"https:\/\/www.kliinikum.ee\/taastusravi\/kliinikust\/tootervishoiu-osakond\/teenused-asutustele\/","title":{"rendered":"Teenused asutustele"},"content":{"rendered":"\n<div class=\"wp-block-group has-global-padding\"><div class=\"wp-block-group__inner-container is-layout-constrained wp-block-group-is-layout-constrained\">\n<p>T\u00f6\u00f6tervishoiuarsti poolt l\u00e4biviidava tervisekontrolli eesm\u00e4rk on hinnata t\u00f6\u00f6taja terviseseisundit ja t\u00f6\u00f6tingimuste sobivust t\u00f6\u00f6tajale ning vajadusel teha ettepanekuid t\u00f6\u00f6keskkonna parandamiseks.<\/p>\n\n\n\n<p>Tervisekontrolli tuleb t\u00f6\u00f6tajale korraldada nelja kuu jooksul t\u00f6\u00f6taja t\u00f6\u00f6le asumisest arvates. Samuti tuleb t\u00f6\u00f6andjal korraldada tervisekontroll t\u00f6\u00f6tajale enne bioloogiliste ohutegurite, kantserogeenide, mutageenide, plii ja selle \u00fchendite ning asbestitolmuga kokkupuute algust ja \u00f6\u00f6t\u00f6\u00f6taja tervisekontroll enne \u00f6\u00f6t\u00f6\u00f6le asumist. Lisainfo leiate <a href=\"https:\/\/www.tooelu.ee\/et\/81\/tootervishoiuteenus\">https:\/\/www.tooelu.ee\/et\/81\/tootervishoiuteenus<\/a>  <\/p>\n\n\n\n<p>Asutuse t\u00f6\u00f6tajate tervisekontrolli sisu s\u00f5ltub ettev\u00f5tte <strong>t\u00f6\u00f6keskkonnas esinevatest ohuteguritest, <\/strong>mille riski suuruse selgitab v\u00e4lja <strong>t\u00f6\u00f6keskkonna riskianal\u00fc\u00fcs<\/strong>. Tervisekontrolli maksumus koostatakse individuaalselt&nbsp;ning t\u00f6\u00f6keskkonna riskianal\u00fc\u00fcsi ja t\u00f6\u00f6tajate t\u00f6\u00f6keskkonna ohutegureid arvesse v\u00f5ttes. Hinnapakkumise k\u00fcsimiseks palume saata mail aadressile&nbsp;<a href=\"mailto:tootervishoid@kliinikum.ee\">tootervishoid@kliinikum.ee<\/a>. T\u00f6\u00f6keskkonna riskianal\u00fc\u00fcsi olemasolul palume ka see kohe meiliga kaasa panna. Vajadusel ja kokkuleppel t\u00f6\u00f6andjaga eelneb hinnakirja koostamisele ka t\u00f6\u00f6tervishoiuarsti poolne t\u00f6\u00f6koha k\u00fclastus, n\u00f5ustamine.<\/p>\n\n\n\n<p>T\u00f6\u00f6tervishoiuga seotud kulud kannab t\u00f6\u00f6andja.<\/p>\n\n\n\n<p><\/p>\n<\/div><\/div>\n\n\n\n<div class=\"wp-block-group has-global-padding\"><div class=\"wp-block-group__inner-container is-layout-constrained wp-block-group-is-layout-constrained\">\n<p><strong>Tervisekontrolli sisu<\/strong><\/p>\n\n\n\n<p>Tervisekontrollile eelnevalt palume t\u00f6\u00f6tajal t\u00e4ita \u00e4ra <a href=\"https:\/\/www.kliinikum.ee\/taastusravi\/tootervisekontrolli-kaart-2025\/\">tervisekontrolli kaart<\/a>. Kaarti saab t\u00e4ita ka kohapeal vahetult enne vastuv\u00f5ttu.<\/p>\n\n\n\n<p>Esmalt teostab <strong>t\u00f6\u00f6tervishoiu \u00f5de<\/strong> t\u00f6\u00f6tajale vajalikud kliinilised ja laboratoorsed uuringud - antropomeetria, esialgne n\u00e4gemisteravuse kontroll, verer\u00f5hu m\u00f5\u00f5tmine, EKG s\u00fcdamefilm ja vajalikud vereanal\u00fc\u00fcsid. Vastavalt t\u00f6\u00f6keskkonna ohuteguritele v\u00f5ivad siia lisanduda ka n\u00e4iteks spirograafiline hingamisfunktsiooni uuring ja kuulmise uuring toonaudiomeetriga.<br><br>Sellele j\u00e4rgneb <strong>t\u00f6\u00f6tervishoiuarsti vastuv\u00f5tt<\/strong>, mis algab p\u00f5hjaliku vestlusega ehk anamneesikogumise ja l\u00e4bivaatusega (luu-ja lihaskonna seisundi kontroll, kopsude ja s\u00fcdametoonide kuulamine, t\u00f6\u00f6taja \u00fcldine terviseseisundi hinnang, n\u00f5ustamine). Arst v\u00e4ljastab t\u00f6\u00f6andjale otsuse t\u00f6\u00f6taja sobivuse kohta antud ametikohal koos soovitustega t\u00f6\u00f6v\u00f5ime paremaks s\u00e4ilitamiseks. Vajadusel v\u00e4ljastab arst ka vajaminevad terviset\u00f5endid ning suunab taastusravile<br><br>Kui ohuteguritest tulenevalt on vaja t\u00f6\u00f6tajale teostada erinevaid radioloogilisi uuringuid, EKG koormustesti v\u00f5i p\u00f5hjalikku silmakontrolli erialaspetsialisti juures, saame ka need planeerida kohe vastuv\u00f5tuga j\u00e4rjestikkusele ajale t\u00f6\u00f6tervishoiu osakonnaga samas majas.<\/p>\n<\/div><\/div>\n\n\n\n<div class=\"wp-block-group has-global-padding\"><div class=\"wp-block-group__inner-container is-layout-constrained wp-block-group-is-layout-constrained\">\n<p><br><strong>T\u00e4iendavat infot on v\u00f5imalik saada osakonna sekret\u00e4rilt numbril\u00a07319 110 v\u00f5i\u00a0<a href=\"mailto:tootervishoid@kliinikum.ee\">tootervishoid@kliinikum.ee<\/a>\u00a0<\/strong><\/p>\n\n\n\n<p>T\u00f6\u00f6tervishoiu ja t\u00f6\u00f6ohutuse seadus:<br><a href=\"https:\/\/www.riigiteataja.ee\/akt\/102052024029?leiaKehtiv \">https:\/\/www.riigiteataja.ee\/akt\/102052024029?leiaKehtiv <\/a><br>T\u00f6\u00f6tajate tervisekontrolli kord:<br><a href=\"https:\/\/www.riigiteataja.ee\/akt\/117122022026\">https:\/\/www.riigiteataja.ee\/akt\/117122022026<\/a><\/p>\n<\/div><\/div>\n\n\n\n<p><\/p>\n","protected":false},"excerpt":{"rendered":"<p>T\u00f6\u00f6tervishoiuarsti poolt l\u00e4biviidava tervisekontrolli eesm\u00e4rk on hinnata t\u00f6\u00f6taja terviseseisundit ja t\u00f6\u00f6tingimuste sobivust t\u00f6\u00f6tajale ning vajadusel teha ettepanekuid t\u00f6\u00f6keskkonna parandamiseks. Tervisekontrolli tuleb t\u00f6\u00f6tajale korraldada nelja kuu jooksul t\u00f6\u00f6taja t\u00f6\u00f6le asumisest arvates. Samuti tuleb t\u00f6\u00f6andjal korraldada tervisekontroll t\u00f6\u00f6tajale enne bioloogiliste ohutegurite, kantserogeenide, mutageenide, plii ja selle \u00fchendite ning asbestitolmuga kokkupuute algust ja \u00f6\u00f6t\u00f6\u00f6taja tervisekontroll enne \u00f6\u00f6t\u00f6\u00f6le asumist. [&hellip;]<\/p>\n","protected":false},"author":30,"featured_media":0,"parent":6399,"menu_order":3,"comment_status":"closed","ping_status":"closed","template":"","meta":{"_acf_changed":false,"_uag_custom_page_level_css":"","footnotes":""},"class_list":["post-6487","page","type-page","status-publish","hentry"],"acf":[],"yoast_head":"<!-- This site is optimized with the Yoast SEO plugin v27.5 - https:\/\/yoast.com\/product\/yoast-seo-wordpress\/ -->\n<title>Teenused asutustele - Spordimeditsiini ja taastusravi kliinik<\/title>\n<meta name=\"robots\" content=\"index, follow, max-snippet:-1, max-image-preview:large, max-video-preview:-1\" \/>\n<link rel=\"canonical\" href=\"https:\/\/www.kliinikum.ee\/taastusravi\/kliinikust\/tootervishoiu-osakond\/teenused-asutustele\/\" \/>\n<meta property=\"og:locale\" content=\"et_EE\" \/>\n<meta property=\"og:type\" content=\"article\" \/>\n<meta property=\"og:title\" content=\"Teenused asutustele - Spordimeditsiini ja taastusravi kliinik\" \/>\n<meta property=\"og:description\" content=\"T\u00f6\u00f6tervishoiuarsti poolt l\u00e4biviidava tervisekontrolli eesm\u00e4rk on hinnata t\u00f6\u00f6taja terviseseisundit ja t\u00f6\u00f6tingimuste sobivust t\u00f6\u00f6tajale ning vajadusel teha ettepanekuid t\u00f6\u00f6keskkonna parandamiseks. Tervisekontrolli tuleb t\u00f6\u00f6tajale korraldada nelja kuu jooksul t\u00f6\u00f6taja t\u00f6\u00f6le asumisest arvates. Samuti tuleb t\u00f6\u00f6andjal korraldada tervisekontroll t\u00f6\u00f6tajale enne bioloogiliste ohutegurite, kantserogeenide, mutageenide, plii ja selle \u00fchendite ning asbestitolmuga kokkupuute algust ja \u00f6\u00f6t\u00f6\u00f6taja tervisekontroll enne \u00f6\u00f6t\u00f6\u00f6le asumist. [&hellip;]\" \/>\n<meta property=\"og:url\" content=\"https:\/\/www.kliinikum.ee\/taastusravi\/kliinikust\/tootervishoiu-osakond\/teenused-asutustele\/\" \/>\n<meta property=\"og:site_name\" content=\"Spordimeditsiini ja taastusravi kliinik\" \/>\n<meta property=\"article:modified_time\" content=\"2025-06-27T08:56:37+00:00\" \/>\n<meta name=\"twitter:card\" content=\"summary_large_image\" \/>\n<meta name=\"twitter:label1\" content=\"Est. reading time\" \/>\n\t<meta name=\"twitter:data1\" content=\"2 minutit\" \/>\n<script type=\"application\/ld+json\" class=\"yoast-schema-graph\">{\"@context\":\"https:\\\/\\\/schema.org\",\"@graph\":[{\"@type\":\"WebPage\",\"@id\":\"https:\\\/\\\/www.kliinikum.ee\\\/taastusravi\\\/kliinikust\\\/tootervishoiu-osakond\\\/teenused-asutustele\\\/\",\"url\":\"https:\\\/\\\/www.kliinikum.ee\\\/taastusravi\\\/kliinikust\\\/tootervishoiu-osakond\\\/teenused-asutustele\\\/\",\"name\":\"Teenused asutustele - Spordimeditsiini ja taastusravi kliinik\",\"isPartOf\":{\"@id\":\"https:\\\/\\\/www.kliinikum.ee\\\/taastusravi\\\/#website\"},\"datePublished\":\"2023-10-18T06:46:05+00:00\",\"dateModified\":\"2025-06-27T08:56:37+00:00\",\"breadcrumb\":{\"@id\":\"https:\\\/\\\/www.kliinikum.ee\\\/taastusravi\\\/kliinikust\\\/tootervishoiu-osakond\\\/teenused-asutustele\\\/#breadcrumb\"},\"inLanguage\":\"et\",\"potentialAction\":[{\"@type\":\"ReadAction\",\"target\":[\"https:\\\/\\\/www.kliinikum.ee\\\/taastusravi\\\/kliinikust\\\/tootervishoiu-osakond\\\/teenused-asutustele\\\/\"]}]},{\"@type\":\"BreadcrumbList\",\"@id\":\"https:\\\/\\\/www.kliinikum.ee\\\/taastusravi\\\/kliinikust\\\/tootervishoiu-osakond\\\/teenused-asutustele\\\/#breadcrumb\",\"itemListElement\":[{\"@type\":\"ListItem\",\"position\":1,\"name\":\"Home\",\"item\":\"https:\\\/\\\/www.kliinikum.ee\\\/taastusravi\\\/\"},{\"@type\":\"ListItem\",\"position\":2,\"name\":\"Osakonnad\",\"item\":\"https:\\\/\\\/www.kliinikum.ee\\\/taastusravi\\\/kliinikust\\\/\"},{\"@type\":\"ListItem\",\"position\":3,\"name\":\"T\u00f6\u00f6tervishoiu osakond\",\"item\":\"https:\\\/\\\/www.kliinikum.ee\\\/taastusravi\\\/kliinikust\\\/tootervishoiu-osakond\\\/\"},{\"@type\":\"ListItem\",\"position\":4,\"name\":\"Teenused asutustele\"}]},{\"@type\":\"WebSite\",\"@id\":\"https:\\\/\\\/www.kliinikum.ee\\\/taastusravi\\\/#website\",\"url\":\"https:\\\/\\\/www.kliinikum.ee\\\/taastusravi\\\/\",\"name\":\"Spordimeditsiini ja taastusravi kliinik\",\"description\":\"Hoolivus, Uuendusmeelsus, P\u00e4devus ja Usaldusv\u00e4\u00e4rsus\",\"potentialAction\":[{\"@type\":\"SearchAction\",\"target\":{\"@type\":\"EntryPoint\",\"urlTemplate\":\"https:\\\/\\\/www.kliinikum.ee\\\/taastusravi\\\/?s={search_term_string}\"},\"query-input\":{\"@type\":\"PropertyValueSpecification\",\"valueRequired\":true,\"valueName\":\"search_term_string\"}}],\"inLanguage\":\"et\"}]}<\/script>\n<!-- \/ Yoast SEO plugin. -->","yoast_head_json":{"title":"Teenused asutustele - Spordimeditsiini ja taastusravi kliinik","robots":{"index":"index","follow":"follow","max-snippet":"max-snippet:-1","max-image-preview":"max-image-preview:large","max-video-preview":"max-video-preview:-1"},"canonical":"https:\/\/www.kliinikum.ee\/taastusravi\/kliinikust\/tootervishoiu-osakond\/teenused-asutustele\/","og_locale":"et_EE","og_type":"article","og_title":"Teenused asutustele - Spordimeditsiini ja taastusravi kliinik","og_description":"T\u00f6\u00f6tervishoiuarsti poolt l\u00e4biviidava tervisekontrolli eesm\u00e4rk on hinnata t\u00f6\u00f6taja terviseseisundit ja t\u00f6\u00f6tingimuste sobivust t\u00f6\u00f6tajale ning vajadusel teha ettepanekuid t\u00f6\u00f6keskkonna parandamiseks. Tervisekontrolli tuleb t\u00f6\u00f6tajale korraldada nelja kuu jooksul t\u00f6\u00f6taja t\u00f6\u00f6le asumisest arvates. Samuti tuleb t\u00f6\u00f6andjal korraldada tervisekontroll t\u00f6\u00f6tajale enne bioloogiliste ohutegurite, kantserogeenide, mutageenide, plii ja selle \u00fchendite ning asbestitolmuga kokkupuute algust ja \u00f6\u00f6t\u00f6\u00f6taja tervisekontroll enne \u00f6\u00f6t\u00f6\u00f6le asumist. [&hellip;]","og_url":"https:\/\/www.kliinikum.ee\/taastusravi\/kliinikust\/tootervishoiu-osakond\/teenused-asutustele\/","og_site_name":"Spordimeditsiini ja taastusravi kliinik","article_modified_time":"2025-06-27T08:56:37+00:00","twitter_card":"summary_large_image","twitter_misc":{"Est. reading time":"2 minutit"},"schema":{"@context":"https:\/\/schema.org","@graph":[{"@type":"WebPage","@id":"https:\/\/www.kliinikum.ee\/taastusravi\/kliinikust\/tootervishoiu-osakond\/teenused-asutustele\/","url":"https:\/\/www.kliinikum.ee\/taastusravi\/kliinikust\/tootervishoiu-osakond\/teenused-asutustele\/","name":"Teenused asutustele - Spordimeditsiini ja taastusravi kliinik","isPartOf":{"@id":"https:\/\/www.kliinikum.ee\/taastusravi\/#website"},"datePublished":"2023-10-18T06:46:05+00:00","dateModified":"2025-06-27T08:56:37+00:00","breadcrumb":{"@id":"https:\/\/www.kliinikum.ee\/taastusravi\/kliinikust\/tootervishoiu-osakond\/teenused-asutustele\/#breadcrumb"},"inLanguage":"et","potentialAction":[{"@type":"ReadAction","target":["https:\/\/www.kliinikum.ee\/taastusravi\/kliinikust\/tootervishoiu-osakond\/teenused-asutustele\/"]}]},{"@type":"BreadcrumbList","@id":"https:\/\/www.kliinikum.ee\/taastusravi\/kliinikust\/tootervishoiu-osakond\/teenused-asutustele\/#breadcrumb","itemListElement":[{"@type":"ListItem","position":1,"name":"Home","item":"https:\/\/www.kliinikum.ee\/taastusravi\/"},{"@type":"ListItem","position":2,"name":"Osakonnad","item":"https:\/\/www.kliinikum.ee\/taastusravi\/kliinikust\/"},{"@type":"ListItem","position":3,"name":"T\u00f6\u00f6tervishoiu osakond","item":"https:\/\/www.kliinikum.ee\/taastusravi\/kliinikust\/tootervishoiu-osakond\/"},{"@type":"ListItem","position":4,"name":"Teenused asutustele"}]},{"@type":"WebSite","@id":"https:\/\/www.kliinikum.ee\/taastusravi\/#website","url":"https:\/\/www.kliinikum.ee\/taastusravi\/","name":"Spordimeditsiini ja taastusravi kliinik","description":"Hoolivus, Uuendusmeelsus, P\u00e4devus ja Usaldusv\u00e4\u00e4rsus","potentialAction":[{"@type":"SearchAction","target":{"@type":"EntryPoint","urlTemplate":"https:\/\/www.kliinikum.ee\/taastusravi\/?s={search_term_string}"},"query-input":{"@type":"PropertyValueSpecification","valueRequired":true,"valueName":"search_term_string"}}],"inLanguage":"et"}]}},"uagb_featured_image_src":{"full":false,"thumbnail":false,"medium":false,"medium_large":false,"large":false,"1536x1536":false,"2048x2048":false},"uagb_author_info":{"display_name":"Mari S\u00f6\u00f6t","author_link":"https:\/\/www.kliinikum.ee\/taastusravi\/author\/maritar\/"},"uagb_comment_info":0,"uagb_excerpt":"T\u00f6\u00f6tervishoiuarsti poolt l\u00e4biviidava tervisekontrolli eesm\u00e4rk on hinnata t\u00f6\u00f6taja terviseseisundit ja t\u00f6\u00f6tingimuste sobivust t\u00f6\u00f6tajale ning vajadusel teha ettepanekuid t\u00f6\u00f6keskkonna parandamiseks. Tervisekontrolli tuleb t\u00f6\u00f6tajale korraldada nelja kuu jooksul t\u00f6\u00f6taja t\u00f6\u00f6le asumisest arvates. Samuti tuleb t\u00f6\u00f6andjal korraldada tervisekontroll t\u00f6\u00f6tajale enne bioloogiliste ohutegurite, kantserogeenide, mutageenide, plii ja selle \u00fchendite ning asbestitolmuga kokkupuute algust ja \u00f6\u00f6t\u00f6\u00f6taja tervisekontroll enne \u00f6\u00f6t\u00f6\u00f6le asumist.&hellip;","_links":{"self":[{"href":"https:\/\/www.kliinikum.ee\/taastusravi\/wp-json\/wp\/v2\/pages\/6487","targetHints":{"allow":["GET"]}}],"collection":[{"href":"https:\/\/www.kliinikum.ee\/taastusravi\/wp-json\/wp\/v2\/pages"}],"about":[{"href":"https:\/\/www.kliinikum.ee\/taastusravi\/wp-json\/wp\/v2\/types\/page"}],"author":[{"embeddable":true,"href":"https:\/\/www.kliinikum.ee\/taastusravi\/wp-json\/wp\/v2\/users\/30"}],"replies":[{"embeddable":true,"href":"https:\/\/www.kliinikum.ee\/taastusravi\/wp-json\/wp\/v2\/comments?post=6487"}],"version-history":[{"count":0,"href":"https:\/\/www.kliinikum.ee\/taastusravi\/wp-json\/wp\/v2\/pages\/6487\/revisions"}],"up":[{"embeddable":true,"href":"https:\/\/www.kliinikum.ee\/taastusravi\/wp-json\/wp\/v2\/pages\/6399"}],"wp:attachment":[{"href":"https:\/\/www.kliinikum.ee\/taastusravi\/wp-json\/wp\/v2\/media?parent=6487"}],"curies":[{"name":"wp","href":"https:\/\/api.w.org\/{rel}","templated":true}]}}