{"id":6553,"date":"2023-10-19T12:46:04","date_gmt":"2023-10-19T10:46:04","guid":{"rendered":"https:\/\/www.kliinikum.ee\/taastusravi\/?page_id=6553"},"modified":"2026-02-26T09:29:38","modified_gmt":"2026-02-26T07:29:38","slug":"operatsioonid","status":"publish","type":"page","link":"https:\/\/www.kliinikum.ee\/taastusravi\/kliinikust\/sporditraumatoloogia-keskus\/operatsioonid\/","title":{"rendered":"Infomaterjalid"},"content":{"rendered":"\n<p><img decoding=\"async\" src=\"https:\/\/www.kliinikum.ee\/taastusravi\/pildid\/icons\/pdf.png\" alt=\"\">\u00a0<a href=\"https:\/\/www.kliinikum.ee\/taastusravi\/wp-content\/uploads\/2024\/10\/Olaliigese_artroskoopia.pdf\">\u00d5laliigese artroskoopia\u00a0<\/a><br><img decoding=\"async\" src=\"https:\/\/www.kliinikum.ee\/taastusravi\/pildid\/icons\/pdf.png\" alt=\"\">\u00a0<a href=\"https:\/\/www.kliinikum.ee\/taastusravi\/wp-content\/uploads\/2024\/10\/Eesmise_ristatsisideme_rebend.pdf\">Eesmise ristatisideme (ERS\/ACL) rebend\u00a0<\/a><br><a href=\"https:\/\/www.kliinikum.ee\/taastusravi\/wp-content\/uploads\/2024\/10\/Olaliigese_nihestus_Bankart.pdf\"><img decoding=\"async\" src=\"https:\/\/www.kliinikum.ee\/taastusravi\/pildid\/icons\/pdf.png\" alt=\"\">\u00a0\u00d5laliigese korduv nihestus: Bankarti artroskoopiline operatsioon\u00a0<\/a><br><a href=\"https:\/\/www.kliinikum.ee\/taastusravi\/wp-content\/uploads\/2024\/10\/Olaliigese_nihestus_LATARJET.pdf\"><img decoding=\"async\" src=\"https:\/\/www.kliinikum.ee\/taastusravi\/pildid\/icons\/pdf.png\" alt=\"\">\u00a0\u00d5laliigese korduv nihestus: Latarjet operatsioon\u00a0<\/a><br><a href=\"https:\/\/www.kliinikum.ee\/taastusravi\/wp-content\/uploads\/2024\/10\/Polveliigese_kohrekahjustus.pdf\"><img decoding=\"async\" src=\"https:\/\/www.kliinikum.ee\/taastusravi\/pildid\/icons\/pdf.png\" alt=\"\">\u00a0P\u00f5lveliigese k\u00f5hrekahjustus\u00a0<\/a><br><img decoding=\"async\" src=\"https:\/\/www.kliinikum.ee\/taastusravi\/pildid\/icons\/pdf.png\" alt=\"\">\u00a0<a href=\"https:\/\/www.kliinikum.ee\/taastusravi\/wp-content\/uploads\/2024\/10\/Olaliigese_koolusmanseti_vigastus.pdf\">\u00d5laliigese k\u00f5\u00f5lusmanseti vigastus\u00a0<\/a><br><img decoding=\"async\" src=\"https:\/\/www.kliinikum.ee\/taastusravi\/pildid\/icons\/pdf.png\" alt=\"\">\u00a0<a href=\"https:\/\/www.kliinikum.ee\/taastusravi\/wp-content\/uploads\/2024\/10\/Polveliigese_meniskirebend.pdf\">P\u00f5lveliigese meniskivigastus\u00a0<\/a><br><a href=\"https:\/\/www.kliinikum.ee\/taastusravi\/wp-content\/uploads\/2024\/10\/Kannakooluse_rebend.pdf\"><img decoding=\"async\" src=\"https:\/\/www.kliinikum.ee\/taastusravi\/pildid\/icons\/pdf.png\" alt=\"\">\u00a0Kannak\u00f5\u00f5luse rebend\u00a0<\/a><br><a href=\"https:\/\/www.kliinikum.ee\/taastusravi\/operatsioonijargne-meelespea_ta_2024\/\" type=\"attachment\" id=\"8294\">Operatsioonij\u00e4rgne meelespea\u00a0<\/a><\/p>\n\n\n\n<p><br><\/p>\n\n\n\n<p><\/p>\n","protected":false},"excerpt":{"rendered":"<p>\u00a0\u00d5laliigese artroskoopia\u00a0\u00a0Eesmise ristatisideme (ERS\/ACL) rebend\u00a0\u00a0\u00d5laliigese korduv nihestus: Bankarti artroskoopiline operatsioon\u00a0\u00a0\u00d5laliigese korduv nihestus: Latarjet operatsioon\u00a0\u00a0P\u00f5lveliigese k\u00f5hrekahjustus\u00a0\u00a0\u00d5laliigese k\u00f5\u00f5lusmanseti vigastus\u00a0\u00a0P\u00f5lveliigese meniskivigastus\u00a0\u00a0Kannak\u00f5\u00f5luse rebend\u00a0Operatsioonij\u00e4rgne meelespea\u00a0<\/p>\n","protected":false},"author":30,"featured_media":0,"parent":6393,"menu_order":3,"comment_status":"closed","ping_status":"closed","template":"","meta":{"_acf_changed":false,"_uag_custom_page_level_css":"","footnotes":""},"class_list":["post-6553","page","type-page","status-publish","hentry"],"acf":[],"yoast_head":"<!-- This site is optimized with the Yoast SEO plugin v27.3 - https:\/\/yoast.com\/product\/yoast-seo-wordpress\/ -->\n<title>Infomaterjalid - Spordimeditsiini ja taastusravi kliinik<\/title>\n<meta name=\"robots\" content=\"index, follow, max-snippet:-1, max-image-preview:large, max-video-preview:-1\" \/>\n<link rel=\"canonical\" href=\"https:\/\/www.kliinikum.ee\/taastusravi\/kliinikust\/sporditraumatoloogia-keskus\/operatsioonid\/\" \/>\n<meta property=\"og:locale\" content=\"et_EE\" \/>\n<meta property=\"og:type\" content=\"article\" \/>\n<meta property=\"og:title\" content=\"Infomaterjalid - Spordimeditsiini ja taastusravi kliinik\" \/>\n<meta property=\"og:description\" content=\"\u00a0\u00d5laliigese artroskoopia\u00a0\u00a0Eesmise ristatisideme (ERS\/ACL) rebend\u00a0\u00a0\u00d5laliigese korduv nihestus: Bankarti artroskoopiline operatsioon\u00a0\u00a0\u00d5laliigese korduv nihestus: Latarjet operatsioon\u00a0\u00a0P\u00f5lveliigese k\u00f5hrekahjustus\u00a0\u00a0\u00d5laliigese k\u00f5\u00f5lusmanseti vigastus\u00a0\u00a0P\u00f5lveliigese meniskivigastus\u00a0\u00a0Kannak\u00f5\u00f5luse rebend\u00a0Operatsioonij\u00e4rgne meelespea\u00a0\" \/>\n<meta property=\"og:url\" content=\"https:\/\/www.kliinikum.ee\/taastusravi\/kliinikust\/sporditraumatoloogia-keskus\/operatsioonid\/\" \/>\n<meta property=\"og:site_name\" content=\"Spordimeditsiini ja taastusravi kliinik\" \/>\n<meta property=\"article:modified_time\" content=\"2026-02-26T07:29:38+00:00\" \/>\n<meta property=\"og:image\" content=\"https:\/\/www.kliinikum.ee\/taastusravi\/pildid\/icons\/pdf.png\" \/>\n<meta name=\"twitter:card\" content=\"summary_large_image\" \/>\n<meta name=\"twitter:label1\" content=\"Est. reading time\" \/>\n\t<meta name=\"twitter:data1\" content=\"2 minutit\" \/>\n<script type=\"application\/ld+json\" class=\"yoast-schema-graph\">{\"@context\":\"https:\\\/\\\/schema.org\",\"@graph\":[{\"@type\":\"WebPage\",\"@id\":\"https:\\\/\\\/www.kliinikum.ee\\\/taastusravi\\\/kliinikust\\\/sporditraumatoloogia-keskus\\\/operatsioonid\\\/\",\"url\":\"https:\\\/\\\/www.kliinikum.ee\\\/taastusravi\\\/kliinikust\\\/sporditraumatoloogia-keskus\\\/operatsioonid\\\/\",\"name\":\"Infomaterjalid - Spordimeditsiini ja taastusravi kliinik\",\"isPartOf\":{\"@id\":\"https:\\\/\\\/www.kliinikum.ee\\\/taastusravi\\\/#website\"},\"primaryImageOfPage\":{\"@id\":\"https:\\\/\\\/www.kliinikum.ee\\\/taastusravi\\\/kliinikust\\\/sporditraumatoloogia-keskus\\\/operatsioonid\\\/#primaryimage\"},\"image\":{\"@id\":\"https:\\\/\\\/www.kliinikum.ee\\\/taastusravi\\\/kliinikust\\\/sporditraumatoloogia-keskus\\\/operatsioonid\\\/#primaryimage\"},\"thumbnailUrl\":\"https:\\\/\\\/www.kliinikum.ee\\\/taastusravi\\\/pildid\\\/icons\\\/pdf.png\",\"datePublished\":\"2023-10-19T10:46:04+00:00\",\"dateModified\":\"2026-02-26T07:29:38+00:00\",\"breadcrumb\":{\"@id\":\"https:\\\/\\\/www.kliinikum.ee\\\/taastusravi\\\/kliinikust\\\/sporditraumatoloogia-keskus\\\/operatsioonid\\\/#breadcrumb\"},\"inLanguage\":\"et\",\"potentialAction\":[{\"@type\":\"ReadAction\",\"target\":[\"https:\\\/\\\/www.kliinikum.ee\\\/taastusravi\\\/kliinikust\\\/sporditraumatoloogia-keskus\\\/operatsioonid\\\/\"]}]},{\"@type\":\"ImageObject\",\"inLanguage\":\"et\",\"@id\":\"https:\\\/\\\/www.kliinikum.ee\\\/taastusravi\\\/kliinikust\\\/sporditraumatoloogia-keskus\\\/operatsioonid\\\/#primaryimage\",\"url\":\"https:\\\/\\\/www.kliinikum.ee\\\/taastusravi\\\/pildid\\\/icons\\\/pdf.png\",\"contentUrl\":\"https:\\\/\\\/www.kliinikum.ee\\\/taastusravi\\\/pildid\\\/icons\\\/pdf.png\"},{\"@type\":\"BreadcrumbList\",\"@id\":\"https:\\\/\\\/www.kliinikum.ee\\\/taastusravi\\\/kliinikust\\\/sporditraumatoloogia-keskus\\\/operatsioonid\\\/#breadcrumb\",\"itemListElement\":[{\"@type\":\"ListItem\",\"position\":1,\"name\":\"Home\",\"item\":\"https:\\\/\\\/www.kliinikum.ee\\\/taastusravi\\\/\"},{\"@type\":\"ListItem\",\"position\":2,\"name\":\"Osakonnad\",\"item\":\"https:\\\/\\\/www.kliinikum.ee\\\/taastusravi\\\/kliinikust\\\/\"},{\"@type\":\"ListItem\",\"position\":3,\"name\":\"Sporditraumatoloogia keskus\",\"item\":\"https:\\\/\\\/www.kliinikum.ee\\\/taastusravi\\\/kliinikust\\\/sporditraumatoloogia-keskus\\\/\"},{\"@type\":\"ListItem\",\"position\":4,\"name\":\"Infomaterjalid\"}]},{\"@type\":\"WebSite\",\"@id\":\"https:\\\/\\\/www.kliinikum.ee\\\/taastusravi\\\/#website\",\"url\":\"https:\\\/\\\/www.kliinikum.ee\\\/taastusravi\\\/\",\"name\":\"Spordimeditsiini ja taastusravi kliinik\",\"description\":\"Hoolivus, Uuendusmeelsus, P\u00e4devus ja Usaldusv\u00e4\u00e4rsus\",\"potentialAction\":[{\"@type\":\"SearchAction\",\"target\":{\"@type\":\"EntryPoint\",\"urlTemplate\":\"https:\\\/\\\/www.kliinikum.ee\\\/taastusravi\\\/?s={search_term_string}\"},\"query-input\":{\"@type\":\"PropertyValueSpecification\",\"valueRequired\":true,\"valueName\":\"search_term_string\"}}],\"inLanguage\":\"et\"}]}<\/script>\n<!-- \/ Yoast SEO plugin. -->","yoast_head_json":{"title":"Infomaterjalid - Spordimeditsiini ja taastusravi kliinik","robots":{"index":"index","follow":"follow","max-snippet":"max-snippet:-1","max-image-preview":"max-image-preview:large","max-video-preview":"max-video-preview:-1"},"canonical":"https:\/\/www.kliinikum.ee\/taastusravi\/kliinikust\/sporditraumatoloogia-keskus\/operatsioonid\/","og_locale":"et_EE","og_type":"article","og_title":"Infomaterjalid - Spordimeditsiini ja taastusravi kliinik","og_description":"\u00a0\u00d5laliigese artroskoopia\u00a0\u00a0Eesmise ristatisideme (ERS\/ACL) rebend\u00a0\u00a0\u00d5laliigese korduv nihestus: Bankarti artroskoopiline operatsioon\u00a0\u00a0\u00d5laliigese korduv nihestus: Latarjet operatsioon\u00a0\u00a0P\u00f5lveliigese k\u00f5hrekahjustus\u00a0\u00a0\u00d5laliigese k\u00f5\u00f5lusmanseti vigastus\u00a0\u00a0P\u00f5lveliigese meniskivigastus\u00a0\u00a0Kannak\u00f5\u00f5luse rebend\u00a0Operatsioonij\u00e4rgne meelespea\u00a0","og_url":"https:\/\/www.kliinikum.ee\/taastusravi\/kliinikust\/sporditraumatoloogia-keskus\/operatsioonid\/","og_site_name":"Spordimeditsiini ja taastusravi kliinik","article_modified_time":"2026-02-26T07:29:38+00:00","og_image":[{"url":"https:\/\/www.kliinikum.ee\/taastusravi\/pildid\/icons\/pdf.png","type":"","width":"","height":""}],"twitter_card":"summary_large_image","twitter_misc":{"Est. reading time":"2 minutit"},"schema":{"@context":"https:\/\/schema.org","@graph":[{"@type":"WebPage","@id":"https:\/\/www.kliinikum.ee\/taastusravi\/kliinikust\/sporditraumatoloogia-keskus\/operatsioonid\/","url":"https:\/\/www.kliinikum.ee\/taastusravi\/kliinikust\/sporditraumatoloogia-keskus\/operatsioonid\/","name":"Infomaterjalid - Spordimeditsiini ja taastusravi kliinik","isPartOf":{"@id":"https:\/\/www.kliinikum.ee\/taastusravi\/#website"},"primaryImageOfPage":{"@id":"https:\/\/www.kliinikum.ee\/taastusravi\/kliinikust\/sporditraumatoloogia-keskus\/operatsioonid\/#primaryimage"},"image":{"@id":"https:\/\/www.kliinikum.ee\/taastusravi\/kliinikust\/sporditraumatoloogia-keskus\/operatsioonid\/#primaryimage"},"thumbnailUrl":"https:\/\/www.kliinikum.ee\/taastusravi\/pildid\/icons\/pdf.png","datePublished":"2023-10-19T10:46:04+00:00","dateModified":"2026-02-26T07:29:38+00:00","breadcrumb":{"@id":"https:\/\/www.kliinikum.ee\/taastusravi\/kliinikust\/sporditraumatoloogia-keskus\/operatsioonid\/#breadcrumb"},"inLanguage":"et","potentialAction":[{"@type":"ReadAction","target":["https:\/\/www.kliinikum.ee\/taastusravi\/kliinikust\/sporditraumatoloogia-keskus\/operatsioonid\/"]}]},{"@type":"ImageObject","inLanguage":"et","@id":"https:\/\/www.kliinikum.ee\/taastusravi\/kliinikust\/sporditraumatoloogia-keskus\/operatsioonid\/#primaryimage","url":"https:\/\/www.kliinikum.ee\/taastusravi\/pildid\/icons\/pdf.png","contentUrl":"https:\/\/www.kliinikum.ee\/taastusravi\/pildid\/icons\/pdf.png"},{"@type":"BreadcrumbList","@id":"https:\/\/www.kliinikum.ee\/taastusravi\/kliinikust\/sporditraumatoloogia-keskus\/operatsioonid\/#breadcrumb","itemListElement":[{"@type":"ListItem","position":1,"name":"Home","item":"https:\/\/www.kliinikum.ee\/taastusravi\/"},{"@type":"ListItem","position":2,"name":"Osakonnad","item":"https:\/\/www.kliinikum.ee\/taastusravi\/kliinikust\/"},{"@type":"ListItem","position":3,"name":"Sporditraumatoloogia keskus","item":"https:\/\/www.kliinikum.ee\/taastusravi\/kliinikust\/sporditraumatoloogia-keskus\/"},{"@type":"ListItem","position":4,"name":"Infomaterjalid"}]},{"@type":"WebSite","@id":"https:\/\/www.kliinikum.ee\/taastusravi\/#website","url":"https:\/\/www.kliinikum.ee\/taastusravi\/","name":"Spordimeditsiini ja taastusravi kliinik","description":"Hoolivus, Uuendusmeelsus, P\u00e4devus ja Usaldusv\u00e4\u00e4rsus","potentialAction":[{"@type":"SearchAction","target":{"@type":"EntryPoint","urlTemplate":"https:\/\/www.kliinikum.ee\/taastusravi\/?s={search_term_string}"},"query-input":{"@type":"PropertyValueSpecification","valueRequired":true,"valueName":"search_term_string"}}],"inLanguage":"et"}]}},"uagb_featured_image_src":{"full":false,"thumbnail":false,"medium":false,"medium_large":false,"large":false,"1536x1536":false,"2048x2048":false},"uagb_author_info":{"display_name":"Mari S\u00f6\u00f6t","author_link":"https:\/\/www.kliinikum.ee\/taastusravi\/author\/maritar\/"},"uagb_comment_info":0,"uagb_excerpt":"\u00a0\u00d5laliigese artroskoopia\u00a0\u00a0Eesmise ristatisideme (ERS\/ACL) rebend\u00a0\u00a0\u00d5laliigese korduv nihestus: Bankarti artroskoopiline operatsioon\u00a0\u00a0\u00d5laliigese korduv nihestus: Latarjet operatsioon\u00a0\u00a0P\u00f5lveliigese k\u00f5hrekahjustus\u00a0\u00a0\u00d5laliigese k\u00f5\u00f5lusmanseti vigastus\u00a0\u00a0P\u00f5lveliigese meniskivigastus\u00a0\u00a0Kannak\u00f5\u00f5luse rebend\u00a0Operatsioonij\u00e4rgne meelespea\u00a0","_links":{"self":[{"href":"https:\/\/www.kliinikum.ee\/taastusravi\/wp-json\/wp\/v2\/pages\/6553","targetHints":{"allow":["GET"]}}],"collection":[{"href":"https:\/\/www.kliinikum.ee\/taastusravi\/wp-json\/wp\/v2\/pages"}],"about":[{"href":"https:\/\/www.kliinikum.ee\/taastusravi\/wp-json\/wp\/v2\/types\/page"}],"author":[{"embeddable":true,"href":"https:\/\/www.kliinikum.ee\/taastusravi\/wp-json\/wp\/v2\/users\/30"}],"replies":[{"embeddable":true,"href":"https:\/\/www.kliinikum.ee\/taastusravi\/wp-json\/wp\/v2\/comments?post=6553"}],"version-history":[{"count":0,"href":"https:\/\/www.kliinikum.ee\/taastusravi\/wp-json\/wp\/v2\/pages\/6553\/revisions"}],"up":[{"embeddable":true,"href":"https:\/\/www.kliinikum.ee\/taastusravi\/wp-json\/wp\/v2\/pages\/6393"}],"wp:attachment":[{"href":"https:\/\/www.kliinikum.ee\/taastusravi\/wp-json\/wp\/v2\/media?parent=6553"}],"curies":[{"name":"wp","href":"https:\/\/api.w.org\/{rel}","templated":true}]}}