{"id":7436,"date":"2024-01-17T08:51:47","date_gmt":"2024-01-17T06:51:47","guid":{"rendered":"https:\/\/www.kliinikum.ee\/taastusravi\/?page_id=7436"},"modified":"2026-04-17T12:23:27","modified_gmt":"2026-04-17T10:23:27","slug":"hinnakiri","status":"publish","type":"page","link":"https:\/\/www.kliinikum.ee\/taastusravi\/kliinikust\/spordimeditsiini-osakond\/hinnakiri\/","title":{"rendered":"Hinnakiri"},"content":{"rendered":"\n<p>Tasuliste teenuse hinnakiri spordimeditsiini osakonnas<\/p>\n\n\n\n<div class=\"wp-block-uagb-container uagb-block-67739b53 alignfull uagb-is-root-container\"><div class=\"uagb-container-inner-blocks-wrap\">\n<ul class=\"wp-block-list\">\n<li>Taastusarsti \/ spordiarsti esmane vastuv\u00f5tt (30 min) 70 \u20ac<\/li>\n\n\n\n<li>Taastusarsti \/ spordiarsti korduv vastuv\u00f5tt (15 min) 42 \u20ac<\/li>\n\n\n\n<li><strong><a href=\"https:\/\/www.kliinikum.ee\/taastusravi\/kliinikust\/spordimeditsiini-osakond\/patsiendile\/\" type=\"page\" id=\"6466\">Terviseuuringu pakett SPORT 175 \u20ac<\/a><\/strong><\/li>\n\n\n\n<li><strong><a href=\"https:\/\/www.kliinikum.ee\/taastusravi\/kliinikust\/spordimeditsiini-osakond\/patsiendile\/\" type=\"page\" id=\"6466\">Terviseuuringu pakett SPORT PLUSS 270 \u20ac<\/a><\/strong><\/li>\n\n\n\n<li><strong><a href=\"https:\/\/www.kliinikum.ee\/taastusravi\/kliinikust\/spordimeditsiini-osakond\/patsiendile\/\" type=\"page\" id=\"6466\">Terviseuuringu pakett SPORT ULTRA 300 \u20ac<\/a><\/strong><\/li>\n\n\n\n<li>Laktaadi m\u00e4\u00e4ramine veres koormusaegselt (\u00fche uuringu hind) 8 \u20ac<\/li>\n\n\n\n<li>Keha rasva- ja veesisalduse m\u00e4\u00e4ramine bioelektrilise takistuse meetodil 20 \u20ac<\/li>\n\n\n\n<li>EKG- koormustest (veloergomeetril, liikurrajal) 120 \u20ac<\/li>\n\n\n\n<li>EKG kompuuteranal\u00fc\u00fcsiga 25 \u20ac<\/li>\n\n\n\n<li>Spirograafia 26 \u20ac<\/li>\n\n\n\n<li>Ehhokardigraafia t\u00e4ismahus 180 \u20ac<\/li>\n\n\n\n<li>Holter monitooring 80 \u20ac<\/li>\n\n\n\n<li>Verer\u00f5hu \u00f6\u00f6p\u00e4evane uuring 60 \u20ac<\/li>\n\n\n\n<li>Hapnikutarbimise uuring 95 \u20ac<\/li>\n\n\n\n<li>Bronhodilataatortest 44 \u20ac<\/li>\n\n\n\n<li>F\u00fcsioterapeudi vastuv\u00f5tt 54 \u20ac<\/li>\n\n\n\n<li>F\u00fcsioterapeudi  konsultatsioon 40 \u20ac<\/li>\n\n\n\n<li><strong>S\u00f6\u00f6misalane n\u00f5ustamine, pakett 1<\/strong> 121 \u20ac\n<ul class=\"wp-block-list\">\n<li>Sisaldab: spordimeditsiini osakonna eriarsti ja spetsialisti vastuv\u00f5tt, vereanal\u00fc\u00fcsid (kokku 2 visiiti), vanus&gt;20 eluaasta<\/li>\n<\/ul>\n<\/li>\n\n\n\n<li><strong>S\u00f6\u00f6misalane n\u00f5ustamine, pakett 2<\/strong> 102 \u20ac\n<ul class=\"wp-block-list\">\n<li>Sisaldab: Spordimeditsiini osakonna eriarsti ja spetsialisti vastuv\u00f5tt, vereanal\u00fc\u00fcsid (kokku 2 visiiti), vanus 17-19 eluaastat<\/li>\n<\/ul>\n<\/li>\n<\/ul>\n<\/div><\/div>\n","protected":false},"excerpt":{"rendered":"<p>Tasuliste teenuse hinnakiri spordimeditsiini osakonnas<\/p>\n","protected":false},"author":30,"featured_media":0,"parent":6391,"menu_order":4,"comment_status":"closed","ping_status":"closed","template":"","meta":{"_acf_changed":false,"_uag_custom_page_level_css":"","footnotes":""},"class_list":["post-7436","page","type-page","status-publish","hentry"],"acf":[],"yoast_head":"<!-- This site is optimized with the Yoast SEO plugin v27.3 - https:\/\/yoast.com\/product\/yoast-seo-wordpress\/ -->\n<title>Hinnakiri - Spordimeditsiini ja taastusravi kliinik<\/title>\n<meta name=\"robots\" content=\"index, follow, max-snippet:-1, max-image-preview:large, max-video-preview:-1\" \/>\n<link rel=\"canonical\" href=\"https:\/\/www.kliinikum.ee\/taastusravi\/kliinikust\/spordimeditsiini-osakond\/hinnakiri\/\" \/>\n<meta property=\"og:locale\" content=\"et_EE\" \/>\n<meta property=\"og:type\" content=\"article\" \/>\n<meta property=\"og:title\" content=\"Hinnakiri - Spordimeditsiini ja taastusravi kliinik\" \/>\n<meta property=\"og:description\" content=\"Tasuliste teenuse hinnakiri spordimeditsiini osakonnas\" \/>\n<meta property=\"og:url\" content=\"https:\/\/www.kliinikum.ee\/taastusravi\/kliinikust\/spordimeditsiini-osakond\/hinnakiri\/\" \/>\n<meta property=\"og:site_name\" content=\"Spordimeditsiini ja taastusravi kliinik\" \/>\n<meta property=\"article:modified_time\" content=\"2026-04-17T10:23:27+00:00\" \/>\n<meta name=\"twitter:card\" content=\"summary_large_image\" \/>\n<meta name=\"twitter:label1\" content=\"Est. reading time\" \/>\n\t<meta name=\"twitter:data1\" content=\"1 minut\" \/>\n<script type=\"application\/ld+json\" class=\"yoast-schema-graph\">{\"@context\":\"https:\\\/\\\/schema.org\",\"@graph\":[{\"@type\":\"WebPage\",\"@id\":\"https:\\\/\\\/www.kliinikum.ee\\\/taastusravi\\\/kliinikust\\\/spordimeditsiini-osakond\\\/hinnakiri\\\/\",\"url\":\"https:\\\/\\\/www.kliinikum.ee\\\/taastusravi\\\/kliinikust\\\/spordimeditsiini-osakond\\\/hinnakiri\\\/\",\"name\":\"Hinnakiri - Spordimeditsiini ja taastusravi kliinik\",\"isPartOf\":{\"@id\":\"https:\\\/\\\/www.kliinikum.ee\\\/taastusravi\\\/#website\"},\"datePublished\":\"2024-01-17T06:51:47+00:00\",\"dateModified\":\"2026-04-17T10:23:27+00:00\",\"breadcrumb\":{\"@id\":\"https:\\\/\\\/www.kliinikum.ee\\\/taastusravi\\\/kliinikust\\\/spordimeditsiini-osakond\\\/hinnakiri\\\/#breadcrumb\"},\"inLanguage\":\"et\",\"potentialAction\":[{\"@type\":\"ReadAction\",\"target\":[\"https:\\\/\\\/www.kliinikum.ee\\\/taastusravi\\\/kliinikust\\\/spordimeditsiini-osakond\\\/hinnakiri\\\/\"]}]},{\"@type\":\"BreadcrumbList\",\"@id\":\"https:\\\/\\\/www.kliinikum.ee\\\/taastusravi\\\/kliinikust\\\/spordimeditsiini-osakond\\\/hinnakiri\\\/#breadcrumb\",\"itemListElement\":[{\"@type\":\"ListItem\",\"position\":1,\"name\":\"Home\",\"item\":\"https:\\\/\\\/www.kliinikum.ee\\\/taastusravi\\\/\"},{\"@type\":\"ListItem\",\"position\":2,\"name\":\"Osakonnad\",\"item\":\"https:\\\/\\\/www.kliinikum.ee\\\/taastusravi\\\/kliinikust\\\/\"},{\"@type\":\"ListItem\",\"position\":3,\"name\":\"Spordimeditsiini osakond\",\"item\":\"https:\\\/\\\/www.kliinikum.ee\\\/taastusravi\\\/kliinikust\\\/spordimeditsiini-osakond\\\/\"},{\"@type\":\"ListItem\",\"position\":4,\"name\":\"Hinnakiri\"}]},{\"@type\":\"WebSite\",\"@id\":\"https:\\\/\\\/www.kliinikum.ee\\\/taastusravi\\\/#website\",\"url\":\"https:\\\/\\\/www.kliinikum.ee\\\/taastusravi\\\/\",\"name\":\"Spordimeditsiini ja taastusravi kliinik\",\"description\":\"Hoolivus, Uuendusmeelsus, P\u00e4devus ja Usaldusv\u00e4\u00e4rsus\",\"potentialAction\":[{\"@type\":\"SearchAction\",\"target\":{\"@type\":\"EntryPoint\",\"urlTemplate\":\"https:\\\/\\\/www.kliinikum.ee\\\/taastusravi\\\/?s={search_term_string}\"},\"query-input\":{\"@type\":\"PropertyValueSpecification\",\"valueRequired\":true,\"valueName\":\"search_term_string\"}}],\"inLanguage\":\"et\"}]}<\/script>\n<!-- \/ Yoast SEO plugin. -->","yoast_head_json":{"title":"Hinnakiri - Spordimeditsiini ja taastusravi kliinik","robots":{"index":"index","follow":"follow","max-snippet":"max-snippet:-1","max-image-preview":"max-image-preview:large","max-video-preview":"max-video-preview:-1"},"canonical":"https:\/\/www.kliinikum.ee\/taastusravi\/kliinikust\/spordimeditsiini-osakond\/hinnakiri\/","og_locale":"et_EE","og_type":"article","og_title":"Hinnakiri - Spordimeditsiini ja taastusravi kliinik","og_description":"Tasuliste teenuse hinnakiri spordimeditsiini osakonnas","og_url":"https:\/\/www.kliinikum.ee\/taastusravi\/kliinikust\/spordimeditsiini-osakond\/hinnakiri\/","og_site_name":"Spordimeditsiini ja taastusravi kliinik","article_modified_time":"2026-04-17T10:23:27+00:00","twitter_card":"summary_large_image","twitter_misc":{"Est. reading time":"1 minut"},"schema":{"@context":"https:\/\/schema.org","@graph":[{"@type":"WebPage","@id":"https:\/\/www.kliinikum.ee\/taastusravi\/kliinikust\/spordimeditsiini-osakond\/hinnakiri\/","url":"https:\/\/www.kliinikum.ee\/taastusravi\/kliinikust\/spordimeditsiini-osakond\/hinnakiri\/","name":"Hinnakiri - Spordimeditsiini ja taastusravi kliinik","isPartOf":{"@id":"https:\/\/www.kliinikum.ee\/taastusravi\/#website"},"datePublished":"2024-01-17T06:51:47+00:00","dateModified":"2026-04-17T10:23:27+00:00","breadcrumb":{"@id":"https:\/\/www.kliinikum.ee\/taastusravi\/kliinikust\/spordimeditsiini-osakond\/hinnakiri\/#breadcrumb"},"inLanguage":"et","potentialAction":[{"@type":"ReadAction","target":["https:\/\/www.kliinikum.ee\/taastusravi\/kliinikust\/spordimeditsiini-osakond\/hinnakiri\/"]}]},{"@type":"BreadcrumbList","@id":"https:\/\/www.kliinikum.ee\/taastusravi\/kliinikust\/spordimeditsiini-osakond\/hinnakiri\/#breadcrumb","itemListElement":[{"@type":"ListItem","position":1,"name":"Home","item":"https:\/\/www.kliinikum.ee\/taastusravi\/"},{"@type":"ListItem","position":2,"name":"Osakonnad","item":"https:\/\/www.kliinikum.ee\/taastusravi\/kliinikust\/"},{"@type":"ListItem","position":3,"name":"Spordimeditsiini osakond","item":"https:\/\/www.kliinikum.ee\/taastusravi\/kliinikust\/spordimeditsiini-osakond\/"},{"@type":"ListItem","position":4,"name":"Hinnakiri"}]},{"@type":"WebSite","@id":"https:\/\/www.kliinikum.ee\/taastusravi\/#website","url":"https:\/\/www.kliinikum.ee\/taastusravi\/","name":"Spordimeditsiini ja taastusravi kliinik","description":"Hoolivus, Uuendusmeelsus, P\u00e4devus ja Usaldusv\u00e4\u00e4rsus","potentialAction":[{"@type":"SearchAction","target":{"@type":"EntryPoint","urlTemplate":"https:\/\/www.kliinikum.ee\/taastusravi\/?s={search_term_string}"},"query-input":{"@type":"PropertyValueSpecification","valueRequired":true,"valueName":"search_term_string"}}],"inLanguage":"et"}]}},"uagb_featured_image_src":{"full":false,"thumbnail":false,"medium":false,"medium_large":false,"large":false,"1536x1536":false,"2048x2048":false},"uagb_author_info":{"display_name":"Mari S\u00f6\u00f6t","author_link":"https:\/\/www.kliinikum.ee\/taastusravi\/author\/maritar\/"},"uagb_comment_info":0,"uagb_excerpt":"Tasuliste teenuse hinnakiri spordimeditsiini osakonnas","_links":{"self":[{"href":"https:\/\/www.kliinikum.ee\/taastusravi\/wp-json\/wp\/v2\/pages\/7436","targetHints":{"allow":["GET"]}}],"collection":[{"href":"https:\/\/www.kliinikum.ee\/taastusravi\/wp-json\/wp\/v2\/pages"}],"about":[{"href":"https:\/\/www.kliinikum.ee\/taastusravi\/wp-json\/wp\/v2\/types\/page"}],"author":[{"embeddable":true,"href":"https:\/\/www.kliinikum.ee\/taastusravi\/wp-json\/wp\/v2\/users\/30"}],"replies":[{"embeddable":true,"href":"https:\/\/www.kliinikum.ee\/taastusravi\/wp-json\/wp\/v2\/comments?post=7436"}],"version-history":[{"count":2,"href":"https:\/\/www.kliinikum.ee\/taastusravi\/wp-json\/wp\/v2\/pages\/7436\/revisions"}],"predecessor-version":[{"id":8422,"href":"https:\/\/www.kliinikum.ee\/taastusravi\/wp-json\/wp\/v2\/pages\/7436\/revisions\/8422"}],"up":[{"embeddable":true,"href":"https:\/\/www.kliinikum.ee\/taastusravi\/wp-json\/wp\/v2\/pages\/6391"}],"wp:attachment":[{"href":"https:\/\/www.kliinikum.ee\/taastusravi\/wp-json\/wp\/v2\/media?parent=7436"}],"curies":[{"name":"wp","href":"https:\/\/api.w.org\/{rel}","templated":true}]}}