{"id":7482,"date":"2024-04-04T11:24:43","date_gmt":"2024-04-04T09:24:43","guid":{"rendered":"https:\/\/www.kliinikum.ee\/taastusravi\/?page_id=7482"},"modified":"2026-02-26T09:16:46","modified_gmt":"2026-02-26T07:16:46","slug":"oe-vastuvott","status":"publish","type":"page","link":"https:\/\/www.kliinikum.ee\/taastusravi\/kliinikust\/sporditraumatoloogia-keskus\/oe-vastuvott\/","title":{"rendered":"\u00d5e vastuv\u00f5tt"},"content":{"rendered":"\n<figure class=\"wp-block-table\"><table><tbody><tr><td>Sihtr\u00fchm<\/td><td>Sporditraumatoloogia keskuse pre- ja postoperatiivsed patsiendid.<\/td><\/tr><tr><td>Vastuv\u00f5tu sisu<\/td><td>Terviseseisundi hindamine ja terviseriskide anal\u00fc\u00fcs. <br>Pre- ja postoperatiivne patsiendi ja tema l\u00e4hedaste n\u00f5ustamine ning \u00f5petamine (sh haavahooldus, h\u00fcgieen, re\u017eiim). <br>N\u00f5ustamine infektsioonide ennetamise ja \u00e4ratundmise osas, spetsialistile p\u00f6\u00f6rdumise vajaduse selgitamine. <br>Ravimite koos- ja k\u00f5rvaltoimete selgitamine. <br>Taastusravi planeerimine sporditraumatoloogia keskuses. <br>Probleemide hindamine, probleemip\u00f5hine n\u00f5ustamine, raviarstiga kontakteerumine. <br>Infomaterjalide jagamine. <br>Enesetunde ja terviseseisundi j\u00e4lgimise \u00f5petamine, j\u00e4relkontrolli olulisuse selgitamine. <br>Tervishoiuteenuse n\u00f5uetekohane dokumenteerimine.&nbsp; <br>N\u00f5ustamine sidevahendite teel.&nbsp;<\/td><\/tr><tr><td>Vastuv\u00f5tule registreerimine<\/td><td>\u00d5e vastuv\u00f5tuaja broneerimiseks on vajalik kliinikumi ortopeedi (sporditrauma) saatekiri. Vastuv\u00f5tuaja broneerib ortopeediga (sporditrauma) vastuv\u00f5tte tegev \u00f5de.<\/td><\/tr><tr><td>Vastuv\u00f5tuaja t\u00fchistamine, muutmine<\/td><td>Kui Teil ei ole v\u00f5imalik kokkulepitud ajal vastuv\u00f5tule tulla, palume sellest kindlasti teatada. Vastuv\u00f5tuaja t\u00fchistamiseks v\u00f5i muutmiseks helistage palun telefonil 731 9115 v\u00f5i 731 9447\u00a0 v\u00f5i saatke e-kiri <a href=\"mailto:kertu.pedosk@kliinikum.ee\">kertu.pedosk@kliinikum.ee<\/a> <\/td><\/tr><tr><td>Vastuv\u00f5tu toimumise koht<\/td><td>Spordimeditsiini ja taastusravi kliinik, sporditraumatoloogia keskus L. Puusepa 1a, II korrus, ruum 2102. Tulla otse kabinetti, registratuurist ei pea l\u00e4bi minema.<\/td><\/tr><tr><td>Vastuv\u00f5tuajad<\/td><td>Kertu Pedosk E-N 10.00-12.00<\/td><\/tr><tr><td>Vastuv\u00f5tu kestus<\/td><td>Vastuv\u00f5tu kestus on 30 minutit.<\/td><\/tr><tr><td>Visiiditasu<\/td><td>Ravikindlustusega isikute visiiditasu maksab Tervisekassa. Ravikindlustuse puudumisel tasub visiidi eest patsient ise.<\/td><\/tr><tr><td>Soovitused vastuv\u00f5tule p\u00f6\u00f6rdumisel<\/td><td>Soovi korral v\u00f5tke kaasa teile operatsioonij\u00e4rgselt antud paberid\/infomaterjalid ja m\u00e4rkige endale \u00fcles k\u00fcsimused, millele soovite vastuseid saada.<\/td><\/tr><\/tbody><\/table><\/figure>\n","protected":false},"excerpt":{"rendered":"<p>Sihtr\u00fchm Sporditraumatoloogia keskuse pre- ja postoperatiivsed patsiendid. Vastuv\u00f5tu sisu Terviseseisundi hindamine ja terviseriskide anal\u00fc\u00fcs. Pre- ja postoperatiivne patsiendi ja tema l\u00e4hedaste n\u00f5ustamine ning \u00f5petamine (sh haavahooldus, h\u00fcgieen, re\u017eiim). N\u00f5ustamine infektsioonide ennetamise ja \u00e4ratundmise osas, spetsialistile p\u00f6\u00f6rdumise vajaduse selgitamine. Ravimite koos- ja k\u00f5rvaltoimete selgitamine. Taastusravi planeerimine sporditraumatoloogia keskuses. Probleemide hindamine, probleemip\u00f5hine n\u00f5ustamine, raviarstiga kontakteerumine. Infomaterjalide jagamine. [&hellip;]<\/p>\n","protected":false},"author":30,"featured_media":0,"parent":6393,"menu_order":2,"comment_status":"closed","ping_status":"closed","template":"","meta":{"_acf_changed":false,"_uag_custom_page_level_css":"","footnotes":""},"class_list":["post-7482","page","type-page","status-publish","hentry"],"acf":[],"yoast_head":"<!-- This site is optimized with the Yoast SEO plugin v27.3 - https:\/\/yoast.com\/product\/yoast-seo-wordpress\/ -->\n<title>\u00d5e vastuv\u00f5tt - Spordimeditsiini ja taastusravi kliinik<\/title>\n<meta name=\"robots\" content=\"index, follow, max-snippet:-1, max-image-preview:large, max-video-preview:-1\" \/>\n<link rel=\"canonical\" href=\"https:\/\/www.kliinikum.ee\/taastusravi\/kliinikust\/sporditraumatoloogia-keskus\/oe-vastuvott\/\" \/>\n<meta property=\"og:locale\" content=\"et_EE\" \/>\n<meta property=\"og:type\" content=\"article\" \/>\n<meta property=\"og:title\" content=\"\u00d5e vastuv\u00f5tt - Spordimeditsiini ja taastusravi kliinik\" \/>\n<meta property=\"og:description\" content=\"Sihtr\u00fchm Sporditraumatoloogia keskuse pre- ja postoperatiivsed patsiendid. Vastuv\u00f5tu sisu Terviseseisundi hindamine ja terviseriskide anal\u00fc\u00fcs. Pre- ja postoperatiivne patsiendi ja tema l\u00e4hedaste n\u00f5ustamine ning \u00f5petamine (sh haavahooldus, h\u00fcgieen, re\u017eiim). N\u00f5ustamine infektsioonide ennetamise ja \u00e4ratundmise osas, spetsialistile p\u00f6\u00f6rdumise vajaduse selgitamine. Ravimite koos- ja k\u00f5rvaltoimete selgitamine. Taastusravi planeerimine sporditraumatoloogia keskuses. Probleemide hindamine, probleemip\u00f5hine n\u00f5ustamine, raviarstiga kontakteerumine. Infomaterjalide jagamine. [&hellip;]\" \/>\n<meta property=\"og:url\" content=\"https:\/\/www.kliinikum.ee\/taastusravi\/kliinikust\/sporditraumatoloogia-keskus\/oe-vastuvott\/\" \/>\n<meta property=\"og:site_name\" content=\"Spordimeditsiini ja taastusravi kliinik\" \/>\n<meta property=\"article:modified_time\" content=\"2026-02-26T07:16:46+00:00\" \/>\n<meta name=\"twitter:card\" content=\"summary_large_image\" \/>\n<meta name=\"twitter:label1\" content=\"Est. reading time\" \/>\n\t<meta name=\"twitter:data1\" content=\"2 minutit\" \/>\n<script type=\"application\/ld+json\" class=\"yoast-schema-graph\">{\"@context\":\"https:\\\/\\\/schema.org\",\"@graph\":[{\"@type\":\"WebPage\",\"@id\":\"https:\\\/\\\/www.kliinikum.ee\\\/taastusravi\\\/kliinikust\\\/sporditraumatoloogia-keskus\\\/oe-vastuvott\\\/\",\"url\":\"https:\\\/\\\/www.kliinikum.ee\\\/taastusravi\\\/kliinikust\\\/sporditraumatoloogia-keskus\\\/oe-vastuvott\\\/\",\"name\":\"\u00d5e vastuv\u00f5tt - Spordimeditsiini ja taastusravi kliinik\",\"isPartOf\":{\"@id\":\"https:\\\/\\\/www.kliinikum.ee\\\/taastusravi\\\/#website\"},\"datePublished\":\"2024-04-04T09:24:43+00:00\",\"dateModified\":\"2026-02-26T07:16:46+00:00\",\"breadcrumb\":{\"@id\":\"https:\\\/\\\/www.kliinikum.ee\\\/taastusravi\\\/kliinikust\\\/sporditraumatoloogia-keskus\\\/oe-vastuvott\\\/#breadcrumb\"},\"inLanguage\":\"et\",\"potentialAction\":[{\"@type\":\"ReadAction\",\"target\":[\"https:\\\/\\\/www.kliinikum.ee\\\/taastusravi\\\/kliinikust\\\/sporditraumatoloogia-keskus\\\/oe-vastuvott\\\/\"]}]},{\"@type\":\"BreadcrumbList\",\"@id\":\"https:\\\/\\\/www.kliinikum.ee\\\/taastusravi\\\/kliinikust\\\/sporditraumatoloogia-keskus\\\/oe-vastuvott\\\/#breadcrumb\",\"itemListElement\":[{\"@type\":\"ListItem\",\"position\":1,\"name\":\"Home\",\"item\":\"https:\\\/\\\/www.kliinikum.ee\\\/taastusravi\\\/\"},{\"@type\":\"ListItem\",\"position\":2,\"name\":\"Osakonnad\",\"item\":\"https:\\\/\\\/www.kliinikum.ee\\\/taastusravi\\\/kliinikust\\\/\"},{\"@type\":\"ListItem\",\"position\":3,\"name\":\"Sporditraumatoloogia keskus\",\"item\":\"https:\\\/\\\/www.kliinikum.ee\\\/taastusravi\\\/kliinikust\\\/sporditraumatoloogia-keskus\\\/\"},{\"@type\":\"ListItem\",\"position\":4,\"name\":\"\u00d5e vastuv\u00f5tt\"}]},{\"@type\":\"WebSite\",\"@id\":\"https:\\\/\\\/www.kliinikum.ee\\\/taastusravi\\\/#website\",\"url\":\"https:\\\/\\\/www.kliinikum.ee\\\/taastusravi\\\/\",\"name\":\"Spordimeditsiini ja taastusravi kliinik\",\"description\":\"Hoolivus, Uuendusmeelsus, P\u00e4devus ja Usaldusv\u00e4\u00e4rsus\",\"potentialAction\":[{\"@type\":\"SearchAction\",\"target\":{\"@type\":\"EntryPoint\",\"urlTemplate\":\"https:\\\/\\\/www.kliinikum.ee\\\/taastusravi\\\/?s={search_term_string}\"},\"query-input\":{\"@type\":\"PropertyValueSpecification\",\"valueRequired\":true,\"valueName\":\"search_term_string\"}}],\"inLanguage\":\"et\"}]}<\/script>\n<!-- \/ Yoast SEO plugin. -->","yoast_head_json":{"title":"\u00d5e vastuv\u00f5tt - Spordimeditsiini ja taastusravi kliinik","robots":{"index":"index","follow":"follow","max-snippet":"max-snippet:-1","max-image-preview":"max-image-preview:large","max-video-preview":"max-video-preview:-1"},"canonical":"https:\/\/www.kliinikum.ee\/taastusravi\/kliinikust\/sporditraumatoloogia-keskus\/oe-vastuvott\/","og_locale":"et_EE","og_type":"article","og_title":"\u00d5e vastuv\u00f5tt - Spordimeditsiini ja taastusravi kliinik","og_description":"Sihtr\u00fchm Sporditraumatoloogia keskuse pre- ja postoperatiivsed patsiendid. Vastuv\u00f5tu sisu Terviseseisundi hindamine ja terviseriskide anal\u00fc\u00fcs. Pre- ja postoperatiivne patsiendi ja tema l\u00e4hedaste n\u00f5ustamine ning \u00f5petamine (sh haavahooldus, h\u00fcgieen, re\u017eiim). N\u00f5ustamine infektsioonide ennetamise ja \u00e4ratundmise osas, spetsialistile p\u00f6\u00f6rdumise vajaduse selgitamine. Ravimite koos- ja k\u00f5rvaltoimete selgitamine. Taastusravi planeerimine sporditraumatoloogia keskuses. Probleemide hindamine, probleemip\u00f5hine n\u00f5ustamine, raviarstiga kontakteerumine. Infomaterjalide jagamine. [&hellip;]","og_url":"https:\/\/www.kliinikum.ee\/taastusravi\/kliinikust\/sporditraumatoloogia-keskus\/oe-vastuvott\/","og_site_name":"Spordimeditsiini ja taastusravi kliinik","article_modified_time":"2026-02-26T07:16:46+00:00","twitter_card":"summary_large_image","twitter_misc":{"Est. reading time":"2 minutit"},"schema":{"@context":"https:\/\/schema.org","@graph":[{"@type":"WebPage","@id":"https:\/\/www.kliinikum.ee\/taastusravi\/kliinikust\/sporditraumatoloogia-keskus\/oe-vastuvott\/","url":"https:\/\/www.kliinikum.ee\/taastusravi\/kliinikust\/sporditraumatoloogia-keskus\/oe-vastuvott\/","name":"\u00d5e vastuv\u00f5tt - Spordimeditsiini ja taastusravi kliinik","isPartOf":{"@id":"https:\/\/www.kliinikum.ee\/taastusravi\/#website"},"datePublished":"2024-04-04T09:24:43+00:00","dateModified":"2026-02-26T07:16:46+00:00","breadcrumb":{"@id":"https:\/\/www.kliinikum.ee\/taastusravi\/kliinikust\/sporditraumatoloogia-keskus\/oe-vastuvott\/#breadcrumb"},"inLanguage":"et","potentialAction":[{"@type":"ReadAction","target":["https:\/\/www.kliinikum.ee\/taastusravi\/kliinikust\/sporditraumatoloogia-keskus\/oe-vastuvott\/"]}]},{"@type":"BreadcrumbList","@id":"https:\/\/www.kliinikum.ee\/taastusravi\/kliinikust\/sporditraumatoloogia-keskus\/oe-vastuvott\/#breadcrumb","itemListElement":[{"@type":"ListItem","position":1,"name":"Home","item":"https:\/\/www.kliinikum.ee\/taastusravi\/"},{"@type":"ListItem","position":2,"name":"Osakonnad","item":"https:\/\/www.kliinikum.ee\/taastusravi\/kliinikust\/"},{"@type":"ListItem","position":3,"name":"Sporditraumatoloogia keskus","item":"https:\/\/www.kliinikum.ee\/taastusravi\/kliinikust\/sporditraumatoloogia-keskus\/"},{"@type":"ListItem","position":4,"name":"\u00d5e vastuv\u00f5tt"}]},{"@type":"WebSite","@id":"https:\/\/www.kliinikum.ee\/taastusravi\/#website","url":"https:\/\/www.kliinikum.ee\/taastusravi\/","name":"Spordimeditsiini ja taastusravi kliinik","description":"Hoolivus, Uuendusmeelsus, P\u00e4devus ja Usaldusv\u00e4\u00e4rsus","potentialAction":[{"@type":"SearchAction","target":{"@type":"EntryPoint","urlTemplate":"https:\/\/www.kliinikum.ee\/taastusravi\/?s={search_term_string}"},"query-input":{"@type":"PropertyValueSpecification","valueRequired":true,"valueName":"search_term_string"}}],"inLanguage":"et"}]}},"uagb_featured_image_src":{"full":false,"thumbnail":false,"medium":false,"medium_large":false,"large":false,"1536x1536":false,"2048x2048":false},"uagb_author_info":{"display_name":"Mari S\u00f6\u00f6t","author_link":"https:\/\/www.kliinikum.ee\/taastusravi\/author\/maritar\/"},"uagb_comment_info":0,"uagb_excerpt":"Sihtr\u00fchm Sporditraumatoloogia keskuse pre- ja postoperatiivsed patsiendid. Vastuv\u00f5tu sisu Terviseseisundi hindamine ja terviseriskide anal\u00fc\u00fcs. Pre- ja postoperatiivne patsiendi ja tema l\u00e4hedaste n\u00f5ustamine ning \u00f5petamine (sh haavahooldus, h\u00fcgieen, re\u017eiim). N\u00f5ustamine infektsioonide ennetamise ja \u00e4ratundmise osas, spetsialistile p\u00f6\u00f6rdumise vajaduse selgitamine. Ravimite koos- ja k\u00f5rvaltoimete selgitamine. Taastusravi planeerimine sporditraumatoloogia keskuses. Probleemide hindamine, probleemip\u00f5hine n\u00f5ustamine, raviarstiga kontakteerumine. Infomaterjalide jagamine.&hellip;","_links":{"self":[{"href":"https:\/\/www.kliinikum.ee\/taastusravi\/wp-json\/wp\/v2\/pages\/7482","targetHints":{"allow":["GET"]}}],"collection":[{"href":"https:\/\/www.kliinikum.ee\/taastusravi\/wp-json\/wp\/v2\/pages"}],"about":[{"href":"https:\/\/www.kliinikum.ee\/taastusravi\/wp-json\/wp\/v2\/types\/page"}],"author":[{"embeddable":true,"href":"https:\/\/www.kliinikum.ee\/taastusravi\/wp-json\/wp\/v2\/users\/30"}],"replies":[{"embeddable":true,"href":"https:\/\/www.kliinikum.ee\/taastusravi\/wp-json\/wp\/v2\/comments?post=7482"}],"version-history":[{"count":0,"href":"https:\/\/www.kliinikum.ee\/taastusravi\/wp-json\/wp\/v2\/pages\/7482\/revisions"}],"up":[{"embeddable":true,"href":"https:\/\/www.kliinikum.ee\/taastusravi\/wp-json\/wp\/v2\/pages\/6393"}],"wp:attachment":[{"href":"https:\/\/www.kliinikum.ee\/taastusravi\/wp-json\/wp\/v2\/media?parent=7482"}],"curies":[{"name":"wp","href":"https:\/\/api.w.org\/{rel}","templated":true}]}}