{"id":7572,"date":"2024-06-14T09:42:28","date_gmt":"2024-06-14T07:42:28","guid":{"rendered":"https:\/\/www.kliinikum.ee\/taastusravi\/?page_id=7572"},"modified":"2025-04-25T10:06:46","modified_gmt":"2025-04-25T08:06:46","slug":"stress","status":"publish","type":"page","link":"https:\/\/www.kliinikum.ee\/taastusravi\/kliinikust\/ambulatoorse-taastusravi-osakond\/kardioloogiline-taastusravi\/infarkti-riskitegurid\/stress\/","title":{"rendered":"Stress"},"content":{"rendered":"\n<div class=\"wp-block-group has-global-padding\"><div class=\"wp-block-group__inner-container is-layout-constrained wp-block-group-is-layout-constrained\">\n<p>\u00c4kki tekkinud emotsionaalne stress p\u00f5hjustab s\u00fcdamet\u00f6\u00f6 kiirenemise ja s\u00fcdamelihase tugevamaid kokkut\u00f5mbeid. Korduvad stressiepisoodid v\u00f5ivad viia s\u00fcdameprobleemide tekkimiseni.<\/p>\n\n\n\n<p>\u00dclekaalu tekkep\u00f5hjus v\u00f5ib olla ka liigs\u00f6\u00f6mine, mis on nii stressi tagaj\u00e4rg kui ka selle p\u00f5hjus. K\u00fcsi siin abi oma taastusravi meeskonna spetsialistidelt (toitumisspetsialistilt, ps\u00fchholoogilt).<\/p>\n\n\n\n<blockquote class=\"wp-block-quote has-text-color has-link-color wp-elements-6d9884fbbe4ec357f905e35aef089e42 is-layout-flow wp-block-quote-is-layout-flow\" style=\"color:#00cfb4\">\n<p><\/p>\n<cite><em><strong>\"Stress. See salakaval asjandus k\u00e4ib p\u00e4ris tihti kallal. Eks ta teeb palju pahandust ka. Minu jaoks on selline aeg november, detsember, kus see p\u00f5rguline vahel k\u00fclas k\u00e4ib. Meenub, kuidas \u00fcks treeningukaaslane kogu aeg arutles, kui kaua infarktiga eluaastaid antud. Nii kogu aeg! Parem tegeleda millegi kasulikuga ja j\u00e4tta see ennustamine k\u00f5igek\u00f5rgema k\u00e4tte. V\u00e4rske \u00f5hk, lapselastega veedetud aeg jne.\" VELLO<\/strong><\/em><\/cite><\/blockquote>\n<\/div><\/div>\n","protected":false},"excerpt":{"rendered":"<p>\u00c4kki tekkinud emotsionaalne stress p\u00f5hjustab s\u00fcdamet\u00f6\u00f6 kiirenemise ja s\u00fcdamelihase tugevamaid kokkut\u00f5mbeid. Korduvad stressiepisoodid v\u00f5ivad viia s\u00fcdameprobleemide tekkimiseni. \u00dclekaalu tekkep\u00f5hjus v\u00f5ib olla ka liigs\u00f6\u00f6mine, mis on nii stressi tagaj\u00e4rg kui ka selle p\u00f5hjus. K\u00fcsi siin abi oma taastusravi meeskonna spetsialistidelt (toitumisspetsialistilt, ps\u00fchholoogilt).<\/p>\n","protected":false},"author":30,"featured_media":0,"parent":7579,"menu_order":7,"comment_status":"closed","ping_status":"closed","template":"","meta":{"_acf_changed":false,"_uag_custom_page_level_css":"","footnotes":""},"class_list":["post-7572","page","type-page","status-publish","hentry"],"acf":[],"yoast_head":"<!-- This site is optimized with the Yoast SEO plugin v27.3 - https:\/\/yoast.com\/product\/yoast-seo-wordpress\/ -->\n<title>Stress - Spordimeditsiini ja taastusravi kliinik<\/title>\n<meta name=\"robots\" content=\"index, follow, max-snippet:-1, max-image-preview:large, max-video-preview:-1\" \/>\n<link rel=\"canonical\" href=\"https:\/\/www.kliinikum.ee\/taastusravi\/kliinikust\/ambulatoorse-taastusravi-osakond\/kardioloogiline-taastusravi\/infarkti-riskitegurid\/stress\/\" \/>\n<meta property=\"og:locale\" content=\"et_EE\" \/>\n<meta property=\"og:type\" content=\"article\" \/>\n<meta property=\"og:title\" content=\"Stress - Spordimeditsiini ja taastusravi kliinik\" \/>\n<meta property=\"og:description\" content=\"\u00c4kki tekkinud emotsionaalne stress p\u00f5hjustab s\u00fcdamet\u00f6\u00f6 kiirenemise ja s\u00fcdamelihase tugevamaid kokkut\u00f5mbeid. Korduvad stressiepisoodid v\u00f5ivad viia s\u00fcdameprobleemide tekkimiseni. \u00dclekaalu tekkep\u00f5hjus v\u00f5ib olla ka liigs\u00f6\u00f6mine, mis on nii stressi tagaj\u00e4rg kui ka selle p\u00f5hjus. K\u00fcsi siin abi oma taastusravi meeskonna spetsialistidelt (toitumisspetsialistilt, ps\u00fchholoogilt).\" \/>\n<meta property=\"og:url\" content=\"https:\/\/www.kliinikum.ee\/taastusravi\/kliinikust\/ambulatoorse-taastusravi-osakond\/kardioloogiline-taastusravi\/infarkti-riskitegurid\/stress\/\" \/>\n<meta property=\"og:site_name\" content=\"Spordimeditsiini ja taastusravi kliinik\" \/>\n<meta property=\"article:modified_time\" content=\"2025-04-25T08:06:46+00:00\" \/>\n<meta name=\"twitter:card\" content=\"summary_large_image\" \/>\n<meta name=\"twitter:label1\" content=\"Est. reading time\" \/>\n\t<meta name=\"twitter:data1\" content=\"1 minut\" \/>\n<script type=\"application\/ld+json\" class=\"yoast-schema-graph\">{\"@context\":\"https:\\\/\\\/schema.org\",\"@graph\":[{\"@type\":\"WebPage\",\"@id\":\"https:\\\/\\\/www.kliinikum.ee\\\/taastusravi\\\/kliinikust\\\/ambulatoorse-taastusravi-osakond\\\/kardioloogiline-taastusravi\\\/infarkti-riskitegurid\\\/stress\\\/\",\"url\":\"https:\\\/\\\/www.kliinikum.ee\\\/taastusravi\\\/kliinikust\\\/ambulatoorse-taastusravi-osakond\\\/kardioloogiline-taastusravi\\\/infarkti-riskitegurid\\\/stress\\\/\",\"name\":\"Stress - Spordimeditsiini ja taastusravi kliinik\",\"isPartOf\":{\"@id\":\"https:\\\/\\\/www.kliinikum.ee\\\/taastusravi\\\/#website\"},\"datePublished\":\"2024-06-14T07:42:28+00:00\",\"dateModified\":\"2025-04-25T08:06:46+00:00\",\"breadcrumb\":{\"@id\":\"https:\\\/\\\/www.kliinikum.ee\\\/taastusravi\\\/kliinikust\\\/ambulatoorse-taastusravi-osakond\\\/kardioloogiline-taastusravi\\\/infarkti-riskitegurid\\\/stress\\\/#breadcrumb\"},\"inLanguage\":\"et\",\"potentialAction\":[{\"@type\":\"ReadAction\",\"target\":[\"https:\\\/\\\/www.kliinikum.ee\\\/taastusravi\\\/kliinikust\\\/ambulatoorse-taastusravi-osakond\\\/kardioloogiline-taastusravi\\\/infarkti-riskitegurid\\\/stress\\\/\"]}]},{\"@type\":\"BreadcrumbList\",\"@id\":\"https:\\\/\\\/www.kliinikum.ee\\\/taastusravi\\\/kliinikust\\\/ambulatoorse-taastusravi-osakond\\\/kardioloogiline-taastusravi\\\/infarkti-riskitegurid\\\/stress\\\/#breadcrumb\",\"itemListElement\":[{\"@type\":\"ListItem\",\"position\":1,\"name\":\"Home\",\"item\":\"https:\\\/\\\/www.kliinikum.ee\\\/taastusravi\\\/\"},{\"@type\":\"ListItem\",\"position\":2,\"name\":\"Osakonnad\",\"item\":\"https:\\\/\\\/www.kliinikum.ee\\\/taastusravi\\\/kliinikust\\\/\"},{\"@type\":\"ListItem\",\"position\":3,\"name\":\"Ambulatoorse taastusravi osakond\",\"item\":\"https:\\\/\\\/www.kliinikum.ee\\\/taastusravi\\\/kliinikust\\\/ambulatoorse-taastusravi-osakond\\\/\"},{\"@type\":\"ListItem\",\"position\":4,\"name\":\"Kardioloogiline taastusravi\",\"item\":\"https:\\\/\\\/www.kliinikum.ee\\\/taastusravi\\\/kliinikust\\\/ambulatoorse-taastusravi-osakond\\\/kardioloogiline-taastusravi\\\/\"},{\"@type\":\"ListItem\",\"position\":5,\"name\":\"Infarkti riskitegurid\",\"item\":\"https:\\\/\\\/www.kliinikum.ee\\\/taastusravi\\\/kliinikust\\\/ambulatoorse-taastusravi-osakond\\\/kardioloogiline-taastusravi\\\/infarkti-riskitegurid\\\/\"},{\"@type\":\"ListItem\",\"position\":6,\"name\":\"Stress\"}]},{\"@type\":\"WebSite\",\"@id\":\"https:\\\/\\\/www.kliinikum.ee\\\/taastusravi\\\/#website\",\"url\":\"https:\\\/\\\/www.kliinikum.ee\\\/taastusravi\\\/\",\"name\":\"Spordimeditsiini ja taastusravi kliinik\",\"description\":\"Hoolivus, Uuendusmeelsus, P\u00e4devus ja Usaldusv\u00e4\u00e4rsus\",\"potentialAction\":[{\"@type\":\"SearchAction\",\"target\":{\"@type\":\"EntryPoint\",\"urlTemplate\":\"https:\\\/\\\/www.kliinikum.ee\\\/taastusravi\\\/?s={search_term_string}\"},\"query-input\":{\"@type\":\"PropertyValueSpecification\",\"valueRequired\":true,\"valueName\":\"search_term_string\"}}],\"inLanguage\":\"et\"}]}<\/script>\n<!-- \/ Yoast SEO plugin. -->","yoast_head_json":{"title":"Stress - Spordimeditsiini ja taastusravi kliinik","robots":{"index":"index","follow":"follow","max-snippet":"max-snippet:-1","max-image-preview":"max-image-preview:large","max-video-preview":"max-video-preview:-1"},"canonical":"https:\/\/www.kliinikum.ee\/taastusravi\/kliinikust\/ambulatoorse-taastusravi-osakond\/kardioloogiline-taastusravi\/infarkti-riskitegurid\/stress\/","og_locale":"et_EE","og_type":"article","og_title":"Stress - Spordimeditsiini ja taastusravi kliinik","og_description":"\u00c4kki tekkinud emotsionaalne stress p\u00f5hjustab s\u00fcdamet\u00f6\u00f6 kiirenemise ja s\u00fcdamelihase tugevamaid kokkut\u00f5mbeid. Korduvad stressiepisoodid v\u00f5ivad viia s\u00fcdameprobleemide tekkimiseni. \u00dclekaalu tekkep\u00f5hjus v\u00f5ib olla ka liigs\u00f6\u00f6mine, mis on nii stressi tagaj\u00e4rg kui ka selle p\u00f5hjus. K\u00fcsi siin abi oma taastusravi meeskonna spetsialistidelt (toitumisspetsialistilt, ps\u00fchholoogilt).","og_url":"https:\/\/www.kliinikum.ee\/taastusravi\/kliinikust\/ambulatoorse-taastusravi-osakond\/kardioloogiline-taastusravi\/infarkti-riskitegurid\/stress\/","og_site_name":"Spordimeditsiini ja taastusravi kliinik","article_modified_time":"2025-04-25T08:06:46+00:00","twitter_card":"summary_large_image","twitter_misc":{"Est. reading time":"1 minut"},"schema":{"@context":"https:\/\/schema.org","@graph":[{"@type":"WebPage","@id":"https:\/\/www.kliinikum.ee\/taastusravi\/kliinikust\/ambulatoorse-taastusravi-osakond\/kardioloogiline-taastusravi\/infarkti-riskitegurid\/stress\/","url":"https:\/\/www.kliinikum.ee\/taastusravi\/kliinikust\/ambulatoorse-taastusravi-osakond\/kardioloogiline-taastusravi\/infarkti-riskitegurid\/stress\/","name":"Stress - Spordimeditsiini ja taastusravi kliinik","isPartOf":{"@id":"https:\/\/www.kliinikum.ee\/taastusravi\/#website"},"datePublished":"2024-06-14T07:42:28+00:00","dateModified":"2025-04-25T08:06:46+00:00","breadcrumb":{"@id":"https:\/\/www.kliinikum.ee\/taastusravi\/kliinikust\/ambulatoorse-taastusravi-osakond\/kardioloogiline-taastusravi\/infarkti-riskitegurid\/stress\/#breadcrumb"},"inLanguage":"et","potentialAction":[{"@type":"ReadAction","target":["https:\/\/www.kliinikum.ee\/taastusravi\/kliinikust\/ambulatoorse-taastusravi-osakond\/kardioloogiline-taastusravi\/infarkti-riskitegurid\/stress\/"]}]},{"@type":"BreadcrumbList","@id":"https:\/\/www.kliinikum.ee\/taastusravi\/kliinikust\/ambulatoorse-taastusravi-osakond\/kardioloogiline-taastusravi\/infarkti-riskitegurid\/stress\/#breadcrumb","itemListElement":[{"@type":"ListItem","position":1,"name":"Home","item":"https:\/\/www.kliinikum.ee\/taastusravi\/"},{"@type":"ListItem","position":2,"name":"Osakonnad","item":"https:\/\/www.kliinikum.ee\/taastusravi\/kliinikust\/"},{"@type":"ListItem","position":3,"name":"Ambulatoorse taastusravi osakond","item":"https:\/\/www.kliinikum.ee\/taastusravi\/kliinikust\/ambulatoorse-taastusravi-osakond\/"},{"@type":"ListItem","position":4,"name":"Kardioloogiline taastusravi","item":"https:\/\/www.kliinikum.ee\/taastusravi\/kliinikust\/ambulatoorse-taastusravi-osakond\/kardioloogiline-taastusravi\/"},{"@type":"ListItem","position":5,"name":"Infarkti riskitegurid","item":"https:\/\/www.kliinikum.ee\/taastusravi\/kliinikust\/ambulatoorse-taastusravi-osakond\/kardioloogiline-taastusravi\/infarkti-riskitegurid\/"},{"@type":"ListItem","position":6,"name":"Stress"}]},{"@type":"WebSite","@id":"https:\/\/www.kliinikum.ee\/taastusravi\/#website","url":"https:\/\/www.kliinikum.ee\/taastusravi\/","name":"Spordimeditsiini ja taastusravi kliinik","description":"Hoolivus, Uuendusmeelsus, P\u00e4devus ja Usaldusv\u00e4\u00e4rsus","potentialAction":[{"@type":"SearchAction","target":{"@type":"EntryPoint","urlTemplate":"https:\/\/www.kliinikum.ee\/taastusravi\/?s={search_term_string}"},"query-input":{"@type":"PropertyValueSpecification","valueRequired":true,"valueName":"search_term_string"}}],"inLanguage":"et"}]}},"uagb_featured_image_src":{"full":false,"thumbnail":false,"medium":false,"medium_large":false,"large":false,"1536x1536":false,"2048x2048":false},"uagb_author_info":{"display_name":"Mari S\u00f6\u00f6t","author_link":"https:\/\/www.kliinikum.ee\/taastusravi\/author\/maritar\/"},"uagb_comment_info":0,"uagb_excerpt":"\u00c4kki tekkinud emotsionaalne stress p\u00f5hjustab s\u00fcdamet\u00f6\u00f6 kiirenemise ja s\u00fcdamelihase tugevamaid kokkut\u00f5mbeid. Korduvad stressiepisoodid v\u00f5ivad viia s\u00fcdameprobleemide tekkimiseni. \u00dclekaalu tekkep\u00f5hjus v\u00f5ib olla ka liigs\u00f6\u00f6mine, mis on nii stressi tagaj\u00e4rg kui ka selle p\u00f5hjus. K\u00fcsi siin abi oma taastusravi meeskonna spetsialistidelt (toitumisspetsialistilt, ps\u00fchholoogilt).","_links":{"self":[{"href":"https:\/\/www.kliinikum.ee\/taastusravi\/wp-json\/wp\/v2\/pages\/7572","targetHints":{"allow":["GET"]}}],"collection":[{"href":"https:\/\/www.kliinikum.ee\/taastusravi\/wp-json\/wp\/v2\/pages"}],"about":[{"href":"https:\/\/www.kliinikum.ee\/taastusravi\/wp-json\/wp\/v2\/types\/page"}],"author":[{"embeddable":true,"href":"https:\/\/www.kliinikum.ee\/taastusravi\/wp-json\/wp\/v2\/users\/30"}],"replies":[{"embeddable":true,"href":"https:\/\/www.kliinikum.ee\/taastusravi\/wp-json\/wp\/v2\/comments?post=7572"}],"version-history":[{"count":0,"href":"https:\/\/www.kliinikum.ee\/taastusravi\/wp-json\/wp\/v2\/pages\/7572\/revisions"}],"up":[{"embeddable":true,"href":"https:\/\/www.kliinikum.ee\/taastusravi\/wp-json\/wp\/v2\/pages\/7579"}],"wp:attachment":[{"href":"https:\/\/www.kliinikum.ee\/taastusravi\/wp-json\/wp\/v2\/media?parent=7572"}],"curies":[{"name":"wp","href":"https:\/\/api.w.org\/{rel}","templated":true}]}}