{"id":7654,"date":"2024-08-30T11:41:10","date_gmt":"2024-08-30T09:41:10","guid":{"rendered":"https:\/\/www.kliinikum.ee\/taastusravi\/?page_id=7654"},"modified":"2025-04-25T10:29:12","modified_gmt":"2025-04-25T08:29:12","slug":"meie-meeskond","status":"publish","type":"page","link":"https:\/\/www.kliinikum.ee\/taastusravi\/kliinikust\/ambulatoorse-taastusravi-osakond\/kardioloogiline-taastusravi\/meie-meeskond\/","title":{"rendered":"Meie meeskond"},"content":{"rendered":"\n<p><strong>Taastusravi meeskonda kuuluvad taastusarst, \u00f5de-juhtumikorraldaja, f\u00fcsioterapeut, kliiniline ps\u00fchholoog ja toitumisspetsialist.<\/strong><\/p>\n\n\n\n<p><strong>Taastusarst<\/strong><br><br>Taastusarst on taastusravi meeskonna juht. Tema vastuv\u00f5tule suunab sind kas kardioloog v\u00f5i perearst. Taastusarst anal\u00fc\u00fcsib haiguse kulgu ja kuulab \u00e4ra sinu probleemid taastusravile tulles. Ta hindab koormustestiga sinu tervislikku seisundit ja kohanemist s\u00fcdamelihase infarkti j\u00e4rel ning leiab koormusega kaasneda v\u00f5ivad probleemid (r\u00fctmih\u00e4ired, k\u00f5rge\/liiga madal verer\u00f5hk, rindkere valu jne). Ta koostab individuaalse taastusravi plaani ja suunab sind taastusravi meeskonna spetsialistide (f\u00fcsioterapeut, ps\u00fchholoog, toitumisspetsialist) juurde. Taastusarst j\u00e4lgib koost\u00f6\u00f6s teiste meeskonnaliikmetega taastusravi kulgu ja suunab vajaduse korral konsultatsioonile teiste erialaspetsialistide juurde. Taastusravi programmi l\u00e4bimise j\u00e4rel hindab arst sinu taastusravi kulgu kardiopulmonaalse testi abil ja annab soovitusi edaspidiseks.<\/p>\n\n\n\n<p><strong>\u00d5de-juhtumikorraldaja<\/strong><br><br>\u00d5de-juhtumikorraldaja koordineerib sinu taastusravi teekonda kogu s\u00fcdamehaigete taastusravi programmi ajal. S\u00fcdamehaigete taastusravi on infarktij\u00e4rgselt oluline raviteekonna etapp ning taastumisele tasub m\u00f5tlema hakata v\u00f5imaluse korral juba haiglas viibimise ajal. Vaatamata sellele, kus hakkab toimuma sinu taastusravi ja millises raviteekonna etapis sa liitud, v\u00f5tab \u00f5de-juhtumikorraldaja sinuga telefoni teel \u00fchendust haiglast lahkumise j\u00e4rel. Vajaduse korral aitab sul \u00fchendust v\u00f5tta perearstiga. N\u00f5ustab sind elustiili ja riskitegurite muutmise, ravimite v\u00f5tmise ning teiste, sinu tervise seisukohalt oluliste teemade puhul. Vajadusel konsulteerib teiste meeskonnaliikmete ja spetsialistidega, leidmaks sinu probleemidele parim v\u00f5imalik lahendus. Enne taastusarsti vastuv\u00f5tule tulekut r\u00e4\u00e4gib \u00f5de-juhtumikorraldaja vajalikest k\u00fcsimustikest ja vajadusel aitab nende t\u00e4itmisega. Ta tuletab meelde eelnevalt tehtud broneeringud teiste tervishoiut\u00f6\u00f6tajate vastuv\u00f5ttudele.<\/p>\n\n\n\n<blockquote class=\"wp-block-quote has-text-color has-link-color wp-elements-11c9f6dcb2a551c21a95969e2b476c6b is-layout-flow wp-block-quote-is-layout-flow\" style=\"color:#00cfb4\">\n<p><\/p>\n<cite><em><strong>\"Sellisest \u00f5est ma tundsin k\u00fcll v\u00e4ga puudust, sest peale haiglast lahkumist pole kellegagi arutada sel teemal. Perearst ei ole kindlasti see inimene. Kardioloogi juurde on aga v\u00e4ga pikad ootej\u00e4rjekorrad.<\/strong><\/em>\"<em><strong> VALVE<\/strong><\/em><\/cite><\/blockquote>\n\n\n\n<p>S\u00fcdamehaigete taastusravi kaugteenusmudeli projekti kaasatuse korral tutvustab \u00f5de-juhtumikorraldaja sulle taastusravi kaugteenusmudeli toimimist. Vastuv\u00f5tul antakse sulle projektis kasutatav eelseadistatud nutitelefon, pulsiv\u00f6\u00f6 ja telefonihoidik. \u00d5de-juhtumikorraldaja tutvustab ja vajaduse korral juhendab sind seadmetega seotud veebirakenduste kasutamisel<\/p>\n\n\n\n<p>\u00d5de-juhtumikorraldaja koordineerib taastusravi meeskonnaliikmete vahelist suhtlust ning vajadusel edastab infot erinevate meeskonnaliikmete vahel.<\/p>\n\n\n\n<p>Taastusravi programmi jooksul \u00f5de-juhtumikorraldaja jagab sinuga vajaminevat informatsiooni kas veebi v\u00f5i paber materjalidena. \u00d5de-juhtumikorraldaja on sinu peamine kontakt ja infoallikas kogu taastusravi teekonna jooksul. K\u00fcsimuste korral v\u00f5id alati p\u00f6\u00f6rduda tema poole kas telefoniga helistades v\u00f5i v\u00f5ttes kontakti veebirakenduse kaudu, vajadusel teha videok\u00f5ne.<\/p>\n\n\n\n<p><strong>F\u00fcsioterapeut<\/strong><br><br>F\u00fcsioterapeut on spetsialist, kes toetab ja j\u00e4lgib taastusravi kulgemist. Tema \u00fclesanne on panna koos taastusarstiga kokku iga patsiendi jaoks temale sobiv liikumisravi plaan ning \u00f5petada ja motiveerida patsienti osalema taastusravi programmis.<\/p>\n\n\n\n<blockquote class=\"wp-block-quote has-text-color has-link-color wp-elements-3df2e7b136c5faf1374ba1eb5fbf5e28 is-layout-flow wp-block-quote-is-layout-flow\" style=\"color:#00cfb4\">\n<p><\/p>\n\n\n\n<p class=\"has-text-align-left\"><\/p>\n<cite><strong>\"Ma olen t\u00e4nulik oma juhendajatele. Eriti t\u00e4nan f\u00fcsioterapeuti! V\u00e4ga p\u00fchendunud inimene! Ega mul kerge ei ole, sest peale selja operatsioone mul jalad ei kuula h\u00e4sti s\u00f5na ja aeg-ajalt tuletab selg meelde, et ega sa k\u00f5ike j\u00e4rgi teha ei saa, aga ma \u00fcritan! Viskan vahepeal s\u00f5prade ja t\u00f6\u00f6kaaslaste seas nalja, et olen ol\u00fcmpialaste treening programmis ja sihiks ol\u00fcmpiamedal.\" V\u00c4INO<\/strong><\/cite><\/blockquote>\n\n\n\n<ul class=\"wp-block-list\">\n<li><strong>Individuaalne treening.<\/strong><br>Tehakse 1\u20132 patsiendiga, kelle aeroobne v\u00f5imekus on madal v\u00f5i kes vajavad rohkem j\u00e4lgimist. F\u00fcsioterapeut koostab k\u00f5igile patsientidele koormustesti p\u00f5hjal individuaalse taastusravi plaani, mida teraapia k\u00e4igus vajaduse korral vastavalt tervislikule seisundile muudetakse. Enne treeningu alustamist pannakse patsientidele k\u00fclge EKG-andur ja pulsiv\u00f6\u00f6 koos pulsikellaga. Kogu teraapia v\u00e4ltel j\u00e4lgib f\u00fcsioterapeut individuaalselt organismi reaktsiooni koormusele, m\u00f5\u00f5tes regulaarselt verer\u00f5hku ning j\u00e4lgides EKG-d ja pulsireaktsiooni.<\/li>\n\n\n\n<li><strong>R\u00fchmateraapia<\/strong><br>R\u00fchmateraapias osaleb tavaliselt 6\u201312 patsienti, kelle koormustaluvus on parem ja kellele f\u00fcsioterapeut on eelnevalt koostanud koormustesti p\u00f5hjal taastusravi plaani. Enne treeningu alustamist pannakse k\u00f5igile patsientidele k\u00fclge EKG-andur ja pulsiv\u00f6\u00f6 koos pulsikellaga. Kogu treeningtunni v\u00e4ltel j\u00e4lgib f\u00fcsioterapeut telemeetriliselt k\u00f5igi patsientide koormus puhuseid muutusi ja m\u00f5\u00f5dab vajaduse korral verer\u00f5hku<\/li>\n\n\n\n<li><strong>Kaugteenus<\/strong><br>Osaleda saavad k\u00f5ik patsiendid olenemata elukohast ja koormustaluvusest. Esimesel kohtumisel f\u00fcsioterapeudiga selgitatakse iseseisva treeningtunni \u00fclesehitust, r\u00e4\u00e4gitakse lahti treeningu pulsitsoonid ja \u00f5petatakse sind kasutama veebip\u00f5hist treeningkeskkonda. J\u00e4rgneva kolme kuu jooksul teostad sa iseseisvalt treeninguid f\u00fcsioterapeudi poolt etteantud treeningplaani alusel. Kord n\u00e4dalas v\u00f5i \u00fcle n\u00e4dala toimub veebip\u00f5hine videokonsultatsioon f\u00fcsioterapeudiga.<\/li>\n<\/ul>\n\n\n\n<p><strong>Kliiniline ps\u00fchholoog<\/strong><br><br>Kliinilise ps\u00fchholoogi \u00fclesanne on aidata patsiendil toime tulla m\u00f5ttemustritega, mis on seotud haigestumise ja sellega kaasneva \u00e4revuse ja hirmuga.<\/p>\n\n\n\n<p>Inimene on tervik \u2013 keha ja ps\u00fc\u00fchika m\u00f5jutavad teineteist vastastikku. Kliiniline ps\u00fchholoog saab olla sulle abiks, et leida viise, kuidas tulla toime h\u00e4irivate tunnetega, luua uusi k\u00e4itumisharjumusi ning muuta m\u00f5tlemismustreid. Ps\u00fchhoteraapia eesm\u00e4rgid ja kohtumiste sageduse lepime kokku esimesel kohtumisel.<\/p>\n\n\n\n<p><strong>Toitumisspetsialist<\/strong><br><br>Toitumisspetsialisti anal\u00fc\u00fcsib sinu senist toitumist ja toitumisharjumusi, m\u00f5\u00f5dab kehakaalu, v\u00f6\u00f6\u00fcmberm\u00f5\u00f5tu ja pikkust. Ta tutvustab sulle s\u00fcdames\u00f5bralikku toitumist ja annab juhiseid, kuidas kasutada toidup\u00fcramiidi. Lisaks \u00f5petab ta toidup\u00e4eviku t\u00e4itmist (toidukordade m\u00e4rkimine, toidu kaalumine, vajadusel kaloraa\u017ei arvestamine ja taldriku reegli j\u00e4lgimine) ja on sulle regulaarselt toeks \u00f5igete valikute tegemisel isegi siis, kui tekivad tagasil\u00f6\u00f6gid. Vajadusel selgitab toitumisspetsialist sulle erinevaid toitumisega seotud termineid, n\u00e4iteks valgud, rasvad, s\u00fcsivesikud, vitamiinid, mineraalained jt.<\/p>\n\n\n\n<p>Hea toitumine on tervise alustala ning mida mitmekesisem on sinu toiduvalik, seda paremini sinu keha ennast tunneb, saades k\u00e4tte k\u00f5ik vajalikud toitained. Toit m\u00f5jutab meie enesetunnet, v\u00e4limust ja tervist ning tervislik toitumine aitab v\u00e4hendada erinevate haiguste tekkimist v\u00f5i nende s\u00fcvenemist.<\/p>\n\n\n\n<blockquote class=\"wp-block-quote has-text-color has-link-color wp-elements-1deb97d61f1fa6385d9cab3397af6cd9 is-layout-flow wp-block-quote-is-layout-flow\" style=\"color:#00cfb4\">\n<p><\/p>\n<cite><strong>\"\u00dcks v\u00e4ga t\u00e4htis inimene minu puhul on toitumisspetsialist. Oleme regulaarselt kontaktis ja tema n\u00f5uanded on asendamatud!\" VELLO<\/strong><\/cite><\/blockquote>\n","protected":false},"excerpt":{"rendered":"<p>Taastusravi meeskonda kuuluvad taastusarst, \u00f5de-juhtumikorraldaja, f\u00fcsioterapeut, kliiniline ps\u00fchholoog ja toitumisspetsialist. Taastusarst Taastusarst on taastusravi meeskonna juht. Tema vastuv\u00f5tule suunab sind kas kardioloog v\u00f5i perearst. Taastusarst anal\u00fc\u00fcsib haiguse kulgu ja kuulab \u00e4ra sinu probleemid taastusravile tulles. Ta hindab koormustestiga sinu tervislikku seisundit ja kohanemist s\u00fcdamelihase infarkti j\u00e4rel ning leiab koormusega kaasneda v\u00f5ivad probleemid (r\u00fctmih\u00e4ired, k\u00f5rge\/liiga madal [&hellip;]<\/p>\n","protected":false},"author":30,"featured_media":0,"parent":6434,"menu_order":7,"comment_status":"closed","ping_status":"closed","template":"","meta":{"_acf_changed":false,"_uag_custom_page_level_css":"","footnotes":""},"class_list":["post-7654","page","type-page","status-publish","hentry"],"acf":[],"yoast_head":"<!-- This site is optimized with the Yoast SEO plugin v27.3 - https:\/\/yoast.com\/product\/yoast-seo-wordpress\/ -->\n<title>Meie meeskond - Spordimeditsiini ja taastusravi kliinik<\/title>\n<meta name=\"robots\" content=\"index, follow, max-snippet:-1, max-image-preview:large, max-video-preview:-1\" \/>\n<link rel=\"canonical\" href=\"https:\/\/www.kliinikum.ee\/taastusravi\/kliinikust\/ambulatoorse-taastusravi-osakond\/kardioloogiline-taastusravi\/meie-meeskond\/\" \/>\n<meta property=\"og:locale\" content=\"et_EE\" \/>\n<meta property=\"og:type\" content=\"article\" \/>\n<meta property=\"og:title\" content=\"Meie meeskond - Spordimeditsiini ja taastusravi kliinik\" \/>\n<meta property=\"og:description\" content=\"Taastusravi meeskonda kuuluvad taastusarst, \u00f5de-juhtumikorraldaja, f\u00fcsioterapeut, kliiniline ps\u00fchholoog ja toitumisspetsialist. Taastusarst Taastusarst on taastusravi meeskonna juht. Tema vastuv\u00f5tule suunab sind kas kardioloog v\u00f5i perearst. Taastusarst anal\u00fc\u00fcsib haiguse kulgu ja kuulab \u00e4ra sinu probleemid taastusravile tulles. Ta hindab koormustestiga sinu tervislikku seisundit ja kohanemist s\u00fcdamelihase infarkti j\u00e4rel ning leiab koormusega kaasneda v\u00f5ivad probleemid (r\u00fctmih\u00e4ired, k\u00f5rge\/liiga madal [&hellip;]\" \/>\n<meta property=\"og:url\" content=\"https:\/\/www.kliinikum.ee\/taastusravi\/kliinikust\/ambulatoorse-taastusravi-osakond\/kardioloogiline-taastusravi\/meie-meeskond\/\" \/>\n<meta property=\"og:site_name\" content=\"Spordimeditsiini ja taastusravi kliinik\" \/>\n<meta property=\"article:modified_time\" content=\"2025-04-25T08:29:12+00:00\" \/>\n<meta name=\"twitter:card\" content=\"summary_large_image\" \/>\n<meta name=\"twitter:label1\" content=\"Est. reading time\" \/>\n\t<meta name=\"twitter:data1\" content=\"4 minutit\" \/>\n<script type=\"application\/ld+json\" class=\"yoast-schema-graph\">{\"@context\":\"https:\\\/\\\/schema.org\",\"@graph\":[{\"@type\":\"WebPage\",\"@id\":\"https:\\\/\\\/www.kliinikum.ee\\\/taastusravi\\\/kliinikust\\\/ambulatoorse-taastusravi-osakond\\\/kardioloogiline-taastusravi\\\/meie-meeskond\\\/\",\"url\":\"https:\\\/\\\/www.kliinikum.ee\\\/taastusravi\\\/kliinikust\\\/ambulatoorse-taastusravi-osakond\\\/kardioloogiline-taastusravi\\\/meie-meeskond\\\/\",\"name\":\"Meie meeskond - Spordimeditsiini ja taastusravi kliinik\",\"isPartOf\":{\"@id\":\"https:\\\/\\\/www.kliinikum.ee\\\/taastusravi\\\/#website\"},\"datePublished\":\"2024-08-30T09:41:10+00:00\",\"dateModified\":\"2025-04-25T08:29:12+00:00\",\"breadcrumb\":{\"@id\":\"https:\\\/\\\/www.kliinikum.ee\\\/taastusravi\\\/kliinikust\\\/ambulatoorse-taastusravi-osakond\\\/kardioloogiline-taastusravi\\\/meie-meeskond\\\/#breadcrumb\"},\"inLanguage\":\"et\",\"potentialAction\":[{\"@type\":\"ReadAction\",\"target\":[\"https:\\\/\\\/www.kliinikum.ee\\\/taastusravi\\\/kliinikust\\\/ambulatoorse-taastusravi-osakond\\\/kardioloogiline-taastusravi\\\/meie-meeskond\\\/\"]}]},{\"@type\":\"BreadcrumbList\",\"@id\":\"https:\\\/\\\/www.kliinikum.ee\\\/taastusravi\\\/kliinikust\\\/ambulatoorse-taastusravi-osakond\\\/kardioloogiline-taastusravi\\\/meie-meeskond\\\/#breadcrumb\",\"itemListElement\":[{\"@type\":\"ListItem\",\"position\":1,\"name\":\"Home\",\"item\":\"https:\\\/\\\/www.kliinikum.ee\\\/taastusravi\\\/\"},{\"@type\":\"ListItem\",\"position\":2,\"name\":\"Osakonnad\",\"item\":\"https:\\\/\\\/www.kliinikum.ee\\\/taastusravi\\\/kliinikust\\\/\"},{\"@type\":\"ListItem\",\"position\":3,\"name\":\"Ambulatoorse taastusravi osakond\",\"item\":\"https:\\\/\\\/www.kliinikum.ee\\\/taastusravi\\\/kliinikust\\\/ambulatoorse-taastusravi-osakond\\\/\"},{\"@type\":\"ListItem\",\"position\":4,\"name\":\"Kardioloogiline taastusravi\",\"item\":\"https:\\\/\\\/www.kliinikum.ee\\\/taastusravi\\\/kliinikust\\\/ambulatoorse-taastusravi-osakond\\\/kardioloogiline-taastusravi\\\/\"},{\"@type\":\"ListItem\",\"position\":5,\"name\":\"Meie meeskond\"}]},{\"@type\":\"WebSite\",\"@id\":\"https:\\\/\\\/www.kliinikum.ee\\\/taastusravi\\\/#website\",\"url\":\"https:\\\/\\\/www.kliinikum.ee\\\/taastusravi\\\/\",\"name\":\"Spordimeditsiini ja taastusravi kliinik\",\"description\":\"Hoolivus, Uuendusmeelsus, P\u00e4devus ja Usaldusv\u00e4\u00e4rsus\",\"potentialAction\":[{\"@type\":\"SearchAction\",\"target\":{\"@type\":\"EntryPoint\",\"urlTemplate\":\"https:\\\/\\\/www.kliinikum.ee\\\/taastusravi\\\/?s={search_term_string}\"},\"query-input\":{\"@type\":\"PropertyValueSpecification\",\"valueRequired\":true,\"valueName\":\"search_term_string\"}}],\"inLanguage\":\"et\"}]}<\/script>\n<!-- \/ Yoast SEO plugin. -->","yoast_head_json":{"title":"Meie meeskond - Spordimeditsiini ja taastusravi kliinik","robots":{"index":"index","follow":"follow","max-snippet":"max-snippet:-1","max-image-preview":"max-image-preview:large","max-video-preview":"max-video-preview:-1"},"canonical":"https:\/\/www.kliinikum.ee\/taastusravi\/kliinikust\/ambulatoorse-taastusravi-osakond\/kardioloogiline-taastusravi\/meie-meeskond\/","og_locale":"et_EE","og_type":"article","og_title":"Meie meeskond - Spordimeditsiini ja taastusravi kliinik","og_description":"Taastusravi meeskonda kuuluvad taastusarst, \u00f5de-juhtumikorraldaja, f\u00fcsioterapeut, kliiniline ps\u00fchholoog ja toitumisspetsialist. Taastusarst Taastusarst on taastusravi meeskonna juht. Tema vastuv\u00f5tule suunab sind kas kardioloog v\u00f5i perearst. Taastusarst anal\u00fc\u00fcsib haiguse kulgu ja kuulab \u00e4ra sinu probleemid taastusravile tulles. Ta hindab koormustestiga sinu tervislikku seisundit ja kohanemist s\u00fcdamelihase infarkti j\u00e4rel ning leiab koormusega kaasneda v\u00f5ivad probleemid (r\u00fctmih\u00e4ired, k\u00f5rge\/liiga madal [&hellip;]","og_url":"https:\/\/www.kliinikum.ee\/taastusravi\/kliinikust\/ambulatoorse-taastusravi-osakond\/kardioloogiline-taastusravi\/meie-meeskond\/","og_site_name":"Spordimeditsiini ja taastusravi kliinik","article_modified_time":"2025-04-25T08:29:12+00:00","twitter_card":"summary_large_image","twitter_misc":{"Est. reading time":"4 minutit"},"schema":{"@context":"https:\/\/schema.org","@graph":[{"@type":"WebPage","@id":"https:\/\/www.kliinikum.ee\/taastusravi\/kliinikust\/ambulatoorse-taastusravi-osakond\/kardioloogiline-taastusravi\/meie-meeskond\/","url":"https:\/\/www.kliinikum.ee\/taastusravi\/kliinikust\/ambulatoorse-taastusravi-osakond\/kardioloogiline-taastusravi\/meie-meeskond\/","name":"Meie meeskond - Spordimeditsiini ja taastusravi kliinik","isPartOf":{"@id":"https:\/\/www.kliinikum.ee\/taastusravi\/#website"},"datePublished":"2024-08-30T09:41:10+00:00","dateModified":"2025-04-25T08:29:12+00:00","breadcrumb":{"@id":"https:\/\/www.kliinikum.ee\/taastusravi\/kliinikust\/ambulatoorse-taastusravi-osakond\/kardioloogiline-taastusravi\/meie-meeskond\/#breadcrumb"},"inLanguage":"et","potentialAction":[{"@type":"ReadAction","target":["https:\/\/www.kliinikum.ee\/taastusravi\/kliinikust\/ambulatoorse-taastusravi-osakond\/kardioloogiline-taastusravi\/meie-meeskond\/"]}]},{"@type":"BreadcrumbList","@id":"https:\/\/www.kliinikum.ee\/taastusravi\/kliinikust\/ambulatoorse-taastusravi-osakond\/kardioloogiline-taastusravi\/meie-meeskond\/#breadcrumb","itemListElement":[{"@type":"ListItem","position":1,"name":"Home","item":"https:\/\/www.kliinikum.ee\/taastusravi\/"},{"@type":"ListItem","position":2,"name":"Osakonnad","item":"https:\/\/www.kliinikum.ee\/taastusravi\/kliinikust\/"},{"@type":"ListItem","position":3,"name":"Ambulatoorse taastusravi osakond","item":"https:\/\/www.kliinikum.ee\/taastusravi\/kliinikust\/ambulatoorse-taastusravi-osakond\/"},{"@type":"ListItem","position":4,"name":"Kardioloogiline taastusravi","item":"https:\/\/www.kliinikum.ee\/taastusravi\/kliinikust\/ambulatoorse-taastusravi-osakond\/kardioloogiline-taastusravi\/"},{"@type":"ListItem","position":5,"name":"Meie meeskond"}]},{"@type":"WebSite","@id":"https:\/\/www.kliinikum.ee\/taastusravi\/#website","url":"https:\/\/www.kliinikum.ee\/taastusravi\/","name":"Spordimeditsiini ja taastusravi kliinik","description":"Hoolivus, Uuendusmeelsus, P\u00e4devus ja Usaldusv\u00e4\u00e4rsus","potentialAction":[{"@type":"SearchAction","target":{"@type":"EntryPoint","urlTemplate":"https:\/\/www.kliinikum.ee\/taastusravi\/?s={search_term_string}"},"query-input":{"@type":"PropertyValueSpecification","valueRequired":true,"valueName":"search_term_string"}}],"inLanguage":"et"}]}},"uagb_featured_image_src":{"full":false,"thumbnail":false,"medium":false,"medium_large":false,"large":false,"1536x1536":false,"2048x2048":false},"uagb_author_info":{"display_name":"Mari S\u00f6\u00f6t","author_link":"https:\/\/www.kliinikum.ee\/taastusravi\/author\/maritar\/"},"uagb_comment_info":0,"uagb_excerpt":"Taastusravi meeskonda kuuluvad taastusarst, \u00f5de-juhtumikorraldaja, f\u00fcsioterapeut, kliiniline ps\u00fchholoog ja toitumisspetsialist. Taastusarst Taastusarst on taastusravi meeskonna juht. Tema vastuv\u00f5tule suunab sind kas kardioloog v\u00f5i perearst. Taastusarst anal\u00fc\u00fcsib haiguse kulgu ja kuulab \u00e4ra sinu probleemid taastusravile tulles. Ta hindab koormustestiga sinu tervislikku seisundit ja kohanemist s\u00fcdamelihase infarkti j\u00e4rel ning leiab koormusega kaasneda v\u00f5ivad probleemid (r\u00fctmih\u00e4ired, k\u00f5rge\/liiga madal&hellip;","_links":{"self":[{"href":"https:\/\/www.kliinikum.ee\/taastusravi\/wp-json\/wp\/v2\/pages\/7654","targetHints":{"allow":["GET"]}}],"collection":[{"href":"https:\/\/www.kliinikum.ee\/taastusravi\/wp-json\/wp\/v2\/pages"}],"about":[{"href":"https:\/\/www.kliinikum.ee\/taastusravi\/wp-json\/wp\/v2\/types\/page"}],"author":[{"embeddable":true,"href":"https:\/\/www.kliinikum.ee\/taastusravi\/wp-json\/wp\/v2\/users\/30"}],"replies":[{"embeddable":true,"href":"https:\/\/www.kliinikum.ee\/taastusravi\/wp-json\/wp\/v2\/comments?post=7654"}],"version-history":[{"count":0,"href":"https:\/\/www.kliinikum.ee\/taastusravi\/wp-json\/wp\/v2\/pages\/7654\/revisions"}],"up":[{"embeddable":true,"href":"https:\/\/www.kliinikum.ee\/taastusravi\/wp-json\/wp\/v2\/pages\/6434"}],"wp:attachment":[{"href":"https:\/\/www.kliinikum.ee\/taastusravi\/wp-json\/wp\/v2\/media?parent=7654"}],"curies":[{"name":"wp","href":"https:\/\/api.w.org\/{rel}","templated":true}]}}