{"id":7999,"date":"2025-06-27T08:30:24","date_gmt":"2025-06-27T06:30:24","guid":{"rendered":"https:\/\/www.kliinikum.ee\/taastusravi\/?page_id=7999"},"modified":"2026-01-05T13:43:44","modified_gmt":"2026-01-05T11:43:44","slug":"tervisetoendid","status":"publish","type":"page","link":"https:\/\/www.kliinikum.ee\/taastusravi\/kliinikust\/tootervishoiu-osakond\/tervisetoendid\/","title":{"rendered":"Terviset\u00f5endid"},"content":{"rendered":"\n<p>T\u00f6\u00f6tervishoiu osakond v\u00e4ljastab k\u00f5iki Eesti seadusandlusega ette n\u00e4htud terviset\u00f5endeid. Aja broneerimine terviset\u00f5endi v\u00e4ljastamiseks toimub numbril 7 319 110.<\/p>\n\n\n\n<p>Olenevalt t\u00f5endi liigist ja t\u00f6\u00f6 iseloomust tasub m\u00f5nede terviset\u00f5endite eest t\u00f6\u00f6andja. Lisainfot selle kohta saate oma t\u00f6\u00f6andjalt..<\/p>\n\n\n\n<p><strong>V\u00c4LJASTATAVAD TERVISET\u00d5ENDID<\/strong><br><br><strong>Mootors\u00f5idukijuhi terviset\u00f5end (A, AM, B, BE kat) - 39 \u20ac<\/strong><br><\/p>\n\n\n\n<ul class=\"wp-block-list\">\n<li>enne vastuv\u00f5ttu palume t\u00e4ita patsiendiportaalis&nbsp;<a href=\"http:\/\/www.terviseportaal.ee\/\">www.terviseportaal.ee<\/a>&nbsp;elektrooniline tervisedeklaratsioon<\/li>\n\n\n\n<li>sisaldab \u00f5e vastuv\u00f5ttu, arsti vastuv\u00f5ttu, veresuhkru m\u00e4\u00e4ramist, t\u00f5endi v\u00e4ljastamist<\/li>\n\n\n\n<li>vastavalt kehtivale <a href=\"https:\/\/www.riigiteataja.ee\/akt\/121062011008?leiaKehtiv\">\u00f5igusaktile<\/a><\/li>\n<\/ul>\n\n\n\n<p><strong>Mootors\u00f5idukijuhi terviset\u00f5end (C, CE, D, DE kat ja kutselised) - 66 \u20ac<\/strong><br><\/p>\n\n\n\n<ul class=\"wp-block-list\">\n<li>enne vastuv\u00f5ttu palume t\u00e4ita patsiendiportaalis&nbsp;<a href=\"http:\/\/www.terviseportaal.ee\/\">www.terviseportaal.ee<\/a>&nbsp;elektrooniline tervisedeklaratsioon<\/li>\n\n\n\n<li>sisaldab \u00f5e vastuv\u00f5ttu, arsti vastuv\u00f5ttu, EKG anal\u00fc\u00fcsi, kuulmise uuringut, veresuhkru m\u00e4\u00e4ramist, t\u00f5endi v\u00e4ljastamist<\/li>\n\n\n\n<li>vastavalt kehtivale <a href=\"https:\/\/www.riigiteataja.ee\/akt\/121062011008?leiaKehtiv\">\u00f5igusaktile<\/a><\/li>\n<\/ul>\n\n\n\n<p><strong>T\u00f6\u00f6taja terviset\u00f5end nakkushaiguste suhtes - 18 \u20ac + vajalikud uuringud<\/strong><br><\/p>\n\n\n\n<p><\/p>\n\n\n\n<ul class=\"wp-block-list\">\n<li>uuringud tehakse vastavalt t\u00f6\u00f6 iseloomule ning j\u00e4rgides <a href=\"https:\/\/www.riigiteataja.ee\/akt\/101072020009?leiaKehtiv\">Nakkushaiguste ennetamise ja t\u00f5rje seadust<\/a><\/li>\n<\/ul>\n\n\n\n<p><strong>Turvat\u00f6\u00f6taja tervisekontroll koos terviset\u00f5endi v\u00e4ljastamisega - 90 \u20ac<\/strong><br><\/p>\n\n\n\n<ul class=\"wp-block-list\">\n<li>I grupp \u2013 turvat\u00f6\u00f6taja ja turvamise turvajuht<\/li>\n\n\n\n<li>II grupp \u2013 valvet\u00f6\u00f6taja<\/li>\n\n\n\n<li>vastavalt kehtivale <a href=\"https:\/\/www.riigiteataja.ee\/akt\/118052024001\">Turvategevuse eeskirjale<\/a><\/li>\n<\/ul>\n\n\n\n<p><\/p>\n","protected":false},"excerpt":{"rendered":"<p>T\u00f6\u00f6tervishoiu osakond v\u00e4ljastab k\u00f5iki Eesti seadusandlusega ette n\u00e4htud terviset\u00f5endeid. Aja broneerimine terviset\u00f5endi v\u00e4ljastamiseks toimub numbril 7 319 110. Olenevalt t\u00f5endi liigist ja t\u00f6\u00f6 iseloomust tasub m\u00f5nede terviset\u00f5endite eest t\u00f6\u00f6andja. Lisainfot selle kohta saate oma t\u00f6\u00f6andjalt.. V\u00c4LJASTATAVAD TERVISET\u00d5ENDID Mootors\u00f5idukijuhi terviset\u00f5end (A, AM, B, BE kat) - 39 \u20ac Mootors\u00f5idukijuhi terviset\u00f5end (C, CE, D, DE kat ja [&hellip;]<\/p>\n","protected":false},"author":30,"featured_media":0,"parent":6399,"menu_order":2,"comment_status":"closed","ping_status":"closed","template":"","meta":{"_acf_changed":false,"_uag_custom_page_level_css":"","footnotes":""},"class_list":["post-7999","page","type-page","status-publish","hentry"],"acf":[],"yoast_head":"<!-- This site is optimized with the Yoast SEO plugin v27.5 - https:\/\/yoast.com\/product\/yoast-seo-wordpress\/ -->\n<title>Terviset\u00f5endid - Spordimeditsiini ja taastusravi kliinik<\/title>\n<meta name=\"robots\" content=\"index, follow, max-snippet:-1, max-image-preview:large, max-video-preview:-1\" \/>\n<link rel=\"canonical\" href=\"https:\/\/www.kliinikum.ee\/taastusravi\/kliinikust\/tootervishoiu-osakond\/tervisetoendid\/\" \/>\n<meta property=\"og:locale\" content=\"et_EE\" \/>\n<meta property=\"og:type\" content=\"article\" \/>\n<meta property=\"og:title\" content=\"Terviset\u00f5endid - Spordimeditsiini ja taastusravi kliinik\" \/>\n<meta property=\"og:description\" content=\"T\u00f6\u00f6tervishoiu osakond v\u00e4ljastab k\u00f5iki Eesti seadusandlusega ette n\u00e4htud terviset\u00f5endeid. Aja broneerimine terviset\u00f5endi v\u00e4ljastamiseks toimub numbril 7 319 110. Olenevalt t\u00f5endi liigist ja t\u00f6\u00f6 iseloomust tasub m\u00f5nede terviset\u00f5endite eest t\u00f6\u00f6andja. Lisainfot selle kohta saate oma t\u00f6\u00f6andjalt.. V\u00c4LJASTATAVAD TERVISET\u00d5ENDID Mootors\u00f5idukijuhi terviset\u00f5end (A, AM, B, BE kat) - 39 \u20ac Mootors\u00f5idukijuhi terviset\u00f5end (C, CE, D, DE kat ja [&hellip;]\" \/>\n<meta property=\"og:url\" content=\"https:\/\/www.kliinikum.ee\/taastusravi\/kliinikust\/tootervishoiu-osakond\/tervisetoendid\/\" \/>\n<meta property=\"og:site_name\" content=\"Spordimeditsiini ja taastusravi kliinik\" \/>\n<meta property=\"article:modified_time\" content=\"2026-01-05T11:43:44+00:00\" \/>\n<meta name=\"twitter:card\" content=\"summary_large_image\" \/>\n<meta name=\"twitter:label1\" content=\"Est. reading time\" \/>\n\t<meta name=\"twitter:data1\" content=\"1 minut\" \/>\n<script type=\"application\/ld+json\" class=\"yoast-schema-graph\">{\"@context\":\"https:\\\/\\\/schema.org\",\"@graph\":[{\"@type\":\"WebPage\",\"@id\":\"https:\\\/\\\/www.kliinikum.ee\\\/taastusravi\\\/kliinikust\\\/tootervishoiu-osakond\\\/tervisetoendid\\\/\",\"url\":\"https:\\\/\\\/www.kliinikum.ee\\\/taastusravi\\\/kliinikust\\\/tootervishoiu-osakond\\\/tervisetoendid\\\/\",\"name\":\"Terviset\u00f5endid - Spordimeditsiini ja taastusravi kliinik\",\"isPartOf\":{\"@id\":\"https:\\\/\\\/www.kliinikum.ee\\\/taastusravi\\\/#website\"},\"datePublished\":\"2025-06-27T06:30:24+00:00\",\"dateModified\":\"2026-01-05T11:43:44+00:00\",\"breadcrumb\":{\"@id\":\"https:\\\/\\\/www.kliinikum.ee\\\/taastusravi\\\/kliinikust\\\/tootervishoiu-osakond\\\/tervisetoendid\\\/#breadcrumb\"},\"inLanguage\":\"et\",\"potentialAction\":[{\"@type\":\"ReadAction\",\"target\":[\"https:\\\/\\\/www.kliinikum.ee\\\/taastusravi\\\/kliinikust\\\/tootervishoiu-osakond\\\/tervisetoendid\\\/\"]}]},{\"@type\":\"BreadcrumbList\",\"@id\":\"https:\\\/\\\/www.kliinikum.ee\\\/taastusravi\\\/kliinikust\\\/tootervishoiu-osakond\\\/tervisetoendid\\\/#breadcrumb\",\"itemListElement\":[{\"@type\":\"ListItem\",\"position\":1,\"name\":\"Home\",\"item\":\"https:\\\/\\\/www.kliinikum.ee\\\/taastusravi\\\/\"},{\"@type\":\"ListItem\",\"position\":2,\"name\":\"Osakonnad\",\"item\":\"https:\\\/\\\/www.kliinikum.ee\\\/taastusravi\\\/kliinikust\\\/\"},{\"@type\":\"ListItem\",\"position\":3,\"name\":\"T\u00f6\u00f6tervishoiu osakond\",\"item\":\"https:\\\/\\\/www.kliinikum.ee\\\/taastusravi\\\/kliinikust\\\/tootervishoiu-osakond\\\/\"},{\"@type\":\"ListItem\",\"position\":4,\"name\":\"Terviset\u00f5endid\"}]},{\"@type\":\"WebSite\",\"@id\":\"https:\\\/\\\/www.kliinikum.ee\\\/taastusravi\\\/#website\",\"url\":\"https:\\\/\\\/www.kliinikum.ee\\\/taastusravi\\\/\",\"name\":\"Spordimeditsiini ja taastusravi kliinik\",\"description\":\"Hoolivus, Uuendusmeelsus, P\u00e4devus ja Usaldusv\u00e4\u00e4rsus\",\"potentialAction\":[{\"@type\":\"SearchAction\",\"target\":{\"@type\":\"EntryPoint\",\"urlTemplate\":\"https:\\\/\\\/www.kliinikum.ee\\\/taastusravi\\\/?s={search_term_string}\"},\"query-input\":{\"@type\":\"PropertyValueSpecification\",\"valueRequired\":true,\"valueName\":\"search_term_string\"}}],\"inLanguage\":\"et\"}]}<\/script>\n<!-- \/ Yoast SEO plugin. -->","yoast_head_json":{"title":"Terviset\u00f5endid - Spordimeditsiini ja taastusravi kliinik","robots":{"index":"index","follow":"follow","max-snippet":"max-snippet:-1","max-image-preview":"max-image-preview:large","max-video-preview":"max-video-preview:-1"},"canonical":"https:\/\/www.kliinikum.ee\/taastusravi\/kliinikust\/tootervishoiu-osakond\/tervisetoendid\/","og_locale":"et_EE","og_type":"article","og_title":"Terviset\u00f5endid - Spordimeditsiini ja taastusravi kliinik","og_description":"T\u00f6\u00f6tervishoiu osakond v\u00e4ljastab k\u00f5iki Eesti seadusandlusega ette n\u00e4htud terviset\u00f5endeid. Aja broneerimine terviset\u00f5endi v\u00e4ljastamiseks toimub numbril 7 319 110. Olenevalt t\u00f5endi liigist ja t\u00f6\u00f6 iseloomust tasub m\u00f5nede terviset\u00f5endite eest t\u00f6\u00f6andja. Lisainfot selle kohta saate oma t\u00f6\u00f6andjalt.. V\u00c4LJASTATAVAD TERVISET\u00d5ENDID Mootors\u00f5idukijuhi terviset\u00f5end (A, AM, B, BE kat) - 39 \u20ac Mootors\u00f5idukijuhi terviset\u00f5end (C, CE, D, DE kat ja [&hellip;]","og_url":"https:\/\/www.kliinikum.ee\/taastusravi\/kliinikust\/tootervishoiu-osakond\/tervisetoendid\/","og_site_name":"Spordimeditsiini ja taastusravi kliinik","article_modified_time":"2026-01-05T11:43:44+00:00","twitter_card":"summary_large_image","twitter_misc":{"Est. reading time":"1 minut"},"schema":{"@context":"https:\/\/schema.org","@graph":[{"@type":"WebPage","@id":"https:\/\/www.kliinikum.ee\/taastusravi\/kliinikust\/tootervishoiu-osakond\/tervisetoendid\/","url":"https:\/\/www.kliinikum.ee\/taastusravi\/kliinikust\/tootervishoiu-osakond\/tervisetoendid\/","name":"Terviset\u00f5endid - Spordimeditsiini ja taastusravi kliinik","isPartOf":{"@id":"https:\/\/www.kliinikum.ee\/taastusravi\/#website"},"datePublished":"2025-06-27T06:30:24+00:00","dateModified":"2026-01-05T11:43:44+00:00","breadcrumb":{"@id":"https:\/\/www.kliinikum.ee\/taastusravi\/kliinikust\/tootervishoiu-osakond\/tervisetoendid\/#breadcrumb"},"inLanguage":"et","potentialAction":[{"@type":"ReadAction","target":["https:\/\/www.kliinikum.ee\/taastusravi\/kliinikust\/tootervishoiu-osakond\/tervisetoendid\/"]}]},{"@type":"BreadcrumbList","@id":"https:\/\/www.kliinikum.ee\/taastusravi\/kliinikust\/tootervishoiu-osakond\/tervisetoendid\/#breadcrumb","itemListElement":[{"@type":"ListItem","position":1,"name":"Home","item":"https:\/\/www.kliinikum.ee\/taastusravi\/"},{"@type":"ListItem","position":2,"name":"Osakonnad","item":"https:\/\/www.kliinikum.ee\/taastusravi\/kliinikust\/"},{"@type":"ListItem","position":3,"name":"T\u00f6\u00f6tervishoiu osakond","item":"https:\/\/www.kliinikum.ee\/taastusravi\/kliinikust\/tootervishoiu-osakond\/"},{"@type":"ListItem","position":4,"name":"Terviset\u00f5endid"}]},{"@type":"WebSite","@id":"https:\/\/www.kliinikum.ee\/taastusravi\/#website","url":"https:\/\/www.kliinikum.ee\/taastusravi\/","name":"Spordimeditsiini ja taastusravi kliinik","description":"Hoolivus, Uuendusmeelsus, P\u00e4devus ja Usaldusv\u00e4\u00e4rsus","potentialAction":[{"@type":"SearchAction","target":{"@type":"EntryPoint","urlTemplate":"https:\/\/www.kliinikum.ee\/taastusravi\/?s={search_term_string}"},"query-input":{"@type":"PropertyValueSpecification","valueRequired":true,"valueName":"search_term_string"}}],"inLanguage":"et"}]}},"uagb_featured_image_src":{"full":false,"thumbnail":false,"medium":false,"medium_large":false,"large":false,"1536x1536":false,"2048x2048":false},"uagb_author_info":{"display_name":"Mari S\u00f6\u00f6t","author_link":"https:\/\/www.kliinikum.ee\/taastusravi\/author\/maritar\/"},"uagb_comment_info":0,"uagb_excerpt":"T\u00f6\u00f6tervishoiu osakond v\u00e4ljastab k\u00f5iki Eesti seadusandlusega ette n\u00e4htud terviset\u00f5endeid. Aja broneerimine terviset\u00f5endi v\u00e4ljastamiseks toimub numbril 7 319 110. Olenevalt t\u00f5endi liigist ja t\u00f6\u00f6 iseloomust tasub m\u00f5nede terviset\u00f5endite eest t\u00f6\u00f6andja. Lisainfot selle kohta saate oma t\u00f6\u00f6andjalt.. V\u00c4LJASTATAVAD TERVISET\u00d5ENDID Mootors\u00f5idukijuhi terviset\u00f5end (A, AM, B, BE kat) - 39 \u20ac Mootors\u00f5idukijuhi terviset\u00f5end (C, CE, D, DE kat ja&hellip;","_links":{"self":[{"href":"https:\/\/www.kliinikum.ee\/taastusravi\/wp-json\/wp\/v2\/pages\/7999","targetHints":{"allow":["GET"]}}],"collection":[{"href":"https:\/\/www.kliinikum.ee\/taastusravi\/wp-json\/wp\/v2\/pages"}],"about":[{"href":"https:\/\/www.kliinikum.ee\/taastusravi\/wp-json\/wp\/v2\/types\/page"}],"author":[{"embeddable":true,"href":"https:\/\/www.kliinikum.ee\/taastusravi\/wp-json\/wp\/v2\/users\/30"}],"replies":[{"embeddable":true,"href":"https:\/\/www.kliinikum.ee\/taastusravi\/wp-json\/wp\/v2\/comments?post=7999"}],"version-history":[{"count":0,"href":"https:\/\/www.kliinikum.ee\/taastusravi\/wp-json\/wp\/v2\/pages\/7999\/revisions"}],"up":[{"embeddable":true,"href":"https:\/\/www.kliinikum.ee\/taastusravi\/wp-json\/wp\/v2\/pages\/6399"}],"wp:attachment":[{"href":"https:\/\/www.kliinikum.ee\/taastusravi\/wp-json\/wp\/v2\/media?parent=7999"}],"curies":[{"name":"wp","href":"https:\/\/api.w.org\/{rel}","templated":true}]}}