{"id":8114,"date":"2025-09-03T09:48:32","date_gmt":"2025-09-03T07:48:32","guid":{"rendered":"https:\/\/www.kliinikum.ee\/taastusravi\/?page_id=8114"},"modified":"2025-09-03T09:49:38","modified_gmt":"2025-09-03T07:49:38","slug":"sporditraumatoloogiasse","status":"publish","type":"page","link":"https:\/\/www.kliinikum.ee\/taastusravi\/suunavaleraviarstile\/sporditraumatoloogiasse\/","title":{"rendered":"Sporditraumatoloogiasse"},"content":{"rendered":"\n<p><strong>Visiidile p\u00e4\u00e4semiseks on vajalik perearsti v\u00f5i m\u00f5ne teise eriala arsti saatekiri (ortopeed-sporditraumatoloog, ortopeed-k\u00e4ekirurg)\u00a0<\/strong>ning registreerimine toimub telefonidel 731 9124 v\u00f5i 7319 100. <\/p>\n\n\n\n<p>Saatekirja puudumisel on v\u00f5imalik p\u00f6\u00f6rduda tasulisele vastuv\u00f5tule.<\/p>\n\n\n\n<p><\/p>\n","protected":false},"excerpt":{"rendered":"<p>Visiidile p\u00e4\u00e4semiseks on vajalik perearsti v\u00f5i m\u00f5ne teise eriala arsti saatekiri (ortopeed-sporditraumatoloog, ortopeed-k\u00e4ekirurg)\u00a0ning registreerimine toimub telefonidel 731 9124 v\u00f5i 7319 100. Saatekirja puudumisel on v\u00f5imalik p\u00f6\u00f6rduda tasulisele vastuv\u00f5tule.<\/p>\n","protected":false},"author":30,"featured_media":0,"parent":19,"menu_order":5,"comment_status":"closed","ping_status":"closed","template":"","meta":{"_acf_changed":false,"_uag_custom_page_level_css":"","footnotes":""},"class_list":["post-8114","page","type-page","status-publish","hentry"],"acf":[],"yoast_head":"<!-- This site is optimized with the Yoast SEO plugin v27.3 - https:\/\/yoast.com\/product\/yoast-seo-wordpress\/ -->\n<title>Sporditraumatoloogiasse - Spordimeditsiini ja taastusravi kliinik<\/title>\n<meta name=\"robots\" content=\"index, follow, max-snippet:-1, max-image-preview:large, max-video-preview:-1\" \/>\n<link rel=\"canonical\" href=\"https:\/\/www.kliinikum.ee\/taastusravi\/suunavaleraviarstile\/sporditraumatoloogiasse\/\" \/>\n<meta property=\"og:locale\" content=\"et_EE\" \/>\n<meta property=\"og:type\" content=\"article\" \/>\n<meta property=\"og:title\" content=\"Sporditraumatoloogiasse - Spordimeditsiini ja taastusravi kliinik\" \/>\n<meta property=\"og:description\" content=\"Visiidile p\u00e4\u00e4semiseks on vajalik perearsti v\u00f5i m\u00f5ne teise eriala arsti saatekiri (ortopeed-sporditraumatoloog, ortopeed-k\u00e4ekirurg)\u00a0ning registreerimine toimub telefonidel 731 9124 v\u00f5i 7319 100. Saatekirja puudumisel on v\u00f5imalik p\u00f6\u00f6rduda tasulisele vastuv\u00f5tule.\" \/>\n<meta property=\"og:url\" content=\"https:\/\/www.kliinikum.ee\/taastusravi\/suunavaleraviarstile\/sporditraumatoloogiasse\/\" \/>\n<meta property=\"og:site_name\" content=\"Spordimeditsiini ja taastusravi kliinik\" \/>\n<meta property=\"article:modified_time\" content=\"2025-09-03T07:49:38+00:00\" \/>\n<meta name=\"twitter:card\" content=\"summary_large_image\" \/>\n<meta name=\"twitter:label1\" content=\"Est. reading time\" \/>\n\t<meta name=\"twitter:data1\" content=\"1 minut\" \/>\n<script type=\"application\/ld+json\" class=\"yoast-schema-graph\">{\"@context\":\"https:\\\/\\\/schema.org\",\"@graph\":[{\"@type\":\"WebPage\",\"@id\":\"https:\\\/\\\/www.kliinikum.ee\\\/taastusravi\\\/suunavaleraviarstile\\\/sporditraumatoloogiasse\\\/\",\"url\":\"https:\\\/\\\/www.kliinikum.ee\\\/taastusravi\\\/suunavaleraviarstile\\\/sporditraumatoloogiasse\\\/\",\"name\":\"Sporditraumatoloogiasse - Spordimeditsiini ja taastusravi kliinik\",\"isPartOf\":{\"@id\":\"https:\\\/\\\/www.kliinikum.ee\\\/taastusravi\\\/#website\"},\"datePublished\":\"2025-09-03T07:48:32+00:00\",\"dateModified\":\"2025-09-03T07:49:38+00:00\",\"breadcrumb\":{\"@id\":\"https:\\\/\\\/www.kliinikum.ee\\\/taastusravi\\\/suunavaleraviarstile\\\/sporditraumatoloogiasse\\\/#breadcrumb\"},\"inLanguage\":\"et\",\"potentialAction\":[{\"@type\":\"ReadAction\",\"target\":[\"https:\\\/\\\/www.kliinikum.ee\\\/taastusravi\\\/suunavaleraviarstile\\\/sporditraumatoloogiasse\\\/\"]}]},{\"@type\":\"BreadcrumbList\",\"@id\":\"https:\\\/\\\/www.kliinikum.ee\\\/taastusravi\\\/suunavaleraviarstile\\\/sporditraumatoloogiasse\\\/#breadcrumb\",\"itemListElement\":[{\"@type\":\"ListItem\",\"position\":1,\"name\":\"Home\",\"item\":\"https:\\\/\\\/www.kliinikum.ee\\\/taastusravi\\\/\"},{\"@type\":\"ListItem\",\"position\":2,\"name\":\"Suunavale raviarstile\",\"item\":\"https:\\\/\\\/www.kliinikum.ee\\\/taastusravi\\\/suunavaleraviarstile\\\/\"},{\"@type\":\"ListItem\",\"position\":3,\"name\":\"Sporditraumatoloogiasse\"}]},{\"@type\":\"WebSite\",\"@id\":\"https:\\\/\\\/www.kliinikum.ee\\\/taastusravi\\\/#website\",\"url\":\"https:\\\/\\\/www.kliinikum.ee\\\/taastusravi\\\/\",\"name\":\"Spordimeditsiini ja taastusravi kliinik\",\"description\":\"Hoolivus, Uuendusmeelsus, P\u00e4devus ja Usaldusv\u00e4\u00e4rsus\",\"potentialAction\":[{\"@type\":\"SearchAction\",\"target\":{\"@type\":\"EntryPoint\",\"urlTemplate\":\"https:\\\/\\\/www.kliinikum.ee\\\/taastusravi\\\/?s={search_term_string}\"},\"query-input\":{\"@type\":\"PropertyValueSpecification\",\"valueRequired\":true,\"valueName\":\"search_term_string\"}}],\"inLanguage\":\"et\"}]}<\/script>\n<!-- \/ Yoast SEO plugin. -->","yoast_head_json":{"title":"Sporditraumatoloogiasse - Spordimeditsiini ja taastusravi kliinik","robots":{"index":"index","follow":"follow","max-snippet":"max-snippet:-1","max-image-preview":"max-image-preview:large","max-video-preview":"max-video-preview:-1"},"canonical":"https:\/\/www.kliinikum.ee\/taastusravi\/suunavaleraviarstile\/sporditraumatoloogiasse\/","og_locale":"et_EE","og_type":"article","og_title":"Sporditraumatoloogiasse - Spordimeditsiini ja taastusravi kliinik","og_description":"Visiidile p\u00e4\u00e4semiseks on vajalik perearsti v\u00f5i m\u00f5ne teise eriala arsti saatekiri (ortopeed-sporditraumatoloog, ortopeed-k\u00e4ekirurg)\u00a0ning registreerimine toimub telefonidel 731 9124 v\u00f5i 7319 100. Saatekirja puudumisel on v\u00f5imalik p\u00f6\u00f6rduda tasulisele vastuv\u00f5tule.","og_url":"https:\/\/www.kliinikum.ee\/taastusravi\/suunavaleraviarstile\/sporditraumatoloogiasse\/","og_site_name":"Spordimeditsiini ja taastusravi kliinik","article_modified_time":"2025-09-03T07:49:38+00:00","twitter_card":"summary_large_image","twitter_misc":{"Est. reading time":"1 minut"},"schema":{"@context":"https:\/\/schema.org","@graph":[{"@type":"WebPage","@id":"https:\/\/www.kliinikum.ee\/taastusravi\/suunavaleraviarstile\/sporditraumatoloogiasse\/","url":"https:\/\/www.kliinikum.ee\/taastusravi\/suunavaleraviarstile\/sporditraumatoloogiasse\/","name":"Sporditraumatoloogiasse - Spordimeditsiini ja taastusravi kliinik","isPartOf":{"@id":"https:\/\/www.kliinikum.ee\/taastusravi\/#website"},"datePublished":"2025-09-03T07:48:32+00:00","dateModified":"2025-09-03T07:49:38+00:00","breadcrumb":{"@id":"https:\/\/www.kliinikum.ee\/taastusravi\/suunavaleraviarstile\/sporditraumatoloogiasse\/#breadcrumb"},"inLanguage":"et","potentialAction":[{"@type":"ReadAction","target":["https:\/\/www.kliinikum.ee\/taastusravi\/suunavaleraviarstile\/sporditraumatoloogiasse\/"]}]},{"@type":"BreadcrumbList","@id":"https:\/\/www.kliinikum.ee\/taastusravi\/suunavaleraviarstile\/sporditraumatoloogiasse\/#breadcrumb","itemListElement":[{"@type":"ListItem","position":1,"name":"Home","item":"https:\/\/www.kliinikum.ee\/taastusravi\/"},{"@type":"ListItem","position":2,"name":"Suunavale raviarstile","item":"https:\/\/www.kliinikum.ee\/taastusravi\/suunavaleraviarstile\/"},{"@type":"ListItem","position":3,"name":"Sporditraumatoloogiasse"}]},{"@type":"WebSite","@id":"https:\/\/www.kliinikum.ee\/taastusravi\/#website","url":"https:\/\/www.kliinikum.ee\/taastusravi\/","name":"Spordimeditsiini ja taastusravi kliinik","description":"Hoolivus, Uuendusmeelsus, P\u00e4devus ja Usaldusv\u00e4\u00e4rsus","potentialAction":[{"@type":"SearchAction","target":{"@type":"EntryPoint","urlTemplate":"https:\/\/www.kliinikum.ee\/taastusravi\/?s={search_term_string}"},"query-input":{"@type":"PropertyValueSpecification","valueRequired":true,"valueName":"search_term_string"}}],"inLanguage":"et"}]}},"uagb_featured_image_src":{"full":false,"thumbnail":false,"medium":false,"medium_large":false,"large":false,"1536x1536":false,"2048x2048":false},"uagb_author_info":{"display_name":"Mari S\u00f6\u00f6t","author_link":"https:\/\/www.kliinikum.ee\/taastusravi\/author\/maritar\/"},"uagb_comment_info":0,"uagb_excerpt":"Visiidile p\u00e4\u00e4semiseks on vajalik perearsti v\u00f5i m\u00f5ne teise eriala arsti saatekiri (ortopeed-sporditraumatoloog, ortopeed-k\u00e4ekirurg)\u00a0ning registreerimine toimub telefonidel 731 9124 v\u00f5i 7319 100. Saatekirja puudumisel on v\u00f5imalik p\u00f6\u00f6rduda tasulisele vastuv\u00f5tule.","_links":{"self":[{"href":"https:\/\/www.kliinikum.ee\/taastusravi\/wp-json\/wp\/v2\/pages\/8114","targetHints":{"allow":["GET"]}}],"collection":[{"href":"https:\/\/www.kliinikum.ee\/taastusravi\/wp-json\/wp\/v2\/pages"}],"about":[{"href":"https:\/\/www.kliinikum.ee\/taastusravi\/wp-json\/wp\/v2\/types\/page"}],"author":[{"embeddable":true,"href":"https:\/\/www.kliinikum.ee\/taastusravi\/wp-json\/wp\/v2\/users\/30"}],"replies":[{"embeddable":true,"href":"https:\/\/www.kliinikum.ee\/taastusravi\/wp-json\/wp\/v2\/comments?post=8114"}],"version-history":[{"count":0,"href":"https:\/\/www.kliinikum.ee\/taastusravi\/wp-json\/wp\/v2\/pages\/8114\/revisions"}],"up":[{"embeddable":true,"href":"https:\/\/www.kliinikum.ee\/taastusravi\/wp-json\/wp\/v2\/pages\/19"}],"wp:attachment":[{"href":"https:\/\/www.kliinikum.ee\/taastusravi\/wp-json\/wp\/v2\/media?parent=8114"}],"curies":[{"name":"wp","href":"https:\/\/api.w.org\/{rel}","templated":true}]}}