{"id":8285,"date":"2026-02-26T09:14:37","date_gmt":"2026-02-26T07:14:37","guid":{"rendered":"https:\/\/www.kliinikum.ee\/taastusravi\/?page_id=8285"},"modified":"2026-02-26T11:20:46","modified_gmt":"2026-02-26T09:20:46","slug":"ortopeedi-vastuvott","status":"publish","type":"page","link":"https:\/\/www.kliinikum.ee\/taastusravi\/kliinikust\/sporditraumatoloogia-keskus\/ortopeedi-vastuvott\/","title":{"rendered":"Ortopeedi vastuv\u00f5tt"},"content":{"rendered":"\n<p>Sporditraumatoloogia keskus on keskendunud igas vanuses f\u00fc\u00fcsiliselt aktiivsete inimeste ortopeediliste vigastuste ja kaebuste ravile. Oma ravit\u00f6\u00f6s kasutame t\u00e4nap\u00e4evaseid teadusp\u00f5hiseid\u00a0 ja tunnustatud meetodeid. Oleme ainuke keskus Eestis, kus kasutatakse komplitseeritud spordivigastuste ravis eksperimentaalkirurgiat ja -ravi. Meie meeskonda kuuluvad v\u00e4ga suurte kogemustega f\u00fcsioterapeudid, kes hoolitsevad meie patsientide j\u00e4relravi eest.<\/p>\n\n\n\n<p>Keskuses t\u00f6\u00f6tavad ortopeedid:<\/p>\n\n\n\n<ul class=\"wp-block-list\">\n<li>Dr. Leho Rips - ortopeed<\/li>\n\n\n\n<li>Dr. Madis Rahu \u2013 ortopeed<\/li>\n\n\n\n<li>Dr. Kaido Stroom - ortopeed<\/li>\n\n\n\n<li>Dr. Kristo Kask \u2013 ortopeed k\u00e4ekirurg<\/li>\n<\/ul>\n\n\n\n<p> Registreerimine toimub telefonidel 731 9124 v\u00f5i 7319 100.<\/p>\n\n\n\n<p>Saatekirja puudumisel saate p\u00f6\u00f6rduda <strong>tasulisele<\/strong> <strong>esmasele vastuv\u00f5tule<\/strong> <strong>hinnaga 85 \u20ac<\/strong>, millele lisanduvad vajadusel teostatavad t\u00e4iendavad uuringud<a href=\"https:\/\/www.kliinikum.ee\/patsiendile\/teenused\/hinnakiri\/\"> vastavalt kehtivale hinnakirjale<\/a>.<\/p>\n\n\n\n<p><\/p>\n","protected":false},"excerpt":{"rendered":"<p>Sporditraumatoloogia keskus on keskendunud igas vanuses f\u00fc\u00fcsiliselt aktiivsete inimeste ortopeediliste vigastuste ja kaebuste ravile. Oma ravit\u00f6\u00f6s kasutame t\u00e4nap\u00e4evaseid teadusp\u00f5hiseid\u00a0 ja tunnustatud meetodeid. Oleme ainuke keskus Eestis, kus kasutatakse komplitseeritud spordivigastuste ravis eksperimentaalkirurgiat ja -ravi. Meie meeskonda kuuluvad v\u00e4ga suurte kogemustega f\u00fcsioterapeudid, kes hoolitsevad meie patsientide j\u00e4relravi eest. Keskuses t\u00f6\u00f6tavad ortopeedid: Registreerimine toimub telefonidel 731 9124 [&hellip;]<\/p>\n","protected":false},"author":30,"featured_media":0,"parent":6393,"menu_order":1,"comment_status":"closed","ping_status":"closed","template":"","meta":{"_acf_changed":false,"_uag_custom_page_level_css":"","footnotes":""},"class_list":["post-8285","page","type-page","status-publish","hentry"],"acf":[],"yoast_head":"<!-- This site is optimized with the Yoast SEO plugin v27.3 - https:\/\/yoast.com\/product\/yoast-seo-wordpress\/ -->\n<title>Ortopeedi vastuv\u00f5tt - Spordimeditsiini ja taastusravi kliinik<\/title>\n<meta name=\"robots\" content=\"index, follow, max-snippet:-1, max-image-preview:large, max-video-preview:-1\" \/>\n<link rel=\"canonical\" href=\"https:\/\/www.kliinikum.ee\/taastusravi\/kliinikust\/sporditraumatoloogia-keskus\/ortopeedi-vastuvott\/\" \/>\n<meta property=\"og:locale\" content=\"et_EE\" \/>\n<meta property=\"og:type\" content=\"article\" \/>\n<meta property=\"og:title\" content=\"Ortopeedi vastuv\u00f5tt - Spordimeditsiini ja taastusravi kliinik\" \/>\n<meta property=\"og:description\" content=\"Sporditraumatoloogia keskus on keskendunud igas vanuses f\u00fc\u00fcsiliselt aktiivsete inimeste ortopeediliste vigastuste ja kaebuste ravile. Oma ravit\u00f6\u00f6s kasutame t\u00e4nap\u00e4evaseid teadusp\u00f5hiseid\u00a0 ja tunnustatud meetodeid. Oleme ainuke keskus Eestis, kus kasutatakse komplitseeritud spordivigastuste ravis eksperimentaalkirurgiat ja -ravi. Meie meeskonda kuuluvad v\u00e4ga suurte kogemustega f\u00fcsioterapeudid, kes hoolitsevad meie patsientide j\u00e4relravi eest. Keskuses t\u00f6\u00f6tavad ortopeedid: Registreerimine toimub telefonidel 731 9124 [&hellip;]\" \/>\n<meta property=\"og:url\" content=\"https:\/\/www.kliinikum.ee\/taastusravi\/kliinikust\/sporditraumatoloogia-keskus\/ortopeedi-vastuvott\/\" \/>\n<meta property=\"og:site_name\" content=\"Spordimeditsiini ja taastusravi kliinik\" \/>\n<meta property=\"article:modified_time\" content=\"2026-02-26T09:20:46+00:00\" \/>\n<meta name=\"twitter:card\" content=\"summary_large_image\" \/>\n<meta name=\"twitter:label1\" content=\"Est. reading time\" \/>\n\t<meta name=\"twitter:data1\" content=\"1 minut\" \/>\n<script type=\"application\/ld+json\" class=\"yoast-schema-graph\">{\"@context\":\"https:\\\/\\\/schema.org\",\"@graph\":[{\"@type\":\"WebPage\",\"@id\":\"https:\\\/\\\/www.kliinikum.ee\\\/taastusravi\\\/kliinikust\\\/sporditraumatoloogia-keskus\\\/ortopeedi-vastuvott\\\/\",\"url\":\"https:\\\/\\\/www.kliinikum.ee\\\/taastusravi\\\/kliinikust\\\/sporditraumatoloogia-keskus\\\/ortopeedi-vastuvott\\\/\",\"name\":\"Ortopeedi vastuv\u00f5tt - Spordimeditsiini ja taastusravi kliinik\",\"isPartOf\":{\"@id\":\"https:\\\/\\\/www.kliinikum.ee\\\/taastusravi\\\/#website\"},\"datePublished\":\"2026-02-26T07:14:37+00:00\",\"dateModified\":\"2026-02-26T09:20:46+00:00\",\"breadcrumb\":{\"@id\":\"https:\\\/\\\/www.kliinikum.ee\\\/taastusravi\\\/kliinikust\\\/sporditraumatoloogia-keskus\\\/ortopeedi-vastuvott\\\/#breadcrumb\"},\"inLanguage\":\"et\",\"potentialAction\":[{\"@type\":\"ReadAction\",\"target\":[\"https:\\\/\\\/www.kliinikum.ee\\\/taastusravi\\\/kliinikust\\\/sporditraumatoloogia-keskus\\\/ortopeedi-vastuvott\\\/\"]}]},{\"@type\":\"BreadcrumbList\",\"@id\":\"https:\\\/\\\/www.kliinikum.ee\\\/taastusravi\\\/kliinikust\\\/sporditraumatoloogia-keskus\\\/ortopeedi-vastuvott\\\/#breadcrumb\",\"itemListElement\":[{\"@type\":\"ListItem\",\"position\":1,\"name\":\"Home\",\"item\":\"https:\\\/\\\/www.kliinikum.ee\\\/taastusravi\\\/\"},{\"@type\":\"ListItem\",\"position\":2,\"name\":\"Osakonnad\",\"item\":\"https:\\\/\\\/www.kliinikum.ee\\\/taastusravi\\\/kliinikust\\\/\"},{\"@type\":\"ListItem\",\"position\":3,\"name\":\"Sporditraumatoloogia keskus\",\"item\":\"https:\\\/\\\/www.kliinikum.ee\\\/taastusravi\\\/kliinikust\\\/sporditraumatoloogia-keskus\\\/\"},{\"@type\":\"ListItem\",\"position\":4,\"name\":\"Ortopeedi vastuv\u00f5tt\"}]},{\"@type\":\"WebSite\",\"@id\":\"https:\\\/\\\/www.kliinikum.ee\\\/taastusravi\\\/#website\",\"url\":\"https:\\\/\\\/www.kliinikum.ee\\\/taastusravi\\\/\",\"name\":\"Spordimeditsiini ja taastusravi kliinik\",\"description\":\"Hoolivus, Uuendusmeelsus, P\u00e4devus ja Usaldusv\u00e4\u00e4rsus\",\"potentialAction\":[{\"@type\":\"SearchAction\",\"target\":{\"@type\":\"EntryPoint\",\"urlTemplate\":\"https:\\\/\\\/www.kliinikum.ee\\\/taastusravi\\\/?s={search_term_string}\"},\"query-input\":{\"@type\":\"PropertyValueSpecification\",\"valueRequired\":true,\"valueName\":\"search_term_string\"}}],\"inLanguage\":\"et\"}]}<\/script>\n<!-- \/ Yoast SEO plugin. -->","yoast_head_json":{"title":"Ortopeedi vastuv\u00f5tt - Spordimeditsiini ja taastusravi kliinik","robots":{"index":"index","follow":"follow","max-snippet":"max-snippet:-1","max-image-preview":"max-image-preview:large","max-video-preview":"max-video-preview:-1"},"canonical":"https:\/\/www.kliinikum.ee\/taastusravi\/kliinikust\/sporditraumatoloogia-keskus\/ortopeedi-vastuvott\/","og_locale":"et_EE","og_type":"article","og_title":"Ortopeedi vastuv\u00f5tt - Spordimeditsiini ja taastusravi kliinik","og_description":"Sporditraumatoloogia keskus on keskendunud igas vanuses f\u00fc\u00fcsiliselt aktiivsete inimeste ortopeediliste vigastuste ja kaebuste ravile. Oma ravit\u00f6\u00f6s kasutame t\u00e4nap\u00e4evaseid teadusp\u00f5hiseid\u00a0 ja tunnustatud meetodeid. Oleme ainuke keskus Eestis, kus kasutatakse komplitseeritud spordivigastuste ravis eksperimentaalkirurgiat ja -ravi. Meie meeskonda kuuluvad v\u00e4ga suurte kogemustega f\u00fcsioterapeudid, kes hoolitsevad meie patsientide j\u00e4relravi eest. Keskuses t\u00f6\u00f6tavad ortopeedid: Registreerimine toimub telefonidel 731 9124 [&hellip;]","og_url":"https:\/\/www.kliinikum.ee\/taastusravi\/kliinikust\/sporditraumatoloogia-keskus\/ortopeedi-vastuvott\/","og_site_name":"Spordimeditsiini ja taastusravi kliinik","article_modified_time":"2026-02-26T09:20:46+00:00","twitter_card":"summary_large_image","twitter_misc":{"Est. reading time":"1 minut"},"schema":{"@context":"https:\/\/schema.org","@graph":[{"@type":"WebPage","@id":"https:\/\/www.kliinikum.ee\/taastusravi\/kliinikust\/sporditraumatoloogia-keskus\/ortopeedi-vastuvott\/","url":"https:\/\/www.kliinikum.ee\/taastusravi\/kliinikust\/sporditraumatoloogia-keskus\/ortopeedi-vastuvott\/","name":"Ortopeedi vastuv\u00f5tt - Spordimeditsiini ja taastusravi kliinik","isPartOf":{"@id":"https:\/\/www.kliinikum.ee\/taastusravi\/#website"},"datePublished":"2026-02-26T07:14:37+00:00","dateModified":"2026-02-26T09:20:46+00:00","breadcrumb":{"@id":"https:\/\/www.kliinikum.ee\/taastusravi\/kliinikust\/sporditraumatoloogia-keskus\/ortopeedi-vastuvott\/#breadcrumb"},"inLanguage":"et","potentialAction":[{"@type":"ReadAction","target":["https:\/\/www.kliinikum.ee\/taastusravi\/kliinikust\/sporditraumatoloogia-keskus\/ortopeedi-vastuvott\/"]}]},{"@type":"BreadcrumbList","@id":"https:\/\/www.kliinikum.ee\/taastusravi\/kliinikust\/sporditraumatoloogia-keskus\/ortopeedi-vastuvott\/#breadcrumb","itemListElement":[{"@type":"ListItem","position":1,"name":"Home","item":"https:\/\/www.kliinikum.ee\/taastusravi\/"},{"@type":"ListItem","position":2,"name":"Osakonnad","item":"https:\/\/www.kliinikum.ee\/taastusravi\/kliinikust\/"},{"@type":"ListItem","position":3,"name":"Sporditraumatoloogia keskus","item":"https:\/\/www.kliinikum.ee\/taastusravi\/kliinikust\/sporditraumatoloogia-keskus\/"},{"@type":"ListItem","position":4,"name":"Ortopeedi vastuv\u00f5tt"}]},{"@type":"WebSite","@id":"https:\/\/www.kliinikum.ee\/taastusravi\/#website","url":"https:\/\/www.kliinikum.ee\/taastusravi\/","name":"Spordimeditsiini ja taastusravi kliinik","description":"Hoolivus, Uuendusmeelsus, P\u00e4devus ja Usaldusv\u00e4\u00e4rsus","potentialAction":[{"@type":"SearchAction","target":{"@type":"EntryPoint","urlTemplate":"https:\/\/www.kliinikum.ee\/taastusravi\/?s={search_term_string}"},"query-input":{"@type":"PropertyValueSpecification","valueRequired":true,"valueName":"search_term_string"}}],"inLanguage":"et"}]}},"uagb_featured_image_src":{"full":false,"thumbnail":false,"medium":false,"medium_large":false,"large":false,"1536x1536":false,"2048x2048":false},"uagb_author_info":{"display_name":"Mari S\u00f6\u00f6t","author_link":"https:\/\/www.kliinikum.ee\/taastusravi\/author\/maritar\/"},"uagb_comment_info":0,"uagb_excerpt":"Sporditraumatoloogia keskus on keskendunud igas vanuses f\u00fc\u00fcsiliselt aktiivsete inimeste ortopeediliste vigastuste ja kaebuste ravile. Oma ravit\u00f6\u00f6s kasutame t\u00e4nap\u00e4evaseid teadusp\u00f5hiseid\u00a0 ja tunnustatud meetodeid. Oleme ainuke keskus Eestis, kus kasutatakse komplitseeritud spordivigastuste ravis eksperimentaalkirurgiat ja -ravi. Meie meeskonda kuuluvad v\u00e4ga suurte kogemustega f\u00fcsioterapeudid, kes hoolitsevad meie patsientide j\u00e4relravi eest. Keskuses t\u00f6\u00f6tavad ortopeedid: Registreerimine toimub telefonidel 731 9124&hellip;","_links":{"self":[{"href":"https:\/\/www.kliinikum.ee\/taastusravi\/wp-json\/wp\/v2\/pages\/8285","targetHints":{"allow":["GET"]}}],"collection":[{"href":"https:\/\/www.kliinikum.ee\/taastusravi\/wp-json\/wp\/v2\/pages"}],"about":[{"href":"https:\/\/www.kliinikum.ee\/taastusravi\/wp-json\/wp\/v2\/types\/page"}],"author":[{"embeddable":true,"href":"https:\/\/www.kliinikum.ee\/taastusravi\/wp-json\/wp\/v2\/users\/30"}],"replies":[{"embeddable":true,"href":"https:\/\/www.kliinikum.ee\/taastusravi\/wp-json\/wp\/v2\/comments?post=8285"}],"version-history":[{"count":0,"href":"https:\/\/www.kliinikum.ee\/taastusravi\/wp-json\/wp\/v2\/pages\/8285\/revisions"}],"up":[{"embeddable":true,"href":"https:\/\/www.kliinikum.ee\/taastusravi\/wp-json\/wp\/v2\/pages\/6393"}],"wp:attachment":[{"href":"https:\/\/www.kliinikum.ee\/taastusravi\/wp-json\/wp\/v2\/media?parent=8285"}],"curies":[{"name":"wp","href":"https:\/\/api.w.org\/{rel}","templated":true}]}}