{"id":5873,"date":"2023-04-19T10:27:23","date_gmt":"2023-04-19T08:27:23","guid":{"rendered":"https:\/\/www.kliinikum.ee\/teadusarendus\/?page_id=5873"},"modified":"2023-10-31T15:29:11","modified_gmt":"2023-10-31T13:29:11","slug":"meditsiiniinfo-keskus","status":"publish","type":"page","link":"https:\/\/www.kliinikum.ee\/teadusarendus\/meditsiiniinfo-keskus\/","title":{"rendered":"Meditsiiniinfo keskus"},"content":{"rendered":"\n<p>Kui 1993.aastal \u00fchendati Tartu haiglad Tartu \u00dclikooli Kliinikumiks, siis loodi selle koosseisus ka meditsiiniinfo keskus, mille eesm\u00e4rgiks on Eesti meditsiinit\u00f6\u00f6tajate varustamine k\u00f5ige uuema erialateabega, kasutades selleks k\u00f5ige kaasaegsemaid teenindusvorme.<\/p>\n\n\n\n<p>Meditsiiniinfo keskuse p\u00f5hitegevuseks on meditsiinialase informatsiooni kogumine, s\u00e4ilitamine ja meditsiinipersonalile k\u00e4ttesaadavaks tegemine. Korraldame v\u00e4lja\u00f5pet andmebaasidega t\u00f6\u00f6tamiseks ja anname \u00fclevaate erinevatest andmebaasidest meditsiinis ja tervishoius.<\/p>\n\n\n\n<p>Meditsiiniinfo keskuses tegeldakse teenuste kasutajate rahulolu uuringutega, teostatakse bibliomeetrilisi ja stsientomeetrilisi anal\u00fc\u00fcse.<\/p>\n\n\n\n<p>Infokeskus vastab p\u00e4ringutele erialateabe valdkonnast, vajadusel otsib t\u00e4istekste ja tellib puuduvaid artikleid SUBITO-st. Teemap\u00e4ringutele vastavalt koostab kirjanduse nimestikke. Tellimust\u00f6\u00f6dena on v\u00f5imalik koopiate valmistamine, skaneerimine, k\u00f6itmine ja kiletamine.<\/p>\n\n\n\n<p>Meditsiiniinfo keskuse p\u00f5hilisteks infotarbijateks on arstid, \u00f5ppej\u00f5ud, \u00fcli\u00f5pilased ja teiste raamatukogude infot\u00f6\u00f6tajad \u00fcle kogu vabariigi.<\/p>\n\n\n\n<p>Arendame suhteid teiste meditsiiniinformatsiooniga tegelevate institutsioonidega nii Eestis kui ka v\u00e4lismaal. Koost\u00f6\u00f6s T\u00dc raamatukoguga toimub ajakirjade, k\u00e4siraamatute ja andmebaaside muretsemine eesti arstidele.<\/p>\n\n\n\n<p>1994.aastast on kliinikumi meditsiiniinfo keskus EAHIL (European Association for Health Information Libraries) liige. Selle organisatsiooni raames korraldasime ka 1999. aastal rahvusvahelise \u00f5pitoa teemal \"Towards quality in medical information services - virtue of virtual environment\".<br>Infokeskus on rahvusvahelise sektsiooni koosseisus Ameerika \u00fche vanima erialaraamatukogude assotsiatsiooni MLA (Medical Libraries Association) liige alates 1996.aastast.<\/p>\n\n\n<div class=\"wp-block-image\">\n<figure class=\"alignleft size-full\"><img loading=\"lazy\" decoding=\"async\" width=\"150\" height=\"150\" src=\"https:\/\/www.kliinikum.ee\/teadusarendus\/wp-content\/uploads\/2023\/10\/erasmus.jpg\" alt=\"\" class=\"wp-image-6651\"\/><\/figure>\n<\/div>\n\n\n<p>Meditsiiniinfo keskus osales programmi Erasmus+ raames projektis \u201eInfokirjaoskus meditsiinis\u201c (<a href=\"https:\/\/projectmil2020.wordpress.com\/intellectual-outputs\/\" target=\"_blank\" rel=\"noreferrer noopener\">\u201eMedical Information Literacy\u201c, 2019-1-LV01-KA204-060371<\/a>), mille eesm\u00e4rgiks on anda meditsiinialase infokirjaoskuse alaseid teadmisi \u00fclikooli- ja haiglaraamatukogude ja infokeskuste t\u00f6\u00f6tajatele, tervishoiut\u00f6\u00f6tajatele, arstidele, \u00f5dedele ja meditsiiniinfo spetsialistidele \u00fcle kogu Euroopa.<br><br>Projekti k\u00e4igus valmis ingliskeelne e-raamat, mis on m\u00f5eldud raamatukogut\u00f6\u00f6tajatele, kelle \u00fclesandeks on \u00f5petada meditsiinialast kirjaoskust. Raamatus tutvustatakse erinevaid meditsiini- ja tervishoiualaseid andmebaase ning otsingute \u00fclesehitamise p\u00f5him\u00f5tteid.<br><br>E-raamat on k\u00e4ttesaadav Leedu terviseteaduste \u00fclikooli repositooriumis <a href=\"https:\/\/www.lsmuni.lt\/cris\/handle\/20.500.12512\/112905\" target=\"_blank\" rel=\"noreferrer noopener\">https:\/\/www.lsmuni.lt\/cris\/handle\/20.500.12512\/112905<\/a><\/p>\n\n\n\n<p><\/p>\n","protected":false},"excerpt":{"rendered":"<p>Kui 1993.aastal \u00fchendati Tartu haiglad Tartu \u00dclikooli Kliinikumiks, siis loodi selle koosseisus ka meditsiiniinfo keskus, mille eesm\u00e4rgiks on Eesti meditsiinit\u00f6\u00f6tajate varustamine k\u00f5ige uuema erialateabega, kasutades selleks k\u00f5ige kaasaegsemaid teenindusvorme. Meditsiiniinfo keskuse p\u00f5hitegevuseks on meditsiinialase informatsiooni kogumine, s\u00e4ilitamine ja meditsiinipersonalile k\u00e4ttesaadavaks tegemine. Korraldame v\u00e4lja\u00f5pet andmebaasidega t\u00f6\u00f6tamiseks ja anname \u00fclevaate erinevatest andmebaasidest meditsiinis ja tervishoius. Meditsiiniinfo keskuses [&hellip;]<\/p>\n","protected":false},"author":35,"featured_media":0,"parent":0,"menu_order":2,"comment_status":"closed","ping_status":"closed","template":"","meta":{"_acf_changed":false,"_uag_custom_page_level_css":"","footnotes":""},"class_list":["post-5873","page","type-page","status-publish","hentry"],"acf":[],"yoast_head":"<!-- This site is optimized with the Yoast SEO plugin v27.3 - https:\/\/yoast.com\/product\/yoast-seo-wordpress\/ -->\n<title>Meditsiiniinfo keskus - Teadus-ja arendusteenistus<\/title>\n<meta name=\"robots\" content=\"index, follow, max-snippet:-1, max-image-preview:large, max-video-preview:-1\" \/>\n<link rel=\"canonical\" href=\"https:\/\/www.kliinikum.ee\/teadusarendus\/meditsiiniinfo-keskus\/\" \/>\n<meta property=\"og:locale\" content=\"et_EE\" \/>\n<meta property=\"og:type\" content=\"article\" \/>\n<meta property=\"og:title\" content=\"Meditsiiniinfo keskus - Teadus-ja arendusteenistus\" \/>\n<meta property=\"og:description\" content=\"Kui 1993.aastal \u00fchendati Tartu haiglad Tartu \u00dclikooli Kliinikumiks, siis loodi selle koosseisus ka meditsiiniinfo keskus, mille eesm\u00e4rgiks on Eesti meditsiinit\u00f6\u00f6tajate varustamine k\u00f5ige uuema erialateabega, kasutades selleks k\u00f5ige kaasaegsemaid teenindusvorme. Meditsiiniinfo keskuse p\u00f5hitegevuseks on meditsiinialase informatsiooni kogumine, s\u00e4ilitamine ja meditsiinipersonalile k\u00e4ttesaadavaks tegemine. Korraldame v\u00e4lja\u00f5pet andmebaasidega t\u00f6\u00f6tamiseks ja anname \u00fclevaate erinevatest andmebaasidest meditsiinis ja tervishoius. Meditsiiniinfo keskuses [&hellip;]\" \/>\n<meta property=\"og:url\" content=\"https:\/\/www.kliinikum.ee\/teadusarendus\/meditsiiniinfo-keskus\/\" \/>\n<meta property=\"og:site_name\" content=\"Teadus-ja arendusteenistus\" \/>\n<meta property=\"article:modified_time\" content=\"2023-10-31T13:29:11+00:00\" \/>\n<meta property=\"og:image\" content=\"https:\/\/www.kliinikum.ee\/teadusarendus\/wp-content\/uploads\/2023\/10\/erasmus.jpg\" \/>\n<meta name=\"twitter:card\" content=\"summary_large_image\" \/>\n<meta name=\"twitter:label1\" content=\"Est. reading time\" \/>\n\t<meta name=\"twitter:data1\" content=\"2 minutit\" \/>\n<script type=\"application\/ld+json\" class=\"yoast-schema-graph\">{\"@context\":\"https:\\\/\\\/schema.org\",\"@graph\":[{\"@type\":\"WebPage\",\"@id\":\"https:\\\/\\\/www.kliinikum.ee\\\/teadusarendus\\\/meditsiiniinfo-keskus\\\/\",\"url\":\"https:\\\/\\\/www.kliinikum.ee\\\/teadusarendus\\\/meditsiiniinfo-keskus\\\/\",\"name\":\"Meditsiiniinfo keskus - Teadus-ja arendusteenistus\",\"isPartOf\":{\"@id\":\"https:\\\/\\\/www.kliinikum.ee\\\/teadusarendus\\\/#website\"},\"primaryImageOfPage\":{\"@id\":\"https:\\\/\\\/www.kliinikum.ee\\\/teadusarendus\\\/meditsiiniinfo-keskus\\\/#primaryimage\"},\"image\":{\"@id\":\"https:\\\/\\\/www.kliinikum.ee\\\/teadusarendus\\\/meditsiiniinfo-keskus\\\/#primaryimage\"},\"thumbnailUrl\":\"https:\\\/\\\/www.kliinikum.ee\\\/teadusarendus\\\/wp-content\\\/uploads\\\/2023\\\/10\\\/erasmus.jpg\",\"datePublished\":\"2023-04-19T08:27:23+00:00\",\"dateModified\":\"2023-10-31T13:29:11+00:00\",\"breadcrumb\":{\"@id\":\"https:\\\/\\\/www.kliinikum.ee\\\/teadusarendus\\\/meditsiiniinfo-keskus\\\/#breadcrumb\"},\"inLanguage\":\"et\",\"potentialAction\":[{\"@type\":\"ReadAction\",\"target\":[\"https:\\\/\\\/www.kliinikum.ee\\\/teadusarendus\\\/meditsiiniinfo-keskus\\\/\"]}]},{\"@type\":\"ImageObject\",\"inLanguage\":\"et\",\"@id\":\"https:\\\/\\\/www.kliinikum.ee\\\/teadusarendus\\\/meditsiiniinfo-keskus\\\/#primaryimage\",\"url\":\"https:\\\/\\\/www.kliinikum.ee\\\/teadusarendus\\\/wp-content\\\/uploads\\\/2023\\\/10\\\/erasmus.jpg\",\"contentUrl\":\"https:\\\/\\\/www.kliinikum.ee\\\/teadusarendus\\\/wp-content\\\/uploads\\\/2023\\\/10\\\/erasmus.jpg\",\"width\":150,\"height\":150},{\"@type\":\"BreadcrumbList\",\"@id\":\"https:\\\/\\\/www.kliinikum.ee\\\/teadusarendus\\\/meditsiiniinfo-keskus\\\/#breadcrumb\",\"itemListElement\":[{\"@type\":\"ListItem\",\"position\":1,\"name\":\"Home\",\"item\":\"https:\\\/\\\/www.kliinikum.ee\\\/teadusarendus\\\/\"},{\"@type\":\"ListItem\",\"position\":2,\"name\":\"Meditsiiniinfo keskus\"}]},{\"@type\":\"WebSite\",\"@id\":\"https:\\\/\\\/www.kliinikum.ee\\\/teadusarendus\\\/#website\",\"url\":\"https:\\\/\\\/www.kliinikum.ee\\\/teadusarendus\\\/\",\"name\":\"Teadus-ja arendusteenistus\",\"description\":\"Hoolivus, Uuendusmeelsus, P\u00e4devus ja Usaldusv\u00e4\u00e4rsus\",\"potentialAction\":[{\"@type\":\"SearchAction\",\"target\":{\"@type\":\"EntryPoint\",\"urlTemplate\":\"https:\\\/\\\/www.kliinikum.ee\\\/teadusarendus\\\/?s={search_term_string}\"},\"query-input\":{\"@type\":\"PropertyValueSpecification\",\"valueRequired\":true,\"valueName\":\"search_term_string\"}}],\"inLanguage\":\"et\"}]}<\/script>\n<!-- \/ Yoast SEO plugin. -->","yoast_head_json":{"title":"Meditsiiniinfo keskus - Teadus-ja arendusteenistus","robots":{"index":"index","follow":"follow","max-snippet":"max-snippet:-1","max-image-preview":"max-image-preview:large","max-video-preview":"max-video-preview:-1"},"canonical":"https:\/\/www.kliinikum.ee\/teadusarendus\/meditsiiniinfo-keskus\/","og_locale":"et_EE","og_type":"article","og_title":"Meditsiiniinfo keskus - Teadus-ja arendusteenistus","og_description":"Kui 1993.aastal \u00fchendati Tartu haiglad Tartu \u00dclikooli Kliinikumiks, siis loodi selle koosseisus ka meditsiiniinfo keskus, mille eesm\u00e4rgiks on Eesti meditsiinit\u00f6\u00f6tajate varustamine k\u00f5ige uuema erialateabega, kasutades selleks k\u00f5ige kaasaegsemaid teenindusvorme. Meditsiiniinfo keskuse p\u00f5hitegevuseks on meditsiinialase informatsiooni kogumine, s\u00e4ilitamine ja meditsiinipersonalile k\u00e4ttesaadavaks tegemine. Korraldame v\u00e4lja\u00f5pet andmebaasidega t\u00f6\u00f6tamiseks ja anname \u00fclevaate erinevatest andmebaasidest meditsiinis ja tervishoius. Meditsiiniinfo keskuses [&hellip;]","og_url":"https:\/\/www.kliinikum.ee\/teadusarendus\/meditsiiniinfo-keskus\/","og_site_name":"Teadus-ja arendusteenistus","article_modified_time":"2023-10-31T13:29:11+00:00","og_image":[{"url":"https:\/\/www.kliinikum.ee\/teadusarendus\/wp-content\/uploads\/2023\/10\/erasmus.jpg","type":"","width":"","height":""}],"twitter_card":"summary_large_image","twitter_misc":{"Est. reading time":"2 minutit"},"schema":{"@context":"https:\/\/schema.org","@graph":[{"@type":"WebPage","@id":"https:\/\/www.kliinikum.ee\/teadusarendus\/meditsiiniinfo-keskus\/","url":"https:\/\/www.kliinikum.ee\/teadusarendus\/meditsiiniinfo-keskus\/","name":"Meditsiiniinfo keskus - Teadus-ja arendusteenistus","isPartOf":{"@id":"https:\/\/www.kliinikum.ee\/teadusarendus\/#website"},"primaryImageOfPage":{"@id":"https:\/\/www.kliinikum.ee\/teadusarendus\/meditsiiniinfo-keskus\/#primaryimage"},"image":{"@id":"https:\/\/www.kliinikum.ee\/teadusarendus\/meditsiiniinfo-keskus\/#primaryimage"},"thumbnailUrl":"https:\/\/www.kliinikum.ee\/teadusarendus\/wp-content\/uploads\/2023\/10\/erasmus.jpg","datePublished":"2023-04-19T08:27:23+00:00","dateModified":"2023-10-31T13:29:11+00:00","breadcrumb":{"@id":"https:\/\/www.kliinikum.ee\/teadusarendus\/meditsiiniinfo-keskus\/#breadcrumb"},"inLanguage":"et","potentialAction":[{"@type":"ReadAction","target":["https:\/\/www.kliinikum.ee\/teadusarendus\/meditsiiniinfo-keskus\/"]}]},{"@type":"ImageObject","inLanguage":"et","@id":"https:\/\/www.kliinikum.ee\/teadusarendus\/meditsiiniinfo-keskus\/#primaryimage","url":"https:\/\/www.kliinikum.ee\/teadusarendus\/wp-content\/uploads\/2023\/10\/erasmus.jpg","contentUrl":"https:\/\/www.kliinikum.ee\/teadusarendus\/wp-content\/uploads\/2023\/10\/erasmus.jpg","width":150,"height":150},{"@type":"BreadcrumbList","@id":"https:\/\/www.kliinikum.ee\/teadusarendus\/meditsiiniinfo-keskus\/#breadcrumb","itemListElement":[{"@type":"ListItem","position":1,"name":"Home","item":"https:\/\/www.kliinikum.ee\/teadusarendus\/"},{"@type":"ListItem","position":2,"name":"Meditsiiniinfo keskus"}]},{"@type":"WebSite","@id":"https:\/\/www.kliinikum.ee\/teadusarendus\/#website","url":"https:\/\/www.kliinikum.ee\/teadusarendus\/","name":"Teadus-ja arendusteenistus","description":"Hoolivus, Uuendusmeelsus, P\u00e4devus ja Usaldusv\u00e4\u00e4rsus","potentialAction":[{"@type":"SearchAction","target":{"@type":"EntryPoint","urlTemplate":"https:\/\/www.kliinikum.ee\/teadusarendus\/?s={search_term_string}"},"query-input":{"@type":"PropertyValueSpecification","valueRequired":true,"valueName":"search_term_string"}}],"inLanguage":"et"}]}},"uagb_featured_image_src":{"full":false,"thumbnail":false,"medium":false,"medium_large":false,"large":false,"1536x1536":false,"2048x2048":false},"uagb_author_info":{"display_name":"Jane Freimann","author_link":"https:\/\/www.kliinikum.ee\/teadusarendus\/author\/janef\/"},"uagb_comment_info":0,"uagb_excerpt":"Kui 1993.aastal \u00fchendati Tartu haiglad Tartu \u00dclikooli Kliinikumiks, siis loodi selle koosseisus ka meditsiiniinfo keskus, mille eesm\u00e4rgiks on Eesti meditsiinit\u00f6\u00f6tajate varustamine k\u00f5ige uuema erialateabega, kasutades selleks k\u00f5ige kaasaegsemaid teenindusvorme. Meditsiiniinfo keskuse p\u00f5hitegevuseks on meditsiinialase informatsiooni kogumine, s\u00e4ilitamine ja meditsiinipersonalile k\u00e4ttesaadavaks tegemine. Korraldame v\u00e4lja\u00f5pet andmebaasidega t\u00f6\u00f6tamiseks ja anname \u00fclevaate erinevatest andmebaasidest meditsiinis ja tervishoius. Meditsiiniinfo keskuses&hellip;","_links":{"self":[{"href":"https:\/\/www.kliinikum.ee\/teadusarendus\/wp-json\/wp\/v2\/pages\/5873","targetHints":{"allow":["GET"]}}],"collection":[{"href":"https:\/\/www.kliinikum.ee\/teadusarendus\/wp-json\/wp\/v2\/pages"}],"about":[{"href":"https:\/\/www.kliinikum.ee\/teadusarendus\/wp-json\/wp\/v2\/types\/page"}],"author":[{"embeddable":true,"href":"https:\/\/www.kliinikum.ee\/teadusarendus\/wp-json\/wp\/v2\/users\/35"}],"replies":[{"embeddable":true,"href":"https:\/\/www.kliinikum.ee\/teadusarendus\/wp-json\/wp\/v2\/comments?post=5873"}],"version-history":[{"count":0,"href":"https:\/\/www.kliinikum.ee\/teadusarendus\/wp-json\/wp\/v2\/pages\/5873\/revisions"}],"wp:attachment":[{"href":"https:\/\/www.kliinikum.ee\/teadusarendus\/wp-json\/wp\/v2\/media?parent=5873"}],"curies":[{"name":"wp","href":"https:\/\/api.w.org\/{rel}","templated":true}]}}