{"id":5880,"date":"2023-04-19T10:30:19","date_gmt":"2023-04-19T08:30:19","guid":{"rendered":"https:\/\/www.kliinikum.ee\/teadusarendus\/?page_id=5880"},"modified":"2026-03-12T14:47:03","modified_gmt":"2026-03-12T12:47:03","slug":"kontakt","status":"publish","type":"page","link":"https:\/\/www.kliinikum.ee\/teadusarendus\/kontakt\/","title":{"rendered":"Kontakt"},"content":{"rendered":"\n<p>Teadus-arendusteenistus<\/p>\n\n\n\n<p>Lembitu 24, 50406 Tartu<\/p>\n\n\n\n<figure class=\"wp-block-table\"><table class=\"has-fixed-layout\"><tbody><tr><td>Nimi<\/td><td>Amet<\/td><td>E-kiri<\/td><td>Telefon<\/td><\/tr><tr><td>Joel Starkopf<strong><br><\/strong>dr. med. arstiteadus<\/td><td>Teadus-arendusjuht<\/td><td>joel.starkopf@kliinikum.ee<\/td><td><\/td><\/tr><\/tbody><\/table><\/figure>\n\n\n\n<div style=\"height:20px\" aria-hidden=\"true\" class=\"wp-block-spacer\"><\/div>\n\n\n\n<div class=\"wp-block-uagb-advanced-heading uagb-block-e92f0cfd\"><h2 class=\"uagb-heading-text\">Kliiniliste uuringute keskus<\/h2><\/div>\n\n\n\n<figure class=\"wp-block-table\"><table class=\"has-fixed-layout\"><tbody><tr><td>Nimi<\/td><td>Amet<\/td><td>E-kiri<\/td><td>Telefon<\/td><\/tr><tr><td>Katrin Kaarna<strong> <br><\/strong>MD neuroloog<\/td><td>kliiniliste uuringute keskuse juhataja<\/td><td>katrin.kaarna@kliinikum.ee<\/td><td>+372 737 4119<br>+372 518 6688<\/td><\/tr><tr><td>Kati Karu<\/td><td>teadusprojektide spetsialist<\/td><td>kati.karu@kliinikum.ee<\/td><td>+372 737 5323<\/td><\/tr><tr><td>Anett Vetik <br>MSc biomeditsiin <\/td><td>teadusprojektide spetsialist<\/td><td>anett.vetik@kliinikum.ee<\/td><td>+372 5822 7262<\/td><\/tr><tr><td>Reet Kinks<br>MD neuroloog<\/td><td>vanemprojektijuht<\/td><td>reet.kinks@kliinikum.ee<\/td><td><\/td><\/tr><tr><td>Riina Janno <br>MSc farmaatsia<\/td><td>akadeemiline monitoorija<\/td><td>riina.janno@kliinikum.ee <\/td><td>+372 529 8508<\/td><\/tr><tr><td>K\u00e4rt Kriisa <br>PhD arstiteadus<\/td><td>akadeemiline monitoorija<\/td><td>kart.kriisa2@kliinikum.ee <\/td><td><\/td><\/tr><tr><td>Kaisa P\u00f5hako-Palu<br>MSc biomeditsiin<\/td><td>spetsialist<\/td><td>kaisa.pohako-palu@kliinikum.ee<\/td><td><\/td><\/tr><tr><td>Hanna Kadri Laas<br>MD \u00fcldarst<\/td><td>spetsialist<\/td><td>hannakadri.laas@kliinikum.ee<\/td><td><br>+372 5900 0110<\/td><\/tr><tr><td>Tanel Traks<br>MSc biomeditsiin<\/td><td>biopankade ja andmekogude kvaliteedijuht<\/td><td><br>tanel.traks@kliinikum.ee<\/td><td><\/td><\/tr><tr><td>Aigar Ottas<br>PhD arstiteadus<\/td><td>biopankade ja andmekogude kvaliteedijuht<\/td><td><br>aigar.ottas@kliinikum.ee<\/td><td>+372 5563 6101<\/td><\/tr><tr><td>Evelin Lehtoja<\/td><td>kliiniliste uuringute assistent<\/td><td><a href=\"mailto:evelin.lehtoja@kliinikum.ee\">evelin.lehtoja@kliinikum.ee<\/a><\/td><td>+372 737 4118<\/td><\/tr><tr><td>Riina Raudne<br>PhD rahvatervis<\/td><td>koost\u00f6\u00f6 juht<\/td><td><br>riina.raudne@kliinikum.ee<\/td><td><\/td><\/tr><\/tbody><\/table><\/figure>\n\n\n\n<div style=\"height:20px\" aria-hidden=\"true\" class=\"wp-block-spacer\"><\/div>\n\n\n\n<div style=\"height:0px\" aria-hidden=\"true\" class=\"wp-block-spacer\"><\/div>\n\n\n\n<div style=\"height:20px\" aria-hidden=\"true\" class=\"wp-block-spacer\"><\/div>\n\n\n\n<div class=\"wp-block-uagb-advanced-heading uagb-block-3c41cede\"><h2 class=\"uagb-heading-text\">Meditsiiniinfo keskus<\/h2><\/div>\n\n\n\n<p>medinfo@kliinikum.ee<\/p>\n\n\n\n<p>Lembitu 24, 50406 Tartu<\/p>\n\n\n\n<figure class=\"wp-block-table\"><table class=\"has-fixed-layout\"><tbody><tr><td>Nimi<\/td><td>Amet<\/td><td>E-kiri<\/td><td>Telefon<\/td><\/tr><tr><td>Ivika Rande<\/td><td>infospetsialist<\/td><td><a href=\"mailto:gertu.soerunurk@kliinikum.ee\">ivika.rande@kliinikum.ee<\/a><\/td><td>+372 731 8185<\/td><\/tr><tr><td>Piret Truu<\/td><td>infospetsialist<\/td><td>piret.truu@kliinikum.ee <\/td><td>+372 731 8188<\/td><\/tr><\/tbody><\/table><\/figure>\n\n\n\n<p><\/p>\n","protected":false},"excerpt":{"rendered":"<p>Teadus-arendusteenistus Lembitu 24, 50406 Tartu Nimi Amet E-kiri Telefon Joel Starkopfdr. med. arstiteadus Teadus-arendusjuht joel.starkopf@kliinikum.ee Kliiniliste uuringute keskus Nimi Amet E-kiri Telefon Katrin Kaarna MD neuroloog kliiniliste uuringute keskuse juhataja katrin.kaarna@kliinikum.ee +372 737 4119+372 518 6688 Kati Karu teadusprojektide spetsialist kati.karu@kliinikum.ee +372 737 5323 Anett Vetik MSc biomeditsiin teadusprojektide spetsialist anett.vetik@kliinikum.ee +372 5822 7262 Reet [&hellip;]<\/p>\n","protected":false},"author":35,"featured_media":0,"parent":0,"menu_order":4,"comment_status":"closed","ping_status":"closed","template":"","meta":{"_acf_changed":false,"_uag_custom_page_level_css":"","footnotes":""},"class_list":["post-5880","page","type-page","status-publish","hentry"],"acf":[],"yoast_head":"<!-- This site is optimized with the Yoast SEO plugin v27.3 - https:\/\/yoast.com\/product\/yoast-seo-wordpress\/ -->\n<title>Kontakt - Teadus-ja arendusteenistus<\/title>\n<meta name=\"robots\" content=\"index, follow, max-snippet:-1, max-image-preview:large, max-video-preview:-1\" \/>\n<link rel=\"canonical\" href=\"https:\/\/www.kliinikum.ee\/teadusarendus\/kontakt\/\" \/>\n<meta property=\"og:locale\" content=\"et_EE\" \/>\n<meta property=\"og:type\" content=\"article\" \/>\n<meta property=\"og:title\" content=\"Kontakt - Teadus-ja arendusteenistus\" \/>\n<meta property=\"og:description\" content=\"Teadus-arendusteenistus Lembitu 24, 50406 Tartu Nimi Amet E-kiri Telefon Joel Starkopfdr. med. arstiteadus Teadus-arendusjuht joel.starkopf@kliinikum.ee Kliiniliste uuringute keskus Nimi Amet E-kiri Telefon Katrin Kaarna MD neuroloog kliiniliste uuringute keskuse juhataja katrin.kaarna@kliinikum.ee +372 737 4119+372 518 6688 Kati Karu teadusprojektide spetsialist kati.karu@kliinikum.ee +372 737 5323 Anett Vetik MSc biomeditsiin teadusprojektide spetsialist anett.vetik@kliinikum.ee +372 5822 7262 Reet [&hellip;]\" \/>\n<meta property=\"og:url\" content=\"https:\/\/www.kliinikum.ee\/teadusarendus\/kontakt\/\" \/>\n<meta property=\"og:site_name\" content=\"Teadus-ja arendusteenistus\" \/>\n<meta property=\"article:modified_time\" content=\"2026-03-12T12:47:03+00:00\" \/>\n<meta name=\"twitter:card\" content=\"summary_large_image\" \/>\n<meta name=\"twitter:label1\" content=\"Est. reading time\" \/>\n\t<meta name=\"twitter:data1\" content=\"1 minut\" \/>\n<script type=\"application\/ld+json\" class=\"yoast-schema-graph\">{\"@context\":\"https:\\\/\\\/schema.org\",\"@graph\":[{\"@type\":\"WebPage\",\"@id\":\"https:\\\/\\\/www.kliinikum.ee\\\/teadusarendus\\\/kontakt\\\/\",\"url\":\"https:\\\/\\\/www.kliinikum.ee\\\/teadusarendus\\\/kontakt\\\/\",\"name\":\"Kontakt - Teadus-ja arendusteenistus\",\"isPartOf\":{\"@id\":\"https:\\\/\\\/www.kliinikum.ee\\\/teadusarendus\\\/#website\"},\"datePublished\":\"2023-04-19T08:30:19+00:00\",\"dateModified\":\"2026-03-12T12:47:03+00:00\",\"breadcrumb\":{\"@id\":\"https:\\\/\\\/www.kliinikum.ee\\\/teadusarendus\\\/kontakt\\\/#breadcrumb\"},\"inLanguage\":\"et\",\"potentialAction\":[{\"@type\":\"ReadAction\",\"target\":[\"https:\\\/\\\/www.kliinikum.ee\\\/teadusarendus\\\/kontakt\\\/\"]}]},{\"@type\":\"BreadcrumbList\",\"@id\":\"https:\\\/\\\/www.kliinikum.ee\\\/teadusarendus\\\/kontakt\\\/#breadcrumb\",\"itemListElement\":[{\"@type\":\"ListItem\",\"position\":1,\"name\":\"Home\",\"item\":\"https:\\\/\\\/www.kliinikum.ee\\\/teadusarendus\\\/\"},{\"@type\":\"ListItem\",\"position\":2,\"name\":\"Kontakt\"}]},{\"@type\":\"WebSite\",\"@id\":\"https:\\\/\\\/www.kliinikum.ee\\\/teadusarendus\\\/#website\",\"url\":\"https:\\\/\\\/www.kliinikum.ee\\\/teadusarendus\\\/\",\"name\":\"Teadus-ja arendusteenistus\",\"description\":\"Hoolivus, Uuendusmeelsus, P\u00e4devus ja Usaldusv\u00e4\u00e4rsus\",\"potentialAction\":[{\"@type\":\"SearchAction\",\"target\":{\"@type\":\"EntryPoint\",\"urlTemplate\":\"https:\\\/\\\/www.kliinikum.ee\\\/teadusarendus\\\/?s={search_term_string}\"},\"query-input\":{\"@type\":\"PropertyValueSpecification\",\"valueRequired\":true,\"valueName\":\"search_term_string\"}}],\"inLanguage\":\"et\"}]}<\/script>\n<!-- \/ Yoast SEO plugin. -->","yoast_head_json":{"title":"Kontakt - Teadus-ja arendusteenistus","robots":{"index":"index","follow":"follow","max-snippet":"max-snippet:-1","max-image-preview":"max-image-preview:large","max-video-preview":"max-video-preview:-1"},"canonical":"https:\/\/www.kliinikum.ee\/teadusarendus\/kontakt\/","og_locale":"et_EE","og_type":"article","og_title":"Kontakt - Teadus-ja arendusteenistus","og_description":"Teadus-arendusteenistus Lembitu 24, 50406 Tartu Nimi Amet E-kiri Telefon Joel Starkopfdr. med. arstiteadus Teadus-arendusjuht joel.starkopf@kliinikum.ee Kliiniliste uuringute keskus Nimi Amet E-kiri Telefon Katrin Kaarna MD neuroloog kliiniliste uuringute keskuse juhataja katrin.kaarna@kliinikum.ee +372 737 4119+372 518 6688 Kati Karu teadusprojektide spetsialist kati.karu@kliinikum.ee +372 737 5323 Anett Vetik MSc biomeditsiin teadusprojektide spetsialist anett.vetik@kliinikum.ee +372 5822 7262 Reet [&hellip;]","og_url":"https:\/\/www.kliinikum.ee\/teadusarendus\/kontakt\/","og_site_name":"Teadus-ja arendusteenistus","article_modified_time":"2026-03-12T12:47:03+00:00","twitter_card":"summary_large_image","twitter_misc":{"Est. reading time":"1 minut"},"schema":{"@context":"https:\/\/schema.org","@graph":[{"@type":"WebPage","@id":"https:\/\/www.kliinikum.ee\/teadusarendus\/kontakt\/","url":"https:\/\/www.kliinikum.ee\/teadusarendus\/kontakt\/","name":"Kontakt - Teadus-ja arendusteenistus","isPartOf":{"@id":"https:\/\/www.kliinikum.ee\/teadusarendus\/#website"},"datePublished":"2023-04-19T08:30:19+00:00","dateModified":"2026-03-12T12:47:03+00:00","breadcrumb":{"@id":"https:\/\/www.kliinikum.ee\/teadusarendus\/kontakt\/#breadcrumb"},"inLanguage":"et","potentialAction":[{"@type":"ReadAction","target":["https:\/\/www.kliinikum.ee\/teadusarendus\/kontakt\/"]}]},{"@type":"BreadcrumbList","@id":"https:\/\/www.kliinikum.ee\/teadusarendus\/kontakt\/#breadcrumb","itemListElement":[{"@type":"ListItem","position":1,"name":"Home","item":"https:\/\/www.kliinikum.ee\/teadusarendus\/"},{"@type":"ListItem","position":2,"name":"Kontakt"}]},{"@type":"WebSite","@id":"https:\/\/www.kliinikum.ee\/teadusarendus\/#website","url":"https:\/\/www.kliinikum.ee\/teadusarendus\/","name":"Teadus-ja arendusteenistus","description":"Hoolivus, Uuendusmeelsus, P\u00e4devus ja Usaldusv\u00e4\u00e4rsus","potentialAction":[{"@type":"SearchAction","target":{"@type":"EntryPoint","urlTemplate":"https:\/\/www.kliinikum.ee\/teadusarendus\/?s={search_term_string}"},"query-input":{"@type":"PropertyValueSpecification","valueRequired":true,"valueName":"search_term_string"}}],"inLanguage":"et"}]}},"uagb_featured_image_src":{"full":false,"thumbnail":false,"medium":false,"medium_large":false,"large":false,"1536x1536":false,"2048x2048":false},"uagb_author_info":{"display_name":"Jane Freimann","author_link":"https:\/\/www.kliinikum.ee\/teadusarendus\/author\/janef\/"},"uagb_comment_info":0,"uagb_excerpt":"Teadus-arendusteenistus Lembitu 24, 50406 Tartu Nimi Amet E-kiri Telefon Joel Starkopfdr. med. arstiteadus Teadus-arendusjuht joel.starkopf@kliinikum.ee Kliiniliste uuringute keskus Nimi Amet E-kiri Telefon Katrin Kaarna MD neuroloog kliiniliste uuringute keskuse juhataja katrin.kaarna@kliinikum.ee +372 737 4119+372 518 6688 Kati Karu teadusprojektide spetsialist kati.karu@kliinikum.ee +372 737 5323 Anett Vetik MSc biomeditsiin teadusprojektide spetsialist anett.vetik@kliinikum.ee +372 5822 7262 Reet&hellip;","_links":{"self":[{"href":"https:\/\/www.kliinikum.ee\/teadusarendus\/wp-json\/wp\/v2\/pages\/5880","targetHints":{"allow":["GET"]}}],"collection":[{"href":"https:\/\/www.kliinikum.ee\/teadusarendus\/wp-json\/wp\/v2\/pages"}],"about":[{"href":"https:\/\/www.kliinikum.ee\/teadusarendus\/wp-json\/wp\/v2\/types\/page"}],"author":[{"embeddable":true,"href":"https:\/\/www.kliinikum.ee\/teadusarendus\/wp-json\/wp\/v2\/users\/35"}],"replies":[{"embeddable":true,"href":"https:\/\/www.kliinikum.ee\/teadusarendus\/wp-json\/wp\/v2\/comments?post=5880"}],"version-history":[{"count":0,"href":"https:\/\/www.kliinikum.ee\/teadusarendus\/wp-json\/wp\/v2\/pages\/5880\/revisions"}],"wp:attachment":[{"href":"https:\/\/www.kliinikum.ee\/teadusarendus\/wp-json\/wp\/v2\/media?parent=5880"}],"curies":[{"name":"wp","href":"https:\/\/api.w.org\/{rel}","templated":true}]}}