{"id":5894,"date":"2023-04-19T11:17:39","date_gmt":"2023-04-19T09:17:39","guid":{"rendered":"https:\/\/www.kliinikum.ee\/teadusarendus\/?page_id=5894"},"modified":"2026-02-06T10:50:44","modified_gmt":"2026-02-06T08:50:44","slug":"projektid-ja-koostoo","status":"publish","type":"page","link":"https:\/\/www.kliinikum.ee\/teadusarendus\/kliiniliste-uuringute-keskus\/projektid-ja-koostoo\/","title":{"rendered":"Projektid ja koost\u00f6\u00f6"},"content":{"rendered":"\n<figure class=\"wp-block-image size-large\"><img loading=\"lazy\" decoding=\"async\" width=\"1024\" height=\"267\" src=\"https:\/\/www.kliinikum.ee\/teadusarendus\/wp-content\/uploads\/2023\/05\/tat1-1-1024x267.png\" alt=\"\" class=\"wp-image-6400\" srcset=\"https:\/\/www.kliinikum.ee\/teadusarendus\/wp-content\/uploads\/2023\/05\/tat1-1-1024x267.png 1024w, https:\/\/www.kliinikum.ee\/teadusarendus\/wp-content\/uploads\/2023\/05\/tat1-1-300x78.png 300w, https:\/\/www.kliinikum.ee\/teadusarendus\/wp-content\/uploads\/2023\/05\/tat1-1-768x200.png 768w, https:\/\/www.kliinikum.ee\/teadusarendus\/wp-content\/uploads\/2023\/05\/tat1-1-1536x400.png 1536w, https:\/\/www.kliinikum.ee\/teadusarendus\/wp-content\/uploads\/2023\/05\/tat1-1.png 1920w\" sizes=\"auto, (max-width: 1024px) 100vw, 1024px\" \/><\/figure>\n\n\n<div class=\"wp-block-uagb-faq uagb-faq__outer-wrap uagb-block-4e3afa7f uagb-faq-icon-row uagb-faq-layout-accordion uagb-faq-expand-first-false uagb-faq-inactive-other-true uagb-faq__wrap uagb-buttons-layout-wrap uagb-faq-equal-height     \" data-faqtoggle=\"true\" role=\"tablist\"><div class=\"wp-block-uagb-faq-child uagb-faq-child__outer-wrap uagb-faq-item uagb-block-731ad6db \" role=\"tab\" tabindex=\"0\"><div class=\"uagb-faq-questions-button uagb-faq-questions\">\t\t\t<span class=\"uagb-icon uagb-faq-icon-wrap\">\n\t\t\t\t\t\t\t\t<svg xmlns=\"https:\/\/www.w3.org\/2000\/svg\" viewBox= \"0 0 448 512\"><path d=\"M432 256c0 17.69-14.33 32.01-32 32.01H256v144c0 17.69-14.33 31.99-32 31.99s-32-14.3-32-31.99v-144H48c-17.67 0-32-14.32-32-32.01s14.33-31.99 32-31.99H192v-144c0-17.69 14.33-32.01 32-32.01s32 14.32 32 32.01v144h144C417.7 224 432 238.3 432 256z\"><\/path><\/svg>\n\t\t\t\t\t\t\t<\/span>\n\t\t\t\t\t\t<span class=\"uagb-icon-active uagb-faq-icon-wrap\">\n\t\t\t\t\t\t\t\t<svg xmlns=\"https:\/\/www.w3.org\/2000\/svg\" viewBox= \"0 0 448 512\"><path d=\"M400 288h-352c-17.69 0-32-14.32-32-32.01s14.31-31.99 32-31.99h352c17.69 0 32 14.3 32 31.99S417.7 288 400 288z\"><\/path><\/svg>\n\t\t\t\t\t\t\t<\/span>\n\t\t\t<span class=\"uagb-question\">TeamPerMed<\/span><\/div><div class=\"uagb-faq-content\"><p><a href=\"https:\/\/teampermed.eu\">TeamPerMed<\/a> projekt on Euroopa Komisjoni teadusuuringute ja innovatsiooni raamprogrammi \u201eEuroopa Horisont\" rahastusmeetmest \u201eTeaming for Excellence\" rahastatud projekt, mida kaasrahastab Eesti riik. Projekti eesm\u00e4rgiks on luua j\u00e4tkusuutlik personaalmeditsiini arenduskeskus, mis \u00fchendab genoomika, infotehnoloogia, kliinilise meditsiini ja sotsiaal-majandusliku anal\u00fc\u00fcsi valdkonna ekspertteadmised ning selle v\u00e4ljat\u00f6\u00f6tatud tehnoloogia, t\u00f6\u00f6riistad ja teadmised aitavad kaasa Eesti ja Euroopa konkurentsiv\u00f5imele arenevas personaalmeditsiinisektoris, parandades tervishoiu kvaliteeti ja inimeste tervist ning sillutades teed nn 'j\u00e4rgmise p\u00f5lvkonna' meditsiinile. Projekti lepingulisteks partneriteks on lisaks Tartu \u00dclikoolile ja Tartu \u00dclikooli Kliinikumile veel Erasmuse Meditsiinikeskus Rotterdamis, Erasmuse Rotterdami \u00dclikool ja Helsingi \u00dclikool. Kliinikumi eesm\u00e4rgiks on kavandatavate kliiniliste uuringute korraldamine ja l\u00e4biviimine. Kliinikumi peamisteks koost\u00f6\u00f6\u00fcksusteks on kliiniliste uuringute keskus ning geneetika ja personaalmeditsiini kliinik.<\/p><\/div><\/div><div class=\"wp-block-uagb-faq-child uagb-faq-child__outer-wrap uagb-faq-item uagb-block-8231fac1 \" role=\"tab\" tabindex=\"0\"><div class=\"uagb-faq-questions-button uagb-faq-questions\">\t\t\t<span class=\"uagb-icon uagb-faq-icon-wrap\">\n\t\t\t\t\t\t\t\t<svg xmlns=\"https:\/\/www.w3.org\/2000\/svg\" viewBox= \"0 0 448 512\"><path d=\"M432 256c0 17.69-14.33 32.01-32 32.01H256v144c0 17.69-14.33 31.99-32 31.99s-32-14.3-32-31.99v-144H48c-17.67 0-32-14.32-32-32.01s14.33-31.99 32-31.99H192v-144c0-17.69 14.33-32.01 32-32.01s32 14.32 32 32.01v144h144C417.7 224 432 238.3 432 256z\"><\/path><\/svg>\n\t\t\t\t\t\t\t<\/span>\n\t\t\t\t\t\t<span class=\"uagb-icon-active uagb-faq-icon-wrap\">\n\t\t\t\t\t\t\t\t<svg xmlns=\"https:\/\/www.w3.org\/2000\/svg\" viewBox= \"0 0 448 512\"><path d=\"M400 288h-352c-17.69 0-32-14.32-32-32.01s14.31-31.99 32-31.99h352c17.69 0 32 14.3 32 31.99S417.7 288 400 288z\"><\/path><\/svg>\n\t\t\t\t\t\t\t<\/span>\n\t\t\t<span class=\"uagb-question\">Multiformse glioblastoomi kliiniline uuring<br><\/span><\/div><div class=\"uagb-faq-content\"><p>Topeltpimeda randomiseeritud platseebokontrollitud teise faasi teostatavusuuringu eesm\u00e4rgiks on hinnata, kas LSTA1 lisamine standardravile (temosolomiid) v\u00f5rreldes platseeboga esmaselt diagnoositud multiformse\u202fglioblastoomiga patsientidel parandab nende patsientide ravivastust. Lisaks uuritakse LSTA1 ohutust ja taluvust. Tegu on rahvusvahelise uuringuga, mis viiakse l\u00e4bi aastatel 2023-2026 Tartu \u00dclikooli Kliinikumis, P\u00f5hja-Eesti Regionaalhaiglas ja Riia Ida \u00dclikooli haiglas L\u00e4tis. Kliinilise uuringu juhtivuurija on dr. Lenne-Triin K\u00f5rgvee.<\/p><\/div><\/div><\/div>\n\n\n<p><\/p>\n\n\n\n<p><\/p>\n","protected":false},"excerpt":{"rendered":"","protected":false},"author":35,"featured_media":0,"parent":5870,"menu_order":4,"comment_status":"closed","ping_status":"closed","template":"","meta":{"_acf_changed":false,"_uag_custom_page_level_css":"","footnotes":""},"class_list":["post-5894","page","type-page","status-publish","hentry"],"acf":[],"yoast_head":"<!-- This site is optimized with the Yoast SEO plugin v27.5 - https:\/\/yoast.com\/product\/yoast-seo-wordpress\/ -->\n<title>Projektid ja koost\u00f6\u00f6 - Teadus-ja arendusteenistus<\/title>\n<meta name=\"robots\" content=\"index, follow, max-snippet:-1, max-image-preview:large, max-video-preview:-1\" \/>\n<link rel=\"canonical\" href=\"https:\/\/www.kliinikum.ee\/teadusarendus\/kliiniliste-uuringute-keskus\/projektid-ja-koostoo\/\" \/>\n<meta property=\"og:locale\" content=\"et_EE\" \/>\n<meta property=\"og:type\" content=\"article\" \/>\n<meta property=\"og:title\" content=\"Projektid ja koost\u00f6\u00f6 - Teadus-ja arendusteenistus\" \/>\n<meta property=\"og:url\" content=\"https:\/\/www.kliinikum.ee\/teadusarendus\/kliiniliste-uuringute-keskus\/projektid-ja-koostoo\/\" \/>\n<meta property=\"og:site_name\" content=\"Teadus-ja arendusteenistus\" \/>\n<meta property=\"article:modified_time\" content=\"2026-02-06T08:50:44+00:00\" \/>\n<meta property=\"og:image\" content=\"https:\/\/www.kliinikum.ee\/teadusarendus\/wp-content\/uploads\/2023\/05\/tat1-1.png\" \/>\n\t<meta property=\"og:image:width\" content=\"1920\" \/>\n\t<meta property=\"og:image:height\" content=\"500\" \/>\n\t<meta property=\"og:image:type\" content=\"image\/png\" \/>\n<meta name=\"twitter:card\" content=\"summary_large_image\" \/>\n<meta name=\"twitter:label1\" content=\"Est. reading time\" \/>\n\t<meta name=\"twitter:data1\" content=\"1 minut\" \/>\n<script type=\"application\/ld+json\" class=\"yoast-schema-graph\">{\"@context\":\"https:\\\/\\\/schema.org\",\"@graph\":[{\"@type\":\"WebPage\",\"@id\":\"https:\\\/\\\/www.kliinikum.ee\\\/teadusarendus\\\/kliiniliste-uuringute-keskus\\\/projektid-ja-koostoo\\\/\",\"url\":\"https:\\\/\\\/www.kliinikum.ee\\\/teadusarendus\\\/kliiniliste-uuringute-keskus\\\/projektid-ja-koostoo\\\/\",\"name\":\"Projektid ja koost\u00f6\u00f6 - Teadus-ja arendusteenistus\",\"isPartOf\":{\"@id\":\"https:\\\/\\\/www.kliinikum.ee\\\/teadusarendus\\\/#website\"},\"primaryImageOfPage\":{\"@id\":\"https:\\\/\\\/www.kliinikum.ee\\\/teadusarendus\\\/kliiniliste-uuringute-keskus\\\/projektid-ja-koostoo\\\/#primaryimage\"},\"image\":{\"@id\":\"https:\\\/\\\/www.kliinikum.ee\\\/teadusarendus\\\/kliiniliste-uuringute-keskus\\\/projektid-ja-koostoo\\\/#primaryimage\"},\"thumbnailUrl\":\"https:\\\/\\\/www.kliinikum.ee\\\/teadusarendus\\\/wp-content\\\/uploads\\\/2023\\\/05\\\/tat1-1-1024x267.png\",\"datePublished\":\"2023-04-19T09:17:39+00:00\",\"dateModified\":\"2026-02-06T08:50:44+00:00\",\"breadcrumb\":{\"@id\":\"https:\\\/\\\/www.kliinikum.ee\\\/teadusarendus\\\/kliiniliste-uuringute-keskus\\\/projektid-ja-koostoo\\\/#breadcrumb\"},\"inLanguage\":\"et\",\"potentialAction\":[{\"@type\":\"ReadAction\",\"target\":[\"https:\\\/\\\/www.kliinikum.ee\\\/teadusarendus\\\/kliiniliste-uuringute-keskus\\\/projektid-ja-koostoo\\\/\"]}]},{\"@type\":\"ImageObject\",\"inLanguage\":\"et\",\"@id\":\"https:\\\/\\\/www.kliinikum.ee\\\/teadusarendus\\\/kliiniliste-uuringute-keskus\\\/projektid-ja-koostoo\\\/#primaryimage\",\"url\":\"https:\\\/\\\/www.kliinikum.ee\\\/teadusarendus\\\/wp-content\\\/uploads\\\/2023\\\/05\\\/tat1-1.png\",\"contentUrl\":\"https:\\\/\\\/www.kliinikum.ee\\\/teadusarendus\\\/wp-content\\\/uploads\\\/2023\\\/05\\\/tat1-1.png\",\"width\":1920,\"height\":500},{\"@type\":\"BreadcrumbList\",\"@id\":\"https:\\\/\\\/www.kliinikum.ee\\\/teadusarendus\\\/kliiniliste-uuringute-keskus\\\/projektid-ja-koostoo\\\/#breadcrumb\",\"itemListElement\":[{\"@type\":\"ListItem\",\"position\":1,\"name\":\"Home\",\"item\":\"https:\\\/\\\/www.kliinikum.ee\\\/teadusarendus\\\/\"},{\"@type\":\"ListItem\",\"position\":2,\"name\":\"Kliiniliste uuringute keskus\",\"item\":\"https:\\\/\\\/www.kliinikum.ee\\\/teadusarendus\\\/kliiniliste-uuringute-keskus\\\/\"},{\"@type\":\"ListItem\",\"position\":3,\"name\":\"Projektid ja koost\u00f6\u00f6\"}]},{\"@type\":\"WebSite\",\"@id\":\"https:\\\/\\\/www.kliinikum.ee\\\/teadusarendus\\\/#website\",\"url\":\"https:\\\/\\\/www.kliinikum.ee\\\/teadusarendus\\\/\",\"name\":\"Teadus-ja arendusteenistus\",\"description\":\"Hoolivus, Uuendusmeelsus, P\u00e4devus ja Usaldusv\u00e4\u00e4rsus\",\"potentialAction\":[{\"@type\":\"SearchAction\",\"target\":{\"@type\":\"EntryPoint\",\"urlTemplate\":\"https:\\\/\\\/www.kliinikum.ee\\\/teadusarendus\\\/?s={search_term_string}\"},\"query-input\":{\"@type\":\"PropertyValueSpecification\",\"valueRequired\":true,\"valueName\":\"search_term_string\"}}],\"inLanguage\":\"et\"}]}<\/script>\n<!-- \/ Yoast SEO plugin. -->","yoast_head_json":{"title":"Projektid ja koost\u00f6\u00f6 - Teadus-ja arendusteenistus","robots":{"index":"index","follow":"follow","max-snippet":"max-snippet:-1","max-image-preview":"max-image-preview:large","max-video-preview":"max-video-preview:-1"},"canonical":"https:\/\/www.kliinikum.ee\/teadusarendus\/kliiniliste-uuringute-keskus\/projektid-ja-koostoo\/","og_locale":"et_EE","og_type":"article","og_title":"Projektid ja koost\u00f6\u00f6 - Teadus-ja arendusteenistus","og_url":"https:\/\/www.kliinikum.ee\/teadusarendus\/kliiniliste-uuringute-keskus\/projektid-ja-koostoo\/","og_site_name":"Teadus-ja arendusteenistus","article_modified_time":"2026-02-06T08:50:44+00:00","og_image":[{"width":1920,"height":500,"url":"https:\/\/www.kliinikum.ee\/teadusarendus\/wp-content\/uploads\/2023\/05\/tat1-1.png","type":"image\/png"}],"twitter_card":"summary_large_image","twitter_misc":{"Est. reading time":"1 minut"},"schema":{"@context":"https:\/\/schema.org","@graph":[{"@type":"WebPage","@id":"https:\/\/www.kliinikum.ee\/teadusarendus\/kliiniliste-uuringute-keskus\/projektid-ja-koostoo\/","url":"https:\/\/www.kliinikum.ee\/teadusarendus\/kliiniliste-uuringute-keskus\/projektid-ja-koostoo\/","name":"Projektid ja koost\u00f6\u00f6 - Teadus-ja arendusteenistus","isPartOf":{"@id":"https:\/\/www.kliinikum.ee\/teadusarendus\/#website"},"primaryImageOfPage":{"@id":"https:\/\/www.kliinikum.ee\/teadusarendus\/kliiniliste-uuringute-keskus\/projektid-ja-koostoo\/#primaryimage"},"image":{"@id":"https:\/\/www.kliinikum.ee\/teadusarendus\/kliiniliste-uuringute-keskus\/projektid-ja-koostoo\/#primaryimage"},"thumbnailUrl":"https:\/\/www.kliinikum.ee\/teadusarendus\/wp-content\/uploads\/2023\/05\/tat1-1-1024x267.png","datePublished":"2023-04-19T09:17:39+00:00","dateModified":"2026-02-06T08:50:44+00:00","breadcrumb":{"@id":"https:\/\/www.kliinikum.ee\/teadusarendus\/kliiniliste-uuringute-keskus\/projektid-ja-koostoo\/#breadcrumb"},"inLanguage":"et","potentialAction":[{"@type":"ReadAction","target":["https:\/\/www.kliinikum.ee\/teadusarendus\/kliiniliste-uuringute-keskus\/projektid-ja-koostoo\/"]}]},{"@type":"ImageObject","inLanguage":"et","@id":"https:\/\/www.kliinikum.ee\/teadusarendus\/kliiniliste-uuringute-keskus\/projektid-ja-koostoo\/#primaryimage","url":"https:\/\/www.kliinikum.ee\/teadusarendus\/wp-content\/uploads\/2023\/05\/tat1-1.png","contentUrl":"https:\/\/www.kliinikum.ee\/teadusarendus\/wp-content\/uploads\/2023\/05\/tat1-1.png","width":1920,"height":500},{"@type":"BreadcrumbList","@id":"https:\/\/www.kliinikum.ee\/teadusarendus\/kliiniliste-uuringute-keskus\/projektid-ja-koostoo\/#breadcrumb","itemListElement":[{"@type":"ListItem","position":1,"name":"Home","item":"https:\/\/www.kliinikum.ee\/teadusarendus\/"},{"@type":"ListItem","position":2,"name":"Kliiniliste uuringute keskus","item":"https:\/\/www.kliinikum.ee\/teadusarendus\/kliiniliste-uuringute-keskus\/"},{"@type":"ListItem","position":3,"name":"Projektid ja koost\u00f6\u00f6"}]},{"@type":"WebSite","@id":"https:\/\/www.kliinikum.ee\/teadusarendus\/#website","url":"https:\/\/www.kliinikum.ee\/teadusarendus\/","name":"Teadus-ja arendusteenistus","description":"Hoolivus, Uuendusmeelsus, P\u00e4devus ja Usaldusv\u00e4\u00e4rsus","potentialAction":[{"@type":"SearchAction","target":{"@type":"EntryPoint","urlTemplate":"https:\/\/www.kliinikum.ee\/teadusarendus\/?s={search_term_string}"},"query-input":{"@type":"PropertyValueSpecification","valueRequired":true,"valueName":"search_term_string"}}],"inLanguage":"et"}]}},"uagb_featured_image_src":{"full":false,"thumbnail":false,"medium":false,"medium_large":false,"large":false,"1536x1536":false,"2048x2048":false},"uagb_author_info":{"display_name":"Jane Freimann","author_link":"https:\/\/www.kliinikum.ee\/teadusarendus\/author\/janef\/"},"uagb_comment_info":0,"uagb_excerpt":null,"_links":{"self":[{"href":"https:\/\/www.kliinikum.ee\/teadusarendus\/wp-json\/wp\/v2\/pages\/5894","targetHints":{"allow":["GET"]}}],"collection":[{"href":"https:\/\/www.kliinikum.ee\/teadusarendus\/wp-json\/wp\/v2\/pages"}],"about":[{"href":"https:\/\/www.kliinikum.ee\/teadusarendus\/wp-json\/wp\/v2\/types\/page"}],"author":[{"embeddable":true,"href":"https:\/\/www.kliinikum.ee\/teadusarendus\/wp-json\/wp\/v2\/users\/35"}],"replies":[{"embeddable":true,"href":"https:\/\/www.kliinikum.ee\/teadusarendus\/wp-json\/wp\/v2\/comments?post=5894"}],"version-history":[{"count":0,"href":"https:\/\/www.kliinikum.ee\/teadusarendus\/wp-json\/wp\/v2\/pages\/5894\/revisions"}],"up":[{"embeddable":true,"href":"https:\/\/www.kliinikum.ee\/teadusarendus\/wp-json\/wp\/v2\/pages\/5870"}],"wp:attachment":[{"href":"https:\/\/www.kliinikum.ee\/teadusarendus\/wp-json\/wp\/v2\/media?parent=5894"}],"curies":[{"name":"wp","href":"https:\/\/api.w.org\/{rel}","templated":true}]}}