{"id":5900,"date":"2023-04-19T11:19:37","date_gmt":"2023-04-19T09:19:37","guid":{"rendered":"https:\/\/www.kliinikum.ee\/teadusarendus\/?page_id=5900"},"modified":"2023-10-31T14:59:23","modified_gmt":"2023-10-31T12:59:23","slug":"ajakirjad","status":"publish","type":"page","link":"https:\/\/www.kliinikum.ee\/teadusarendus\/meditsiiniinfo-keskus\/andmebaasid\/ajakirjad\/","title":{"rendered":"Ajakirjad"},"content":{"rendered":"\n<p>Siia lehele oleme kogunud e-ajakirjade nimekirjad erialade kaupa<\/p>\n\n\n\n<div style=\"height:15px\" aria-hidden=\"true\" class=\"wp-block-spacer\"><\/div>\n\n\n\n<p><a href=\"https:\/\/www.kliinikum.ee\/teadusarendus\/meditsiiniinfo-keskus\/andmebaasid\/ajakirjad\/aikliinik\/\">Ajakirjade nimekiri anestesioloogia ja intensiivravi kliinikule<\/a><\/p>\n\n\n\n<p><a href=\"https:\/\/www.kliinikum.ee\/teadusarendus\/meditsiiniinfo-keskus\/andmebaasid\/ajakirjad\/hokliinik\/\">Ajakirjade nimekiri hematoloogia-onkoloogia kliinikule<\/a><\/p>\n\n\n\n<p><a href=\"https:\/\/www.kliinikum.ee\/teadusarendus\/meditsiiniinfo-keskus\/andmebaasid\/ajakirjad\/kirurgiakliinik\/\">Ajakirjade nimekiri kirurgiakliinikule<\/a><\/p>\n\n\n\n<p><a href=\"https:\/\/www.kliinikum.ee\/teadusarendus\/meditsiiniinfo-keskus\/andmebaasid\/ajakirjad\/kopsukliinik\/\">Ajakirjade nimekiri kopsukliinikule<\/a><\/p>\n\n\n\n<p><a href=\"https:\/\/www.kliinikum.ee\/teadusarendus\/meditsiiniinfo-keskus\/andmebaasid\/ajakirjad\/korvakliinik\/\">Ajakirjade nimekiri k\u00f5rvakliinikule<\/a><\/p>\n\n\n\n<p><a href=\"https:\/\/www.kliinikum.ee\/teadusarendus\/meditsiiniinfo-keskus\/andmebaasid\/ajakirjad\/lastekliinik\/\">Ajakirjade nimekiri lastekliinikule<\/a><\/p>\n\n\n\n<p><a href=\"https:\/\/www.kliinikum.ee\/teadusarendus\/meditsiiniinfo-keskus\/andmebaasid\/ajakirjad\/naistekliinik\/\">Ajakirjade nimekiri naistekliinikule<\/a><\/p>\n\n\n\n<p><a href=\"https:\/\/www.kliinikum.ee\/teadusarendus\/meditsiiniinfo-keskus\/andmebaasid\/ajakirjad\/ortopeediakliinik\/\">Ajakirjade nimekiri ortopeediakliinikule<\/a><\/p>\n\n\n\n<p><a href=\"https:\/\/www.kliinikum.ee\/teadusarendus\/meditsiiniinfo-keskus\/andmebaasid\/ajakirjad\/psuhhiaatriakliinik\/\">Ajakirjade nimekiri ps\u00fchhiaatriakliinikule<\/a><\/p>\n\n\n\n<p><a href=\"https:\/\/www.kliinikum.ee\/teadusarendus\/meditsiiniinfo-keskus\/andmebaasid\/ajakirjad\/silmakliinik\/\">Ajakirjade nimekiri silmakliinikule<\/a><\/p>\n\n\n\n<p><a href=\"https:\/\/www.kliinikum.ee\/teadusarendus\/meditsiiniinfo-keskus\/andmebaasid\/ajakirjad\/takliinik\/\">Ajakirjade nimekiri spordimeditsiini ja taastusravi kliinikule<\/a><\/p>\n\n\n\n<p><a href=\"https:\/\/www.kliinikum.ee\/teadusarendus\/meditsiiniinfo-keskus\/andmebaasid\/ajakirjad\/sudamekliinik\/\">Ajakirjade nimekiri s\u00fcdamekliinikule<\/a><\/p>\n","protected":false},"excerpt":{"rendered":"<p>Siia lehele oleme kogunud e-ajakirjade nimekirjad erialade kaupa Ajakirjade nimekiri anestesioloogia ja intensiivravi kliinikule Ajakirjade nimekiri hematoloogia-onkoloogia kliinikule Ajakirjade nimekiri kirurgiakliinikule Ajakirjade nimekiri kopsukliinikule Ajakirjade nimekiri k\u00f5rvakliinikule Ajakirjade nimekiri lastekliinikule Ajakirjade nimekiri naistekliinikule Ajakirjade nimekiri ortopeediakliinikule Ajakirjade nimekiri ps\u00fchhiaatriakliinikule Ajakirjade nimekiri silmakliinikule Ajakirjade nimekiri spordimeditsiini ja taastusravi kliinikule Ajakirjade nimekiri s\u00fcdamekliinikule<\/p>\n","protected":false},"author":35,"featured_media":0,"parent":5898,"menu_order":1,"comment_status":"closed","ping_status":"closed","template":"","meta":{"_acf_changed":false,"_uag_custom_page_level_css":"","footnotes":""},"class_list":["post-5900","page","type-page","status-publish","hentry"],"acf":[],"yoast_head":"<!-- This site is optimized with the Yoast SEO plugin v27.3 - https:\/\/yoast.com\/product\/yoast-seo-wordpress\/ -->\n<title>Ajakirjad - Teadus-ja arendusteenistus<\/title>\n<meta name=\"robots\" content=\"index, follow, max-snippet:-1, max-image-preview:large, max-video-preview:-1\" \/>\n<link rel=\"canonical\" href=\"https:\/\/www.kliinikum.ee\/teadusarendus\/meditsiiniinfo-keskus\/andmebaasid\/ajakirjad\/\" \/>\n<meta property=\"og:locale\" content=\"et_EE\" \/>\n<meta property=\"og:type\" content=\"article\" \/>\n<meta property=\"og:title\" content=\"Ajakirjad - Teadus-ja arendusteenistus\" \/>\n<meta property=\"og:description\" content=\"Siia lehele oleme kogunud e-ajakirjade nimekirjad erialade kaupa Ajakirjade nimekiri anestesioloogia ja intensiivravi kliinikule Ajakirjade nimekiri hematoloogia-onkoloogia kliinikule Ajakirjade nimekiri kirurgiakliinikule Ajakirjade nimekiri kopsukliinikule Ajakirjade nimekiri k\u00f5rvakliinikule Ajakirjade nimekiri lastekliinikule Ajakirjade nimekiri naistekliinikule Ajakirjade nimekiri ortopeediakliinikule Ajakirjade nimekiri ps\u00fchhiaatriakliinikule Ajakirjade nimekiri silmakliinikule Ajakirjade nimekiri spordimeditsiini ja taastusravi kliinikule Ajakirjade nimekiri s\u00fcdamekliinikule\" \/>\n<meta property=\"og:url\" content=\"https:\/\/www.kliinikum.ee\/teadusarendus\/meditsiiniinfo-keskus\/andmebaasid\/ajakirjad\/\" \/>\n<meta property=\"og:site_name\" content=\"Teadus-ja arendusteenistus\" \/>\n<meta property=\"article:modified_time\" content=\"2023-10-31T12:59:23+00:00\" \/>\n<meta name=\"twitter:card\" content=\"summary_large_image\" \/>\n<meta name=\"twitter:label1\" content=\"Est. reading time\" \/>\n\t<meta name=\"twitter:data1\" content=\"1 minut\" \/>\n<script type=\"application\/ld+json\" class=\"yoast-schema-graph\">{\"@context\":\"https:\\\/\\\/schema.org\",\"@graph\":[{\"@type\":\"WebPage\",\"@id\":\"https:\\\/\\\/www.kliinikum.ee\\\/teadusarendus\\\/meditsiiniinfo-keskus\\\/andmebaasid\\\/ajakirjad\\\/\",\"url\":\"https:\\\/\\\/www.kliinikum.ee\\\/teadusarendus\\\/meditsiiniinfo-keskus\\\/andmebaasid\\\/ajakirjad\\\/\",\"name\":\"Ajakirjad - Teadus-ja arendusteenistus\",\"isPartOf\":{\"@id\":\"https:\\\/\\\/www.kliinikum.ee\\\/teadusarendus\\\/#website\"},\"datePublished\":\"2023-04-19T09:19:37+00:00\",\"dateModified\":\"2023-10-31T12:59:23+00:00\",\"breadcrumb\":{\"@id\":\"https:\\\/\\\/www.kliinikum.ee\\\/teadusarendus\\\/meditsiiniinfo-keskus\\\/andmebaasid\\\/ajakirjad\\\/#breadcrumb\"},\"inLanguage\":\"et\",\"potentialAction\":[{\"@type\":\"ReadAction\",\"target\":[\"https:\\\/\\\/www.kliinikum.ee\\\/teadusarendus\\\/meditsiiniinfo-keskus\\\/andmebaasid\\\/ajakirjad\\\/\"]}]},{\"@type\":\"BreadcrumbList\",\"@id\":\"https:\\\/\\\/www.kliinikum.ee\\\/teadusarendus\\\/meditsiiniinfo-keskus\\\/andmebaasid\\\/ajakirjad\\\/#breadcrumb\",\"itemListElement\":[{\"@type\":\"ListItem\",\"position\":1,\"name\":\"Home\",\"item\":\"https:\\\/\\\/www.kliinikum.ee\\\/teadusarendus\\\/\"},{\"@type\":\"ListItem\",\"position\":2,\"name\":\"Meditsiiniinfo keskus\",\"item\":\"https:\\\/\\\/www.kliinikum.ee\\\/teadusarendus\\\/meditsiiniinfo-keskus\\\/\"},{\"@type\":\"ListItem\",\"position\":3,\"name\":\"Andmebaasid\",\"item\":\"https:\\\/\\\/www.kliinikum.ee\\\/teadusarendus\\\/meditsiiniinfo-keskus\\\/andmebaasid\\\/\"},{\"@type\":\"ListItem\",\"position\":4,\"name\":\"Ajakirjad\"}]},{\"@type\":\"WebSite\",\"@id\":\"https:\\\/\\\/www.kliinikum.ee\\\/teadusarendus\\\/#website\",\"url\":\"https:\\\/\\\/www.kliinikum.ee\\\/teadusarendus\\\/\",\"name\":\"Teadus-ja arendusteenistus\",\"description\":\"Hoolivus, Uuendusmeelsus, P\u00e4devus ja Usaldusv\u00e4\u00e4rsus\",\"potentialAction\":[{\"@type\":\"SearchAction\",\"target\":{\"@type\":\"EntryPoint\",\"urlTemplate\":\"https:\\\/\\\/www.kliinikum.ee\\\/teadusarendus\\\/?s={search_term_string}\"},\"query-input\":{\"@type\":\"PropertyValueSpecification\",\"valueRequired\":true,\"valueName\":\"search_term_string\"}}],\"inLanguage\":\"et\"}]}<\/script>\n<!-- \/ Yoast SEO plugin. -->","yoast_head_json":{"title":"Ajakirjad - Teadus-ja arendusteenistus","robots":{"index":"index","follow":"follow","max-snippet":"max-snippet:-1","max-image-preview":"max-image-preview:large","max-video-preview":"max-video-preview:-1"},"canonical":"https:\/\/www.kliinikum.ee\/teadusarendus\/meditsiiniinfo-keskus\/andmebaasid\/ajakirjad\/","og_locale":"et_EE","og_type":"article","og_title":"Ajakirjad - Teadus-ja arendusteenistus","og_description":"Siia lehele oleme kogunud e-ajakirjade nimekirjad erialade kaupa Ajakirjade nimekiri anestesioloogia ja intensiivravi kliinikule Ajakirjade nimekiri hematoloogia-onkoloogia kliinikule Ajakirjade nimekiri kirurgiakliinikule Ajakirjade nimekiri kopsukliinikule Ajakirjade nimekiri k\u00f5rvakliinikule Ajakirjade nimekiri lastekliinikule Ajakirjade nimekiri naistekliinikule Ajakirjade nimekiri ortopeediakliinikule Ajakirjade nimekiri ps\u00fchhiaatriakliinikule Ajakirjade nimekiri silmakliinikule Ajakirjade nimekiri spordimeditsiini ja taastusravi kliinikule Ajakirjade nimekiri s\u00fcdamekliinikule","og_url":"https:\/\/www.kliinikum.ee\/teadusarendus\/meditsiiniinfo-keskus\/andmebaasid\/ajakirjad\/","og_site_name":"Teadus-ja arendusteenistus","article_modified_time":"2023-10-31T12:59:23+00:00","twitter_card":"summary_large_image","twitter_misc":{"Est. reading time":"1 minut"},"schema":{"@context":"https:\/\/schema.org","@graph":[{"@type":"WebPage","@id":"https:\/\/www.kliinikum.ee\/teadusarendus\/meditsiiniinfo-keskus\/andmebaasid\/ajakirjad\/","url":"https:\/\/www.kliinikum.ee\/teadusarendus\/meditsiiniinfo-keskus\/andmebaasid\/ajakirjad\/","name":"Ajakirjad - Teadus-ja arendusteenistus","isPartOf":{"@id":"https:\/\/www.kliinikum.ee\/teadusarendus\/#website"},"datePublished":"2023-04-19T09:19:37+00:00","dateModified":"2023-10-31T12:59:23+00:00","breadcrumb":{"@id":"https:\/\/www.kliinikum.ee\/teadusarendus\/meditsiiniinfo-keskus\/andmebaasid\/ajakirjad\/#breadcrumb"},"inLanguage":"et","potentialAction":[{"@type":"ReadAction","target":["https:\/\/www.kliinikum.ee\/teadusarendus\/meditsiiniinfo-keskus\/andmebaasid\/ajakirjad\/"]}]},{"@type":"BreadcrumbList","@id":"https:\/\/www.kliinikum.ee\/teadusarendus\/meditsiiniinfo-keskus\/andmebaasid\/ajakirjad\/#breadcrumb","itemListElement":[{"@type":"ListItem","position":1,"name":"Home","item":"https:\/\/www.kliinikum.ee\/teadusarendus\/"},{"@type":"ListItem","position":2,"name":"Meditsiiniinfo keskus","item":"https:\/\/www.kliinikum.ee\/teadusarendus\/meditsiiniinfo-keskus\/"},{"@type":"ListItem","position":3,"name":"Andmebaasid","item":"https:\/\/www.kliinikum.ee\/teadusarendus\/meditsiiniinfo-keskus\/andmebaasid\/"},{"@type":"ListItem","position":4,"name":"Ajakirjad"}]},{"@type":"WebSite","@id":"https:\/\/www.kliinikum.ee\/teadusarendus\/#website","url":"https:\/\/www.kliinikum.ee\/teadusarendus\/","name":"Teadus-ja arendusteenistus","description":"Hoolivus, Uuendusmeelsus, P\u00e4devus ja Usaldusv\u00e4\u00e4rsus","potentialAction":[{"@type":"SearchAction","target":{"@type":"EntryPoint","urlTemplate":"https:\/\/www.kliinikum.ee\/teadusarendus\/?s={search_term_string}"},"query-input":{"@type":"PropertyValueSpecification","valueRequired":true,"valueName":"search_term_string"}}],"inLanguage":"et"}]}},"uagb_featured_image_src":{"full":false,"thumbnail":false,"medium":false,"medium_large":false,"large":false,"1536x1536":false,"2048x2048":false},"uagb_author_info":{"display_name":"Jane Freimann","author_link":"https:\/\/www.kliinikum.ee\/teadusarendus\/author\/janef\/"},"uagb_comment_info":0,"uagb_excerpt":"Siia lehele oleme kogunud e-ajakirjade nimekirjad erialade kaupa Ajakirjade nimekiri anestesioloogia ja intensiivravi kliinikule Ajakirjade nimekiri hematoloogia-onkoloogia kliinikule Ajakirjade nimekiri kirurgiakliinikule Ajakirjade nimekiri kopsukliinikule Ajakirjade nimekiri k\u00f5rvakliinikule Ajakirjade nimekiri lastekliinikule Ajakirjade nimekiri naistekliinikule Ajakirjade nimekiri ortopeediakliinikule Ajakirjade nimekiri ps\u00fchhiaatriakliinikule Ajakirjade nimekiri silmakliinikule Ajakirjade nimekiri spordimeditsiini ja taastusravi kliinikule Ajakirjade nimekiri s\u00fcdamekliinikule","_links":{"self":[{"href":"https:\/\/www.kliinikum.ee\/teadusarendus\/wp-json\/wp\/v2\/pages\/5900","targetHints":{"allow":["GET"]}}],"collection":[{"href":"https:\/\/www.kliinikum.ee\/teadusarendus\/wp-json\/wp\/v2\/pages"}],"about":[{"href":"https:\/\/www.kliinikum.ee\/teadusarendus\/wp-json\/wp\/v2\/types\/page"}],"author":[{"embeddable":true,"href":"https:\/\/www.kliinikum.ee\/teadusarendus\/wp-json\/wp\/v2\/users\/35"}],"replies":[{"embeddable":true,"href":"https:\/\/www.kliinikum.ee\/teadusarendus\/wp-json\/wp\/v2\/comments?post=5900"}],"version-history":[{"count":0,"href":"https:\/\/www.kliinikum.ee\/teadusarendus\/wp-json\/wp\/v2\/pages\/5900\/revisions"}],"up":[{"embeddable":true,"href":"https:\/\/www.kliinikum.ee\/teadusarendus\/wp-json\/wp\/v2\/pages\/5898"}],"wp:attachment":[{"href":"https:\/\/www.kliinikum.ee\/teadusarendus\/wp-json\/wp\/v2\/media?parent=5900"}],"curies":[{"name":"wp","href":"https:\/\/api.w.org\/{rel}","templated":true}]}}