{"id":5908,"date":"2023-04-19T11:23:21","date_gmt":"2023-04-19T09:23:21","guid":{"rendered":"https:\/\/www.kliinikum.ee\/teadusarendus\/?page_id=5908"},"modified":"2023-05-22T14:07:50","modified_gmt":"2023-05-22T12:07:50","slug":"teadustegevus","status":"publish","type":"page","link":"https:\/\/www.kliinikum.ee\/teadusarendus\/meditsiiniinfo-keskus\/teadustegevus\/","title":{"rendered":"Teadustegevus"},"content":{"rendered":"\n<p>Kuni 2022. aastani koostas meditsiiniinfo keskus <a href=\"https:\/\/www.kliinikum.ee\/infokeskus\/mk_files\/kl_publikatsioon.php\" target=\"_blank\" rel=\"noreferrer noopener\">Kliinikumi t\u00f6\u00f6tajate teaduspublikatsioonide andmebaasi<\/a><\/p>\n","protected":false},"excerpt":{"rendered":"<p>Kuni 2022. aastani koostas meditsiiniinfo keskus Kliinikumi t\u00f6\u00f6tajate teaduspublikatsioonide andmebaasi<\/p>\n","protected":false},"author":35,"featured_media":0,"parent":5873,"menu_order":6,"comment_status":"closed","ping_status":"closed","template":"","meta":{"_acf_changed":false,"_uag_custom_page_level_css":"","footnotes":""},"class_list":["post-5908","page","type-page","status-publish","hentry"],"acf":[],"yoast_head":"<!-- This site is optimized with the Yoast SEO plugin v27.3 - https:\/\/yoast.com\/product\/yoast-seo-wordpress\/ -->\n<title>Teadustegevus - Teadus-ja arendusteenistus<\/title>\n<meta name=\"robots\" content=\"index, follow, max-snippet:-1, max-image-preview:large, max-video-preview:-1\" \/>\n<link rel=\"canonical\" href=\"https:\/\/www.kliinikum.ee\/teadusarendus\/meditsiiniinfo-keskus\/teadustegevus\/\" \/>\n<meta property=\"og:locale\" content=\"et_EE\" \/>\n<meta property=\"og:type\" content=\"article\" \/>\n<meta property=\"og:title\" content=\"Teadustegevus - Teadus-ja arendusteenistus\" \/>\n<meta property=\"og:description\" content=\"Kuni 2022. aastani koostas meditsiiniinfo keskus Kliinikumi t\u00f6\u00f6tajate teaduspublikatsioonide andmebaasi\" \/>\n<meta property=\"og:url\" content=\"https:\/\/www.kliinikum.ee\/teadusarendus\/meditsiiniinfo-keskus\/teadustegevus\/\" \/>\n<meta property=\"og:site_name\" content=\"Teadus-ja arendusteenistus\" \/>\n<meta property=\"article:modified_time\" content=\"2023-05-22T12:07:50+00:00\" \/>\n<meta name=\"twitter:card\" content=\"summary_large_image\" \/>\n<meta name=\"twitter:label1\" content=\"Est. reading time\" \/>\n\t<meta name=\"twitter:data1\" content=\"1 minut\" \/>\n<script type=\"application\/ld+json\" class=\"yoast-schema-graph\">{\"@context\":\"https:\\\/\\\/schema.org\",\"@graph\":[{\"@type\":\"WebPage\",\"@id\":\"https:\\\/\\\/www.kliinikum.ee\\\/teadusarendus\\\/meditsiiniinfo-keskus\\\/teadustegevus\\\/\",\"url\":\"https:\\\/\\\/www.kliinikum.ee\\\/teadusarendus\\\/meditsiiniinfo-keskus\\\/teadustegevus\\\/\",\"name\":\"Teadustegevus - Teadus-ja arendusteenistus\",\"isPartOf\":{\"@id\":\"https:\\\/\\\/www.kliinikum.ee\\\/teadusarendus\\\/#website\"},\"datePublished\":\"2023-04-19T09:23:21+00:00\",\"dateModified\":\"2023-05-22T12:07:50+00:00\",\"breadcrumb\":{\"@id\":\"https:\\\/\\\/www.kliinikum.ee\\\/teadusarendus\\\/meditsiiniinfo-keskus\\\/teadustegevus\\\/#breadcrumb\"},\"inLanguage\":\"et\",\"potentialAction\":[{\"@type\":\"ReadAction\",\"target\":[\"https:\\\/\\\/www.kliinikum.ee\\\/teadusarendus\\\/meditsiiniinfo-keskus\\\/teadustegevus\\\/\"]}]},{\"@type\":\"BreadcrumbList\",\"@id\":\"https:\\\/\\\/www.kliinikum.ee\\\/teadusarendus\\\/meditsiiniinfo-keskus\\\/teadustegevus\\\/#breadcrumb\",\"itemListElement\":[{\"@type\":\"ListItem\",\"position\":1,\"name\":\"Home\",\"item\":\"https:\\\/\\\/www.kliinikum.ee\\\/teadusarendus\\\/\"},{\"@type\":\"ListItem\",\"position\":2,\"name\":\"Meditsiiniinfo keskus\",\"item\":\"https:\\\/\\\/www.kliinikum.ee\\\/teadusarendus\\\/meditsiiniinfo-keskus\\\/\"},{\"@type\":\"ListItem\",\"position\":3,\"name\":\"Teadustegevus\"}]},{\"@type\":\"WebSite\",\"@id\":\"https:\\\/\\\/www.kliinikum.ee\\\/teadusarendus\\\/#website\",\"url\":\"https:\\\/\\\/www.kliinikum.ee\\\/teadusarendus\\\/\",\"name\":\"Teadus-ja arendusteenistus\",\"description\":\"Hoolivus, Uuendusmeelsus, P\u00e4devus ja Usaldusv\u00e4\u00e4rsus\",\"potentialAction\":[{\"@type\":\"SearchAction\",\"target\":{\"@type\":\"EntryPoint\",\"urlTemplate\":\"https:\\\/\\\/www.kliinikum.ee\\\/teadusarendus\\\/?s={search_term_string}\"},\"query-input\":{\"@type\":\"PropertyValueSpecification\",\"valueRequired\":true,\"valueName\":\"search_term_string\"}}],\"inLanguage\":\"et\"}]}<\/script>\n<!-- \/ Yoast SEO plugin. -->","yoast_head_json":{"title":"Teadustegevus - Teadus-ja arendusteenistus","robots":{"index":"index","follow":"follow","max-snippet":"max-snippet:-1","max-image-preview":"max-image-preview:large","max-video-preview":"max-video-preview:-1"},"canonical":"https:\/\/www.kliinikum.ee\/teadusarendus\/meditsiiniinfo-keskus\/teadustegevus\/","og_locale":"et_EE","og_type":"article","og_title":"Teadustegevus - Teadus-ja arendusteenistus","og_description":"Kuni 2022. aastani koostas meditsiiniinfo keskus Kliinikumi t\u00f6\u00f6tajate teaduspublikatsioonide andmebaasi","og_url":"https:\/\/www.kliinikum.ee\/teadusarendus\/meditsiiniinfo-keskus\/teadustegevus\/","og_site_name":"Teadus-ja arendusteenistus","article_modified_time":"2023-05-22T12:07:50+00:00","twitter_card":"summary_large_image","twitter_misc":{"Est. reading time":"1 minut"},"schema":{"@context":"https:\/\/schema.org","@graph":[{"@type":"WebPage","@id":"https:\/\/www.kliinikum.ee\/teadusarendus\/meditsiiniinfo-keskus\/teadustegevus\/","url":"https:\/\/www.kliinikum.ee\/teadusarendus\/meditsiiniinfo-keskus\/teadustegevus\/","name":"Teadustegevus - Teadus-ja arendusteenistus","isPartOf":{"@id":"https:\/\/www.kliinikum.ee\/teadusarendus\/#website"},"datePublished":"2023-04-19T09:23:21+00:00","dateModified":"2023-05-22T12:07:50+00:00","breadcrumb":{"@id":"https:\/\/www.kliinikum.ee\/teadusarendus\/meditsiiniinfo-keskus\/teadustegevus\/#breadcrumb"},"inLanguage":"et","potentialAction":[{"@type":"ReadAction","target":["https:\/\/www.kliinikum.ee\/teadusarendus\/meditsiiniinfo-keskus\/teadustegevus\/"]}]},{"@type":"BreadcrumbList","@id":"https:\/\/www.kliinikum.ee\/teadusarendus\/meditsiiniinfo-keskus\/teadustegevus\/#breadcrumb","itemListElement":[{"@type":"ListItem","position":1,"name":"Home","item":"https:\/\/www.kliinikum.ee\/teadusarendus\/"},{"@type":"ListItem","position":2,"name":"Meditsiiniinfo keskus","item":"https:\/\/www.kliinikum.ee\/teadusarendus\/meditsiiniinfo-keskus\/"},{"@type":"ListItem","position":3,"name":"Teadustegevus"}]},{"@type":"WebSite","@id":"https:\/\/www.kliinikum.ee\/teadusarendus\/#website","url":"https:\/\/www.kliinikum.ee\/teadusarendus\/","name":"Teadus-ja arendusteenistus","description":"Hoolivus, Uuendusmeelsus, P\u00e4devus ja Usaldusv\u00e4\u00e4rsus","potentialAction":[{"@type":"SearchAction","target":{"@type":"EntryPoint","urlTemplate":"https:\/\/www.kliinikum.ee\/teadusarendus\/?s={search_term_string}"},"query-input":{"@type":"PropertyValueSpecification","valueRequired":true,"valueName":"search_term_string"}}],"inLanguage":"et"}]}},"uagb_featured_image_src":{"full":false,"thumbnail":false,"medium":false,"medium_large":false,"large":false,"1536x1536":false,"2048x2048":false},"uagb_author_info":{"display_name":"Jane Freimann","author_link":"https:\/\/www.kliinikum.ee\/teadusarendus\/author\/janef\/"},"uagb_comment_info":0,"uagb_excerpt":"Kuni 2022. aastani koostas meditsiiniinfo keskus Kliinikumi t\u00f6\u00f6tajate teaduspublikatsioonide andmebaasi","_links":{"self":[{"href":"https:\/\/www.kliinikum.ee\/teadusarendus\/wp-json\/wp\/v2\/pages\/5908","targetHints":{"allow":["GET"]}}],"collection":[{"href":"https:\/\/www.kliinikum.ee\/teadusarendus\/wp-json\/wp\/v2\/pages"}],"about":[{"href":"https:\/\/www.kliinikum.ee\/teadusarendus\/wp-json\/wp\/v2\/types\/page"}],"author":[{"embeddable":true,"href":"https:\/\/www.kliinikum.ee\/teadusarendus\/wp-json\/wp\/v2\/users\/35"}],"replies":[{"embeddable":true,"href":"https:\/\/www.kliinikum.ee\/teadusarendus\/wp-json\/wp\/v2\/comments?post=5908"}],"version-history":[{"count":0,"href":"https:\/\/www.kliinikum.ee\/teadusarendus\/wp-json\/wp\/v2\/pages\/5908\/revisions"}],"up":[{"embeddable":true,"href":"https:\/\/www.kliinikum.ee\/teadusarendus\/wp-json\/wp\/v2\/pages\/5873"}],"wp:attachment":[{"href":"https:\/\/www.kliinikum.ee\/teadusarendus\/wp-json\/wp\/v2\/media?parent=5908"}],"curies":[{"name":"wp","href":"https:\/\/api.w.org\/{rel}","templated":true}]}}