{"id":5910,"date":"2023-04-19T11:23:59","date_gmt":"2023-04-19T09:23:59","guid":{"rendered":"https:\/\/www.kliinikum.ee\/teadusarendus\/?page_id=5910"},"modified":"2026-01-28T12:21:40","modified_gmt":"2026-01-28T10:21:40","slug":"koolitused","status":"publish","type":"page","link":"https:\/\/www.kliinikum.ee\/teadusarendus\/meditsiiniinfo-keskus\/koolitused\/","title":{"rendered":"Koolitused"},"content":{"rendered":"\n<h3 class=\"wp-block-heading\">Koolitused 2026. aasta I poolaastal<\/h3>\n\n\n\n<div style=\"height:15px\" aria-hidden=\"true\" class=\"wp-block-spacer\"><\/div>\n\n\n\n<figure class=\"wp-block-table\"><table><tbody><tr><td><\/td><td>15. jaanuar<\/td><td><a href=\"#baas\">Baaskoolitus kliinikumi andmebaaside kasutamiseks ja t\u00f5endusp\u00f5hise meditsiini informatsiooni leidmiseks ning hindamiseks<\/a><\/td><\/tr><tr><td><\/td><td>22. jaanuar<\/td><td><a href=\"#york1\">Kirjanduse otsingu strateegia \u00fclesehitamine, teostamine ja dokumenteerimine<\/a><\/td><\/tr><tr><td><\/td><td>29. jaanuar<\/td><td><a href=\"#york2\">Otsingustrateegia \u00fclesehitamine: terminite m\u00e4\u00e4ratlemisest kuni otsingu tulemuste kontrollimiseni<\/a><\/td><\/tr><tr><td><\/td><td>05. veebruar<\/td><td><a href=\"#dynamed\">DynaMed<\/a><\/td><\/tr><tr><td><\/td><td>12. veebruar<\/td><td><a href=\"#pubmed\">PubMed<\/a><\/td><\/tr><tr><td><\/td><td>18. veebruar<\/td><td><a href=\"#viite\">Viitehaldustarkvara Zotero<\/a><\/td><\/tr><tr><td><\/td><td>26. veebruar<\/td><td><a href=\"#kirotsing\">Kirjanduse otsing t\u00f5endusp\u00f5hise meditsiini andmebaaside p\u00f5hjal<\/a><\/td><\/tr><tr><td><\/td><td>05. m\u00e4rts<\/td><td><a href=\"#uptodate\">UpToDate<\/a><\/td><\/tr><tr><td><\/td><td>12. m\u00e4rts<\/td><td><a href=\"#uuringud\">Kuidas hinnata teadusuuringuid? \u00dclevaade metoodikast<\/a><\/td><\/tr><tr><td><\/td><td>19. m\u00e4rts<\/td><td><a href=\"#micromedex\">Micromedex<\/a><\/td><\/tr><tr><td><\/td><td>26. m\u00e4rts<\/td><td><a href=\"#baas\">Baaskoolitus kliinikumi andmebaaside kasutamiseks ja t\u00f5endusp\u00f5hise meditsiini informatsiooni leidmiseks ning hindamiseks<\/a><\/td><\/tr><tr><td><\/td><td>02. aprill<\/td><td><a href=\"#york1\">Kirjanduse otsingu strateegia \u00fclesehitamine, teostamine ja dokumenteerimine<\/a><\/td><\/tr><tr><td><\/td><td>09. aprill<\/td><td><a href=\"#dynamed\">DynaMed<\/a><\/td><\/tr><tr><td><\/td><td>07. mai<\/td><td><a href=\"#pubmed\">PubMed<\/a><\/td><\/tr><tr><td><\/td><td>14. mai<\/td><td><a href=\"#viite\">Viitehaldustarkvara Zotero<\/a><\/td><\/tr><tr><td><\/td><td>21. mai<\/td><td><a href=\"#kirotsing\">Kirjanduse otsing t\u00f5endusp\u00f5hise meditsiini andmebaaside p\u00f5hjal<\/a><\/td><\/tr><tr><td><\/td><td>28. mai<\/td><td><a href=\"#uptodate\">UpToDate<\/a><\/td><\/tr><\/tbody><\/table><\/figure>\n\n\n\n<figure class=\"wp-block-table\"><table><tbody><tr><td><\/td><td><\/td><td><\/td><\/tr><tr><td><\/td><td>19. jaanuar - 01. m\u00e4rts<\/td><td><a href=\"#e-infoallikad\">E-kursus \"Meditsiinialased infoallikad ja infokirjaoskuse p\u00f5him\u00f5isted\"<\/a><\/td><\/tr><tr><td><\/td><td>02. m\u00e4rts - 05. aprill\n<\/td><td><a href=\"#e-york1\">E-kursus \"Otsingu strateegia \u00fclesehitamine meditsiinialase teaduskirjanduse andmebaasides\"\n<\/a><\/td><\/tr><\/tbody><\/table><\/figure>\n\n\n\n<div style=\"height:15px\" aria-hidden=\"true\" class=\"wp-block-spacer\"><\/div>\n\n\n\n<p>K\u00f5ik koolitused toimuvad Zoomis, e-kursused toimuvad Kliinikumi Moodle keskkonnas<\/p>\n\n\n\n<p>Koolitustele registreerumine <a href=\"https:\/\/koolituskeskus.kliinikum.ee\/\">koolituskeskuses<\/a> (palume registreeruda v\u00e4hemalt 24 tundi enne koolituse algust)<\/p>\n\n\n\n<p>E-kursustele registreerumine <a href=\"mailto:medinfo@kliinikum.ee\">medinfo@kliinikum.ee<\/a>, telefon 7318185<\/p>\n\n\n\n<p>Lisateave koolituste kohta <a href=\"mailto:medinfo@kliinikum.ee\">medinfo@kliinikum.ee<\/a>, telefon 7318185<\/p>\n\n\n\n<div style=\"height:40px\" aria-hidden=\"true\" class=\"wp-block-spacer\"><\/div>\n\n\n\n<div id=\"baas\" class=\"wp-block-uagb-container uagb-block-e1c71806 alignfull uagb-is-root-container\"><div class=\"uagb-container-inner-blocks-wrap\">\n<h4 class=\"wp-block-heading\"><strong>Baaskoolitus kliinikumi andmebaaside kasutamiseks ja t\u00f5endusp\u00f5hise meditsiini informatsiooni leidmiseks ning hindamiseks<\/strong><\/h4>\n\n\n\n<p>15. jaanuar 13.00 \u2013 16.00 <a href=\"https:\/\/koolituskeskus.kliinikum.ee\/pls\/apex\/f?p=135:11:10942982355740::NO:11,12:P11_KOOLITUS_ID,P11_FROM30,P11_REQUEST:64378,0,UUS&amp;cs=1SS0LJ2uTQkkcu7QW3pR8N5drKg0\" target=\"_blank\" rel=\"noreferrer noopener\">Registreeru koolitusele<\/a><br>26. m\u00e4rts 13.00 \u2013 16.00 <a href=\"https:\/\/koolituskeskus.kliinikum.ee\/pls\/apex\/f?p=135:11:10942982355740::NO:11,12:P11_KOOLITUS_ID,P11_FROM30,P11_REQUEST:64379,0,UUS&amp;cs=1JsN1w69fSoI7DM_Zb4VJKuzEa48\" target=\"_blank\" rel=\"noreferrer noopener\">Registreeru koolitusele<\/a><br><br>OVID Medline \u2013 Basic Search. MicroMedex HealthCare, CareNotes. Synbase, DynaMed. UpToDate. PubMed \u2013 lihtotsing.<\/p>\n<\/div><\/div>\n\n\n\n<div style=\"height:30px\" aria-hidden=\"true\" class=\"wp-block-spacer\"><\/div>\n\n\n\n<div id=\"york1\" class=\"wp-block-uagb-container uagb-block-c5be153e alignfull uagb-is-root-container\"><div class=\"uagb-container-inner-blocks-wrap\">\n<h4 class=\"wp-block-heading\"><strong>Kirjanduse otsingu strateegia \u00fclesehitamine, teostamine ja dokumenteerimine<\/strong><\/h4>\n\n\n\n<p>22. jaanuar 13.00 \u2013 16.00 <a href=\"https:\/\/koolituskeskus.kliinikum.ee\/pls\/apex\/f?p=135:11:14630414735709::NO:11,12:P11_KOOLITUS_ID,P11_FROM30,P11_REQUEST:64362,0,UUS&amp;cs=1b0El-IMJLPj5D3PCuwNnmLOXP5E\" target=\"_blank\" rel=\"noreferrer noopener\">Registreeru koolitusele<\/a><br>02. aprill 13.00 \u2013 16.00 <a href=\"https:\/\/koolituskeskus.kliinikum.ee\/pls\/apex\/f?p=135:11:10942982355740::NO:11,12:P11_KOOLITUS_ID,P11_FROM30,P11_REQUEST:64363,0,UUS&amp;cs=1GgFJk8OWIyqDwHQ0CqIkVhAueV4\" target=\"_blank\" rel=\"noreferrer noopener\">Registreeru koolitusele<\/a><br><br>P\u00f5him\u00f5isted. K\u00fcsimuse s\u00f5nastamine. Terminite m\u00e4\u00e4ratlemine. Otsingustrateegia \u00fclesehitamine, terminite kasutamise v\u00f5imalused. Otsingustrateegia teostamine. L\u00f5pliku strateegia kontrollimine. Otsingu dokumenteerimine.<\/p>\n<\/div><\/div>\n\n\n\n<div style=\"height:30px\" aria-hidden=\"true\" class=\"wp-block-spacer\"><\/div>\n\n\n\n<div id=\"york2\" class=\"wp-block-uagb-container uagb-block-d9d242da alignfull uagb-is-root-container\"><div class=\"uagb-container-inner-blocks-wrap\">\n<h4 class=\"wp-block-heading\"><strong>Otsingustrateegia \u00fclesehitamine: terminite m\u00e4\u00e4ratlemisest kuni otsingu tulemuste kontrollimiseni<\/strong><\/h4>\n\n\n\n<p>29. jaanuar 13.00 \u2013 16.00 <a href=\"https:\/\/koolituskeskus.kliinikum.ee\/pls\/apex\/f?p=135:11:10942982355740::NO:11,12:P11_KOOLITUS_ID,P11_FROM30,P11_REQUEST:64364,0,UUS&amp;cs=1NXI6_9nTR6b0NtmxTDocd4dC708\" target=\"_blank\" rel=\"noreferrer noopener\">Registreeru koolitusele<\/a><br><br>Otsiterminite m\u00e4\u00e4ratlemine: traditsioonilised meetodid ja internetip\u00f5hised t\u00f6\u00f6riistad. Olemasoleva kirjanduse mahu ja k\u00e4ttesaadavuse hindamine. K\u00fcsimuse m\u00f5isteteks eraldamine. PRESS 2015 projekt: otsistrateegia kontrollimine. Peamiste vigade v\u00e4ltimine: tagasiv\u00f5etud artiklid, <em>errata<\/em>, kommentaarid, otsitulemuste uuendamine.<\/p>\n<\/div><\/div>\n\n\n\n<div style=\"height:30px\" aria-hidden=\"true\" class=\"wp-block-spacer\"><\/div>\n\n\n\n<div id=\"dynamed\" class=\"wp-block-uagb-container uagb-block-78d2eae1 alignfull uagb-is-root-container\"><div class=\"uagb-container-inner-blocks-wrap\">\n<h4 class=\"wp-block-heading\"><strong>D<\/strong>ynaMed<\/h4>\n\n\n\n<p>05. veebruar 14.00 \u2013 14.45 <a href=\"https:\/\/koolituskeskus.kliinikum.ee\/pls\/apex\/f?p=135:11:10942982355740::NO:11,12:P11_KOOLITUS_ID,P11_FROM30,P11_REQUEST:64375,0,UUS&amp;cs=1a54BB7-Ld6vGiFsnVZ8IeGGi-3I\" target=\"_blank\" rel=\"noreferrer noopener\">Registreeru koolitusele<\/a><br>09. aprill 10.00\u2013 10.45 <a href=\"https:\/\/koolituskeskus.kliinikum.ee\/pls\/apex\/f?p=135:11:10942982355740::NO:11,12:P11_KOOLITUS_ID,P11_FROM30,P11_REQUEST:64374,0,UUS&amp;cs=1jXPTm17RYyQ_yKSWWKLZ6DL4jBE\" target=\"_blank\" rel=\"noreferrer noopener\">Registreeru koolitusele<\/a><br><br>DynaMedis on \u00fcle 20 000 t\u00f5endusp\u00f5hise k\u00e4sitlusjuhendi, 7600 pilti ning 650 meditsiinilist kalkulaatorit 39 kliinilise valdkonna kohta. Andmebaasi ajakohastatakse pidevalt, kasutades infoallikatena \u00fcle 550 eelrentseeritava meditsiiniajakirja ja 200 erialaseltsi juhiseid. Kliinilisi soovitusi ja t\u00f5endusmaterjali kvaliteeti hinnatakse GRADE metodoloogia j\u00e4rgi.<\/p>\n<\/div><\/div>\n\n\n\n<div style=\"height:30px\" aria-hidden=\"true\" class=\"wp-block-spacer\"><\/div>\n\n\n\n<div id=\"pubmed\" class=\"wp-block-uagb-container uagb-block-8442f87b alignfull uagb-is-root-container\"><div class=\"uagb-container-inner-blocks-wrap\">\n<h4 class=\"wp-block-heading\"><strong>PubMed<\/strong><\/h4>\n\n\n\n<p>12. veebruar 13.00 \u2013 16.00 <a href=\"https:\/\/koolituskeskus.kliinikum.ee\/pls\/apex\/f?p=135:11:10942982355740::NO:11,12:P11_KOOLITUS_ID,P11_FROM30,P11_REQUEST:64369,0,UUS&amp;cs=1nvwN_DExHTfyXV_02mZw5CchBQk\" target=\"_blank\" rel=\"noreferrer noopener\">Registreeru koolitusele<\/a><br>07. mai 13.00 \u2013 16.00 <a href=\"https:\/\/koolituskeskus.kliinikum.ee\/pls\/apex\/f?p=135:11:10942982355740::NO:11,12:P11_KOOLITUS_ID,P11_FROM30,P11_REQUEST:64370,0,UUS&amp;cs=1RTG4_8oG5SVMPLi_sZZ2qWREcOE\" target=\"_blank\" rel=\"noreferrer noopener\">Registreeru koolitusele<\/a><br><br>Otsingu p\u00f5hit\u00f5ed: loogikaoperaatorid, k\u00e4rpimine jms. Otsinguv\u00f5imalused: liitotsing, piirangute kasutamine, t\u00e4istekstide otsing. Otsingute salvestamine ja ajalugu. MeSH-otsing. PubMed Clinical Queries.<\/p>\n<\/div><\/div>\n\n\n\n<div style=\"height:30px\" aria-hidden=\"true\" class=\"wp-block-spacer\"><\/div>\n\n\n\n<div id=\"viite\" class=\"wp-block-uagb-container uagb-block-d3ecd29e alignfull uagb-is-root-container\"><div class=\"uagb-container-inner-blocks-wrap\">\n<h4 class=\"wp-block-heading\"><strong>Viitehaldustarkvara Zotero<\/strong><\/h4>\n\n\n\n<p>18. veebruar 10.00 \u2013 10.45 <a href=\"https:\/\/koolituskeskus.kliinikum.ee\/pls\/apex\/f?p=135:11:10942982355740::NO:11,12:P11_KOOLITUS_ID,P11_FROM30,P11_REQUEST:64365,0,UUS&amp;cs=1slBg5Nk5ZRhxn_F_B67N9S4r8rY\" target=\"_blank\" rel=\"noreferrer noopener\">Registreeru koolitusele<\/a><br>14. mai 14.00 \u2013 14.45 <a href=\"https:\/\/koolituskeskus.kliinikum.ee\/pls\/apex\/f?p=135:11:10942982355740::NO:11,12:P11_KOOLITUS_ID,P11_FROM30,P11_REQUEST:64367,0,UUS&amp;cs=1goYhzvMLwNLhu6yTNkk-yC95pM4\" target=\"_blank\" rel=\"noreferrer noopener\">Registreeru koolitusele<\/a><br><br>Kuidas kirjeid koguda, hallata, salvestada ja jagada. Kuidas sisestada viiteid ja bibliograafiat..<\/p>\n<\/div><\/div>\n\n\n\n<div style=\"height:30px\" aria-hidden=\"true\" class=\"wp-block-spacer\"><\/div>\n\n\n\n<div id=\"kirotsing\" class=\"wp-block-uagb-container uagb-block-3f0f6128 alignfull uagb-is-root-container\"><div class=\"uagb-container-inner-blocks-wrap\">\n<h4 class=\"wp-block-heading\"><strong>Kirjanduse otsing t\u00f5endusp\u00f5hise meditsiini andmebaaside p\u00f5hjal<\/strong><\/h4>\n\n\n\n<p>26. veebruar 13.00 \u2013 16.00 <a href=\"https:\/\/koolituskeskus.kliinikum.ee\/pls\/apex\/f?p=135:11:10942982355740::NO:11,12:P11_KOOLITUS_ID,P11_FROM30,P11_REQUEST:64376,0,UUS&amp;cs=1WwA7tuPhces4qYHlHk7i3MOWi7k\" target=\"_blank\" rel=\"noreferrer noopener\">Registreeru koolitusele<\/a><br>21. mai 13.00 \u2013 16.00 <a href=\"https:\/\/koolituskeskus.kliinikum.ee\/pls\/apex\/f?p=135:11:10942982355740::NO:11,12:P11_KOOLITUS_ID,P11_FROM30,P11_REQUEST:64377,0,UUS&amp;cs=1fvyTwCsLNPd1nTTdqYmAN5dzoDk\" target=\"_blank\" rel=\"noreferrer noopener\">Registreeru koolitusele<\/a><br><br>T\u00f5endusp\u00f5hine meditsiin (EBM). PICO-meetod ja selle rakendamine k\u00fcsimuse p\u00fcstitamisel. Andmebaasid OVID Medline, PubMed, Micromedex, DynaMed, UpToDate, Cochrane Library, TRIP ja Epistemonikos.<\/p>\n<\/div><\/div>\n\n\n\n<div style=\"height:30px\" aria-hidden=\"true\" class=\"wp-block-spacer\"><\/div>\n\n\n\n<div id=\"uptodate\" class=\"wp-block-uagb-container uagb-block-826d8e0a alignfull uagb-is-root-container\"><div class=\"uagb-container-inner-blocks-wrap\">\n<h4 class=\"wp-block-heading\"><strong>UpToDate<\/strong><\/h4>\n\n\n\n<p>05. m\u00e4rts 14.00 \u2013 14.45 <a href=\"https:\/\/koolituskeskus.kliinikum.ee\/pls\/apex\/f?p=135:11:10942982355740::NO:11,12:P11_KOOLITUS_ID,P11_FROM30,P11_REQUEST:64371,0,UUS&amp;cs=1LqwB84A2taanOrkCye-_dLsDudA\" target=\"_blank\" rel=\"noreferrer noopener\">Registreeru koolitusele<\/a><br>28. mai 10.00 \u2013 10.45 <a href=\"https:\/\/koolituskeskus.kliinikum.ee\/pls\/apex\/f?p=135:11:10942982355740::NO:11,12:P11_KOOLITUS_ID,P11_FROM30,P11_REQUEST:64372,0,UUS&amp;cs=1WKtCz8e6bib6oSOfoAZ7PpxjUVs\" target=\"_blank\" rel=\"noreferrer noopener\">Registreeru koolitusele<\/a><br><br>T\u00f5endusp\u00f5hisus 100% ja eelretsenseerimine; soovituste pidev kaasajastamine; s\u00f5ltumatud hinnangud (<em>non-biased<\/em>); ravimitealane andmebaas; soovitused on struktureeritud vastavalt nende t\u00f5endusp\u00f5hisuse astmele (<em>grading<\/em>). Ravimi- ja patsiendiinfo.<\/p>\n<\/div><\/div>\n\n\n\n<div style=\"height:30px\" aria-hidden=\"true\" class=\"wp-block-spacer\"><\/div>\n\n\n\n<div id=\"uuringud\" class=\"wp-block-uagb-container uagb-block-c376ac27 alignfull uagb-is-root-container\"><div class=\"uagb-container-inner-blocks-wrap\">\n<h4 class=\"wp-block-heading\"><strong>Kuidas hinnata teadusuuringuid? \u00dclevaade metoodikast<\/strong><\/h4>\n\n\n\n<p>12. m\u00e4rts 13.00 \u2013 16.00 <a href=\"https:\/\/koolituskeskus.kliinikum.ee\/pls\/apex\/f?p=135:11:10942982355740::NO:11,12:P11_KOOLITUS_ID,P11_FROM30,P11_REQUEST:60997,0,UUS&amp;cs=1vBymVuIOD-IogZe0UQJRfAKMz6A\" target=\"_blank\" rel=\"noreferrer noopener\">Registreeru koolitusele<\/a><br><br>Kliiniliste uuringute kavandid. Randomiseeritud kontrollitud uuringud ja CONSORT kontrollnimekiri. S\u00fcstemaatiline \u00fclevaade ja metaanal\u00fc\u00fcs.<\/p>\n<\/div><\/div>\n\n\n\n<div style=\"height:30px\" aria-hidden=\"true\" class=\"wp-block-spacer\"><\/div>\n\n\n\n<div id=\"micromedex\" class=\"wp-block-uagb-container uagb-block-cabc0881 alignfull uagb-is-root-container\"><div class=\"uagb-container-inner-blocks-wrap\">\n<h4 class=\"wp-block-heading\"><strong>Micromedex<\/strong><\/h4>\n\n\n\n<p>19. m\u00e4rts 10.00 \u2013 10.45 <a href=\"https:\/\/koolituskeskus.kliinikum.ee\/pls\/apex\/f?p=135:11:10942982355740::NO:11,12:P11_KOOLITUS_ID,P11_FROM30,P11_REQUEST:64380,0,UUS&amp;cs=1dbgg2E9K-sbYMSY_6hmQ6ew9XjA\" target=\"_blank\" rel=\"noreferrer noopener\">Registreeru koolitusele<\/a><br><br>Teabep\u00f5hine otsustustugi, mis aitab leida t\u00f5endusp\u00f5hist infot raviotsuste tegemise toetamiseks. Andmebaas sisaldab infot haiguste, ravimite ja toksikoloogia valdkonnast. Lisaks CareNotes, mis sisaldab patsientidele m\u00f5eldud infolehti haiguste, ravimite ja protseduuride kohta.<\/p>\n<\/div><\/div>\n\n\n\n<div style=\"height:30px\" aria-hidden=\"true\" class=\"wp-block-spacer\"><\/div>\n\n\n\n<div id=\"e-infoallikad\" class=\"wp-block-uagb-container uagb-block-b4a8b36c alignfull uagb-is-root-container\"><div class=\"uagb-container-inner-blocks-wrap\">\n<h4 class=\"wp-block-heading\"><strong>E-kursus \"Meditsiinialased infoallikad ja infokirjaoskuse p\u00f5him\u00f5isted\"<\/strong><\/h4>\n\n\n\n<p>19. jaanuar - 01. m\u00e4rts<br><br>6 n\u00e4dalat<br>Kursuse teemad:<br> - \u00dclevaade infoallikatest.<br> - Infokirjaoskuse p\u00f5him\u00f5isted. Infootsingu oskuste omandamine andmebaasides (p\u00e4ringu koostamine, m\u00e4rks\u00f5naotsing, v\u00f5tmes\u00f5naotsing, otsingutulemuste hindamine)<br> - PICO-meetodi tutvustus<br> - Andmebaaside tutvustused<br> - Viitehaldustarkvara Zotero<\/p>\n<\/div><\/div>\n\n\n\n<div style=\"height:30px\" aria-hidden=\"true\" class=\"wp-block-spacer\"><\/div>\n\n\n\n<div id=\"e-york1\" class=\"wp-block-uagb-container uagb-block-a24d0236 alignfull uagb-is-root-container\"><div class=\"uagb-container-inner-blocks-wrap\">\n<h4 class=\"wp-block-heading\"><strong>E-kursus \"Otsingu strateegia \u00fclesehitamine meditsiinialase teaduskirjanduse andmebaasides\"<\/strong><\/h4>\n\n\n\n<p>02. m\u00e4rts - 05. aprill<br><br>5 n\u00e4dalat<br>Kursuse teemad:<br> - Infop\u00e4ringu \u00fclesehitamiseks vajalike otsiterminite valimine.<br> - Terminite kasutamise v\u00f5imalused (k\u00e4rpimine, otsing metam\u00e4rgiga, Boole\u00b4i operaatorid jms)<br> - Probleemid, mis v\u00f5ivad ette tulla, kui infop\u00e4ring on juba sooritatud, ja mida sellistel puhkudel ette v\u00f5tta<br> - Leitud tulemuste anal\u00fc\u00fcsimine, otsingustrateegia kontrollimine, otsingute dokumenteerimine<\/p>\n<\/div><\/div>\n\n\n\n<p><\/p>\n","protected":false},"excerpt":{"rendered":"<p>Koolitused 2026. aasta I poolaastal 15. jaanuar Baaskoolitus kliinikumi andmebaaside kasutamiseks ja t\u00f5endusp\u00f5hise meditsiini informatsiooni leidmiseks ning hindamiseks 22. jaanuar Kirjanduse otsingu strateegia \u00fclesehitamine, teostamine ja dokumenteerimine 29. jaanuar Otsingustrateegia \u00fclesehitamine: terminite m\u00e4\u00e4ratlemisest kuni otsingu tulemuste kontrollimiseni 05. veebruar DynaMed 12. veebruar PubMed 18. veebruar Viitehaldustarkvara Zotero 26. veebruar Kirjanduse otsing t\u00f5endusp\u00f5hise meditsiini andmebaaside p\u00f5hjal [&hellip;]<\/p>\n","protected":false},"author":35,"featured_media":0,"parent":5873,"menu_order":2,"comment_status":"closed","ping_status":"closed","template":"","meta":{"_acf_changed":false,"_uag_custom_page_level_css":"","footnotes":""},"class_list":["post-5910","page","type-page","status-publish","hentry"],"acf":[],"yoast_head":"<!-- This site is optimized with the Yoast SEO plugin v27.3 - https:\/\/yoast.com\/product\/yoast-seo-wordpress\/ -->\n<title>Koolitused - Teadus-ja arendusteenistus<\/title>\n<meta name=\"robots\" content=\"index, follow, max-snippet:-1, max-image-preview:large, max-video-preview:-1\" \/>\n<link rel=\"canonical\" href=\"https:\/\/www.kliinikum.ee\/teadusarendus\/meditsiiniinfo-keskus\/koolitused\/\" \/>\n<meta property=\"og:locale\" content=\"et_EE\" \/>\n<meta property=\"og:type\" content=\"article\" \/>\n<meta property=\"og:title\" content=\"Koolitused - Teadus-ja arendusteenistus\" \/>\n<meta property=\"og:description\" content=\"Koolitused 2026. aasta I poolaastal 15. jaanuar Baaskoolitus kliinikumi andmebaaside kasutamiseks ja t\u00f5endusp\u00f5hise meditsiini informatsiooni leidmiseks ning hindamiseks 22. jaanuar Kirjanduse otsingu strateegia \u00fclesehitamine, teostamine ja dokumenteerimine 29. jaanuar Otsingustrateegia \u00fclesehitamine: terminite m\u00e4\u00e4ratlemisest kuni otsingu tulemuste kontrollimiseni 05. veebruar DynaMed 12. veebruar PubMed 18. veebruar Viitehaldustarkvara Zotero 26. veebruar Kirjanduse otsing t\u00f5endusp\u00f5hise meditsiini andmebaaside p\u00f5hjal [&hellip;]\" \/>\n<meta property=\"og:url\" content=\"https:\/\/www.kliinikum.ee\/teadusarendus\/meditsiiniinfo-keskus\/koolitused\/\" \/>\n<meta property=\"og:site_name\" content=\"Teadus-ja arendusteenistus\" \/>\n<meta property=\"article:modified_time\" content=\"2026-01-28T10:21:40+00:00\" \/>\n<meta name=\"twitter:card\" content=\"summary_large_image\" \/>\n<meta name=\"twitter:label1\" content=\"Est. reading time\" \/>\n\t<meta name=\"twitter:data1\" content=\"4 minutit\" \/>\n<script type=\"application\/ld+json\" class=\"yoast-schema-graph\">{\"@context\":\"https:\\\/\\\/schema.org\",\"@graph\":[{\"@type\":\"WebPage\",\"@id\":\"https:\\\/\\\/www.kliinikum.ee\\\/teadusarendus\\\/meditsiiniinfo-keskus\\\/koolitused\\\/\",\"url\":\"https:\\\/\\\/www.kliinikum.ee\\\/teadusarendus\\\/meditsiiniinfo-keskus\\\/koolitused\\\/\",\"name\":\"Koolitused - Teadus-ja arendusteenistus\",\"isPartOf\":{\"@id\":\"https:\\\/\\\/www.kliinikum.ee\\\/teadusarendus\\\/#website\"},\"datePublished\":\"2023-04-19T09:23:59+00:00\",\"dateModified\":\"2026-01-28T10:21:40+00:00\",\"breadcrumb\":{\"@id\":\"https:\\\/\\\/www.kliinikum.ee\\\/teadusarendus\\\/meditsiiniinfo-keskus\\\/koolitused\\\/#breadcrumb\"},\"inLanguage\":\"et\",\"potentialAction\":[{\"@type\":\"ReadAction\",\"target\":[\"https:\\\/\\\/www.kliinikum.ee\\\/teadusarendus\\\/meditsiiniinfo-keskus\\\/koolitused\\\/\"]}]},{\"@type\":\"BreadcrumbList\",\"@id\":\"https:\\\/\\\/www.kliinikum.ee\\\/teadusarendus\\\/meditsiiniinfo-keskus\\\/koolitused\\\/#breadcrumb\",\"itemListElement\":[{\"@type\":\"ListItem\",\"position\":1,\"name\":\"Home\",\"item\":\"https:\\\/\\\/www.kliinikum.ee\\\/teadusarendus\\\/\"},{\"@type\":\"ListItem\",\"position\":2,\"name\":\"Meditsiiniinfo keskus\",\"item\":\"https:\\\/\\\/www.kliinikum.ee\\\/teadusarendus\\\/meditsiiniinfo-keskus\\\/\"},{\"@type\":\"ListItem\",\"position\":3,\"name\":\"Koolitused\"}]},{\"@type\":\"WebSite\",\"@id\":\"https:\\\/\\\/www.kliinikum.ee\\\/teadusarendus\\\/#website\",\"url\":\"https:\\\/\\\/www.kliinikum.ee\\\/teadusarendus\\\/\",\"name\":\"Teadus-ja arendusteenistus\",\"description\":\"Hoolivus, Uuendusmeelsus, P\u00e4devus ja Usaldusv\u00e4\u00e4rsus\",\"potentialAction\":[{\"@type\":\"SearchAction\",\"target\":{\"@type\":\"EntryPoint\",\"urlTemplate\":\"https:\\\/\\\/www.kliinikum.ee\\\/teadusarendus\\\/?s={search_term_string}\"},\"query-input\":{\"@type\":\"PropertyValueSpecification\",\"valueRequired\":true,\"valueName\":\"search_term_string\"}}],\"inLanguage\":\"et\"}]}<\/script>\n<!-- \/ Yoast SEO plugin. -->","yoast_head_json":{"title":"Koolitused - Teadus-ja arendusteenistus","robots":{"index":"index","follow":"follow","max-snippet":"max-snippet:-1","max-image-preview":"max-image-preview:large","max-video-preview":"max-video-preview:-1"},"canonical":"https:\/\/www.kliinikum.ee\/teadusarendus\/meditsiiniinfo-keskus\/koolitused\/","og_locale":"et_EE","og_type":"article","og_title":"Koolitused - Teadus-ja arendusteenistus","og_description":"Koolitused 2026. aasta I poolaastal 15. jaanuar Baaskoolitus kliinikumi andmebaaside kasutamiseks ja t\u00f5endusp\u00f5hise meditsiini informatsiooni leidmiseks ning hindamiseks 22. jaanuar Kirjanduse otsingu strateegia \u00fclesehitamine, teostamine ja dokumenteerimine 29. jaanuar Otsingustrateegia \u00fclesehitamine: terminite m\u00e4\u00e4ratlemisest kuni otsingu tulemuste kontrollimiseni 05. veebruar DynaMed 12. veebruar PubMed 18. veebruar Viitehaldustarkvara Zotero 26. veebruar Kirjanduse otsing t\u00f5endusp\u00f5hise meditsiini andmebaaside p\u00f5hjal [&hellip;]","og_url":"https:\/\/www.kliinikum.ee\/teadusarendus\/meditsiiniinfo-keskus\/koolitused\/","og_site_name":"Teadus-ja arendusteenistus","article_modified_time":"2026-01-28T10:21:40+00:00","twitter_card":"summary_large_image","twitter_misc":{"Est. reading time":"4 minutit"},"schema":{"@context":"https:\/\/schema.org","@graph":[{"@type":"WebPage","@id":"https:\/\/www.kliinikum.ee\/teadusarendus\/meditsiiniinfo-keskus\/koolitused\/","url":"https:\/\/www.kliinikum.ee\/teadusarendus\/meditsiiniinfo-keskus\/koolitused\/","name":"Koolitused - Teadus-ja arendusteenistus","isPartOf":{"@id":"https:\/\/www.kliinikum.ee\/teadusarendus\/#website"},"datePublished":"2023-04-19T09:23:59+00:00","dateModified":"2026-01-28T10:21:40+00:00","breadcrumb":{"@id":"https:\/\/www.kliinikum.ee\/teadusarendus\/meditsiiniinfo-keskus\/koolitused\/#breadcrumb"},"inLanguage":"et","potentialAction":[{"@type":"ReadAction","target":["https:\/\/www.kliinikum.ee\/teadusarendus\/meditsiiniinfo-keskus\/koolitused\/"]}]},{"@type":"BreadcrumbList","@id":"https:\/\/www.kliinikum.ee\/teadusarendus\/meditsiiniinfo-keskus\/koolitused\/#breadcrumb","itemListElement":[{"@type":"ListItem","position":1,"name":"Home","item":"https:\/\/www.kliinikum.ee\/teadusarendus\/"},{"@type":"ListItem","position":2,"name":"Meditsiiniinfo keskus","item":"https:\/\/www.kliinikum.ee\/teadusarendus\/meditsiiniinfo-keskus\/"},{"@type":"ListItem","position":3,"name":"Koolitused"}]},{"@type":"WebSite","@id":"https:\/\/www.kliinikum.ee\/teadusarendus\/#website","url":"https:\/\/www.kliinikum.ee\/teadusarendus\/","name":"Teadus-ja arendusteenistus","description":"Hoolivus, Uuendusmeelsus, P\u00e4devus ja Usaldusv\u00e4\u00e4rsus","potentialAction":[{"@type":"SearchAction","target":{"@type":"EntryPoint","urlTemplate":"https:\/\/www.kliinikum.ee\/teadusarendus\/?s={search_term_string}"},"query-input":{"@type":"PropertyValueSpecification","valueRequired":true,"valueName":"search_term_string"}}],"inLanguage":"et"}]}},"uagb_featured_image_src":{"full":false,"thumbnail":false,"medium":false,"medium_large":false,"large":false,"1536x1536":false,"2048x2048":false},"uagb_author_info":{"display_name":"Jane Freimann","author_link":"https:\/\/www.kliinikum.ee\/teadusarendus\/author\/janef\/"},"uagb_comment_info":0,"uagb_excerpt":"Koolitused 2026. aasta I poolaastal 15. jaanuar Baaskoolitus kliinikumi andmebaaside kasutamiseks ja t\u00f5endusp\u00f5hise meditsiini informatsiooni leidmiseks ning hindamiseks 22. jaanuar Kirjanduse otsingu strateegia \u00fclesehitamine, teostamine ja dokumenteerimine 29. jaanuar Otsingustrateegia \u00fclesehitamine: terminite m\u00e4\u00e4ratlemisest kuni otsingu tulemuste kontrollimiseni 05. veebruar DynaMed 12. veebruar PubMed 18. veebruar Viitehaldustarkvara Zotero 26. veebruar Kirjanduse otsing t\u00f5endusp\u00f5hise meditsiini andmebaaside p\u00f5hjal&hellip;","_links":{"self":[{"href":"https:\/\/www.kliinikum.ee\/teadusarendus\/wp-json\/wp\/v2\/pages\/5910","targetHints":{"allow":["GET"]}}],"collection":[{"href":"https:\/\/www.kliinikum.ee\/teadusarendus\/wp-json\/wp\/v2\/pages"}],"about":[{"href":"https:\/\/www.kliinikum.ee\/teadusarendus\/wp-json\/wp\/v2\/types\/page"}],"author":[{"embeddable":true,"href":"https:\/\/www.kliinikum.ee\/teadusarendus\/wp-json\/wp\/v2\/users\/35"}],"replies":[{"embeddable":true,"href":"https:\/\/www.kliinikum.ee\/teadusarendus\/wp-json\/wp\/v2\/comments?post=5910"}],"version-history":[{"count":0,"href":"https:\/\/www.kliinikum.ee\/teadusarendus\/wp-json\/wp\/v2\/pages\/5910\/revisions"}],"up":[{"embeddable":true,"href":"https:\/\/www.kliinikum.ee\/teadusarendus\/wp-json\/wp\/v2\/pages\/5873"}],"wp:attachment":[{"href":"https:\/\/www.kliinikum.ee\/teadusarendus\/wp-json\/wp\/v2\/media?parent=5910"}],"curies":[{"name":"wp","href":"https:\/\/api.w.org\/{rel}","templated":true}]}}