{"id":5927,"date":"2023-04-24T11:03:19","date_gmt":"2023-04-24T09:03:19","guid":{"rendered":"https:\/\/www.kliinikum.ee\/teadusarendus\/?page_id=5927"},"modified":"2023-04-24T13:34:25","modified_gmt":"2023-04-24T11:34:25","slug":"hinnakiri","status":"publish","type":"page","link":"https:\/\/www.kliinikum.ee\/teadusarendus\/meditsiiniinfo-keskus\/teenused\/hinnakiri\/","title":{"rendered":"Tasuliste teenuste hinnakiri"},"content":{"rendered":"\n<p class=\"has-text-align-right has-medium-font-size\">KINNITATUD<br>SA Tartu \u00dclikooli Kliinikum juhatuse<br>21.02.2023 otsusega nr 1.3-1.1\/7341<\/p>\n\n\n\n<figure class=\"wp-block-table is-style-regular\"><table><thead><tr><th><\/th><th class=\"has-text-align-left\" data-align=\"left\">Teenused<\/th><th class=\"has-text-align-left\" data-align=\"left\">V\u00e4ljaspool kliinikumi<br>(sisaldab k\u00e4ibemaksu 20%)<\/th><\/tr><\/thead><tbody><tr><td><\/td><td class=\"has-text-align-left\" data-align=\"left\"><strong>Kopeerimine ja printimine (must-valge)<\/strong><\/td><td class=\"has-text-align-left\" data-align=\"left\"><\/td><\/tr><tr><td><\/td><td class=\"has-text-align-left\" data-align=\"left\">A4 1-poolne<\/td><td class=\"has-text-align-left\" data-align=\"left\">0,05 \u20ac<\/td><\/tr><tr><td><\/td><td class=\"has-text-align-left\" data-align=\"left\">A4 2-poolne<\/td><td class=\"has-text-align-left\" data-align=\"left\">0,10 \u20ac<\/td><\/tr><tr><td><\/td><td class=\"has-text-align-left\" data-align=\"left\">A3 1-poolne<\/td><td class=\"has-text-align-left\" data-align=\"left\">0,10 \u20ac<\/td><\/tr><tr><td><\/td><td class=\"has-text-align-left\" data-align=\"left\">A3 2-poolne<\/td><td class=\"has-text-align-left\" data-align=\"left\">0,20 \u20ac<\/td><\/tr><tr><td><\/td><td class=\"has-text-align-left\" data-align=\"left\"><strong>V\u00e4rviprint<\/strong><\/td><td class=\"has-text-align-left\" data-align=\"left\"><\/td><\/tr><tr><td><\/td><td class=\"has-text-align-left\" data-align=\"left\">A4 valge taustaga<\/td><td class=\"has-text-align-left\" data-align=\"left\">0,80 \u20ac<\/td><\/tr><tr><td><\/td><td class=\"has-text-align-left\" data-align=\"left\">A4 v\u00e4rvilise taustaga<\/td><td class=\"has-text-align-left\" data-align=\"left\">2,30 \u20ac<\/td><\/tr><tr><td><\/td><td class=\"has-text-align-left\" data-align=\"left\"><strong>Kiletamine<\/strong><\/td><td class=\"has-text-align-left\" data-align=\"left\"><\/td><\/tr><tr><td><\/td><td class=\"has-text-align-left\" data-align=\"left\">A4<\/td><td class=\"has-text-align-left\" data-align=\"left\">0,80 \u20ac<\/td><\/tr><tr><td><\/td><td class=\"has-text-align-left\" data-align=\"left\">A3<\/td><td class=\"has-text-align-left\" data-align=\"left\">1,60 \u20ac<\/td><\/tr><tr><td><\/td><td class=\"has-text-align-left\" data-align=\"left\">A7<\/td><td class=\"has-text-align-left\" data-align=\"left\">0,50 \u20ac<\/td><\/tr><tr><td><\/td><td class=\"has-text-align-left\" data-align=\"left\"><strong>Skaneerimine ja kujundamine<\/strong><\/td><td class=\"has-text-align-left\" data-align=\"left\"><\/td><\/tr><tr><td><\/td><td class=\"has-text-align-left\" data-align=\"left\">dokumentide ja piltide skaneerimine arvutisse<\/td><td class=\"has-text-align-left\" data-align=\"left\">0,50 \u20ac (tk)<\/td><\/tr><tr><td><\/td><td class=\"has-text-align-left\" data-align=\"left\">dokumentide ja piltide kujundamine<\/td><td class=\"has-text-align-left\" data-align=\"left\">6 \u20ac (tund)<\/td><\/tr><tr><td><\/td><td class=\"has-text-align-left\" data-align=\"left\"><strong>Koolitused<\/strong><\/td><td class=\"has-text-align-left\" data-align=\"left\"><\/td><\/tr><tr><td><\/td><td class=\"has-text-align-left\" data-align=\"left\">1-4 akadeemilist tundi (loeng)<\/td><td class=\"has-text-align-left\" data-align=\"left\">24-48 \u20ac<\/td><\/tr><tr><td><\/td><td class=\"has-text-align-left\" data-align=\"left\">26-39 akadeemilist tundi (e-kursus)<\/td><td class=\"has-text-align-left\" data-align=\"left\">50-75 \u20ac<\/td><\/tr><tr><td><\/td><td class=\"has-text-align-left\" data-align=\"left\"><strong>T\u00e4istekstide otsing<\/strong><\/td><td class=\"has-text-align-left\" data-align=\"left\"><\/td><\/tr><tr><td><\/td><td class=\"has-text-align-left\" data-align=\"left\">1-10 artiklit<\/td><td class=\"has-text-align-left\" data-align=\"left\">5 \u20ac<\/td><\/tr><tr><td><\/td><td class=\"has-text-align-left\" data-align=\"left\">11-100 artiklit<\/td><td class=\"has-text-align-left\" data-align=\"left\">25 \u20ac<\/td><\/tr><tr><td><\/td><td class=\"has-text-align-left\" data-align=\"left\">>100 artiklit<\/td><td class=\"has-text-align-left\" data-align=\"left\">50 \u20ac<\/td><\/tr><tr><td><\/td><td class=\"has-text-align-left\" data-align=\"left\"><strong>Muud teenused<\/strong><\/td><td class=\"has-text-align-left\" data-align=\"left\"><\/td><\/tr><tr><td><\/td><td class=\"has-text-align-left\" data-align=\"left\">info kandmine CD-le v\u00f5i DVD-le (hind sisaldab toorikut)<\/td><td class=\"has-text-align-left\" data-align=\"left\">4 \u20ac<\/td><\/tr><tr><td><\/td><td class=\"has-text-align-left\" data-align=\"left\">plastikspiraalk\u00f6ide (l\u00e4bim\u00f5\u00f5t kuni 15mm)<\/td><td class=\"has-text-align-left\" data-align=\"left\">1,20 \u20ac<\/td><\/tr><tr><td><\/td><td class=\"has-text-align-left\" data-align=\"left\">plastikspiraalk\u00f6ide (l\u00e4bim\u00f5\u00f5t \u00fcle 15mm)<\/td><td class=\"has-text-align-left\" data-align=\"left\">1,50 \u20ac<\/td><\/tr><tr><td><\/td><td class=\"has-text-align-left\" data-align=\"left\">infootsingu teenus<\/td><td class=\"has-text-align-left\" data-align=\"left\">30 \u20ac (tund)<\/td><\/tr><tr><td><\/td><td class=\"has-text-align-left\" data-align=\"left\">artikli tellimine<\/td><td class=\"has-text-align-left\" data-align=\"left\">esitatud arve alusel + km<\/td><\/tr><\/tbody><\/table><\/figure>\n\n\n\n<p><\/p>\n","protected":false},"excerpt":{"rendered":"<p>KINNITATUDSA Tartu \u00dclikooli Kliinikum juhatuse21.02.2023 otsusega nr 1.3-1.1\/7341 Teenused V\u00e4ljaspool kliinikumi(sisaldab k\u00e4ibemaksu 20%) Kopeerimine ja printimine (must-valge) A4 1-poolne 0,05 \u20ac A4 2-poolne 0,10 \u20ac A3 1-poolne 0,10 \u20ac A3 2-poolne 0,20 \u20ac V\u00e4rviprint A4 valge taustaga 0,80 \u20ac A4 v\u00e4rvilise taustaga 2,30 \u20ac Kiletamine A4 0,80 \u20ac A3 1,60 \u20ac A7 0,50 \u20ac Skaneerimine [&hellip;]<\/p>\n","protected":false},"author":32,"featured_media":0,"parent":5902,"menu_order":0,"comment_status":"closed","ping_status":"closed","template":"","meta":{"_acf_changed":false,"_uag_custom_page_level_css":"","footnotes":""},"class_list":["post-5927","page","type-page","status-publish","hentry"],"acf":[],"yoast_head":"<!-- This site is optimized with the Yoast SEO plugin v27.5 - https:\/\/yoast.com\/product\/yoast-seo-wordpress\/ -->\n<title>Tasuliste teenuste hinnakiri - Teadus-ja arendusteenistus<\/title>\n<meta name=\"robots\" content=\"index, follow, max-snippet:-1, max-image-preview:large, max-video-preview:-1\" \/>\n<link rel=\"canonical\" href=\"https:\/\/www.kliinikum.ee\/teadusarendus\/meditsiiniinfo-keskus\/teenused\/hinnakiri\/\" \/>\n<meta property=\"og:locale\" content=\"et_EE\" \/>\n<meta property=\"og:type\" content=\"article\" \/>\n<meta property=\"og:title\" content=\"Tasuliste teenuste hinnakiri - Teadus-ja arendusteenistus\" \/>\n<meta property=\"og:description\" content=\"KINNITATUDSA Tartu \u00dclikooli Kliinikum juhatuse21.02.2023 otsusega nr 1.3-1.1\/7341 Teenused V\u00e4ljaspool kliinikumi(sisaldab k\u00e4ibemaksu 20%) Kopeerimine ja printimine (must-valge) A4 1-poolne 0,05 \u20ac A4 2-poolne 0,10 \u20ac A3 1-poolne 0,10 \u20ac A3 2-poolne 0,20 \u20ac V\u00e4rviprint A4 valge taustaga 0,80 \u20ac A4 v\u00e4rvilise taustaga 2,30 \u20ac Kiletamine A4 0,80 \u20ac A3 1,60 \u20ac A7 0,50 \u20ac Skaneerimine [&hellip;]\" \/>\n<meta property=\"og:url\" content=\"https:\/\/www.kliinikum.ee\/teadusarendus\/meditsiiniinfo-keskus\/teenused\/hinnakiri\/\" \/>\n<meta property=\"og:site_name\" content=\"Teadus-ja arendusteenistus\" \/>\n<meta property=\"article:modified_time\" content=\"2023-04-24T11:34:25+00:00\" \/>\n<meta name=\"twitter:card\" content=\"summary_large_image\" \/>\n<meta name=\"twitter:label1\" content=\"Est. reading time\" \/>\n\t<meta name=\"twitter:data1\" content=\"1 minut\" \/>\n<script type=\"application\/ld+json\" class=\"yoast-schema-graph\">{\"@context\":\"https:\\\/\\\/schema.org\",\"@graph\":[{\"@type\":\"WebPage\",\"@id\":\"https:\\\/\\\/www.kliinikum.ee\\\/teadusarendus\\\/meditsiiniinfo-keskus\\\/teenused\\\/hinnakiri\\\/\",\"url\":\"https:\\\/\\\/www.kliinikum.ee\\\/teadusarendus\\\/meditsiiniinfo-keskus\\\/teenused\\\/hinnakiri\\\/\",\"name\":\"Tasuliste teenuste hinnakiri - Teadus-ja arendusteenistus\",\"isPartOf\":{\"@id\":\"https:\\\/\\\/www.kliinikum.ee\\\/teadusarendus\\\/#website\"},\"datePublished\":\"2023-04-24T09:03:19+00:00\",\"dateModified\":\"2023-04-24T11:34:25+00:00\",\"breadcrumb\":{\"@id\":\"https:\\\/\\\/www.kliinikum.ee\\\/teadusarendus\\\/meditsiiniinfo-keskus\\\/teenused\\\/hinnakiri\\\/#breadcrumb\"},\"inLanguage\":\"et\",\"potentialAction\":[{\"@type\":\"ReadAction\",\"target\":[\"https:\\\/\\\/www.kliinikum.ee\\\/teadusarendus\\\/meditsiiniinfo-keskus\\\/teenused\\\/hinnakiri\\\/\"]}]},{\"@type\":\"BreadcrumbList\",\"@id\":\"https:\\\/\\\/www.kliinikum.ee\\\/teadusarendus\\\/meditsiiniinfo-keskus\\\/teenused\\\/hinnakiri\\\/#breadcrumb\",\"itemListElement\":[{\"@type\":\"ListItem\",\"position\":1,\"name\":\"Home\",\"item\":\"https:\\\/\\\/www.kliinikum.ee\\\/teadusarendus\\\/\"},{\"@type\":\"ListItem\",\"position\":2,\"name\":\"Meditsiiniinfo keskus\",\"item\":\"https:\\\/\\\/www.kliinikum.ee\\\/teadusarendus\\\/meditsiiniinfo-keskus\\\/\"},{\"@type\":\"ListItem\",\"position\":3,\"name\":\"Teenused\",\"item\":\"https:\\\/\\\/www.kliinikum.ee\\\/teadusarendus\\\/meditsiiniinfo-keskus\\\/teenused\\\/\"},{\"@type\":\"ListItem\",\"position\":4,\"name\":\"Tasuliste teenuste hinnakiri\"}]},{\"@type\":\"WebSite\",\"@id\":\"https:\\\/\\\/www.kliinikum.ee\\\/teadusarendus\\\/#website\",\"url\":\"https:\\\/\\\/www.kliinikum.ee\\\/teadusarendus\\\/\",\"name\":\"Teadus-ja arendusteenistus\",\"description\":\"Hoolivus, Uuendusmeelsus, P\u00e4devus ja Usaldusv\u00e4\u00e4rsus\",\"potentialAction\":[{\"@type\":\"SearchAction\",\"target\":{\"@type\":\"EntryPoint\",\"urlTemplate\":\"https:\\\/\\\/www.kliinikum.ee\\\/teadusarendus\\\/?s={search_term_string}\"},\"query-input\":{\"@type\":\"PropertyValueSpecification\",\"valueRequired\":true,\"valueName\":\"search_term_string\"}}],\"inLanguage\":\"et\"}]}<\/script>\n<!-- \/ Yoast SEO plugin. -->","yoast_head_json":{"title":"Tasuliste teenuste hinnakiri - Teadus-ja arendusteenistus","robots":{"index":"index","follow":"follow","max-snippet":"max-snippet:-1","max-image-preview":"max-image-preview:large","max-video-preview":"max-video-preview:-1"},"canonical":"https:\/\/www.kliinikum.ee\/teadusarendus\/meditsiiniinfo-keskus\/teenused\/hinnakiri\/","og_locale":"et_EE","og_type":"article","og_title":"Tasuliste teenuste hinnakiri - Teadus-ja arendusteenistus","og_description":"KINNITATUDSA Tartu \u00dclikooli Kliinikum juhatuse21.02.2023 otsusega nr 1.3-1.1\/7341 Teenused V\u00e4ljaspool kliinikumi(sisaldab k\u00e4ibemaksu 20%) Kopeerimine ja printimine (must-valge) A4 1-poolne 0,05 \u20ac A4 2-poolne 0,10 \u20ac A3 1-poolne 0,10 \u20ac A3 2-poolne 0,20 \u20ac V\u00e4rviprint A4 valge taustaga 0,80 \u20ac A4 v\u00e4rvilise taustaga 2,30 \u20ac Kiletamine A4 0,80 \u20ac A3 1,60 \u20ac A7 0,50 \u20ac Skaneerimine [&hellip;]","og_url":"https:\/\/www.kliinikum.ee\/teadusarendus\/meditsiiniinfo-keskus\/teenused\/hinnakiri\/","og_site_name":"Teadus-ja arendusteenistus","article_modified_time":"2023-04-24T11:34:25+00:00","twitter_card":"summary_large_image","twitter_misc":{"Est. reading time":"1 minut"},"schema":{"@context":"https:\/\/schema.org","@graph":[{"@type":"WebPage","@id":"https:\/\/www.kliinikum.ee\/teadusarendus\/meditsiiniinfo-keskus\/teenused\/hinnakiri\/","url":"https:\/\/www.kliinikum.ee\/teadusarendus\/meditsiiniinfo-keskus\/teenused\/hinnakiri\/","name":"Tasuliste teenuste hinnakiri - Teadus-ja arendusteenistus","isPartOf":{"@id":"https:\/\/www.kliinikum.ee\/teadusarendus\/#website"},"datePublished":"2023-04-24T09:03:19+00:00","dateModified":"2023-04-24T11:34:25+00:00","breadcrumb":{"@id":"https:\/\/www.kliinikum.ee\/teadusarendus\/meditsiiniinfo-keskus\/teenused\/hinnakiri\/#breadcrumb"},"inLanguage":"et","potentialAction":[{"@type":"ReadAction","target":["https:\/\/www.kliinikum.ee\/teadusarendus\/meditsiiniinfo-keskus\/teenused\/hinnakiri\/"]}]},{"@type":"BreadcrumbList","@id":"https:\/\/www.kliinikum.ee\/teadusarendus\/meditsiiniinfo-keskus\/teenused\/hinnakiri\/#breadcrumb","itemListElement":[{"@type":"ListItem","position":1,"name":"Home","item":"https:\/\/www.kliinikum.ee\/teadusarendus\/"},{"@type":"ListItem","position":2,"name":"Meditsiiniinfo keskus","item":"https:\/\/www.kliinikum.ee\/teadusarendus\/meditsiiniinfo-keskus\/"},{"@type":"ListItem","position":3,"name":"Teenused","item":"https:\/\/www.kliinikum.ee\/teadusarendus\/meditsiiniinfo-keskus\/teenused\/"},{"@type":"ListItem","position":4,"name":"Tasuliste teenuste hinnakiri"}]},{"@type":"WebSite","@id":"https:\/\/www.kliinikum.ee\/teadusarendus\/#website","url":"https:\/\/www.kliinikum.ee\/teadusarendus\/","name":"Teadus-ja arendusteenistus","description":"Hoolivus, Uuendusmeelsus, P\u00e4devus ja Usaldusv\u00e4\u00e4rsus","potentialAction":[{"@type":"SearchAction","target":{"@type":"EntryPoint","urlTemplate":"https:\/\/www.kliinikum.ee\/teadusarendus\/?s={search_term_string}"},"query-input":{"@type":"PropertyValueSpecification","valueRequired":true,"valueName":"search_term_string"}}],"inLanguage":"et"}]}},"uagb_featured_image_src":{"full":false,"thumbnail":false,"medium":false,"medium_large":false,"large":false,"1536x1536":false,"2048x2048":false},"uagb_author_info":{"display_name":"Piret Truu","author_link":"https:\/\/www.kliinikum.ee\/teadusarendus\/author\/pirettr\/"},"uagb_comment_info":0,"uagb_excerpt":"KINNITATUDSA Tartu \u00dclikooli Kliinikum juhatuse21.02.2023 otsusega nr 1.3-1.1\/7341 Teenused V\u00e4ljaspool kliinikumi(sisaldab k\u00e4ibemaksu 20%) Kopeerimine ja printimine (must-valge) A4 1-poolne 0,05 \u20ac A4 2-poolne 0,10 \u20ac A3 1-poolne 0,10 \u20ac A3 2-poolne 0,20 \u20ac V\u00e4rviprint A4 valge taustaga 0,80 \u20ac A4 v\u00e4rvilise taustaga 2,30 \u20ac Kiletamine A4 0,80 \u20ac A3 1,60 \u20ac A7 0,50 \u20ac Skaneerimine&hellip;","_links":{"self":[{"href":"https:\/\/www.kliinikum.ee\/teadusarendus\/wp-json\/wp\/v2\/pages\/5927","targetHints":{"allow":["GET"]}}],"collection":[{"href":"https:\/\/www.kliinikum.ee\/teadusarendus\/wp-json\/wp\/v2\/pages"}],"about":[{"href":"https:\/\/www.kliinikum.ee\/teadusarendus\/wp-json\/wp\/v2\/types\/page"}],"author":[{"embeddable":true,"href":"https:\/\/www.kliinikum.ee\/teadusarendus\/wp-json\/wp\/v2\/users\/32"}],"replies":[{"embeddable":true,"href":"https:\/\/www.kliinikum.ee\/teadusarendus\/wp-json\/wp\/v2\/comments?post=5927"}],"version-history":[{"count":0,"href":"https:\/\/www.kliinikum.ee\/teadusarendus\/wp-json\/wp\/v2\/pages\/5927\/revisions"}],"up":[{"embeddable":true,"href":"https:\/\/www.kliinikum.ee\/teadusarendus\/wp-json\/wp\/v2\/pages\/5902"}],"wp:attachment":[{"href":"https:\/\/www.kliinikum.ee\/teadusarendus\/wp-json\/wp\/v2\/media?parent=5927"}],"curies":[{"name":"wp","href":"https:\/\/api.w.org\/{rel}","templated":true}]}}