{"id":6469,"date":"2023-08-17T14:21:31","date_gmt":"2023-08-17T12:21:31","guid":{"rendered":"https:\/\/www.kliinikum.ee\/teadusarendus\/?page_id=6469"},"modified":"2026-01-07T14:45:33","modified_gmt":"2026-01-07T12:45:33","slug":"arendusfond","status":"publish","type":"page","link":"https:\/\/www.kliinikum.ee\/teadusarendus\/arendusprojektid\/arendusfond\/","title":{"rendered":"Kliinikumi arendusfond"},"content":{"rendered":"<div class=\"wp-block-uagb-faq uagb-faq__outer-wrap uagb-block-e61a969e uagb-faq-icon-row uagb-faq-layout-accordion uagb-faq-expand-first-false uagb-faq-inactive-other-true uagb-faq__wrap uagb-buttons-layout-wrap uagb-faq-equal-height     \" data-faqtoggle=\"true\" role=\"tablist\"><div class=\"wp-block-uagb-faq-child uagb-faq-child__outer-wrap uagb-faq-item uagb-block-7f10d424 \" role=\"tab\" tabindex=\"0\"><div class=\"uagb-faq-questions-button uagb-faq-questions\">\t\t\t<span class=\"uagb-icon uagb-faq-icon-wrap\">\n\t\t\t\t\t\t\t\t<svg xmlns=\"https:\/\/www.w3.org\/2000\/svg\" viewBox= \"0 0 448 512\"><path d=\"M432 256c0 17.69-14.33 32.01-32 32.01H256v144c0 17.69-14.33 31.99-32 31.99s-32-14.3-32-31.99v-144H48c-17.67 0-32-14.32-32-32.01s14.33-31.99 32-31.99H192v-144c0-17.69 14.33-32.01 32-32.01s32 14.32 32 32.01v144h144C417.7 224 432 238.3 432 256z\"><\/path><\/svg>\n\t\t\t\t\t\t\t<\/span>\n\t\t\t\t\t\t<span class=\"uagb-icon-active uagb-faq-icon-wrap\">\n\t\t\t\t\t\t\t\t<svg xmlns=\"https:\/\/www.w3.org\/2000\/svg\" viewBox= \"0 0 448 512\"><path d=\"M400 288h-352c-17.69 0-32-14.32-32-32.01s14.31-31.99 32-31.99h352c17.69 0 32 14.3 32 31.99S417.7 288 400 288z\"><\/path><\/svg>\n\t\t\t\t\t\t\t<\/span>\n\t\t\t<span class=\"uagb-question\"><strong>Teadus-, arendus- ja innovatsiooniprojektid 2025<\/strong><\/span><\/div><div class=\"uagb-faq-content\"><p>Rahvusvahelise randomiseeritud registriuuringute v\u00f5rgustiku arendamine ja esimese EuroHeart randomiseeritud registriuuringu l\u00e4biviimine, Alar Irs<br>Keskn\u00e4rvis\u00fcsteemi kasvajate kiire ja laiap\u00f5hjalise molekulaarse profileerimise tehnoloogia juurutamine Tartu \u00dclikooli Kliinikumis, Kadri Toome<br>P\u00e4rgarterite ateroskleroosi erinevat ulatust m\u00e4\u00e4ravad geneetilised ja metaboloomi-p\u00f5hised tegurid sarnase kardiovaskulaarse riskiprofiiliga indiviididel: Eesti geenivaramu p\u00f5hine l\u00e4bil\u00f5ikeline assotsiatsiooniuuring, Kaido Paapstel<br>Harvikhaigustega isikute diagnostika, j\u00e4lgimise ja raviteekond Eestis (lisataotlus), Katrin \u00d5unap<br>Skeleti-lihass\u00fcsteemi vaevustega patsientide taastusravi harjutuste videopanga loomine, Tauno Koovit<br>Tervist m\u00f5jutav suhteline energiadefitsiit spordis: haiguse kulgu m\u00e4\u00e4ravate prognostiliste tunnuste anal\u00fc\u00fcs ja raviteekonna t\u00f5hustamine, Eve Unt<br>Tartu \u00dclikooli Kliinikumi nahahaiguste kliiniku osakonna nutikas t\u00f6\u00f6koormuse juhtimise ja ajakava koostamise t\u00f6\u00f6riist, Viljar Jaks<br>Tartu \u00dclikooli Kliinikumi liitumise j\u00e4tkamine DIGICORE v\u00f5rgustikuga \u2013 personaalmeditsiini arendus ja rahvusvaheline teaduskoost\u00f6\u00f6 andmep\u00f5hise onkoloogia valla, Lenne-Triin K\u00f5rgvee<\/p><\/div><\/div><div class=\"wp-block-uagb-faq-child uagb-faq-child__outer-wrap uagb-faq-item uagb-block-521cc5a8 \" role=\"tab\" tabindex=\"0\"><div class=\"uagb-faq-questions-button uagb-faq-questions\">\t\t\t<span class=\"uagb-icon uagb-faq-icon-wrap\">\n\t\t\t\t\t\t\t\t<svg xmlns=\"https:\/\/www.w3.org\/2000\/svg\" viewBox= \"0 0 448 512\"><path d=\"M432 256c0 17.69-14.33 32.01-32 32.01H256v144c0 17.69-14.33 31.99-32 31.99s-32-14.3-32-31.99v-144H48c-17.67 0-32-14.32-32-32.01s14.33-31.99 32-31.99H192v-144c0-17.69 14.33-32.01 32-32.01s32 14.32 32 32.01v144h144C417.7 224 432 238.3 432 256z\"><\/path><\/svg>\n\t\t\t\t\t\t\t<\/span>\n\t\t\t\t\t\t<span class=\"uagb-icon-active uagb-faq-icon-wrap\">\n\t\t\t\t\t\t\t\t<svg xmlns=\"https:\/\/www.w3.org\/2000\/svg\" viewBox= \"0 0 448 512\"><path d=\"M400 288h-352c-17.69 0-32-14.32-32-32.01s14.31-31.99 32-31.99h352c17.69 0 32 14.3 32 31.99S417.7 288 400 288z\"><\/path><\/svg>\n\t\t\t\t\t\t\t<\/span>\n\t\t\t<span class=\"uagb-question\"><strong>Teadus-, arendus- ja innovatsiooniprojektid 2024<\/strong><\/span><\/div><div class=\"uagb-faq-content\"><p>Lastes\u00f5bralikuma haigla arendamine tehisintellekti ja robot Pepperi baasil, Anneli Kolk<br>Virtuaalreaalsuse terviklahenduse kasutusele v\u00f5tmine palliatiivravi osakonnas, Jaanika Hain<br>Sportlaste s\u00f6\u00f6misalase n\u00f5ustamise teenuse arendusprojekt, Eve Unt<br>Kond\u00fclograafi soetamine s\u00fcstemaatilise funktsionaalse anal\u00fc\u00fcsi ja sellel p\u00f5hineva raviv\u00f5imekuse loomiseks Kliinikumis, Triin Jagom\u00e4gi<br>S\u00fcdamepuudulikkusega patsientide raviteekonna v\u00e4ljat\u00f6\u00f6tamine Tervisekassa kliendiprogrammi raames, M\u00e4rt Elmet<br>Digitaalse raviteekonna piloteerimine h\u00e4\u00e4leh\u00e4iretega patsientide rehabilitatsioonis,Linda S\u00f5ber<br>Euroopa Kardioloogide Seltsi kahe rahvusvahelise l\u00e4bil\u00f5ikeuuringu l\u00e4biviimine Eestis,M\u00e4rt Elmet, Alar Irs<br>Kasvaja rakuvaba DNA diagnostika: onkoloogilise t\u00e4ppismeditsiini uus standard Tartu \u00dclikooli Kliinikumis,Tiina Kahre<br>Eksfoliatsioonis\u00fcndroomiga patsientide varajane tuvastamine, glaukoomi tekke riski hindamine ja monitoorimine patsiendikesksete ravijuhiste koostamiseks, Kuldar Kaljurand<br>Ps\u00fc\u00fchikah\u00e4iretega patsientide integreeritud raviteekondade arendamine, Kerli Hiiem\u00e4e, Liina Haring<br>Madalas\u00a0kontsentratsioonis\u00a0atropiini silmatilkade\u00a0valmistamine l\u00fchin\u00e4gevuse\u00a0arengu pidurdamiseks<br>Mikk Pauklin,\u00a0Kersti Teder<br>T\u00f6\u00f6vahendite soetamine ps\u00fchhiaatriakliinikule, Andres Lehtmets<br>Struktureeritud\u00a0insuldiravi kvaliteedi\u00a0andmete kogumise\u00a0automatiseerimine eHLis, Janika K\u00f5rv<br>Multidistsiplinaarse vasts\u00fcndinu abistamise simulatsioon\u00f5ppe v\u00e4ljat\u00f6\u00f6tamine ja rakendamine, Merle Benstr\u00f6m<br>Kaasas\u00fcndinud s\u00fcdamerikete kompetentsikeskuse arendamine, Raili Tagen<\/p><\/div><\/div><div class=\"wp-block-uagb-faq-child uagb-faq-child__outer-wrap uagb-faq-item uagb-block-4b888d5b \" role=\"tab\" tabindex=\"0\"><div class=\"uagb-faq-questions-button uagb-faq-questions\">\t\t\t<span class=\"uagb-icon uagb-faq-icon-wrap\">\n\t\t\t\t\t\t\t\t<svg xmlns=\"https:\/\/www.w3.org\/2000\/svg\" viewBox= \"0 0 448 512\"><path d=\"M432 256c0 17.69-14.33 32.01-32 32.01H256v144c0 17.69-14.33 31.99-32 31.99s-32-14.3-32-31.99v-144H48c-17.67 0-32-14.32-32-32.01s14.33-31.99 32-31.99H192v-144c0-17.69 14.33-32.01 32-32.01s32 14.32 32 32.01v144h144C417.7 224 432 238.3 432 256z\"><\/path><\/svg>\n\t\t\t\t\t\t\t<\/span>\n\t\t\t\t\t\t<span class=\"uagb-icon-active uagb-faq-icon-wrap\">\n\t\t\t\t\t\t\t\t<svg xmlns=\"https:\/\/www.w3.org\/2000\/svg\" viewBox= \"0 0 448 512\"><path d=\"M400 288h-352c-17.69 0-32-14.32-32-32.01s14.31-31.99 32-31.99h352c17.69 0 32 14.3 32 31.99S417.7 288 400 288z\"><\/path><\/svg>\n\t\t\t\t\t\t\t<\/span>\n\t\t\t<span class=\"uagb-question\"><strong>Teadus-, arendus- ja innovatsiooniprojektid 2023<\/strong><\/span><\/div><div class=\"uagb-faq-content\"><p>Skeleti-lihass\u00fcsteemi vaevustega patsientide taastusravi harjutuste videopanga loomine, Tauno Koovit, Mihkel Luik<br>Personaalsete antimikroobsete haavaravimite valmistamine haiglaapteegis kliinilisteks uuringuteks T\u00dc Kliinikumis, Kersti Teder<br>Kliinikumi kodulehe juturoboti loomine ja katsetamine, Kerli Hiiem\u00e4e<br>Harvikhaigustega isikute diagnostika, j\u00e4lgimise ja raviteekond Eestis, Katrin \u00d5unap<br>CAR-T-rakkude tootmisv\u00f5imekuse arendamine, Ain Kaare<br>Atoopilise dermatiidi ravi seadusp\u00e4rad Eestis, Annika Volke<br>\u00dcle-eestiline uuring v\u00e4hipatsientidele sihtm\u00e4rkravi v\u00f5imaldamiseks kasvaja molekulaarse profiili alusel, Kristiina Ojamaa<br>Andmebaasi loomine noorsportlaste terviseuuringute tegevusjuhendi kaasajastamiseks ning teadusuuringuteks, Eve Unt<br>Nahahaigete mikroobikoosluste parendamine, K\u00fclli Kingo<br>Vasaku s\u00fcdamepoole d\u00fcsfunktsiooni hindamine strain-anal\u00fc\u00fcsidega alaj\u00e4seme arterite haigusega patsientidel, Teele Kasepalu<br>Kaasaegsete meetodite rakendamine loote ja reproduktiivmeditsiinis: keskuse loomine ning loote anomaaliate multidistsiplinaarne k\u00e4sitlus, embr\u00fcodiagnostika arendamine, Kristiina Rull<br>Kaugisheemilise eelkohastamise m\u00f5jud puusaliigese tsementeeritud endoproteesimisele: randomiseeritud kontrollitud uuring, Kaspar Tootsi<\/p><\/div><\/div><div class=\"wp-block-uagb-faq-child uagb-faq-child__outer-wrap uagb-faq-item uagb-block-b4e8cc9f \" role=\"tab\" tabindex=\"0\"><div class=\"uagb-faq-questions-button uagb-faq-questions\">\t\t\t<span class=\"uagb-icon uagb-faq-icon-wrap\">\n\t\t\t\t\t\t\t\t<svg xmlns=\"https:\/\/www.w3.org\/2000\/svg\" viewBox= \"0 0 448 512\"><path d=\"M432 256c0 17.69-14.33 32.01-32 32.01H256v144c0 17.69-14.33 31.99-32 31.99s-32-14.3-32-31.99v-144H48c-17.67 0-32-14.32-32-32.01s14.33-31.99 32-31.99H192v-144c0-17.69 14.33-32.01 32-32.01s32 14.32 32 32.01v144h144C417.7 224 432 238.3 432 256z\"><\/path><\/svg>\n\t\t\t\t\t\t\t<\/span>\n\t\t\t\t\t\t<span class=\"uagb-icon-active uagb-faq-icon-wrap\">\n\t\t\t\t\t\t\t\t<svg xmlns=\"https:\/\/www.w3.org\/2000\/svg\" viewBox= \"0 0 448 512\"><path d=\"M400 288h-352c-17.69 0-32-14.32-32-32.01s14.31-31.99 32-31.99h352c17.69 0 32 14.3 32 31.99S417.7 288 400 288z\"><\/path><\/svg>\n\t\t\t\t\t\t\t<\/span>\n\t\t\t<span class=\"uagb-question\"><strong>Teadus-, arendus- ja innovatsiooniprojektid 2022<\/strong><\/span><\/div><div class=\"uagb-faq-content\"><p>Massiivne s\u00fcnnitusj\u00e4rgne verekaotus (PPH) - t\u00f5husam ennetus ja ravi, Helle Karro<br>Randomiseeritud kliiniline uuring liksisenatiidi toimest h\u00fcpof\u00fc\u00fcsi funktsioonile 1. t\u00fc\u00fcpi diabeediga patsientidel, Ingrid Reppo<br>Point of Care UltraSound \u00f5petamine ja juurutamine, Jaan S\u00fctt<br>Diabeediportaal - t\u00f5endusp\u00f5hine, kaasaegne ja k\u00e4ep\u00e4rane info diabeediga patsientidele ja<br>kliinikumi ning partnerhaiglate t\u00f6\u00f6tajatele, Kadri Piir<br>Digitaalsel tehnoloogial p\u00f5hinevad sekkumised migreeni ravis, Mark Braschinsky<br>Rasvmaksast siirikmaksani - haiguskulu prognostilised markerid, Riina Salupere<br>Kaasas\u00fcndinud s\u00fcdamerikete kompetentsikeskuse arendamine 2022 ja 2023 aastal, Raili Tagen<br>Insult lastel: geneetilised riskitegurid ja nende seos lapse neuroarengulise hilistulemuse, magnetresonantstomograafilise leiu ning elukvaliteedi vahel, Pilvi Ilves<br>\u00dcleriiklik elundisiirdamise infos\u00fcsteem I etapp, Astra V\u00e4strik, Richard Jalakas<br>Epilepsia k\u00e4sitlus fertiilses eas naistel ja rasedatel, Aleksei Rakitin<br>Kroonilise rinosinusiidi bioloogiline ravi IL-4\/IL-13 blokeeriva antikehaga ja ravivastuse p\u00f5letikuprotsesside uuring, Mihkel Plaas<\/p><\/div><\/div><div class=\"wp-block-uagb-faq-child uagb-faq-child__outer-wrap uagb-faq-item uagb-block-ca85e58b \" role=\"tab\" tabindex=\"0\"><div class=\"uagb-faq-questions-button uagb-faq-questions\">\t\t\t<span class=\"uagb-icon uagb-faq-icon-wrap\">\n\t\t\t\t\t\t\t\t<svg xmlns=\"https:\/\/www.w3.org\/2000\/svg\" viewBox= \"0 0 448 512\"><path d=\"M432 256c0 17.69-14.33 32.01-32 32.01H256v144c0 17.69-14.33 31.99-32 31.99s-32-14.3-32-31.99v-144H48c-17.67 0-32-14.32-32-32.01s14.33-31.99 32-31.99H192v-144c0-17.69 14.33-32.01 32-32.01s32 14.32 32 32.01v144h144C417.7 224 432 238.3 432 256z\"><\/path><\/svg>\n\t\t\t\t\t\t\t<\/span>\n\t\t\t\t\t\t<span class=\"uagb-icon-active uagb-faq-icon-wrap\">\n\t\t\t\t\t\t\t\t<svg xmlns=\"https:\/\/www.w3.org\/2000\/svg\" viewBox= \"0 0 448 512\"><path d=\"M400 288h-352c-17.69 0-32-14.32-32-32.01s14.31-31.99 32-31.99h352c17.69 0 32 14.3 32 31.99S417.7 288 400 288z\"><\/path><\/svg>\n\t\t\t\t\t\t\t<\/span>\n\t\t\t<span class=\"uagb-question\"><strong>Teadus-, arendus- ja innovatsiooniprojektid 2021<\/strong><\/span><\/div><div class=\"uagb-faq-content\"><p>S\u00fcdame-veresoonkonna haiguste ravikvaliteedit\u00f6\u00f6riista EuroHeart k\u00e4ivitamine Kliinikumis, Alar Irs<br>Digilahendused antibiootikumravi efektiivsuse ja ohutuse parandamiseks T\u00dc Kliinikumis, Tuuli Metsvaht<br>Siirdamiseks sobivate sarvkesta epiteeli t\u00fcvirakkude kasvatamise laboriv\u00f5imekuse loomine Tartu \u00dclikooli Kliinikumis, Mikk Pauklin<br>S\u00fcdamehaigete taastusravi kaugteenusmudel, Gertu S\u00f5erunurk<br><\/p><\/div><\/div><\/div>","protected":false},"excerpt":{"rendered":"","protected":false},"author":35,"featured_media":0,"parent":5877,"menu_order":1,"comment_status":"closed","ping_status":"closed","template":"","meta":{"_acf_changed":false,"_uag_custom_page_level_css":"","footnotes":""},"class_list":["post-6469","page","type-page","status-publish","hentry"],"acf":[],"yoast_head":"<!-- This site is optimized with the Yoast SEO plugin v27.3 - https:\/\/yoast.com\/product\/yoast-seo-wordpress\/ -->\n<title>Kliinikumi arendusfond - Teadus-ja arendusteenistus<\/title>\n<meta name=\"robots\" content=\"index, follow, max-snippet:-1, max-image-preview:large, max-video-preview:-1\" \/>\n<link rel=\"canonical\" href=\"https:\/\/www.kliinikum.ee\/teadusarendus\/arendusprojektid\/arendusfond\/\" \/>\n<meta property=\"og:locale\" content=\"et_EE\" \/>\n<meta property=\"og:type\" content=\"article\" \/>\n<meta property=\"og:title\" content=\"Kliinikumi arendusfond - Teadus-ja arendusteenistus\" \/>\n<meta property=\"og:url\" content=\"https:\/\/www.kliinikum.ee\/teadusarendus\/arendusprojektid\/arendusfond\/\" \/>\n<meta property=\"og:site_name\" content=\"Teadus-ja arendusteenistus\" \/>\n<meta property=\"article:modified_time\" content=\"2026-01-07T12:45:33+00:00\" \/>\n<meta name=\"twitter:card\" content=\"summary_large_image\" \/>\n<script type=\"application\/ld+json\" class=\"yoast-schema-graph\">{\"@context\":\"https:\\\/\\\/schema.org\",\"@graph\":[{\"@type\":\"WebPage\",\"@id\":\"https:\\\/\\\/www.kliinikum.ee\\\/teadusarendus\\\/arendusprojektid\\\/arendusfond\\\/\",\"url\":\"https:\\\/\\\/www.kliinikum.ee\\\/teadusarendus\\\/arendusprojektid\\\/arendusfond\\\/\",\"name\":\"Kliinikumi arendusfond - Teadus-ja arendusteenistus\",\"isPartOf\":{\"@id\":\"https:\\\/\\\/www.kliinikum.ee\\\/teadusarendus\\\/#website\"},\"datePublished\":\"2023-08-17T12:21:31+00:00\",\"dateModified\":\"2026-01-07T12:45:33+00:00\",\"breadcrumb\":{\"@id\":\"https:\\\/\\\/www.kliinikum.ee\\\/teadusarendus\\\/arendusprojektid\\\/arendusfond\\\/#breadcrumb\"},\"inLanguage\":\"et\",\"potentialAction\":[{\"@type\":\"ReadAction\",\"target\":[\"https:\\\/\\\/www.kliinikum.ee\\\/teadusarendus\\\/arendusprojektid\\\/arendusfond\\\/\"]}]},{\"@type\":\"BreadcrumbList\",\"@id\":\"https:\\\/\\\/www.kliinikum.ee\\\/teadusarendus\\\/arendusprojektid\\\/arendusfond\\\/#breadcrumb\",\"itemListElement\":[{\"@type\":\"ListItem\",\"position\":1,\"name\":\"Home\",\"item\":\"https:\\\/\\\/www.kliinikum.ee\\\/teadusarendus\\\/\"},{\"@type\":\"ListItem\",\"position\":2,\"name\":\"Teadus-arendusprojektid\",\"item\":\"https:\\\/\\\/www.kliinikum.ee\\\/teadusarendus\\\/arendusprojektid\\\/\"},{\"@type\":\"ListItem\",\"position\":3,\"name\":\"Kliinikumi arendusfond\"}]},{\"@type\":\"WebSite\",\"@id\":\"https:\\\/\\\/www.kliinikum.ee\\\/teadusarendus\\\/#website\",\"url\":\"https:\\\/\\\/www.kliinikum.ee\\\/teadusarendus\\\/\",\"name\":\"Teadus-ja arendusteenistus\",\"description\":\"Hoolivus, Uuendusmeelsus, P\u00e4devus ja Usaldusv\u00e4\u00e4rsus\",\"potentialAction\":[{\"@type\":\"SearchAction\",\"target\":{\"@type\":\"EntryPoint\",\"urlTemplate\":\"https:\\\/\\\/www.kliinikum.ee\\\/teadusarendus\\\/?s={search_term_string}\"},\"query-input\":{\"@type\":\"PropertyValueSpecification\",\"valueRequired\":true,\"valueName\":\"search_term_string\"}}],\"inLanguage\":\"et\"}]}<\/script>\n<!-- \/ Yoast SEO plugin. -->","yoast_head_json":{"title":"Kliinikumi arendusfond - Teadus-ja arendusteenistus","robots":{"index":"index","follow":"follow","max-snippet":"max-snippet:-1","max-image-preview":"max-image-preview:large","max-video-preview":"max-video-preview:-1"},"canonical":"https:\/\/www.kliinikum.ee\/teadusarendus\/arendusprojektid\/arendusfond\/","og_locale":"et_EE","og_type":"article","og_title":"Kliinikumi arendusfond - Teadus-ja arendusteenistus","og_url":"https:\/\/www.kliinikum.ee\/teadusarendus\/arendusprojektid\/arendusfond\/","og_site_name":"Teadus-ja arendusteenistus","article_modified_time":"2026-01-07T12:45:33+00:00","twitter_card":"summary_large_image","schema":{"@context":"https:\/\/schema.org","@graph":[{"@type":"WebPage","@id":"https:\/\/www.kliinikum.ee\/teadusarendus\/arendusprojektid\/arendusfond\/","url":"https:\/\/www.kliinikum.ee\/teadusarendus\/arendusprojektid\/arendusfond\/","name":"Kliinikumi arendusfond - Teadus-ja arendusteenistus","isPartOf":{"@id":"https:\/\/www.kliinikum.ee\/teadusarendus\/#website"},"datePublished":"2023-08-17T12:21:31+00:00","dateModified":"2026-01-07T12:45:33+00:00","breadcrumb":{"@id":"https:\/\/www.kliinikum.ee\/teadusarendus\/arendusprojektid\/arendusfond\/#breadcrumb"},"inLanguage":"et","potentialAction":[{"@type":"ReadAction","target":["https:\/\/www.kliinikum.ee\/teadusarendus\/arendusprojektid\/arendusfond\/"]}]},{"@type":"BreadcrumbList","@id":"https:\/\/www.kliinikum.ee\/teadusarendus\/arendusprojektid\/arendusfond\/#breadcrumb","itemListElement":[{"@type":"ListItem","position":1,"name":"Home","item":"https:\/\/www.kliinikum.ee\/teadusarendus\/"},{"@type":"ListItem","position":2,"name":"Teadus-arendusprojektid","item":"https:\/\/www.kliinikum.ee\/teadusarendus\/arendusprojektid\/"},{"@type":"ListItem","position":3,"name":"Kliinikumi arendusfond"}]},{"@type":"WebSite","@id":"https:\/\/www.kliinikum.ee\/teadusarendus\/#website","url":"https:\/\/www.kliinikum.ee\/teadusarendus\/","name":"Teadus-ja arendusteenistus","description":"Hoolivus, Uuendusmeelsus, P\u00e4devus ja Usaldusv\u00e4\u00e4rsus","potentialAction":[{"@type":"SearchAction","target":{"@type":"EntryPoint","urlTemplate":"https:\/\/www.kliinikum.ee\/teadusarendus\/?s={search_term_string}"},"query-input":{"@type":"PropertyValueSpecification","valueRequired":true,"valueName":"search_term_string"}}],"inLanguage":"et"}]}},"uagb_featured_image_src":{"full":false,"thumbnail":false,"medium":false,"medium_large":false,"large":false,"1536x1536":false,"2048x2048":false},"uagb_author_info":{"display_name":"Jane Freimann","author_link":"https:\/\/www.kliinikum.ee\/teadusarendus\/author\/janef\/"},"uagb_comment_info":0,"uagb_excerpt":null,"_links":{"self":[{"href":"https:\/\/www.kliinikum.ee\/teadusarendus\/wp-json\/wp\/v2\/pages\/6469","targetHints":{"allow":["GET"]}}],"collection":[{"href":"https:\/\/www.kliinikum.ee\/teadusarendus\/wp-json\/wp\/v2\/pages"}],"about":[{"href":"https:\/\/www.kliinikum.ee\/teadusarendus\/wp-json\/wp\/v2\/types\/page"}],"author":[{"embeddable":true,"href":"https:\/\/www.kliinikum.ee\/teadusarendus\/wp-json\/wp\/v2\/users\/35"}],"replies":[{"embeddable":true,"href":"https:\/\/www.kliinikum.ee\/teadusarendus\/wp-json\/wp\/v2\/comments?post=6469"}],"version-history":[{"count":0,"href":"https:\/\/www.kliinikum.ee\/teadusarendus\/wp-json\/wp\/v2\/pages\/6469\/revisions"}],"up":[{"embeddable":true,"href":"https:\/\/www.kliinikum.ee\/teadusarendus\/wp-json\/wp\/v2\/pages\/5877"}],"wp:attachment":[{"href":"https:\/\/www.kliinikum.ee\/teadusarendus\/wp-json\/wp\/v2\/media?parent=6469"}],"curies":[{"name":"wp","href":"https:\/\/api.w.org\/{rel}","templated":true}]}}