{"id":6471,"date":"2023-08-17T14:22:48","date_gmt":"2023-08-17T12:22:48","guid":{"rendered":"https:\/\/www.kliinikum.ee\/teadusarendus\/?page_id=6471"},"modified":"2026-01-14T10:48:39","modified_gmt":"2026-01-14T08:48:39","slug":"tervisekassa","status":"publish","type":"page","link":"https:\/\/www.kliinikum.ee\/teadusarendus\/arendusprojektid\/tervisekassa\/","title":{"rendered":"Tervisekassa innovatsioonifondi projektid"},"content":{"rendered":"\n<p>S\u00fcdamehaigete taastusravi kaugteenusmudel ja <a href=\"https:\/\/www.kliinikum.ee\/teadusarendus\/arendusprojektid\/tervisekassa\/healthcare-transformation-academy\/\">Healthcare Transformation Academy<\/a><\/p>\n\n\n\n<p>Psoriaasi patsiendi terviklik j\u00e4lgimine raviteekonnal ja haiguse \u00e4genemiste ennetamine<\/p>\n\n\n\n<p><a href=\"https:\/\/tervisekassa.ee\/inimesele\/haiguste-ennetus\/aaa-soeluuringu-pilootprojekt\">AAA s\u00f5eluuringu pilootprojekt<\/a><\/p>\n\n\n\n<p><\/p>\n\n\n\n<div class=\"wp-block-uagb-container uagb-block-fafe0ddf alignfull uagb-is-root-container\"><div class=\"uagb-container-inner-blocks-wrap\"><div class=\"wp-block-image\">\n<figure class=\"aligncenter size-full\"><img loading=\"lazy\" decoding=\"async\" width=\"209\" height=\"36\" src=\"https:\/\/www.kliinikum.ee\/teadusarendus\/wp-content\/uploads\/2023\/10\/TervisekassaLogoBlacksmall.jpg\" alt=\"\" class=\"wp-image-6589\"\/><\/figure>\n<\/div><\/div><\/div>\n","protected":false},"excerpt":{"rendered":"<p>S\u00fcdamehaigete taastusravi kaugteenusmudel ja Healthcare Transformation Academy Psoriaasi patsiendi terviklik j\u00e4lgimine raviteekonnal ja haiguse \u00e4genemiste ennetamine AAA s\u00f5eluuringu pilootprojekt<\/p>\n","protected":false},"author":35,"featured_media":0,"parent":5877,"menu_order":2,"comment_status":"closed","ping_status":"closed","template":"","meta":{"_acf_changed":false,"_uag_custom_page_level_css":"","footnotes":""},"class_list":["post-6471","page","type-page","status-publish","hentry"],"acf":[],"yoast_head":"<!-- This site is optimized with the Yoast SEO plugin v27.3 - https:\/\/yoast.com\/product\/yoast-seo-wordpress\/ -->\n<title>Tervisekassa innovatsioonifondi projektid - Teadus-ja arendusteenistus<\/title>\n<meta name=\"robots\" content=\"index, follow, max-snippet:-1, max-image-preview:large, max-video-preview:-1\" \/>\n<link rel=\"canonical\" href=\"https:\/\/www.kliinikum.ee\/teadusarendus\/arendusprojektid\/tervisekassa\/\" \/>\n<meta property=\"og:locale\" content=\"et_EE\" \/>\n<meta property=\"og:type\" content=\"article\" \/>\n<meta property=\"og:title\" content=\"Tervisekassa innovatsioonifondi projektid - Teadus-ja arendusteenistus\" \/>\n<meta property=\"og:description\" content=\"S\u00fcdamehaigete taastusravi kaugteenusmudel ja Healthcare Transformation Academy Psoriaasi patsiendi terviklik j\u00e4lgimine raviteekonnal ja haiguse \u00e4genemiste ennetamine AAA s\u00f5eluuringu pilootprojekt\" \/>\n<meta property=\"og:url\" content=\"https:\/\/www.kliinikum.ee\/teadusarendus\/arendusprojektid\/tervisekassa\/\" \/>\n<meta property=\"og:site_name\" content=\"Teadus-ja arendusteenistus\" \/>\n<meta property=\"article:modified_time\" content=\"2026-01-14T08:48:39+00:00\" \/>\n<meta property=\"og:image\" content=\"https:\/\/www.kliinikum.ee\/teadusarendus\/wp-content\/uploads\/2023\/10\/TervisekassaLogoBlacksmall.jpg\" \/>\n\t<meta property=\"og:image:width\" content=\"209\" \/>\n\t<meta property=\"og:image:height\" content=\"36\" \/>\n\t<meta property=\"og:image:type\" content=\"image\/jpeg\" \/>\n<meta name=\"twitter:card\" content=\"summary_large_image\" \/>\n<meta name=\"twitter:label1\" content=\"Est. reading time\" \/>\n\t<meta name=\"twitter:data1\" content=\"1 minut\" \/>\n<script type=\"application\/ld+json\" class=\"yoast-schema-graph\">{\"@context\":\"https:\\\/\\\/schema.org\",\"@graph\":[{\"@type\":\"WebPage\",\"@id\":\"https:\\\/\\\/www.kliinikum.ee\\\/teadusarendus\\\/arendusprojektid\\\/tervisekassa\\\/\",\"url\":\"https:\\\/\\\/www.kliinikum.ee\\\/teadusarendus\\\/arendusprojektid\\\/tervisekassa\\\/\",\"name\":\"Tervisekassa innovatsioonifondi projektid - Teadus-ja arendusteenistus\",\"isPartOf\":{\"@id\":\"https:\\\/\\\/www.kliinikum.ee\\\/teadusarendus\\\/#website\"},\"primaryImageOfPage\":{\"@id\":\"https:\\\/\\\/www.kliinikum.ee\\\/teadusarendus\\\/arendusprojektid\\\/tervisekassa\\\/#primaryimage\"},\"image\":{\"@id\":\"https:\\\/\\\/www.kliinikum.ee\\\/teadusarendus\\\/arendusprojektid\\\/tervisekassa\\\/#primaryimage\"},\"thumbnailUrl\":\"https:\\\/\\\/www.kliinikum.ee\\\/teadusarendus\\\/wp-content\\\/uploads\\\/2023\\\/10\\\/TervisekassaLogoBlacksmall.jpg\",\"datePublished\":\"2023-08-17T12:22:48+00:00\",\"dateModified\":\"2026-01-14T08:48:39+00:00\",\"breadcrumb\":{\"@id\":\"https:\\\/\\\/www.kliinikum.ee\\\/teadusarendus\\\/arendusprojektid\\\/tervisekassa\\\/#breadcrumb\"},\"inLanguage\":\"et\",\"potentialAction\":[{\"@type\":\"ReadAction\",\"target\":[\"https:\\\/\\\/www.kliinikum.ee\\\/teadusarendus\\\/arendusprojektid\\\/tervisekassa\\\/\"]}]},{\"@type\":\"ImageObject\",\"inLanguage\":\"et\",\"@id\":\"https:\\\/\\\/www.kliinikum.ee\\\/teadusarendus\\\/arendusprojektid\\\/tervisekassa\\\/#primaryimage\",\"url\":\"https:\\\/\\\/www.kliinikum.ee\\\/teadusarendus\\\/wp-content\\\/uploads\\\/2023\\\/10\\\/TervisekassaLogoBlacksmall.jpg\",\"contentUrl\":\"https:\\\/\\\/www.kliinikum.ee\\\/teadusarendus\\\/wp-content\\\/uploads\\\/2023\\\/10\\\/TervisekassaLogoBlacksmall.jpg\",\"width\":209,\"height\":36},{\"@type\":\"BreadcrumbList\",\"@id\":\"https:\\\/\\\/www.kliinikum.ee\\\/teadusarendus\\\/arendusprojektid\\\/tervisekassa\\\/#breadcrumb\",\"itemListElement\":[{\"@type\":\"ListItem\",\"position\":1,\"name\":\"Home\",\"item\":\"https:\\\/\\\/www.kliinikum.ee\\\/teadusarendus\\\/\"},{\"@type\":\"ListItem\",\"position\":2,\"name\":\"Teadus-arendusprojektid\",\"item\":\"https:\\\/\\\/www.kliinikum.ee\\\/teadusarendus\\\/arendusprojektid\\\/\"},{\"@type\":\"ListItem\",\"position\":3,\"name\":\"Tervisekassa innovatsioonifondi projektid\"}]},{\"@type\":\"WebSite\",\"@id\":\"https:\\\/\\\/www.kliinikum.ee\\\/teadusarendus\\\/#website\",\"url\":\"https:\\\/\\\/www.kliinikum.ee\\\/teadusarendus\\\/\",\"name\":\"Teadus-ja arendusteenistus\",\"description\":\"Hoolivus, Uuendusmeelsus, P\u00e4devus ja Usaldusv\u00e4\u00e4rsus\",\"potentialAction\":[{\"@type\":\"SearchAction\",\"target\":{\"@type\":\"EntryPoint\",\"urlTemplate\":\"https:\\\/\\\/www.kliinikum.ee\\\/teadusarendus\\\/?s={search_term_string}\"},\"query-input\":{\"@type\":\"PropertyValueSpecification\",\"valueRequired\":true,\"valueName\":\"search_term_string\"}}],\"inLanguage\":\"et\"}]}<\/script>\n<!-- \/ Yoast SEO plugin. -->","yoast_head_json":{"title":"Tervisekassa innovatsioonifondi projektid - Teadus-ja arendusteenistus","robots":{"index":"index","follow":"follow","max-snippet":"max-snippet:-1","max-image-preview":"max-image-preview:large","max-video-preview":"max-video-preview:-1"},"canonical":"https:\/\/www.kliinikum.ee\/teadusarendus\/arendusprojektid\/tervisekassa\/","og_locale":"et_EE","og_type":"article","og_title":"Tervisekassa innovatsioonifondi projektid - Teadus-ja arendusteenistus","og_description":"S\u00fcdamehaigete taastusravi kaugteenusmudel ja Healthcare Transformation Academy Psoriaasi patsiendi terviklik j\u00e4lgimine raviteekonnal ja haiguse \u00e4genemiste ennetamine AAA s\u00f5eluuringu pilootprojekt","og_url":"https:\/\/www.kliinikum.ee\/teadusarendus\/arendusprojektid\/tervisekassa\/","og_site_name":"Teadus-ja arendusteenistus","article_modified_time":"2026-01-14T08:48:39+00:00","og_image":[{"width":209,"height":36,"url":"https:\/\/www.kliinikum.ee\/teadusarendus\/wp-content\/uploads\/2023\/10\/TervisekassaLogoBlacksmall.jpg","type":"image\/jpeg"}],"twitter_card":"summary_large_image","twitter_misc":{"Est. reading time":"1 minut"},"schema":{"@context":"https:\/\/schema.org","@graph":[{"@type":"WebPage","@id":"https:\/\/www.kliinikum.ee\/teadusarendus\/arendusprojektid\/tervisekassa\/","url":"https:\/\/www.kliinikum.ee\/teadusarendus\/arendusprojektid\/tervisekassa\/","name":"Tervisekassa innovatsioonifondi projektid - Teadus-ja arendusteenistus","isPartOf":{"@id":"https:\/\/www.kliinikum.ee\/teadusarendus\/#website"},"primaryImageOfPage":{"@id":"https:\/\/www.kliinikum.ee\/teadusarendus\/arendusprojektid\/tervisekassa\/#primaryimage"},"image":{"@id":"https:\/\/www.kliinikum.ee\/teadusarendus\/arendusprojektid\/tervisekassa\/#primaryimage"},"thumbnailUrl":"https:\/\/www.kliinikum.ee\/teadusarendus\/wp-content\/uploads\/2023\/10\/TervisekassaLogoBlacksmall.jpg","datePublished":"2023-08-17T12:22:48+00:00","dateModified":"2026-01-14T08:48:39+00:00","breadcrumb":{"@id":"https:\/\/www.kliinikum.ee\/teadusarendus\/arendusprojektid\/tervisekassa\/#breadcrumb"},"inLanguage":"et","potentialAction":[{"@type":"ReadAction","target":["https:\/\/www.kliinikum.ee\/teadusarendus\/arendusprojektid\/tervisekassa\/"]}]},{"@type":"ImageObject","inLanguage":"et","@id":"https:\/\/www.kliinikum.ee\/teadusarendus\/arendusprojektid\/tervisekassa\/#primaryimage","url":"https:\/\/www.kliinikum.ee\/teadusarendus\/wp-content\/uploads\/2023\/10\/TervisekassaLogoBlacksmall.jpg","contentUrl":"https:\/\/www.kliinikum.ee\/teadusarendus\/wp-content\/uploads\/2023\/10\/TervisekassaLogoBlacksmall.jpg","width":209,"height":36},{"@type":"BreadcrumbList","@id":"https:\/\/www.kliinikum.ee\/teadusarendus\/arendusprojektid\/tervisekassa\/#breadcrumb","itemListElement":[{"@type":"ListItem","position":1,"name":"Home","item":"https:\/\/www.kliinikum.ee\/teadusarendus\/"},{"@type":"ListItem","position":2,"name":"Teadus-arendusprojektid","item":"https:\/\/www.kliinikum.ee\/teadusarendus\/arendusprojektid\/"},{"@type":"ListItem","position":3,"name":"Tervisekassa innovatsioonifondi projektid"}]},{"@type":"WebSite","@id":"https:\/\/www.kliinikum.ee\/teadusarendus\/#website","url":"https:\/\/www.kliinikum.ee\/teadusarendus\/","name":"Teadus-ja arendusteenistus","description":"Hoolivus, Uuendusmeelsus, P\u00e4devus ja Usaldusv\u00e4\u00e4rsus","potentialAction":[{"@type":"SearchAction","target":{"@type":"EntryPoint","urlTemplate":"https:\/\/www.kliinikum.ee\/teadusarendus\/?s={search_term_string}"},"query-input":{"@type":"PropertyValueSpecification","valueRequired":true,"valueName":"search_term_string"}}],"inLanguage":"et"}]}},"uagb_featured_image_src":{"full":false,"thumbnail":false,"medium":false,"medium_large":false,"large":false,"1536x1536":false,"2048x2048":false},"uagb_author_info":{"display_name":"Jane Freimann","author_link":"https:\/\/www.kliinikum.ee\/teadusarendus\/author\/janef\/"},"uagb_comment_info":0,"uagb_excerpt":"S\u00fcdamehaigete taastusravi kaugteenusmudel ja Healthcare Transformation Academy Psoriaasi patsiendi terviklik j\u00e4lgimine raviteekonnal ja haiguse \u00e4genemiste ennetamine AAA s\u00f5eluuringu pilootprojekt","_links":{"self":[{"href":"https:\/\/www.kliinikum.ee\/teadusarendus\/wp-json\/wp\/v2\/pages\/6471","targetHints":{"allow":["GET"]}}],"collection":[{"href":"https:\/\/www.kliinikum.ee\/teadusarendus\/wp-json\/wp\/v2\/pages"}],"about":[{"href":"https:\/\/www.kliinikum.ee\/teadusarendus\/wp-json\/wp\/v2\/types\/page"}],"author":[{"embeddable":true,"href":"https:\/\/www.kliinikum.ee\/teadusarendus\/wp-json\/wp\/v2\/users\/35"}],"replies":[{"embeddable":true,"href":"https:\/\/www.kliinikum.ee\/teadusarendus\/wp-json\/wp\/v2\/comments?post=6471"}],"version-history":[{"count":0,"href":"https:\/\/www.kliinikum.ee\/teadusarendus\/wp-json\/wp\/v2\/pages\/6471\/revisions"}],"up":[{"embeddable":true,"href":"https:\/\/www.kliinikum.ee\/teadusarendus\/wp-json\/wp\/v2\/pages\/5877"}],"wp:attachment":[{"href":"https:\/\/www.kliinikum.ee\/teadusarendus\/wp-json\/wp\/v2\/media?parent=6471"}],"curies":[{"name":"wp","href":"https:\/\/api.w.org\/{rel}","templated":true}]}}