{"id":7108,"date":"2026-01-16T12:20:57","date_gmt":"2026-01-16T10:20:57","guid":{"rendered":"https:\/\/www.kliinikum.ee\/teadusarendus\/?page_id=7108"},"modified":"2026-01-16T13:12:04","modified_gmt":"2026-01-16T11:12:04","slug":"aaa-soeluuringu-pilootprojekt","status":"publish","type":"page","link":"https:\/\/www.kliinikum.ee\/teadusarendus\/arendusprojektid\/tervisekassa\/aaa-soeluuringu-pilootprojekt\/","title":{"rendered":"AAA s\u00f5eluuringu pilootprojekt"},"content":{"rendered":"\n<p><\/p>\n\n\n\n<p><strong>Projekti kestus<\/strong>: 01.01.2025-31.12.2026<\/p>\n\n\n\n<p><strong>Rahastaja<\/strong>: Tervisekassa (65%) ja Tartu \u00dclikooli Kliinikum (35% omaosalus)<\/p>\n\n\n\n<p><strong>Projektipartnerid<\/strong>: T\u00dcK, PERH ja Tartu \u00dclikool<\/p>\n\n\n\n<p><strong>Eesm\u00e4rk<\/strong>: Pilootprojekti eesm\u00e4rgiks on saada \u00fclevaade AAA levimusest, uuringus osalemise m\u00e4\u00e4rast ning s\u00f5eluuringu teostatavusest Eestis k\u00e4ivitamaks \u00fcleriigilist k\u00f5huaordi aneur\u00fcsmi s\u00f5eluuringut.<\/p>\n\n\n\n<p><strong>Tegevused<\/strong>: Pilootprojekti k\u00e4igus hinnatakse k\u00f5huaordi aneur\u00fcsmi s\u00f5eluuringu teostatavust Eestis laiemalt, kaasates orienteeruvalt 10% potentsiaalsetest s\u00f5eluuritavatest. Uuringu keskusteks on Tartu \u00dclikooli Kliinikum (T\u00dcK) ja P\u00f5hja-Eesti Regionaalhaigla (PERH). Projekti raames l\u00e4biviidav teostatavusuuring toimus koost\u00f6\u00f6s Tartu \u00dclikooliga l\u00e4bi.<\/p>\n\n\n\n<p><strong>Kontakt<\/strong>: Projekti kliinikumi-poolne koordinaator Gertu S\u00f5erunurk,&nbsp;<a href=\"mailto:gertu.soerunurk@kliinikum.ee\">gertu.soerunurk@kliinikum.ee<\/a><\/p>\n\n\n\n<p><strong>Lisainfo<\/strong>:&nbsp;<a href=\"https:\/\/tervisekassa.ee\/inimesele\/haiguste-ennetus\/aaa-soeluuringu-pilootprojekt\">https:\/\/tervisekassa.ee\/inimesele\/haiguste-ennetus\/aaa-soeluuringu-pilootprojekt<\/a><\/p>\n\n\n\n<p><\/p>\n","protected":false},"excerpt":{"rendered":"<p>Projekti kestus: 01.01.2025-31.12.2026 Rahastaja: Tervisekassa (65%) ja Tartu \u00dclikooli Kliinikum (35% omaosalus) Projektipartnerid: T\u00dcK, PERH ja Tartu \u00dclikool Eesm\u00e4rk: Pilootprojekti eesm\u00e4rgiks on saada \u00fclevaade AAA levimusest, uuringus osalemise m\u00e4\u00e4rast ning s\u00f5eluuringu teostatavusest Eestis k\u00e4ivitamaks \u00fcleriigilist k\u00f5huaordi aneur\u00fcsmi s\u00f5eluuringut. Tegevused: Pilootprojekti k\u00e4igus hinnatakse k\u00f5huaordi aneur\u00fcsmi s\u00f5eluuringu teostatavust Eestis laiemalt, kaasates orienteeruvalt 10% potentsiaalsetest s\u00f5eluuritavatest. Uuringu keskusteks [&hellip;]<\/p>\n","protected":false},"author":37,"featured_media":0,"parent":6471,"menu_order":0,"comment_status":"closed","ping_status":"closed","template":"","meta":{"_acf_changed":false,"_uag_custom_page_level_css":"","footnotes":""},"class_list":["post-7108","page","type-page","status-publish","hentry"],"acf":[],"yoast_head":"<!-- This site is optimized with the Yoast SEO plugin v27.3 - https:\/\/yoast.com\/product\/yoast-seo-wordpress\/ -->\n<title>AAA s\u00f5eluuringu pilootprojekt - Teadus-ja arendusteenistus<\/title>\n<meta name=\"robots\" content=\"index, follow, max-snippet:-1, max-image-preview:large, max-video-preview:-1\" \/>\n<link rel=\"canonical\" href=\"https:\/\/www.kliinikum.ee\/teadusarendus\/arendusprojektid\/tervisekassa\/aaa-soeluuringu-pilootprojekt\/\" \/>\n<meta property=\"og:locale\" content=\"et_EE\" \/>\n<meta property=\"og:type\" content=\"article\" \/>\n<meta property=\"og:title\" content=\"AAA s\u00f5eluuringu pilootprojekt - Teadus-ja arendusteenistus\" \/>\n<meta property=\"og:description\" content=\"Projekti kestus: 01.01.2025-31.12.2026 Rahastaja: Tervisekassa (65%) ja Tartu \u00dclikooli Kliinikum (35% omaosalus) Projektipartnerid: T\u00dcK, PERH ja Tartu \u00dclikool Eesm\u00e4rk: Pilootprojekti eesm\u00e4rgiks on saada \u00fclevaade AAA levimusest, uuringus osalemise m\u00e4\u00e4rast ning s\u00f5eluuringu teostatavusest Eestis k\u00e4ivitamaks \u00fcleriigilist k\u00f5huaordi aneur\u00fcsmi s\u00f5eluuringut. Tegevused: Pilootprojekti k\u00e4igus hinnatakse k\u00f5huaordi aneur\u00fcsmi s\u00f5eluuringu teostatavust Eestis laiemalt, kaasates orienteeruvalt 10% potentsiaalsetest s\u00f5eluuritavatest. Uuringu keskusteks [&hellip;]\" \/>\n<meta property=\"og:url\" content=\"https:\/\/www.kliinikum.ee\/teadusarendus\/arendusprojektid\/tervisekassa\/aaa-soeluuringu-pilootprojekt\/\" \/>\n<meta property=\"og:site_name\" content=\"Teadus-ja arendusteenistus\" \/>\n<meta property=\"article:modified_time\" content=\"2026-01-16T11:12:04+00:00\" \/>\n<meta name=\"twitter:card\" content=\"summary_large_image\" \/>\n<meta name=\"twitter:label1\" content=\"Est. reading time\" \/>\n\t<meta name=\"twitter:data1\" content=\"1 minut\" \/>\n<script type=\"application\/ld+json\" class=\"yoast-schema-graph\">{\"@context\":\"https:\\\/\\\/schema.org\",\"@graph\":[{\"@type\":\"WebPage\",\"@id\":\"https:\\\/\\\/www.kliinikum.ee\\\/teadusarendus\\\/arendusprojektid\\\/tervisekassa\\\/aaa-soeluuringu-pilootprojekt\\\/\",\"url\":\"https:\\\/\\\/www.kliinikum.ee\\\/teadusarendus\\\/arendusprojektid\\\/tervisekassa\\\/aaa-soeluuringu-pilootprojekt\\\/\",\"name\":\"AAA s\u00f5eluuringu pilootprojekt - Teadus-ja arendusteenistus\",\"isPartOf\":{\"@id\":\"https:\\\/\\\/www.kliinikum.ee\\\/teadusarendus\\\/#website\"},\"datePublished\":\"2026-01-16T10:20:57+00:00\",\"dateModified\":\"2026-01-16T11:12:04+00:00\",\"breadcrumb\":{\"@id\":\"https:\\\/\\\/www.kliinikum.ee\\\/teadusarendus\\\/arendusprojektid\\\/tervisekassa\\\/aaa-soeluuringu-pilootprojekt\\\/#breadcrumb\"},\"inLanguage\":\"et\",\"potentialAction\":[{\"@type\":\"ReadAction\",\"target\":[\"https:\\\/\\\/www.kliinikum.ee\\\/teadusarendus\\\/arendusprojektid\\\/tervisekassa\\\/aaa-soeluuringu-pilootprojekt\\\/\"]}]},{\"@type\":\"BreadcrumbList\",\"@id\":\"https:\\\/\\\/www.kliinikum.ee\\\/teadusarendus\\\/arendusprojektid\\\/tervisekassa\\\/aaa-soeluuringu-pilootprojekt\\\/#breadcrumb\",\"itemListElement\":[{\"@type\":\"ListItem\",\"position\":1,\"name\":\"Home\",\"item\":\"https:\\\/\\\/www.kliinikum.ee\\\/teadusarendus\\\/\"},{\"@type\":\"ListItem\",\"position\":2,\"name\":\"Teadus-arendusprojektid\",\"item\":\"https:\\\/\\\/www.kliinikum.ee\\\/teadusarendus\\\/arendusprojektid\\\/\"},{\"@type\":\"ListItem\",\"position\":3,\"name\":\"Tervisekassa innovatsioonifondi projektid\",\"item\":\"https:\\\/\\\/www.kliinikum.ee\\\/teadusarendus\\\/arendusprojektid\\\/tervisekassa\\\/\"},{\"@type\":\"ListItem\",\"position\":4,\"name\":\"AAA s\u00f5eluuringu pilootprojekt\"}]},{\"@type\":\"WebSite\",\"@id\":\"https:\\\/\\\/www.kliinikum.ee\\\/teadusarendus\\\/#website\",\"url\":\"https:\\\/\\\/www.kliinikum.ee\\\/teadusarendus\\\/\",\"name\":\"Teadus-ja arendusteenistus\",\"description\":\"Hoolivus, Uuendusmeelsus, P\u00e4devus ja Usaldusv\u00e4\u00e4rsus\",\"potentialAction\":[{\"@type\":\"SearchAction\",\"target\":{\"@type\":\"EntryPoint\",\"urlTemplate\":\"https:\\\/\\\/www.kliinikum.ee\\\/teadusarendus\\\/?s={search_term_string}\"},\"query-input\":{\"@type\":\"PropertyValueSpecification\",\"valueRequired\":true,\"valueName\":\"search_term_string\"}}],\"inLanguage\":\"et\"}]}<\/script>\n<!-- \/ Yoast SEO plugin. -->","yoast_head_json":{"title":"AAA s\u00f5eluuringu pilootprojekt - Teadus-ja arendusteenistus","robots":{"index":"index","follow":"follow","max-snippet":"max-snippet:-1","max-image-preview":"max-image-preview:large","max-video-preview":"max-video-preview:-1"},"canonical":"https:\/\/www.kliinikum.ee\/teadusarendus\/arendusprojektid\/tervisekassa\/aaa-soeluuringu-pilootprojekt\/","og_locale":"et_EE","og_type":"article","og_title":"AAA s\u00f5eluuringu pilootprojekt - Teadus-ja arendusteenistus","og_description":"Projekti kestus: 01.01.2025-31.12.2026 Rahastaja: Tervisekassa (65%) ja Tartu \u00dclikooli Kliinikum (35% omaosalus) Projektipartnerid: T\u00dcK, PERH ja Tartu \u00dclikool Eesm\u00e4rk: Pilootprojekti eesm\u00e4rgiks on saada \u00fclevaade AAA levimusest, uuringus osalemise m\u00e4\u00e4rast ning s\u00f5eluuringu teostatavusest Eestis k\u00e4ivitamaks \u00fcleriigilist k\u00f5huaordi aneur\u00fcsmi s\u00f5eluuringut. Tegevused: Pilootprojekti k\u00e4igus hinnatakse k\u00f5huaordi aneur\u00fcsmi s\u00f5eluuringu teostatavust Eestis laiemalt, kaasates orienteeruvalt 10% potentsiaalsetest s\u00f5eluuritavatest. Uuringu keskusteks [&hellip;]","og_url":"https:\/\/www.kliinikum.ee\/teadusarendus\/arendusprojektid\/tervisekassa\/aaa-soeluuringu-pilootprojekt\/","og_site_name":"Teadus-ja arendusteenistus","article_modified_time":"2026-01-16T11:12:04+00:00","twitter_card":"summary_large_image","twitter_misc":{"Est. reading time":"1 minut"},"schema":{"@context":"https:\/\/schema.org","@graph":[{"@type":"WebPage","@id":"https:\/\/www.kliinikum.ee\/teadusarendus\/arendusprojektid\/tervisekassa\/aaa-soeluuringu-pilootprojekt\/","url":"https:\/\/www.kliinikum.ee\/teadusarendus\/arendusprojektid\/tervisekassa\/aaa-soeluuringu-pilootprojekt\/","name":"AAA s\u00f5eluuringu pilootprojekt - Teadus-ja arendusteenistus","isPartOf":{"@id":"https:\/\/www.kliinikum.ee\/teadusarendus\/#website"},"datePublished":"2026-01-16T10:20:57+00:00","dateModified":"2026-01-16T11:12:04+00:00","breadcrumb":{"@id":"https:\/\/www.kliinikum.ee\/teadusarendus\/arendusprojektid\/tervisekassa\/aaa-soeluuringu-pilootprojekt\/#breadcrumb"},"inLanguage":"et","potentialAction":[{"@type":"ReadAction","target":["https:\/\/www.kliinikum.ee\/teadusarendus\/arendusprojektid\/tervisekassa\/aaa-soeluuringu-pilootprojekt\/"]}]},{"@type":"BreadcrumbList","@id":"https:\/\/www.kliinikum.ee\/teadusarendus\/arendusprojektid\/tervisekassa\/aaa-soeluuringu-pilootprojekt\/#breadcrumb","itemListElement":[{"@type":"ListItem","position":1,"name":"Home","item":"https:\/\/www.kliinikum.ee\/teadusarendus\/"},{"@type":"ListItem","position":2,"name":"Teadus-arendusprojektid","item":"https:\/\/www.kliinikum.ee\/teadusarendus\/arendusprojektid\/"},{"@type":"ListItem","position":3,"name":"Tervisekassa innovatsioonifondi projektid","item":"https:\/\/www.kliinikum.ee\/teadusarendus\/arendusprojektid\/tervisekassa\/"},{"@type":"ListItem","position":4,"name":"AAA s\u00f5eluuringu pilootprojekt"}]},{"@type":"WebSite","@id":"https:\/\/www.kliinikum.ee\/teadusarendus\/#website","url":"https:\/\/www.kliinikum.ee\/teadusarendus\/","name":"Teadus-ja arendusteenistus","description":"Hoolivus, Uuendusmeelsus, P\u00e4devus ja Usaldusv\u00e4\u00e4rsus","potentialAction":[{"@type":"SearchAction","target":{"@type":"EntryPoint","urlTemplate":"https:\/\/www.kliinikum.ee\/teadusarendus\/?s={search_term_string}"},"query-input":{"@type":"PropertyValueSpecification","valueRequired":true,"valueName":"search_term_string"}}],"inLanguage":"et"}]}},"uagb_featured_image_src":{"full":false,"thumbnail":false,"medium":false,"medium_large":false,"large":false,"1536x1536":false,"2048x2048":false},"uagb_author_info":{"display_name":"Evelin Lehtoja","author_link":"https:\/\/www.kliinikum.ee\/teadusarendus\/author\/evelinle\/"},"uagb_comment_info":0,"uagb_excerpt":"Projekti kestus: 01.01.2025-31.12.2026 Rahastaja: Tervisekassa (65%) ja Tartu \u00dclikooli Kliinikum (35% omaosalus) Projektipartnerid: T\u00dcK, PERH ja Tartu \u00dclikool Eesm\u00e4rk: Pilootprojekti eesm\u00e4rgiks on saada \u00fclevaade AAA levimusest, uuringus osalemise m\u00e4\u00e4rast ning s\u00f5eluuringu teostatavusest Eestis k\u00e4ivitamaks \u00fcleriigilist k\u00f5huaordi aneur\u00fcsmi s\u00f5eluuringut. Tegevused: Pilootprojekti k\u00e4igus hinnatakse k\u00f5huaordi aneur\u00fcsmi s\u00f5eluuringu teostatavust Eestis laiemalt, kaasates orienteeruvalt 10% potentsiaalsetest s\u00f5eluuritavatest. Uuringu keskusteks&hellip;","_links":{"self":[{"href":"https:\/\/www.kliinikum.ee\/teadusarendus\/wp-json\/wp\/v2\/pages\/7108","targetHints":{"allow":["GET"]}}],"collection":[{"href":"https:\/\/www.kliinikum.ee\/teadusarendus\/wp-json\/wp\/v2\/pages"}],"about":[{"href":"https:\/\/www.kliinikum.ee\/teadusarendus\/wp-json\/wp\/v2\/types\/page"}],"author":[{"embeddable":true,"href":"https:\/\/www.kliinikum.ee\/teadusarendus\/wp-json\/wp\/v2\/users\/37"}],"replies":[{"embeddable":true,"href":"https:\/\/www.kliinikum.ee\/teadusarendus\/wp-json\/wp\/v2\/comments?post=7108"}],"version-history":[{"count":0,"href":"https:\/\/www.kliinikum.ee\/teadusarendus\/wp-json\/wp\/v2\/pages\/7108\/revisions"}],"up":[{"embeddable":true,"href":"https:\/\/www.kliinikum.ee\/teadusarendus\/wp-json\/wp\/v2\/pages\/6471"}],"wp:attachment":[{"href":"https:\/\/www.kliinikum.ee\/teadusarendus\/wp-json\/wp\/v2\/media?parent=7108"}],"curies":[{"name":"wp","href":"https:\/\/api.w.org\/{rel}","templated":true}]}}