{"id":9,"date":"2022-11-14T09:23:53","date_gmt":"2022-11-14T09:23:53","guid":{"rendered":"http:\/\/localhost\/?page_id=9"},"modified":"2023-04-25T08:25:08","modified_gmt":"2023-04-25T06:25:08","slug":"avaleht","status":"publish","type":"page","link":"https:\/\/www.kliinikum.ee\/teadusarendus\/","title":{"rendered":"Avaleht"},"content":{"rendered":"\n<div class=\"wp-block-uagb-container uagb-block-abbce60d alignfull uagb-is-root-container\"><div class=\"uagb-container-inner-blocks-wrap\">\n<p>Kliinikumi missioon \u2013 <strong>\u00abTeadus patsiendi teenistuses\u00bb<\/strong><\/p>\n\n\n\n<p>\u00dclikoolihaigla erisuseks on ravit\u00f6\u00f6 tihe s\u00fcnergia \u00f5ppe- ja teadust\u00f6\u00f6ga.<\/p>\n\n\n\n<p><strong>Teadus-arendusteenistus<\/strong> toetab l\u00e4bi oma tegevuste k\u00f5rgetasemelist ja tulevikku vaatavat teadus-, arendus- ja innovatsioonitegevust.<\/p>\n\n\n\n<p><strong><a href=\"https:\/\/www.kliinikum.ee\/teadusarendus\/kliiniliste-uuringute-keskus\/\">Kliiniliste uuringute keskus <\/a>on Tartu \u00dclikooli Kliinikumi ning Tartu \u00dclikooli paralleel\u00fcksus, mis <\/strong>koondab endas teadusuuringute l\u00e4biviimiseks vajalikud kompetentsid ning tugistruktuuri,<strong> luues uurijatele toetava keskkonna teadusuuringutes osalemiseks. Oleme avatud laiap\u00f5hjaliseks koost\u00f6\u00f6ks nii eesti siseselt kui ka rahvusvaheliselt tagamaks meie partneritele parima v\u00f5imaliku n\u00f5ustamise, teadusideede kiirendi kui sisulise praktilise toe teadusprojektide l\u00e4biviimisel.<\/strong><\/p>\n\n\n\n<p><strong>Meditsiiniinfo keskus<\/strong><strong>e p\u00f5hitegevuseks on meditsiinipersonali toetamine ravi-, \u00f5ppe- ja teadust\u00f6\u00f6s. Keskuse infospetsialistid kasutavad erinevaid meditsiini- ja tervishoiualaseid andmebaase, et teha teaduskirjanduse otsinguid &nbsp;ning &nbsp;korraldavad v\u00e4lja\u00f5pet andmebaasidega t\u00f6\u00f6tamiseks.<\/strong><strong><\/strong><\/p>\n\n\n\n<p><strong>Innovatsiooni ja digitervise osakond <\/strong>tagab laiap\u00f5hjaliste ravit\u00f6\u00f6d toetavate infotehnoloogiliste lahenduste arendamise ning juurutamise praktikasse.<\/p>\n<\/div><\/div>\n","protected":false},"excerpt":{"rendered":"<p>Kliinikumi missioon \u2013 \u00abTeadus patsiendi teenistuses\u00bb \u00dclikoolihaigla erisuseks on ravit\u00f6\u00f6 tihe s\u00fcnergia \u00f5ppe- ja teadust\u00f6\u00f6ga. Teadus-arendusteenistus toetab l\u00e4bi oma tegevuste k\u00f5rgetasemelist ja tulevikku vaatavat teadus-, arendus- ja innovatsioonitegevust. Kliiniliste uuringute keskus on Tartu \u00dclikooli Kliinikumi ning Tartu \u00dclikooli paralleel\u00fcksus, mis koondab endas teadusuuringute l\u00e4biviimiseks vajalikud kompetentsid ning tugistruktuuri, luues uurijatele toetava keskkonna teadusuuringutes osalemiseks. Oleme [&hellip;]<\/p>\n","protected":false},"author":34,"featured_media":0,"parent":0,"menu_order":0,"comment_status":"closed","ping_status":"closed","template":"","meta":{"_acf_changed":false,"_uag_custom_page_level_css":"","footnotes":""},"class_list":["post-9","page","type-page","status-publish","hentry"],"acf":[],"yoast_head":"<!-- This site is optimized with the Yoast SEO plugin v27.5 - https:\/\/yoast.com\/product\/yoast-seo-wordpress\/ -->\n<title>Avaleht - Teadus-ja arendusteenistus<\/title>\n<meta name=\"robots\" content=\"index, follow, max-snippet:-1, max-image-preview:large, max-video-preview:-1\" \/>\n<link rel=\"canonical\" href=\"https:\/\/www.kliinikum.ee\/teadusarendus\/\" \/>\n<meta property=\"og:locale\" content=\"et_EE\" \/>\n<meta property=\"og:type\" content=\"article\" \/>\n<meta property=\"og:title\" content=\"Avaleht - Teadus-ja arendusteenistus\" \/>\n<meta property=\"og:description\" content=\"Kliinikumi missioon \u2013 \u00abTeadus patsiendi teenistuses\u00bb \u00dclikoolihaigla erisuseks on ravit\u00f6\u00f6 tihe s\u00fcnergia \u00f5ppe- ja teadust\u00f6\u00f6ga. Teadus-arendusteenistus toetab l\u00e4bi oma tegevuste k\u00f5rgetasemelist ja tulevikku vaatavat teadus-, arendus- ja innovatsioonitegevust. Kliiniliste uuringute keskus on Tartu \u00dclikooli Kliinikumi ning Tartu \u00dclikooli paralleel\u00fcksus, mis koondab endas teadusuuringute l\u00e4biviimiseks vajalikud kompetentsid ning tugistruktuuri, luues uurijatele toetava keskkonna teadusuuringutes osalemiseks. Oleme [&hellip;]\" \/>\n<meta property=\"og:url\" content=\"https:\/\/www.kliinikum.ee\/teadusarendus\/\" \/>\n<meta property=\"og:site_name\" content=\"Teadus-ja arendusteenistus\" \/>\n<meta property=\"article:modified_time\" content=\"2023-04-25T06:25:08+00:00\" \/>\n<meta name=\"twitter:card\" content=\"summary_large_image\" \/>\n<meta name=\"twitter:label1\" content=\"Est. reading time\" \/>\n\t<meta name=\"twitter:data1\" content=\"1 minut\" \/>\n<script type=\"application\/ld+json\" class=\"yoast-schema-graph\">{\"@context\":\"https:\\\/\\\/schema.org\",\"@graph\":[{\"@type\":\"WebPage\",\"@id\":\"https:\\\/\\\/www.kliinikum.ee\\\/teadusarendus\\\/\",\"url\":\"https:\\\/\\\/www.kliinikum.ee\\\/teadusarendus\\\/\",\"name\":\"Avaleht - Teadus-ja arendusteenistus\",\"isPartOf\":{\"@id\":\"https:\\\/\\\/www.kliinikum.ee\\\/teadusarendus\\\/#website\"},\"datePublished\":\"2022-11-14T09:23:53+00:00\",\"dateModified\":\"2023-04-25T06:25:08+00:00\",\"breadcrumb\":{\"@id\":\"https:\\\/\\\/www.kliinikum.ee\\\/teadusarendus\\\/#breadcrumb\"},\"inLanguage\":\"et\",\"potentialAction\":[{\"@type\":\"ReadAction\",\"target\":[\"https:\\\/\\\/www.kliinikum.ee\\\/teadusarendus\\\/\"]}]},{\"@type\":\"BreadcrumbList\",\"@id\":\"https:\\\/\\\/www.kliinikum.ee\\\/teadusarendus\\\/#breadcrumb\",\"itemListElement\":[{\"@type\":\"ListItem\",\"position\":1,\"name\":\"Home\",\"item\":\"https:\\\/\\\/www.kliinikum.ee\\\/teadusarendus\\\/\"},{\"@type\":\"ListItem\",\"position\":2,\"name\":\"Avaleht\"}]},{\"@type\":\"WebSite\",\"@id\":\"https:\\\/\\\/www.kliinikum.ee\\\/teadusarendus\\\/#website\",\"url\":\"https:\\\/\\\/www.kliinikum.ee\\\/teadusarendus\\\/\",\"name\":\"Teadus-ja arendusteenistus\",\"description\":\"Hoolivus, Uuendusmeelsus, P\u00e4devus ja Usaldusv\u00e4\u00e4rsus\",\"potentialAction\":[{\"@type\":\"SearchAction\",\"target\":{\"@type\":\"EntryPoint\",\"urlTemplate\":\"https:\\\/\\\/www.kliinikum.ee\\\/teadusarendus\\\/?s={search_term_string}\"},\"query-input\":{\"@type\":\"PropertyValueSpecification\",\"valueRequired\":true,\"valueName\":\"search_term_string\"}}],\"inLanguage\":\"et\"}]}<\/script>\n<!-- \/ Yoast SEO plugin. -->","yoast_head_json":{"title":"Avaleht - Teadus-ja arendusteenistus","robots":{"index":"index","follow":"follow","max-snippet":"max-snippet:-1","max-image-preview":"max-image-preview:large","max-video-preview":"max-video-preview:-1"},"canonical":"https:\/\/www.kliinikum.ee\/teadusarendus\/","og_locale":"et_EE","og_type":"article","og_title":"Avaleht - Teadus-ja arendusteenistus","og_description":"Kliinikumi missioon \u2013 \u00abTeadus patsiendi teenistuses\u00bb \u00dclikoolihaigla erisuseks on ravit\u00f6\u00f6 tihe s\u00fcnergia \u00f5ppe- ja teadust\u00f6\u00f6ga. Teadus-arendusteenistus toetab l\u00e4bi oma tegevuste k\u00f5rgetasemelist ja tulevikku vaatavat teadus-, arendus- ja innovatsioonitegevust. Kliiniliste uuringute keskus on Tartu \u00dclikooli Kliinikumi ning Tartu \u00dclikooli paralleel\u00fcksus, mis koondab endas teadusuuringute l\u00e4biviimiseks vajalikud kompetentsid ning tugistruktuuri, luues uurijatele toetava keskkonna teadusuuringutes osalemiseks. Oleme [&hellip;]","og_url":"https:\/\/www.kliinikum.ee\/teadusarendus\/","og_site_name":"Teadus-ja arendusteenistus","article_modified_time":"2023-04-25T06:25:08+00:00","twitter_card":"summary_large_image","twitter_misc":{"Est. reading time":"1 minut"},"schema":{"@context":"https:\/\/schema.org","@graph":[{"@type":"WebPage","@id":"https:\/\/www.kliinikum.ee\/teadusarendus\/","url":"https:\/\/www.kliinikum.ee\/teadusarendus\/","name":"Avaleht - Teadus-ja arendusteenistus","isPartOf":{"@id":"https:\/\/www.kliinikum.ee\/teadusarendus\/#website"},"datePublished":"2022-11-14T09:23:53+00:00","dateModified":"2023-04-25T06:25:08+00:00","breadcrumb":{"@id":"https:\/\/www.kliinikum.ee\/teadusarendus\/#breadcrumb"},"inLanguage":"et","potentialAction":[{"@type":"ReadAction","target":["https:\/\/www.kliinikum.ee\/teadusarendus\/"]}]},{"@type":"BreadcrumbList","@id":"https:\/\/www.kliinikum.ee\/teadusarendus\/#breadcrumb","itemListElement":[{"@type":"ListItem","position":1,"name":"Home","item":"https:\/\/www.kliinikum.ee\/teadusarendus\/"},{"@type":"ListItem","position":2,"name":"Avaleht"}]},{"@type":"WebSite","@id":"https:\/\/www.kliinikum.ee\/teadusarendus\/#website","url":"https:\/\/www.kliinikum.ee\/teadusarendus\/","name":"Teadus-ja arendusteenistus","description":"Hoolivus, Uuendusmeelsus, P\u00e4devus ja Usaldusv\u00e4\u00e4rsus","potentialAction":[{"@type":"SearchAction","target":{"@type":"EntryPoint","urlTemplate":"https:\/\/www.kliinikum.ee\/teadusarendus\/?s={search_term_string}"},"query-input":{"@type":"PropertyValueSpecification","valueRequired":true,"valueName":"search_term_string"}}],"inLanguage":"et"}]}},"uagb_featured_image_src":{"full":false,"thumbnail":false,"medium":false,"medium_large":false,"large":false,"1536x1536":false,"2048x2048":false},"uagb_author_info":{"display_name":"erkky","author_link":"https:\/\/www.kliinikum.ee\/teadusarendus\/author\/erkky\/"},"uagb_comment_info":0,"uagb_excerpt":"Kliinikumi missioon \u2013 \u00abTeadus patsiendi teenistuses\u00bb \u00dclikoolihaigla erisuseks on ravit\u00f6\u00f6 tihe s\u00fcnergia \u00f5ppe- ja teadust\u00f6\u00f6ga. Teadus-arendusteenistus toetab l\u00e4bi oma tegevuste k\u00f5rgetasemelist ja tulevikku vaatavat teadus-, arendus- ja innovatsioonitegevust. Kliiniliste uuringute keskus on Tartu \u00dclikooli Kliinikumi ning Tartu \u00dclikooli paralleel\u00fcksus, mis koondab endas teadusuuringute l\u00e4biviimiseks vajalikud kompetentsid ning tugistruktuuri, luues uurijatele toetava keskkonna teadusuuringutes osalemiseks. Oleme&hellip;","_links":{"self":[{"href":"https:\/\/www.kliinikum.ee\/teadusarendus\/wp-json\/wp\/v2\/pages\/9","targetHints":{"allow":["GET"]}}],"collection":[{"href":"https:\/\/www.kliinikum.ee\/teadusarendus\/wp-json\/wp\/v2\/pages"}],"about":[{"href":"https:\/\/www.kliinikum.ee\/teadusarendus\/wp-json\/wp\/v2\/types\/page"}],"author":[{"embeddable":true,"href":"https:\/\/www.kliinikum.ee\/teadusarendus\/wp-json\/wp\/v2\/users\/34"}],"replies":[{"embeddable":true,"href":"https:\/\/www.kliinikum.ee\/teadusarendus\/wp-json\/wp\/v2\/comments?post=9"}],"version-history":[{"count":0,"href":"https:\/\/www.kliinikum.ee\/teadusarendus\/wp-json\/wp\/v2\/pages\/9\/revisions"}],"wp:attachment":[{"href":"https:\/\/www.kliinikum.ee\/teadusarendus\/wp-json\/wp\/v2\/media?parent=9"}],"curies":[{"name":"wp","href":"https:\/\/api.w.org\/{rel}","templated":true}]}}