{"id":5850,"date":"2023-06-09T12:00:21","date_gmt":"2023-06-09T10:00:21","guid":{"rendered":"https:\/\/www.kliinikum.ee\/tyvirakukeskus\/?page_id=5850"},"modified":"2023-10-04T10:03:43","modified_gmt":"2023-10-04T08:03:43","slug":"tuvirakkudest-ja-vereloomest","status":"publish","type":"page","link":"https:\/\/www.kliinikum.ee\/tyvirakukeskus\/tuvirakkudest-ja-vereloomest\/","title":{"rendered":"T\u00fcvirakud ja veri"},"content":{"rendered":"\n<p>T\u00fcvirakud on diferentseerumata v\u00f5i v\u00e4hediferentseerunud rakud, mis annavad jagunemisel kahte t\u00fc\u00fcpi t\u00fctarrakke. \u00dcks t\u00fctarrakk s\u00e4ilitab oma mittediferentseerunud omadused ja teine t\u00fctarrakk suundub edasisse diferentseerumisprotsessi. Seega iseloomustab t\u00fcvirakke iseenda taastootmisv\u00f5ime ja v\u00f5ime diferentseeruda organismi erinevat t\u00fc\u00fcpi l\u00f5plikult diferentseerunud rakkudeks.<\/p>\n\n\n\n<figure class=\"wp-block-image size-large\"><img loading=\"lazy\" decoding=\"async\" width=\"1024\" height=\"576\" src=\"https:\/\/www.kliinikum.ee\/tyvirakukeskus\/wp-content\/uploads\/2023\/10\/Tuvirakk_2-1024x576.jpg\" alt=\"\" class=\"wp-image-6221\" srcset=\"https:\/\/www.kliinikum.ee\/tyvirakukeskus\/wp-content\/uploads\/2023\/10\/Tuvirakk_2-1024x576.jpg 1024w, https:\/\/www.kliinikum.ee\/tyvirakukeskus\/wp-content\/uploads\/2023\/10\/Tuvirakk_2-300x169.jpg 300w, https:\/\/www.kliinikum.ee\/tyvirakukeskus\/wp-content\/uploads\/2023\/10\/Tuvirakk_2-768x432.jpg 768w, https:\/\/www.kliinikum.ee\/tyvirakukeskus\/wp-content\/uploads\/2023\/10\/Tuvirakk_2.jpg 1280w\" sizes=\"auto, (max-width: 1024px) 100vw, 1024px\" \/><\/figure>\n\n\n\n<p>T\u00fcvirakkude jagunemisel eristatakse as\u00fcmmeetrilist jagunemist, kus \u00fchest t\u00fcvirakust tekib \u00fcks uus t\u00fcvirakk ja teine t\u00fctarrakk siirdub diferentrseerumise teele ja as\u00fcmmeetrilist jagunemist, kus t\u00fcviraku jagunemisel tekivad kas ainult uued t\u00fcvirakud v\u00f5i siirduvad m\u00f5lemad t\u00fctarrakud diferentseerumise teele.<\/p>\n\n\n\n<figure class=\"wp-block-image size-large\"><img loading=\"lazy\" decoding=\"async\" width=\"1024\" height=\"576\" src=\"https:\/\/www.kliinikum.ee\/tyvirakukeskus\/wp-content\/uploads\/2023\/10\/Tuviraku-jagunemine-1024x576.jpg\" alt=\"\" class=\"wp-image-6209\" srcset=\"https:\/\/www.kliinikum.ee\/tyvirakukeskus\/wp-content\/uploads\/2023\/10\/Tuviraku-jagunemine-1024x576.jpg 1024w, https:\/\/www.kliinikum.ee\/tyvirakukeskus\/wp-content\/uploads\/2023\/10\/Tuviraku-jagunemine-300x169.jpg 300w, https:\/\/www.kliinikum.ee\/tyvirakukeskus\/wp-content\/uploads\/2023\/10\/Tuviraku-jagunemine-768x432.jpg 768w, https:\/\/www.kliinikum.ee\/tyvirakukeskus\/wp-content\/uploads\/2023\/10\/Tuviraku-jagunemine.jpg 1280w\" sizes=\"auto, (max-width: 1024px) 100vw, 1024px\" \/><\/figure>\n\n\n\n<p>Eristatakse embr\u00fconaalseid ja t\u00e4iskasvanu t\u00fcvirakke, mis erinevad \u00fcksteisest arengupotentsiaali poolest. Arengupotentsiaali all m\u00f5eldakse potentsust ehk v\u00f5imet anda diferentseerumisel erinevaid rakut\u00fc\u00fcpe.<\/p>\n\n\n\n<p><strong>Totipotentsed<\/strong> t\u00fcvirakud on embr\u00fconaalsed t\u00fcvirakud, mis suudavad diferentseeruda k\u00f5igiks organismi rakut\u00fc\u00fcpideks ja ka platsenta rakkudeks. Totipotentsed t\u00fcvirakud on viljastunud munarakk ja sellest esimese paari jagunemisega tekkinud neli kuni kaheksa rakku.<\/p>\n\n\n\n<p><strong>Pluripotentsed<\/strong> t\u00fcvirakud on embr\u00fconaalsed t\u00fcvirakud, mis on v\u00f5imelised diferentseeruma k\u00f5ikideks organismi rakut\u00fc\u00fcpideks, kuid mitte platsenta rakkudeks. Inimese embr\u00fco arengu k\u00e4igus toimub esimene rakkude diferentseerumine embr\u00fco arengu neljandal- viiendal p\u00e4eval, embr\u00fco koosneb siis 50- 150 rakust. Selles arengustaadiumis v\u00e4lised rakud moodustavad trofoektodermi, millest edaspidi areneb platsenta embr\u00fcopoolne osa. Embr\u00fco sisemistest rakkudest tekib nn. sisemine rakumass, mille rakkudest tekivad k\u00f5ik tulevase organismi ligikaudu 250 erinevat rakut\u00fc\u00fcpi.<\/p>\n\n\n\n<p><strong>Multipotentsed <\/strong>t\u00fcvirakud v\u00f5ivad olla nii embr\u00fcos, kui ka t\u00e4iskasvanud organismis ning need suudavad diferentseeruda vaid suhteliselt piiratud hulgaks erinevateks rakut\u00fc\u00fcpideks. Multipotentseks t\u00fcvirakuks on n\u00e4iteks mesenh\u00fcmaalne t\u00fcvirakk, mis v\u00f5ib diferentseeruda osteoblastideks (luurakud), m\u00fcots\u00fc\u00fctideks (lihase rakud), kondrots\u00fc\u00fctideks (k\u00f5hrerakud) ja adipots\u00fc\u00fctideks (rasvarakud). Ka vereloome t\u00fcvirakk on multipotentene- ta suudab diferentseeruda erinevat t\u00fc\u00fcpi vere rakkudeks, kuid ainult vere rakkudeks.<\/p>\n\n\n\n<p><strong>Oligopotentsed <\/strong>t\u00fcvirakud suudavad nagu multipotentsed t\u00fcvirakud diferentseeruda v\u00e4heseks hulgaks erinevateks rakkudeks, kuid nende potentsus on v\u00e4iksem kui multipotentsetel t\u00fcvirakkudel. Oligopotentse t\u00fcvirakk on n\u00e4iteks m\u00fceloidne eelasrakk, mis suudab diferentseeruda vaid teatud t\u00fc\u00fcpi vere rakkudeks.<\/p>\n\n\n\n<p><strong>Unipotentsed <\/strong>t\u00fcvirakud osalevad teatud kudedes vaid teatud rakut\u00fc\u00fcbi taastootmisel. Unipotentne on n\u00e4iteks lihase t\u00fcvirakk v\u00f5i spermatogoon, millest arenevad spermid.<\/p>\n\n\n\n<p>Vereloome t\u00fcvirakkude siirdamisel kasutatavad vereloome t\u00fcvirakud on v\u00f5imelised diferentseeruma vaid vere rakkudeks, kuid mitte n\u00e4rvirakkudeks, s\u00fcdamelihase rakkudeks v\u00f5i m\u00f5nda muud t\u00fc\u00fcpi rakkudeks.<\/p>\n","protected":false},"excerpt":{"rendered":"<p>T\u00fcvirakud on diferentseerumata v\u00f5i v\u00e4hediferentseerunud rakud, mis annavad jagunemisel kahte t\u00fc\u00fcpi t\u00fctarrakke. \u00dcks t\u00fctarrakk s\u00e4ilitab oma mittediferentseerunud omadused ja teine t\u00fctarrakk suundub edasisse diferentseerumisprotsessi. Seega iseloomustab t\u00fcvirakke iseenda taastootmisv\u00f5ime ja v\u00f5ime diferentseeruda organismi erinevat t\u00fc\u00fcpi l\u00f5plikult diferentseerunud rakkudeks. T\u00fcvirakkude jagunemisel eristatakse as\u00fcmmeetrilist jagunemist, kus \u00fchest t\u00fcvirakust tekib \u00fcks uus t\u00fcvirakk ja teine t\u00fctarrakk siirdub diferentrseerumise [&hellip;]<\/p>\n","protected":false},"author":34,"featured_media":0,"parent":0,"menu_order":2,"comment_status":"closed","ping_status":"closed","template":"","meta":{"_acf_changed":false,"_uag_custom_page_level_css":"","footnotes":""},"class_list":["post-5850","page","type-page","status-publish","hentry"],"acf":[],"yoast_head":"<!-- This site is optimized with the Yoast SEO plugin v27.5 - https:\/\/yoast.com\/product\/yoast-seo-wordpress\/ -->\n<title>T\u00fcvirakud ja veri - T\u00fcvirakukeskus<\/title>\n<meta name=\"robots\" content=\"index, follow, max-snippet:-1, max-image-preview:large, max-video-preview:-1\" \/>\n<link rel=\"canonical\" href=\"https:\/\/www.kliinikum.ee\/tyvirakukeskus\/tuvirakkudest-ja-vereloomest\/\" \/>\n<meta property=\"og:locale\" content=\"et_EE\" \/>\n<meta property=\"og:type\" content=\"article\" \/>\n<meta property=\"og:title\" content=\"T\u00fcvirakud ja veri - T\u00fcvirakukeskus\" \/>\n<meta property=\"og:description\" content=\"T\u00fcvirakud on diferentseerumata v\u00f5i v\u00e4hediferentseerunud rakud, mis annavad jagunemisel kahte t\u00fc\u00fcpi t\u00fctarrakke. \u00dcks t\u00fctarrakk s\u00e4ilitab oma mittediferentseerunud omadused ja teine t\u00fctarrakk suundub edasisse diferentseerumisprotsessi. Seega iseloomustab t\u00fcvirakke iseenda taastootmisv\u00f5ime ja v\u00f5ime diferentseeruda organismi erinevat t\u00fc\u00fcpi l\u00f5plikult diferentseerunud rakkudeks. T\u00fcvirakkude jagunemisel eristatakse as\u00fcmmeetrilist jagunemist, kus \u00fchest t\u00fcvirakust tekib \u00fcks uus t\u00fcvirakk ja teine t\u00fctarrakk siirdub diferentrseerumise [&hellip;]\" \/>\n<meta property=\"og:url\" content=\"https:\/\/www.kliinikum.ee\/tyvirakukeskus\/tuvirakkudest-ja-vereloomest\/\" \/>\n<meta property=\"og:site_name\" content=\"T\u00fcvirakukeskus\" \/>\n<meta property=\"article:modified_time\" content=\"2023-10-04T08:03:43+00:00\" \/>\n<meta property=\"og:image\" content=\"https:\/\/www.kliinikum.ee\/tyvirakukeskus\/wp-content\/uploads\/2023\/10\/Tuvirakk_2-1024x576.jpg\" \/>\n<meta name=\"twitter:card\" content=\"summary_large_image\" \/>\n<meta name=\"twitter:label1\" content=\"Est. reading time\" \/>\n\t<meta name=\"twitter:data1\" content=\"3 minutit\" \/>\n<script type=\"application\/ld+json\" class=\"yoast-schema-graph\">{\"@context\":\"https:\\\/\\\/schema.org\",\"@graph\":[{\"@type\":\"WebPage\",\"@id\":\"https:\\\/\\\/www.kliinikum.ee\\\/tyvirakukeskus\\\/tuvirakkudest-ja-vereloomest\\\/\",\"url\":\"https:\\\/\\\/www.kliinikum.ee\\\/tyvirakukeskus\\\/tuvirakkudest-ja-vereloomest\\\/\",\"name\":\"T\u00fcvirakud ja veri - T\u00fcvirakukeskus\",\"isPartOf\":{\"@id\":\"https:\\\/\\\/www.kliinikum.ee\\\/tyvirakukeskus\\\/#website\"},\"primaryImageOfPage\":{\"@id\":\"https:\\\/\\\/www.kliinikum.ee\\\/tyvirakukeskus\\\/tuvirakkudest-ja-vereloomest\\\/#primaryimage\"},\"image\":{\"@id\":\"https:\\\/\\\/www.kliinikum.ee\\\/tyvirakukeskus\\\/tuvirakkudest-ja-vereloomest\\\/#primaryimage\"},\"thumbnailUrl\":\"https:\\\/\\\/www.kliinikum.ee\\\/tyvirakukeskus\\\/wp-content\\\/uploads\\\/2023\\\/10\\\/Tuvirakk_2-1024x576.jpg\",\"datePublished\":\"2023-06-09T10:00:21+00:00\",\"dateModified\":\"2023-10-04T08:03:43+00:00\",\"breadcrumb\":{\"@id\":\"https:\\\/\\\/www.kliinikum.ee\\\/tyvirakukeskus\\\/tuvirakkudest-ja-vereloomest\\\/#breadcrumb\"},\"inLanguage\":\"et\",\"potentialAction\":[{\"@type\":\"ReadAction\",\"target\":[\"https:\\\/\\\/www.kliinikum.ee\\\/tyvirakukeskus\\\/tuvirakkudest-ja-vereloomest\\\/\"]}]},{\"@type\":\"ImageObject\",\"inLanguage\":\"et\",\"@id\":\"https:\\\/\\\/www.kliinikum.ee\\\/tyvirakukeskus\\\/tuvirakkudest-ja-vereloomest\\\/#primaryimage\",\"url\":\"https:\\\/\\\/www.kliinikum.ee\\\/tyvirakukeskus\\\/wp-content\\\/uploads\\\/2023\\\/10\\\/Tuvirakk_2.jpg\",\"contentUrl\":\"https:\\\/\\\/www.kliinikum.ee\\\/tyvirakukeskus\\\/wp-content\\\/uploads\\\/2023\\\/10\\\/Tuvirakk_2.jpg\",\"width\":1280,\"height\":720},{\"@type\":\"BreadcrumbList\",\"@id\":\"https:\\\/\\\/www.kliinikum.ee\\\/tyvirakukeskus\\\/tuvirakkudest-ja-vereloomest\\\/#breadcrumb\",\"itemListElement\":[{\"@type\":\"ListItem\",\"position\":1,\"name\":\"Home\",\"item\":\"https:\\\/\\\/www.kliinikum.ee\\\/tyvirakukeskus\\\/\"},{\"@type\":\"ListItem\",\"position\":2,\"name\":\"T\u00fcvirakud ja veri\"}]},{\"@type\":\"WebSite\",\"@id\":\"https:\\\/\\\/www.kliinikum.ee\\\/tyvirakukeskus\\\/#website\",\"url\":\"https:\\\/\\\/www.kliinikum.ee\\\/tyvirakukeskus\\\/\",\"name\":\"T\u00fcvirakukeskus\",\"description\":\"Hoolivus, Uuendusmeelsus, P\u00e4devus ja Usaldusv\u00e4\u00e4rsus\",\"potentialAction\":[{\"@type\":\"SearchAction\",\"target\":{\"@type\":\"EntryPoint\",\"urlTemplate\":\"https:\\\/\\\/www.kliinikum.ee\\\/tyvirakukeskus\\\/?s={search_term_string}\"},\"query-input\":{\"@type\":\"PropertyValueSpecification\",\"valueRequired\":true,\"valueName\":\"search_term_string\"}}],\"inLanguage\":\"et\"}]}<\/script>\n<!-- \/ Yoast SEO plugin. -->","yoast_head_json":{"title":"T\u00fcvirakud ja veri - T\u00fcvirakukeskus","robots":{"index":"index","follow":"follow","max-snippet":"max-snippet:-1","max-image-preview":"max-image-preview:large","max-video-preview":"max-video-preview:-1"},"canonical":"https:\/\/www.kliinikum.ee\/tyvirakukeskus\/tuvirakkudest-ja-vereloomest\/","og_locale":"et_EE","og_type":"article","og_title":"T\u00fcvirakud ja veri - T\u00fcvirakukeskus","og_description":"T\u00fcvirakud on diferentseerumata v\u00f5i v\u00e4hediferentseerunud rakud, mis annavad jagunemisel kahte t\u00fc\u00fcpi t\u00fctarrakke. \u00dcks t\u00fctarrakk s\u00e4ilitab oma mittediferentseerunud omadused ja teine t\u00fctarrakk suundub edasisse diferentseerumisprotsessi. Seega iseloomustab t\u00fcvirakke iseenda taastootmisv\u00f5ime ja v\u00f5ime diferentseeruda organismi erinevat t\u00fc\u00fcpi l\u00f5plikult diferentseerunud rakkudeks. T\u00fcvirakkude jagunemisel eristatakse as\u00fcmmeetrilist jagunemist, kus \u00fchest t\u00fcvirakust tekib \u00fcks uus t\u00fcvirakk ja teine t\u00fctarrakk siirdub diferentrseerumise [&hellip;]","og_url":"https:\/\/www.kliinikum.ee\/tyvirakukeskus\/tuvirakkudest-ja-vereloomest\/","og_site_name":"T\u00fcvirakukeskus","article_modified_time":"2023-10-04T08:03:43+00:00","og_image":[{"url":"https:\/\/www.kliinikum.ee\/tyvirakukeskus\/wp-content\/uploads\/2023\/10\/Tuvirakk_2-1024x576.jpg","type":"","width":"","height":""}],"twitter_card":"summary_large_image","twitter_misc":{"Est. reading time":"3 minutit"},"schema":{"@context":"https:\/\/schema.org","@graph":[{"@type":"WebPage","@id":"https:\/\/www.kliinikum.ee\/tyvirakukeskus\/tuvirakkudest-ja-vereloomest\/","url":"https:\/\/www.kliinikum.ee\/tyvirakukeskus\/tuvirakkudest-ja-vereloomest\/","name":"T\u00fcvirakud ja veri - T\u00fcvirakukeskus","isPartOf":{"@id":"https:\/\/www.kliinikum.ee\/tyvirakukeskus\/#website"},"primaryImageOfPage":{"@id":"https:\/\/www.kliinikum.ee\/tyvirakukeskus\/tuvirakkudest-ja-vereloomest\/#primaryimage"},"image":{"@id":"https:\/\/www.kliinikum.ee\/tyvirakukeskus\/tuvirakkudest-ja-vereloomest\/#primaryimage"},"thumbnailUrl":"https:\/\/www.kliinikum.ee\/tyvirakukeskus\/wp-content\/uploads\/2023\/10\/Tuvirakk_2-1024x576.jpg","datePublished":"2023-06-09T10:00:21+00:00","dateModified":"2023-10-04T08:03:43+00:00","breadcrumb":{"@id":"https:\/\/www.kliinikum.ee\/tyvirakukeskus\/tuvirakkudest-ja-vereloomest\/#breadcrumb"},"inLanguage":"et","potentialAction":[{"@type":"ReadAction","target":["https:\/\/www.kliinikum.ee\/tyvirakukeskus\/tuvirakkudest-ja-vereloomest\/"]}]},{"@type":"ImageObject","inLanguage":"et","@id":"https:\/\/www.kliinikum.ee\/tyvirakukeskus\/tuvirakkudest-ja-vereloomest\/#primaryimage","url":"https:\/\/www.kliinikum.ee\/tyvirakukeskus\/wp-content\/uploads\/2023\/10\/Tuvirakk_2.jpg","contentUrl":"https:\/\/www.kliinikum.ee\/tyvirakukeskus\/wp-content\/uploads\/2023\/10\/Tuvirakk_2.jpg","width":1280,"height":720},{"@type":"BreadcrumbList","@id":"https:\/\/www.kliinikum.ee\/tyvirakukeskus\/tuvirakkudest-ja-vereloomest\/#breadcrumb","itemListElement":[{"@type":"ListItem","position":1,"name":"Home","item":"https:\/\/www.kliinikum.ee\/tyvirakukeskus\/"},{"@type":"ListItem","position":2,"name":"T\u00fcvirakud ja veri"}]},{"@type":"WebSite","@id":"https:\/\/www.kliinikum.ee\/tyvirakukeskus\/#website","url":"https:\/\/www.kliinikum.ee\/tyvirakukeskus\/","name":"T\u00fcvirakukeskus","description":"Hoolivus, Uuendusmeelsus, P\u00e4devus ja Usaldusv\u00e4\u00e4rsus","potentialAction":[{"@type":"SearchAction","target":{"@type":"EntryPoint","urlTemplate":"https:\/\/www.kliinikum.ee\/tyvirakukeskus\/?s={search_term_string}"},"query-input":{"@type":"PropertyValueSpecification","valueRequired":true,"valueName":"search_term_string"}}],"inLanguage":"et"}]}},"uagb_featured_image_src":{"full":false,"thumbnail":false,"medium":false,"medium_large":false,"large":false,"1536x1536":false,"2048x2048":false},"uagb_author_info":{"display_name":"Jane Freimann","author_link":"https:\/\/www.kliinikum.ee\/tyvirakukeskus\/author\/janef\/"},"uagb_comment_info":0,"uagb_excerpt":"T\u00fcvirakud on diferentseerumata v\u00f5i v\u00e4hediferentseerunud rakud, mis annavad jagunemisel kahte t\u00fc\u00fcpi t\u00fctarrakke. \u00dcks t\u00fctarrakk s\u00e4ilitab oma mittediferentseerunud omadused ja teine t\u00fctarrakk suundub edasisse diferentseerumisprotsessi. Seega iseloomustab t\u00fcvirakke iseenda taastootmisv\u00f5ime ja v\u00f5ime diferentseeruda organismi erinevat t\u00fc\u00fcpi l\u00f5plikult diferentseerunud rakkudeks. T\u00fcvirakkude jagunemisel eristatakse as\u00fcmmeetrilist jagunemist, kus \u00fchest t\u00fcvirakust tekib \u00fcks uus t\u00fcvirakk ja teine t\u00fctarrakk siirdub diferentrseerumise&hellip;","_links":{"self":[{"href":"https:\/\/www.kliinikum.ee\/tyvirakukeskus\/wp-json\/wp\/v2\/pages\/5850","targetHints":{"allow":["GET"]}}],"collection":[{"href":"https:\/\/www.kliinikum.ee\/tyvirakukeskus\/wp-json\/wp\/v2\/pages"}],"about":[{"href":"https:\/\/www.kliinikum.ee\/tyvirakukeskus\/wp-json\/wp\/v2\/types\/page"}],"author":[{"embeddable":true,"href":"https:\/\/www.kliinikum.ee\/tyvirakukeskus\/wp-json\/wp\/v2\/users\/34"}],"replies":[{"embeddable":true,"href":"https:\/\/www.kliinikum.ee\/tyvirakukeskus\/wp-json\/wp\/v2\/comments?post=5850"}],"version-history":[{"count":0,"href":"https:\/\/www.kliinikum.ee\/tyvirakukeskus\/wp-json\/wp\/v2\/pages\/5850\/revisions"}],"wp:attachment":[{"href":"https:\/\/www.kliinikum.ee\/tyvirakukeskus\/wp-json\/wp\/v2\/media?parent=5850"}],"curies":[{"name":"wp","href":"https:\/\/api.w.org\/{rel}","templated":true}]}}