{"id":5856,"date":"2023-06-09T12:01:45","date_gmt":"2023-06-09T10:01:45","guid":{"rendered":"https:\/\/www.kliinikum.ee\/tyvirakukeskus\/?page_id=5856"},"modified":"2023-06-29T19:55:54","modified_gmt":"2023-06-29T17:55:54","slug":"vereloome-tuvirakkude-annetus","status":"publish","type":"page","link":"https:\/\/www.kliinikum.ee\/tyvirakukeskus\/vereloome-tuvirakkude-annetus\/","title":{"rendered":"T\u00fcvirakkude kogumine"},"content":{"rendered":"\n<p>Vereloome t\u00fcvirakud v\u00f5ivad olla kas autoloogsed v\u00f5i allogeensed. Esimesel juhul kasutatakse siirdamiseks patsiendi enda t\u00fcvirakke, teisel juhul aga doonorilt p\u00e4rinevaid t\u00fcvirakke. M\u00f5ningate haiguste puhul, n\u00e4iteks l\u00fcmfoomid v\u00f5i hulgim\u00fceloom, on v\u00f5imalik siirdamiseks kasutada patsiendi enda t\u00fcvirakke; teiste haiguste puhul nagu \u00e4gedad leukeemiad kasutatakse enamasti doonorilt p\u00e4rinevaid t\u00fcvirakke. Allogeensete t\u00fcvirakkude puhul eristatakse s\u00f5ltuvalt doonori ja retsipiendi vahelise sugulussuhte ja koesobivusantigeenide omavahelise sobivuse alusel HLA identset sugulasdoonorit, HLA- sobivat registridoonorit ja haploidentset doonorit.<\/p>\n\n\n\n<p>Nii autoloogsete kui allogeensete vereloome t\u00fcvirakkude saamiseks &nbsp;on kaks v\u00f5imalust:<\/p>\n\n\n\n<ul class=\"wp-block-list\">\n<li>aspireerides otse luu\u00fcdist<\/li>\n\n\n\n<li>tsirkuleerivast perifeersest verest kasutades rakuseparaatorit<\/li>\n<\/ul>\n\n\n\n<figure class=\"wp-block-image size-full\"><img loading=\"lazy\" decoding=\"async\" width=\"602\" height=\"277\" src=\"https:\/\/www.kliinikum.ee\/tyvirakukeskus\/wp-content\/uploads\/2023\/06\/Vereloome-tuvirakkude-kogumine.jpg\" alt=\"\" class=\"wp-image-6150\" srcset=\"https:\/\/www.kliinikum.ee\/tyvirakukeskus\/wp-content\/uploads\/2023\/06\/Vereloome-tuvirakkude-kogumine.jpg 602w, https:\/\/www.kliinikum.ee\/tyvirakukeskus\/wp-content\/uploads\/2023\/06\/Vereloome-tuvirakkude-kogumine-300x138.jpg 300w\" sizes=\"auto, (max-width: 602px) 100vw, 602px\" \/><\/figure>\n\n\n\n<p>Kolmandaks v\u00f5imaluseks vereloome t\u00fcvirakke saada on koguda neid platsentaar- ja nabav\u00e4\u00e4diverest.<\/p>\n\n\n\n<p>Kogumisel saadud vereloome t\u00fcvirakuprodukt ei sisalda ainult vereloome t\u00fcvirakke, vaid ta on segu erinevatest rakkudest, mille hulgas on ka vereloome t\u00fcvirakke.<\/p>\n","protected":false},"excerpt":{"rendered":"<p>Vereloome t\u00fcvirakud v\u00f5ivad olla kas autoloogsed v\u00f5i allogeensed. Esimesel juhul kasutatakse siirdamiseks patsiendi enda t\u00fcvirakke, teisel juhul aga doonorilt p\u00e4rinevaid t\u00fcvirakke. M\u00f5ningate haiguste puhul, n\u00e4iteks l\u00fcmfoomid v\u00f5i hulgim\u00fceloom, on v\u00f5imalik siirdamiseks kasutada patsiendi enda t\u00fcvirakke; teiste haiguste puhul nagu \u00e4gedad leukeemiad kasutatakse enamasti doonorilt p\u00e4rinevaid t\u00fcvirakke. Allogeensete t\u00fcvirakkude puhul eristatakse s\u00f5ltuvalt doonori ja retsipiendi vahelise [&hellip;]<\/p>\n","protected":false},"author":34,"featured_media":0,"parent":0,"menu_order":4,"comment_status":"closed","ping_status":"closed","template":"","meta":{"_acf_changed":false,"_uag_custom_page_level_css":"","footnotes":""},"class_list":["post-5856","page","type-page","status-publish","hentry"],"acf":[],"yoast_head":"<!-- This site is optimized with the Yoast SEO plugin v27.3 - https:\/\/yoast.com\/product\/yoast-seo-wordpress\/ -->\n<title>T\u00fcvirakkude kogumine - T\u00fcvirakukeskus<\/title>\n<meta name=\"robots\" content=\"index, follow, max-snippet:-1, max-image-preview:large, max-video-preview:-1\" \/>\n<link rel=\"canonical\" href=\"https:\/\/www.kliinikum.ee\/tyvirakukeskus\/vereloome-tuvirakkude-annetus\/\" \/>\n<meta property=\"og:locale\" content=\"et_EE\" \/>\n<meta property=\"og:type\" content=\"article\" \/>\n<meta property=\"og:title\" content=\"T\u00fcvirakkude kogumine - T\u00fcvirakukeskus\" \/>\n<meta property=\"og:description\" content=\"Vereloome t\u00fcvirakud v\u00f5ivad olla kas autoloogsed v\u00f5i allogeensed. Esimesel juhul kasutatakse siirdamiseks patsiendi enda t\u00fcvirakke, teisel juhul aga doonorilt p\u00e4rinevaid t\u00fcvirakke. M\u00f5ningate haiguste puhul, n\u00e4iteks l\u00fcmfoomid v\u00f5i hulgim\u00fceloom, on v\u00f5imalik siirdamiseks kasutada patsiendi enda t\u00fcvirakke; teiste haiguste puhul nagu \u00e4gedad leukeemiad kasutatakse enamasti doonorilt p\u00e4rinevaid t\u00fcvirakke. Allogeensete t\u00fcvirakkude puhul eristatakse s\u00f5ltuvalt doonori ja retsipiendi vahelise [&hellip;]\" \/>\n<meta property=\"og:url\" content=\"https:\/\/www.kliinikum.ee\/tyvirakukeskus\/vereloome-tuvirakkude-annetus\/\" \/>\n<meta property=\"og:site_name\" content=\"T\u00fcvirakukeskus\" \/>\n<meta property=\"article:modified_time\" content=\"2023-06-29T17:55:54+00:00\" \/>\n<meta property=\"og:image\" content=\"https:\/\/www.kliinikum.ee\/tyvirakukeskus\/wp-content\/uploads\/2023\/06\/Vereloome-tuvirakkude-kogumine.jpg\" \/>\n<meta name=\"twitter:card\" content=\"summary_large_image\" \/>\n<meta name=\"twitter:label1\" content=\"Est. reading time\" \/>\n\t<meta name=\"twitter:data1\" content=\"1 minut\" \/>\n<script type=\"application\/ld+json\" class=\"yoast-schema-graph\">{\"@context\":\"https:\\\/\\\/schema.org\",\"@graph\":[{\"@type\":\"WebPage\",\"@id\":\"https:\\\/\\\/www.kliinikum.ee\\\/tyvirakukeskus\\\/vereloome-tuvirakkude-annetus\\\/\",\"url\":\"https:\\\/\\\/www.kliinikum.ee\\\/tyvirakukeskus\\\/vereloome-tuvirakkude-annetus\\\/\",\"name\":\"T\u00fcvirakkude kogumine - T\u00fcvirakukeskus\",\"isPartOf\":{\"@id\":\"https:\\\/\\\/www.kliinikum.ee\\\/tyvirakukeskus\\\/#website\"},\"primaryImageOfPage\":{\"@id\":\"https:\\\/\\\/www.kliinikum.ee\\\/tyvirakukeskus\\\/vereloome-tuvirakkude-annetus\\\/#primaryimage\"},\"image\":{\"@id\":\"https:\\\/\\\/www.kliinikum.ee\\\/tyvirakukeskus\\\/vereloome-tuvirakkude-annetus\\\/#primaryimage\"},\"thumbnailUrl\":\"https:\\\/\\\/www.kliinikum.ee\\\/tyvirakukeskus\\\/wp-content\\\/uploads\\\/2023\\\/06\\\/Vereloome-tuvirakkude-kogumine.jpg\",\"datePublished\":\"2023-06-09T10:01:45+00:00\",\"dateModified\":\"2023-06-29T17:55:54+00:00\",\"breadcrumb\":{\"@id\":\"https:\\\/\\\/www.kliinikum.ee\\\/tyvirakukeskus\\\/vereloome-tuvirakkude-annetus\\\/#breadcrumb\"},\"inLanguage\":\"et\",\"potentialAction\":[{\"@type\":\"ReadAction\",\"target\":[\"https:\\\/\\\/www.kliinikum.ee\\\/tyvirakukeskus\\\/vereloome-tuvirakkude-annetus\\\/\"]}]},{\"@type\":\"ImageObject\",\"inLanguage\":\"et\",\"@id\":\"https:\\\/\\\/www.kliinikum.ee\\\/tyvirakukeskus\\\/vereloome-tuvirakkude-annetus\\\/#primaryimage\",\"url\":\"https:\\\/\\\/www.kliinikum.ee\\\/tyvirakukeskus\\\/wp-content\\\/uploads\\\/2023\\\/06\\\/Vereloome-tuvirakkude-kogumine.jpg\",\"contentUrl\":\"https:\\\/\\\/www.kliinikum.ee\\\/tyvirakukeskus\\\/wp-content\\\/uploads\\\/2023\\\/06\\\/Vereloome-tuvirakkude-kogumine.jpg\",\"width\":602,\"height\":277},{\"@type\":\"BreadcrumbList\",\"@id\":\"https:\\\/\\\/www.kliinikum.ee\\\/tyvirakukeskus\\\/vereloome-tuvirakkude-annetus\\\/#breadcrumb\",\"itemListElement\":[{\"@type\":\"ListItem\",\"position\":1,\"name\":\"Home\",\"item\":\"https:\\\/\\\/www.kliinikum.ee\\\/tyvirakukeskus\\\/\"},{\"@type\":\"ListItem\",\"position\":2,\"name\":\"T\u00fcvirakkude kogumine\"}]},{\"@type\":\"WebSite\",\"@id\":\"https:\\\/\\\/www.kliinikum.ee\\\/tyvirakukeskus\\\/#website\",\"url\":\"https:\\\/\\\/www.kliinikum.ee\\\/tyvirakukeskus\\\/\",\"name\":\"T\u00fcvirakukeskus\",\"description\":\"Hoolivus, Uuendusmeelsus, P\u00e4devus ja Usaldusv\u00e4\u00e4rsus\",\"potentialAction\":[{\"@type\":\"SearchAction\",\"target\":{\"@type\":\"EntryPoint\",\"urlTemplate\":\"https:\\\/\\\/www.kliinikum.ee\\\/tyvirakukeskus\\\/?s={search_term_string}\"},\"query-input\":{\"@type\":\"PropertyValueSpecification\",\"valueRequired\":true,\"valueName\":\"search_term_string\"}}],\"inLanguage\":\"et\"}]}<\/script>\n<!-- \/ Yoast SEO plugin. -->","yoast_head_json":{"title":"T\u00fcvirakkude kogumine - T\u00fcvirakukeskus","robots":{"index":"index","follow":"follow","max-snippet":"max-snippet:-1","max-image-preview":"max-image-preview:large","max-video-preview":"max-video-preview:-1"},"canonical":"https:\/\/www.kliinikum.ee\/tyvirakukeskus\/vereloome-tuvirakkude-annetus\/","og_locale":"et_EE","og_type":"article","og_title":"T\u00fcvirakkude kogumine - T\u00fcvirakukeskus","og_description":"Vereloome t\u00fcvirakud v\u00f5ivad olla kas autoloogsed v\u00f5i allogeensed. Esimesel juhul kasutatakse siirdamiseks patsiendi enda t\u00fcvirakke, teisel juhul aga doonorilt p\u00e4rinevaid t\u00fcvirakke. M\u00f5ningate haiguste puhul, n\u00e4iteks l\u00fcmfoomid v\u00f5i hulgim\u00fceloom, on v\u00f5imalik siirdamiseks kasutada patsiendi enda t\u00fcvirakke; teiste haiguste puhul nagu \u00e4gedad leukeemiad kasutatakse enamasti doonorilt p\u00e4rinevaid t\u00fcvirakke. Allogeensete t\u00fcvirakkude puhul eristatakse s\u00f5ltuvalt doonori ja retsipiendi vahelise [&hellip;]","og_url":"https:\/\/www.kliinikum.ee\/tyvirakukeskus\/vereloome-tuvirakkude-annetus\/","og_site_name":"T\u00fcvirakukeskus","article_modified_time":"2023-06-29T17:55:54+00:00","og_image":[{"url":"https:\/\/www.kliinikum.ee\/tyvirakukeskus\/wp-content\/uploads\/2023\/06\/Vereloome-tuvirakkude-kogumine.jpg","type":"","width":"","height":""}],"twitter_card":"summary_large_image","twitter_misc":{"Est. reading time":"1 minut"},"schema":{"@context":"https:\/\/schema.org","@graph":[{"@type":"WebPage","@id":"https:\/\/www.kliinikum.ee\/tyvirakukeskus\/vereloome-tuvirakkude-annetus\/","url":"https:\/\/www.kliinikum.ee\/tyvirakukeskus\/vereloome-tuvirakkude-annetus\/","name":"T\u00fcvirakkude kogumine - T\u00fcvirakukeskus","isPartOf":{"@id":"https:\/\/www.kliinikum.ee\/tyvirakukeskus\/#website"},"primaryImageOfPage":{"@id":"https:\/\/www.kliinikum.ee\/tyvirakukeskus\/vereloome-tuvirakkude-annetus\/#primaryimage"},"image":{"@id":"https:\/\/www.kliinikum.ee\/tyvirakukeskus\/vereloome-tuvirakkude-annetus\/#primaryimage"},"thumbnailUrl":"https:\/\/www.kliinikum.ee\/tyvirakukeskus\/wp-content\/uploads\/2023\/06\/Vereloome-tuvirakkude-kogumine.jpg","datePublished":"2023-06-09T10:01:45+00:00","dateModified":"2023-06-29T17:55:54+00:00","breadcrumb":{"@id":"https:\/\/www.kliinikum.ee\/tyvirakukeskus\/vereloome-tuvirakkude-annetus\/#breadcrumb"},"inLanguage":"et","potentialAction":[{"@type":"ReadAction","target":["https:\/\/www.kliinikum.ee\/tyvirakukeskus\/vereloome-tuvirakkude-annetus\/"]}]},{"@type":"ImageObject","inLanguage":"et","@id":"https:\/\/www.kliinikum.ee\/tyvirakukeskus\/vereloome-tuvirakkude-annetus\/#primaryimage","url":"https:\/\/www.kliinikum.ee\/tyvirakukeskus\/wp-content\/uploads\/2023\/06\/Vereloome-tuvirakkude-kogumine.jpg","contentUrl":"https:\/\/www.kliinikum.ee\/tyvirakukeskus\/wp-content\/uploads\/2023\/06\/Vereloome-tuvirakkude-kogumine.jpg","width":602,"height":277},{"@type":"BreadcrumbList","@id":"https:\/\/www.kliinikum.ee\/tyvirakukeskus\/vereloome-tuvirakkude-annetus\/#breadcrumb","itemListElement":[{"@type":"ListItem","position":1,"name":"Home","item":"https:\/\/www.kliinikum.ee\/tyvirakukeskus\/"},{"@type":"ListItem","position":2,"name":"T\u00fcvirakkude kogumine"}]},{"@type":"WebSite","@id":"https:\/\/www.kliinikum.ee\/tyvirakukeskus\/#website","url":"https:\/\/www.kliinikum.ee\/tyvirakukeskus\/","name":"T\u00fcvirakukeskus","description":"Hoolivus, Uuendusmeelsus, P\u00e4devus ja Usaldusv\u00e4\u00e4rsus","potentialAction":[{"@type":"SearchAction","target":{"@type":"EntryPoint","urlTemplate":"https:\/\/www.kliinikum.ee\/tyvirakukeskus\/?s={search_term_string}"},"query-input":{"@type":"PropertyValueSpecification","valueRequired":true,"valueName":"search_term_string"}}],"inLanguage":"et"}]}},"uagb_featured_image_src":{"full":false,"thumbnail":false,"medium":false,"medium_large":false,"large":false,"1536x1536":false,"2048x2048":false},"uagb_author_info":{"display_name":"Jane Freimann","author_link":"https:\/\/www.kliinikum.ee\/tyvirakukeskus\/author\/janef\/"},"uagb_comment_info":0,"uagb_excerpt":"Vereloome t\u00fcvirakud v\u00f5ivad olla kas autoloogsed v\u00f5i allogeensed. Esimesel juhul kasutatakse siirdamiseks patsiendi enda t\u00fcvirakke, teisel juhul aga doonorilt p\u00e4rinevaid t\u00fcvirakke. M\u00f5ningate haiguste puhul, n\u00e4iteks l\u00fcmfoomid v\u00f5i hulgim\u00fceloom, on v\u00f5imalik siirdamiseks kasutada patsiendi enda t\u00fcvirakke; teiste haiguste puhul nagu \u00e4gedad leukeemiad kasutatakse enamasti doonorilt p\u00e4rinevaid t\u00fcvirakke. Allogeensete t\u00fcvirakkude puhul eristatakse s\u00f5ltuvalt doonori ja retsipiendi vahelise&hellip;","_links":{"self":[{"href":"https:\/\/www.kliinikum.ee\/tyvirakukeskus\/wp-json\/wp\/v2\/pages\/5856","targetHints":{"allow":["GET"]}}],"collection":[{"href":"https:\/\/www.kliinikum.ee\/tyvirakukeskus\/wp-json\/wp\/v2\/pages"}],"about":[{"href":"https:\/\/www.kliinikum.ee\/tyvirakukeskus\/wp-json\/wp\/v2\/types\/page"}],"author":[{"embeddable":true,"href":"https:\/\/www.kliinikum.ee\/tyvirakukeskus\/wp-json\/wp\/v2\/users\/34"}],"replies":[{"embeddable":true,"href":"https:\/\/www.kliinikum.ee\/tyvirakukeskus\/wp-json\/wp\/v2\/comments?post=5856"}],"version-history":[{"count":0,"href":"https:\/\/www.kliinikum.ee\/tyvirakukeskus\/wp-json\/wp\/v2\/pages\/5856\/revisions"}],"wp:attachment":[{"href":"https:\/\/www.kliinikum.ee\/tyvirakukeskus\/wp-json\/wp\/v2\/media?parent=5856"}],"curies":[{"name":"wp","href":"https:\/\/api.w.org\/{rel}","templated":true}]}}