{"id":5859,"date":"2023-06-09T12:02:28","date_gmt":"2023-06-09T10:02:28","guid":{"rendered":"https:\/\/www.kliinikum.ee\/tyvirakukeskus\/?page_id=5859"},"modified":"2023-10-31T20:34:43","modified_gmt":"2023-10-31T18:34:43","slug":"tuvirakuregister","status":"publish","type":"page","link":"https:\/\/www.kliinikum.ee\/tyvirakukeskus\/tuvirakuregister\/","title":{"rendered":"T\u00fcvirakuregister"},"content":{"rendered":"\n<p>Kui patsiendi raviks on vaja vereloome t\u00fcvirakke, siis esmalt p\u00fc\u00fctakse doonorit leida patsiendi \u00f5dede-vendade seast. Kui see ei \u00f5nnestu, siis p\u00f6\u00f6rdutakse vereloome t\u00fcvirakkude doonorite registri poole. Vereloomet\u00fcvirakkude doonorite register p\u00f5hineb anon\u00fc\u00fcmse doonori kingil anon\u00fc\u00fcmsele patsiendile. Vabatahtlikud, kes on liitunud vereloome t\u00fcvirakkude doonorite registriga peavad valmis olema vereloome t\u00fcvirakkude annetuseks \u00fcksk\u00f5ik millisele patsiendile doonori kodumaal v\u00f5i ka v\u00e4ljaspool doonori kodumaad. Ei ole v\u00f5imalik liituda registriga aitamaks ainult \u00fchte kindlat patsienti.<\/p>\n\n\n\n<p>Erinevate riikide registrid on liitunud \u00fchtseks v\u00f5rgustikuks, mis tagab siirdamiseks sobilikke rakkude j\u00f5udmise abivajavale patsiendile vaatamata ka sellele, et doonor ja patsient elavad erinevates riikides. T\u00e4naseks on selle v\u00f5rgustikuga liitunud \u00fcle 100 vereloome t\u00fcvirakkude doonorite registrit kokku ligi 40 miljoni vabatahtliku liitunud doonoriga.<\/p>\n\n\n\n<p>Tartu \u00dclikooli Kliinikumi ja Soome Punase Risti Verekeskuse T\u00fcvirakuregistri koost\u00f6\u00f6 tulemusel on v\u00f5imalik Eesti elanikel liituda Soome T\u00fcvirakuregistriga. Registriga liituda saab Eestis, kuid doonorite andmeid s\u00e4ilitatakse Helsingis Soome T\u00fcvirakuregistris. SoomeT\u00fcvirakuregister vahendab v\u00e4ljaspool Soomet elavate doonorite vereloome t\u00fcvirakke Soome ja Eesti patsientidele ning Soome ja ka Eestis elavate doonorite rakke Soome, Eesti ja vajadusel ka v\u00e4lisriikide patsientidele.<\/p>\n\n\n\n<p>Vereloome t\u00fcvirakkude doonorite registri tegevus on litsentseeritud ning monitooritud vastavate riikide p\u00e4devate asutuste poolt.<\/p>\n\n\n\n<p>Rohkem infot vereloome t\u00fcvirakkude doonorite registritest <a href=\"https:\/\/wmda.info\/\">https:\/\/wmda.info\/<\/a><\/p>\n","protected":false},"excerpt":{"rendered":"<p>Kui patsiendi raviks on vaja vereloome t\u00fcvirakke, siis esmalt p\u00fc\u00fctakse doonorit leida patsiendi \u00f5dede-vendade seast. Kui see ei \u00f5nnestu, siis p\u00f6\u00f6rdutakse vereloome t\u00fcvirakkude doonorite registri poole. Vereloomet\u00fcvirakkude doonorite register p\u00f5hineb anon\u00fc\u00fcmse doonori kingil anon\u00fc\u00fcmsele patsiendile. Vabatahtlikud, kes on liitunud vereloome t\u00fcvirakkude doonorite registriga peavad valmis olema vereloome t\u00fcvirakkude annetuseks \u00fcksk\u00f5ik millisele patsiendile doonori kodumaal v\u00f5i [&hellip;]<\/p>\n","protected":false},"author":34,"featured_media":0,"parent":0,"menu_order":5,"comment_status":"closed","ping_status":"closed","template":"","meta":{"_acf_changed":false,"_uag_custom_page_level_css":"","footnotes":""},"class_list":["post-5859","page","type-page","status-publish","hentry"],"acf":[],"yoast_head":"<!-- This site is optimized with the Yoast SEO plugin v27.3 - https:\/\/yoast.com\/product\/yoast-seo-wordpress\/ -->\n<title>T\u00fcvirakuregister - T\u00fcvirakukeskus<\/title>\n<meta name=\"robots\" content=\"index, follow, max-snippet:-1, max-image-preview:large, max-video-preview:-1\" \/>\n<link rel=\"canonical\" href=\"https:\/\/www.kliinikum.ee\/tyvirakukeskus\/tuvirakuregister\/\" \/>\n<meta property=\"og:locale\" content=\"et_EE\" \/>\n<meta property=\"og:type\" content=\"article\" \/>\n<meta property=\"og:title\" content=\"T\u00fcvirakuregister - T\u00fcvirakukeskus\" \/>\n<meta property=\"og:description\" content=\"Kui patsiendi raviks on vaja vereloome t\u00fcvirakke, siis esmalt p\u00fc\u00fctakse doonorit leida patsiendi \u00f5dede-vendade seast. Kui see ei \u00f5nnestu, siis p\u00f6\u00f6rdutakse vereloome t\u00fcvirakkude doonorite registri poole. Vereloomet\u00fcvirakkude doonorite register p\u00f5hineb anon\u00fc\u00fcmse doonori kingil anon\u00fc\u00fcmsele patsiendile. Vabatahtlikud, kes on liitunud vereloome t\u00fcvirakkude doonorite registriga peavad valmis olema vereloome t\u00fcvirakkude annetuseks \u00fcksk\u00f5ik millisele patsiendile doonori kodumaal v\u00f5i [&hellip;]\" \/>\n<meta property=\"og:url\" content=\"https:\/\/www.kliinikum.ee\/tyvirakukeskus\/tuvirakuregister\/\" \/>\n<meta property=\"og:site_name\" content=\"T\u00fcvirakukeskus\" \/>\n<meta property=\"article:modified_time\" content=\"2023-10-31T18:34:43+00:00\" \/>\n<meta name=\"twitter:card\" content=\"summary_large_image\" \/>\n<meta name=\"twitter:label1\" content=\"Est. reading time\" \/>\n\t<meta name=\"twitter:data1\" content=\"2 minutit\" \/>\n<script type=\"application\/ld+json\" class=\"yoast-schema-graph\">{\"@context\":\"https:\\\/\\\/schema.org\",\"@graph\":[{\"@type\":\"WebPage\",\"@id\":\"https:\\\/\\\/www.kliinikum.ee\\\/tyvirakukeskus\\\/tuvirakuregister\\\/\",\"url\":\"https:\\\/\\\/www.kliinikum.ee\\\/tyvirakukeskus\\\/tuvirakuregister\\\/\",\"name\":\"T\u00fcvirakuregister - T\u00fcvirakukeskus\",\"isPartOf\":{\"@id\":\"https:\\\/\\\/www.kliinikum.ee\\\/tyvirakukeskus\\\/#website\"},\"datePublished\":\"2023-06-09T10:02:28+00:00\",\"dateModified\":\"2023-10-31T18:34:43+00:00\",\"breadcrumb\":{\"@id\":\"https:\\\/\\\/www.kliinikum.ee\\\/tyvirakukeskus\\\/tuvirakuregister\\\/#breadcrumb\"},\"inLanguage\":\"et\",\"potentialAction\":[{\"@type\":\"ReadAction\",\"target\":[\"https:\\\/\\\/www.kliinikum.ee\\\/tyvirakukeskus\\\/tuvirakuregister\\\/\"]}]},{\"@type\":\"BreadcrumbList\",\"@id\":\"https:\\\/\\\/www.kliinikum.ee\\\/tyvirakukeskus\\\/tuvirakuregister\\\/#breadcrumb\",\"itemListElement\":[{\"@type\":\"ListItem\",\"position\":1,\"name\":\"Home\",\"item\":\"https:\\\/\\\/www.kliinikum.ee\\\/tyvirakukeskus\\\/\"},{\"@type\":\"ListItem\",\"position\":2,\"name\":\"T\u00fcvirakuregister\"}]},{\"@type\":\"WebSite\",\"@id\":\"https:\\\/\\\/www.kliinikum.ee\\\/tyvirakukeskus\\\/#website\",\"url\":\"https:\\\/\\\/www.kliinikum.ee\\\/tyvirakukeskus\\\/\",\"name\":\"T\u00fcvirakukeskus\",\"description\":\"Hoolivus, Uuendusmeelsus, P\u00e4devus ja Usaldusv\u00e4\u00e4rsus\",\"potentialAction\":[{\"@type\":\"SearchAction\",\"target\":{\"@type\":\"EntryPoint\",\"urlTemplate\":\"https:\\\/\\\/www.kliinikum.ee\\\/tyvirakukeskus\\\/?s={search_term_string}\"},\"query-input\":{\"@type\":\"PropertyValueSpecification\",\"valueRequired\":true,\"valueName\":\"search_term_string\"}}],\"inLanguage\":\"et\"}]}<\/script>\n<!-- \/ Yoast SEO plugin. -->","yoast_head_json":{"title":"T\u00fcvirakuregister - T\u00fcvirakukeskus","robots":{"index":"index","follow":"follow","max-snippet":"max-snippet:-1","max-image-preview":"max-image-preview:large","max-video-preview":"max-video-preview:-1"},"canonical":"https:\/\/www.kliinikum.ee\/tyvirakukeskus\/tuvirakuregister\/","og_locale":"et_EE","og_type":"article","og_title":"T\u00fcvirakuregister - T\u00fcvirakukeskus","og_description":"Kui patsiendi raviks on vaja vereloome t\u00fcvirakke, siis esmalt p\u00fc\u00fctakse doonorit leida patsiendi \u00f5dede-vendade seast. Kui see ei \u00f5nnestu, siis p\u00f6\u00f6rdutakse vereloome t\u00fcvirakkude doonorite registri poole. Vereloomet\u00fcvirakkude doonorite register p\u00f5hineb anon\u00fc\u00fcmse doonori kingil anon\u00fc\u00fcmsele patsiendile. Vabatahtlikud, kes on liitunud vereloome t\u00fcvirakkude doonorite registriga peavad valmis olema vereloome t\u00fcvirakkude annetuseks \u00fcksk\u00f5ik millisele patsiendile doonori kodumaal v\u00f5i [&hellip;]","og_url":"https:\/\/www.kliinikum.ee\/tyvirakukeskus\/tuvirakuregister\/","og_site_name":"T\u00fcvirakukeskus","article_modified_time":"2023-10-31T18:34:43+00:00","twitter_card":"summary_large_image","twitter_misc":{"Est. reading time":"2 minutit"},"schema":{"@context":"https:\/\/schema.org","@graph":[{"@type":"WebPage","@id":"https:\/\/www.kliinikum.ee\/tyvirakukeskus\/tuvirakuregister\/","url":"https:\/\/www.kliinikum.ee\/tyvirakukeskus\/tuvirakuregister\/","name":"T\u00fcvirakuregister - T\u00fcvirakukeskus","isPartOf":{"@id":"https:\/\/www.kliinikum.ee\/tyvirakukeskus\/#website"},"datePublished":"2023-06-09T10:02:28+00:00","dateModified":"2023-10-31T18:34:43+00:00","breadcrumb":{"@id":"https:\/\/www.kliinikum.ee\/tyvirakukeskus\/tuvirakuregister\/#breadcrumb"},"inLanguage":"et","potentialAction":[{"@type":"ReadAction","target":["https:\/\/www.kliinikum.ee\/tyvirakukeskus\/tuvirakuregister\/"]}]},{"@type":"BreadcrumbList","@id":"https:\/\/www.kliinikum.ee\/tyvirakukeskus\/tuvirakuregister\/#breadcrumb","itemListElement":[{"@type":"ListItem","position":1,"name":"Home","item":"https:\/\/www.kliinikum.ee\/tyvirakukeskus\/"},{"@type":"ListItem","position":2,"name":"T\u00fcvirakuregister"}]},{"@type":"WebSite","@id":"https:\/\/www.kliinikum.ee\/tyvirakukeskus\/#website","url":"https:\/\/www.kliinikum.ee\/tyvirakukeskus\/","name":"T\u00fcvirakukeskus","description":"Hoolivus, Uuendusmeelsus, P\u00e4devus ja Usaldusv\u00e4\u00e4rsus","potentialAction":[{"@type":"SearchAction","target":{"@type":"EntryPoint","urlTemplate":"https:\/\/www.kliinikum.ee\/tyvirakukeskus\/?s={search_term_string}"},"query-input":{"@type":"PropertyValueSpecification","valueRequired":true,"valueName":"search_term_string"}}],"inLanguage":"et"}]}},"uagb_featured_image_src":{"full":false,"thumbnail":false,"medium":false,"medium_large":false,"large":false,"1536x1536":false,"2048x2048":false},"uagb_author_info":{"display_name":"Jane Freimann","author_link":"https:\/\/www.kliinikum.ee\/tyvirakukeskus\/author\/janef\/"},"uagb_comment_info":0,"uagb_excerpt":"Kui patsiendi raviks on vaja vereloome t\u00fcvirakke, siis esmalt p\u00fc\u00fctakse doonorit leida patsiendi \u00f5dede-vendade seast. Kui see ei \u00f5nnestu, siis p\u00f6\u00f6rdutakse vereloome t\u00fcvirakkude doonorite registri poole. Vereloomet\u00fcvirakkude doonorite register p\u00f5hineb anon\u00fc\u00fcmse doonori kingil anon\u00fc\u00fcmsele patsiendile. Vabatahtlikud, kes on liitunud vereloome t\u00fcvirakkude doonorite registriga peavad valmis olema vereloome t\u00fcvirakkude annetuseks \u00fcksk\u00f5ik millisele patsiendile doonori kodumaal v\u00f5i&hellip;","_links":{"self":[{"href":"https:\/\/www.kliinikum.ee\/tyvirakukeskus\/wp-json\/wp\/v2\/pages\/5859","targetHints":{"allow":["GET"]}}],"collection":[{"href":"https:\/\/www.kliinikum.ee\/tyvirakukeskus\/wp-json\/wp\/v2\/pages"}],"about":[{"href":"https:\/\/www.kliinikum.ee\/tyvirakukeskus\/wp-json\/wp\/v2\/types\/page"}],"author":[{"embeddable":true,"href":"https:\/\/www.kliinikum.ee\/tyvirakukeskus\/wp-json\/wp\/v2\/users\/34"}],"replies":[{"embeddable":true,"href":"https:\/\/www.kliinikum.ee\/tyvirakukeskus\/wp-json\/wp\/v2\/comments?post=5859"}],"version-history":[{"count":0,"href":"https:\/\/www.kliinikum.ee\/tyvirakukeskus\/wp-json\/wp\/v2\/pages\/5859\/revisions"}],"wp:attachment":[{"href":"https:\/\/www.kliinikum.ee\/tyvirakukeskus\/wp-json\/wp\/v2\/media?parent=5859"}],"curies":[{"name":"wp","href":"https:\/\/api.w.org\/{rel}","templated":true}]}}