{"id":5881,"date":"2023-06-09T12:18:19","date_gmt":"2023-06-09T10:18:19","guid":{"rendered":"https:\/\/www.kliinikum.ee\/tyvirakukeskus\/?page_id=5881"},"modified":"2023-10-03T19:43:53","modified_gmt":"2023-10-03T17:43:53","slug":"lumfisusteem","status":"publish","type":"page","link":"https:\/\/www.kliinikum.ee\/tyvirakukeskus\/tuvirakkudest-ja-vereloomest\/lumfisusteem\/","title":{"rendered":"Immuuns\u00fcsteemi organid"},"content":{"rendered":"\n<p><\/p>\n\n\n\n<div class=\"wp-block-columns is-layout-flex wp-container-core-columns-is-layout-28f84493 wp-block-columns-is-layout-flex\">\n<div class=\"wp-block-column is-layout-flow wp-block-column-is-layout-flow\">\n<p>L\u00fcmfis\u00fcsteem<\/p>\n\n\n\n<p>L\u00fcmfis\u00fcsteemi p\u00f5hikomponendiks on l\u00fcmfis\u00f5lmed. L\u00fcmfis\u00f5lmed on m\u00f5ne mm kuni 1-2cm suurused oakujulised kapsliga kaetud l\u00fcmfots\u00fc\u00fctide kogumikud.<\/p>\n\n\n\n<p>L\u00fcmfis\u00f5lmi leidub kogu inimese kehas. P\u00f5hilised l\u00fcmfis\u00f5lmede kogumikud asuvad kaelal, rangluu \u00fcmbruses, rinnakorvi sees, k\u00f5hu\u00f5\u00f5nes, kubemepiirkonnas ja vaagnapiirkonnas. Neid leidub samuti suuremate veresoonte \u00fcmbruses, kopsude, neerude, maksa ja p\u00f5rna \u00fcmbruses. Seedetraktis moodustavad l\u00fcmfots\u00fc\u00fcdid erilisi kogumikke, mida nimetatakse tonsillideks ja adenoidideks, l\u00fcmfots\u00fc\u00fc\u00fctide kogumikke leidub ka mao ja soolestiku seinas. Samuti leidub l\u00fcmfots\u00fc\u00fcte p\u00f5rnas ja luu\u00fcdis.<\/p>\n\n\n\n<p>L\u00fcmfis\u00f5lmed ja teised l\u00fcmfis\u00fcsteemi koostisosad on omavahel \u00fchendatud l\u00fcmfisoonte abil. L\u00fcmfisoontes tsirkuleerib piimjas l\u00fcmf, milles asuvad ka kehas ringlevad l\u00fcmfots\u00fc\u00fcdid. Peenemad l\u00fcmfisooned kogunevad mitmeks suuremaks l\u00fcmfisooneks, mis suubuvad veresoontesse. Sellega satuvad tsirkuleerivad l\u00fcmfots\u00fc\u00fcdid koos l\u00fcmfiga verre. L\u00fcmfots\u00fc\u00fcdid tsirkuleerivad l\u00fcmfis\u00fcsteemi ja vereringe abil kogu organismis<\/p>\n<\/div>\n\n\n\n<div class=\"wp-block-column is-layout-flow wp-block-column-is-layout-flow\">\n<figure class=\"wp-block-image size-large\"><img loading=\"lazy\" decoding=\"async\" width=\"2004\" height=\"1849\" src=\"https:\/\/www.kliinikum.ee\/tyvirakukeskus\/wp-content\/uploads\/2023\/06\/Lumfisusteem.svg\" alt=\"\" class=\"wp-image-6077\"\/><\/figure>\n<\/div>\n<\/div>\n","protected":false},"excerpt":{"rendered":"<p>L\u00fcmfis\u00fcsteem L\u00fcmfis\u00fcsteemi p\u00f5hikomponendiks on l\u00fcmfis\u00f5lmed. L\u00fcmfis\u00f5lmed on m\u00f5ne mm kuni 1-2cm suurused oakujulised kapsliga kaetud l\u00fcmfots\u00fc\u00fctide kogumikud. L\u00fcmfis\u00f5lmi leidub kogu inimese kehas. P\u00f5hilised l\u00fcmfis\u00f5lmede kogumikud asuvad kaelal, rangluu \u00fcmbruses, rinnakorvi sees, k\u00f5hu\u00f5\u00f5nes, kubemepiirkonnas ja vaagnapiirkonnas. Neid leidub samuti suuremate veresoonte \u00fcmbruses, kopsude, neerude, maksa ja p\u00f5rna \u00fcmbruses. Seedetraktis moodustavad l\u00fcmfots\u00fc\u00fcdid erilisi kogumikke, mida nimetatakse tonsillideks [&hellip;]<\/p>\n","protected":false},"author":34,"featured_media":0,"parent":5850,"menu_order":4,"comment_status":"closed","ping_status":"closed","template":"","meta":{"_acf_changed":false,"_uag_custom_page_level_css":"","footnotes":""},"class_list":["post-5881","page","type-page","status-publish","hentry"],"acf":[],"yoast_head":"<!-- This site is optimized with the Yoast SEO plugin v27.1.1 - https:\/\/yoast.com\/product\/yoast-seo-wordpress\/ -->\n<title>Immuuns\u00fcsteemi organid - T\u00fcvirakukeskus<\/title>\n<meta name=\"robots\" content=\"index, follow, max-snippet:-1, max-image-preview:large, max-video-preview:-1\" \/>\n<link rel=\"canonical\" href=\"https:\/\/www.kliinikum.ee\/tyvirakukeskus\/tuvirakkudest-ja-vereloomest\/lumfisusteem\/\" \/>\n<meta property=\"og:locale\" content=\"et_EE\" \/>\n<meta property=\"og:type\" content=\"article\" \/>\n<meta property=\"og:title\" content=\"Immuuns\u00fcsteemi organid - T\u00fcvirakukeskus\" \/>\n<meta property=\"og:description\" content=\"L\u00fcmfis\u00fcsteem L\u00fcmfis\u00fcsteemi p\u00f5hikomponendiks on l\u00fcmfis\u00f5lmed. L\u00fcmfis\u00f5lmed on m\u00f5ne mm kuni 1-2cm suurused oakujulised kapsliga kaetud l\u00fcmfots\u00fc\u00fctide kogumikud. L\u00fcmfis\u00f5lmi leidub kogu inimese kehas. P\u00f5hilised l\u00fcmfis\u00f5lmede kogumikud asuvad kaelal, rangluu \u00fcmbruses, rinnakorvi sees, k\u00f5hu\u00f5\u00f5nes, kubemepiirkonnas ja vaagnapiirkonnas. Neid leidub samuti suuremate veresoonte \u00fcmbruses, kopsude, neerude, maksa ja p\u00f5rna \u00fcmbruses. Seedetraktis moodustavad l\u00fcmfots\u00fc\u00fcdid erilisi kogumikke, mida nimetatakse tonsillideks [&hellip;]\" \/>\n<meta property=\"og:url\" content=\"https:\/\/www.kliinikum.ee\/tyvirakukeskus\/tuvirakkudest-ja-vereloomest\/lumfisusteem\/\" \/>\n<meta property=\"og:site_name\" content=\"T\u00fcvirakukeskus\" \/>\n<meta property=\"article:modified_time\" content=\"2023-10-03T17:43:53+00:00\" \/>\n<meta property=\"og:image\" content=\"https:\/\/www.kliinikum.ee\/tyvirakukeskus\/wp-content\/uploads\/2023\/06\/Lumfisusteem.svg\" \/>\n<meta name=\"twitter:card\" content=\"summary_large_image\" \/>\n<meta name=\"twitter:label1\" content=\"Est. reading time\" \/>\n\t<meta name=\"twitter:data1\" content=\"1 minut\" \/>\n<script type=\"application\/ld+json\" class=\"yoast-schema-graph\">{\"@context\":\"https:\/\/schema.org\",\"@graph\":[{\"@type\":\"WebPage\",\"@id\":\"https:\/\/www.kliinikum.ee\/tyvirakukeskus\/tuvirakkudest-ja-vereloomest\/lumfisusteem\/\",\"url\":\"https:\/\/www.kliinikum.ee\/tyvirakukeskus\/tuvirakkudest-ja-vereloomest\/lumfisusteem\/\",\"name\":\"Immuuns\u00fcsteemi organid - T\u00fcvirakukeskus\",\"isPartOf\":{\"@id\":\"https:\/\/www.kliinikum.ee\/tyvirakukeskus\/#website\"},\"primaryImageOfPage\":{\"@id\":\"https:\/\/www.kliinikum.ee\/tyvirakukeskus\/tuvirakkudest-ja-vereloomest\/lumfisusteem\/#primaryimage\"},\"image\":{\"@id\":\"https:\/\/www.kliinikum.ee\/tyvirakukeskus\/tuvirakkudest-ja-vereloomest\/lumfisusteem\/#primaryimage\"},\"thumbnailUrl\":\"https:\/\/www.kliinikum.ee\/tyvirakukeskus\/wp-content\/uploads\/2023\/06\/Lumfisusteem.svg\",\"datePublished\":\"2023-06-09T10:18:19+00:00\",\"dateModified\":\"2023-10-03T17:43:53+00:00\",\"breadcrumb\":{\"@id\":\"https:\/\/www.kliinikum.ee\/tyvirakukeskus\/tuvirakkudest-ja-vereloomest\/lumfisusteem\/#breadcrumb\"},\"inLanguage\":\"et\",\"potentialAction\":[{\"@type\":\"ReadAction\",\"target\":[\"https:\/\/www.kliinikum.ee\/tyvirakukeskus\/tuvirakkudest-ja-vereloomest\/lumfisusteem\/\"]}]},{\"@type\":\"ImageObject\",\"inLanguage\":\"et\",\"@id\":\"https:\/\/www.kliinikum.ee\/tyvirakukeskus\/tuvirakkudest-ja-vereloomest\/lumfisusteem\/#primaryimage\",\"url\":\"https:\/\/www.kliinikum.ee\/tyvirakukeskus\/wp-content\/uploads\/2023\/06\/Lumfisusteem.svg\",\"contentUrl\":\"https:\/\/www.kliinikum.ee\/tyvirakukeskus\/wp-content\/uploads\/2023\/06\/Lumfisusteem.svg\",\"width\":2004,\"height\":1849},{\"@type\":\"BreadcrumbList\",\"@id\":\"https:\/\/www.kliinikum.ee\/tyvirakukeskus\/tuvirakkudest-ja-vereloomest\/lumfisusteem\/#breadcrumb\",\"itemListElement\":[{\"@type\":\"ListItem\",\"position\":1,\"name\":\"Home\",\"item\":\"https:\/\/www.kliinikum.ee\/tyvirakukeskus\/\"},{\"@type\":\"ListItem\",\"position\":2,\"name\":\"T\u00fcvirakud ja veri\",\"item\":\"https:\/\/www.kliinikum.ee\/tyvirakukeskus\/tuvirakkudest-ja-vereloomest\/\"},{\"@type\":\"ListItem\",\"position\":3,\"name\":\"Immuuns\u00fcsteemi organid\"}]},{\"@type\":\"WebSite\",\"@id\":\"https:\/\/www.kliinikum.ee\/tyvirakukeskus\/#website\",\"url\":\"https:\/\/www.kliinikum.ee\/tyvirakukeskus\/\",\"name\":\"T\u00fcvirakukeskus\",\"description\":\"Hoolivus, Uuendusmeelsus, P\u00e4devus ja Usaldusv\u00e4\u00e4rsus\",\"potentialAction\":[{\"@type\":\"SearchAction\",\"target\":{\"@type\":\"EntryPoint\",\"urlTemplate\":\"https:\/\/www.kliinikum.ee\/tyvirakukeskus\/?s={search_term_string}\"},\"query-input\":{\"@type\":\"PropertyValueSpecification\",\"valueRequired\":true,\"valueName\":\"search_term_string\"}}],\"inLanguage\":\"et\"}]}<\/script>\n<!-- \/ Yoast SEO plugin. -->","yoast_head_json":{"title":"Immuuns\u00fcsteemi organid - T\u00fcvirakukeskus","robots":{"index":"index","follow":"follow","max-snippet":"max-snippet:-1","max-image-preview":"max-image-preview:large","max-video-preview":"max-video-preview:-1"},"canonical":"https:\/\/www.kliinikum.ee\/tyvirakukeskus\/tuvirakkudest-ja-vereloomest\/lumfisusteem\/","og_locale":"et_EE","og_type":"article","og_title":"Immuuns\u00fcsteemi organid - T\u00fcvirakukeskus","og_description":"L\u00fcmfis\u00fcsteem L\u00fcmfis\u00fcsteemi p\u00f5hikomponendiks on l\u00fcmfis\u00f5lmed. L\u00fcmfis\u00f5lmed on m\u00f5ne mm kuni 1-2cm suurused oakujulised kapsliga kaetud l\u00fcmfots\u00fc\u00fctide kogumikud. L\u00fcmfis\u00f5lmi leidub kogu inimese kehas. P\u00f5hilised l\u00fcmfis\u00f5lmede kogumikud asuvad kaelal, rangluu \u00fcmbruses, rinnakorvi sees, k\u00f5hu\u00f5\u00f5nes, kubemepiirkonnas ja vaagnapiirkonnas. Neid leidub samuti suuremate veresoonte \u00fcmbruses, kopsude, neerude, maksa ja p\u00f5rna \u00fcmbruses. Seedetraktis moodustavad l\u00fcmfots\u00fc\u00fcdid erilisi kogumikke, mida nimetatakse tonsillideks [&hellip;]","og_url":"https:\/\/www.kliinikum.ee\/tyvirakukeskus\/tuvirakkudest-ja-vereloomest\/lumfisusteem\/","og_site_name":"T\u00fcvirakukeskus","article_modified_time":"2023-10-03T17:43:53+00:00","og_image":[{"url":"https:\/\/www.kliinikum.ee\/tyvirakukeskus\/wp-content\/uploads\/2023\/06\/Lumfisusteem.svg","type":"","width":"","height":""}],"twitter_card":"summary_large_image","twitter_misc":{"Est. reading time":"1 minut"},"schema":{"@context":"https:\/\/schema.org","@graph":[{"@type":"WebPage","@id":"https:\/\/www.kliinikum.ee\/tyvirakukeskus\/tuvirakkudest-ja-vereloomest\/lumfisusteem\/","url":"https:\/\/www.kliinikum.ee\/tyvirakukeskus\/tuvirakkudest-ja-vereloomest\/lumfisusteem\/","name":"Immuuns\u00fcsteemi organid - T\u00fcvirakukeskus","isPartOf":{"@id":"https:\/\/www.kliinikum.ee\/tyvirakukeskus\/#website"},"primaryImageOfPage":{"@id":"https:\/\/www.kliinikum.ee\/tyvirakukeskus\/tuvirakkudest-ja-vereloomest\/lumfisusteem\/#primaryimage"},"image":{"@id":"https:\/\/www.kliinikum.ee\/tyvirakukeskus\/tuvirakkudest-ja-vereloomest\/lumfisusteem\/#primaryimage"},"thumbnailUrl":"https:\/\/www.kliinikum.ee\/tyvirakukeskus\/wp-content\/uploads\/2023\/06\/Lumfisusteem.svg","datePublished":"2023-06-09T10:18:19+00:00","dateModified":"2023-10-03T17:43:53+00:00","breadcrumb":{"@id":"https:\/\/www.kliinikum.ee\/tyvirakukeskus\/tuvirakkudest-ja-vereloomest\/lumfisusteem\/#breadcrumb"},"inLanguage":"et","potentialAction":[{"@type":"ReadAction","target":["https:\/\/www.kliinikum.ee\/tyvirakukeskus\/tuvirakkudest-ja-vereloomest\/lumfisusteem\/"]}]},{"@type":"ImageObject","inLanguage":"et","@id":"https:\/\/www.kliinikum.ee\/tyvirakukeskus\/tuvirakkudest-ja-vereloomest\/lumfisusteem\/#primaryimage","url":"https:\/\/www.kliinikum.ee\/tyvirakukeskus\/wp-content\/uploads\/2023\/06\/Lumfisusteem.svg","contentUrl":"https:\/\/www.kliinikum.ee\/tyvirakukeskus\/wp-content\/uploads\/2023\/06\/Lumfisusteem.svg","width":2004,"height":1849},{"@type":"BreadcrumbList","@id":"https:\/\/www.kliinikum.ee\/tyvirakukeskus\/tuvirakkudest-ja-vereloomest\/lumfisusteem\/#breadcrumb","itemListElement":[{"@type":"ListItem","position":1,"name":"Home","item":"https:\/\/www.kliinikum.ee\/tyvirakukeskus\/"},{"@type":"ListItem","position":2,"name":"T\u00fcvirakud ja veri","item":"https:\/\/www.kliinikum.ee\/tyvirakukeskus\/tuvirakkudest-ja-vereloomest\/"},{"@type":"ListItem","position":3,"name":"Immuuns\u00fcsteemi organid"}]},{"@type":"WebSite","@id":"https:\/\/www.kliinikum.ee\/tyvirakukeskus\/#website","url":"https:\/\/www.kliinikum.ee\/tyvirakukeskus\/","name":"T\u00fcvirakukeskus","description":"Hoolivus, Uuendusmeelsus, P\u00e4devus ja Usaldusv\u00e4\u00e4rsus","potentialAction":[{"@type":"SearchAction","target":{"@type":"EntryPoint","urlTemplate":"https:\/\/www.kliinikum.ee\/tyvirakukeskus\/?s={search_term_string}"},"query-input":{"@type":"PropertyValueSpecification","valueRequired":true,"valueName":"search_term_string"}}],"inLanguage":"et"}]}},"uagb_featured_image_src":{"full":false,"thumbnail":false,"medium":false,"medium_large":false,"large":false,"1536x1536":false,"2048x2048":false},"uagb_author_info":{"display_name":"Jane Freimann","author_link":"https:\/\/www.kliinikum.ee\/tyvirakukeskus\/author\/janef\/"},"uagb_comment_info":0,"uagb_excerpt":"L\u00fcmfis\u00fcsteem L\u00fcmfis\u00fcsteemi p\u00f5hikomponendiks on l\u00fcmfis\u00f5lmed. L\u00fcmfis\u00f5lmed on m\u00f5ne mm kuni 1-2cm suurused oakujulised kapsliga kaetud l\u00fcmfots\u00fc\u00fctide kogumikud. L\u00fcmfis\u00f5lmi leidub kogu inimese kehas. P\u00f5hilised l\u00fcmfis\u00f5lmede kogumikud asuvad kaelal, rangluu \u00fcmbruses, rinnakorvi sees, k\u00f5hu\u00f5\u00f5nes, kubemepiirkonnas ja vaagnapiirkonnas. Neid leidub samuti suuremate veresoonte \u00fcmbruses, kopsude, neerude, maksa ja p\u00f5rna \u00fcmbruses. Seedetraktis moodustavad l\u00fcmfots\u00fc\u00fcdid erilisi kogumikke, mida nimetatakse tonsillideks&hellip;","_links":{"self":[{"href":"https:\/\/www.kliinikum.ee\/tyvirakukeskus\/wp-json\/wp\/v2\/pages\/5881","targetHints":{"allow":["GET"]}}],"collection":[{"href":"https:\/\/www.kliinikum.ee\/tyvirakukeskus\/wp-json\/wp\/v2\/pages"}],"about":[{"href":"https:\/\/www.kliinikum.ee\/tyvirakukeskus\/wp-json\/wp\/v2\/types\/page"}],"author":[{"embeddable":true,"href":"https:\/\/www.kliinikum.ee\/tyvirakukeskus\/wp-json\/wp\/v2\/users\/34"}],"replies":[{"embeddable":true,"href":"https:\/\/www.kliinikum.ee\/tyvirakukeskus\/wp-json\/wp\/v2\/comments?post=5881"}],"version-history":[{"count":4,"href":"https:\/\/www.kliinikum.ee\/tyvirakukeskus\/wp-json\/wp\/v2\/pages\/5881\/revisions"}],"predecessor-version":[{"id":6219,"href":"https:\/\/www.kliinikum.ee\/tyvirakukeskus\/wp-json\/wp\/v2\/pages\/5881\/revisions\/6219"}],"up":[{"embeddable":true,"href":"https:\/\/www.kliinikum.ee\/tyvirakukeskus\/wp-json\/wp\/v2\/pages\/5850"}],"wp:attachment":[{"href":"https:\/\/www.kliinikum.ee\/tyvirakukeskus\/wp-json\/wp\/v2\/media?parent=5881"}],"curies":[{"name":"wp","href":"https:\/\/api.w.org\/{rel}","templated":true}]}}