{"id":5883,"date":"2023-06-09T12:20:21","date_gmt":"2023-06-09T10:20:21","guid":{"rendered":"https:\/\/www.kliinikum.ee\/tyvirakukeskus\/?page_id=5883"},"modified":"2023-10-03T20:15:13","modified_gmt":"2023-10-03T18:15:13","slug":"immuunsusteem","status":"publish","type":"page","link":"https:\/\/www.kliinikum.ee\/tyvirakukeskus\/tuvirakkudest-ja-vereloomest\/immuunsusteem\/","title":{"rendered":"Immuunsus ja immuuns\u00fcsteem"},"content":{"rendered":"\n<p>Immuunsuse all m\u00f5istame organismi kaitsemehhanisme sinna sattunud v\u00f5\u00f5rast geneetilist informatsiooni sisaldavate struktuuride- haigustekitajate (bakterid, viirused, seened), teiselt organismist p\u00e4rineva bioloogilise materjali (rakud, koed, elundid), toksiliste ainete, aga ka kasvajate vastu. Immuunsuse \u00fclesanne on tagada organismile stabiilne sisekeskkond ning eristada oma v\u00f5\u00f5rast. Immuunsuse toimimise aluseks on immuuns\u00fcsteem.<\/p>\n\n\n\n<p>Immuuns\u00fcsteemi ei saa seostada \u00fche kindla k\u00f5ikeh\u00f5lmava elundiga, immuunsuse tagamise mehhanismid on integreeritult jaotatud \u00fcle kogu organismi, immuunsuse tagamisega seotud rakke ja humoraalseid komponente leidub k\u00f5ikides elundites. On ka<\/p>\n\n\n\n<p>Immuuns\u00fcsteem moodustab h\u00e4sti koordineeritud v\u00f5rgustiku, milles on oluline koht nii stimuleerivatel kui pidurdavatel signaalidel.<\/p>\n\n\n\n<p>Selles h\u00e4sti koordineeritud v\u00f5rgustikus, milles osalevad nii immuuns\u00fcstemi rakulised kui ka humoraalsed komponendid saab eristada kahte t\u00fc\u00fcpi \u00fcksteisega tihedalt p\u00f5imunud immuunreaktsioone.<\/p>\n\n\n\n<p>Neist ajaliselt varem tekkivat nimetatakse loomulikuks immuunsuseks ja hiljem tekkivat omandatud immuunsuseks.<\/p>\n\n\n\n<p>Loomuliku immuunsuse mehhanismideks on:<\/p>\n\n\n\n<ol class=\"wp-block-list\" type=\"1\">\n<li>F\u00fc\u00fcsikalised ja keemilised barj\u00e4\u00e4rid. Siia alla kuuluvad nahk ja limaskestad ning naha ja limaskestade rakkude toodetud sekreedid (naharasu, maosekreet, tupesekreet jne), mis sisaldavad erinevaid antimikroobseid aineid. F\u00fc\u00fcsikaliste ja keemiliste barj\u00e4\u00e4ride hulka kuulub ka organismi normaalne mikrofloora.<\/li>\n\n\n\n<li>Fagots\u00fc\u00fcdid e. \u00f5girakud on rakud, mis on v\u00f5imelised fagots\u00fcteerima organismi sattunud v\u00f5\u00f5rmaterjali kui ka organismi enda surnud keharakke v\u00fci nende osiseid. Fagots\u00fcteerivad rakud on neutrofiilsed granulots\u00fc\u00fcdid e. neutrofiilid, monots\u00fc\u00fcdid ja NK-rakud e. loomulikud tappurrakud.<\/li>\n\n\n\n<li>Komplemendis\u00fcsteem on veres sisalduv rohkem kui kolmek\u00fcmnest valgust koosnev kaasas\u00fcndinud immuunsuse kaitses\u00fcsteem, mille aktiveerumisel k\u00e4ivitub kaskaadne reaktsioonide ahel, mille l\u00f5pptulemuseks on m\u00e4rklaudrakkude h\u00e4vitamine, p\u00f5letikureaktsiooni reguleerimine, fagots\u00fctoosi v\u00f5imendamine ja antigeenide eemaldamine.<\/li>\n<\/ol>\n\n\n\n<p>Loomuliku immuunsuse roll ei piirdu vaid organismi esmase kaitsega, vaid tema \u00fclesandeks on ka omandatud immuunsuse k\u00e4ivitamine ja reguleerimine.<\/p>\n","protected":false},"excerpt":{"rendered":"<p>Immuunsuse all m\u00f5istame organismi kaitsemehhanisme sinna sattunud v\u00f5\u00f5rast geneetilist informatsiooni sisaldavate struktuuride- haigustekitajate (bakterid, viirused, seened), teiselt organismist p\u00e4rineva bioloogilise materjali (rakud, koed, elundid), toksiliste ainete, aga ka kasvajate vastu. Immuunsuse \u00fclesanne on tagada organismile stabiilne sisekeskkond ning eristada oma v\u00f5\u00f5rast. Immuunsuse toimimise aluseks on immuuns\u00fcsteem. Immuuns\u00fcsteemi ei saa seostada \u00fche kindla k\u00f5ikeh\u00f5lmava elundiga, immuunsuse [&hellip;]<\/p>\n","protected":false},"author":34,"featured_media":0,"parent":5850,"menu_order":3,"comment_status":"closed","ping_status":"closed","template":"","meta":{"_acf_changed":false,"_uag_custom_page_level_css":"","footnotes":""},"class_list":["post-5883","page","type-page","status-publish","hentry"],"acf":[],"yoast_head":"<!-- This site is optimized with the Yoast SEO plugin v27.3 - https:\/\/yoast.com\/product\/yoast-seo-wordpress\/ -->\n<title>Immuunsus ja immuuns\u00fcsteem - T\u00fcvirakukeskus<\/title>\n<meta name=\"robots\" content=\"index, follow, max-snippet:-1, max-image-preview:large, max-video-preview:-1\" \/>\n<link rel=\"canonical\" href=\"https:\/\/www.kliinikum.ee\/tyvirakukeskus\/tuvirakkudest-ja-vereloomest\/immuunsusteem\/\" \/>\n<meta property=\"og:locale\" content=\"et_EE\" \/>\n<meta property=\"og:type\" content=\"article\" \/>\n<meta property=\"og:title\" content=\"Immuunsus ja immuuns\u00fcsteem - T\u00fcvirakukeskus\" \/>\n<meta property=\"og:description\" content=\"Immuunsuse all m\u00f5istame organismi kaitsemehhanisme sinna sattunud v\u00f5\u00f5rast geneetilist informatsiooni sisaldavate struktuuride- haigustekitajate (bakterid, viirused, seened), teiselt organismist p\u00e4rineva bioloogilise materjali (rakud, koed, elundid), toksiliste ainete, aga ka kasvajate vastu. Immuunsuse \u00fclesanne on tagada organismile stabiilne sisekeskkond ning eristada oma v\u00f5\u00f5rast. Immuunsuse toimimise aluseks on immuuns\u00fcsteem. Immuuns\u00fcsteemi ei saa seostada \u00fche kindla k\u00f5ikeh\u00f5lmava elundiga, immuunsuse [&hellip;]\" \/>\n<meta property=\"og:url\" content=\"https:\/\/www.kliinikum.ee\/tyvirakukeskus\/tuvirakkudest-ja-vereloomest\/immuunsusteem\/\" \/>\n<meta property=\"og:site_name\" content=\"T\u00fcvirakukeskus\" \/>\n<meta property=\"article:modified_time\" content=\"2023-10-03T18:15:13+00:00\" \/>\n<meta name=\"twitter:card\" content=\"summary_large_image\" \/>\n<meta name=\"twitter:label1\" content=\"Est. reading time\" \/>\n\t<meta name=\"twitter:data1\" content=\"2 minutit\" \/>\n<script type=\"application\/ld+json\" class=\"yoast-schema-graph\">{\"@context\":\"https:\\\/\\\/schema.org\",\"@graph\":[{\"@type\":\"WebPage\",\"@id\":\"https:\\\/\\\/www.kliinikum.ee\\\/tyvirakukeskus\\\/tuvirakkudest-ja-vereloomest\\\/immuunsusteem\\\/\",\"url\":\"https:\\\/\\\/www.kliinikum.ee\\\/tyvirakukeskus\\\/tuvirakkudest-ja-vereloomest\\\/immuunsusteem\\\/\",\"name\":\"Immuunsus ja immuuns\u00fcsteem - T\u00fcvirakukeskus\",\"isPartOf\":{\"@id\":\"https:\\\/\\\/www.kliinikum.ee\\\/tyvirakukeskus\\\/#website\"},\"datePublished\":\"2023-06-09T10:20:21+00:00\",\"dateModified\":\"2023-10-03T18:15:13+00:00\",\"breadcrumb\":{\"@id\":\"https:\\\/\\\/www.kliinikum.ee\\\/tyvirakukeskus\\\/tuvirakkudest-ja-vereloomest\\\/immuunsusteem\\\/#breadcrumb\"},\"inLanguage\":\"et\",\"potentialAction\":[{\"@type\":\"ReadAction\",\"target\":[\"https:\\\/\\\/www.kliinikum.ee\\\/tyvirakukeskus\\\/tuvirakkudest-ja-vereloomest\\\/immuunsusteem\\\/\"]}]},{\"@type\":\"BreadcrumbList\",\"@id\":\"https:\\\/\\\/www.kliinikum.ee\\\/tyvirakukeskus\\\/tuvirakkudest-ja-vereloomest\\\/immuunsusteem\\\/#breadcrumb\",\"itemListElement\":[{\"@type\":\"ListItem\",\"position\":1,\"name\":\"Home\",\"item\":\"https:\\\/\\\/www.kliinikum.ee\\\/tyvirakukeskus\\\/\"},{\"@type\":\"ListItem\",\"position\":2,\"name\":\"T\u00fcvirakud ja veri\",\"item\":\"https:\\\/\\\/www.kliinikum.ee\\\/tyvirakukeskus\\\/tuvirakkudest-ja-vereloomest\\\/\"},{\"@type\":\"ListItem\",\"position\":3,\"name\":\"Immuunsus ja immuuns\u00fcsteem\"}]},{\"@type\":\"WebSite\",\"@id\":\"https:\\\/\\\/www.kliinikum.ee\\\/tyvirakukeskus\\\/#website\",\"url\":\"https:\\\/\\\/www.kliinikum.ee\\\/tyvirakukeskus\\\/\",\"name\":\"T\u00fcvirakukeskus\",\"description\":\"Hoolivus, Uuendusmeelsus, P\u00e4devus ja Usaldusv\u00e4\u00e4rsus\",\"potentialAction\":[{\"@type\":\"SearchAction\",\"target\":{\"@type\":\"EntryPoint\",\"urlTemplate\":\"https:\\\/\\\/www.kliinikum.ee\\\/tyvirakukeskus\\\/?s={search_term_string}\"},\"query-input\":{\"@type\":\"PropertyValueSpecification\",\"valueRequired\":true,\"valueName\":\"search_term_string\"}}],\"inLanguage\":\"et\"}]}<\/script>\n<!-- \/ Yoast SEO plugin. -->","yoast_head_json":{"title":"Immuunsus ja immuuns\u00fcsteem - T\u00fcvirakukeskus","robots":{"index":"index","follow":"follow","max-snippet":"max-snippet:-1","max-image-preview":"max-image-preview:large","max-video-preview":"max-video-preview:-1"},"canonical":"https:\/\/www.kliinikum.ee\/tyvirakukeskus\/tuvirakkudest-ja-vereloomest\/immuunsusteem\/","og_locale":"et_EE","og_type":"article","og_title":"Immuunsus ja immuuns\u00fcsteem - T\u00fcvirakukeskus","og_description":"Immuunsuse all m\u00f5istame organismi kaitsemehhanisme sinna sattunud v\u00f5\u00f5rast geneetilist informatsiooni sisaldavate struktuuride- haigustekitajate (bakterid, viirused, seened), teiselt organismist p\u00e4rineva bioloogilise materjali (rakud, koed, elundid), toksiliste ainete, aga ka kasvajate vastu. Immuunsuse \u00fclesanne on tagada organismile stabiilne sisekeskkond ning eristada oma v\u00f5\u00f5rast. Immuunsuse toimimise aluseks on immuuns\u00fcsteem. Immuuns\u00fcsteemi ei saa seostada \u00fche kindla k\u00f5ikeh\u00f5lmava elundiga, immuunsuse [&hellip;]","og_url":"https:\/\/www.kliinikum.ee\/tyvirakukeskus\/tuvirakkudest-ja-vereloomest\/immuunsusteem\/","og_site_name":"T\u00fcvirakukeskus","article_modified_time":"2023-10-03T18:15:13+00:00","twitter_card":"summary_large_image","twitter_misc":{"Est. reading time":"2 minutit"},"schema":{"@context":"https:\/\/schema.org","@graph":[{"@type":"WebPage","@id":"https:\/\/www.kliinikum.ee\/tyvirakukeskus\/tuvirakkudest-ja-vereloomest\/immuunsusteem\/","url":"https:\/\/www.kliinikum.ee\/tyvirakukeskus\/tuvirakkudest-ja-vereloomest\/immuunsusteem\/","name":"Immuunsus ja immuuns\u00fcsteem - T\u00fcvirakukeskus","isPartOf":{"@id":"https:\/\/www.kliinikum.ee\/tyvirakukeskus\/#website"},"datePublished":"2023-06-09T10:20:21+00:00","dateModified":"2023-10-03T18:15:13+00:00","breadcrumb":{"@id":"https:\/\/www.kliinikum.ee\/tyvirakukeskus\/tuvirakkudest-ja-vereloomest\/immuunsusteem\/#breadcrumb"},"inLanguage":"et","potentialAction":[{"@type":"ReadAction","target":["https:\/\/www.kliinikum.ee\/tyvirakukeskus\/tuvirakkudest-ja-vereloomest\/immuunsusteem\/"]}]},{"@type":"BreadcrumbList","@id":"https:\/\/www.kliinikum.ee\/tyvirakukeskus\/tuvirakkudest-ja-vereloomest\/immuunsusteem\/#breadcrumb","itemListElement":[{"@type":"ListItem","position":1,"name":"Home","item":"https:\/\/www.kliinikum.ee\/tyvirakukeskus\/"},{"@type":"ListItem","position":2,"name":"T\u00fcvirakud ja veri","item":"https:\/\/www.kliinikum.ee\/tyvirakukeskus\/tuvirakkudest-ja-vereloomest\/"},{"@type":"ListItem","position":3,"name":"Immuunsus ja immuuns\u00fcsteem"}]},{"@type":"WebSite","@id":"https:\/\/www.kliinikum.ee\/tyvirakukeskus\/#website","url":"https:\/\/www.kliinikum.ee\/tyvirakukeskus\/","name":"T\u00fcvirakukeskus","description":"Hoolivus, Uuendusmeelsus, P\u00e4devus ja Usaldusv\u00e4\u00e4rsus","potentialAction":[{"@type":"SearchAction","target":{"@type":"EntryPoint","urlTemplate":"https:\/\/www.kliinikum.ee\/tyvirakukeskus\/?s={search_term_string}"},"query-input":{"@type":"PropertyValueSpecification","valueRequired":true,"valueName":"search_term_string"}}],"inLanguage":"et"}]}},"uagb_featured_image_src":{"full":false,"thumbnail":false,"medium":false,"medium_large":false,"large":false,"1536x1536":false,"2048x2048":false},"uagb_author_info":{"display_name":"Jane Freimann","author_link":"https:\/\/www.kliinikum.ee\/tyvirakukeskus\/author\/janef\/"},"uagb_comment_info":0,"uagb_excerpt":"Immuunsuse all m\u00f5istame organismi kaitsemehhanisme sinna sattunud v\u00f5\u00f5rast geneetilist informatsiooni sisaldavate struktuuride- haigustekitajate (bakterid, viirused, seened), teiselt organismist p\u00e4rineva bioloogilise materjali (rakud, koed, elundid), toksiliste ainete, aga ka kasvajate vastu. Immuunsuse \u00fclesanne on tagada organismile stabiilne sisekeskkond ning eristada oma v\u00f5\u00f5rast. Immuunsuse toimimise aluseks on immuuns\u00fcsteem. Immuuns\u00fcsteemi ei saa seostada \u00fche kindla k\u00f5ikeh\u00f5lmava elundiga, immuunsuse&hellip;","_links":{"self":[{"href":"https:\/\/www.kliinikum.ee\/tyvirakukeskus\/wp-json\/wp\/v2\/pages\/5883","targetHints":{"allow":["GET"]}}],"collection":[{"href":"https:\/\/www.kliinikum.ee\/tyvirakukeskus\/wp-json\/wp\/v2\/pages"}],"about":[{"href":"https:\/\/www.kliinikum.ee\/tyvirakukeskus\/wp-json\/wp\/v2\/types\/page"}],"author":[{"embeddable":true,"href":"https:\/\/www.kliinikum.ee\/tyvirakukeskus\/wp-json\/wp\/v2\/users\/34"}],"replies":[{"embeddable":true,"href":"https:\/\/www.kliinikum.ee\/tyvirakukeskus\/wp-json\/wp\/v2\/comments?post=5883"}],"version-history":[{"count":0,"href":"https:\/\/www.kliinikum.ee\/tyvirakukeskus\/wp-json\/wp\/v2\/pages\/5883\/revisions"}],"up":[{"embeddable":true,"href":"https:\/\/www.kliinikum.ee\/tyvirakukeskus\/wp-json\/wp\/v2\/pages\/5850"}],"wp:attachment":[{"href":"https:\/\/www.kliinikum.ee\/tyvirakukeskus\/wp-json\/wp\/v2\/media?parent=5883"}],"curies":[{"name":"wp","href":"https:\/\/api.w.org\/{rel}","templated":true}]}}