{"id":5893,"date":"2023-06-09T12:33:15","date_gmt":"2023-06-09T10:33:15","guid":{"rendered":"https:\/\/www.kliinikum.ee\/tyvirakukeskus\/?page_id=5893"},"modified":"2023-12-26T10:58:27","modified_gmt":"2023-12-26T08:58:27","slug":"varane-taastumine","status":"publish","type":"page","link":"https:\/\/www.kliinikum.ee\/tyvirakukeskus\/vereloome-tuvirakkude-siirdamine\/varane-taastumine\/","title":{"rendered":"Varane taastumine"},"content":{"rendered":"\n<p><strong>Allogeenne siirdamine.<\/strong><\/p>\n\n\n\n<p>Siirdamisj\u00e4rgselt algab vereloome taastumine 10- 14 p\u00e4eva peale doonori rakkude \u00fclekandmist. Vahepeal on periood, kus patsiendi enda vereloome on juba siirdamiseelse konditsioneeriva raviga h\u00e4vitatud ning \u00fclekantud doonori rakud ei ole veel j\u00f5udnud vereloomet taastada. Sellel perioodil patsiendi vere anal\u00fc\u00fcsis valgete vereliblede arv langeb nullini, oluliselt langeb ka trombots\u00fc\u00fctide ehk vereliistakute ning er\u00fctrots\u00fc\u00fctide arv. Er\u00fctrots\u00fc\u00fctide ja trombots\u00fc\u00fctide arvu langust on v\u00f5imalik kompenseerida verekomponentide \u00fclekannetega. Leukots\u00fc\u00fctide arvu langus teeb patsiendi vastuv\u00f5tlikuks erinevate bakteriaalsete infektsioonide suhtes. Bakteriaalsed infektsioonid ongi varases siirdamisj\u00e4rgses perioodis patsienti k\u00f5ige enam ohustavaks faktoriks.<br>Teiseks v\u00e4ga oluliseks siirdamisj\u00e4rgseks t\u00fcsistuseks on transplantaat (siirik) peremehevastane haigus (reaktsioon). See reaktsioon tuleneb doonori ja patsiendi rakkude vahelisest immunoloogilisest sobimatusest. Kuigi siirdamiseelselt p\u00fc\u00fctakse patsiendile parim sobiv doonor, ei suuda siirdamiseelsed sobivusproovid siiski k\u00f5iki probleeme \u00e4ra hoida. Transplantaat peremehevastase reaktsiooni puhul tunnistavad koos vereloome t\u00fcvirakkudega \u00fclekantavad doonori T-l\u00fcmfots\u00fc\u00fcdid patsiendi organism v\u00f5\u00f5raks ning p\u00fc\u00fcavad seda kahjustada. Samas on need \u00fclekantavad doonori T-l\u00fcmfots\u00fc\u00fcdid vajalikud v\u00f5imalike keemiaravi \u00fcleelanud kasvajarakkude h\u00e4vitamiseks. Esimese 100 siirdamisj\u00e4rgse p\u00e4eva jooksul tekkinud transplantaat peremehevastast haigust nimetatakse \u00e4gedaks ning v\u00e4ljendub see p\u00f5hiliselt kolme vormina- nahal\u00f6\u00f6bena, k\u00f5hulahtisusena v\u00f5i maksafunktsiooni langusena.<\/p>\n","protected":false},"excerpt":{"rendered":"<p>Allogeenne siirdamine. Siirdamisj\u00e4rgselt algab vereloome taastumine 10- 14 p\u00e4eva peale doonori rakkude \u00fclekandmist. Vahepeal on periood, kus patsiendi enda vereloome on juba siirdamiseelse konditsioneeriva raviga h\u00e4vitatud ning \u00fclekantud doonori rakud ei ole veel j\u00f5udnud vereloomet taastada. Sellel perioodil patsiendi vere anal\u00fc\u00fcsis valgete vereliblede arv langeb nullini, oluliselt langeb ka trombots\u00fc\u00fctide ehk vereliistakute ning er\u00fctrots\u00fc\u00fctide arv. [&hellip;]<\/p>\n","protected":false},"author":34,"featured_media":0,"parent":5853,"menu_order":5,"comment_status":"closed","ping_status":"closed","template":"","meta":{"_acf_changed":false,"_uag_custom_page_level_css":"","footnotes":""},"class_list":["post-5893","page","type-page","status-publish","hentry"],"acf":[],"yoast_head":"<!-- This site is optimized with the Yoast SEO plugin v27.3 - https:\/\/yoast.com\/product\/yoast-seo-wordpress\/ -->\n<title>Varane taastumine - T\u00fcvirakukeskus<\/title>\n<meta name=\"robots\" content=\"index, follow, max-snippet:-1, max-image-preview:large, max-video-preview:-1\" \/>\n<link rel=\"canonical\" href=\"https:\/\/www.kliinikum.ee\/tyvirakukeskus\/vereloome-tuvirakkude-siirdamine\/varane-taastumine\/\" \/>\n<meta property=\"og:locale\" content=\"et_EE\" \/>\n<meta property=\"og:type\" content=\"article\" \/>\n<meta property=\"og:title\" content=\"Varane taastumine - T\u00fcvirakukeskus\" \/>\n<meta property=\"og:description\" content=\"Allogeenne siirdamine. Siirdamisj\u00e4rgselt algab vereloome taastumine 10- 14 p\u00e4eva peale doonori rakkude \u00fclekandmist. Vahepeal on periood, kus patsiendi enda vereloome on juba siirdamiseelse konditsioneeriva raviga h\u00e4vitatud ning \u00fclekantud doonori rakud ei ole veel j\u00f5udnud vereloomet taastada. Sellel perioodil patsiendi vere anal\u00fc\u00fcsis valgete vereliblede arv langeb nullini, oluliselt langeb ka trombots\u00fc\u00fctide ehk vereliistakute ning er\u00fctrots\u00fc\u00fctide arv. [&hellip;]\" \/>\n<meta property=\"og:url\" content=\"https:\/\/www.kliinikum.ee\/tyvirakukeskus\/vereloome-tuvirakkude-siirdamine\/varane-taastumine\/\" \/>\n<meta property=\"og:site_name\" content=\"T\u00fcvirakukeskus\" \/>\n<meta property=\"article:modified_time\" content=\"2023-12-26T08:58:27+00:00\" \/>\n<meta name=\"twitter:card\" content=\"summary_large_image\" \/>\n<meta name=\"twitter:label1\" content=\"Est. reading time\" \/>\n\t<meta name=\"twitter:data1\" content=\"1 minut\" \/>\n<script type=\"application\/ld+json\" class=\"yoast-schema-graph\">{\"@context\":\"https:\\\/\\\/schema.org\",\"@graph\":[{\"@type\":\"WebPage\",\"@id\":\"https:\\\/\\\/www.kliinikum.ee\\\/tyvirakukeskus\\\/vereloome-tuvirakkude-siirdamine\\\/varane-taastumine\\\/\",\"url\":\"https:\\\/\\\/www.kliinikum.ee\\\/tyvirakukeskus\\\/vereloome-tuvirakkude-siirdamine\\\/varane-taastumine\\\/\",\"name\":\"Varane taastumine - T\u00fcvirakukeskus\",\"isPartOf\":{\"@id\":\"https:\\\/\\\/www.kliinikum.ee\\\/tyvirakukeskus\\\/#website\"},\"datePublished\":\"2023-06-09T10:33:15+00:00\",\"dateModified\":\"2023-12-26T08:58:27+00:00\",\"breadcrumb\":{\"@id\":\"https:\\\/\\\/www.kliinikum.ee\\\/tyvirakukeskus\\\/vereloome-tuvirakkude-siirdamine\\\/varane-taastumine\\\/#breadcrumb\"},\"inLanguage\":\"et\",\"potentialAction\":[{\"@type\":\"ReadAction\",\"target\":[\"https:\\\/\\\/www.kliinikum.ee\\\/tyvirakukeskus\\\/vereloome-tuvirakkude-siirdamine\\\/varane-taastumine\\\/\"]}]},{\"@type\":\"BreadcrumbList\",\"@id\":\"https:\\\/\\\/www.kliinikum.ee\\\/tyvirakukeskus\\\/vereloome-tuvirakkude-siirdamine\\\/varane-taastumine\\\/#breadcrumb\",\"itemListElement\":[{\"@type\":\"ListItem\",\"position\":1,\"name\":\"Home\",\"item\":\"https:\\\/\\\/www.kliinikum.ee\\\/tyvirakukeskus\\\/\"},{\"@type\":\"ListItem\",\"position\":2,\"name\":\"Siirdamine\",\"item\":\"https:\\\/\\\/www.kliinikum.ee\\\/tyvirakukeskus\\\/vereloome-tuvirakkude-siirdamine\\\/\"},{\"@type\":\"ListItem\",\"position\":3,\"name\":\"Varane taastumine\"}]},{\"@type\":\"WebSite\",\"@id\":\"https:\\\/\\\/www.kliinikum.ee\\\/tyvirakukeskus\\\/#website\",\"url\":\"https:\\\/\\\/www.kliinikum.ee\\\/tyvirakukeskus\\\/\",\"name\":\"T\u00fcvirakukeskus\",\"description\":\"Hoolivus, Uuendusmeelsus, P\u00e4devus ja Usaldusv\u00e4\u00e4rsus\",\"potentialAction\":[{\"@type\":\"SearchAction\",\"target\":{\"@type\":\"EntryPoint\",\"urlTemplate\":\"https:\\\/\\\/www.kliinikum.ee\\\/tyvirakukeskus\\\/?s={search_term_string}\"},\"query-input\":{\"@type\":\"PropertyValueSpecification\",\"valueRequired\":true,\"valueName\":\"search_term_string\"}}],\"inLanguage\":\"et\"}]}<\/script>\n<!-- \/ Yoast SEO plugin. -->","yoast_head_json":{"title":"Varane taastumine - T\u00fcvirakukeskus","robots":{"index":"index","follow":"follow","max-snippet":"max-snippet:-1","max-image-preview":"max-image-preview:large","max-video-preview":"max-video-preview:-1"},"canonical":"https:\/\/www.kliinikum.ee\/tyvirakukeskus\/vereloome-tuvirakkude-siirdamine\/varane-taastumine\/","og_locale":"et_EE","og_type":"article","og_title":"Varane taastumine - T\u00fcvirakukeskus","og_description":"Allogeenne siirdamine. Siirdamisj\u00e4rgselt algab vereloome taastumine 10- 14 p\u00e4eva peale doonori rakkude \u00fclekandmist. Vahepeal on periood, kus patsiendi enda vereloome on juba siirdamiseelse konditsioneeriva raviga h\u00e4vitatud ning \u00fclekantud doonori rakud ei ole veel j\u00f5udnud vereloomet taastada. Sellel perioodil patsiendi vere anal\u00fc\u00fcsis valgete vereliblede arv langeb nullini, oluliselt langeb ka trombots\u00fc\u00fctide ehk vereliistakute ning er\u00fctrots\u00fc\u00fctide arv. [&hellip;]","og_url":"https:\/\/www.kliinikum.ee\/tyvirakukeskus\/vereloome-tuvirakkude-siirdamine\/varane-taastumine\/","og_site_name":"T\u00fcvirakukeskus","article_modified_time":"2023-12-26T08:58:27+00:00","twitter_card":"summary_large_image","twitter_misc":{"Est. reading time":"1 minut"},"schema":{"@context":"https:\/\/schema.org","@graph":[{"@type":"WebPage","@id":"https:\/\/www.kliinikum.ee\/tyvirakukeskus\/vereloome-tuvirakkude-siirdamine\/varane-taastumine\/","url":"https:\/\/www.kliinikum.ee\/tyvirakukeskus\/vereloome-tuvirakkude-siirdamine\/varane-taastumine\/","name":"Varane taastumine - T\u00fcvirakukeskus","isPartOf":{"@id":"https:\/\/www.kliinikum.ee\/tyvirakukeskus\/#website"},"datePublished":"2023-06-09T10:33:15+00:00","dateModified":"2023-12-26T08:58:27+00:00","breadcrumb":{"@id":"https:\/\/www.kliinikum.ee\/tyvirakukeskus\/vereloome-tuvirakkude-siirdamine\/varane-taastumine\/#breadcrumb"},"inLanguage":"et","potentialAction":[{"@type":"ReadAction","target":["https:\/\/www.kliinikum.ee\/tyvirakukeskus\/vereloome-tuvirakkude-siirdamine\/varane-taastumine\/"]}]},{"@type":"BreadcrumbList","@id":"https:\/\/www.kliinikum.ee\/tyvirakukeskus\/vereloome-tuvirakkude-siirdamine\/varane-taastumine\/#breadcrumb","itemListElement":[{"@type":"ListItem","position":1,"name":"Home","item":"https:\/\/www.kliinikum.ee\/tyvirakukeskus\/"},{"@type":"ListItem","position":2,"name":"Siirdamine","item":"https:\/\/www.kliinikum.ee\/tyvirakukeskus\/vereloome-tuvirakkude-siirdamine\/"},{"@type":"ListItem","position":3,"name":"Varane taastumine"}]},{"@type":"WebSite","@id":"https:\/\/www.kliinikum.ee\/tyvirakukeskus\/#website","url":"https:\/\/www.kliinikum.ee\/tyvirakukeskus\/","name":"T\u00fcvirakukeskus","description":"Hoolivus, Uuendusmeelsus, P\u00e4devus ja Usaldusv\u00e4\u00e4rsus","potentialAction":[{"@type":"SearchAction","target":{"@type":"EntryPoint","urlTemplate":"https:\/\/www.kliinikum.ee\/tyvirakukeskus\/?s={search_term_string}"},"query-input":{"@type":"PropertyValueSpecification","valueRequired":true,"valueName":"search_term_string"}}],"inLanguage":"et"}]}},"uagb_featured_image_src":{"full":false,"thumbnail":false,"medium":false,"medium_large":false,"large":false,"1536x1536":false,"2048x2048":false},"uagb_author_info":{"display_name":"Jane Freimann","author_link":"https:\/\/www.kliinikum.ee\/tyvirakukeskus\/author\/janef\/"},"uagb_comment_info":0,"uagb_excerpt":"Allogeenne siirdamine. Siirdamisj\u00e4rgselt algab vereloome taastumine 10- 14 p\u00e4eva peale doonori rakkude \u00fclekandmist. Vahepeal on periood, kus patsiendi enda vereloome on juba siirdamiseelse konditsioneeriva raviga h\u00e4vitatud ning \u00fclekantud doonori rakud ei ole veel j\u00f5udnud vereloomet taastada. Sellel perioodil patsiendi vere anal\u00fc\u00fcsis valgete vereliblede arv langeb nullini, oluliselt langeb ka trombots\u00fc\u00fctide ehk vereliistakute ning er\u00fctrots\u00fc\u00fctide arv.&hellip;","_links":{"self":[{"href":"https:\/\/www.kliinikum.ee\/tyvirakukeskus\/wp-json\/wp\/v2\/pages\/5893","targetHints":{"allow":["GET"]}}],"collection":[{"href":"https:\/\/www.kliinikum.ee\/tyvirakukeskus\/wp-json\/wp\/v2\/pages"}],"about":[{"href":"https:\/\/www.kliinikum.ee\/tyvirakukeskus\/wp-json\/wp\/v2\/types\/page"}],"author":[{"embeddable":true,"href":"https:\/\/www.kliinikum.ee\/tyvirakukeskus\/wp-json\/wp\/v2\/users\/34"}],"replies":[{"embeddable":true,"href":"https:\/\/www.kliinikum.ee\/tyvirakukeskus\/wp-json\/wp\/v2\/comments?post=5893"}],"version-history":[{"count":0,"href":"https:\/\/www.kliinikum.ee\/tyvirakukeskus\/wp-json\/wp\/v2\/pages\/5893\/revisions"}],"up":[{"embeddable":true,"href":"https:\/\/www.kliinikum.ee\/tyvirakukeskus\/wp-json\/wp\/v2\/pages\/5853"}],"wp:attachment":[{"href":"https:\/\/www.kliinikum.ee\/tyvirakukeskus\/wp-json\/wp\/v2\/media?parent=5893"}],"curies":[{"name":"wp","href":"https:\/\/api.w.org\/{rel}","templated":true}]}}