{"id":5903,"date":"2023-06-09T12:46:55","date_gmt":"2023-06-09T10:46:55","guid":{"rendered":"https:\/\/www.kliinikum.ee\/tyvirakukeskus\/?page_id=5903"},"modified":"2023-06-29T20:01:25","modified_gmt":"2023-06-29T18:01:25","slug":"perifeerse-vere-vereloome-tuvirakkude-annetus","status":"publish","type":"page","link":"https:\/\/www.kliinikum.ee\/tyvirakukeskus\/vereloome-tuvirakkude-annetus\/perifeerse-vere-vereloome-tuvirakkude-annetus\/","title":{"rendered":"Vereloome t\u00fcvirakkude kogumine perifeersest verest"},"content":{"rendered":"\n<p>Vereloome t\u00fcvirakkude kogumiseks perifeersest verest on vajalik vereloome t\u00fcvirakkude mobiliseerimine luu\u00fcdist perifeersesse verre. Autoloogse ja allogeense doonori puhul kasutatakse selleks m\u00f5nev\u00f5rra erinevaid meetodeid.<\/p>\n\n\n\n<p>Allogeense doonori puhul kasutatakse enamasti granulots\u00fc\u00fctide kasvufaktorit. Seda kasvufaktorit leidub v\u00e4ikestes kogustes k\u00f5ikide inimeste organismis ja tema funktsooniks on neutrofiilsete granulots\u00fc\u00fctide arengu stimuleerimine. Granulots\u00fc\u00fctide kasvufaktorit manustatakse 4-5 p\u00e4eva. Selle ajaga liigub osa vereloome t\u00fcvirakkudest vereringesse ja sealt on neid v\u00f5imalik spetsiaalselt selleks etten\u00e4htud aparaadiga, mida nimetatakse rakuseparaatoriks koguda.&nbsp;<\/p>\n\n\n\n<p>M\u00f5ningatel juhtudel ei piisa ainult granulots\u00fc\u00fctide kasvufaktorist selleks, et mobiliseerida perifeersesse verre piisav hulk vereloome t\u00fcvirakke. Siis on vajalik lisaks granulots\u00fc\u00fctide kasvufaktorile kasutada pleriksafoori. Pleriksafoor seondub vereloome t\u00fcvirakkude pinnal asuva retseptoriga, mille tulemusel t\u00fcvirakk liigub luu\u00fcdist perifeersesse verre.<\/p>\n\n\n\n<p>Autoloogsete vereloome t\u00fcvirakkude mobiliseerimiseks perifeersesse verre on v\u00f5imalik sarnaselt allogeense doonoriga, kuid enamasti kombineeritakse granulots\u00fc\u00fctide kasufaktorit keemiaraviga. Keemiaravi toimel tekkinud neutropeeniast taastumise perioodil manustatava granulots\u00fc\u00fctide kasvufaktori toimel liiguvad vereloome t\u00fcvirakud luu\u00fcdist perifeersesse verre, keemiaravi ja granulots\u00fc\u00fctide kasvufaktori koostoimel on luu\u00fcdist verre mobiliseeritud t\u00fcvirakkude hulk enamasti suurem kui vaid granulots\u00fc\u00fctide kasvufaktorit kasutades. Enamasti valitakse autoloogse doonori (kes tegelikult on ju autoloogset siirdamist vajav patsient) puhul vereloome t\u00fcvirakkude mobiliseerimiseks selline keemiaravi kombinatsioon, millel on ka antud autoloogse doonori kasvajalist haigust m\u00f5jutav toime.<\/p>\n\n\n\n<p>Vereloome t\u00fcvirakkude verre mobiliseerumise p\u00e4eva ei ole v\u00f5imalik v\u00e4ga t\u00e4pselt ette ennustada, allogeense doonori puhul planeeritakse t\u00fcvirakkude kogumine viiendaks p\u00e4evaks peale neljap\u00e4evast granulots\u00fc\u00fctide kasvufaktori manustamist. Autoloogse doonori puhul ei ole t\u00fcvirakkude kogumise p\u00e4eva v\u00f5imalik nii t\u00e4pset ette ennustada, enamasti on see 10.- 14. p\u00e4eval peale mobiliseerimiseks kasutatud keemiarvi algust. Selleks, et m\u00e4\u00e4rata t\u00e4pset kogumisp\u00e4eva m\u00e4\u00e4ratakse prognoositavatel kogumisp\u00e4evadel doonori veres vereloome t\u00fcvirakkude hulk ning kui eid on sel \u00fcle kehtestatud alampiiri alustatakse kogumist.<\/p>\n\n\n\n<p>Mitte alati ei \u00f5nnestu ravimite toimel piisaval hulgal vereloome t\u00fcvirakke perifeersesse verre mobiliseerida, sellisel juhul kaalutakse alternatiivseid v\u00f5imalusi v\u00f5i tuleb planeeritavast siirdamisest loobuda.<\/p>\n\n\n\n<div class=\"wp-block-columns is-layout-flex wp-container-core-columns-is-layout-28f84493 wp-block-columns-is-layout-flex\">\n<div class=\"wp-block-column is-layout-flow wp-block-column-is-layout-flow\" style=\"flex-basis:33.33%\">\n<figure class=\"wp-block-image size-full\"><img loading=\"lazy\" decoding=\"async\" width=\"197\" height=\"448\" src=\"https:\/\/www.kliinikum.ee\/tyvirakukeskus\/wp-content\/uploads\/2023\/06\/Spectra-Optia-2.jpg\" alt=\"\" class=\"wp-image-6137\" srcset=\"https:\/\/www.kliinikum.ee\/tyvirakukeskus\/wp-content\/uploads\/2023\/06\/Spectra-Optia-2.jpg 197w, https:\/\/www.kliinikum.ee\/tyvirakukeskus\/wp-content\/uploads\/2023\/06\/Spectra-Optia-2-132x300.jpg 132w\" sizes=\"auto, (max-width: 197px) 100vw, 197px\" \/><\/figure>\n<\/div>\n\n\n\n<div class=\"wp-block-column is-layout-flow wp-block-column-is-layout-flow\" style=\"flex-basis:66.66%\">\n<p>Vereloome t\u00fcvirakkude kogumiseks kasutatakse rakuseparaatorit. Vereloome t\u00fcvirakkude kogumiseks rajatakse doonorile kaks veeniteed- \u00fchte pidi liigub veri veresoonest rakuseparaatorise, kus toimub vereloome t\u00fcvirakkude eraldamine verest, teist veeniteed pidi liigub veri, millest on t\u00fcvirakkud eraldatud tagasi doonori vereringesse. Sellist protsessi nimetatakse afereesiks.<\/p>\n<\/div>\n<\/div>\n\n\n\n<p>Rakuseparaatori t\u00f6\u00f6 p\u00f5hineb tsentrifuugil, vere tsentrifuugimisel liiguvad suuremad ja raskemad rakud (nendeks rakkudeks on er\u00fctrots\u00fc\u00fcdid ehk punalibled) p\u00f5hja, v\u00e4iksemad ja kergemad rakud (nendeks on erinevad leukots\u00fc\u00fcdid, nende seas ka vereloome t\u00fcvirakud) j\u00e4\u00e4vad vahekihti ning plasma ja trombots\u00fc\u00fcdid j\u00e4\u00e4vad k\u00f5ige \u00fclemisse kihti. Rakuseparaatoris vahekihi rakud eemaldatakse ja nad liiguvad kogumiskotti, er\u00fctrots\u00fc\u00fcdid ja plasma kantakse tagasi doonori vereringesse.<\/p>\n\n\n\n<div class=\"wp-block-columns is-layout-flex wp-container-core-columns-is-layout-28f84493 wp-block-columns-is-layout-flex\">\n<div class=\"wp-block-column is-layout-flow wp-block-column-is-layout-flow\">\n<figure class=\"wp-block-image size-large\"><img loading=\"lazy\" decoding=\"async\" width=\"300\" height=\"315\" src=\"https:\/\/www.kliinikum.ee\/tyvirakukeskus\/wp-content\/uploads\/2023\/06\/Apheresis.svg\" alt=\"\" class=\"wp-image-6154\"\/><\/figure>\n<\/div>\n\n\n\n<div class=\"wp-block-column is-layout-flow wp-block-column-is-layout-flow\">\n<ol class=\"wp-block-list\">\n<li>Veri liigub doonori vereringest rakuseparaatori tsentrifuugi<\/li>\n\n\n\n<li>Plasma ja trombots\u00fc\u00fcdid<\/li>\n\n\n\n<li>Vahekiht<\/li>\n\n\n\n<li>Er\u00fctrots\u00fc\u00fcdid<\/li>\n\n\n\n<li>Plasma ja er\u00fctrots\u00fc\u00fcdid liiguvad tagasi doonori vereringesse<\/li>\n<\/ol>\n<\/div>\n<\/div>\n\n\n\n<div class=\"wp-block-columns is-layout-flex wp-container-core-columns-is-layout-28f84493 wp-block-columns-is-layout-flex\">\n<div class=\"wp-block-column is-layout-flow wp-block-column-is-layout-flow\">\n<figure class=\"wp-block-image size-large\"><img loading=\"lazy\" decoding=\"async\" width=\"1024\" height=\"575\" src=\"https:\/\/www.kliinikum.ee\/tyvirakukeskus\/wp-content\/uploads\/2023\/06\/Tuvirakuprodukt-1024x575.jpg\" alt=\"\" class=\"wp-image-6176\" srcset=\"https:\/\/www.kliinikum.ee\/tyvirakukeskus\/wp-content\/uploads\/2023\/06\/Tuvirakuprodukt-1024x575.jpg 1024w, https:\/\/www.kliinikum.ee\/tyvirakukeskus\/wp-content\/uploads\/2023\/06\/Tuvirakuprodukt-300x169.jpg 300w, https:\/\/www.kliinikum.ee\/tyvirakukeskus\/wp-content\/uploads\/2023\/06\/Tuvirakuprodukt-768x431.jpg 768w, https:\/\/www.kliinikum.ee\/tyvirakukeskus\/wp-content\/uploads\/2023\/06\/Tuvirakuprodukt-1536x863.jpg 1536w, https:\/\/www.kliinikum.ee\/tyvirakukeskus\/wp-content\/uploads\/2023\/06\/Tuvirakuprodukt.jpg 1725w\" sizes=\"auto, (max-width: 1024px) 100vw, 1024px\" \/><\/figure>\n<\/div>\n\n\n\n<div class=\"wp-block-column is-layout-flow wp-block-column-is-layout-flow\">\n<p>Perifeersest verest afereesi teel vahekihist kogutud vereloome t\u00fcvirakkude produkt sisaldab lisaks vereloome t\u00fcvirakkudele nendele suuruselt sarvnaseid teisi vahekihi rakke: T- l\u00fcmfots\u00fc\u00fcte, B- l\u00fcmfots\u00fc\u00fcte, NK- rakke. Need rakud on \u00fchelt poolt vajalikud edukaks siirdamise l\u00e4biviimiseks, teiselt poolt j\u00e4lle on nad mitmete oluliste komplikatsioonide p\u00f5hjustajateks.<\/p>\n<\/div>\n<\/div>\n","protected":false},"excerpt":{"rendered":"<p>Vereloome t\u00fcvirakkude kogumiseks perifeersest verest on vajalik vereloome t\u00fcvirakkude mobiliseerimine luu\u00fcdist perifeersesse verre. Autoloogse ja allogeense doonori puhul kasutatakse selleks m\u00f5nev\u00f5rra erinevaid meetodeid. Allogeense doonori puhul kasutatakse enamasti granulots\u00fc\u00fctide kasvufaktorit. Seda kasvufaktorit leidub v\u00e4ikestes kogustes k\u00f5ikide inimeste organismis ja tema funktsooniks on neutrofiilsete granulots\u00fc\u00fctide arengu stimuleerimine. Granulots\u00fc\u00fctide kasvufaktorit manustatakse 4-5 p\u00e4eva. Selle ajaga liigub osa [&hellip;]<\/p>\n","protected":false},"author":34,"featured_media":0,"parent":5856,"menu_order":3,"comment_status":"closed","ping_status":"closed","template":"","meta":{"_acf_changed":false,"_uag_custom_page_level_css":"","footnotes":""},"class_list":["post-5903","page","type-page","status-publish","hentry"],"acf":[],"yoast_head":"<!-- This site is optimized with the Yoast SEO plugin v27.3 - https:\/\/yoast.com\/product\/yoast-seo-wordpress\/ -->\n<title>Vereloome t\u00fcvirakkude kogumine perifeersest verest - T\u00fcvirakukeskus<\/title>\n<meta name=\"robots\" content=\"index, follow, max-snippet:-1, max-image-preview:large, max-video-preview:-1\" \/>\n<link rel=\"canonical\" href=\"https:\/\/www.kliinikum.ee\/tyvirakukeskus\/vereloome-tuvirakkude-annetus\/perifeerse-vere-vereloome-tuvirakkude-annetus\/\" \/>\n<meta property=\"og:locale\" content=\"et_EE\" \/>\n<meta property=\"og:type\" content=\"article\" \/>\n<meta property=\"og:title\" content=\"Vereloome t\u00fcvirakkude kogumine perifeersest verest - T\u00fcvirakukeskus\" \/>\n<meta property=\"og:description\" content=\"Vereloome t\u00fcvirakkude kogumiseks perifeersest verest on vajalik vereloome t\u00fcvirakkude mobiliseerimine luu\u00fcdist perifeersesse verre. Autoloogse ja allogeense doonori puhul kasutatakse selleks m\u00f5nev\u00f5rra erinevaid meetodeid. Allogeense doonori puhul kasutatakse enamasti granulots\u00fc\u00fctide kasvufaktorit. Seda kasvufaktorit leidub v\u00e4ikestes kogustes k\u00f5ikide inimeste organismis ja tema funktsooniks on neutrofiilsete granulots\u00fc\u00fctide arengu stimuleerimine. Granulots\u00fc\u00fctide kasvufaktorit manustatakse 4-5 p\u00e4eva. Selle ajaga liigub osa [&hellip;]\" \/>\n<meta property=\"og:url\" content=\"https:\/\/www.kliinikum.ee\/tyvirakukeskus\/vereloome-tuvirakkude-annetus\/perifeerse-vere-vereloome-tuvirakkude-annetus\/\" \/>\n<meta property=\"og:site_name\" content=\"T\u00fcvirakukeskus\" \/>\n<meta property=\"article:modified_time\" content=\"2023-06-29T18:01:25+00:00\" \/>\n<meta property=\"og:image\" content=\"https:\/\/www.kliinikum.ee\/tyvirakukeskus\/wp-content\/uploads\/2023\/06\/Spectra-Optia-2.jpg\" \/>\n<meta name=\"twitter:card\" content=\"summary_large_image\" \/>\n<meta name=\"twitter:label1\" content=\"Est. reading time\" \/>\n\t<meta name=\"twitter:data1\" content=\"4 minutit\" \/>\n<script type=\"application\/ld+json\" class=\"yoast-schema-graph\">{\"@context\":\"https:\\\/\\\/schema.org\",\"@graph\":[{\"@type\":\"WebPage\",\"@id\":\"https:\\\/\\\/www.kliinikum.ee\\\/tyvirakukeskus\\\/vereloome-tuvirakkude-annetus\\\/perifeerse-vere-vereloome-tuvirakkude-annetus\\\/\",\"url\":\"https:\\\/\\\/www.kliinikum.ee\\\/tyvirakukeskus\\\/vereloome-tuvirakkude-annetus\\\/perifeerse-vere-vereloome-tuvirakkude-annetus\\\/\",\"name\":\"Vereloome t\u00fcvirakkude kogumine perifeersest verest - T\u00fcvirakukeskus\",\"isPartOf\":{\"@id\":\"https:\\\/\\\/www.kliinikum.ee\\\/tyvirakukeskus\\\/#website\"},\"primaryImageOfPage\":{\"@id\":\"https:\\\/\\\/www.kliinikum.ee\\\/tyvirakukeskus\\\/vereloome-tuvirakkude-annetus\\\/perifeerse-vere-vereloome-tuvirakkude-annetus\\\/#primaryimage\"},\"image\":{\"@id\":\"https:\\\/\\\/www.kliinikum.ee\\\/tyvirakukeskus\\\/vereloome-tuvirakkude-annetus\\\/perifeerse-vere-vereloome-tuvirakkude-annetus\\\/#primaryimage\"},\"thumbnailUrl\":\"https:\\\/\\\/www.kliinikum.ee\\\/tyvirakukeskus\\\/wp-content\\\/uploads\\\/2023\\\/06\\\/Spectra-Optia-2.jpg\",\"datePublished\":\"2023-06-09T10:46:55+00:00\",\"dateModified\":\"2023-06-29T18:01:25+00:00\",\"breadcrumb\":{\"@id\":\"https:\\\/\\\/www.kliinikum.ee\\\/tyvirakukeskus\\\/vereloome-tuvirakkude-annetus\\\/perifeerse-vere-vereloome-tuvirakkude-annetus\\\/#breadcrumb\"},\"inLanguage\":\"et\",\"potentialAction\":[{\"@type\":\"ReadAction\",\"target\":[\"https:\\\/\\\/www.kliinikum.ee\\\/tyvirakukeskus\\\/vereloome-tuvirakkude-annetus\\\/perifeerse-vere-vereloome-tuvirakkude-annetus\\\/\"]}]},{\"@type\":\"ImageObject\",\"inLanguage\":\"et\",\"@id\":\"https:\\\/\\\/www.kliinikum.ee\\\/tyvirakukeskus\\\/vereloome-tuvirakkude-annetus\\\/perifeerse-vere-vereloome-tuvirakkude-annetus\\\/#primaryimage\",\"url\":\"https:\\\/\\\/www.kliinikum.ee\\\/tyvirakukeskus\\\/wp-content\\\/uploads\\\/2023\\\/06\\\/Spectra-Optia-2.jpg\",\"contentUrl\":\"https:\\\/\\\/www.kliinikum.ee\\\/tyvirakukeskus\\\/wp-content\\\/uploads\\\/2023\\\/06\\\/Spectra-Optia-2.jpg\",\"width\":197,\"height\":448},{\"@type\":\"BreadcrumbList\",\"@id\":\"https:\\\/\\\/www.kliinikum.ee\\\/tyvirakukeskus\\\/vereloome-tuvirakkude-annetus\\\/perifeerse-vere-vereloome-tuvirakkude-annetus\\\/#breadcrumb\",\"itemListElement\":[{\"@type\":\"ListItem\",\"position\":1,\"name\":\"Home\",\"item\":\"https:\\\/\\\/www.kliinikum.ee\\\/tyvirakukeskus\\\/\"},{\"@type\":\"ListItem\",\"position\":2,\"name\":\"T\u00fcvirakkude kogumine\",\"item\":\"https:\\\/\\\/www.kliinikum.ee\\\/tyvirakukeskus\\\/vereloome-tuvirakkude-annetus\\\/\"},{\"@type\":\"ListItem\",\"position\":3,\"name\":\"Vereloome t\u00fcvirakkude kogumine perifeersest verest\"}]},{\"@type\":\"WebSite\",\"@id\":\"https:\\\/\\\/www.kliinikum.ee\\\/tyvirakukeskus\\\/#website\",\"url\":\"https:\\\/\\\/www.kliinikum.ee\\\/tyvirakukeskus\\\/\",\"name\":\"T\u00fcvirakukeskus\",\"description\":\"Hoolivus, Uuendusmeelsus, P\u00e4devus ja Usaldusv\u00e4\u00e4rsus\",\"potentialAction\":[{\"@type\":\"SearchAction\",\"target\":{\"@type\":\"EntryPoint\",\"urlTemplate\":\"https:\\\/\\\/www.kliinikum.ee\\\/tyvirakukeskus\\\/?s={search_term_string}\"},\"query-input\":{\"@type\":\"PropertyValueSpecification\",\"valueRequired\":true,\"valueName\":\"search_term_string\"}}],\"inLanguage\":\"et\"}]}<\/script>\n<!-- \/ Yoast SEO plugin. -->","yoast_head_json":{"title":"Vereloome t\u00fcvirakkude kogumine perifeersest verest - T\u00fcvirakukeskus","robots":{"index":"index","follow":"follow","max-snippet":"max-snippet:-1","max-image-preview":"max-image-preview:large","max-video-preview":"max-video-preview:-1"},"canonical":"https:\/\/www.kliinikum.ee\/tyvirakukeskus\/vereloome-tuvirakkude-annetus\/perifeerse-vere-vereloome-tuvirakkude-annetus\/","og_locale":"et_EE","og_type":"article","og_title":"Vereloome t\u00fcvirakkude kogumine perifeersest verest - T\u00fcvirakukeskus","og_description":"Vereloome t\u00fcvirakkude kogumiseks perifeersest verest on vajalik vereloome t\u00fcvirakkude mobiliseerimine luu\u00fcdist perifeersesse verre. Autoloogse ja allogeense doonori puhul kasutatakse selleks m\u00f5nev\u00f5rra erinevaid meetodeid. Allogeense doonori puhul kasutatakse enamasti granulots\u00fc\u00fctide kasvufaktorit. Seda kasvufaktorit leidub v\u00e4ikestes kogustes k\u00f5ikide inimeste organismis ja tema funktsooniks on neutrofiilsete granulots\u00fc\u00fctide arengu stimuleerimine. Granulots\u00fc\u00fctide kasvufaktorit manustatakse 4-5 p\u00e4eva. Selle ajaga liigub osa [&hellip;]","og_url":"https:\/\/www.kliinikum.ee\/tyvirakukeskus\/vereloome-tuvirakkude-annetus\/perifeerse-vere-vereloome-tuvirakkude-annetus\/","og_site_name":"T\u00fcvirakukeskus","article_modified_time":"2023-06-29T18:01:25+00:00","og_image":[{"url":"https:\/\/www.kliinikum.ee\/tyvirakukeskus\/wp-content\/uploads\/2023\/06\/Spectra-Optia-2.jpg","type":"","width":"","height":""}],"twitter_card":"summary_large_image","twitter_misc":{"Est. reading time":"4 minutit"},"schema":{"@context":"https:\/\/schema.org","@graph":[{"@type":"WebPage","@id":"https:\/\/www.kliinikum.ee\/tyvirakukeskus\/vereloome-tuvirakkude-annetus\/perifeerse-vere-vereloome-tuvirakkude-annetus\/","url":"https:\/\/www.kliinikum.ee\/tyvirakukeskus\/vereloome-tuvirakkude-annetus\/perifeerse-vere-vereloome-tuvirakkude-annetus\/","name":"Vereloome t\u00fcvirakkude kogumine perifeersest verest - T\u00fcvirakukeskus","isPartOf":{"@id":"https:\/\/www.kliinikum.ee\/tyvirakukeskus\/#website"},"primaryImageOfPage":{"@id":"https:\/\/www.kliinikum.ee\/tyvirakukeskus\/vereloome-tuvirakkude-annetus\/perifeerse-vere-vereloome-tuvirakkude-annetus\/#primaryimage"},"image":{"@id":"https:\/\/www.kliinikum.ee\/tyvirakukeskus\/vereloome-tuvirakkude-annetus\/perifeerse-vere-vereloome-tuvirakkude-annetus\/#primaryimage"},"thumbnailUrl":"https:\/\/www.kliinikum.ee\/tyvirakukeskus\/wp-content\/uploads\/2023\/06\/Spectra-Optia-2.jpg","datePublished":"2023-06-09T10:46:55+00:00","dateModified":"2023-06-29T18:01:25+00:00","breadcrumb":{"@id":"https:\/\/www.kliinikum.ee\/tyvirakukeskus\/vereloome-tuvirakkude-annetus\/perifeerse-vere-vereloome-tuvirakkude-annetus\/#breadcrumb"},"inLanguage":"et","potentialAction":[{"@type":"ReadAction","target":["https:\/\/www.kliinikum.ee\/tyvirakukeskus\/vereloome-tuvirakkude-annetus\/perifeerse-vere-vereloome-tuvirakkude-annetus\/"]}]},{"@type":"ImageObject","inLanguage":"et","@id":"https:\/\/www.kliinikum.ee\/tyvirakukeskus\/vereloome-tuvirakkude-annetus\/perifeerse-vere-vereloome-tuvirakkude-annetus\/#primaryimage","url":"https:\/\/www.kliinikum.ee\/tyvirakukeskus\/wp-content\/uploads\/2023\/06\/Spectra-Optia-2.jpg","contentUrl":"https:\/\/www.kliinikum.ee\/tyvirakukeskus\/wp-content\/uploads\/2023\/06\/Spectra-Optia-2.jpg","width":197,"height":448},{"@type":"BreadcrumbList","@id":"https:\/\/www.kliinikum.ee\/tyvirakukeskus\/vereloome-tuvirakkude-annetus\/perifeerse-vere-vereloome-tuvirakkude-annetus\/#breadcrumb","itemListElement":[{"@type":"ListItem","position":1,"name":"Home","item":"https:\/\/www.kliinikum.ee\/tyvirakukeskus\/"},{"@type":"ListItem","position":2,"name":"T\u00fcvirakkude kogumine","item":"https:\/\/www.kliinikum.ee\/tyvirakukeskus\/vereloome-tuvirakkude-annetus\/"},{"@type":"ListItem","position":3,"name":"Vereloome t\u00fcvirakkude kogumine perifeersest verest"}]},{"@type":"WebSite","@id":"https:\/\/www.kliinikum.ee\/tyvirakukeskus\/#website","url":"https:\/\/www.kliinikum.ee\/tyvirakukeskus\/","name":"T\u00fcvirakukeskus","description":"Hoolivus, Uuendusmeelsus, P\u00e4devus ja Usaldusv\u00e4\u00e4rsus","potentialAction":[{"@type":"SearchAction","target":{"@type":"EntryPoint","urlTemplate":"https:\/\/www.kliinikum.ee\/tyvirakukeskus\/?s={search_term_string}"},"query-input":{"@type":"PropertyValueSpecification","valueRequired":true,"valueName":"search_term_string"}}],"inLanguage":"et"}]}},"uagb_featured_image_src":{"full":false,"thumbnail":false,"medium":false,"medium_large":false,"large":false,"1536x1536":false,"2048x2048":false},"uagb_author_info":{"display_name":"Jane Freimann","author_link":"https:\/\/www.kliinikum.ee\/tyvirakukeskus\/author\/janef\/"},"uagb_comment_info":0,"uagb_excerpt":"Vereloome t\u00fcvirakkude kogumiseks perifeersest verest on vajalik vereloome t\u00fcvirakkude mobiliseerimine luu\u00fcdist perifeersesse verre. Autoloogse ja allogeense doonori puhul kasutatakse selleks m\u00f5nev\u00f5rra erinevaid meetodeid. Allogeense doonori puhul kasutatakse enamasti granulots\u00fc\u00fctide kasvufaktorit. Seda kasvufaktorit leidub v\u00e4ikestes kogustes k\u00f5ikide inimeste organismis ja tema funktsooniks on neutrofiilsete granulots\u00fc\u00fctide arengu stimuleerimine. Granulots\u00fc\u00fctide kasvufaktorit manustatakse 4-5 p\u00e4eva. Selle ajaga liigub osa&hellip;","_links":{"self":[{"href":"https:\/\/www.kliinikum.ee\/tyvirakukeskus\/wp-json\/wp\/v2\/pages\/5903","targetHints":{"allow":["GET"]}}],"collection":[{"href":"https:\/\/www.kliinikum.ee\/tyvirakukeskus\/wp-json\/wp\/v2\/pages"}],"about":[{"href":"https:\/\/www.kliinikum.ee\/tyvirakukeskus\/wp-json\/wp\/v2\/types\/page"}],"author":[{"embeddable":true,"href":"https:\/\/www.kliinikum.ee\/tyvirakukeskus\/wp-json\/wp\/v2\/users\/34"}],"replies":[{"embeddable":true,"href":"https:\/\/www.kliinikum.ee\/tyvirakukeskus\/wp-json\/wp\/v2\/comments?post=5903"}],"version-history":[{"count":0,"href":"https:\/\/www.kliinikum.ee\/tyvirakukeskus\/wp-json\/wp\/v2\/pages\/5903\/revisions"}],"up":[{"embeddable":true,"href":"https:\/\/www.kliinikum.ee\/tyvirakukeskus\/wp-json\/wp\/v2\/pages\/5856"}],"wp:attachment":[{"href":"https:\/\/www.kliinikum.ee\/tyvirakukeskus\/wp-json\/wp\/v2\/media?parent=5903"}],"curies":[{"name":"wp","href":"https:\/\/api.w.org\/{rel}","templated":true}]}}