{"id":5919,"date":"2023-06-09T13:04:27","date_gmt":"2023-06-09T11:04:27","guid":{"rendered":"https:\/\/www.kliinikum.ee\/tyvirakukeskus\/?page_id=5919"},"modified":"2023-06-18T15:09:17","modified_gmt":"2023-06-18T13:09:17","slug":"car-t","status":"publish","type":"page","link":"https:\/\/www.kliinikum.ee\/tyvirakukeskus\/rakuravi\/car-t\/","title":{"rendered":"CAR-T"},"content":{"rendered":"\n<div class=\"wp-block-group has-global-padding\"><div class=\"wp-block-group__inner-container is-layout-constrained wp-block-group-is-layout-constrained\">\n<div class=\"wp-block-uagb-container uagb-block-6039a768 default uagb-is-root-container\">\n<div class=\"wp-block-group has-global-padding\"><div class=\"wp-block-group__inner-container is-layout-constrained wp-block-group-is-layout-constrained\">\n<figure class=\"wp-block-image size-large is-resized\"><img loading=\"lazy\" decoding=\"async\" src=\"https:\/\/www.kliinikum.ee\/tyvirakukeskus\/wp-content\/uploads\/2023\/06\/CAR-T-rakk_1.svg\" alt=\"\" class=\"wp-image-6114\" width=\"616\" height=\"331\"\/><\/figure>\n<\/div><\/div>\n<\/div>\n<\/div><\/div>\n\n\n\n<figure class=\"wp-block-image size-large is-resized\"><img loading=\"lazy\" decoding=\"async\" src=\"https:\/\/www.kliinikum.ee\/tyvirakukeskus\/wp-content\/uploads\/2023\/06\/CAR-T-rakk_2-4.svg\" alt=\"\" class=\"wp-image-6116\" width=\"558\" height=\"363\"\/><\/figure>\n\n\n\n<figure class=\"wp-block-image size-large is-resized\"><img loading=\"lazy\" decoding=\"async\" src=\"https:\/\/www.kliinikum.ee\/tyvirakukeskus\/wp-content\/uploads\/2023\/06\/CAR_T-cell_Therapy-1.svg\" alt=\"\" class=\"wp-image-6038\" width=\"839\" height=\"262\"\/><\/figure>\n\n\n\n<figure class=\"wp-block-image size-full\"><img loading=\"lazy\" decoding=\"async\" width=\"596\" height=\"408\" src=\"https:\/\/www.kliinikum.ee\/tyvirakukeskus\/wp-content\/uploads\/2023\/06\/CAR-T-rakkude-tootmine.png\" alt=\"\" class=\"wp-image-6042\" srcset=\"https:\/\/www.kliinikum.ee\/tyvirakukeskus\/wp-content\/uploads\/2023\/06\/CAR-T-rakkude-tootmine.png 596w, https:\/\/www.kliinikum.ee\/tyvirakukeskus\/wp-content\/uploads\/2023\/06\/CAR-T-rakkude-tootmine-300x205.png 300w\" sizes=\"auto, (max-width: 596px) 100vw, 596px\" \/><\/figure>\n","protected":false},"excerpt":{"rendered":"","protected":false},"author":31,"featured_media":0,"parent":5862,"menu_order":1,"comment_status":"closed","ping_status":"closed","template":"","meta":{"_acf_changed":false,"_uag_custom_page_level_css":"","footnotes":""},"class_list":["post-5919","page","type-page","status-publish","hentry"],"acf":[],"yoast_head":"<!-- This site is optimized with the Yoast SEO plugin v27.3 - https:\/\/yoast.com\/product\/yoast-seo-wordpress\/ -->\n<title>CAR-T - T\u00fcvirakukeskus<\/title>\n<meta name=\"robots\" content=\"index, follow, max-snippet:-1, max-image-preview:large, max-video-preview:-1\" \/>\n<link rel=\"canonical\" href=\"https:\/\/www.kliinikum.ee\/tyvirakukeskus\/rakuravi\/car-t\/\" \/>\n<meta property=\"og:locale\" content=\"et_EE\" \/>\n<meta property=\"og:type\" content=\"article\" \/>\n<meta property=\"og:title\" content=\"CAR-T - T\u00fcvirakukeskus\" \/>\n<meta property=\"og:url\" content=\"https:\/\/www.kliinikum.ee\/tyvirakukeskus\/rakuravi\/car-t\/\" \/>\n<meta property=\"og:site_name\" content=\"T\u00fcvirakukeskus\" \/>\n<meta property=\"article:modified_time\" content=\"2023-06-18T13:09:17+00:00\" \/>\n<meta property=\"og:image\" content=\"https:\/\/www.kliinikum.ee\/tyvirakukeskus\/wp-content\/uploads\/2023\/06\/CAR-T-rakk_1.svg\" \/>\n<meta name=\"twitter:card\" content=\"summary_large_image\" \/>\n<meta name=\"twitter:label1\" content=\"Est. reading time\" \/>\n\t<meta name=\"twitter:data1\" content=\"1 minut\" \/>\n<script type=\"application\/ld+json\" class=\"yoast-schema-graph\">{\"@context\":\"https:\\\/\\\/schema.org\",\"@graph\":[{\"@type\":\"WebPage\",\"@id\":\"https:\\\/\\\/www.kliinikum.ee\\\/tyvirakukeskus\\\/rakuravi\\\/car-t\\\/\",\"url\":\"https:\\\/\\\/www.kliinikum.ee\\\/tyvirakukeskus\\\/rakuravi\\\/car-t\\\/\",\"name\":\"CAR-T - T\u00fcvirakukeskus\",\"isPartOf\":{\"@id\":\"https:\\\/\\\/www.kliinikum.ee\\\/tyvirakukeskus\\\/#website\"},\"primaryImageOfPage\":{\"@id\":\"https:\\\/\\\/www.kliinikum.ee\\\/tyvirakukeskus\\\/rakuravi\\\/car-t\\\/#primaryimage\"},\"image\":{\"@id\":\"https:\\\/\\\/www.kliinikum.ee\\\/tyvirakukeskus\\\/rakuravi\\\/car-t\\\/#primaryimage\"},\"thumbnailUrl\":\"https:\\\/\\\/www.kliinikum.ee\\\/tyvirakukeskus\\\/wp-content\\\/uploads\\\/2023\\\/06\\\/CAR-T-rakk_1.svg\",\"datePublished\":\"2023-06-09T11:04:27+00:00\",\"dateModified\":\"2023-06-18T13:09:17+00:00\",\"breadcrumb\":{\"@id\":\"https:\\\/\\\/www.kliinikum.ee\\\/tyvirakukeskus\\\/rakuravi\\\/car-t\\\/#breadcrumb\"},\"inLanguage\":\"et\",\"potentialAction\":[{\"@type\":\"ReadAction\",\"target\":[\"https:\\\/\\\/www.kliinikum.ee\\\/tyvirakukeskus\\\/rakuravi\\\/car-t\\\/\"]}]},{\"@type\":\"ImageObject\",\"inLanguage\":\"et\",\"@id\":\"https:\\\/\\\/www.kliinikum.ee\\\/tyvirakukeskus\\\/rakuravi\\\/car-t\\\/#primaryimage\",\"url\":\"https:\\\/\\\/www.kliinikum.ee\\\/tyvirakukeskus\\\/wp-content\\\/uploads\\\/2023\\\/06\\\/CAR-T-rakk_1.svg\",\"contentUrl\":\"https:\\\/\\\/www.kliinikum.ee\\\/tyvirakukeskus\\\/wp-content\\\/uploads\\\/2023\\\/06\\\/CAR-T-rakk_1.svg\",\"width\":210,\"height\":113},{\"@type\":\"BreadcrumbList\",\"@id\":\"https:\\\/\\\/www.kliinikum.ee\\\/tyvirakukeskus\\\/rakuravi\\\/car-t\\\/#breadcrumb\",\"itemListElement\":[{\"@type\":\"ListItem\",\"position\":1,\"name\":\"Home\",\"item\":\"https:\\\/\\\/www.kliinikum.ee\\\/tyvirakukeskus\\\/\"},{\"@type\":\"ListItem\",\"position\":2,\"name\":\"Rakuravi\",\"item\":\"https:\\\/\\\/www.kliinikum.ee\\\/tyvirakukeskus\\\/rakuravi\\\/\"},{\"@type\":\"ListItem\",\"position\":3,\"name\":\"CAR-T\"}]},{\"@type\":\"WebSite\",\"@id\":\"https:\\\/\\\/www.kliinikum.ee\\\/tyvirakukeskus\\\/#website\",\"url\":\"https:\\\/\\\/www.kliinikum.ee\\\/tyvirakukeskus\\\/\",\"name\":\"T\u00fcvirakukeskus\",\"description\":\"Hoolivus, Uuendusmeelsus, P\u00e4devus ja Usaldusv\u00e4\u00e4rsus\",\"potentialAction\":[{\"@type\":\"SearchAction\",\"target\":{\"@type\":\"EntryPoint\",\"urlTemplate\":\"https:\\\/\\\/www.kliinikum.ee\\\/tyvirakukeskus\\\/?s={search_term_string}\"},\"query-input\":{\"@type\":\"PropertyValueSpecification\",\"valueRequired\":true,\"valueName\":\"search_term_string\"}}],\"inLanguage\":\"et\"}]}<\/script>\n<!-- \/ Yoast SEO plugin. -->","yoast_head_json":{"title":"CAR-T - T\u00fcvirakukeskus","robots":{"index":"index","follow":"follow","max-snippet":"max-snippet:-1","max-image-preview":"max-image-preview:large","max-video-preview":"max-video-preview:-1"},"canonical":"https:\/\/www.kliinikum.ee\/tyvirakukeskus\/rakuravi\/car-t\/","og_locale":"et_EE","og_type":"article","og_title":"CAR-T - T\u00fcvirakukeskus","og_url":"https:\/\/www.kliinikum.ee\/tyvirakukeskus\/rakuravi\/car-t\/","og_site_name":"T\u00fcvirakukeskus","article_modified_time":"2023-06-18T13:09:17+00:00","og_image":[{"url":"https:\/\/www.kliinikum.ee\/tyvirakukeskus\/wp-content\/uploads\/2023\/06\/CAR-T-rakk_1.svg","type":"","width":"","height":""}],"twitter_card":"summary_large_image","twitter_misc":{"Est. reading time":"1 minut"},"schema":{"@context":"https:\/\/schema.org","@graph":[{"@type":"WebPage","@id":"https:\/\/www.kliinikum.ee\/tyvirakukeskus\/rakuravi\/car-t\/","url":"https:\/\/www.kliinikum.ee\/tyvirakukeskus\/rakuravi\/car-t\/","name":"CAR-T - T\u00fcvirakukeskus","isPartOf":{"@id":"https:\/\/www.kliinikum.ee\/tyvirakukeskus\/#website"},"primaryImageOfPage":{"@id":"https:\/\/www.kliinikum.ee\/tyvirakukeskus\/rakuravi\/car-t\/#primaryimage"},"image":{"@id":"https:\/\/www.kliinikum.ee\/tyvirakukeskus\/rakuravi\/car-t\/#primaryimage"},"thumbnailUrl":"https:\/\/www.kliinikum.ee\/tyvirakukeskus\/wp-content\/uploads\/2023\/06\/CAR-T-rakk_1.svg","datePublished":"2023-06-09T11:04:27+00:00","dateModified":"2023-06-18T13:09:17+00:00","breadcrumb":{"@id":"https:\/\/www.kliinikum.ee\/tyvirakukeskus\/rakuravi\/car-t\/#breadcrumb"},"inLanguage":"et","potentialAction":[{"@type":"ReadAction","target":["https:\/\/www.kliinikum.ee\/tyvirakukeskus\/rakuravi\/car-t\/"]}]},{"@type":"ImageObject","inLanguage":"et","@id":"https:\/\/www.kliinikum.ee\/tyvirakukeskus\/rakuravi\/car-t\/#primaryimage","url":"https:\/\/www.kliinikum.ee\/tyvirakukeskus\/wp-content\/uploads\/2023\/06\/CAR-T-rakk_1.svg","contentUrl":"https:\/\/www.kliinikum.ee\/tyvirakukeskus\/wp-content\/uploads\/2023\/06\/CAR-T-rakk_1.svg","width":210,"height":113},{"@type":"BreadcrumbList","@id":"https:\/\/www.kliinikum.ee\/tyvirakukeskus\/rakuravi\/car-t\/#breadcrumb","itemListElement":[{"@type":"ListItem","position":1,"name":"Home","item":"https:\/\/www.kliinikum.ee\/tyvirakukeskus\/"},{"@type":"ListItem","position":2,"name":"Rakuravi","item":"https:\/\/www.kliinikum.ee\/tyvirakukeskus\/rakuravi\/"},{"@type":"ListItem","position":3,"name":"CAR-T"}]},{"@type":"WebSite","@id":"https:\/\/www.kliinikum.ee\/tyvirakukeskus\/#website","url":"https:\/\/www.kliinikum.ee\/tyvirakukeskus\/","name":"T\u00fcvirakukeskus","description":"Hoolivus, Uuendusmeelsus, P\u00e4devus ja Usaldusv\u00e4\u00e4rsus","potentialAction":[{"@type":"SearchAction","target":{"@type":"EntryPoint","urlTemplate":"https:\/\/www.kliinikum.ee\/tyvirakukeskus\/?s={search_term_string}"},"query-input":{"@type":"PropertyValueSpecification","valueRequired":true,"valueName":"search_term_string"}}],"inLanguage":"et"}]}},"uagb_featured_image_src":{"full":false,"thumbnail":false,"medium":false,"medium_large":false,"large":false,"1536x1536":false,"2048x2048":false},"uagb_author_info":{"display_name":"Ain Kaare","author_link":"https:\/\/www.kliinikum.ee\/tyvirakukeskus\/author\/ainka\/"},"uagb_comment_info":0,"uagb_excerpt":null,"_links":{"self":[{"href":"https:\/\/www.kliinikum.ee\/tyvirakukeskus\/wp-json\/wp\/v2\/pages\/5919","targetHints":{"allow":["GET"]}}],"collection":[{"href":"https:\/\/www.kliinikum.ee\/tyvirakukeskus\/wp-json\/wp\/v2\/pages"}],"about":[{"href":"https:\/\/www.kliinikum.ee\/tyvirakukeskus\/wp-json\/wp\/v2\/types\/page"}],"author":[{"embeddable":true,"href":"https:\/\/www.kliinikum.ee\/tyvirakukeskus\/wp-json\/wp\/v2\/users\/31"}],"replies":[{"embeddable":true,"href":"https:\/\/www.kliinikum.ee\/tyvirakukeskus\/wp-json\/wp\/v2\/comments?post=5919"}],"version-history":[{"count":0,"href":"https:\/\/www.kliinikum.ee\/tyvirakukeskus\/wp-json\/wp\/v2\/pages\/5919\/revisions"}],"up":[{"embeddable":true,"href":"https:\/\/www.kliinikum.ee\/tyvirakukeskus\/wp-json\/wp\/v2\/pages\/5862"}],"wp:attachment":[{"href":"https:\/\/www.kliinikum.ee\/tyvirakukeskus\/wp-json\/wp\/v2\/media?parent=5919"}],"curies":[{"name":"wp","href":"https:\/\/api.w.org\/{rel}","templated":true}]}}