{"id":5921,"date":"2023-06-09T13:05:30","date_gmt":"2023-06-09T11:05:30","guid":{"rendered":"https:\/\/www.kliinikum.ee\/tyvirakukeskus\/?page_id=5921"},"modified":"2023-10-22T20:59:21","modified_gmt":"2023-10-22T18:59:21","slug":"vereloome-tuvirakkude-siirdamise-ajalugu","status":"publish","type":"page","link":"https:\/\/www.kliinikum.ee\/tyvirakukeskus\/ajalugu-ja-statistika\/vereloome-tuvirakkude-siirdamise-ajalugu\/","title":{"rendered":"Vereloome t\u00fcvirakkude siirdamise ajalugu"},"content":{"rendered":"\n<p>Esimene inimese luudi \u00fclekanne teostati 1939 aastal, kui aplastilise aneemia diagnoosiga patsiendile kanti veenisiseselt \u00fcle doonori luu\u00fcdi.<\/p>\n\n\n\n<p>Esimene t\u00e4nap\u00e4eva m\u00f5istes vereloome t\u00fcvirakkude siirdamine teostati 1956 aastal E.Donnall Thomase poolt ning publitseeriti 12.09.1957 ajakirjas New England Journal of Medicine.<\/p>\n\n\n\n<p>Esimeses kliinilises uuringus teostati siirdamine kuuele patsiendile, vaid kahel \u00fclekantud t\u00fcvirakud siirdusid ning needki patsiendid surid esimese 100 p\u00e4eva jooksul peale siirdamist.<\/p>\n\n\n\n<p>Esimeste siirdamiste eba\u00f5nnestumise p\u00f5hjuseks oli, et sellel ajal ei teatud midagi veel koesobivuse antigeenidest.<\/p>\n\n\n\n<p>1960-ndate aastate teises pooles identifitseeriti inimese leukots\u00fc\u00fctide antigeenid (HLA), mis v\u00f5imaldas retsipiendile valida koesobivuse antigeenide osas sobiv doonor.<\/p>\n\n\n\n<p>1968 aastal teostati  esimene luu\u00fcdi siirdamine HLA- identselt sugulasdoonorilt. Retsipiendiks oli kaasas\u00fcndind immuunpuudulikkusega v\u00e4ikelaps, doonoriks aga tema 9 aastane \u00f5de.<\/p>\n\n\n\n<p>1972 aastal loodi USA-s Rahvusvaheline Luu\u00fcdi Siirdamise Register (International Bone Marrow Transplant Registry).<\/p>\n\n\n\n<p>1973 aastal teostati esimene allogeenne vereloome t\u00fcvirakkude siirdamine HLA identselt registridoonorilt.<\/p>\n\n\n\n<p>1974 loodi European Group for Blood and Marrow Transplantation (EBMT).<\/p>\n\n\n\n<p>1974 aastal loodi esimene vereloome t\u00fcvirakkude register- Anthony Nolan Foundation \u00dchendkuningriikides<\/p>\n\n\n\n<p>1986 loodi USA-s rahvuslik vereloome t\u00fcvirakkude doonorite register- National Marrow Donor Program ning 1988 aastal rahvusvaheline vereloome t\u00fcvirakkude register- Bone Marrow Donors Worldwide.<\/p>\n\n\n\n<p>E.Donnall Thomas sai 1990 aastal Nobeli meditsiinipreemia<\/p>\n\n\n\n<p>1990 aastate alguses kasutati esmakordselt allogeense siirdamise korral granulots\u00fc\u00fctide kolooniad stimuleeriva faktoriga perifeersesse verre mobiliseeritud vereloome t\u00fcvirakke.<\/p>\n\n\n\n<p><\/p>\n","protected":false},"excerpt":{"rendered":"<p>Esimene inimese luudi \u00fclekanne teostati 1939 aastal, kui aplastilise aneemia diagnoosiga patsiendile kanti veenisiseselt \u00fcle doonori luu\u00fcdi. Esimene t\u00e4nap\u00e4eva m\u00f5istes vereloome t\u00fcvirakkude siirdamine teostati 1956 aastal E.Donnall Thomase poolt ning publitseeriti 12.09.1957 ajakirjas New England Journal of Medicine. Esimeses kliinilises uuringus teostati siirdamine kuuele patsiendile, vaid kahel \u00fclekantud t\u00fcvirakud siirdusid ning needki patsiendid surid esimese [&hellip;]<\/p>\n","protected":false},"author":34,"featured_media":0,"parent":5865,"menu_order":1,"comment_status":"closed","ping_status":"closed","template":"","meta":{"_acf_changed":false,"_uag_custom_page_level_css":"","footnotes":""},"class_list":["post-5921","page","type-page","status-publish","hentry"],"acf":[],"yoast_head":"<!-- This site is optimized with the Yoast SEO plugin v27.5 - https:\/\/yoast.com\/product\/yoast-seo-wordpress\/ -->\n<title>Vereloome t\u00fcvirakkude siirdamise ajalugu - T\u00fcvirakukeskus<\/title>\n<meta name=\"robots\" content=\"index, follow, max-snippet:-1, max-image-preview:large, max-video-preview:-1\" \/>\n<link rel=\"canonical\" href=\"https:\/\/www.kliinikum.ee\/tyvirakukeskus\/ajalugu-ja-statistika\/vereloome-tuvirakkude-siirdamise-ajalugu\/\" \/>\n<meta property=\"og:locale\" content=\"et_EE\" \/>\n<meta property=\"og:type\" content=\"article\" \/>\n<meta property=\"og:title\" content=\"Vereloome t\u00fcvirakkude siirdamise ajalugu - T\u00fcvirakukeskus\" \/>\n<meta property=\"og:description\" content=\"Esimene inimese luudi \u00fclekanne teostati 1939 aastal, kui aplastilise aneemia diagnoosiga patsiendile kanti veenisiseselt \u00fcle doonori luu\u00fcdi. Esimene t\u00e4nap\u00e4eva m\u00f5istes vereloome t\u00fcvirakkude siirdamine teostati 1956 aastal E.Donnall Thomase poolt ning publitseeriti 12.09.1957 ajakirjas New England Journal of Medicine. Esimeses kliinilises uuringus teostati siirdamine kuuele patsiendile, vaid kahel \u00fclekantud t\u00fcvirakud siirdusid ning needki patsiendid surid esimese [&hellip;]\" \/>\n<meta property=\"og:url\" content=\"https:\/\/www.kliinikum.ee\/tyvirakukeskus\/ajalugu-ja-statistika\/vereloome-tuvirakkude-siirdamise-ajalugu\/\" \/>\n<meta property=\"og:site_name\" content=\"T\u00fcvirakukeskus\" \/>\n<meta property=\"article:modified_time\" content=\"2023-10-22T18:59:21+00:00\" \/>\n<meta name=\"twitter:card\" content=\"summary_large_image\" \/>\n<meta name=\"twitter:label1\" content=\"Est. reading time\" \/>\n\t<meta name=\"twitter:data1\" content=\"2 minutit\" \/>\n<script type=\"application\/ld+json\" class=\"yoast-schema-graph\">{\"@context\":\"https:\\\/\\\/schema.org\",\"@graph\":[{\"@type\":\"WebPage\",\"@id\":\"https:\\\/\\\/www.kliinikum.ee\\\/tyvirakukeskus\\\/ajalugu-ja-statistika\\\/vereloome-tuvirakkude-siirdamise-ajalugu\\\/\",\"url\":\"https:\\\/\\\/www.kliinikum.ee\\\/tyvirakukeskus\\\/ajalugu-ja-statistika\\\/vereloome-tuvirakkude-siirdamise-ajalugu\\\/\",\"name\":\"Vereloome t\u00fcvirakkude siirdamise ajalugu - T\u00fcvirakukeskus\",\"isPartOf\":{\"@id\":\"https:\\\/\\\/www.kliinikum.ee\\\/tyvirakukeskus\\\/#website\"},\"datePublished\":\"2023-06-09T11:05:30+00:00\",\"dateModified\":\"2023-10-22T18:59:21+00:00\",\"breadcrumb\":{\"@id\":\"https:\\\/\\\/www.kliinikum.ee\\\/tyvirakukeskus\\\/ajalugu-ja-statistika\\\/vereloome-tuvirakkude-siirdamise-ajalugu\\\/#breadcrumb\"},\"inLanguage\":\"et\",\"potentialAction\":[{\"@type\":\"ReadAction\",\"target\":[\"https:\\\/\\\/www.kliinikum.ee\\\/tyvirakukeskus\\\/ajalugu-ja-statistika\\\/vereloome-tuvirakkude-siirdamise-ajalugu\\\/\"]}]},{\"@type\":\"BreadcrumbList\",\"@id\":\"https:\\\/\\\/www.kliinikum.ee\\\/tyvirakukeskus\\\/ajalugu-ja-statistika\\\/vereloome-tuvirakkude-siirdamise-ajalugu\\\/#breadcrumb\",\"itemListElement\":[{\"@type\":\"ListItem\",\"position\":1,\"name\":\"Home\",\"item\":\"https:\\\/\\\/www.kliinikum.ee\\\/tyvirakukeskus\\\/\"},{\"@type\":\"ListItem\",\"position\":2,\"name\":\"Ajalugu ja statistika\",\"item\":\"https:\\\/\\\/www.kliinikum.ee\\\/tyvirakukeskus\\\/ajalugu-ja-statistika\\\/\"},{\"@type\":\"ListItem\",\"position\":3,\"name\":\"Vereloome t\u00fcvirakkude siirdamise ajalugu\"}]},{\"@type\":\"WebSite\",\"@id\":\"https:\\\/\\\/www.kliinikum.ee\\\/tyvirakukeskus\\\/#website\",\"url\":\"https:\\\/\\\/www.kliinikum.ee\\\/tyvirakukeskus\\\/\",\"name\":\"T\u00fcvirakukeskus\",\"description\":\"Hoolivus, Uuendusmeelsus, P\u00e4devus ja Usaldusv\u00e4\u00e4rsus\",\"potentialAction\":[{\"@type\":\"SearchAction\",\"target\":{\"@type\":\"EntryPoint\",\"urlTemplate\":\"https:\\\/\\\/www.kliinikum.ee\\\/tyvirakukeskus\\\/?s={search_term_string}\"},\"query-input\":{\"@type\":\"PropertyValueSpecification\",\"valueRequired\":true,\"valueName\":\"search_term_string\"}}],\"inLanguage\":\"et\"}]}<\/script>\n<!-- \/ Yoast SEO plugin. -->","yoast_head_json":{"title":"Vereloome t\u00fcvirakkude siirdamise ajalugu - T\u00fcvirakukeskus","robots":{"index":"index","follow":"follow","max-snippet":"max-snippet:-1","max-image-preview":"max-image-preview:large","max-video-preview":"max-video-preview:-1"},"canonical":"https:\/\/www.kliinikum.ee\/tyvirakukeskus\/ajalugu-ja-statistika\/vereloome-tuvirakkude-siirdamise-ajalugu\/","og_locale":"et_EE","og_type":"article","og_title":"Vereloome t\u00fcvirakkude siirdamise ajalugu - T\u00fcvirakukeskus","og_description":"Esimene inimese luudi \u00fclekanne teostati 1939 aastal, kui aplastilise aneemia diagnoosiga patsiendile kanti veenisiseselt \u00fcle doonori luu\u00fcdi. Esimene t\u00e4nap\u00e4eva m\u00f5istes vereloome t\u00fcvirakkude siirdamine teostati 1956 aastal E.Donnall Thomase poolt ning publitseeriti 12.09.1957 ajakirjas New England Journal of Medicine. Esimeses kliinilises uuringus teostati siirdamine kuuele patsiendile, vaid kahel \u00fclekantud t\u00fcvirakud siirdusid ning needki patsiendid surid esimese [&hellip;]","og_url":"https:\/\/www.kliinikum.ee\/tyvirakukeskus\/ajalugu-ja-statistika\/vereloome-tuvirakkude-siirdamise-ajalugu\/","og_site_name":"T\u00fcvirakukeskus","article_modified_time":"2023-10-22T18:59:21+00:00","twitter_card":"summary_large_image","twitter_misc":{"Est. reading time":"2 minutit"},"schema":{"@context":"https:\/\/schema.org","@graph":[{"@type":"WebPage","@id":"https:\/\/www.kliinikum.ee\/tyvirakukeskus\/ajalugu-ja-statistika\/vereloome-tuvirakkude-siirdamise-ajalugu\/","url":"https:\/\/www.kliinikum.ee\/tyvirakukeskus\/ajalugu-ja-statistika\/vereloome-tuvirakkude-siirdamise-ajalugu\/","name":"Vereloome t\u00fcvirakkude siirdamise ajalugu - T\u00fcvirakukeskus","isPartOf":{"@id":"https:\/\/www.kliinikum.ee\/tyvirakukeskus\/#website"},"datePublished":"2023-06-09T11:05:30+00:00","dateModified":"2023-10-22T18:59:21+00:00","breadcrumb":{"@id":"https:\/\/www.kliinikum.ee\/tyvirakukeskus\/ajalugu-ja-statistika\/vereloome-tuvirakkude-siirdamise-ajalugu\/#breadcrumb"},"inLanguage":"et","potentialAction":[{"@type":"ReadAction","target":["https:\/\/www.kliinikum.ee\/tyvirakukeskus\/ajalugu-ja-statistika\/vereloome-tuvirakkude-siirdamise-ajalugu\/"]}]},{"@type":"BreadcrumbList","@id":"https:\/\/www.kliinikum.ee\/tyvirakukeskus\/ajalugu-ja-statistika\/vereloome-tuvirakkude-siirdamise-ajalugu\/#breadcrumb","itemListElement":[{"@type":"ListItem","position":1,"name":"Home","item":"https:\/\/www.kliinikum.ee\/tyvirakukeskus\/"},{"@type":"ListItem","position":2,"name":"Ajalugu ja statistika","item":"https:\/\/www.kliinikum.ee\/tyvirakukeskus\/ajalugu-ja-statistika\/"},{"@type":"ListItem","position":3,"name":"Vereloome t\u00fcvirakkude siirdamise ajalugu"}]},{"@type":"WebSite","@id":"https:\/\/www.kliinikum.ee\/tyvirakukeskus\/#website","url":"https:\/\/www.kliinikum.ee\/tyvirakukeskus\/","name":"T\u00fcvirakukeskus","description":"Hoolivus, Uuendusmeelsus, P\u00e4devus ja Usaldusv\u00e4\u00e4rsus","potentialAction":[{"@type":"SearchAction","target":{"@type":"EntryPoint","urlTemplate":"https:\/\/www.kliinikum.ee\/tyvirakukeskus\/?s={search_term_string}"},"query-input":{"@type":"PropertyValueSpecification","valueRequired":true,"valueName":"search_term_string"}}],"inLanguage":"et"}]}},"uagb_featured_image_src":{"full":false,"thumbnail":false,"medium":false,"medium_large":false,"large":false,"1536x1536":false,"2048x2048":false},"uagb_author_info":{"display_name":"Jane Freimann","author_link":"https:\/\/www.kliinikum.ee\/tyvirakukeskus\/author\/janef\/"},"uagb_comment_info":0,"uagb_excerpt":"Esimene inimese luudi \u00fclekanne teostati 1939 aastal, kui aplastilise aneemia diagnoosiga patsiendile kanti veenisiseselt \u00fcle doonori luu\u00fcdi. Esimene t\u00e4nap\u00e4eva m\u00f5istes vereloome t\u00fcvirakkude siirdamine teostati 1956 aastal E.Donnall Thomase poolt ning publitseeriti 12.09.1957 ajakirjas New England Journal of Medicine. Esimeses kliinilises uuringus teostati siirdamine kuuele patsiendile, vaid kahel \u00fclekantud t\u00fcvirakud siirdusid ning needki patsiendid surid esimese&hellip;","_links":{"self":[{"href":"https:\/\/www.kliinikum.ee\/tyvirakukeskus\/wp-json\/wp\/v2\/pages\/5921","targetHints":{"allow":["GET"]}}],"collection":[{"href":"https:\/\/www.kliinikum.ee\/tyvirakukeskus\/wp-json\/wp\/v2\/pages"}],"about":[{"href":"https:\/\/www.kliinikum.ee\/tyvirakukeskus\/wp-json\/wp\/v2\/types\/page"}],"author":[{"embeddable":true,"href":"https:\/\/www.kliinikum.ee\/tyvirakukeskus\/wp-json\/wp\/v2\/users\/34"}],"replies":[{"embeddable":true,"href":"https:\/\/www.kliinikum.ee\/tyvirakukeskus\/wp-json\/wp\/v2\/comments?post=5921"}],"version-history":[{"count":0,"href":"https:\/\/www.kliinikum.ee\/tyvirakukeskus\/wp-json\/wp\/v2\/pages\/5921\/revisions"}],"up":[{"embeddable":true,"href":"https:\/\/www.kliinikum.ee\/tyvirakukeskus\/wp-json\/wp\/v2\/pages\/5865"}],"wp:attachment":[{"href":"https:\/\/www.kliinikum.ee\/tyvirakukeskus\/wp-json\/wp\/v2\/media?parent=5921"}],"curies":[{"name":"wp","href":"https:\/\/api.w.org\/{rel}","templated":true}]}}