{"id":5941,"date":"2023-06-14T11:49:58","date_gmt":"2023-06-14T09:49:58","guid":{"rendered":"https:\/\/www.kliinikum.ee\/tyvirakukeskus\/?page_id=5941"},"modified":"2025-03-12T10:47:04","modified_gmt":"2025-03-12T08:47:04","slug":"lisainformatsioon-registridoonorile","status":"publish","type":"page","link":"https:\/\/www.kliinikum.ee\/tyvirakukeskus\/tuvirakuregister\/lisainformatsioon-registridoonorile\/","title":{"rendered":"Lisainformatsioon registridoonorile"},"content":{"rendered":"\n<p><a href=\"https:\/\/www.kliinikum.ee\/tyvirakukeskus\/wp-content\/uploads\/2025\/03\/Infopakett-edasistele-uuringutele-kutsutavatele.pdf\" target=\"_blank\" rel=\"noreferrer noopener\">Infopakett edasistele uuringutele kutsutavatele<\/a><\/p>\n\n\n\n<p><a href=\"https:\/\/www.kliinikum.ee\/tyvirakukeskus\/wp-content\/uploads\/2025\/03\/Teabepakett-tuvirakuloovutajaks-valitud-isikule-1.pdf\" target=\"_blank\" rel=\"noreferrer noopener\">Teabepakett t\u00fcvirakuloovutajaks valitud isikule<\/a><\/p>\n\n\n\n<p><\/p>\n","protected":false},"excerpt":{"rendered":"<p>Infopakett edasistele uuringutele kutsutavatele Teabepakett t\u00fcvirakuloovutajaks valitud isikule<\/p>\n","protected":false},"author":31,"featured_media":0,"parent":5859,"menu_order":5,"comment_status":"closed","ping_status":"closed","template":"","meta":{"_acf_changed":false,"_uag_custom_page_level_css":"","footnotes":""},"class_list":["post-5941","page","type-page","status-publish","hentry"],"acf":[],"yoast_head":"<!-- This site is optimized with the Yoast SEO plugin v27.5 - https:\/\/yoast.com\/product\/yoast-seo-wordpress\/ -->\n<title>Lisainformatsioon registridoonorile - T\u00fcvirakukeskus<\/title>\n<meta name=\"robots\" content=\"index, follow, max-snippet:-1, max-image-preview:large, max-video-preview:-1\" \/>\n<link rel=\"canonical\" href=\"https:\/\/www.kliinikum.ee\/tyvirakukeskus\/tuvirakuregister\/lisainformatsioon-registridoonorile\/\" \/>\n<meta property=\"og:locale\" content=\"et_EE\" \/>\n<meta property=\"og:type\" content=\"article\" \/>\n<meta property=\"og:title\" content=\"Lisainformatsioon registridoonorile - T\u00fcvirakukeskus\" \/>\n<meta property=\"og:description\" content=\"Infopakett edasistele uuringutele kutsutavatele Teabepakett t\u00fcvirakuloovutajaks valitud isikule\" \/>\n<meta property=\"og:url\" content=\"https:\/\/www.kliinikum.ee\/tyvirakukeskus\/tuvirakuregister\/lisainformatsioon-registridoonorile\/\" \/>\n<meta property=\"og:site_name\" content=\"T\u00fcvirakukeskus\" \/>\n<meta property=\"article:modified_time\" content=\"2025-03-12T08:47:04+00:00\" \/>\n<meta name=\"twitter:card\" content=\"summary_large_image\" \/>\n<meta name=\"twitter:label1\" content=\"Est. reading time\" \/>\n\t<meta name=\"twitter:data1\" content=\"1 minut\" \/>\n<script type=\"application\/ld+json\" class=\"yoast-schema-graph\">{\"@context\":\"https:\\\/\\\/schema.org\",\"@graph\":[{\"@type\":\"WebPage\",\"@id\":\"https:\\\/\\\/www.kliinikum.ee\\\/tyvirakukeskus\\\/tuvirakuregister\\\/lisainformatsioon-registridoonorile\\\/\",\"url\":\"https:\\\/\\\/www.kliinikum.ee\\\/tyvirakukeskus\\\/tuvirakuregister\\\/lisainformatsioon-registridoonorile\\\/\",\"name\":\"Lisainformatsioon registridoonorile - T\u00fcvirakukeskus\",\"isPartOf\":{\"@id\":\"https:\\\/\\\/www.kliinikum.ee\\\/tyvirakukeskus\\\/#website\"},\"datePublished\":\"2023-06-14T09:49:58+00:00\",\"dateModified\":\"2025-03-12T08:47:04+00:00\",\"breadcrumb\":{\"@id\":\"https:\\\/\\\/www.kliinikum.ee\\\/tyvirakukeskus\\\/tuvirakuregister\\\/lisainformatsioon-registridoonorile\\\/#breadcrumb\"},\"inLanguage\":\"et\",\"potentialAction\":[{\"@type\":\"ReadAction\",\"target\":[\"https:\\\/\\\/www.kliinikum.ee\\\/tyvirakukeskus\\\/tuvirakuregister\\\/lisainformatsioon-registridoonorile\\\/\"]}]},{\"@type\":\"BreadcrumbList\",\"@id\":\"https:\\\/\\\/www.kliinikum.ee\\\/tyvirakukeskus\\\/tuvirakuregister\\\/lisainformatsioon-registridoonorile\\\/#breadcrumb\",\"itemListElement\":[{\"@type\":\"ListItem\",\"position\":1,\"name\":\"Home\",\"item\":\"https:\\\/\\\/www.kliinikum.ee\\\/tyvirakukeskus\\\/\"},{\"@type\":\"ListItem\",\"position\":2,\"name\":\"T\u00fcvirakuregister\",\"item\":\"https:\\\/\\\/www.kliinikum.ee\\\/tyvirakukeskus\\\/tuvirakuregister\\\/\"},{\"@type\":\"ListItem\",\"position\":3,\"name\":\"Lisainformatsioon registridoonorile\"}]},{\"@type\":\"WebSite\",\"@id\":\"https:\\\/\\\/www.kliinikum.ee\\\/tyvirakukeskus\\\/#website\",\"url\":\"https:\\\/\\\/www.kliinikum.ee\\\/tyvirakukeskus\\\/\",\"name\":\"T\u00fcvirakukeskus\",\"description\":\"Hoolivus, Uuendusmeelsus, P\u00e4devus ja Usaldusv\u00e4\u00e4rsus\",\"potentialAction\":[{\"@type\":\"SearchAction\",\"target\":{\"@type\":\"EntryPoint\",\"urlTemplate\":\"https:\\\/\\\/www.kliinikum.ee\\\/tyvirakukeskus\\\/?s={search_term_string}\"},\"query-input\":{\"@type\":\"PropertyValueSpecification\",\"valueRequired\":true,\"valueName\":\"search_term_string\"}}],\"inLanguage\":\"et\"}]}<\/script>\n<!-- \/ Yoast SEO plugin. -->","yoast_head_json":{"title":"Lisainformatsioon registridoonorile - T\u00fcvirakukeskus","robots":{"index":"index","follow":"follow","max-snippet":"max-snippet:-1","max-image-preview":"max-image-preview:large","max-video-preview":"max-video-preview:-1"},"canonical":"https:\/\/www.kliinikum.ee\/tyvirakukeskus\/tuvirakuregister\/lisainformatsioon-registridoonorile\/","og_locale":"et_EE","og_type":"article","og_title":"Lisainformatsioon registridoonorile - T\u00fcvirakukeskus","og_description":"Infopakett edasistele uuringutele kutsutavatele Teabepakett t\u00fcvirakuloovutajaks valitud isikule","og_url":"https:\/\/www.kliinikum.ee\/tyvirakukeskus\/tuvirakuregister\/lisainformatsioon-registridoonorile\/","og_site_name":"T\u00fcvirakukeskus","article_modified_time":"2025-03-12T08:47:04+00:00","twitter_card":"summary_large_image","twitter_misc":{"Est. reading time":"1 minut"},"schema":{"@context":"https:\/\/schema.org","@graph":[{"@type":"WebPage","@id":"https:\/\/www.kliinikum.ee\/tyvirakukeskus\/tuvirakuregister\/lisainformatsioon-registridoonorile\/","url":"https:\/\/www.kliinikum.ee\/tyvirakukeskus\/tuvirakuregister\/lisainformatsioon-registridoonorile\/","name":"Lisainformatsioon registridoonorile - T\u00fcvirakukeskus","isPartOf":{"@id":"https:\/\/www.kliinikum.ee\/tyvirakukeskus\/#website"},"datePublished":"2023-06-14T09:49:58+00:00","dateModified":"2025-03-12T08:47:04+00:00","breadcrumb":{"@id":"https:\/\/www.kliinikum.ee\/tyvirakukeskus\/tuvirakuregister\/lisainformatsioon-registridoonorile\/#breadcrumb"},"inLanguage":"et","potentialAction":[{"@type":"ReadAction","target":["https:\/\/www.kliinikum.ee\/tyvirakukeskus\/tuvirakuregister\/lisainformatsioon-registridoonorile\/"]}]},{"@type":"BreadcrumbList","@id":"https:\/\/www.kliinikum.ee\/tyvirakukeskus\/tuvirakuregister\/lisainformatsioon-registridoonorile\/#breadcrumb","itemListElement":[{"@type":"ListItem","position":1,"name":"Home","item":"https:\/\/www.kliinikum.ee\/tyvirakukeskus\/"},{"@type":"ListItem","position":2,"name":"T\u00fcvirakuregister","item":"https:\/\/www.kliinikum.ee\/tyvirakukeskus\/tuvirakuregister\/"},{"@type":"ListItem","position":3,"name":"Lisainformatsioon registridoonorile"}]},{"@type":"WebSite","@id":"https:\/\/www.kliinikum.ee\/tyvirakukeskus\/#website","url":"https:\/\/www.kliinikum.ee\/tyvirakukeskus\/","name":"T\u00fcvirakukeskus","description":"Hoolivus, Uuendusmeelsus, P\u00e4devus ja Usaldusv\u00e4\u00e4rsus","potentialAction":[{"@type":"SearchAction","target":{"@type":"EntryPoint","urlTemplate":"https:\/\/www.kliinikum.ee\/tyvirakukeskus\/?s={search_term_string}"},"query-input":{"@type":"PropertyValueSpecification","valueRequired":true,"valueName":"search_term_string"}}],"inLanguage":"et"}]}},"uagb_featured_image_src":{"full":false,"thumbnail":false,"medium":false,"medium_large":false,"large":false,"1536x1536":false,"2048x2048":false},"uagb_author_info":{"display_name":"Ain Kaare","author_link":"https:\/\/www.kliinikum.ee\/tyvirakukeskus\/author\/ainka\/"},"uagb_comment_info":0,"uagb_excerpt":"Infopakett edasistele uuringutele kutsutavatele Teabepakett t\u00fcvirakuloovutajaks valitud isikule","_links":{"self":[{"href":"https:\/\/www.kliinikum.ee\/tyvirakukeskus\/wp-json\/wp\/v2\/pages\/5941","targetHints":{"allow":["GET"]}}],"collection":[{"href":"https:\/\/www.kliinikum.ee\/tyvirakukeskus\/wp-json\/wp\/v2\/pages"}],"about":[{"href":"https:\/\/www.kliinikum.ee\/tyvirakukeskus\/wp-json\/wp\/v2\/types\/page"}],"author":[{"embeddable":true,"href":"https:\/\/www.kliinikum.ee\/tyvirakukeskus\/wp-json\/wp\/v2\/users\/31"}],"replies":[{"embeddable":true,"href":"https:\/\/www.kliinikum.ee\/tyvirakukeskus\/wp-json\/wp\/v2\/comments?post=5941"}],"version-history":[{"count":0,"href":"https:\/\/www.kliinikum.ee\/tyvirakukeskus\/wp-json\/wp\/v2\/pages\/5941\/revisions"}],"up":[{"embeddable":true,"href":"https:\/\/www.kliinikum.ee\/tyvirakukeskus\/wp-json\/wp\/v2\/pages\/5859"}],"wp:attachment":[{"href":"https:\/\/www.kliinikum.ee\/tyvirakukeskus\/wp-json\/wp\/v2\/media?parent=5941"}],"curies":[{"name":"wp","href":"https:\/\/api.w.org\/{rel}","templated":true}]}}