{"id":6167,"date":"2023-06-29T19:19:02","date_gmt":"2023-06-29T17:19:02","guid":{"rendered":"https:\/\/www.kliinikum.ee\/tyvirakukeskus\/?page_id=6167"},"modified":"2023-06-29T19:19:06","modified_gmt":"2023-06-29T17:19:06","slug":"allogeenne-vereloome-tuvirakkude-siirdamine","status":"publish","type":"page","link":"https:\/\/www.kliinikum.ee\/tyvirakukeskus\/vereloome-tuvirakkude-siirdamine\/allogeenne-vereloome-tuvirakkude-siirdamine\/","title":{"rendered":"Allogeenne vereloome t\u00fcvirakkude siirdamine"},"content":{"rendered":"\n<p>Kuigi allogeenne siirdamine erineb autoloogsest siirdamisest esmapilgul vaid vereloome t\u00fcvirakkude p\u00e4ritolu poolest, siis just t\u00e4nu sellele, et kasutatakse doonorilt p\u00e4rinevaid rakke lisanduvad allogeense siirdamise puhul aspektid, mida autoloogse siirdamise juures ei ole. Sarnaselt autoloogsele siirdamisele eelneb siirdamisele siirdamiseelne keemiaravi v\u00f5i ka kiiritusravi v\u00f5i nende kombinatsioon, millel on kolm eesm\u00e4rki: kasvajarakkude h\u00e4vitamine, oma vereloome h\u00e4vitamine, selleks, et luua luu\u00fcdisse ruumi doonori rakkudele ning immunsupressioon v\u00e4ltimaks nii \u00e4rat\u00f5uke kui ka transplantaat peremehevastast reaktsiooni. Siirdamiseelse ravi valik s\u00f5ltub nii patsiendi diagnoosist, kui ka doonorist (sugulasdoonor, registridoonor v\u00f5i haploidentne doonor) kui ka vereloome t\u00fcvirakkude p\u00e4ritolust (luu\u00fcdist v\u00f5i perifeersest verest p\u00e4rinevad t\u00fcvirakud), allogeense siirdamise eelne ravi v\u00f5ib kesta m\u00f5nest p\u00e4evast kuni kahe n\u00e4dalani. Kuna allogeense siirdamise korral kasutatakse doonorilt p\u00e4rinevaid vereloome t\u00fcvirakke, siis enamasti peab siirdamisprotsessi edukaks l\u00e4biviimiseks kasutama lisaks keemia ja\/v\u00f5i kiiritusravile nii siirdamiseelselt kui siirdamisj\u00e4rgselt immuunsupressiivseid ravimeid. Allogeense siirdamise puhul doonori t\u00fcvirakke reeglina ei k\u00fclmutata, vaid need kogutakse doonorit vahetult siirdamise v\u00f5i siirdamiseelsel p\u00e4eval. Doonorilt p\u00e4rinevad rakud kantakse patsiendile \u00fcle veenisiseselt ja tehniliselt meenutab see verekomponentide \u00fclekannet.\u00a0<\/p>\n\n\n\n<p>Kuna doonorilt p\u00e4rinevate vereloome t\u00fcvirakuprodukt sisaldab lisaks doonori t\u00fcvirakkudele ka hulgaliselt doonori immuuns\u00fcsteemi rakkusid, mis patsiendile \u00fclekantuna on v\u00f5imelised tuvastama v\u00f5imalikke allesj\u00e4\u00e4nud kasvajarakke ja need h\u00e4vitama. Seda nimetatakse transplantaat leukeemia (kasvaja) vastaseks reaktsiooniks.<\/p>\n\n\n\n<p>Vereloome taastumine v\u00f5tab allogeense siirdamise korral m\u00f5nev\u00f5rra rohkem aega kui autoloogse siirdamise puhul, vereloome hakkab taastuma kuskil kaks n\u00e4dalat peale rakkude \u00fclekandmist ning l\u00f5plik taastumine on aeglasem kui autoloogse siirdamise korral. Spetsiifilisemate immuuns\u00fcsteemi komponentide taastumine v\u00f5ib v\u00f5tta 1- 2 aastat aega.<\/p>\n\n\n\n<figure class=\"wp-block-image size-full\"><img loading=\"lazy\" decoding=\"async\" width=\"719\" height=\"503\" src=\"https:\/\/www.kliinikum.ee\/tyvirakukeskus\/wp-content\/uploads\/2023\/06\/ALLO.png\" alt=\"\" class=\"wp-image-6125\" srcset=\"https:\/\/www.kliinikum.ee\/tyvirakukeskus\/wp-content\/uploads\/2023\/06\/ALLO.png 719w, https:\/\/www.kliinikum.ee\/tyvirakukeskus\/wp-content\/uploads\/2023\/06\/ALLO-300x210.png 300w\" sizes=\"auto, (max-width: 719px) 100vw, 719px\" \/><\/figure>\n","protected":false},"excerpt":{"rendered":"<p>Kuigi allogeenne siirdamine erineb autoloogsest siirdamisest esmapilgul vaid vereloome t\u00fcvirakkude p\u00e4ritolu poolest, siis just t\u00e4nu sellele, et kasutatakse doonorilt p\u00e4rinevaid rakke lisanduvad allogeense siirdamise puhul aspektid, mida autoloogse siirdamise juures ei ole. Sarnaselt autoloogsele siirdamisele eelneb siirdamisele siirdamiseelne keemiaravi v\u00f5i ka kiiritusravi v\u00f5i nende kombinatsioon, millel on kolm eesm\u00e4rki: kasvajarakkude h\u00e4vitamine, oma vereloome h\u00e4vitamine, selleks, [&hellip;]<\/p>\n","protected":false},"author":31,"featured_media":0,"parent":5853,"menu_order":3,"comment_status":"closed","ping_status":"closed","template":"","meta":{"_acf_changed":false,"_uag_custom_page_level_css":"","footnotes":""},"class_list":["post-6167","page","type-page","status-publish","hentry"],"acf":[],"yoast_head":"<!-- This site is optimized with the Yoast SEO plugin v27.3 - https:\/\/yoast.com\/product\/yoast-seo-wordpress\/ -->\n<title>Allogeenne vereloome t\u00fcvirakkude siirdamine - T\u00fcvirakukeskus<\/title>\n<meta name=\"robots\" content=\"index, follow, max-snippet:-1, max-image-preview:large, max-video-preview:-1\" \/>\n<link rel=\"canonical\" href=\"https:\/\/www.kliinikum.ee\/tyvirakukeskus\/vereloome-tuvirakkude-siirdamine\/allogeenne-vereloome-tuvirakkude-siirdamine\/\" \/>\n<meta property=\"og:locale\" content=\"et_EE\" \/>\n<meta property=\"og:type\" content=\"article\" \/>\n<meta property=\"og:title\" content=\"Allogeenne vereloome t\u00fcvirakkude siirdamine - T\u00fcvirakukeskus\" \/>\n<meta property=\"og:description\" content=\"Kuigi allogeenne siirdamine erineb autoloogsest siirdamisest esmapilgul vaid vereloome t\u00fcvirakkude p\u00e4ritolu poolest, siis just t\u00e4nu sellele, et kasutatakse doonorilt p\u00e4rinevaid rakke lisanduvad allogeense siirdamise puhul aspektid, mida autoloogse siirdamise juures ei ole. Sarnaselt autoloogsele siirdamisele eelneb siirdamisele siirdamiseelne keemiaravi v\u00f5i ka kiiritusravi v\u00f5i nende kombinatsioon, millel on kolm eesm\u00e4rki: kasvajarakkude h\u00e4vitamine, oma vereloome h\u00e4vitamine, selleks, [&hellip;]\" \/>\n<meta property=\"og:url\" content=\"https:\/\/www.kliinikum.ee\/tyvirakukeskus\/vereloome-tuvirakkude-siirdamine\/allogeenne-vereloome-tuvirakkude-siirdamine\/\" \/>\n<meta property=\"og:site_name\" content=\"T\u00fcvirakukeskus\" \/>\n<meta property=\"article:modified_time\" content=\"2023-06-29T17:19:06+00:00\" \/>\n<meta property=\"og:image\" content=\"https:\/\/www.kliinikum.ee\/tyvirakukeskus\/wp-content\/uploads\/2023\/06\/ALLO.png\" \/>\n<meta name=\"twitter:card\" content=\"summary_large_image\" \/>\n<meta name=\"twitter:label1\" content=\"Est. reading time\" \/>\n\t<meta name=\"twitter:data1\" content=\"2 minutit\" \/>\n<script type=\"application\/ld+json\" class=\"yoast-schema-graph\">{\"@context\":\"https:\\\/\\\/schema.org\",\"@graph\":[{\"@type\":\"WebPage\",\"@id\":\"https:\\\/\\\/www.kliinikum.ee\\\/tyvirakukeskus\\\/vereloome-tuvirakkude-siirdamine\\\/allogeenne-vereloome-tuvirakkude-siirdamine\\\/\",\"url\":\"https:\\\/\\\/www.kliinikum.ee\\\/tyvirakukeskus\\\/vereloome-tuvirakkude-siirdamine\\\/allogeenne-vereloome-tuvirakkude-siirdamine\\\/\",\"name\":\"Allogeenne vereloome t\u00fcvirakkude siirdamine - T\u00fcvirakukeskus\",\"isPartOf\":{\"@id\":\"https:\\\/\\\/www.kliinikum.ee\\\/tyvirakukeskus\\\/#website\"},\"primaryImageOfPage\":{\"@id\":\"https:\\\/\\\/www.kliinikum.ee\\\/tyvirakukeskus\\\/vereloome-tuvirakkude-siirdamine\\\/allogeenne-vereloome-tuvirakkude-siirdamine\\\/#primaryimage\"},\"image\":{\"@id\":\"https:\\\/\\\/www.kliinikum.ee\\\/tyvirakukeskus\\\/vereloome-tuvirakkude-siirdamine\\\/allogeenne-vereloome-tuvirakkude-siirdamine\\\/#primaryimage\"},\"thumbnailUrl\":\"https:\\\/\\\/www.kliinikum.ee\\\/tyvirakukeskus\\\/wp-content\\\/uploads\\\/2023\\\/06\\\/ALLO.png\",\"datePublished\":\"2023-06-29T17:19:02+00:00\",\"dateModified\":\"2023-06-29T17:19:06+00:00\",\"breadcrumb\":{\"@id\":\"https:\\\/\\\/www.kliinikum.ee\\\/tyvirakukeskus\\\/vereloome-tuvirakkude-siirdamine\\\/allogeenne-vereloome-tuvirakkude-siirdamine\\\/#breadcrumb\"},\"inLanguage\":\"et\",\"potentialAction\":[{\"@type\":\"ReadAction\",\"target\":[\"https:\\\/\\\/www.kliinikum.ee\\\/tyvirakukeskus\\\/vereloome-tuvirakkude-siirdamine\\\/allogeenne-vereloome-tuvirakkude-siirdamine\\\/\"]}]},{\"@type\":\"ImageObject\",\"inLanguage\":\"et\",\"@id\":\"https:\\\/\\\/www.kliinikum.ee\\\/tyvirakukeskus\\\/vereloome-tuvirakkude-siirdamine\\\/allogeenne-vereloome-tuvirakkude-siirdamine\\\/#primaryimage\",\"url\":\"https:\\\/\\\/www.kliinikum.ee\\\/tyvirakukeskus\\\/wp-content\\\/uploads\\\/2023\\\/06\\\/ALLO.png\",\"contentUrl\":\"https:\\\/\\\/www.kliinikum.ee\\\/tyvirakukeskus\\\/wp-content\\\/uploads\\\/2023\\\/06\\\/ALLO.png\",\"width\":719,\"height\":503},{\"@type\":\"BreadcrumbList\",\"@id\":\"https:\\\/\\\/www.kliinikum.ee\\\/tyvirakukeskus\\\/vereloome-tuvirakkude-siirdamine\\\/allogeenne-vereloome-tuvirakkude-siirdamine\\\/#breadcrumb\",\"itemListElement\":[{\"@type\":\"ListItem\",\"position\":1,\"name\":\"Home\",\"item\":\"https:\\\/\\\/www.kliinikum.ee\\\/tyvirakukeskus\\\/\"},{\"@type\":\"ListItem\",\"position\":2,\"name\":\"Siirdamine\",\"item\":\"https:\\\/\\\/www.kliinikum.ee\\\/tyvirakukeskus\\\/vereloome-tuvirakkude-siirdamine\\\/\"},{\"@type\":\"ListItem\",\"position\":3,\"name\":\"Allogeenne vereloome t\u00fcvirakkude siirdamine\"}]},{\"@type\":\"WebSite\",\"@id\":\"https:\\\/\\\/www.kliinikum.ee\\\/tyvirakukeskus\\\/#website\",\"url\":\"https:\\\/\\\/www.kliinikum.ee\\\/tyvirakukeskus\\\/\",\"name\":\"T\u00fcvirakukeskus\",\"description\":\"Hoolivus, Uuendusmeelsus, P\u00e4devus ja Usaldusv\u00e4\u00e4rsus\",\"potentialAction\":[{\"@type\":\"SearchAction\",\"target\":{\"@type\":\"EntryPoint\",\"urlTemplate\":\"https:\\\/\\\/www.kliinikum.ee\\\/tyvirakukeskus\\\/?s={search_term_string}\"},\"query-input\":{\"@type\":\"PropertyValueSpecification\",\"valueRequired\":true,\"valueName\":\"search_term_string\"}}],\"inLanguage\":\"et\"}]}<\/script>\n<!-- \/ Yoast SEO plugin. -->","yoast_head_json":{"title":"Allogeenne vereloome t\u00fcvirakkude siirdamine - T\u00fcvirakukeskus","robots":{"index":"index","follow":"follow","max-snippet":"max-snippet:-1","max-image-preview":"max-image-preview:large","max-video-preview":"max-video-preview:-1"},"canonical":"https:\/\/www.kliinikum.ee\/tyvirakukeskus\/vereloome-tuvirakkude-siirdamine\/allogeenne-vereloome-tuvirakkude-siirdamine\/","og_locale":"et_EE","og_type":"article","og_title":"Allogeenne vereloome t\u00fcvirakkude siirdamine - T\u00fcvirakukeskus","og_description":"Kuigi allogeenne siirdamine erineb autoloogsest siirdamisest esmapilgul vaid vereloome t\u00fcvirakkude p\u00e4ritolu poolest, siis just t\u00e4nu sellele, et kasutatakse doonorilt p\u00e4rinevaid rakke lisanduvad allogeense siirdamise puhul aspektid, mida autoloogse siirdamise juures ei ole. Sarnaselt autoloogsele siirdamisele eelneb siirdamisele siirdamiseelne keemiaravi v\u00f5i ka kiiritusravi v\u00f5i nende kombinatsioon, millel on kolm eesm\u00e4rki: kasvajarakkude h\u00e4vitamine, oma vereloome h\u00e4vitamine, selleks, [&hellip;]","og_url":"https:\/\/www.kliinikum.ee\/tyvirakukeskus\/vereloome-tuvirakkude-siirdamine\/allogeenne-vereloome-tuvirakkude-siirdamine\/","og_site_name":"T\u00fcvirakukeskus","article_modified_time":"2023-06-29T17:19:06+00:00","og_image":[{"url":"https:\/\/www.kliinikum.ee\/tyvirakukeskus\/wp-content\/uploads\/2023\/06\/ALLO.png","type":"","width":"","height":""}],"twitter_card":"summary_large_image","twitter_misc":{"Est. reading time":"2 minutit"},"schema":{"@context":"https:\/\/schema.org","@graph":[{"@type":"WebPage","@id":"https:\/\/www.kliinikum.ee\/tyvirakukeskus\/vereloome-tuvirakkude-siirdamine\/allogeenne-vereloome-tuvirakkude-siirdamine\/","url":"https:\/\/www.kliinikum.ee\/tyvirakukeskus\/vereloome-tuvirakkude-siirdamine\/allogeenne-vereloome-tuvirakkude-siirdamine\/","name":"Allogeenne vereloome t\u00fcvirakkude siirdamine - T\u00fcvirakukeskus","isPartOf":{"@id":"https:\/\/www.kliinikum.ee\/tyvirakukeskus\/#website"},"primaryImageOfPage":{"@id":"https:\/\/www.kliinikum.ee\/tyvirakukeskus\/vereloome-tuvirakkude-siirdamine\/allogeenne-vereloome-tuvirakkude-siirdamine\/#primaryimage"},"image":{"@id":"https:\/\/www.kliinikum.ee\/tyvirakukeskus\/vereloome-tuvirakkude-siirdamine\/allogeenne-vereloome-tuvirakkude-siirdamine\/#primaryimage"},"thumbnailUrl":"https:\/\/www.kliinikum.ee\/tyvirakukeskus\/wp-content\/uploads\/2023\/06\/ALLO.png","datePublished":"2023-06-29T17:19:02+00:00","dateModified":"2023-06-29T17:19:06+00:00","breadcrumb":{"@id":"https:\/\/www.kliinikum.ee\/tyvirakukeskus\/vereloome-tuvirakkude-siirdamine\/allogeenne-vereloome-tuvirakkude-siirdamine\/#breadcrumb"},"inLanguage":"et","potentialAction":[{"@type":"ReadAction","target":["https:\/\/www.kliinikum.ee\/tyvirakukeskus\/vereloome-tuvirakkude-siirdamine\/allogeenne-vereloome-tuvirakkude-siirdamine\/"]}]},{"@type":"ImageObject","inLanguage":"et","@id":"https:\/\/www.kliinikum.ee\/tyvirakukeskus\/vereloome-tuvirakkude-siirdamine\/allogeenne-vereloome-tuvirakkude-siirdamine\/#primaryimage","url":"https:\/\/www.kliinikum.ee\/tyvirakukeskus\/wp-content\/uploads\/2023\/06\/ALLO.png","contentUrl":"https:\/\/www.kliinikum.ee\/tyvirakukeskus\/wp-content\/uploads\/2023\/06\/ALLO.png","width":719,"height":503},{"@type":"BreadcrumbList","@id":"https:\/\/www.kliinikum.ee\/tyvirakukeskus\/vereloome-tuvirakkude-siirdamine\/allogeenne-vereloome-tuvirakkude-siirdamine\/#breadcrumb","itemListElement":[{"@type":"ListItem","position":1,"name":"Home","item":"https:\/\/www.kliinikum.ee\/tyvirakukeskus\/"},{"@type":"ListItem","position":2,"name":"Siirdamine","item":"https:\/\/www.kliinikum.ee\/tyvirakukeskus\/vereloome-tuvirakkude-siirdamine\/"},{"@type":"ListItem","position":3,"name":"Allogeenne vereloome t\u00fcvirakkude siirdamine"}]},{"@type":"WebSite","@id":"https:\/\/www.kliinikum.ee\/tyvirakukeskus\/#website","url":"https:\/\/www.kliinikum.ee\/tyvirakukeskus\/","name":"T\u00fcvirakukeskus","description":"Hoolivus, Uuendusmeelsus, P\u00e4devus ja Usaldusv\u00e4\u00e4rsus","potentialAction":[{"@type":"SearchAction","target":{"@type":"EntryPoint","urlTemplate":"https:\/\/www.kliinikum.ee\/tyvirakukeskus\/?s={search_term_string}"},"query-input":{"@type":"PropertyValueSpecification","valueRequired":true,"valueName":"search_term_string"}}],"inLanguage":"et"}]}},"uagb_featured_image_src":{"full":false,"thumbnail":false,"medium":false,"medium_large":false,"large":false,"1536x1536":false,"2048x2048":false},"uagb_author_info":{"display_name":"Ain Kaare","author_link":"https:\/\/www.kliinikum.ee\/tyvirakukeskus\/author\/ainka\/"},"uagb_comment_info":0,"uagb_excerpt":"Kuigi allogeenne siirdamine erineb autoloogsest siirdamisest esmapilgul vaid vereloome t\u00fcvirakkude p\u00e4ritolu poolest, siis just t\u00e4nu sellele, et kasutatakse doonorilt p\u00e4rinevaid rakke lisanduvad allogeense siirdamise puhul aspektid, mida autoloogse siirdamise juures ei ole. Sarnaselt autoloogsele siirdamisele eelneb siirdamisele siirdamiseelne keemiaravi v\u00f5i ka kiiritusravi v\u00f5i nende kombinatsioon, millel on kolm eesm\u00e4rki: kasvajarakkude h\u00e4vitamine, oma vereloome h\u00e4vitamine, selleks,&hellip;","_links":{"self":[{"href":"https:\/\/www.kliinikum.ee\/tyvirakukeskus\/wp-json\/wp\/v2\/pages\/6167","targetHints":{"allow":["GET"]}}],"collection":[{"href":"https:\/\/www.kliinikum.ee\/tyvirakukeskus\/wp-json\/wp\/v2\/pages"}],"about":[{"href":"https:\/\/www.kliinikum.ee\/tyvirakukeskus\/wp-json\/wp\/v2\/types\/page"}],"author":[{"embeddable":true,"href":"https:\/\/www.kliinikum.ee\/tyvirakukeskus\/wp-json\/wp\/v2\/users\/31"}],"replies":[{"embeddable":true,"href":"https:\/\/www.kliinikum.ee\/tyvirakukeskus\/wp-json\/wp\/v2\/comments?post=6167"}],"version-history":[{"count":0,"href":"https:\/\/www.kliinikum.ee\/tyvirakukeskus\/wp-json\/wp\/v2\/pages\/6167\/revisions"}],"up":[{"embeddable":true,"href":"https:\/\/www.kliinikum.ee\/tyvirakukeskus\/wp-json\/wp\/v2\/pages\/5853"}],"wp:attachment":[{"href":"https:\/\/www.kliinikum.ee\/tyvirakukeskus\/wp-json\/wp\/v2\/media?parent=6167"}],"curies":[{"name":"wp","href":"https:\/\/api.w.org\/{rel}","templated":true}]}}