{"id":5895,"date":"2023-03-31T08:27:38","date_gmt":"2023-03-31T06:27:38","guid":{"rendered":"https:\/\/www.kliinikum.ee\/vahikeskus\/?page_id=5895"},"modified":"2023-07-28T13:00:15","modified_gmt":"2023-07-28T11:00:15","slug":"vahiravi-kvaliteet","status":"publish","type":"page","link":"https:\/\/www.kliinikum.ee\/vahikeskus\/vahiravi-kvaliteet\/","title":{"rendered":"V\u00e4hiravi kvaliteet"},"content":{"rendered":"\n<p>&nbsp;<\/p>\n\n\n\n<div class=\"wp-block-media-text alignwide is-stacked-on-mobile is-vertically-aligned-center\" style=\"grid-template-columns:28% auto\"><figure class=\"wp-block-media-text__media\"><img loading=\"lazy\" decoding=\"async\" width=\"1575\" height=\"2363\" src=\"https:\/\/www.kliinikum.ee\/vahikeskus\/wp-content\/uploads\/2023\/06\/OECI_CLC_Tartu-Estonia_2027.png\" alt=\"\" class=\"wp-image-6435 size-full\" srcset=\"https:\/\/www.kliinikum.ee\/vahikeskus\/wp-content\/uploads\/2023\/06\/OECI_CLC_Tartu-Estonia_2027.png 1575w, https:\/\/www.kliinikum.ee\/vahikeskus\/wp-content\/uploads\/2023\/06\/OECI_CLC_Tartu-Estonia_2027-200x300.png 200w, https:\/\/www.kliinikum.ee\/vahikeskus\/wp-content\/uploads\/2023\/06\/OECI_CLC_Tartu-Estonia_2027-683x1024.png 683w, https:\/\/www.kliinikum.ee\/vahikeskus\/wp-content\/uploads\/2023\/06\/OECI_CLC_Tartu-Estonia_2027-768x1152.png 768w, https:\/\/www.kliinikum.ee\/vahikeskus\/wp-content\/uploads\/2023\/06\/OECI_CLC_Tartu-Estonia_2027-1024x1536.png 1024w, https:\/\/www.kliinikum.ee\/vahikeskus\/wp-content\/uploads\/2023\/06\/OECI_CLC_Tartu-Estonia_2027-1365x2048.png 1365w\" sizes=\"auto, (max-width: 1575px) 100vw, 1575px\" \/><\/figure><div class=\"wp-block-media-text__content\">\n<p>Tartu \u00dclikooli Kliinikumi v\u00e4hikeskus omab <strong>Euroopa V\u00e4hikeskuste Organisatsiooni (<em>Organisation of European Cancer Institutes, <\/em>OECI)<\/strong> akrediteeringut, mis on k\u00f5rgeim tunnustus kliinikumi v\u00e4hiravile, ennetustegevusele, diagnostikale ning teadus- ja \u00f5ppet\u00f6\u00f6le.\u00a0<\/p>\n\n\n\n<p>OECI on Euroopa v\u00e4hikeskusi \u00fchendav organisatsioon, mille eesm\u00e4rk on tagada parima v\u00f5imaliku v\u00e4hiravi pakkumine l\u00e4bi \u00fchtsete \u00fcle-euroopaliste kvaliteedin\u00f5uete rakendamise, h\u00f5lmates valdkondi ennetustegevusest v\u00e4hidiagnostika ja ravini, patsiendikogemust, teadust\u00f6\u00f6 integreeritust kliinilisse praktikasse ning koolitustegevust. Ambitsioonika eesm\u00e4rgi saavutamiseks on v\u00e4lja t\u00f6\u00f6tatud v\u00e4hikeskuste v\u00e4lise akrediteerimise programm. <\/p>\n\n\n\n<p>OECI akrediteeringu kestus on viis aastat ning selle uuendamiseks tuleb l\u00e4bida t\u00e4iendav akrediteerimisprotsess. Akrediteerimise k\u00e4igus hinnatakse pakutava v\u00e4hiravi hetkeseisu konkreetses v\u00e4hikeskuses ning koostatakse k\u00f5iki v\u00e4hiravi valdkondi h\u00f5lmav detailne arengukava j\u00e4rgnevaks viieks aastaks.&nbsp;<\/p>\n\n\n\n<p>OECI v\u00f5rgustikku kuulub 108 liiget, kellest 44 on l\u00e4binud ka organisatsiooni poolt pakutava hindamisprotsessi. L\u00e4hiriikides on OECI akrediteering neljal Soome, \u00fchel Norra, kahel Rootsi ning \u00fchel Leedu v\u00e4hikeskusel.&nbsp;<\/p>\n<\/div><\/div>\n","protected":false},"excerpt":{"rendered":"<p>&nbsp; Tartu \u00dclikooli Kliinikumi v\u00e4hikeskus omab Euroopa V\u00e4hikeskuste Organisatsiooni (Organisation of European Cancer Institutes, OECI) akrediteeringut, mis on k\u00f5rgeim tunnustus kliinikumi v\u00e4hiravile, ennetustegevusele, diagnostikale ning teadus- ja \u00f5ppet\u00f6\u00f6le.\u00a0 OECI on Euroopa v\u00e4hikeskusi \u00fchendav organisatsioon, mille eesm\u00e4rk on tagada parima v\u00f5imaliku v\u00e4hiravi pakkumine l\u00e4bi \u00fchtsete \u00fcle-euroopaliste kvaliteedin\u00f5uete rakendamise, h\u00f5lmates valdkondi ennetustegevusest v\u00e4hidiagnostika ja ravini, patsiendikogemust, teadust\u00f6\u00f6 [&hellip;]<\/p>\n","protected":false},"author":35,"featured_media":0,"parent":0,"menu_order":0,"comment_status":"closed","ping_status":"closed","template":"","meta":{"_acf_changed":false,"_uag_custom_page_level_css":"","footnotes":""},"class_list":["post-5895","page","type-page","status-publish","hentry"],"acf":[],"yoast_head":"<!-- This site is optimized with the Yoast SEO plugin v27.3 - https:\/\/yoast.com\/product\/yoast-seo-wordpress\/ -->\n<title>V\u00e4hiravi kvaliteet - V\u00e4hikeskus<\/title>\n<meta name=\"description\" content=\"Tartu \u00dclikooli Kliinikumi v\u00e4hikeskus omab Euroopa V\u00e4hikeskuste Organisatsiooni akrediteeringut\" \/>\n<meta name=\"robots\" content=\"index, follow, max-snippet:-1, max-image-preview:large, max-video-preview:-1\" \/>\n<link rel=\"canonical\" href=\"https:\/\/www.kliinikum.ee\/vahikeskus\/vahiravi-kvaliteet\/\" \/>\n<meta property=\"og:locale\" content=\"et_EE\" \/>\n<meta property=\"og:type\" content=\"article\" \/>\n<meta property=\"og:title\" content=\"V\u00e4hiravi kvaliteet - V\u00e4hikeskus\" \/>\n<meta property=\"og:description\" content=\"Tartu \u00dclikooli Kliinikumi v\u00e4hikeskus omab Euroopa V\u00e4hikeskuste Organisatsiooni akrediteeringut\" \/>\n<meta property=\"og:url\" content=\"https:\/\/www.kliinikum.ee\/vahikeskus\/vahiravi-kvaliteet\/\" \/>\n<meta property=\"og:site_name\" content=\"V\u00e4hikeskus\" \/>\n<meta property=\"article:modified_time\" content=\"2023-07-28T11:00:15+00:00\" \/>\n<meta property=\"og:image\" content=\"https:\/\/www.kliinikum.ee\/vahikeskus\/wp-content\/uploads\/2023\/06\/OECI_CLC_Tartu-Estonia_2027.png\" \/>\n<meta name=\"twitter:card\" content=\"summary_large_image\" \/>\n<meta name=\"twitter:label1\" content=\"Est. reading time\" \/>\n\t<meta name=\"twitter:data1\" content=\"1 minut\" \/>\n<script type=\"application\/ld+json\" class=\"yoast-schema-graph\">{\"@context\":\"https:\\\/\\\/schema.org\",\"@graph\":[{\"@type\":\"WebPage\",\"@id\":\"https:\\\/\\\/www.kliinikum.ee\\\/vahikeskus\\\/vahiravi-kvaliteet\\\/\",\"url\":\"https:\\\/\\\/www.kliinikum.ee\\\/vahikeskus\\\/vahiravi-kvaliteet\\\/\",\"name\":\"V\u00e4hiravi kvaliteet - V\u00e4hikeskus\",\"isPartOf\":{\"@id\":\"https:\\\/\\\/www.kliinikum.ee\\\/vahikeskus\\\/#website\"},\"primaryImageOfPage\":{\"@id\":\"https:\\\/\\\/www.kliinikum.ee\\\/vahikeskus\\\/vahiravi-kvaliteet\\\/#primaryimage\"},\"image\":{\"@id\":\"https:\\\/\\\/www.kliinikum.ee\\\/vahikeskus\\\/vahiravi-kvaliteet\\\/#primaryimage\"},\"thumbnailUrl\":\"https:\\\/\\\/www.kliinikum.ee\\\/vahikeskus\\\/wp-content\\\/uploads\\\/2023\\\/06\\\/OECI_CLC_Tartu-Estonia_2027.png\",\"datePublished\":\"2023-03-31T06:27:38+00:00\",\"dateModified\":\"2023-07-28T11:00:15+00:00\",\"description\":\"Tartu \u00dclikooli Kliinikumi v\u00e4hikeskus omab Euroopa V\u00e4hikeskuste Organisatsiooni akrediteeringut\",\"breadcrumb\":{\"@id\":\"https:\\\/\\\/www.kliinikum.ee\\\/vahikeskus\\\/vahiravi-kvaliteet\\\/#breadcrumb\"},\"inLanguage\":\"et\",\"potentialAction\":[{\"@type\":\"ReadAction\",\"target\":[\"https:\\\/\\\/www.kliinikum.ee\\\/vahikeskus\\\/vahiravi-kvaliteet\\\/\"]}]},{\"@type\":\"ImageObject\",\"inLanguage\":\"et\",\"@id\":\"https:\\\/\\\/www.kliinikum.ee\\\/vahikeskus\\\/vahiravi-kvaliteet\\\/#primaryimage\",\"url\":\"https:\\\/\\\/www.kliinikum.ee\\\/vahikeskus\\\/wp-content\\\/uploads\\\/2023\\\/06\\\/OECI_CLC_Tartu-Estonia_2027.png\",\"contentUrl\":\"https:\\\/\\\/www.kliinikum.ee\\\/vahikeskus\\\/wp-content\\\/uploads\\\/2023\\\/06\\\/OECI_CLC_Tartu-Estonia_2027.png\",\"width\":1575,\"height\":2363},{\"@type\":\"BreadcrumbList\",\"@id\":\"https:\\\/\\\/www.kliinikum.ee\\\/vahikeskus\\\/vahiravi-kvaliteet\\\/#breadcrumb\",\"itemListElement\":[{\"@type\":\"ListItem\",\"position\":1,\"name\":\"Home\",\"item\":\"https:\\\/\\\/www.kliinikum.ee\\\/vahikeskus\\\/\"},{\"@type\":\"ListItem\",\"position\":2,\"name\":\"V\u00e4hiravi kvaliteet\"}]},{\"@type\":\"WebSite\",\"@id\":\"https:\\\/\\\/www.kliinikum.ee\\\/vahikeskus\\\/#website\",\"url\":\"https:\\\/\\\/www.kliinikum.ee\\\/vahikeskus\\\/\",\"name\":\"V\u00e4hikeskus\",\"description\":\"Hoolivus, Uuendusmeelsus, P\u00e4devus ja Usaldusv\u00e4\u00e4rsus\",\"potentialAction\":[{\"@type\":\"SearchAction\",\"target\":{\"@type\":\"EntryPoint\",\"urlTemplate\":\"https:\\\/\\\/www.kliinikum.ee\\\/vahikeskus\\\/?s={search_term_string}\"},\"query-input\":{\"@type\":\"PropertyValueSpecification\",\"valueRequired\":true,\"valueName\":\"search_term_string\"}}],\"inLanguage\":\"et\"}]}<\/script>\n<!-- \/ Yoast SEO plugin. -->","yoast_head_json":{"title":"V\u00e4hiravi kvaliteet - V\u00e4hikeskus","description":"Tartu \u00dclikooli Kliinikumi v\u00e4hikeskus omab Euroopa V\u00e4hikeskuste Organisatsiooni akrediteeringut","robots":{"index":"index","follow":"follow","max-snippet":"max-snippet:-1","max-image-preview":"max-image-preview:large","max-video-preview":"max-video-preview:-1"},"canonical":"https:\/\/www.kliinikum.ee\/vahikeskus\/vahiravi-kvaliteet\/","og_locale":"et_EE","og_type":"article","og_title":"V\u00e4hiravi kvaliteet - V\u00e4hikeskus","og_description":"Tartu \u00dclikooli Kliinikumi v\u00e4hikeskus omab Euroopa V\u00e4hikeskuste Organisatsiooni akrediteeringut","og_url":"https:\/\/www.kliinikum.ee\/vahikeskus\/vahiravi-kvaliteet\/","og_site_name":"V\u00e4hikeskus","article_modified_time":"2023-07-28T11:00:15+00:00","og_image":[{"url":"https:\/\/www.kliinikum.ee\/vahikeskus\/wp-content\/uploads\/2023\/06\/OECI_CLC_Tartu-Estonia_2027.png","type":"","width":"","height":""}],"twitter_card":"summary_large_image","twitter_misc":{"Est. reading time":"1 minut"},"schema":{"@context":"https:\/\/schema.org","@graph":[{"@type":"WebPage","@id":"https:\/\/www.kliinikum.ee\/vahikeskus\/vahiravi-kvaliteet\/","url":"https:\/\/www.kliinikum.ee\/vahikeskus\/vahiravi-kvaliteet\/","name":"V\u00e4hiravi kvaliteet - V\u00e4hikeskus","isPartOf":{"@id":"https:\/\/www.kliinikum.ee\/vahikeskus\/#website"},"primaryImageOfPage":{"@id":"https:\/\/www.kliinikum.ee\/vahikeskus\/vahiravi-kvaliteet\/#primaryimage"},"image":{"@id":"https:\/\/www.kliinikum.ee\/vahikeskus\/vahiravi-kvaliteet\/#primaryimage"},"thumbnailUrl":"https:\/\/www.kliinikum.ee\/vahikeskus\/wp-content\/uploads\/2023\/06\/OECI_CLC_Tartu-Estonia_2027.png","datePublished":"2023-03-31T06:27:38+00:00","dateModified":"2023-07-28T11:00:15+00:00","description":"Tartu \u00dclikooli Kliinikumi v\u00e4hikeskus omab Euroopa V\u00e4hikeskuste Organisatsiooni akrediteeringut","breadcrumb":{"@id":"https:\/\/www.kliinikum.ee\/vahikeskus\/vahiravi-kvaliteet\/#breadcrumb"},"inLanguage":"et","potentialAction":[{"@type":"ReadAction","target":["https:\/\/www.kliinikum.ee\/vahikeskus\/vahiravi-kvaliteet\/"]}]},{"@type":"ImageObject","inLanguage":"et","@id":"https:\/\/www.kliinikum.ee\/vahikeskus\/vahiravi-kvaliteet\/#primaryimage","url":"https:\/\/www.kliinikum.ee\/vahikeskus\/wp-content\/uploads\/2023\/06\/OECI_CLC_Tartu-Estonia_2027.png","contentUrl":"https:\/\/www.kliinikum.ee\/vahikeskus\/wp-content\/uploads\/2023\/06\/OECI_CLC_Tartu-Estonia_2027.png","width":1575,"height":2363},{"@type":"BreadcrumbList","@id":"https:\/\/www.kliinikum.ee\/vahikeskus\/vahiravi-kvaliteet\/#breadcrumb","itemListElement":[{"@type":"ListItem","position":1,"name":"Home","item":"https:\/\/www.kliinikum.ee\/vahikeskus\/"},{"@type":"ListItem","position":2,"name":"V\u00e4hiravi kvaliteet"}]},{"@type":"WebSite","@id":"https:\/\/www.kliinikum.ee\/vahikeskus\/#website","url":"https:\/\/www.kliinikum.ee\/vahikeskus\/","name":"V\u00e4hikeskus","description":"Hoolivus, Uuendusmeelsus, P\u00e4devus ja Usaldusv\u00e4\u00e4rsus","potentialAction":[{"@type":"SearchAction","target":{"@type":"EntryPoint","urlTemplate":"https:\/\/www.kliinikum.ee\/vahikeskus\/?s={search_term_string}"},"query-input":{"@type":"PropertyValueSpecification","valueRequired":true,"valueName":"search_term_string"}}],"inLanguage":"et"}]}},"uagb_featured_image_src":{"full":false,"thumbnail":false,"medium":false,"medium_large":false,"large":false,"1536x1536":false,"2048x2048":false},"uagb_author_info":{"display_name":"Jane Freimann","author_link":"https:\/\/www.kliinikum.ee\/vahikeskus\/author\/janef\/"},"uagb_comment_info":0,"uagb_excerpt":"&nbsp; Tartu \u00dclikooli Kliinikumi v\u00e4hikeskus omab Euroopa V\u00e4hikeskuste Organisatsiooni (Organisation of European Cancer Institutes, OECI) akrediteeringut, mis on k\u00f5rgeim tunnustus kliinikumi v\u00e4hiravile, ennetustegevusele, diagnostikale ning teadus- ja \u00f5ppet\u00f6\u00f6le.\u00a0 OECI on Euroopa v\u00e4hikeskusi \u00fchendav organisatsioon, mille eesm\u00e4rk on tagada parima v\u00f5imaliku v\u00e4hiravi pakkumine l\u00e4bi \u00fchtsete \u00fcle-euroopaliste kvaliteedin\u00f5uete rakendamise, h\u00f5lmates valdkondi ennetustegevusest v\u00e4hidiagnostika ja ravini, patsiendikogemust, teadust\u00f6\u00f6&hellip;","_links":{"self":[{"href":"https:\/\/www.kliinikum.ee\/vahikeskus\/wp-json\/wp\/v2\/pages\/5895","targetHints":{"allow":["GET"]}}],"collection":[{"href":"https:\/\/www.kliinikum.ee\/vahikeskus\/wp-json\/wp\/v2\/pages"}],"about":[{"href":"https:\/\/www.kliinikum.ee\/vahikeskus\/wp-json\/wp\/v2\/types\/page"}],"author":[{"embeddable":true,"href":"https:\/\/www.kliinikum.ee\/vahikeskus\/wp-json\/wp\/v2\/users\/35"}],"replies":[{"embeddable":true,"href":"https:\/\/www.kliinikum.ee\/vahikeskus\/wp-json\/wp\/v2\/comments?post=5895"}],"version-history":[{"count":0,"href":"https:\/\/www.kliinikum.ee\/vahikeskus\/wp-json\/wp\/v2\/pages\/5895\/revisions"}],"wp:attachment":[{"href":"https:\/\/www.kliinikum.ee\/vahikeskus\/wp-json\/wp\/v2\/media?parent=5895"}],"curies":[{"name":"wp","href":"https:\/\/api.w.org\/{rel}","templated":true}]}}