{"id":5899,"date":"2023-03-31T08:33:33","date_gmt":"2023-03-31T06:33:33","guid":{"rendered":"https:\/\/www.kliinikum.ee\/vahikeskus\/?page_id=5899"},"modified":"2023-07-28T12:44:41","modified_gmt":"2023-07-28T10:44:41","slug":"teadus-ja-innovatsioon","status":"publish","type":"page","link":"https:\/\/www.kliinikum.ee\/vahikeskus\/teadus-ja-innovatsioon\/","title":{"rendered":"Teadus ja innovatsioon"},"content":{"rendered":"\n<p>Tartu \u00dclikooli Kliinikum on juhtiv akadeemiline v\u00e4hikeskus Eestis, kus kaasaegne innovaatiline v\u00e4hiravi, \u00f5ppe- ja teadustegevus moodustavad \u00fchtse terviku patsiendi ja l\u00e4hedaste h\u00fcvanguks.&nbsp;Tartu \u00dclikooli Kliinikumi kui Eesti ainsa \u00fclikoolihaigla jaoks on teadus ja innovatsioon v\u00e4ga olulised, k\u00e4imas on arvukalt kliinilisi uuringuid ja rahvusvahelisi koost\u00f6\u00f6projekte. T\u00e4psemalt saab nende kohta lugeda vasakpoolsest men\u00fc\u00fcst.<\/p>\n","protected":false},"excerpt":{"rendered":"<p>Tartu \u00dclikooli Kliinikum on juhtiv akadeemiline v\u00e4hikeskus Eestis, kus kaasaegne innovaatiline v\u00e4hiravi, \u00f5ppe- ja teadustegevus moodustavad \u00fchtse terviku patsiendi ja l\u00e4hedaste h\u00fcvanguks.&nbsp;Tartu \u00dclikooli Kliinikumi kui Eesti ainsa \u00fclikoolihaigla jaoks on teadus ja innovatsioon v\u00e4ga olulised, k\u00e4imas on arvukalt kliinilisi uuringuid ja rahvusvahelisi koost\u00f6\u00f6projekte. T\u00e4psemalt saab nende kohta lugeda vasakpoolsest men\u00fc\u00fcst.<\/p>\n","protected":false},"author":35,"featured_media":0,"parent":0,"menu_order":0,"comment_status":"closed","ping_status":"closed","template":"","meta":{"_acf_changed":false,"_uag_custom_page_level_css":"","footnotes":""},"class_list":["post-5899","page","type-page","status-publish","hentry"],"acf":[],"yoast_head":"<!-- This site is optimized with the Yoast SEO plugin v27.3 - https:\/\/yoast.com\/product\/yoast-seo-wordpress\/ -->\n<title>Teadus ja innovatsioon - V\u00e4hikeskus<\/title>\n<meta name=\"description\" content=\"Tartu \u00dclikooli Kliinikum on juhtiv akadeemiline v\u00e4hikeskus Eestis, kus kaasaegne innovaatiline v\u00e4hiravi, \u00f5ppe- ja teadustegevus moodustavad \u00fchtse terviku\" \/>\n<meta name=\"robots\" content=\"index, follow, max-snippet:-1, max-image-preview:large, max-video-preview:-1\" \/>\n<link rel=\"canonical\" href=\"https:\/\/www.kliinikum.ee\/vahikeskus\/teadus-ja-innovatsioon\/\" \/>\n<meta property=\"og:locale\" content=\"et_EE\" \/>\n<meta property=\"og:type\" content=\"article\" \/>\n<meta property=\"og:title\" content=\"Teadus ja innovatsioon - V\u00e4hikeskus\" \/>\n<meta property=\"og:description\" content=\"Tartu \u00dclikooli Kliinikum on juhtiv akadeemiline v\u00e4hikeskus Eestis, kus kaasaegne innovaatiline v\u00e4hiravi, \u00f5ppe- ja teadustegevus moodustavad \u00fchtse terviku\" \/>\n<meta property=\"og:url\" content=\"https:\/\/www.kliinikum.ee\/vahikeskus\/teadus-ja-innovatsioon\/\" \/>\n<meta property=\"og:site_name\" content=\"V\u00e4hikeskus\" \/>\n<meta property=\"article:modified_time\" content=\"2023-07-28T10:44:41+00:00\" \/>\n<meta name=\"twitter:card\" content=\"summary_large_image\" \/>\n<meta name=\"twitter:label1\" content=\"Est. reading time\" \/>\n\t<meta name=\"twitter:data1\" content=\"1 minut\" \/>\n<script type=\"application\/ld+json\" class=\"yoast-schema-graph\">{\"@context\":\"https:\\\/\\\/schema.org\",\"@graph\":[{\"@type\":\"WebPage\",\"@id\":\"https:\\\/\\\/www.kliinikum.ee\\\/vahikeskus\\\/teadus-ja-innovatsioon\\\/\",\"url\":\"https:\\\/\\\/www.kliinikum.ee\\\/vahikeskus\\\/teadus-ja-innovatsioon\\\/\",\"name\":\"Teadus ja innovatsioon - V\u00e4hikeskus\",\"isPartOf\":{\"@id\":\"https:\\\/\\\/www.kliinikum.ee\\\/vahikeskus\\\/#website\"},\"datePublished\":\"2023-03-31T06:33:33+00:00\",\"dateModified\":\"2023-07-28T10:44:41+00:00\",\"description\":\"Tartu \u00dclikooli Kliinikum on juhtiv akadeemiline v\u00e4hikeskus Eestis, kus kaasaegne innovaatiline v\u00e4hiravi, \u00f5ppe- ja teadustegevus moodustavad \u00fchtse terviku\",\"breadcrumb\":{\"@id\":\"https:\\\/\\\/www.kliinikum.ee\\\/vahikeskus\\\/teadus-ja-innovatsioon\\\/#breadcrumb\"},\"inLanguage\":\"et\",\"potentialAction\":[{\"@type\":\"ReadAction\",\"target\":[\"https:\\\/\\\/www.kliinikum.ee\\\/vahikeskus\\\/teadus-ja-innovatsioon\\\/\"]}]},{\"@type\":\"BreadcrumbList\",\"@id\":\"https:\\\/\\\/www.kliinikum.ee\\\/vahikeskus\\\/teadus-ja-innovatsioon\\\/#breadcrumb\",\"itemListElement\":[{\"@type\":\"ListItem\",\"position\":1,\"name\":\"Home\",\"item\":\"https:\\\/\\\/www.kliinikum.ee\\\/vahikeskus\\\/\"},{\"@type\":\"ListItem\",\"position\":2,\"name\":\"Teadus ja innovatsioon\"}]},{\"@type\":\"WebSite\",\"@id\":\"https:\\\/\\\/www.kliinikum.ee\\\/vahikeskus\\\/#website\",\"url\":\"https:\\\/\\\/www.kliinikum.ee\\\/vahikeskus\\\/\",\"name\":\"V\u00e4hikeskus\",\"description\":\"Hoolivus, Uuendusmeelsus, P\u00e4devus ja Usaldusv\u00e4\u00e4rsus\",\"potentialAction\":[{\"@type\":\"SearchAction\",\"target\":{\"@type\":\"EntryPoint\",\"urlTemplate\":\"https:\\\/\\\/www.kliinikum.ee\\\/vahikeskus\\\/?s={search_term_string}\"},\"query-input\":{\"@type\":\"PropertyValueSpecification\",\"valueRequired\":true,\"valueName\":\"search_term_string\"}}],\"inLanguage\":\"et\"}]}<\/script>\n<!-- \/ Yoast SEO plugin. -->","yoast_head_json":{"title":"Teadus ja innovatsioon - V\u00e4hikeskus","description":"Tartu \u00dclikooli Kliinikum on juhtiv akadeemiline v\u00e4hikeskus Eestis, kus kaasaegne innovaatiline v\u00e4hiravi, \u00f5ppe- ja teadustegevus moodustavad \u00fchtse terviku","robots":{"index":"index","follow":"follow","max-snippet":"max-snippet:-1","max-image-preview":"max-image-preview:large","max-video-preview":"max-video-preview:-1"},"canonical":"https:\/\/www.kliinikum.ee\/vahikeskus\/teadus-ja-innovatsioon\/","og_locale":"et_EE","og_type":"article","og_title":"Teadus ja innovatsioon - V\u00e4hikeskus","og_description":"Tartu \u00dclikooli Kliinikum on juhtiv akadeemiline v\u00e4hikeskus Eestis, kus kaasaegne innovaatiline v\u00e4hiravi, \u00f5ppe- ja teadustegevus moodustavad \u00fchtse terviku","og_url":"https:\/\/www.kliinikum.ee\/vahikeskus\/teadus-ja-innovatsioon\/","og_site_name":"V\u00e4hikeskus","article_modified_time":"2023-07-28T10:44:41+00:00","twitter_card":"summary_large_image","twitter_misc":{"Est. reading time":"1 minut"},"schema":{"@context":"https:\/\/schema.org","@graph":[{"@type":"WebPage","@id":"https:\/\/www.kliinikum.ee\/vahikeskus\/teadus-ja-innovatsioon\/","url":"https:\/\/www.kliinikum.ee\/vahikeskus\/teadus-ja-innovatsioon\/","name":"Teadus ja innovatsioon - V\u00e4hikeskus","isPartOf":{"@id":"https:\/\/www.kliinikum.ee\/vahikeskus\/#website"},"datePublished":"2023-03-31T06:33:33+00:00","dateModified":"2023-07-28T10:44:41+00:00","description":"Tartu \u00dclikooli Kliinikum on juhtiv akadeemiline v\u00e4hikeskus Eestis, kus kaasaegne innovaatiline v\u00e4hiravi, \u00f5ppe- ja teadustegevus moodustavad \u00fchtse terviku","breadcrumb":{"@id":"https:\/\/www.kliinikum.ee\/vahikeskus\/teadus-ja-innovatsioon\/#breadcrumb"},"inLanguage":"et","potentialAction":[{"@type":"ReadAction","target":["https:\/\/www.kliinikum.ee\/vahikeskus\/teadus-ja-innovatsioon\/"]}]},{"@type":"BreadcrumbList","@id":"https:\/\/www.kliinikum.ee\/vahikeskus\/teadus-ja-innovatsioon\/#breadcrumb","itemListElement":[{"@type":"ListItem","position":1,"name":"Home","item":"https:\/\/www.kliinikum.ee\/vahikeskus\/"},{"@type":"ListItem","position":2,"name":"Teadus ja innovatsioon"}]},{"@type":"WebSite","@id":"https:\/\/www.kliinikum.ee\/vahikeskus\/#website","url":"https:\/\/www.kliinikum.ee\/vahikeskus\/","name":"V\u00e4hikeskus","description":"Hoolivus, Uuendusmeelsus, P\u00e4devus ja Usaldusv\u00e4\u00e4rsus","potentialAction":[{"@type":"SearchAction","target":{"@type":"EntryPoint","urlTemplate":"https:\/\/www.kliinikum.ee\/vahikeskus\/?s={search_term_string}"},"query-input":{"@type":"PropertyValueSpecification","valueRequired":true,"valueName":"search_term_string"}}],"inLanguage":"et"}]}},"uagb_featured_image_src":{"full":false,"thumbnail":false,"medium":false,"medium_large":false,"large":false,"1536x1536":false,"2048x2048":false},"uagb_author_info":{"display_name":"Jane Freimann","author_link":"https:\/\/www.kliinikum.ee\/vahikeskus\/author\/janef\/"},"uagb_comment_info":0,"uagb_excerpt":"Tartu \u00dclikooli Kliinikum on juhtiv akadeemiline v\u00e4hikeskus Eestis, kus kaasaegne innovaatiline v\u00e4hiravi, \u00f5ppe- ja teadustegevus moodustavad \u00fchtse terviku patsiendi ja l\u00e4hedaste h\u00fcvanguks.&nbsp;Tartu \u00dclikooli Kliinikumi kui Eesti ainsa \u00fclikoolihaigla jaoks on teadus ja innovatsioon v\u00e4ga olulised, k\u00e4imas on arvukalt kliinilisi uuringuid ja rahvusvahelisi koost\u00f6\u00f6projekte. T\u00e4psemalt saab nende kohta lugeda vasakpoolsest men\u00fc\u00fcst.","_links":{"self":[{"href":"https:\/\/www.kliinikum.ee\/vahikeskus\/wp-json\/wp\/v2\/pages\/5899","targetHints":{"allow":["GET"]}}],"collection":[{"href":"https:\/\/www.kliinikum.ee\/vahikeskus\/wp-json\/wp\/v2\/pages"}],"about":[{"href":"https:\/\/www.kliinikum.ee\/vahikeskus\/wp-json\/wp\/v2\/types\/page"}],"author":[{"embeddable":true,"href":"https:\/\/www.kliinikum.ee\/vahikeskus\/wp-json\/wp\/v2\/users\/35"}],"replies":[{"embeddable":true,"href":"https:\/\/www.kliinikum.ee\/vahikeskus\/wp-json\/wp\/v2\/comments?post=5899"}],"version-history":[{"count":0,"href":"https:\/\/www.kliinikum.ee\/vahikeskus\/wp-json\/wp\/v2\/pages\/5899\/revisions"}],"wp:attachment":[{"href":"https:\/\/www.kliinikum.ee\/vahikeskus\/wp-json\/wp\/v2\/media?parent=5899"}],"curies":[{"name":"wp","href":"https:\/\/api.w.org\/{rel}","templated":true}]}}