{"id":5931,"date":"2023-03-31T09:31:13","date_gmt":"2023-03-31T07:31:13","guid":{"rendered":"https:\/\/www.kliinikum.ee\/vahikeskus\/?page_id=5931"},"modified":"2023-08-07T13:23:41","modified_gmt":"2023-08-07T11:23:41","slug":"kirurgiakliinik","status":"publish","type":"page","link":"https:\/\/www.kliinikum.ee\/vahikeskus\/vahikeskus\/kirurgiakliinik\/","title":{"rendered":"Kirurgiakliinik"},"content":{"rendered":"\n<p>Tartu \u00dclikooli Kliinikumi kirurgiakliiniku koosseisu kuuluv kirurgilise ja g\u00fcnekoloogilise onkoloogia osakond tegeleb pahaloomuliste kasvajate diagnostika ja kirurgilise raviga. Sageli kombineeritakse operatiivne ravi s\u00fcsteem- ja\/v\u00f5i kiiritusraviga v\u00f5imalikult hea raviefekti saavutamiseks.<\/p>\n\n\n\n<p><br>Peamised kasvajapaikmed, mille raviga kirurgilise ja g\u00fcnekoloogilise onkoloogia osakond tegeleb:<br>- seedeorganite kasvajad ja kasvajaeelsed seisundid<br>- kuse- ja meessuguelundite kasvajad<br>- nahakasvajad<br>- kilpn\u00e4\u00e4rme ja teiste endokriinn\u00e4\u00e4rmete kasvajad<br>- luude- ja pehmekoe kasvajad<br>- rinnan\u00e4\u00e4rme kasvajad<br>- g\u00fcnekoloogilised kasvajad<\/p>\n\n\n\n<p>Uroloogiliste (eesn\u00e4\u00e4rme, kusep\u00f5ie, neeru, testise v\u00e4hk) kasvajate diagnostika ja kirurgiline ravi toimub uroloogia ja neerusiirdamise osakonnas.<\/p>\n\n\n\n<p>\u00dcldkirurgia ja plastikakirurgia osakonnas teostatakse naha ja nahaaluskoe hea- ja pahaloomuliste kasvajate kirurgilist ravi ja taastavaid operatsioone (n\u00e4iteks rinnav\u00e4hi kirurgilise ravi j\u00e4rgselt).<\/p>\n\n\n\n<div style=\"height:43px\" aria-hidden=\"true\" class=\"wp-block-spacer\"><\/div>\n\n\n\n<div class=\"wp-block-uagb-buttons uagb-buttons__outer-wrap uagb-btn__default-btn uagb-btn-tablet__default-btn uagb-btn-mobile__default-btn uagb-block-7534d478\"><div class=\"uagb-buttons__wrap uagb-buttons-layout-wrap\">\n<div class=\"wp-block-uagb-buttons-child uagb-buttons__outer-wrap uagb-block-9391f436 wp-block-button is-style-outline\"><div class=\"uagb-button__wrapper\"><a class=\"uagb-buttons-repeater wp-block-button__link has-background has-text-color\" href=\"https:\/\/www.kliinikum.ee\/kirurgiakliinik\/\" onclick=\"return true;\" rel=\"follow noopener\" target=\"_blank\"><div class=\"uagb-button__link\">Kirurgiakliinik<\/div><\/a><\/div><\/div>\n<\/div><\/div>\n","protected":false},"excerpt":{"rendered":"<p>Tartu \u00dclikooli Kliinikumi kirurgiakliiniku koosseisu kuuluv kirurgilise ja g\u00fcnekoloogilise onkoloogia osakond tegeleb pahaloomuliste kasvajate diagnostika ja kirurgilise raviga. Sageli kombineeritakse operatiivne ravi s\u00fcsteem- ja\/v\u00f5i kiiritusraviga v\u00f5imalikult hea raviefekti saavutamiseks. Peamised kasvajapaikmed, mille raviga kirurgilise ja g\u00fcnekoloogilise onkoloogia osakond tegeleb:- seedeorganite kasvajad ja kasvajaeelsed seisundid- kuse- ja meessuguelundite kasvajad- nahakasvajad- kilpn\u00e4\u00e4rme ja teiste endokriinn\u00e4\u00e4rmete kasvajad- luude- [&hellip;]<\/p>\n","protected":false},"author":35,"featured_media":0,"parent":5890,"menu_order":3,"comment_status":"closed","ping_status":"closed","template":"","meta":{"_acf_changed":false,"_uag_custom_page_level_css":"","footnotes":""},"class_list":["post-5931","page","type-page","status-publish","hentry"],"acf":[],"yoast_head":"<!-- This site is optimized with the Yoast SEO plugin v27.3 - https:\/\/yoast.com\/product\/yoast-seo-wordpress\/ -->\n<title>Kirurgiakliinik - V\u00e4hikeskus<\/title>\n<meta name=\"description\" content=\"Kirurgiakliiniku koosseisu kuuluvad kirurgilise ja g\u00fcnekoloogilise onkoloogia ning uroloogia ja neerusiirdamise osakond, mis tegelevad pahaloomuliste kasvajate diagnostika ja kirurgilise raviga.\" \/>\n<meta name=\"robots\" content=\"index, follow, max-snippet:-1, max-image-preview:large, max-video-preview:-1\" \/>\n<link rel=\"canonical\" href=\"https:\/\/www.kliinikum.ee\/vahikeskus\/vahikeskus\/kirurgiakliinik\/\" \/>\n<meta property=\"og:locale\" content=\"et_EE\" \/>\n<meta property=\"og:type\" content=\"article\" \/>\n<meta property=\"og:title\" content=\"Kirurgiakliinik - V\u00e4hikeskus\" \/>\n<meta property=\"og:description\" content=\"Kirurgiakliiniku koosseisu kuuluvad kirurgilise ja g\u00fcnekoloogilise onkoloogia ning uroloogia ja neerusiirdamise osakond, mis tegelevad pahaloomuliste kasvajate diagnostika ja kirurgilise raviga.\" \/>\n<meta property=\"og:url\" content=\"https:\/\/www.kliinikum.ee\/vahikeskus\/vahikeskus\/kirurgiakliinik\/\" \/>\n<meta property=\"og:site_name\" content=\"V\u00e4hikeskus\" \/>\n<meta property=\"article:modified_time\" content=\"2023-08-07T11:23:41+00:00\" \/>\n<meta name=\"twitter:card\" content=\"summary_large_image\" \/>\n<meta name=\"twitter:label1\" content=\"Est. reading time\" \/>\n\t<meta name=\"twitter:data1\" content=\"1 minut\" \/>\n<script type=\"application\/ld+json\" class=\"yoast-schema-graph\">{\"@context\":\"https:\\\/\\\/schema.org\",\"@graph\":[{\"@type\":\"WebPage\",\"@id\":\"https:\\\/\\\/www.kliinikum.ee\\\/vahikeskus\\\/vahikeskus\\\/kirurgiakliinik\\\/\",\"url\":\"https:\\\/\\\/www.kliinikum.ee\\\/vahikeskus\\\/vahikeskus\\\/kirurgiakliinik\\\/\",\"name\":\"Kirurgiakliinik - V\u00e4hikeskus\",\"isPartOf\":{\"@id\":\"https:\\\/\\\/www.kliinikum.ee\\\/vahikeskus\\\/#website\"},\"datePublished\":\"2023-03-31T07:31:13+00:00\",\"dateModified\":\"2023-08-07T11:23:41+00:00\",\"description\":\"Kirurgiakliiniku koosseisu kuuluvad kirurgilise ja g\u00fcnekoloogilise onkoloogia ning uroloogia ja neerusiirdamise osakond, mis tegelevad pahaloomuliste kasvajate diagnostika ja kirurgilise raviga.\",\"breadcrumb\":{\"@id\":\"https:\\\/\\\/www.kliinikum.ee\\\/vahikeskus\\\/vahikeskus\\\/kirurgiakliinik\\\/#breadcrumb\"},\"inLanguage\":\"et\",\"potentialAction\":[{\"@type\":\"ReadAction\",\"target\":[\"https:\\\/\\\/www.kliinikum.ee\\\/vahikeskus\\\/vahikeskus\\\/kirurgiakliinik\\\/\"]}]},{\"@type\":\"BreadcrumbList\",\"@id\":\"https:\\\/\\\/www.kliinikum.ee\\\/vahikeskus\\\/vahikeskus\\\/kirurgiakliinik\\\/#breadcrumb\",\"itemListElement\":[{\"@type\":\"ListItem\",\"position\":1,\"name\":\"Home\",\"item\":\"https:\\\/\\\/www.kliinikum.ee\\\/vahikeskus\\\/\"},{\"@type\":\"ListItem\",\"position\":2,\"name\":\"V\u00e4hikeskus\",\"item\":\"https:\\\/\\\/www.kliinikum.ee\\\/vahikeskus\\\/vahikeskus\\\/\"},{\"@type\":\"ListItem\",\"position\":3,\"name\":\"Kirurgiakliinik\"}]},{\"@type\":\"WebSite\",\"@id\":\"https:\\\/\\\/www.kliinikum.ee\\\/vahikeskus\\\/#website\",\"url\":\"https:\\\/\\\/www.kliinikum.ee\\\/vahikeskus\\\/\",\"name\":\"V\u00e4hikeskus\",\"description\":\"Hoolivus, Uuendusmeelsus, P\u00e4devus ja Usaldusv\u00e4\u00e4rsus\",\"potentialAction\":[{\"@type\":\"SearchAction\",\"target\":{\"@type\":\"EntryPoint\",\"urlTemplate\":\"https:\\\/\\\/www.kliinikum.ee\\\/vahikeskus\\\/?s={search_term_string}\"},\"query-input\":{\"@type\":\"PropertyValueSpecification\",\"valueRequired\":true,\"valueName\":\"search_term_string\"}}],\"inLanguage\":\"et\"}]}<\/script>\n<!-- \/ Yoast SEO plugin. -->","yoast_head_json":{"title":"Kirurgiakliinik - V\u00e4hikeskus","description":"Kirurgiakliiniku koosseisu kuuluvad kirurgilise ja g\u00fcnekoloogilise onkoloogia ning uroloogia ja neerusiirdamise osakond, mis tegelevad pahaloomuliste kasvajate diagnostika ja kirurgilise raviga.","robots":{"index":"index","follow":"follow","max-snippet":"max-snippet:-1","max-image-preview":"max-image-preview:large","max-video-preview":"max-video-preview:-1"},"canonical":"https:\/\/www.kliinikum.ee\/vahikeskus\/vahikeskus\/kirurgiakliinik\/","og_locale":"et_EE","og_type":"article","og_title":"Kirurgiakliinik - V\u00e4hikeskus","og_description":"Kirurgiakliiniku koosseisu kuuluvad kirurgilise ja g\u00fcnekoloogilise onkoloogia ning uroloogia ja neerusiirdamise osakond, mis tegelevad pahaloomuliste kasvajate diagnostika ja kirurgilise raviga.","og_url":"https:\/\/www.kliinikum.ee\/vahikeskus\/vahikeskus\/kirurgiakliinik\/","og_site_name":"V\u00e4hikeskus","article_modified_time":"2023-08-07T11:23:41+00:00","twitter_card":"summary_large_image","twitter_misc":{"Est. reading time":"1 minut"},"schema":{"@context":"https:\/\/schema.org","@graph":[{"@type":"WebPage","@id":"https:\/\/www.kliinikum.ee\/vahikeskus\/vahikeskus\/kirurgiakliinik\/","url":"https:\/\/www.kliinikum.ee\/vahikeskus\/vahikeskus\/kirurgiakliinik\/","name":"Kirurgiakliinik - V\u00e4hikeskus","isPartOf":{"@id":"https:\/\/www.kliinikum.ee\/vahikeskus\/#website"},"datePublished":"2023-03-31T07:31:13+00:00","dateModified":"2023-08-07T11:23:41+00:00","description":"Kirurgiakliiniku koosseisu kuuluvad kirurgilise ja g\u00fcnekoloogilise onkoloogia ning uroloogia ja neerusiirdamise osakond, mis tegelevad pahaloomuliste kasvajate diagnostika ja kirurgilise raviga.","breadcrumb":{"@id":"https:\/\/www.kliinikum.ee\/vahikeskus\/vahikeskus\/kirurgiakliinik\/#breadcrumb"},"inLanguage":"et","potentialAction":[{"@type":"ReadAction","target":["https:\/\/www.kliinikum.ee\/vahikeskus\/vahikeskus\/kirurgiakliinik\/"]}]},{"@type":"BreadcrumbList","@id":"https:\/\/www.kliinikum.ee\/vahikeskus\/vahikeskus\/kirurgiakliinik\/#breadcrumb","itemListElement":[{"@type":"ListItem","position":1,"name":"Home","item":"https:\/\/www.kliinikum.ee\/vahikeskus\/"},{"@type":"ListItem","position":2,"name":"V\u00e4hikeskus","item":"https:\/\/www.kliinikum.ee\/vahikeskus\/vahikeskus\/"},{"@type":"ListItem","position":3,"name":"Kirurgiakliinik"}]},{"@type":"WebSite","@id":"https:\/\/www.kliinikum.ee\/vahikeskus\/#website","url":"https:\/\/www.kliinikum.ee\/vahikeskus\/","name":"V\u00e4hikeskus","description":"Hoolivus, Uuendusmeelsus, P\u00e4devus ja Usaldusv\u00e4\u00e4rsus","potentialAction":[{"@type":"SearchAction","target":{"@type":"EntryPoint","urlTemplate":"https:\/\/www.kliinikum.ee\/vahikeskus\/?s={search_term_string}"},"query-input":{"@type":"PropertyValueSpecification","valueRequired":true,"valueName":"search_term_string"}}],"inLanguage":"et"}]}},"uagb_featured_image_src":{"full":false,"thumbnail":false,"medium":false,"medium_large":false,"large":false,"1536x1536":false,"2048x2048":false},"uagb_author_info":{"display_name":"Jane Freimann","author_link":"https:\/\/www.kliinikum.ee\/vahikeskus\/author\/janef\/"},"uagb_comment_info":0,"uagb_excerpt":"Tartu \u00dclikooli Kliinikumi kirurgiakliiniku koosseisu kuuluv kirurgilise ja g\u00fcnekoloogilise onkoloogia osakond tegeleb pahaloomuliste kasvajate diagnostika ja kirurgilise raviga. Sageli kombineeritakse operatiivne ravi s\u00fcsteem- ja\/v\u00f5i kiiritusraviga v\u00f5imalikult hea raviefekti saavutamiseks. Peamised kasvajapaikmed, mille raviga kirurgilise ja g\u00fcnekoloogilise onkoloogia osakond tegeleb:- seedeorganite kasvajad ja kasvajaeelsed seisundid- kuse- ja meessuguelundite kasvajad- nahakasvajad- kilpn\u00e4\u00e4rme ja teiste endokriinn\u00e4\u00e4rmete kasvajad- luude-&hellip;","_links":{"self":[{"href":"https:\/\/www.kliinikum.ee\/vahikeskus\/wp-json\/wp\/v2\/pages\/5931","targetHints":{"allow":["GET"]}}],"collection":[{"href":"https:\/\/www.kliinikum.ee\/vahikeskus\/wp-json\/wp\/v2\/pages"}],"about":[{"href":"https:\/\/www.kliinikum.ee\/vahikeskus\/wp-json\/wp\/v2\/types\/page"}],"author":[{"embeddable":true,"href":"https:\/\/www.kliinikum.ee\/vahikeskus\/wp-json\/wp\/v2\/users\/35"}],"replies":[{"embeddable":true,"href":"https:\/\/www.kliinikum.ee\/vahikeskus\/wp-json\/wp\/v2\/comments?post=5931"}],"version-history":[{"count":0,"href":"https:\/\/www.kliinikum.ee\/vahikeskus\/wp-json\/wp\/v2\/pages\/5931\/revisions"}],"up":[{"embeddable":true,"href":"https:\/\/www.kliinikum.ee\/vahikeskus\/wp-json\/wp\/v2\/pages\/5890"}],"wp:attachment":[{"href":"https:\/\/www.kliinikum.ee\/vahikeskus\/wp-json\/wp\/v2\/media?parent=5931"}],"curies":[{"name":"wp","href":"https:\/\/api.w.org\/{rel}","templated":true}]}}