{"id":5939,"date":"2023-03-31T09:48:03","date_gmt":"2023-03-31T07:48:03","guid":{"rendered":"https:\/\/www.kliinikum.ee\/vahikeskus\/?page_id=5939"},"modified":"2023-09-07T08:04:24","modified_gmt":"2023-09-07T06:04:24","slug":"vahitorje-tegevuskava","status":"publish","type":"page","link":"https:\/\/www.kliinikum.ee\/vahikeskus\/vahiravi-kvaliteet\/vahitorje-tegevuskava\/","title":{"rendered":"V\u00e4hit\u00f5rje tegevuskava"},"content":{"rendered":"\n<p>Tartu \u00dclikooli Kliinikumi v\u00e4hikeskus juhindub oma eesm\u00e4rkide p\u00fcstitamises ja tegevuses riiklikust v\u00e4hit\u00f5rje tegevuskavast. &nbsp;<\/p>\n\n\n\n<p>V\u00e4hit\u00f5rje tegevuskava aastateks 2021\u20132030 kirjeldab Eesti seniseid edusamme ja vajakaj\u00e4\u00e4misi ning seab prioriteedid&nbsp;edasiseks \u2013 kuidas tulla toime v\u00e4hit\u00f5rje ja tervishoius\u00fcsteemi ees seisvate katsumustega, tagada igale patsiendile parim&nbsp;v\u00f5imalik ravitulemus ning toetada v\u00e4hiteekonnal patsiente ja nende l\u00e4hedasi. Patsientide ja nende l\u00e4hedaste heaolu v\u00e4hiteekonna jooksul, elu v\u00e4higa ja p\u00e4rast v\u00e4hki on \u00fcha enam v\u00e4hit\u00f5rje keskpunktis kogu maailmas ning huvipunkt nihkub haiguse asemel rohkem inimesele.&nbsp;<\/p>\n\n\n\n<p>V\u00e4hit\u00f5rje tegevuskava eesm\u00e4rk on v\u00e4hendada v\u00e4hijuhtude ja -surmade arvu ning parandada patsientide elukvaliteedi. Terviklik kava h\u00f5lmab k\u00f5iki v\u00e4hit\u00f5rje valdkondi alates ennetusest, diagnostikast ja ravist kuni v\u00e4hij\u00e4rgse perioodini inimese elus.&nbsp;<\/p>\n\n\n\n<p>Eesti v\u00e4hit\u00f5rje tegevuskava koostamine toimus paralleelselt Euroopa Komisjoni algatatud Euroopa v\u00e4hkt\u00f5vevastase v\u00f5itluse kava ja v\u00e4himissiooniga, mis samamoodi keskenduvad praegustele v\u00e4higa seotud v\u00f5tmeteemadele eesm\u00e4rgiga hoida 2030. aastaks \u00e4ra kolm miljonit v\u00e4hisurma, pikendada tunduvalt v\u00e4hipatsientide eluiga ning parandada nende elukvaliteeti.&nbsp;<\/p>\n\n\n\n<p>R\u00f5hutatakse vajadust muuta t\u00f5endusp\u00f5hine v\u00e4hiennetus, t\u00e4nap\u00e4evane v\u00e4hidiagnostika ja kasvajaspetsiifiline ravi ning taastus- ja toetusravi v\u00f5rdselt k\u00e4ttesaadavaks k\u00f5igis Euroopa Liidu liikmesriikides.&nbsp;<\/p>\n\n\n\n<h2 class=\"wp-block-heading\">V\u00e4hit\u00f5rje prioriteedid j\u00e4rgmiseks k\u00fcmneks aastaks <\/h2>\n\n\n\n<p><strong>V\u00e4hki haigestub v\u00e4hem inimesi<\/strong>&nbsp;<\/p>\n\n\n\n<ul class=\"wp-block-list\">\n<li>Elustiiliga seotud v\u00e4hiriski v\u00e4hendamine&nbsp;<\/li>\n\n\n\n<li>Uute p\u00f5lvkondade kaitse - vaktsineerimine v\u00e4hki p\u00f5hjustavate viiruste vastu&nbsp;<\/li>\n\n\n\n<li>V\u00e4hieelsete seisundite avastamine ennetavate s\u00f5eluuringute abil (emakakaela- ja soolev\u00e4hk)&nbsp;<\/li>\n<\/ul>\n\n\n\n<p><strong>Inimesed elavad p\u00e4rast v\u00e4hidiagnoosi&nbsp; kauem ja tervemana<\/strong>&nbsp;<\/p>\n\n\n\n<ul class=\"wp-block-list\">\n<li>V\u00e4hi v\u00f5imalikult varane diagnoosimine igas vanuses patsientidel&nbsp;<\/li>\n\n\n\n<li>Parim v\u00f5imalik ravi igale patsiendile \u2013 diagnostika ja ravi koondamine v\u00e4hikeskuste juhtimise alla&nbsp;<\/li>\n\n\n\n<li>Ravi k\u00e4ttesaadavus l\u00e4htuvalt patsiendi vajadustest, sh kodul\u00e4hedane ravi v\u00e4hikeskuste koordineerimisel&nbsp;<\/li>\n<\/ul>\n\n\n\n<p><strong>V\u00e4higa elavate inimeste elukvaliteet on parem<\/strong>&nbsp;<\/p>\n\n\n\n<ul class=\"wp-block-list\">\n<li>Patsiendikeskne terviklik v\u00e4hiteekond koos sotsiaalse ja ps\u00fchholoogilise toega patsiendile ning tema l\u00e4hedastele&nbsp;<\/li>\n\n\n\n<li>V\u00e4hist paranenute optimaalne j\u00e4relkontroll v\u00e4hikeskuste ja esmatasandi koost\u00f6\u00f6s&nbsp;<\/li>\n\n\n\n<li>Elu p\u00e4rast v\u00e4hki \u2013 ps\u00fchhosotsiaalne tugi \u00fchiskonda naasmiseks&nbsp;<\/li>\n<\/ul>\n\n\n\n<p>Rohkem infot <a href=\"https:\/\/tai.ee\/et\/valjaanded\/vahitorje-tegevuskava-2021-2030\" target=\"_blank\" rel=\"noreferrer noopener\">Tervise Arengu Instituudi kodulehelt <\/a><\/p>\n\n\n\n<div class=\"wp-block-file\"><a id=\"wp-block-file--media-e2476808-c150-47a6-bac0-b391cb71f24e\" href=\"https:\/\/www.kliinikum.ee\/vahikeskus\/wp-content\/uploads\/2023\/06\/Vahitorje_tegevuskava_20212030.pdf\">V\u00e4hit\u00f5rje tegevuskava<\/a><\/div>\n","protected":false},"excerpt":{"rendered":"<p>Tartu \u00dclikooli Kliinikumi v\u00e4hikeskus juhindub oma eesm\u00e4rkide p\u00fcstitamises ja tegevuses riiklikust v\u00e4hit\u00f5rje tegevuskavast. &nbsp; V\u00e4hit\u00f5rje tegevuskava aastateks 2021\u20132030 kirjeldab Eesti seniseid edusamme ja vajakaj\u00e4\u00e4misi ning seab prioriteedid&nbsp;edasiseks \u2013 kuidas tulla toime v\u00e4hit\u00f5rje ja tervishoius\u00fcsteemi ees seisvate katsumustega, tagada igale patsiendile parim&nbsp;v\u00f5imalik ravitulemus ning toetada v\u00e4hiteekonnal patsiente ja nende l\u00e4hedasi. Patsientide ja nende l\u00e4hedaste heaolu v\u00e4hiteekonna [&hellip;]<\/p>\n","protected":false},"author":35,"featured_media":0,"parent":5895,"menu_order":1,"comment_status":"closed","ping_status":"closed","template":"","meta":{"_acf_changed":false,"_uag_custom_page_level_css":"","footnotes":""},"class_list":["post-5939","page","type-page","status-publish","hentry"],"acf":[],"yoast_head":"<!-- This site is optimized with the Yoast SEO plugin v27.3 - https:\/\/yoast.com\/product\/yoast-seo-wordpress\/ -->\n<title>V\u00e4hit\u00f5rje tegevuskava - V\u00e4hikeskus<\/title>\n<meta name=\"description\" content=\"Tartu \u00dclikooli Kliinikumi v\u00e4hikeskus juhindub oma eesm\u00e4rkide p\u00fcstitamises ja tegevuses riiklikust v\u00e4hit\u00f5rje tegevuskavast.\" \/>\n<meta name=\"robots\" content=\"index, follow, max-snippet:-1, max-image-preview:large, max-video-preview:-1\" \/>\n<link rel=\"canonical\" href=\"https:\/\/www.kliinikum.ee\/vahikeskus\/vahiravi-kvaliteet\/vahitorje-tegevuskava\/\" \/>\n<meta property=\"og:locale\" content=\"et_EE\" \/>\n<meta property=\"og:type\" content=\"article\" \/>\n<meta property=\"og:title\" content=\"V\u00e4hit\u00f5rje tegevuskava - V\u00e4hikeskus\" \/>\n<meta property=\"og:description\" content=\"Tartu \u00dclikooli Kliinikumi v\u00e4hikeskus juhindub oma eesm\u00e4rkide p\u00fcstitamises ja tegevuses riiklikust v\u00e4hit\u00f5rje tegevuskavast.\" \/>\n<meta property=\"og:url\" content=\"https:\/\/www.kliinikum.ee\/vahikeskus\/vahiravi-kvaliteet\/vahitorje-tegevuskava\/\" \/>\n<meta property=\"og:site_name\" content=\"V\u00e4hikeskus\" \/>\n<meta property=\"article:modified_time\" content=\"2023-09-07T06:04:24+00:00\" \/>\n<meta name=\"twitter:card\" content=\"summary_large_image\" \/>\n<meta name=\"twitter:label1\" content=\"Est. reading time\" \/>\n\t<meta name=\"twitter:data1\" content=\"2 minutit\" \/>\n<script type=\"application\/ld+json\" class=\"yoast-schema-graph\">{\"@context\":\"https:\\\/\\\/schema.org\",\"@graph\":[{\"@type\":\"WebPage\",\"@id\":\"https:\\\/\\\/www.kliinikum.ee\\\/vahikeskus\\\/vahiravi-kvaliteet\\\/vahitorje-tegevuskava\\\/\",\"url\":\"https:\\\/\\\/www.kliinikum.ee\\\/vahikeskus\\\/vahiravi-kvaliteet\\\/vahitorje-tegevuskava\\\/\",\"name\":\"V\u00e4hit\u00f5rje tegevuskava - V\u00e4hikeskus\",\"isPartOf\":{\"@id\":\"https:\\\/\\\/www.kliinikum.ee\\\/vahikeskus\\\/#website\"},\"datePublished\":\"2023-03-31T07:48:03+00:00\",\"dateModified\":\"2023-09-07T06:04:24+00:00\",\"description\":\"Tartu \u00dclikooli Kliinikumi v\u00e4hikeskus juhindub oma eesm\u00e4rkide p\u00fcstitamises ja tegevuses riiklikust v\u00e4hit\u00f5rje tegevuskavast.\",\"breadcrumb\":{\"@id\":\"https:\\\/\\\/www.kliinikum.ee\\\/vahikeskus\\\/vahiravi-kvaliteet\\\/vahitorje-tegevuskava\\\/#breadcrumb\"},\"inLanguage\":\"et\",\"potentialAction\":[{\"@type\":\"ReadAction\",\"target\":[\"https:\\\/\\\/www.kliinikum.ee\\\/vahikeskus\\\/vahiravi-kvaliteet\\\/vahitorje-tegevuskava\\\/\"]}]},{\"@type\":\"BreadcrumbList\",\"@id\":\"https:\\\/\\\/www.kliinikum.ee\\\/vahikeskus\\\/vahiravi-kvaliteet\\\/vahitorje-tegevuskava\\\/#breadcrumb\",\"itemListElement\":[{\"@type\":\"ListItem\",\"position\":1,\"name\":\"Home\",\"item\":\"https:\\\/\\\/www.kliinikum.ee\\\/vahikeskus\\\/\"},{\"@type\":\"ListItem\",\"position\":2,\"name\":\"V\u00e4hiravi kvaliteet\",\"item\":\"https:\\\/\\\/www.kliinikum.ee\\\/vahikeskus\\\/vahiravi-kvaliteet\\\/\"},{\"@type\":\"ListItem\",\"position\":3,\"name\":\"V\u00e4hit\u00f5rje tegevuskava\"}]},{\"@type\":\"WebSite\",\"@id\":\"https:\\\/\\\/www.kliinikum.ee\\\/vahikeskus\\\/#website\",\"url\":\"https:\\\/\\\/www.kliinikum.ee\\\/vahikeskus\\\/\",\"name\":\"V\u00e4hikeskus\",\"description\":\"Hoolivus, Uuendusmeelsus, P\u00e4devus ja Usaldusv\u00e4\u00e4rsus\",\"potentialAction\":[{\"@type\":\"SearchAction\",\"target\":{\"@type\":\"EntryPoint\",\"urlTemplate\":\"https:\\\/\\\/www.kliinikum.ee\\\/vahikeskus\\\/?s={search_term_string}\"},\"query-input\":{\"@type\":\"PropertyValueSpecification\",\"valueRequired\":true,\"valueName\":\"search_term_string\"}}],\"inLanguage\":\"et\"}]}<\/script>\n<!-- \/ Yoast SEO plugin. -->","yoast_head_json":{"title":"V\u00e4hit\u00f5rje tegevuskava - V\u00e4hikeskus","description":"Tartu \u00dclikooli Kliinikumi v\u00e4hikeskus juhindub oma eesm\u00e4rkide p\u00fcstitamises ja tegevuses riiklikust v\u00e4hit\u00f5rje tegevuskavast.","robots":{"index":"index","follow":"follow","max-snippet":"max-snippet:-1","max-image-preview":"max-image-preview:large","max-video-preview":"max-video-preview:-1"},"canonical":"https:\/\/www.kliinikum.ee\/vahikeskus\/vahiravi-kvaliteet\/vahitorje-tegevuskava\/","og_locale":"et_EE","og_type":"article","og_title":"V\u00e4hit\u00f5rje tegevuskava - V\u00e4hikeskus","og_description":"Tartu \u00dclikooli Kliinikumi v\u00e4hikeskus juhindub oma eesm\u00e4rkide p\u00fcstitamises ja tegevuses riiklikust v\u00e4hit\u00f5rje tegevuskavast.","og_url":"https:\/\/www.kliinikum.ee\/vahikeskus\/vahiravi-kvaliteet\/vahitorje-tegevuskava\/","og_site_name":"V\u00e4hikeskus","article_modified_time":"2023-09-07T06:04:24+00:00","twitter_card":"summary_large_image","twitter_misc":{"Est. reading time":"2 minutit"},"schema":{"@context":"https:\/\/schema.org","@graph":[{"@type":"WebPage","@id":"https:\/\/www.kliinikum.ee\/vahikeskus\/vahiravi-kvaliteet\/vahitorje-tegevuskava\/","url":"https:\/\/www.kliinikum.ee\/vahikeskus\/vahiravi-kvaliteet\/vahitorje-tegevuskava\/","name":"V\u00e4hit\u00f5rje tegevuskava - V\u00e4hikeskus","isPartOf":{"@id":"https:\/\/www.kliinikum.ee\/vahikeskus\/#website"},"datePublished":"2023-03-31T07:48:03+00:00","dateModified":"2023-09-07T06:04:24+00:00","description":"Tartu \u00dclikooli Kliinikumi v\u00e4hikeskus juhindub oma eesm\u00e4rkide p\u00fcstitamises ja tegevuses riiklikust v\u00e4hit\u00f5rje tegevuskavast.","breadcrumb":{"@id":"https:\/\/www.kliinikum.ee\/vahikeskus\/vahiravi-kvaliteet\/vahitorje-tegevuskava\/#breadcrumb"},"inLanguage":"et","potentialAction":[{"@type":"ReadAction","target":["https:\/\/www.kliinikum.ee\/vahikeskus\/vahiravi-kvaliteet\/vahitorje-tegevuskava\/"]}]},{"@type":"BreadcrumbList","@id":"https:\/\/www.kliinikum.ee\/vahikeskus\/vahiravi-kvaliteet\/vahitorje-tegevuskava\/#breadcrumb","itemListElement":[{"@type":"ListItem","position":1,"name":"Home","item":"https:\/\/www.kliinikum.ee\/vahikeskus\/"},{"@type":"ListItem","position":2,"name":"V\u00e4hiravi kvaliteet","item":"https:\/\/www.kliinikum.ee\/vahikeskus\/vahiravi-kvaliteet\/"},{"@type":"ListItem","position":3,"name":"V\u00e4hit\u00f5rje tegevuskava"}]},{"@type":"WebSite","@id":"https:\/\/www.kliinikum.ee\/vahikeskus\/#website","url":"https:\/\/www.kliinikum.ee\/vahikeskus\/","name":"V\u00e4hikeskus","description":"Hoolivus, Uuendusmeelsus, P\u00e4devus ja Usaldusv\u00e4\u00e4rsus","potentialAction":[{"@type":"SearchAction","target":{"@type":"EntryPoint","urlTemplate":"https:\/\/www.kliinikum.ee\/vahikeskus\/?s={search_term_string}"},"query-input":{"@type":"PropertyValueSpecification","valueRequired":true,"valueName":"search_term_string"}}],"inLanguage":"et"}]}},"uagb_featured_image_src":{"full":false,"thumbnail":false,"medium":false,"medium_large":false,"large":false,"1536x1536":false,"2048x2048":false},"uagb_author_info":{"display_name":"Jane Freimann","author_link":"https:\/\/www.kliinikum.ee\/vahikeskus\/author\/janef\/"},"uagb_comment_info":0,"uagb_excerpt":"Tartu \u00dclikooli Kliinikumi v\u00e4hikeskus juhindub oma eesm\u00e4rkide p\u00fcstitamises ja tegevuses riiklikust v\u00e4hit\u00f5rje tegevuskavast. &nbsp; V\u00e4hit\u00f5rje tegevuskava aastateks 2021\u20132030 kirjeldab Eesti seniseid edusamme ja vajakaj\u00e4\u00e4misi ning seab prioriteedid&nbsp;edasiseks \u2013 kuidas tulla toime v\u00e4hit\u00f5rje ja tervishoius\u00fcsteemi ees seisvate katsumustega, tagada igale patsiendile parim&nbsp;v\u00f5imalik ravitulemus ning toetada v\u00e4hiteekonnal patsiente ja nende l\u00e4hedasi. Patsientide ja nende l\u00e4hedaste heaolu v\u00e4hiteekonna&hellip;","_links":{"self":[{"href":"https:\/\/www.kliinikum.ee\/vahikeskus\/wp-json\/wp\/v2\/pages\/5939","targetHints":{"allow":["GET"]}}],"collection":[{"href":"https:\/\/www.kliinikum.ee\/vahikeskus\/wp-json\/wp\/v2\/pages"}],"about":[{"href":"https:\/\/www.kliinikum.ee\/vahikeskus\/wp-json\/wp\/v2\/types\/page"}],"author":[{"embeddable":true,"href":"https:\/\/www.kliinikum.ee\/vahikeskus\/wp-json\/wp\/v2\/users\/35"}],"replies":[{"embeddable":true,"href":"https:\/\/www.kliinikum.ee\/vahikeskus\/wp-json\/wp\/v2\/comments?post=5939"}],"version-history":[{"count":0,"href":"https:\/\/www.kliinikum.ee\/vahikeskus\/wp-json\/wp\/v2\/pages\/5939\/revisions"}],"up":[{"embeddable":true,"href":"https:\/\/www.kliinikum.ee\/vahikeskus\/wp-json\/wp\/v2\/pages\/5895"}],"wp:attachment":[{"href":"https:\/\/www.kliinikum.ee\/vahikeskus\/wp-json\/wp\/v2\/media?parent=5939"}],"curies":[{"name":"wp","href":"https:\/\/api.w.org\/{rel}","templated":true}]}}