{"id":5947,"date":"2023-03-31T10:13:14","date_gmt":"2023-03-31T08:13:14","guid":{"rendered":"https:\/\/www.kliinikum.ee\/vahikeskus\/?page_id=5947"},"modified":"2025-01-14T09:30:45","modified_gmt":"2025-01-14T07:30:45","slug":"raviteekonnad","status":"publish","type":"page","link":"https:\/\/www.kliinikum.ee\/vahikeskus\/teadus-ja-innovatsioon\/raviteekonnad\/","title":{"rendered":"Raviteekonnad"},"content":{"rendered":"\n<p>Raviteekond on ravijuhtimise meetod, mille abil korraldatakse \u00fchte kindlat patsiendigruppi puudutavat ravi kindlal ajaperioodil. N\u00e4iteks v\u00e4hit\u00f5rje tegevuskava j\u00e4rgi tuleb koostada ja rakendada patsiendikeskne terviklik v\u00e4hiteekond, mis algab enne v\u00e4hidiagnoosi kinnitumist ning ulatub ravij\u00e4rgsesse perioodi.<\/p>\n\n\n\n<p>Raviteekondade arendamisel l\u00e4htume Tervisekassa raviteekondade juhendist <a href=\"https:\/\/raviteekonnad.tervisekassa.ee\/\">https:\/\/raviteekonnad.tervisekassa.ee\/<\/a><\/p>\n\n\n\n<div class=\"wp-block-uagb-advanced-heading uagb-block-d73702ad\"><h3 class=\"uagb-heading-text\">Mis teeb raviteekonnast raviteekonna?<\/h3><\/div>\n\n\n\n<p>Ravieesm\u00e4rgid ja sekkumised peavad olema paika pandud, l\u00e4htudes t\u00f5endusp\u00f5hisusest, parimatest praktikatest ja patsientide vajadustest. T\u00e4htis on sujuvate raviprotsesside v\u00e4ljat\u00f6\u00f6tamine ja koordineerimine ning suhtluse h\u00f5lbustamine meeskonnaliikmete, patsientide ja l\u00e4hedaste vahel. Raviteekonna eesm\u00e4rk on parandada ravikvaliteeti, v\u00e4hendada riske, t\u00f5sta patsientide rahulolu ning kasutada ressursse t\u00f5husamalt.<\/p>\n\n\n\n<p>Kliinikumi v\u00e4hikeskuses toimus 2022-2023 projekt, mille eesm\u00e4rk oli riiklikust v\u00e4hit\u00f5rje tegevuskavast l\u00e4htudes: \u201ePatsiendikeskne terviklik v\u00e4hiteekond on Tartu \u00dclikooli Kliinikumis ja koost\u00f6\u00f6v\u00f5rgustikus kujundatud ja rakendatud.\u201d Projekti tulemusel kaardistati soolev\u00e4hi, eesn\u00e4\u00e4rmev\u00e4hi ja emakakaelav\u00e4hi raviteekonnad ning viidi ellu erinevaid parendustegevusi. 2024. aastal valiti kopsuv\u00e4hi raviteekonna projekt Tervisekassa raviteekondade kiirendiprogrammi. T\u00e4psemalt saab lugeda siit: <a href=\"https:\/\/www.mu.ee\/uudised\/2024\/11\/22\/luup-arendamisel-on-kuus-uut-raviteekonda\">https:\/\/www.mu.ee\/uudised\/2024\/11\/22\/luup-arendamisel-on-kuus-uut-raviteekonda<\/a><\/p>\n\n\n\n<p><\/p>\n\n\n\n<p><\/p>\n\n\n\n<p><\/p>\n","protected":false},"excerpt":{"rendered":"<p>Raviteekond on ravijuhtimise meetod, mille abil korraldatakse \u00fchte kindlat patsiendigruppi puudutavat ravi kindlal ajaperioodil. N\u00e4iteks v\u00e4hit\u00f5rje tegevuskava j\u00e4rgi tuleb koostada ja rakendada patsiendikeskne terviklik v\u00e4hiteekond, mis algab enne v\u00e4hidiagnoosi kinnitumist ning ulatub ravij\u00e4rgsesse perioodi. Raviteekondade arendamisel l\u00e4htume Tervisekassa raviteekondade juhendist https:\/\/raviteekonnad.tervisekassa.ee\/ Mis teeb raviteekonnast raviteekonna? Ravieesm\u00e4rgid ja sekkumised peavad olema paika pandud, l\u00e4htudes t\u00f5endusp\u00f5hisusest, parimatest [&hellip;]<\/p>\n","protected":false},"author":35,"featured_media":0,"parent":5899,"menu_order":3,"comment_status":"closed","ping_status":"closed","template":"","meta":{"_acf_changed":false,"_uag_custom_page_level_css":"","footnotes":""},"class_list":["post-5947","page","type-page","status-publish","hentry"],"acf":[],"yoast_head":"<!-- This site is optimized with the Yoast SEO plugin v27.3 - https:\/\/yoast.com\/product\/yoast-seo-wordpress\/ -->\n<title>Raviteekonnad - V\u00e4hikeskus<\/title>\n<meta name=\"description\" content=\"Raviteekond on ravijuhtimise meetod, mille abil korraldatakse \u00fchte kindlat patsiendigruppi puudutavat ravi kindlal ajaperioodil.\" \/>\n<meta name=\"robots\" content=\"index, follow, max-snippet:-1, max-image-preview:large, max-video-preview:-1\" \/>\n<link rel=\"canonical\" href=\"https:\/\/www.kliinikum.ee\/vahikeskus\/teadus-ja-innovatsioon\/raviteekonnad\/\" \/>\n<meta property=\"og:locale\" content=\"et_EE\" \/>\n<meta property=\"og:type\" content=\"article\" \/>\n<meta property=\"og:title\" content=\"Raviteekonnad - V\u00e4hikeskus\" \/>\n<meta property=\"og:description\" content=\"Raviteekond on ravijuhtimise meetod, mille abil korraldatakse \u00fchte kindlat patsiendigruppi puudutavat ravi kindlal ajaperioodil.\" \/>\n<meta property=\"og:url\" content=\"https:\/\/www.kliinikum.ee\/vahikeskus\/teadus-ja-innovatsioon\/raviteekonnad\/\" \/>\n<meta property=\"og:site_name\" content=\"V\u00e4hikeskus\" \/>\n<meta property=\"article:modified_time\" content=\"2025-01-14T07:30:45+00:00\" \/>\n<meta name=\"twitter:card\" content=\"summary_large_image\" \/>\n<meta name=\"twitter:label1\" content=\"Est. reading time\" \/>\n\t<meta name=\"twitter:data1\" content=\"1 minut\" \/>\n<script type=\"application\/ld+json\" class=\"yoast-schema-graph\">{\"@context\":\"https:\\\/\\\/schema.org\",\"@graph\":[{\"@type\":\"WebPage\",\"@id\":\"https:\\\/\\\/www.kliinikum.ee\\\/vahikeskus\\\/teadus-ja-innovatsioon\\\/raviteekonnad\\\/\",\"url\":\"https:\\\/\\\/www.kliinikum.ee\\\/vahikeskus\\\/teadus-ja-innovatsioon\\\/raviteekonnad\\\/\",\"name\":\"Raviteekonnad - V\u00e4hikeskus\",\"isPartOf\":{\"@id\":\"https:\\\/\\\/www.kliinikum.ee\\\/vahikeskus\\\/#website\"},\"datePublished\":\"2023-03-31T08:13:14+00:00\",\"dateModified\":\"2025-01-14T07:30:45+00:00\",\"description\":\"Raviteekond on ravijuhtimise meetod, mille abil korraldatakse \u00fchte kindlat patsiendigruppi puudutavat ravi kindlal ajaperioodil.\",\"breadcrumb\":{\"@id\":\"https:\\\/\\\/www.kliinikum.ee\\\/vahikeskus\\\/teadus-ja-innovatsioon\\\/raviteekonnad\\\/#breadcrumb\"},\"inLanguage\":\"et\",\"potentialAction\":[{\"@type\":\"ReadAction\",\"target\":[\"https:\\\/\\\/www.kliinikum.ee\\\/vahikeskus\\\/teadus-ja-innovatsioon\\\/raviteekonnad\\\/\"]}]},{\"@type\":\"BreadcrumbList\",\"@id\":\"https:\\\/\\\/www.kliinikum.ee\\\/vahikeskus\\\/teadus-ja-innovatsioon\\\/raviteekonnad\\\/#breadcrumb\",\"itemListElement\":[{\"@type\":\"ListItem\",\"position\":1,\"name\":\"Home\",\"item\":\"https:\\\/\\\/www.kliinikum.ee\\\/vahikeskus\\\/\"},{\"@type\":\"ListItem\",\"position\":2,\"name\":\"Teadus ja innovatsioon\",\"item\":\"https:\\\/\\\/www.kliinikum.ee\\\/vahikeskus\\\/teadus-ja-innovatsioon\\\/\"},{\"@type\":\"ListItem\",\"position\":3,\"name\":\"Raviteekonnad\"}]},{\"@type\":\"WebSite\",\"@id\":\"https:\\\/\\\/www.kliinikum.ee\\\/vahikeskus\\\/#website\",\"url\":\"https:\\\/\\\/www.kliinikum.ee\\\/vahikeskus\\\/\",\"name\":\"V\u00e4hikeskus\",\"description\":\"Hoolivus, Uuendusmeelsus, P\u00e4devus ja Usaldusv\u00e4\u00e4rsus\",\"potentialAction\":[{\"@type\":\"SearchAction\",\"target\":{\"@type\":\"EntryPoint\",\"urlTemplate\":\"https:\\\/\\\/www.kliinikum.ee\\\/vahikeskus\\\/?s={search_term_string}\"},\"query-input\":{\"@type\":\"PropertyValueSpecification\",\"valueRequired\":true,\"valueName\":\"search_term_string\"}}],\"inLanguage\":\"et\"}]}<\/script>\n<!-- \/ Yoast SEO plugin. -->","yoast_head_json":{"title":"Raviteekonnad - V\u00e4hikeskus","description":"Raviteekond on ravijuhtimise meetod, mille abil korraldatakse \u00fchte kindlat patsiendigruppi puudutavat ravi kindlal ajaperioodil.","robots":{"index":"index","follow":"follow","max-snippet":"max-snippet:-1","max-image-preview":"max-image-preview:large","max-video-preview":"max-video-preview:-1"},"canonical":"https:\/\/www.kliinikum.ee\/vahikeskus\/teadus-ja-innovatsioon\/raviteekonnad\/","og_locale":"et_EE","og_type":"article","og_title":"Raviteekonnad - V\u00e4hikeskus","og_description":"Raviteekond on ravijuhtimise meetod, mille abil korraldatakse \u00fchte kindlat patsiendigruppi puudutavat ravi kindlal ajaperioodil.","og_url":"https:\/\/www.kliinikum.ee\/vahikeskus\/teadus-ja-innovatsioon\/raviteekonnad\/","og_site_name":"V\u00e4hikeskus","article_modified_time":"2025-01-14T07:30:45+00:00","twitter_card":"summary_large_image","twitter_misc":{"Est. reading time":"1 minut"},"schema":{"@context":"https:\/\/schema.org","@graph":[{"@type":"WebPage","@id":"https:\/\/www.kliinikum.ee\/vahikeskus\/teadus-ja-innovatsioon\/raviteekonnad\/","url":"https:\/\/www.kliinikum.ee\/vahikeskus\/teadus-ja-innovatsioon\/raviteekonnad\/","name":"Raviteekonnad - V\u00e4hikeskus","isPartOf":{"@id":"https:\/\/www.kliinikum.ee\/vahikeskus\/#website"},"datePublished":"2023-03-31T08:13:14+00:00","dateModified":"2025-01-14T07:30:45+00:00","description":"Raviteekond on ravijuhtimise meetod, mille abil korraldatakse \u00fchte kindlat patsiendigruppi puudutavat ravi kindlal ajaperioodil.","breadcrumb":{"@id":"https:\/\/www.kliinikum.ee\/vahikeskus\/teadus-ja-innovatsioon\/raviteekonnad\/#breadcrumb"},"inLanguage":"et","potentialAction":[{"@type":"ReadAction","target":["https:\/\/www.kliinikum.ee\/vahikeskus\/teadus-ja-innovatsioon\/raviteekonnad\/"]}]},{"@type":"BreadcrumbList","@id":"https:\/\/www.kliinikum.ee\/vahikeskus\/teadus-ja-innovatsioon\/raviteekonnad\/#breadcrumb","itemListElement":[{"@type":"ListItem","position":1,"name":"Home","item":"https:\/\/www.kliinikum.ee\/vahikeskus\/"},{"@type":"ListItem","position":2,"name":"Teadus ja innovatsioon","item":"https:\/\/www.kliinikum.ee\/vahikeskus\/teadus-ja-innovatsioon\/"},{"@type":"ListItem","position":3,"name":"Raviteekonnad"}]},{"@type":"WebSite","@id":"https:\/\/www.kliinikum.ee\/vahikeskus\/#website","url":"https:\/\/www.kliinikum.ee\/vahikeskus\/","name":"V\u00e4hikeskus","description":"Hoolivus, Uuendusmeelsus, P\u00e4devus ja Usaldusv\u00e4\u00e4rsus","potentialAction":[{"@type":"SearchAction","target":{"@type":"EntryPoint","urlTemplate":"https:\/\/www.kliinikum.ee\/vahikeskus\/?s={search_term_string}"},"query-input":{"@type":"PropertyValueSpecification","valueRequired":true,"valueName":"search_term_string"}}],"inLanguage":"et"}]}},"uagb_featured_image_src":{"full":false,"thumbnail":false,"medium":false,"medium_large":false,"large":false,"1536x1536":false,"2048x2048":false},"uagb_author_info":{"display_name":"Jane Freimann","author_link":"https:\/\/www.kliinikum.ee\/vahikeskus\/author\/janef\/"},"uagb_comment_info":0,"uagb_excerpt":"Raviteekond on ravijuhtimise meetod, mille abil korraldatakse \u00fchte kindlat patsiendigruppi puudutavat ravi kindlal ajaperioodil. N\u00e4iteks v\u00e4hit\u00f5rje tegevuskava j\u00e4rgi tuleb koostada ja rakendada patsiendikeskne terviklik v\u00e4hiteekond, mis algab enne v\u00e4hidiagnoosi kinnitumist ning ulatub ravij\u00e4rgsesse perioodi. Raviteekondade arendamisel l\u00e4htume Tervisekassa raviteekondade juhendist https:\/\/raviteekonnad.tervisekassa.ee\/ Mis teeb raviteekonnast raviteekonna? Ravieesm\u00e4rgid ja sekkumised peavad olema paika pandud, l\u00e4htudes t\u00f5endusp\u00f5hisusest, parimatest&hellip;","_links":{"self":[{"href":"https:\/\/www.kliinikum.ee\/vahikeskus\/wp-json\/wp\/v2\/pages\/5947","targetHints":{"allow":["GET"]}}],"collection":[{"href":"https:\/\/www.kliinikum.ee\/vahikeskus\/wp-json\/wp\/v2\/pages"}],"about":[{"href":"https:\/\/www.kliinikum.ee\/vahikeskus\/wp-json\/wp\/v2\/types\/page"}],"author":[{"embeddable":true,"href":"https:\/\/www.kliinikum.ee\/vahikeskus\/wp-json\/wp\/v2\/users\/35"}],"replies":[{"embeddable":true,"href":"https:\/\/www.kliinikum.ee\/vahikeskus\/wp-json\/wp\/v2\/comments?post=5947"}],"version-history":[{"count":0,"href":"https:\/\/www.kliinikum.ee\/vahikeskus\/wp-json\/wp\/v2\/pages\/5947\/revisions"}],"up":[{"embeddable":true,"href":"https:\/\/www.kliinikum.ee\/vahikeskus\/wp-json\/wp\/v2\/pages\/5899"}],"wp:attachment":[{"href":"https:\/\/www.kliinikum.ee\/vahikeskus\/wp-json\/wp\/v2\/media?parent=5947"}],"curies":[{"name":"wp","href":"https:\/\/api.w.org\/{rel}","templated":true}]}}