{"id":5949,"date":"2023-03-31T10:14:11","date_gmt":"2023-03-31T08:14:11","guid":{"rendered":"https:\/\/www.kliinikum.ee\/vahikeskus\/?page_id=5949"},"modified":"2023-07-28T13:07:14","modified_gmt":"2023-07-28T11:07:14","slug":"koostoovorgustikud","status":"publish","type":"page","link":"https:\/\/www.kliinikum.ee\/vahikeskus\/teadus-ja-innovatsioon\/koostoovorgustikud\/","title":{"rendered":"Koost\u00f6\u00f6v\u00f5rgustikud"},"content":{"rendered":"\n<div class=\"wp-block-uagb-advanced-heading uagb-block-340d167e\"><h2 class=\"uagb-heading-text\">Haruldaste haiguste v\u00f5rgustikud<br><\/h2><\/div>\n\n\n\n<p>Tartu \u00dclikooli Kliinikum on esindatud t\u00e4isliikmena v\u00f5i assotsieerunud liikmena 20 haruldaste haiguste Euroopa referentsv\u00f5rgustiku t\u00f6\u00f6s. &nbsp;<\/p>\n\n\n\n<p>ERN-d (<em>European Reference Network for Rare Diseases<\/em>) on virtuaalsed \u00fcleeuroopalised patsiendikesksed v\u00f5rgustikud, mis \u00fchendavad tervishoiuteenuse pakkujaid ja patsientide esindajaid. Nende osapoolte koost\u00f6\u00f6 eesm\u00e4rgiks on tegeleda komplekssete ja haruldaste haigustega ning seisunditega, mis n\u00f5uavad k\u00f5rgetasemelist spetsiifilist k\u00e4sitlust ja kindla suunitlusega teadmisi ja vahendeid.&nbsp;<\/p>\n\n\n\n<p>Osalemine v\u00f5rgustike t\u00f6\u00f6s annab v\u00f5imaluse konsulteerida keeruliste haigusjuhtude osas Euroopa vastava ala tippspetsialistidega, kasutades selleks turvalist veebis baseeruvat konsultatsiooni platvormi CPMS (<em>Clinical Patient Management System<\/em>). Lisaks annab ERN-de t\u00f6\u00f6s osalemine v\u00f5imaluse saada kiiret infot k\u00e4imasolevatest ja planeeritavates uuringutest.&nbsp;<\/p>\n\n\n\n<p>V\u00e4hi valdkonnaga seotud haruldaste haiguste v\u00f5rgustikud ehk ERN-d, millega Tartu \u00dclikooli Kliinikum seotud on:&nbsp;<\/p>\n\n\n\n<ul class=\"wp-block-list\">\n<li><a href=\"https:\/\/euracan.eu\/\" target=\"_blank\" rel=\"noreferrer noopener\">ERN EUROCAN<\/a> (t\u00e4iskasvanute soliidtuumorid)\u00a0<\/li>\n\n\n\n<li><a href=\"https:\/\/eurobloodnet.eu\/erns\/\" target=\"_blank\" rel=\"noreferrer noopener\">ERN EuroBloodNet<\/a> (hematoloogilised haigused)\u00a0<\/li>\n\n\n\n<li><a href=\"https:\/\/www.genturis.eu\/l=eng\/Home.html\" target=\"_blank\" rel=\"noreferrer noopener\">ERN GENTURIS<\/a> (geneetiliste kasvajate s\u00fcndroomid)\u00a0<\/li>\n\n\n\n<li><a href=\"https:\/\/paedcan.ern-net.eu\/\" target=\"_blank\" rel=\"noreferrer noopener\">ERN PaedCan<\/a> (laste kasvajad ehk onko-hematoloogia)\u00a0<\/li>\n<\/ul>\n\n\n\n<div class=\"wp-block-uagb-advanced-heading uagb-block-d1649b38\"><h2 class=\"uagb-heading-text\">DIGICORE<\/h2><\/div>\n\n\n\n<p>Tartu \u00dclikooli Kliinikum on konsortsiumi DIGICORE (<em><a href=\"https:\/\/digicore-cancer.eu\/\" target=\"_blank\" rel=\"noreferrer noopener\">DIGital Institute for Cancer Outcomes REsearch<\/a><\/em>) liige. \u00dcleeuroopaline teadust\u00f6\u00f6 v\u00f5rgustik DIGICORE on loodud 1.aprillil 2021. a kiirendamaks t\u00e4ppisonkoloogia rakendamist Euroopas. DIGICORE aitab v\u00e4hikeskustel edendada digitaalsete terviseandmete ja molekulaardiagnostilise informatsiooni kasutamist kliiniliste uuringute automatiseerimiseks, uuringute igap\u00e4evasesse praktikasse rakendamiseks, digitaalse diagnostika ja tervishoiu kvaliteedi parandamiseks. Suurim eesm\u00e4rk on muuta digitaalset teadusuuringute infrastruktuuri l\u00e4bi organisatsiooni liikmete koost\u00f6\u00f6. V\u00f5rgustiku liikmelisus toetab v\u00e4hikeskuseid andmekvaliteedi parandamisel ja t\u00e4iustamisel, uute andmeallikate ja t\u00f6\u00f6riistade arendamisel, parimate digitaalsete praktikate jagamisel ja uute digitaalsete uuringumeetodite arendamisel.&nbsp;<\/p>\n\n\n\n<div class=\"wp-block-uagb-advanced-heading uagb-block-a7cfe54b\"><h2 class=\"uagb-heading-text\">UNCAN.eu&nbsp;<\/h2><\/div>\n\n\n\n<p>Koondades kaks Euroopa Liidu programmi algatust - <em>Europe\u2019s Beating Cancer Plan<\/em> ja <em>Horizon Europe Mission Cancer <\/em>ja luues uue algatuse <em>UNderstand CANcer<\/em> (UNCAN.eu), on moodustunud platform, mis koondab k\u00f5ik huvitatud osapooled ja olemasoleva informatsiooni nii Euroopast kui v\u00e4ljastpoolt Euroopat. See platform h\u00f5lmab teadusuuringuid, patsientide terviseinfot ja muid andmeid nt uuringugruppide, geograafiliste erip\u00e4rade, tarbimise ja elustiili kohta. <\/p>\n\n\n\n<p>UNCAN.eu algatuse eesm\u00e4rgiks on suurendada arusaamist v\u00e4hitekke mehhanismidest ja seel\u00e4bi parandada v\u00e4hi ennetust, varajast avastamist ja ravi. Selle eesm\u00e4rgi saavutamiseks moodustub n\u00f6 virtuaalne instituut, mis koordineerib innovaatilisi, piiri- ja valdkonna\u00fcleseid uurimisprogramme.&nbsp;<\/p>\n\n\n\n<p>\u00dcks Euroopa Liidu lisav\u00e4\u00e4rtusi v\u00e4hiuuringute alal on soodustada informatsiooni jagamist, eriti seoses haruldaste v\u00e4hkkasvajatega. Koordineeritud andmeanal\u00fc\u00fcsi lahendused informatsiooni saamiseks suuremahulistest komplekssetest andmetest (kliinilised andmed, suure resolutsiooniga pildid, multidimensionaalne bioloogiline informatsioon), n\u00e4iteks tehisintellekti lahenduste abil, omavad suurimat strateegilist t\u00e4htsust UNCAN.eu algatuse puhul.&nbsp;<\/p>\n\n\n\n<div class=\"wp-block-uagb-advanced-heading uagb-block-7eb8e117\"><h2 class=\"uagb-heading-text\">NOPHO<\/h2><\/div>\n\n\n\n<p>Diagnoosimiseks ja parima v\u00f5imaliku ravi m\u00e4\u00e4ramiseks teeb Tartu \u00dclikooli Kliinikum koost\u00f6\u00f6d erinevate rahvusvaheliste kompetentsikeskuste ja erialaorganisatsioonidega. P\u00f5hjamaade Lastehematoloogia ja -Onkoloogia \u00dching ehk <a href=\"https:\/\/www.nopho.net\/\" target=\"_blank\" rel=\"noreferrer noopener\">NOPHO<\/a> (<em>The Nordic Society of Paediatric Haematology and Oncology<\/em>) \u00fchendab P\u00f5hja- ja Baltimaade kliinikuid ja teeb koost\u00f6\u00f6d teiste rahvusvaheliste organisatsioonidega nagu I-BFM, ITCC, PaeNNO, SIOP ja&nbsp;SIOP Europ\u00e9.&nbsp;<\/p>\n\n\n\n<div class=\"wp-block-uagb-advanced-heading uagb-block-76e505f7\"><h2 class=\"uagb-heading-text\">SIOP<\/h2><\/div>\n\n\n\n<p>Rahvusvaheline Lasteonkoloogia \u00dching ehk <a href=\"https:\/\/siop-online.org\/\" target=\"_blank\" rel=\"noreferrer noopener\">SIOP<\/a> (<em>International Society of Paediatric Oncology<\/em>) \u00fchendab \u00fcle 3000 liikme, sealhulgas arste, \u00f5desid ja teiste erialade esindajaid ning teadlasi. Multidistsiplinaarse \u00fchenduse eesm\u00e4rgiks on v\u00e4hidiagnoosiga laste ja noorukite tervenemise ja elu kvaliteedi parandamine, edendades rahvusvahelist koost\u00f6\u00f6d, haridust ja v\u00e4lja\u00f5pet ning teadusuuringuid.&nbsp;<\/p>\n","protected":false},"excerpt":{"rendered":"<p>Haruldaste haiguste v\u00f5rgustikud Tartu \u00dclikooli Kliinikum on esindatud t\u00e4isliikmena v\u00f5i assotsieerunud liikmena 20 haruldaste haiguste Euroopa referentsv\u00f5rgustiku t\u00f6\u00f6s. &nbsp; ERN-d (European Reference Network for Rare Diseases) on virtuaalsed \u00fcleeuroopalised patsiendikesksed v\u00f5rgustikud, mis \u00fchendavad tervishoiuteenuse pakkujaid ja patsientide esindajaid. Nende osapoolte koost\u00f6\u00f6 eesm\u00e4rgiks on tegeleda komplekssete ja haruldaste haigustega ning seisunditega, mis n\u00f5uavad k\u00f5rgetasemelist spetsiifilist k\u00e4sitlust [&hellip;]<\/p>\n","protected":false},"author":35,"featured_media":0,"parent":5899,"menu_order":4,"comment_status":"closed","ping_status":"closed","template":"","meta":{"_acf_changed":false,"_uag_custom_page_level_css":"","footnotes":""},"class_list":["post-5949","page","type-page","status-publish","hentry"],"acf":[],"yoast_head":"<!-- This site is optimized with the Yoast SEO plugin v27.3 - https:\/\/yoast.com\/product\/yoast-seo-wordpress\/ -->\n<title>Koost\u00f6\u00f6v\u00f5rgustikud - V\u00e4hikeskus<\/title>\n<meta name=\"description\" content=\"Diagnoosimiseks ja parima v\u00f5imaliku ravi m\u00e4\u00e4ramiseks teeb T\u00dc Kliinikum koost\u00f6\u00f6d erinevate rahvusvaheliste kompetentsikeskuste ja erialaorganisatsioonidega.\" \/>\n<meta name=\"robots\" content=\"index, follow, max-snippet:-1, max-image-preview:large, max-video-preview:-1\" \/>\n<link rel=\"canonical\" href=\"https:\/\/www.kliinikum.ee\/vahikeskus\/teadus-ja-innovatsioon\/koostoovorgustikud\/\" \/>\n<meta property=\"og:locale\" content=\"et_EE\" \/>\n<meta property=\"og:type\" content=\"article\" \/>\n<meta property=\"og:title\" content=\"Koost\u00f6\u00f6v\u00f5rgustikud - V\u00e4hikeskus\" \/>\n<meta property=\"og:description\" content=\"Diagnoosimiseks ja parima v\u00f5imaliku ravi m\u00e4\u00e4ramiseks teeb T\u00dc Kliinikum koost\u00f6\u00f6d erinevate rahvusvaheliste kompetentsikeskuste ja erialaorganisatsioonidega.\" \/>\n<meta property=\"og:url\" content=\"https:\/\/www.kliinikum.ee\/vahikeskus\/teadus-ja-innovatsioon\/koostoovorgustikud\/\" \/>\n<meta property=\"og:site_name\" content=\"V\u00e4hikeskus\" \/>\n<meta property=\"article:modified_time\" content=\"2023-07-28T11:07:14+00:00\" \/>\n<meta name=\"twitter:card\" content=\"summary_large_image\" \/>\n<meta name=\"twitter:label1\" content=\"Est. reading time\" \/>\n\t<meta name=\"twitter:data1\" content=\"3 minutit\" \/>\n<script type=\"application\/ld+json\" class=\"yoast-schema-graph\">{\"@context\":\"https:\\\/\\\/schema.org\",\"@graph\":[{\"@type\":\"WebPage\",\"@id\":\"https:\\\/\\\/www.kliinikum.ee\\\/vahikeskus\\\/teadus-ja-innovatsioon\\\/koostoovorgustikud\\\/\",\"url\":\"https:\\\/\\\/www.kliinikum.ee\\\/vahikeskus\\\/teadus-ja-innovatsioon\\\/koostoovorgustikud\\\/\",\"name\":\"Koost\u00f6\u00f6v\u00f5rgustikud - V\u00e4hikeskus\",\"isPartOf\":{\"@id\":\"https:\\\/\\\/www.kliinikum.ee\\\/vahikeskus\\\/#website\"},\"datePublished\":\"2023-03-31T08:14:11+00:00\",\"dateModified\":\"2023-07-28T11:07:14+00:00\",\"description\":\"Diagnoosimiseks ja parima v\u00f5imaliku ravi m\u00e4\u00e4ramiseks teeb T\u00dc Kliinikum koost\u00f6\u00f6d erinevate rahvusvaheliste kompetentsikeskuste ja erialaorganisatsioonidega.\",\"breadcrumb\":{\"@id\":\"https:\\\/\\\/www.kliinikum.ee\\\/vahikeskus\\\/teadus-ja-innovatsioon\\\/koostoovorgustikud\\\/#breadcrumb\"},\"inLanguage\":\"et\",\"potentialAction\":[{\"@type\":\"ReadAction\",\"target\":[\"https:\\\/\\\/www.kliinikum.ee\\\/vahikeskus\\\/teadus-ja-innovatsioon\\\/koostoovorgustikud\\\/\"]}]},{\"@type\":\"BreadcrumbList\",\"@id\":\"https:\\\/\\\/www.kliinikum.ee\\\/vahikeskus\\\/teadus-ja-innovatsioon\\\/koostoovorgustikud\\\/#breadcrumb\",\"itemListElement\":[{\"@type\":\"ListItem\",\"position\":1,\"name\":\"Home\",\"item\":\"https:\\\/\\\/www.kliinikum.ee\\\/vahikeskus\\\/\"},{\"@type\":\"ListItem\",\"position\":2,\"name\":\"Teadus ja innovatsioon\",\"item\":\"https:\\\/\\\/www.kliinikum.ee\\\/vahikeskus\\\/teadus-ja-innovatsioon\\\/\"},{\"@type\":\"ListItem\",\"position\":3,\"name\":\"Koost\u00f6\u00f6v\u00f5rgustikud\"}]},{\"@type\":\"WebSite\",\"@id\":\"https:\\\/\\\/www.kliinikum.ee\\\/vahikeskus\\\/#website\",\"url\":\"https:\\\/\\\/www.kliinikum.ee\\\/vahikeskus\\\/\",\"name\":\"V\u00e4hikeskus\",\"description\":\"Hoolivus, Uuendusmeelsus, P\u00e4devus ja Usaldusv\u00e4\u00e4rsus\",\"potentialAction\":[{\"@type\":\"SearchAction\",\"target\":{\"@type\":\"EntryPoint\",\"urlTemplate\":\"https:\\\/\\\/www.kliinikum.ee\\\/vahikeskus\\\/?s={search_term_string}\"},\"query-input\":{\"@type\":\"PropertyValueSpecification\",\"valueRequired\":true,\"valueName\":\"search_term_string\"}}],\"inLanguage\":\"et\"}]}<\/script>\n<!-- \/ Yoast SEO plugin. -->","yoast_head_json":{"title":"Koost\u00f6\u00f6v\u00f5rgustikud - V\u00e4hikeskus","description":"Diagnoosimiseks ja parima v\u00f5imaliku ravi m\u00e4\u00e4ramiseks teeb T\u00dc Kliinikum koost\u00f6\u00f6d erinevate rahvusvaheliste kompetentsikeskuste ja erialaorganisatsioonidega.","robots":{"index":"index","follow":"follow","max-snippet":"max-snippet:-1","max-image-preview":"max-image-preview:large","max-video-preview":"max-video-preview:-1"},"canonical":"https:\/\/www.kliinikum.ee\/vahikeskus\/teadus-ja-innovatsioon\/koostoovorgustikud\/","og_locale":"et_EE","og_type":"article","og_title":"Koost\u00f6\u00f6v\u00f5rgustikud - V\u00e4hikeskus","og_description":"Diagnoosimiseks ja parima v\u00f5imaliku ravi m\u00e4\u00e4ramiseks teeb T\u00dc Kliinikum koost\u00f6\u00f6d erinevate rahvusvaheliste kompetentsikeskuste ja erialaorganisatsioonidega.","og_url":"https:\/\/www.kliinikum.ee\/vahikeskus\/teadus-ja-innovatsioon\/koostoovorgustikud\/","og_site_name":"V\u00e4hikeskus","article_modified_time":"2023-07-28T11:07:14+00:00","twitter_card":"summary_large_image","twitter_misc":{"Est. reading time":"3 minutit"},"schema":{"@context":"https:\/\/schema.org","@graph":[{"@type":"WebPage","@id":"https:\/\/www.kliinikum.ee\/vahikeskus\/teadus-ja-innovatsioon\/koostoovorgustikud\/","url":"https:\/\/www.kliinikum.ee\/vahikeskus\/teadus-ja-innovatsioon\/koostoovorgustikud\/","name":"Koost\u00f6\u00f6v\u00f5rgustikud - V\u00e4hikeskus","isPartOf":{"@id":"https:\/\/www.kliinikum.ee\/vahikeskus\/#website"},"datePublished":"2023-03-31T08:14:11+00:00","dateModified":"2023-07-28T11:07:14+00:00","description":"Diagnoosimiseks ja parima v\u00f5imaliku ravi m\u00e4\u00e4ramiseks teeb T\u00dc Kliinikum koost\u00f6\u00f6d erinevate rahvusvaheliste kompetentsikeskuste ja erialaorganisatsioonidega.","breadcrumb":{"@id":"https:\/\/www.kliinikum.ee\/vahikeskus\/teadus-ja-innovatsioon\/koostoovorgustikud\/#breadcrumb"},"inLanguage":"et","potentialAction":[{"@type":"ReadAction","target":["https:\/\/www.kliinikum.ee\/vahikeskus\/teadus-ja-innovatsioon\/koostoovorgustikud\/"]}]},{"@type":"BreadcrumbList","@id":"https:\/\/www.kliinikum.ee\/vahikeskus\/teadus-ja-innovatsioon\/koostoovorgustikud\/#breadcrumb","itemListElement":[{"@type":"ListItem","position":1,"name":"Home","item":"https:\/\/www.kliinikum.ee\/vahikeskus\/"},{"@type":"ListItem","position":2,"name":"Teadus ja innovatsioon","item":"https:\/\/www.kliinikum.ee\/vahikeskus\/teadus-ja-innovatsioon\/"},{"@type":"ListItem","position":3,"name":"Koost\u00f6\u00f6v\u00f5rgustikud"}]},{"@type":"WebSite","@id":"https:\/\/www.kliinikum.ee\/vahikeskus\/#website","url":"https:\/\/www.kliinikum.ee\/vahikeskus\/","name":"V\u00e4hikeskus","description":"Hoolivus, Uuendusmeelsus, P\u00e4devus ja Usaldusv\u00e4\u00e4rsus","potentialAction":[{"@type":"SearchAction","target":{"@type":"EntryPoint","urlTemplate":"https:\/\/www.kliinikum.ee\/vahikeskus\/?s={search_term_string}"},"query-input":{"@type":"PropertyValueSpecification","valueRequired":true,"valueName":"search_term_string"}}],"inLanguage":"et"}]}},"uagb_featured_image_src":{"full":false,"thumbnail":false,"medium":false,"medium_large":false,"large":false,"1536x1536":false,"2048x2048":false},"uagb_author_info":{"display_name":"Jane Freimann","author_link":"https:\/\/www.kliinikum.ee\/vahikeskus\/author\/janef\/"},"uagb_comment_info":0,"uagb_excerpt":"Haruldaste haiguste v\u00f5rgustikud Tartu \u00dclikooli Kliinikum on esindatud t\u00e4isliikmena v\u00f5i assotsieerunud liikmena 20 haruldaste haiguste Euroopa referentsv\u00f5rgustiku t\u00f6\u00f6s. &nbsp; ERN-d (European Reference Network for Rare Diseases) on virtuaalsed \u00fcleeuroopalised patsiendikesksed v\u00f5rgustikud, mis \u00fchendavad tervishoiuteenuse pakkujaid ja patsientide esindajaid. Nende osapoolte koost\u00f6\u00f6 eesm\u00e4rgiks on tegeleda komplekssete ja haruldaste haigustega ning seisunditega, mis n\u00f5uavad k\u00f5rgetasemelist spetsiifilist k\u00e4sitlust&hellip;","_links":{"self":[{"href":"https:\/\/www.kliinikum.ee\/vahikeskus\/wp-json\/wp\/v2\/pages\/5949","targetHints":{"allow":["GET"]}}],"collection":[{"href":"https:\/\/www.kliinikum.ee\/vahikeskus\/wp-json\/wp\/v2\/pages"}],"about":[{"href":"https:\/\/www.kliinikum.ee\/vahikeskus\/wp-json\/wp\/v2\/types\/page"}],"author":[{"embeddable":true,"href":"https:\/\/www.kliinikum.ee\/vahikeskus\/wp-json\/wp\/v2\/users\/35"}],"replies":[{"embeddable":true,"href":"https:\/\/www.kliinikum.ee\/vahikeskus\/wp-json\/wp\/v2\/comments?post=5949"}],"version-history":[{"count":0,"href":"https:\/\/www.kliinikum.ee\/vahikeskus\/wp-json\/wp\/v2\/pages\/5949\/revisions"}],"up":[{"embeddable":true,"href":"https:\/\/www.kliinikum.ee\/vahikeskus\/wp-json\/wp\/v2\/pages\/5899"}],"wp:attachment":[{"href":"https:\/\/www.kliinikum.ee\/vahikeskus\/wp-json\/wp\/v2\/media?parent=5949"}],"curies":[{"name":"wp","href":"https:\/\/api.w.org\/{rel}","templated":true}]}}