{"id":6010,"date":"2023-04-06T08:17:17","date_gmt":"2023-04-06T06:17:17","guid":{"rendered":"https:\/\/www.kliinikum.ee\/vahikeskus\/?page_id=6010"},"modified":"2023-07-31T13:10:27","modified_gmt":"2023-07-31T11:10:27","slug":"raviplaani-koostamine","status":"publish","type":"page","link":"https:\/\/www.kliinikum.ee\/vahikeskus\/patsiendile\/ravi\/raviplaani-koostamine\/","title":{"rendered":"Raviplaani koostamine"},"content":{"rendered":"\n<p class=\"has-text-align-left\">Onkoloogiliste haigete raviplaani koostamine toimub multimodaalses onkoloogilises konsiiliumis. Konsiilium on n\u00f5upidamine, milles osalevad raviga tegelevad spetsialistid (vastava kasvajapaikme kirurg, s\u00fcsteemravi\/keemiaravi, kiiritusravi teostav onkoloog) ja kasvaja diagnostikaga tegelevad eriarstid (radioloog, nukleaarmeditsiini arst, patoloog). Konsiiliumi meeskonda kuuluvad ka teiste erialade spetsialistid, kes aitavad hoida patsiendi elukvaliteeti ravi ajal ja ka p\u00e4rast ravi l\u00f5ppu.&nbsp;<\/p>\n\n\n\n<p>Patsiendi raviarst korraldab enne konsiiliumi toimumist raviotsuse teostamiseks vajalikud uuringud, tagab piisava informatsiooni olemasolu ja patsiendi seisundi kokkuv\u00f5tliku esitluse, kaasates vajadusel teiste erialade spetsialiste.&nbsp;<\/p>\n\n\n\n<p>Konsiiliumid on paikmep\u00f5hised:&nbsp;<\/p>\n\n\n\n<ul class=\"wp-block-list\">\n<li>G\u00fcnekoloogilised kasvajad<\/li>\n\n\n\n<li>Rinnan\u00e4\u00e4rmekasvajad\u00a0<\/li>\n\n\n\n<li>Kilpn\u00e4\u00e4rmekasvajad&nbsp;<\/li>\n\n\n\n<li>Seedetrakti kasvajad<\/li>\n\n\n\n<li>Naha- ja pehmekoe kasvajad<\/li>\n\n\n\n<li>Pea-kaela-piirkonna kasvajad&nbsp;&nbsp;<\/li>\n\n\n\n<li>Kopsukasvajad<\/li>\n\n\n\n<li>Hematoloogilised kasvajad<\/li>\n\n\n\n<li>Uroloogilised kasvajad<\/li>\n\n\n\n<li>Keskn\u00e4rvis\u00fcsteemi kasvajad<\/li>\n\n\n\n<li>Luukoekasvajad&nbsp;<\/li>\n<\/ul>\n\n\n\n<p>Harvem esinevate kasvajapaikmete konsiilium kutsutakse kokku vajadusel ja toimub vastavate paikmep\u00f5histe eriarstide osalusel.&nbsp;<\/p>\n\n\n\n<p>\u00dchise arutelu tulemusel v\u00f5etakse vastu raviotsus ja koostatakse raviplaan, mis vastab kehtivatele ravijuhenditele ja t\u00f5endusp\u00f5hisele kirjandusele ning heale meditsiinilisele tavale. Raviotsus arvestab kasvaja t\u00fc\u00fcpi, asukohta, levikut ja patsiendi terviseseisundit.&nbsp;<\/p>\n\n\n\n<figure class=\"wp-block-image size-large\"><img loading=\"lazy\" decoding=\"async\" width=\"1024\" height=\"683\" src=\"https:\/\/www.kliinikum.ee\/vahikeskus\/wp-content\/uploads\/2023\/04\/IMG_1588-1024x683.jpg\" alt=\"\" class=\"wp-image-6083\" srcset=\"https:\/\/www.kliinikum.ee\/vahikeskus\/wp-content\/uploads\/2023\/04\/IMG_1588-1024x683.jpg 1024w, https:\/\/www.kliinikum.ee\/vahikeskus\/wp-content\/uploads\/2023\/04\/IMG_1588-300x200.jpg 300w, https:\/\/www.kliinikum.ee\/vahikeskus\/wp-content\/uploads\/2023\/04\/IMG_1588-768x512.jpg 768w, https:\/\/www.kliinikum.ee\/vahikeskus\/wp-content\/uploads\/2023\/04\/IMG_1588-1536x1024.jpg 1536w, https:\/\/www.kliinikum.ee\/vahikeskus\/wp-content\/uploads\/2023\/04\/IMG_1588-2048x1365.jpg 2048w, https:\/\/www.kliinikum.ee\/vahikeskus\/wp-content\/uploads\/2023\/04\/IMG_1588-scaled.jpg 2560w\" sizes=\"auto, (max-width: 1024px) 100vw, 1024px\" \/><\/figure>\n\n\n\n<p>Konsiiliumis koostatud raviplaani selgitab ja arutab patsiendiga l\u00e4bi tema raviarst.&nbsp;<\/p>\n\n\n\n<p>T\u00e4nap\u00e4evane v\u00e4hiravi h\u00f5lmab kasvajaspetsiifilist ravi, taastusravi ja toetavat ehk palliatiivravi. Ravi teostamisse on kaasatud ka teised erialad v\u00e4ljaspool onkoloogia valdkonda. &nbsp;<\/p>\n\n\n\n<p>Ravimeeskonda kuuluvad \u00f5de-n\u00f5ustaja, toitumisspetsialist, logopeed, ps\u00fchholoog, kogemusn\u00f5ustaja, sotsiaalt\u00f6\u00f6taja ja hingehoidja, kes aitavad ennetada raviga seotud k\u00f5rvaltoimete v\u00e4ljakujunemist ja tagada nende \u00f5igeaegne ravi ning pakuvad tuge patsiendi elukvaliteedi parandamisel kogu raviteekonna v\u00e4ltel.&nbsp;<\/p>\n","protected":false},"excerpt":{"rendered":"<p>Onkoloogiliste haigete raviplaani koostamine toimub multimodaalses onkoloogilises konsiiliumis. Konsiilium on n\u00f5upidamine, milles osalevad raviga tegelevad spetsialistid (vastava kasvajapaikme kirurg, s\u00fcsteemravi\/keemiaravi, kiiritusravi teostav onkoloog) ja kasvaja diagnostikaga tegelevad eriarstid (radioloog, nukleaarmeditsiini arst, patoloog). Konsiiliumi meeskonda kuuluvad ka teiste erialade spetsialistid, kes aitavad hoida patsiendi elukvaliteeti ravi ajal ja ka p\u00e4rast ravi l\u00f5ppu.&nbsp; Patsiendi raviarst korraldab enne [&hellip;]<\/p>\n","protected":false},"author":30,"featured_media":0,"parent":5914,"menu_order":1,"comment_status":"closed","ping_status":"closed","template":"","meta":{"_acf_changed":false,"_uag_custom_page_level_css":"","footnotes":""},"class_list":["post-6010","page","type-page","status-publish","hentry"],"acf":[],"yoast_head":"<!-- This site is optimized with the Yoast SEO plugin v27.1.1 - https:\/\/yoast.com\/product\/yoast-seo-wordpress\/ -->\n<title>Raviplaani koostamine - V\u00e4hikeskus<\/title>\n<meta name=\"description\" content=\"Onkoloogiliste haigete raviplaani koostamine toimub multimodaalses onkoloogilises konsiiliumis.\" \/>\n<meta name=\"robots\" content=\"index, follow, max-snippet:-1, max-image-preview:large, max-video-preview:-1\" \/>\n<link rel=\"canonical\" href=\"https:\/\/www.kliinikum.ee\/vahikeskus\/patsiendile\/ravi\/raviplaani-koostamine\/\" \/>\n<meta property=\"og:locale\" content=\"et_EE\" \/>\n<meta property=\"og:type\" content=\"article\" \/>\n<meta property=\"og:title\" content=\"Raviplaani koostamine - V\u00e4hikeskus\" \/>\n<meta property=\"og:description\" content=\"Onkoloogiliste haigete raviplaani koostamine toimub multimodaalses onkoloogilises konsiiliumis.\" \/>\n<meta property=\"og:url\" content=\"https:\/\/www.kliinikum.ee\/vahikeskus\/patsiendile\/ravi\/raviplaani-koostamine\/\" \/>\n<meta property=\"og:site_name\" content=\"V\u00e4hikeskus\" \/>\n<meta property=\"article:modified_time\" content=\"2023-07-31T11:10:27+00:00\" \/>\n<meta property=\"og:image\" content=\"https:\/\/www.kliinikum.ee\/vahikeskus\/wp-content\/uploads\/2023\/04\/IMG_1588-1024x683.jpg\" \/>\n<meta name=\"twitter:card\" content=\"summary_large_image\" \/>\n<meta name=\"twitter:label1\" content=\"Est. reading time\" \/>\n\t<meta name=\"twitter:data1\" content=\"2 minutit\" \/>\n<script type=\"application\/ld+json\" class=\"yoast-schema-graph\">{\"@context\":\"https:\/\/schema.org\",\"@graph\":[{\"@type\":\"WebPage\",\"@id\":\"https:\/\/www.kliinikum.ee\/vahikeskus\/patsiendile\/ravi\/raviplaani-koostamine\/\",\"url\":\"https:\/\/www.kliinikum.ee\/vahikeskus\/patsiendile\/ravi\/raviplaani-koostamine\/\",\"name\":\"Raviplaani koostamine - V\u00e4hikeskus\",\"isPartOf\":{\"@id\":\"https:\/\/www.kliinikum.ee\/vahikeskus\/#website\"},\"primaryImageOfPage\":{\"@id\":\"https:\/\/www.kliinikum.ee\/vahikeskus\/patsiendile\/ravi\/raviplaani-koostamine\/#primaryimage\"},\"image\":{\"@id\":\"https:\/\/www.kliinikum.ee\/vahikeskus\/patsiendile\/ravi\/raviplaani-koostamine\/#primaryimage\"},\"thumbnailUrl\":\"https:\/\/www.kliinikum.ee\/vahikeskus\/wp-content\/uploads\/2023\/04\/IMG_1588-1024x683.jpg\",\"datePublished\":\"2023-04-06T06:17:17+00:00\",\"dateModified\":\"2023-07-31T11:10:27+00:00\",\"description\":\"Onkoloogiliste haigete raviplaani koostamine toimub multimodaalses onkoloogilises konsiiliumis.\",\"breadcrumb\":{\"@id\":\"https:\/\/www.kliinikum.ee\/vahikeskus\/patsiendile\/ravi\/raviplaani-koostamine\/#breadcrumb\"},\"inLanguage\":\"et\",\"potentialAction\":[{\"@type\":\"ReadAction\",\"target\":[\"https:\/\/www.kliinikum.ee\/vahikeskus\/patsiendile\/ravi\/raviplaani-koostamine\/\"]}]},{\"@type\":\"ImageObject\",\"inLanguage\":\"et\",\"@id\":\"https:\/\/www.kliinikum.ee\/vahikeskus\/patsiendile\/ravi\/raviplaani-koostamine\/#primaryimage\",\"url\":\"https:\/\/www.kliinikum.ee\/vahikeskus\/wp-content\/uploads\/2023\/04\/IMG_1588-scaled.jpg\",\"contentUrl\":\"https:\/\/www.kliinikum.ee\/vahikeskus\/wp-content\/uploads\/2023\/04\/IMG_1588-scaled.jpg\",\"width\":2560,\"height\":1706},{\"@type\":\"BreadcrumbList\",\"@id\":\"https:\/\/www.kliinikum.ee\/vahikeskus\/patsiendile\/ravi\/raviplaani-koostamine\/#breadcrumb\",\"itemListElement\":[{\"@type\":\"ListItem\",\"position\":1,\"name\":\"Home\",\"item\":\"https:\/\/www.kliinikum.ee\/vahikeskus\/\"},{\"@type\":\"ListItem\",\"position\":2,\"name\":\"Patsiendile\",\"item\":\"https:\/\/www.kliinikum.ee\/vahikeskus\/patsiendile\/\"},{\"@type\":\"ListItem\",\"position\":3,\"name\":\"Ravi\",\"item\":\"https:\/\/www.kliinikum.ee\/vahikeskus\/patsiendile\/ravi\/\"},{\"@type\":\"ListItem\",\"position\":4,\"name\":\"Raviplaani koostamine\"}]},{\"@type\":\"WebSite\",\"@id\":\"https:\/\/www.kliinikum.ee\/vahikeskus\/#website\",\"url\":\"https:\/\/www.kliinikum.ee\/vahikeskus\/\",\"name\":\"V\u00e4hikeskus\",\"description\":\"Hoolivus, Uuendusmeelsus, P\u00e4devus ja Usaldusv\u00e4\u00e4rsus\",\"potentialAction\":[{\"@type\":\"SearchAction\",\"target\":{\"@type\":\"EntryPoint\",\"urlTemplate\":\"https:\/\/www.kliinikum.ee\/vahikeskus\/?s={search_term_string}\"},\"query-input\":{\"@type\":\"PropertyValueSpecification\",\"valueRequired\":true,\"valueName\":\"search_term_string\"}}],\"inLanguage\":\"et\"}]}<\/script>\n<!-- \/ Yoast SEO plugin. -->","yoast_head_json":{"title":"Raviplaani koostamine - V\u00e4hikeskus","description":"Onkoloogiliste haigete raviplaani koostamine toimub multimodaalses onkoloogilises konsiiliumis.","robots":{"index":"index","follow":"follow","max-snippet":"max-snippet:-1","max-image-preview":"max-image-preview:large","max-video-preview":"max-video-preview:-1"},"canonical":"https:\/\/www.kliinikum.ee\/vahikeskus\/patsiendile\/ravi\/raviplaani-koostamine\/","og_locale":"et_EE","og_type":"article","og_title":"Raviplaani koostamine - V\u00e4hikeskus","og_description":"Onkoloogiliste haigete raviplaani koostamine toimub multimodaalses onkoloogilises konsiiliumis.","og_url":"https:\/\/www.kliinikum.ee\/vahikeskus\/patsiendile\/ravi\/raviplaani-koostamine\/","og_site_name":"V\u00e4hikeskus","article_modified_time":"2023-07-31T11:10:27+00:00","og_image":[{"url":"https:\/\/www.kliinikum.ee\/vahikeskus\/wp-content\/uploads\/2023\/04\/IMG_1588-1024x683.jpg","type":"","width":"","height":""}],"twitter_card":"summary_large_image","twitter_misc":{"Est. reading time":"2 minutit"},"schema":{"@context":"https:\/\/schema.org","@graph":[{"@type":"WebPage","@id":"https:\/\/www.kliinikum.ee\/vahikeskus\/patsiendile\/ravi\/raviplaani-koostamine\/","url":"https:\/\/www.kliinikum.ee\/vahikeskus\/patsiendile\/ravi\/raviplaani-koostamine\/","name":"Raviplaani koostamine - V\u00e4hikeskus","isPartOf":{"@id":"https:\/\/www.kliinikum.ee\/vahikeskus\/#website"},"primaryImageOfPage":{"@id":"https:\/\/www.kliinikum.ee\/vahikeskus\/patsiendile\/ravi\/raviplaani-koostamine\/#primaryimage"},"image":{"@id":"https:\/\/www.kliinikum.ee\/vahikeskus\/patsiendile\/ravi\/raviplaani-koostamine\/#primaryimage"},"thumbnailUrl":"https:\/\/www.kliinikum.ee\/vahikeskus\/wp-content\/uploads\/2023\/04\/IMG_1588-1024x683.jpg","datePublished":"2023-04-06T06:17:17+00:00","dateModified":"2023-07-31T11:10:27+00:00","description":"Onkoloogiliste haigete raviplaani koostamine toimub multimodaalses onkoloogilises konsiiliumis.","breadcrumb":{"@id":"https:\/\/www.kliinikum.ee\/vahikeskus\/patsiendile\/ravi\/raviplaani-koostamine\/#breadcrumb"},"inLanguage":"et","potentialAction":[{"@type":"ReadAction","target":["https:\/\/www.kliinikum.ee\/vahikeskus\/patsiendile\/ravi\/raviplaani-koostamine\/"]}]},{"@type":"ImageObject","inLanguage":"et","@id":"https:\/\/www.kliinikum.ee\/vahikeskus\/patsiendile\/ravi\/raviplaani-koostamine\/#primaryimage","url":"https:\/\/www.kliinikum.ee\/vahikeskus\/wp-content\/uploads\/2023\/04\/IMG_1588-scaled.jpg","contentUrl":"https:\/\/www.kliinikum.ee\/vahikeskus\/wp-content\/uploads\/2023\/04\/IMG_1588-scaled.jpg","width":2560,"height":1706},{"@type":"BreadcrumbList","@id":"https:\/\/www.kliinikum.ee\/vahikeskus\/patsiendile\/ravi\/raviplaani-koostamine\/#breadcrumb","itemListElement":[{"@type":"ListItem","position":1,"name":"Home","item":"https:\/\/www.kliinikum.ee\/vahikeskus\/"},{"@type":"ListItem","position":2,"name":"Patsiendile","item":"https:\/\/www.kliinikum.ee\/vahikeskus\/patsiendile\/"},{"@type":"ListItem","position":3,"name":"Ravi","item":"https:\/\/www.kliinikum.ee\/vahikeskus\/patsiendile\/ravi\/"},{"@type":"ListItem","position":4,"name":"Raviplaani koostamine"}]},{"@type":"WebSite","@id":"https:\/\/www.kliinikum.ee\/vahikeskus\/#website","url":"https:\/\/www.kliinikum.ee\/vahikeskus\/","name":"V\u00e4hikeskus","description":"Hoolivus, Uuendusmeelsus, P\u00e4devus ja Usaldusv\u00e4\u00e4rsus","potentialAction":[{"@type":"SearchAction","target":{"@type":"EntryPoint","urlTemplate":"https:\/\/www.kliinikum.ee\/vahikeskus\/?s={search_term_string}"},"query-input":{"@type":"PropertyValueSpecification","valueRequired":true,"valueName":"search_term_string"}}],"inLanguage":"et"}]}},"uagb_featured_image_src":{"full":false,"thumbnail":false,"medium":false,"medium_large":false,"large":false,"1536x1536":false,"2048x2048":false},"uagb_author_info":{"display_name":"Marge Kask","author_link":"https:\/\/www.kliinikum.ee\/vahikeskus\/author\/margekask\/"},"uagb_comment_info":0,"uagb_excerpt":"Onkoloogiliste haigete raviplaani koostamine toimub multimodaalses onkoloogilises konsiiliumis. Konsiilium on n\u00f5upidamine, milles osalevad raviga tegelevad spetsialistid (vastava kasvajapaikme kirurg, s\u00fcsteemravi\/keemiaravi, kiiritusravi teostav onkoloog) ja kasvaja diagnostikaga tegelevad eriarstid (radioloog, nukleaarmeditsiini arst, patoloog). Konsiiliumi meeskonda kuuluvad ka teiste erialade spetsialistid, kes aitavad hoida patsiendi elukvaliteeti ravi ajal ja ka p\u00e4rast ravi l\u00f5ppu.&nbsp; Patsiendi raviarst korraldab enne&hellip;","_links":{"self":[{"href":"https:\/\/www.kliinikum.ee\/vahikeskus\/wp-json\/wp\/v2\/pages\/6010","targetHints":{"allow":["GET"]}}],"collection":[{"href":"https:\/\/www.kliinikum.ee\/vahikeskus\/wp-json\/wp\/v2\/pages"}],"about":[{"href":"https:\/\/www.kliinikum.ee\/vahikeskus\/wp-json\/wp\/v2\/types\/page"}],"author":[{"embeddable":true,"href":"https:\/\/www.kliinikum.ee\/vahikeskus\/wp-json\/wp\/v2\/users\/30"}],"replies":[{"embeddable":true,"href":"https:\/\/www.kliinikum.ee\/vahikeskus\/wp-json\/wp\/v2\/comments?post=6010"}],"version-history":[{"count":5,"href":"https:\/\/www.kliinikum.ee\/vahikeskus\/wp-json\/wp\/v2\/pages\/6010\/revisions"}],"predecessor-version":[{"id":6943,"href":"https:\/\/www.kliinikum.ee\/vahikeskus\/wp-json\/wp\/v2\/pages\/6010\/revisions\/6943"}],"up":[{"embeddable":true,"href":"https:\/\/www.kliinikum.ee\/vahikeskus\/wp-json\/wp\/v2\/pages\/5914"}],"wp:attachment":[{"href":"https:\/\/www.kliinikum.ee\/vahikeskus\/wp-json\/wp\/v2\/media?parent=6010"}],"curies":[{"name":"wp","href":"https:\/\/api.w.org\/{rel}","templated":true}]}}