{"id":6015,"date":"2023-04-06T08:23:46","date_gmt":"2023-04-06T06:23:46","guid":{"rendered":"https:\/\/www.kliinikum.ee\/vahikeskus\/?page_id=6015"},"modified":"2023-07-31T13:32:47","modified_gmt":"2023-07-31T11:32:47","slug":"susteemravi-sh-keemiaravi","status":"publish","type":"page","link":"https:\/\/www.kliinikum.ee\/vahikeskus\/patsiendile\/ravi\/susteemravi-sh-keemiaravi\/","title":{"rendered":"S\u00fcsteemravi ehk medikamentoosne ravi"},"content":{"rendered":"\n<p>S\u00fcsteemravi on v\u00e4hiravi meetod, mis m\u00f5jutab vastupidiselt lokaalsele ravile (kirurgia, kiiritusravi) organismi tervikuna. <\/p>\n\n\n\n<p>Lugege erinevatest s\u00fcsteemravi v\u00f5imalustest, valides vasakult huvipakkuv. <\/p>\n\n\n\n<div style=\"height:43px\" aria-hidden=\"true\" class=\"wp-block-spacer\"><\/div>\n\n\n\n<div class=\"wp-block-uagb-buttons uagb-buttons__outer-wrap uagb-btn__default-btn uagb-btn-tablet__default-btn uagb-btn-mobile__default-btn uagb-block-2e4d3ac5\"><div class=\"uagb-buttons__wrap uagb-buttons-layout-wrap\">\n<div class=\"wp-block-uagb-buttons-child uagb-buttons__outer-wrap uagb-block-fa8eb723 wp-block-button is-style-outline\"><div class=\"uagb-button__wrapper\"><a class=\"uagb-buttons-repeater wp-block-button__link has-background has-text-color\" href=\"https:\/\/www.kliinikum.ee\/ho\/\" onclick=\"return true;\" rel=\"follow noopener\" target=\"_blank\"><div class=\"uagb-button__link\">Hematoloogia-onkoloogia kliinik<\/div><\/a><\/div><\/div>\n<\/div><\/div>\n","protected":false},"excerpt":{"rendered":"<p>S\u00fcsteemravi on v\u00e4hiravi meetod, mis m\u00f5jutab vastupidiselt lokaalsele ravile (kirurgia, kiiritusravi) organismi tervikuna. Lugege erinevatest s\u00fcsteemravi v\u00f5imalustest, valides vasakult huvipakkuv.<\/p>\n","protected":false},"author":32,"featured_media":0,"parent":5914,"menu_order":3,"comment_status":"closed","ping_status":"closed","template":"","meta":{"_acf_changed":false,"_uag_custom_page_level_css":"","footnotes":""},"class_list":["post-6015","page","type-page","status-publish","hentry"],"acf":[],"yoast_head":"<!-- This site is optimized with the Yoast SEO plugin v27.1.1 - https:\/\/yoast.com\/product\/yoast-seo-wordpress\/ -->\n<title>S\u00fcsteemravi ehk medikamentoosne ravi - V\u00e4hikeskus<\/title>\n<meta name=\"description\" content=\"S\u00fcsteemravi on v\u00e4hiravi meetod, mis m\u00f5jutab vastupidiselt lokaalsele ravile (kirurgia, kiiritusravi) organismi tervikuna.\" \/>\n<meta name=\"robots\" content=\"index, follow, max-snippet:-1, max-image-preview:large, max-video-preview:-1\" \/>\n<link rel=\"canonical\" href=\"https:\/\/www.kliinikum.ee\/vahikeskus\/patsiendile\/ravi\/susteemravi-sh-keemiaravi\/\" \/>\n<meta property=\"og:locale\" content=\"et_EE\" \/>\n<meta property=\"og:type\" content=\"article\" \/>\n<meta property=\"og:title\" content=\"S\u00fcsteemravi ehk medikamentoosne ravi - V\u00e4hikeskus\" \/>\n<meta property=\"og:description\" content=\"S\u00fcsteemravi on v\u00e4hiravi meetod, mis m\u00f5jutab vastupidiselt lokaalsele ravile (kirurgia, kiiritusravi) organismi tervikuna.\" \/>\n<meta property=\"og:url\" content=\"https:\/\/www.kliinikum.ee\/vahikeskus\/patsiendile\/ravi\/susteemravi-sh-keemiaravi\/\" \/>\n<meta property=\"og:site_name\" content=\"V\u00e4hikeskus\" \/>\n<meta property=\"article:modified_time\" content=\"2023-07-31T11:32:47+00:00\" \/>\n<meta name=\"twitter:card\" content=\"summary_large_image\" \/>\n<meta name=\"twitter:label1\" content=\"Est. reading time\" \/>\n\t<meta name=\"twitter:data1\" content=\"1 minut\" \/>\n<script type=\"application\/ld+json\" class=\"yoast-schema-graph\">{\"@context\":\"https:\/\/schema.org\",\"@graph\":[{\"@type\":\"WebPage\",\"@id\":\"https:\/\/www.kliinikum.ee\/vahikeskus\/patsiendile\/ravi\/susteemravi-sh-keemiaravi\/\",\"url\":\"https:\/\/www.kliinikum.ee\/vahikeskus\/patsiendile\/ravi\/susteemravi-sh-keemiaravi\/\",\"name\":\"S\u00fcsteemravi ehk medikamentoosne ravi - V\u00e4hikeskus\",\"isPartOf\":{\"@id\":\"https:\/\/www.kliinikum.ee\/vahikeskus\/#website\"},\"datePublished\":\"2023-04-06T06:23:46+00:00\",\"dateModified\":\"2023-07-31T11:32:47+00:00\",\"description\":\"S\u00fcsteemravi on v\u00e4hiravi meetod, mis m\u00f5jutab vastupidiselt lokaalsele ravile (kirurgia, kiiritusravi) organismi tervikuna.\",\"breadcrumb\":{\"@id\":\"https:\/\/www.kliinikum.ee\/vahikeskus\/patsiendile\/ravi\/susteemravi-sh-keemiaravi\/#breadcrumb\"},\"inLanguage\":\"et\",\"potentialAction\":[{\"@type\":\"ReadAction\",\"target\":[\"https:\/\/www.kliinikum.ee\/vahikeskus\/patsiendile\/ravi\/susteemravi-sh-keemiaravi\/\"]}]},{\"@type\":\"BreadcrumbList\",\"@id\":\"https:\/\/www.kliinikum.ee\/vahikeskus\/patsiendile\/ravi\/susteemravi-sh-keemiaravi\/#breadcrumb\",\"itemListElement\":[{\"@type\":\"ListItem\",\"position\":1,\"name\":\"Home\",\"item\":\"https:\/\/www.kliinikum.ee\/vahikeskus\/\"},{\"@type\":\"ListItem\",\"position\":2,\"name\":\"Patsiendile\",\"item\":\"https:\/\/www.kliinikum.ee\/vahikeskus\/patsiendile\/\"},{\"@type\":\"ListItem\",\"position\":3,\"name\":\"Ravi\",\"item\":\"https:\/\/www.kliinikum.ee\/vahikeskus\/patsiendile\/ravi\/\"},{\"@type\":\"ListItem\",\"position\":4,\"name\":\"S\u00fcsteemravi ehk medikamentoosne ravi\"}]},{\"@type\":\"WebSite\",\"@id\":\"https:\/\/www.kliinikum.ee\/vahikeskus\/#website\",\"url\":\"https:\/\/www.kliinikum.ee\/vahikeskus\/\",\"name\":\"V\u00e4hikeskus\",\"description\":\"Hoolivus, Uuendusmeelsus, P\u00e4devus ja Usaldusv\u00e4\u00e4rsus\",\"potentialAction\":[{\"@type\":\"SearchAction\",\"target\":{\"@type\":\"EntryPoint\",\"urlTemplate\":\"https:\/\/www.kliinikum.ee\/vahikeskus\/?s={search_term_string}\"},\"query-input\":{\"@type\":\"PropertyValueSpecification\",\"valueRequired\":true,\"valueName\":\"search_term_string\"}}],\"inLanguage\":\"et\"}]}<\/script>\n<!-- \/ Yoast SEO plugin. -->","yoast_head_json":{"title":"S\u00fcsteemravi ehk medikamentoosne ravi - V\u00e4hikeskus","description":"S\u00fcsteemravi on v\u00e4hiravi meetod, mis m\u00f5jutab vastupidiselt lokaalsele ravile (kirurgia, kiiritusravi) organismi tervikuna.","robots":{"index":"index","follow":"follow","max-snippet":"max-snippet:-1","max-image-preview":"max-image-preview:large","max-video-preview":"max-video-preview:-1"},"canonical":"https:\/\/www.kliinikum.ee\/vahikeskus\/patsiendile\/ravi\/susteemravi-sh-keemiaravi\/","og_locale":"et_EE","og_type":"article","og_title":"S\u00fcsteemravi ehk medikamentoosne ravi - V\u00e4hikeskus","og_description":"S\u00fcsteemravi on v\u00e4hiravi meetod, mis m\u00f5jutab vastupidiselt lokaalsele ravile (kirurgia, kiiritusravi) organismi tervikuna.","og_url":"https:\/\/www.kliinikum.ee\/vahikeskus\/patsiendile\/ravi\/susteemravi-sh-keemiaravi\/","og_site_name":"V\u00e4hikeskus","article_modified_time":"2023-07-31T11:32:47+00:00","twitter_card":"summary_large_image","twitter_misc":{"Est. reading time":"1 minut"},"schema":{"@context":"https:\/\/schema.org","@graph":[{"@type":"WebPage","@id":"https:\/\/www.kliinikum.ee\/vahikeskus\/patsiendile\/ravi\/susteemravi-sh-keemiaravi\/","url":"https:\/\/www.kliinikum.ee\/vahikeskus\/patsiendile\/ravi\/susteemravi-sh-keemiaravi\/","name":"S\u00fcsteemravi ehk medikamentoosne ravi - V\u00e4hikeskus","isPartOf":{"@id":"https:\/\/www.kliinikum.ee\/vahikeskus\/#website"},"datePublished":"2023-04-06T06:23:46+00:00","dateModified":"2023-07-31T11:32:47+00:00","description":"S\u00fcsteemravi on v\u00e4hiravi meetod, mis m\u00f5jutab vastupidiselt lokaalsele ravile (kirurgia, kiiritusravi) organismi tervikuna.","breadcrumb":{"@id":"https:\/\/www.kliinikum.ee\/vahikeskus\/patsiendile\/ravi\/susteemravi-sh-keemiaravi\/#breadcrumb"},"inLanguage":"et","potentialAction":[{"@type":"ReadAction","target":["https:\/\/www.kliinikum.ee\/vahikeskus\/patsiendile\/ravi\/susteemravi-sh-keemiaravi\/"]}]},{"@type":"BreadcrumbList","@id":"https:\/\/www.kliinikum.ee\/vahikeskus\/patsiendile\/ravi\/susteemravi-sh-keemiaravi\/#breadcrumb","itemListElement":[{"@type":"ListItem","position":1,"name":"Home","item":"https:\/\/www.kliinikum.ee\/vahikeskus\/"},{"@type":"ListItem","position":2,"name":"Patsiendile","item":"https:\/\/www.kliinikum.ee\/vahikeskus\/patsiendile\/"},{"@type":"ListItem","position":3,"name":"Ravi","item":"https:\/\/www.kliinikum.ee\/vahikeskus\/patsiendile\/ravi\/"},{"@type":"ListItem","position":4,"name":"S\u00fcsteemravi ehk medikamentoosne ravi"}]},{"@type":"WebSite","@id":"https:\/\/www.kliinikum.ee\/vahikeskus\/#website","url":"https:\/\/www.kliinikum.ee\/vahikeskus\/","name":"V\u00e4hikeskus","description":"Hoolivus, Uuendusmeelsus, P\u00e4devus ja Usaldusv\u00e4\u00e4rsus","potentialAction":[{"@type":"SearchAction","target":{"@type":"EntryPoint","urlTemplate":"https:\/\/www.kliinikum.ee\/vahikeskus\/?s={search_term_string}"},"query-input":{"@type":"PropertyValueSpecification","valueRequired":true,"valueName":"search_term_string"}}],"inLanguage":"et"}]}},"uagb_featured_image_src":{"full":false,"thumbnail":false,"medium":false,"medium_large":false,"large":false,"1536x1536":false,"2048x2048":false},"uagb_author_info":{"display_name":"Siret Kivistik","author_link":"https:\/\/www.kliinikum.ee\/vahikeskus\/author\/siretk\/"},"uagb_comment_info":0,"uagb_excerpt":"S\u00fcsteemravi on v\u00e4hiravi meetod, mis m\u00f5jutab vastupidiselt lokaalsele ravile (kirurgia, kiiritusravi) organismi tervikuna. Lugege erinevatest s\u00fcsteemravi v\u00f5imalustest, valides vasakult huvipakkuv.","_links":{"self":[{"href":"https:\/\/www.kliinikum.ee\/vahikeskus\/wp-json\/wp\/v2\/pages\/6015","targetHints":{"allow":["GET"]}}],"collection":[{"href":"https:\/\/www.kliinikum.ee\/vahikeskus\/wp-json\/wp\/v2\/pages"}],"about":[{"href":"https:\/\/www.kliinikum.ee\/vahikeskus\/wp-json\/wp\/v2\/types\/page"}],"author":[{"embeddable":true,"href":"https:\/\/www.kliinikum.ee\/vahikeskus\/wp-json\/wp\/v2\/users\/32"}],"replies":[{"embeddable":true,"href":"https:\/\/www.kliinikum.ee\/vahikeskus\/wp-json\/wp\/v2\/comments?post=6015"}],"version-history":[{"count":13,"href":"https:\/\/www.kliinikum.ee\/vahikeskus\/wp-json\/wp\/v2\/pages\/6015\/revisions"}],"predecessor-version":[{"id":6947,"href":"https:\/\/www.kliinikum.ee\/vahikeskus\/wp-json\/wp\/v2\/pages\/6015\/revisions\/6947"}],"up":[{"embeddable":true,"href":"https:\/\/www.kliinikum.ee\/vahikeskus\/wp-json\/wp\/v2\/pages\/5914"}],"wp:attachment":[{"href":"https:\/\/www.kliinikum.ee\/vahikeskus\/wp-json\/wp\/v2\/media?parent=6015"}],"curies":[{"name":"wp","href":"https:\/\/api.w.org\/{rel}","templated":true}]}}