{"id":6019,"date":"2023-04-06T08:29:14","date_gmt":"2023-04-06T06:29:14","guid":{"rendered":"https:\/\/www.kliinikum.ee\/vahikeskus\/?page_id=6019"},"modified":"2023-08-08T11:52:24","modified_gmt":"2023-08-08T09:52:24","slug":"kiiritusravi","status":"publish","type":"page","link":"https:\/\/www.kliinikum.ee\/vahikeskus\/patsiendile\/ravi\/kiiritusravi\/","title":{"rendered":"Kiiritusravi"},"content":{"rendered":"\n<p><strong>Kiiritusravi <\/strong>on paikne ravimeetod kasvajarakkude h\u00e4vitamiseks ioniseeriva kiirgusega. Seda kasutatakse nii individuaalse ravimeetodina kui ka kombinatsioonis kirurgia v\u00f5i medikamentoosse raviga. S\u00f5ltuvalt ravi eesm\u00e4rgist teostatakse kiiritusravi kuratiivselt ehk eeldades t\u00e4ielikku tervistumist, neoadjuvantselt ehk enne kirurgilist ravi kasvaja m\u00f5\u00f5tmete v\u00e4hendamiseks, adjuvantselt ehk peale operatsiooni v\u00e4hi taastekke riski v\u00e4hendamiseks v\u00f5i palliatiivselt haigusest tingitud s\u00fcmptomite v\u00e4hendamiseks ja elukvaliteedi parandamiseks. Kiiritusravi l\u00e4biviimiseks on erinevaid viise. Enamlevinud on v\u00e4liskiiritusravi, mille korral kiirgusallikas paikneb v\u00e4ljaspool patsiendi keha ja \u00f5\u00f5nesisene kiiritusravi ehk l\u00e4hikiiritusravi, mille korral viiakse radioaktiivne kiirgusallikas kasvaja vahetusse l\u00e4hedusse patsiendi keha loomulikku \u00f5\u00f5nsusesse v\u00f5i koesiseselt.&nbsp;&nbsp;&nbsp;<\/p>\n\n\n\n<p>Kiiritusravi korral l\u00e4bib kiirgus alati ka terveid kudesid ja organeid enne kui ta kasvajani j\u00f5uab. Ravi k\u00f5rvaltoimed on individuaalsed, s\u00f5ltuvad kiiritatavast paikmest ja on vahel seotud ka kiiritusravi kombineerimisest n\u00e4iteks keemiaravi v\u00f5i teiste medikamentoossete ravimeetoditega. Levinumad k\u00f5rvaltoimed on:&nbsp;<\/p>\n\n\n\n<ul class=\"wp-block-list\">\n<li>Nahareaktsioonid kiiritatavas piirkonnas&nbsp;&nbsp;<\/li>\n\n\n\n<li>V\u00e4simus&nbsp;<\/li>\n\n\n\n<li>Isutus, iiveldus&nbsp;<\/li>\n\n\n\n<li>K\u00f5hulahtisus&nbsp;<\/li>\n<\/ul>\n\n\n\n<p>Et normaalsete kudede rakud j\u00f5uaksid taastuda,&nbsp; teostatakse ravi enamasti fraktsioneeritult, ehk kogudoos on jaotatud mitmeks seansiks. Erandjuhtudel v\u00f5ib kiiritusravi teostada ka \u00fchekordselt. S\u00f5ltuvalt raviplaanist ja kasvaja olemusest ning asukohast on fraktsioonide arv paikmeti erinev, j\u00e4\u00e4des 1-35 ravikorra vahele. Iga patsiendi raviplaan on rangelt individuaalne ja v\u00f5tab arvesse ainult tema haiguslugu ja erip\u00e4rasid.&nbsp;&nbsp;<\/p>\n\n\n\n<p>V\u00e4liskiiritusravi l\u00e4biviimiseks kasutatakse t\u00e4nap\u00e4eval enamasti lineraarkiirendeid, mis t\u00e4nu multilehelisele kollimaatorile v\u00f5imaldavad kiirgusdoosi kasvajasse viia v\u00e4ga t\u00e4pselt. Intensiivsusmoduleeritud- ja mahtmoduleeritud tehnikate abil on doos optimeeritud nii, et kasvaja saaks v\u00f5imalikult suure doosi ning kasvajat \u00fcmbritsevad koed oleksid maksimaalselt s\u00e4\u00e4stetud. T\u00e4ppiskiiritusravi korral kasutatakse suuremat kiirgusdoosi \u00fche fraktsiooni kohta, sihtmahud on v\u00e4iksemad ning s\u00e4\u00e4stetakse rohkem \u00fcmbritsevat kude. Veendumaks, et patisent on igal ravikorral korrektses asendis ja kiiritusravi teostus oleks v\u00f5imalikult t\u00e4pne, kasutatakse piltjuhitud kiiritusravi ning&nbsp;ka hingamisega kohandatud kiiritusravi.&nbsp;&nbsp;<\/p>\n\n\n\n<p>Kiiritusravi meeskonda kuuluvad onkoloogid, f\u00fc\u00fcsikud, dosimetristid ja radioloogiatehnikud, kellel on k\u00f5igil ravi ettevalmistamise ja l\u00e4biviimise protsessis oluline roll.&nbsp;<\/p>\n\n\n\n<figure class=\"wp-block-embed is-type-video is-provider-youtube wp-block-embed-youtube wp-embed-aspect-16-9 wp-has-aspect-ratio\"><div class=\"wp-block-embed__wrapper\">\n<iframe loading=\"lazy\" title=\"Kiiritusravi patsiendi teekond Tartu \u00dclikooli Kliinikumis\" width=\"500\" height=\"281\" src=\"https:\/\/www.youtube.com\/embed\/Js8Bq3GRY2Y?feature=oembed\" frameborder=\"0\" allow=\"accelerometer; autoplay; clipboard-write; encrypted-media; gyroscope; picture-in-picture; web-share\" referrerpolicy=\"strict-origin-when-cross-origin\" allowfullscreen><\/iframe>\n<\/div><figcaption class=\"wp-element-caption\"><em>Video patsiendi kiiritusravi teekonnast rinnav\u00e4hi n\u00e4itel<\/em><\/figcaption><\/figure>\n\n\n\n<p><strong>SA Tartu \u00dclikooli Kliinikumis<\/strong>  kasutatakse kiiritusravi planeerimiseks kompuutertomograafi Philips BigBore ning teatud paikmetel ka magnetresonantstomograafiat (MRT) ja positronemissioontomograafiat (PET). Raviplaani genereerimisel kasutatakse Monte Carlo doosiarvutusalgoritmiga planeerimis\u00fcsteemi Monaco.&nbsp;&nbsp;V\u00e4liskiiritusravi teostatakse firma VARIAN lineaarkiirenditel \u201eTrue Beam\u201c. Kasutusel on 3D konformne, intensiivsusmoduleeritud (IMRT) ning mahtmoduleeritud kiiritusravi (VMAT) meetodid. Enne igat ravifraktsiooni kasutatakse kasvaja t\u00e4pse asukoha hindamiseks koonuskimp-kompuutertomograafiat (CBCT) ning kilovoltaa\u017e (kV) ja megavoltaa\u017e (MV) pilditehnikate v\u00f5imalusi. Teostatakse t\u00e4ppiskiiritusravi<strong>,<\/strong> mille puhul kasutatakse suuremat kiirgusdoosi \u00fche fraktsiooni kohta, sihtmahud on v\u00e4iksemad ning s\u00e4\u00e4stetakse rohkem \u00fcmbritsevat kude. Ainsana Eestis teostatakse ka kogukeha kiiritusravi. L\u00e4hikiiritusravi l\u00e4biviimiseks kasutatakse firma VARIAN seadet Gammamed Plus, mis v\u00f5imaldab erinevaid \u00f5\u00f5ne- ja koesiseseid aplikatsioone.&nbsp;<\/p>\n\n\n\n<p>Kiiritusravi personal osaleb regulaarselt eneset\u00e4iendustel (ESTRO, IAEA) ning ravi l\u00e4biviimisel l\u00e4htutakse t\u00f5endusp\u00f5histest praktikatest.\u00a0<\/p>\n\n\n\n<p>Lisainfot kiiritusravi kohta leiate <a href=\"https:\/\/www.kliinikum.ee\/patsiendiinfo-andmebaas\/kiiritusravi-meelespea\/\" target=\"_blank\" rel=\"noreferrer noopener\">siit\u00a0<\/a><\/p>\n\n\n\n<div class=\"wp-block-columns is-layout-flex wp-container-core-columns-is-layout-28f84493 wp-block-columns-is-layout-flex\">\n<div class=\"wp-block-column is-layout-flow wp-block-column-is-layout-flow\" style=\"flex-basis:100%\">\t\t\t\t\t<div\n\t\t\t\t\t\tclass=\"wp-block-uagb-image-gallery uagb-block-89d59ae1     \"\n\t\t\t\t\t\tstyle=\"\"\n\t\t\t\t\t>\n\t\t\t\t\t\t\t\t\t\t\t<div class=\"spectra-image-gallery spectra-image-gallery__layout--carousel\">\n\t\t\t\t\t\t\t\t<div class=\"uagb-slick-carousel uagb-block-89d59ae1\">\n\t\t\t\t\t\t\t\t\t\t\t\t<div class='spectra-image-gallery__media-wrapper' data-spectra-gallery-image-id='6053'>\n\t\t\t\t\t\t\t<div class=\"spectra-image-gallery__media spectra-image-gallery__media--carousel\">\n\t\t\t\t<picture>\n\t\t\t\t\t<source media=\"(min-width: 1024px)\" srcset=\"https:\/\/www.kliinikum.ee\/vahikeskus\/wp-content\/uploads\/2023\/04\/IMG_1478-1024x683.jpg\">\n\t\t\t\t\t<source media=\"(min-width: 768px)\" srcset=\"https:\/\/www.kliinikum.ee\/vahikeskus\/wp-content\/uploads\/2023\/04\/IMG_1478-1024x683.jpg\">\n\t\t\t\t\t<img decoding=\"async\" class=\"spectra-image-gallery__media-thumbnail spectra-image-gallery__media-thumbnail--carousel\" src=\"https:\/\/www.kliinikum.ee\/vahikeskus\/wp-content\/uploads\/2023\/04\/IMG_1478-300x200.jpg\" alt=\"\" loading=\"lazy\" \/>\n\t\t\t\t<\/picture>\n\t\t\t\t<div class=\"spectra-image-gallery__media-thumbnail-blurrer\"><\/div>\n\t\t\t\t\t\t\t\t\t\t\t<div class=\"spectra-image-gallery__media-thumbnail-caption-wrapper spectra-image-gallery__media-thumbnail-caption-wrapper--overlay\">\n\t\t\t\t\t\t\t\t\t\t\t<div class=\"spectra-image-gallery__media-thumbnail-caption spectra-image-gallery__media-thumbnail-caption--overlay\">\n\t\t\t\t\tSA T\u00dcK kiiritusravi meeskond\t\t\t\t<\/div>\n\t\t\t\t\t\t\t\t\t\t<\/div>\n\t\t\t\t\t\t\t\t\t<\/div>\n\t\t\t\t\t\t<\/div>\n\t\t\t\t\t\t<div class='spectra-image-gallery__media-wrapper' data-spectra-gallery-image-id='6050'>\n\t\t\t\t\t\t\t<div class=\"spectra-image-gallery__media spectra-image-gallery__media--carousel\">\n\t\t\t\t<picture>\n\t\t\t\t\t<source media=\"(min-width: 1024px)\" srcset=\"https:\/\/www.kliinikum.ee\/vahikeskus\/wp-content\/uploads\/2023\/04\/IMG_1462-2-1024x683.jpg\">\n\t\t\t\t\t<source media=\"(min-width: 768px)\" srcset=\"https:\/\/www.kliinikum.ee\/vahikeskus\/wp-content\/uploads\/2023\/04\/IMG_1462-2-1024x683.jpg\">\n\t\t\t\t\t<img decoding=\"async\" class=\"spectra-image-gallery__media-thumbnail spectra-image-gallery__media-thumbnail--carousel\" src=\"https:\/\/www.kliinikum.ee\/vahikeskus\/wp-content\/uploads\/2023\/04\/IMG_1462-2-300x200.jpg\" alt=\"\" loading=\"lazy\" \/>\n\t\t\t\t<\/picture>\n\t\t\t\t<div class=\"spectra-image-gallery__media-thumbnail-blurrer\"><\/div>\n\t\t\t\t\t\t\t\t\t\t\t<div class=\"spectra-image-gallery__media-thumbnail-caption-wrapper spectra-image-gallery__media-thumbnail-caption-wrapper--overlay\">\n\t\t\t\t\t\t\t\t\t\t\t<div class=\"spectra-image-gallery__media-thumbnail-caption spectra-image-gallery__media-thumbnail-caption--overlay\">\n\t\t\t\t\tRaviplaneerimise kompuutertomograafia uuringu ettevalmistus\t\t\t\t<\/div>\n\t\t\t\t\t\t\t\t\t\t<\/div>\n\t\t\t\t\t\t\t\t\t<\/div>\n\t\t\t\t\t\t<\/div>\n\t\t\t\t\t\t<div class='spectra-image-gallery__media-wrapper' data-spectra-gallery-image-id='6047'>\n\t\t\t\t\t\t\t<div class=\"spectra-image-gallery__media spectra-image-gallery__media--carousel\">\n\t\t\t\t<picture>\n\t\t\t\t\t<source media=\"(min-width: 1024px)\" srcset=\"https:\/\/www.kliinikum.ee\/vahikeskus\/wp-content\/uploads\/2023\/04\/IMG_1412-3-1024x683.jpg\">\n\t\t\t\t\t<source media=\"(min-width: 768px)\" srcset=\"https:\/\/www.kliinikum.ee\/vahikeskus\/wp-content\/uploads\/2023\/04\/IMG_1412-3-1024x683.jpg\">\n\t\t\t\t\t<img decoding=\"async\" class=\"spectra-image-gallery__media-thumbnail spectra-image-gallery__media-thumbnail--carousel\" src=\"https:\/\/www.kliinikum.ee\/vahikeskus\/wp-content\/uploads\/2023\/04\/IMG_1412-3-300x200.jpg\" alt=\"\" loading=\"lazy\" \/>\n\t\t\t\t<\/picture>\n\t\t\t\t<div class=\"spectra-image-gallery__media-thumbnail-blurrer\"><\/div>\n\t\t\t\t\t\t\t\t\t\t\t<div class=\"spectra-image-gallery__media-thumbnail-caption-wrapper spectra-image-gallery__media-thumbnail-caption-wrapper--overlay\">\n\t\t\t\t\t\t\t\t\t\t\t<div class=\"spectra-image-gallery__media-thumbnail-caption spectra-image-gallery__media-thumbnail-caption--overlay\">\n\t\t\t\t\tKiiritusravi lineaarkiirendil\t\t\t\t<\/div>\n\t\t\t\t\t\t\t\t\t\t<\/div>\n\t\t\t\t\t\t\t\t\t<\/div>\n\t\t\t\t\t\t<\/div>\n\t\t\t\t\t\t<div class='spectra-image-gallery__media-wrapper' data-spectra-gallery-image-id='6066'>\n\t\t\t\t\t\t\t<div class=\"spectra-image-gallery__media spectra-image-gallery__media--carousel\">\n\t\t\t\t<picture>\n\t\t\t\t\t<source media=\"(min-width: 1024px)\" srcset=\"https:\/\/www.kliinikum.ee\/vahikeskus\/wp-content\/uploads\/2023\/04\/IMG_1441-1024x683.jpg\">\n\t\t\t\t\t<source media=\"(min-width: 768px)\" srcset=\"https:\/\/www.kliinikum.ee\/vahikeskus\/wp-content\/uploads\/2023\/04\/IMG_1441-1024x683.jpg\">\n\t\t\t\t\t<img decoding=\"async\" class=\"spectra-image-gallery__media-thumbnail spectra-image-gallery__media-thumbnail--carousel\" src=\"https:\/\/www.kliinikum.ee\/vahikeskus\/wp-content\/uploads\/2023\/04\/IMG_1441-300x200.jpg\" alt=\"\" loading=\"lazy\" \/>\n\t\t\t\t<\/picture>\n\t\t\t\t<div class=\"spectra-image-gallery__media-thumbnail-blurrer\"><\/div>\n\t\t\t\t\t\t\t\t\t\t\t<div class=\"spectra-image-gallery__media-thumbnail-caption-wrapper spectra-image-gallery__media-thumbnail-caption-wrapper--overlay\">\n\t\t\t\t\t\t\t\t\t\t\t<div class=\"spectra-image-gallery__media-thumbnail-caption spectra-image-gallery__media-thumbnail-caption--overlay\">\n\t\t\t\t\tSA T\u00dcK kiiritusravi meeskond\t\t\t\t<\/div>\n\t\t\t\t\t\t\t\t\t\t<\/div>\n\t\t\t\t\t\t\t\t\t<\/div>\n\t\t\t\t\t\t<\/div>\n\t\t\t\t\t\t\t\t\t\t\t<\/div>\n\t\t\t\t\t\t\t<\/div>\n\t\t\t\t\t\t\t\t\t\t\t<\/div>\n\t\t\t\t\t\t\t\t\t<\/div>\n<\/div>\n\n\n\n<div style=\"height:43px\" aria-hidden=\"true\" class=\"wp-block-spacer\"><\/div>\n\n\n\n<div class=\"wp-block-uagb-buttons uagb-buttons__outer-wrap uagb-btn__default-btn uagb-btn-tablet__default-btn uagb-btn-mobile__default-btn uagb-block-2751969e\"><div class=\"uagb-buttons__wrap uagb-buttons-layout-wrap\">\n<div class=\"wp-block-uagb-buttons-child uagb-buttons__outer-wrap uagb-block-51c93bed wp-block-button is-style-outline\"><div class=\"uagb-button__wrapper\"><a class=\"uagb-buttons-repeater wp-block-button__link has-background has-text-color\" href=\"https:\/\/www.kliinikum.ee\/ho\/\" onclick=\"return true;\" rel=\"follow noopener\" target=\"_blank\"><div class=\"uagb-button__link\">Hematoloogia-onkoloogia kliinik<\/div><\/a><\/div><\/div>\n<\/div><\/div>\n","protected":false},"excerpt":{"rendered":"<p>Kiiritusravi on paikne ravimeetod kasvajarakkude h\u00e4vitamiseks ioniseeriva kiirgusega. Seda kasutatakse nii individuaalse ravimeetodina kui ka kombinatsioonis kirurgia v\u00f5i medikamentoosse raviga. S\u00f5ltuvalt ravi eesm\u00e4rgist teostatakse kiiritusravi kuratiivselt ehk eeldades t\u00e4ielikku tervistumist, neoadjuvantselt ehk enne kirurgilist ravi kasvaja m\u00f5\u00f5tmete v\u00e4hendamiseks, adjuvantselt ehk peale operatsiooni v\u00e4hi taastekke riski v\u00e4hendamiseks v\u00f5i palliatiivselt haigusest tingitud s\u00fcmptomite v\u00e4hendamiseks ja elukvaliteedi parandamiseks. [&hellip;]<\/p>\n","protected":false},"author":32,"featured_media":6020,"parent":5914,"menu_order":4,"comment_status":"closed","ping_status":"closed","template":"","meta":{"_acf_changed":false,"_uag_custom_page_level_css":"","footnotes":""},"class_list":["post-6019","page","type-page","status-publish","has-post-thumbnail","hentry"],"acf":[],"yoast_head":"<!-- This site is optimized with the Yoast SEO plugin v27.3 - https:\/\/yoast.com\/product\/yoast-seo-wordpress\/ -->\n<title>Kiiritusravi - V\u00e4hikeskus<\/title>\n<meta name=\"description\" content=\"Kiiritusravi on paikne ravimeetod kasvajarakkude h\u00e4vitamiseks ioniseeriva kiirgusega.\" \/>\n<meta name=\"robots\" content=\"index, follow, max-snippet:-1, max-image-preview:large, max-video-preview:-1\" \/>\n<link rel=\"canonical\" href=\"https:\/\/www.kliinikum.ee\/vahikeskus\/patsiendile\/ravi\/kiiritusravi\/\" \/>\n<meta property=\"og:locale\" content=\"et_EE\" \/>\n<meta property=\"og:type\" content=\"article\" \/>\n<meta property=\"og:title\" content=\"Kiiritusravi - V\u00e4hikeskus\" \/>\n<meta property=\"og:description\" content=\"Kiiritusravi on paikne ravimeetod kasvajarakkude h\u00e4vitamiseks ioniseeriva kiirgusega.\" \/>\n<meta property=\"og:url\" content=\"https:\/\/www.kliinikum.ee\/vahikeskus\/patsiendile\/ravi\/kiiritusravi\/\" \/>\n<meta property=\"og:site_name\" content=\"V\u00e4hikeskus\" \/>\n<meta property=\"article:modified_time\" content=\"2023-08-08T09:52:24+00:00\" \/>\n<meta property=\"og:image\" content=\"https:\/\/www.kliinikum.ee\/vahikeskus\/wp-content\/uploads\/2023\/04\/IMG_1412-scaled.jpg\" \/>\n\t<meta property=\"og:image:width\" content=\"2560\" \/>\n\t<meta property=\"og:image:height\" content=\"1706\" \/>\n\t<meta property=\"og:image:type\" content=\"image\/jpeg\" \/>\n<meta name=\"twitter:card\" content=\"summary_large_image\" \/>\n<meta name=\"twitter:label1\" content=\"Est. reading time\" \/>\n\t<meta name=\"twitter:data1\" content=\"3 minutit\" \/>\n<script type=\"application\/ld+json\" class=\"yoast-schema-graph\">{\"@context\":\"https:\\\/\\\/schema.org\",\"@graph\":[{\"@type\":\"WebPage\",\"@id\":\"https:\\\/\\\/www.kliinikum.ee\\\/vahikeskus\\\/patsiendile\\\/ravi\\\/kiiritusravi\\\/\",\"url\":\"https:\\\/\\\/www.kliinikum.ee\\\/vahikeskus\\\/patsiendile\\\/ravi\\\/kiiritusravi\\\/\",\"name\":\"Kiiritusravi - V\u00e4hikeskus\",\"isPartOf\":{\"@id\":\"https:\\\/\\\/www.kliinikum.ee\\\/vahikeskus\\\/#website\"},\"primaryImageOfPage\":{\"@id\":\"https:\\\/\\\/www.kliinikum.ee\\\/vahikeskus\\\/patsiendile\\\/ravi\\\/kiiritusravi\\\/#primaryimage\"},\"image\":{\"@id\":\"https:\\\/\\\/www.kliinikum.ee\\\/vahikeskus\\\/patsiendile\\\/ravi\\\/kiiritusravi\\\/#primaryimage\"},\"thumbnailUrl\":\"https:\\\/\\\/www.kliinikum.ee\\\/vahikeskus\\\/wp-content\\\/uploads\\\/2023\\\/04\\\/IMG_1412-scaled.jpg\",\"datePublished\":\"2023-04-06T06:29:14+00:00\",\"dateModified\":\"2023-08-08T09:52:24+00:00\",\"description\":\"Kiiritusravi on paikne ravimeetod kasvajarakkude h\u00e4vitamiseks ioniseeriva kiirgusega.\",\"breadcrumb\":{\"@id\":\"https:\\\/\\\/www.kliinikum.ee\\\/vahikeskus\\\/patsiendile\\\/ravi\\\/kiiritusravi\\\/#breadcrumb\"},\"inLanguage\":\"et\",\"potentialAction\":[{\"@type\":\"ReadAction\",\"target\":[\"https:\\\/\\\/www.kliinikum.ee\\\/vahikeskus\\\/patsiendile\\\/ravi\\\/kiiritusravi\\\/\"]}]},{\"@type\":\"ImageObject\",\"inLanguage\":\"et\",\"@id\":\"https:\\\/\\\/www.kliinikum.ee\\\/vahikeskus\\\/patsiendile\\\/ravi\\\/kiiritusravi\\\/#primaryimage\",\"url\":\"https:\\\/\\\/www.kliinikum.ee\\\/vahikeskus\\\/wp-content\\\/uploads\\\/2023\\\/04\\\/IMG_1412-scaled.jpg\",\"contentUrl\":\"https:\\\/\\\/www.kliinikum.ee\\\/vahikeskus\\\/wp-content\\\/uploads\\\/2023\\\/04\\\/IMG_1412-scaled.jpg\",\"width\":2560,\"height\":1706},{\"@type\":\"BreadcrumbList\",\"@id\":\"https:\\\/\\\/www.kliinikum.ee\\\/vahikeskus\\\/patsiendile\\\/ravi\\\/kiiritusravi\\\/#breadcrumb\",\"itemListElement\":[{\"@type\":\"ListItem\",\"position\":1,\"name\":\"Home\",\"item\":\"https:\\\/\\\/www.kliinikum.ee\\\/vahikeskus\\\/\"},{\"@type\":\"ListItem\",\"position\":2,\"name\":\"Patsiendile\",\"item\":\"https:\\\/\\\/www.kliinikum.ee\\\/vahikeskus\\\/patsiendile\\\/\"},{\"@type\":\"ListItem\",\"position\":3,\"name\":\"Ravi\",\"item\":\"https:\\\/\\\/www.kliinikum.ee\\\/vahikeskus\\\/patsiendile\\\/ravi\\\/\"},{\"@type\":\"ListItem\",\"position\":4,\"name\":\"Kiiritusravi\"}]},{\"@type\":\"WebSite\",\"@id\":\"https:\\\/\\\/www.kliinikum.ee\\\/vahikeskus\\\/#website\",\"url\":\"https:\\\/\\\/www.kliinikum.ee\\\/vahikeskus\\\/\",\"name\":\"V\u00e4hikeskus\",\"description\":\"Hoolivus, Uuendusmeelsus, P\u00e4devus ja Usaldusv\u00e4\u00e4rsus\",\"potentialAction\":[{\"@type\":\"SearchAction\",\"target\":{\"@type\":\"EntryPoint\",\"urlTemplate\":\"https:\\\/\\\/www.kliinikum.ee\\\/vahikeskus\\\/?s={search_term_string}\"},\"query-input\":{\"@type\":\"PropertyValueSpecification\",\"valueRequired\":true,\"valueName\":\"search_term_string\"}}],\"inLanguage\":\"et\"}]}<\/script>\n<!-- \/ Yoast SEO plugin. -->","yoast_head_json":{"title":"Kiiritusravi - V\u00e4hikeskus","description":"Kiiritusravi on paikne ravimeetod kasvajarakkude h\u00e4vitamiseks ioniseeriva kiirgusega.","robots":{"index":"index","follow":"follow","max-snippet":"max-snippet:-1","max-image-preview":"max-image-preview:large","max-video-preview":"max-video-preview:-1"},"canonical":"https:\/\/www.kliinikum.ee\/vahikeskus\/patsiendile\/ravi\/kiiritusravi\/","og_locale":"et_EE","og_type":"article","og_title":"Kiiritusravi - V\u00e4hikeskus","og_description":"Kiiritusravi on paikne ravimeetod kasvajarakkude h\u00e4vitamiseks ioniseeriva kiirgusega.","og_url":"https:\/\/www.kliinikum.ee\/vahikeskus\/patsiendile\/ravi\/kiiritusravi\/","og_site_name":"V\u00e4hikeskus","article_modified_time":"2023-08-08T09:52:24+00:00","og_image":[{"width":2560,"height":1706,"url":"https:\/\/www.kliinikum.ee\/vahikeskus\/wp-content\/uploads\/2023\/04\/IMG_1412-scaled.jpg","type":"image\/jpeg"}],"twitter_card":"summary_large_image","twitter_misc":{"Est. reading time":"3 minutit"},"schema":{"@context":"https:\/\/schema.org","@graph":[{"@type":"WebPage","@id":"https:\/\/www.kliinikum.ee\/vahikeskus\/patsiendile\/ravi\/kiiritusravi\/","url":"https:\/\/www.kliinikum.ee\/vahikeskus\/patsiendile\/ravi\/kiiritusravi\/","name":"Kiiritusravi - V\u00e4hikeskus","isPartOf":{"@id":"https:\/\/www.kliinikum.ee\/vahikeskus\/#website"},"primaryImageOfPage":{"@id":"https:\/\/www.kliinikum.ee\/vahikeskus\/patsiendile\/ravi\/kiiritusravi\/#primaryimage"},"image":{"@id":"https:\/\/www.kliinikum.ee\/vahikeskus\/patsiendile\/ravi\/kiiritusravi\/#primaryimage"},"thumbnailUrl":"https:\/\/www.kliinikum.ee\/vahikeskus\/wp-content\/uploads\/2023\/04\/IMG_1412-scaled.jpg","datePublished":"2023-04-06T06:29:14+00:00","dateModified":"2023-08-08T09:52:24+00:00","description":"Kiiritusravi on paikne ravimeetod kasvajarakkude h\u00e4vitamiseks ioniseeriva kiirgusega.","breadcrumb":{"@id":"https:\/\/www.kliinikum.ee\/vahikeskus\/patsiendile\/ravi\/kiiritusravi\/#breadcrumb"},"inLanguage":"et","potentialAction":[{"@type":"ReadAction","target":["https:\/\/www.kliinikum.ee\/vahikeskus\/patsiendile\/ravi\/kiiritusravi\/"]}]},{"@type":"ImageObject","inLanguage":"et","@id":"https:\/\/www.kliinikum.ee\/vahikeskus\/patsiendile\/ravi\/kiiritusravi\/#primaryimage","url":"https:\/\/www.kliinikum.ee\/vahikeskus\/wp-content\/uploads\/2023\/04\/IMG_1412-scaled.jpg","contentUrl":"https:\/\/www.kliinikum.ee\/vahikeskus\/wp-content\/uploads\/2023\/04\/IMG_1412-scaled.jpg","width":2560,"height":1706},{"@type":"BreadcrumbList","@id":"https:\/\/www.kliinikum.ee\/vahikeskus\/patsiendile\/ravi\/kiiritusravi\/#breadcrumb","itemListElement":[{"@type":"ListItem","position":1,"name":"Home","item":"https:\/\/www.kliinikum.ee\/vahikeskus\/"},{"@type":"ListItem","position":2,"name":"Patsiendile","item":"https:\/\/www.kliinikum.ee\/vahikeskus\/patsiendile\/"},{"@type":"ListItem","position":3,"name":"Ravi","item":"https:\/\/www.kliinikum.ee\/vahikeskus\/patsiendile\/ravi\/"},{"@type":"ListItem","position":4,"name":"Kiiritusravi"}]},{"@type":"WebSite","@id":"https:\/\/www.kliinikum.ee\/vahikeskus\/#website","url":"https:\/\/www.kliinikum.ee\/vahikeskus\/","name":"V\u00e4hikeskus","description":"Hoolivus, Uuendusmeelsus, P\u00e4devus ja Usaldusv\u00e4\u00e4rsus","potentialAction":[{"@type":"SearchAction","target":{"@type":"EntryPoint","urlTemplate":"https:\/\/www.kliinikum.ee\/vahikeskus\/?s={search_term_string}"},"query-input":{"@type":"PropertyValueSpecification","valueRequired":true,"valueName":"search_term_string"}}],"inLanguage":"et"}]}},"uagb_featured_image_src":{"full":["https:\/\/www.kliinikum.ee\/vahikeskus\/wp-content\/uploads\/2023\/04\/IMG_1412-scaled.jpg",2560,1706,false],"thumbnail":["https:\/\/www.kliinikum.ee\/vahikeskus\/wp-content\/uploads\/2023\/04\/IMG_1412-150x150.jpg",150,150,true],"medium":["https:\/\/www.kliinikum.ee\/vahikeskus\/wp-content\/uploads\/2023\/04\/IMG_1412-300x200.jpg",300,200,true],"medium_large":["https:\/\/www.kliinikum.ee\/vahikeskus\/wp-content\/uploads\/2023\/04\/IMG_1412-768x512.jpg",768,512,true],"large":["https:\/\/www.kliinikum.ee\/vahikeskus\/wp-content\/uploads\/2023\/04\/IMG_1412-1024x683.jpg",1024,683,true],"1536x1536":["https:\/\/www.kliinikum.ee\/vahikeskus\/wp-content\/uploads\/2023\/04\/IMG_1412-1536x1024.jpg",1536,1024,true],"2048x2048":["https:\/\/www.kliinikum.ee\/vahikeskus\/wp-content\/uploads\/2023\/04\/IMG_1412-2048x1365.jpg",2048,1365,true]},"uagb_author_info":{"display_name":"Siret Kivistik","author_link":"https:\/\/www.kliinikum.ee\/vahikeskus\/author\/siretk\/"},"uagb_comment_info":0,"uagb_excerpt":"Kiiritusravi on paikne ravimeetod kasvajarakkude h\u00e4vitamiseks ioniseeriva kiirgusega. Seda kasutatakse nii individuaalse ravimeetodina kui ka kombinatsioonis kirurgia v\u00f5i medikamentoosse raviga. S\u00f5ltuvalt ravi eesm\u00e4rgist teostatakse kiiritusravi kuratiivselt ehk eeldades t\u00e4ielikku tervistumist, neoadjuvantselt ehk enne kirurgilist ravi kasvaja m\u00f5\u00f5tmete v\u00e4hendamiseks, adjuvantselt ehk peale operatsiooni v\u00e4hi taastekke riski v\u00e4hendamiseks v\u00f5i palliatiivselt haigusest tingitud s\u00fcmptomite v\u00e4hendamiseks ja elukvaliteedi parandamiseks.&hellip;","_links":{"self":[{"href":"https:\/\/www.kliinikum.ee\/vahikeskus\/wp-json\/wp\/v2\/pages\/6019","targetHints":{"allow":["GET"]}}],"collection":[{"href":"https:\/\/www.kliinikum.ee\/vahikeskus\/wp-json\/wp\/v2\/pages"}],"about":[{"href":"https:\/\/www.kliinikum.ee\/vahikeskus\/wp-json\/wp\/v2\/types\/page"}],"author":[{"embeddable":true,"href":"https:\/\/www.kliinikum.ee\/vahikeskus\/wp-json\/wp\/v2\/users\/32"}],"replies":[{"embeddable":true,"href":"https:\/\/www.kliinikum.ee\/vahikeskus\/wp-json\/wp\/v2\/comments?post=6019"}],"version-history":[{"count":0,"href":"https:\/\/www.kliinikum.ee\/vahikeskus\/wp-json\/wp\/v2\/pages\/6019\/revisions"}],"up":[{"embeddable":true,"href":"https:\/\/www.kliinikum.ee\/vahikeskus\/wp-json\/wp\/v2\/pages\/5914"}],"wp:featuredmedia":[{"embeddable":true,"href":"https:\/\/www.kliinikum.ee\/vahikeskus\/wp-json\/wp\/v2\/media\/6020"}],"wp:attachment":[{"href":"https:\/\/www.kliinikum.ee\/vahikeskus\/wp-json\/wp\/v2\/media?parent=6019"}],"curies":[{"name":"wp","href":"https:\/\/api.w.org\/{rel}","templated":true}]}}