{"id":6025,"date":"2023-04-06T08:30:47","date_gmt":"2023-04-06T06:30:47","guid":{"rendered":"https:\/\/www.kliinikum.ee\/vahikeskus\/?page_id=6025"},"modified":"2023-08-04T13:16:40","modified_gmt":"2023-08-04T11:16:40","slug":"taastusravi","status":"publish","type":"page","link":"https:\/\/www.kliinikum.ee\/vahikeskus\/patsiendile\/ravi\/taastusravi\/","title":{"rendered":"Taastusravi"},"content":{"rendered":"\n<p>T\u00e4nu v\u00e4hiravi t\u00f5hustumisele ja elulemuse paranemisele k\u00e4sitletakse v\u00e4hki paljudel juhtudel kui kroonilist haigust v\u00f5i terviseolukorda, mille puhul v\u00f5ib pikema aja v\u00e4ltel vajada haiguse v\u00f5i selle ravi tagaj\u00e4rjel tekkinud vaevuste leevendamiseks toetavat ja taastavat ravi ning mitmete spetsialistide k\u00e4sitlust. F\u00fc\u00fcsilistest vaevustest esineb k\u00f5ige sagedamini valu, v\u00e4simust\/j\u00f5uetust, turseid, labak\u00e4te-jalgade tuimust, paresteesiaid (naha tundlikkuse h\u00e4ireid), tasakaaluh\u00e4ireid. V\u00e4ikevaagna piirkonna v\u00e4higa patsientidel esineb p\u00f5ie- ja\/v\u00f5i soolepidamatust, seksuaalfunktsiooni h\u00e4ireid. Pea- ja kaelapiirkonna kasvaja korral v\u00f5ivad tekkida k\u00f5ne- ja neelamish\u00e4ired. Samuti esineb v\u00e4hipatsientidel m\u00e4lu- ja keskendumish\u00e4ireid ning meeleoluh\u00e4ireid. Taastusravis keskendutakse funktsioonih\u00e4ire taastamisele ja kompenseerimisele, \u00f5petades igap\u00e4evaste tegevustega toime tulema kohandatud tegevusmustrit v\u00f5i abivahendeid kasutades. Suur osa raviajast kulub n\u00f5ustamisele ja \u00f5petusele, kuidas kohaneda haiguse ja selle t\u00fcsistustega.&nbsp;<\/p>\n\n\n\n<div class=\"wp-block-media-text alignwide is-stacked-on-mobile is-vertically-aligned-top is-image-fill\"><figure class=\"wp-block-media-text__media\" style=\"background-image:url(https:\/\/www.kliinikum.ee\/vahikeskus\/wp-content\/uploads\/2023\/05\/IMG_2187-683x1024.jpg);background-position:50% 50%\"><img loading=\"lazy\" decoding=\"async\" width=\"683\" height=\"1024\" src=\"https:\/\/www.kliinikum.ee\/vahikeskus\/wp-content\/uploads\/2023\/05\/IMG_2187-683x1024.jpg\" alt=\"\" class=\"wp-image-6306 size-large\" srcset=\"https:\/\/www.kliinikum.ee\/vahikeskus\/wp-content\/uploads\/2023\/05\/IMG_2187-683x1024.jpg 683w, https:\/\/www.kliinikum.ee\/vahikeskus\/wp-content\/uploads\/2023\/05\/IMG_2187-200x300.jpg 200w, https:\/\/www.kliinikum.ee\/vahikeskus\/wp-content\/uploads\/2023\/05\/IMG_2187-768x1152.jpg 768w, https:\/\/www.kliinikum.ee\/vahikeskus\/wp-content\/uploads\/2023\/05\/IMG_2187-1024x1536.jpg 1024w, https:\/\/www.kliinikum.ee\/vahikeskus\/wp-content\/uploads\/2023\/05\/IMG_2187-1365x2048.jpg 1365w, https:\/\/www.kliinikum.ee\/vahikeskus\/wp-content\/uploads\/2023\/05\/IMG_2187-scaled.jpg 1706w\" sizes=\"auto, (max-width: 683px) 100vw, 683px\" \/><\/figure><div class=\"wp-block-media-text__content\">\n<p>Vastavalt probleemi olemusele v\u00f5ib abi saada f\u00fcsioteraapiast (nt liigeste v\u00f5i kaela- ja seljapiirkonna liikuvuse h\u00e4ired, lihasj\u00f5udluse v\u00e4henemine, tasakaaluprobleemid, \u00fcldise kehalise v\u00f5imekuse v\u00e4henemine, p\u00fcsiv valu, abivahendite vajadus jt), tegevusteraapiast (k\u00e4te probleemid, abivahendite vajadus), ps\u00fchholoogilisest n\u00f5ustamisest ja ps\u00fchhoteraapiast (nt meeloluh\u00e4ired, \u00e4revus, keskendumisraskused, m\u00e4luh\u00e4ired), logopeedilisest teraapiast (k\u00f5neh\u00e4ired, neelamish\u00e4ired), l\u00fcmfiteraapiast (kasvajast v\u00f5i selle ravist tingitud l\u00fcmfiturse), vaagnap\u00f5hja f\u00fcsioteraapiast (uriinipidamatus, defekatsioonih\u00e4ired). <\/p>\n\n\n\n<p class=\"has-text-align-left\">Taastumist soodustavad tegevused (nt sobiv kehaline akiivsus ja treening) ja vajadusp\u00f5hine taastusravi peaksid olema osa v\u00e4hiravist ja raviteekonnast. Taastusravi on n\u00e4idustatud, kui haiguse v\u00f5i selle ravi k\u00e4igus on tekkinud funktsioonih\u00e4ired, mis piiravad iseseisvat f\u00fc\u00fcsilist ja\/v\u00f5i ps\u00fchhosotsiaalset toimetulekut, h\u00e4irivad igap\u00e4evategevusi ja \u00fcldist elukvaliteeti. T\u00e4htis on iga v\u00e4hipatsiendi puhul hinnata f\u00fc\u00fcsilist ja ps\u00fchhosotsiaalset funktsionaalset toimetulekut. Funktsionaalse hindamise tulemused aitavad eristada taastusravi vajadust peamiselt toetusravi\/palliatiivravi vajadusest. Arvesse tuleb v\u00f5tta taastumispotentsiaali ning &nbsp;taastusravi ei tohi p\u00f5hjustada \u00fclekoormust ega lisakannatusi. Kui funktsionaalne paranemine ei ole v\u00f5imalik, tuleb pakkuda parimat toetavat ravi. Onkoloogilist taastusravi v\u00f5ib vajadust m\u00f6\u00f6da alustada spetsiifilise ravi ajal v\u00f5i selle j\u00e4rel. Sageli p\u00fcsib vajadus onkoloogilise taastusravi j\u00e4tkamiseks aastaid p\u00e4rast v\u00e4hiravi l\u00f5ppemist.&nbsp;<\/p>\n\n\n\n<p>Tartu \u00dclikooli Kliinikumis on taastusravi v\u00f5imalik saada nii ambulatoorses kui statsionaarses taastusravi osakonnas. Ambulatoorses osakonnas on raviv\u00f5imaluste hulgas ka f\u00fcsioteraapia igap\u00e4evases keskkonnas ehk patsiendi kodus.&nbsp;<\/p>\n\n\n\n<p>Taastusravile saab suunata patsiendi v\u00e4hiraviarst (onkoloog, v\u00e4hikirurg) v\u00f5i perearst.&nbsp;<\/p>\n<\/div><\/div>\n\n\n\n<div style=\"height:43px\" aria-hidden=\"true\" class=\"wp-block-spacer\"><\/div>\n\n\n\n<div class=\"wp-block-columns is-layout-flex wp-container-core-columns-is-layout-28f84493 wp-block-columns-is-layout-flex\">\n<div class=\"wp-block-column is-layout-flow wp-block-column-is-layout-flow\" style=\"flex-basis:100%\">\n<div class=\"wp-block-columns is-layout-flex wp-container-core-columns-is-layout-28f84493 wp-block-columns-is-layout-flex\">\n<div class=\"wp-block-column is-layout-flow wp-block-column-is-layout-flow\" style=\"flex-basis:100%\">\n<div class=\"wp-block-columns is-layout-flex wp-container-core-columns-is-layout-28f84493 wp-block-columns-is-layout-flex\">\n<div class=\"wp-block-column is-layout-flow wp-block-column-is-layout-flow\" style=\"flex-basis:100%\">\t\t\t\t\t<div\n\t\t\t\t\t\tclass=\"wp-block-uagb-image-gallery uagb-block-3834b562     \"\n\t\t\t\t\t\tstyle=\"\"\n\t\t\t\t\t>\n\t\t\t\t\t\t\t\t\t\t\t<div class=\"spectra-image-gallery spectra-image-gallery__layout--carousel\">\n\t\t\t\t\t\t\t\t<div class=\"uagb-slick-carousel uagb-block-3834b562\">\n\t\t\t\t\t\t\t\t\t\t\t\t<div class='spectra-image-gallery__media-wrapper' data-spectra-gallery-image-id='7082'>\n\t\t\t\t\t\t\t<div class=\"spectra-image-gallery__media spectra-image-gallery__media--carousel\">\n\t\t\t\t<picture>\n\t\t\t\t\t<source media=\"(min-width: 1024px)\" srcset=\"https:\/\/www.kliinikum.ee\/vahikeskus\/wp-content\/uploads\/2023\/08\/IMG_8170-2-1024x683.jpg\">\n\t\t\t\t\t<source media=\"(min-width: 768px)\" srcset=\"https:\/\/www.kliinikum.ee\/vahikeskus\/wp-content\/uploads\/2023\/08\/IMG_8170-2-1024x683.jpg\">\n\t\t\t\t\t<img decoding=\"async\" class=\"spectra-image-gallery__media-thumbnail spectra-image-gallery__media-thumbnail--carousel\" src=\"https:\/\/www.kliinikum.ee\/vahikeskus\/wp-content\/uploads\/2023\/08\/IMG_8170-2-300x200.jpg\" alt=\"\" loading=\"lazy\" \/>\n\t\t\t\t<\/picture>\n\t\t\t\t<div class=\"spectra-image-gallery__media-thumbnail-blurrer\"><\/div>\n\t\t\t\t\t\t\t\t\t\t\t<div class=\"spectra-image-gallery__media-thumbnail-caption-wrapper spectra-image-gallery__media-thumbnail-caption-wrapper--overlay\">\n\t\t\t\t\t\t\t\t\t\t\t<div class=\"spectra-image-gallery__media-thumbnail-caption spectra-image-gallery__media-thumbnail-caption--overlay\">\n\t\t\t\t\tSpordimeditsiini ja taastusravi kliinik\t\t\t\t<\/div>\n\t\t\t\t\t\t\t\t\t\t<\/div>\n\t\t\t\t\t\t\t\t\t<\/div>\n\t\t\t\t\t\t<\/div>\n\t\t\t\t\t\t<div class='spectra-image-gallery__media-wrapper' data-spectra-gallery-image-id='7089'>\n\t\t\t\t\t\t\t<div class=\"spectra-image-gallery__media spectra-image-gallery__media--carousel\">\n\t\t\t\t<picture>\n\t\t\t\t\t<source media=\"(min-width: 1024px)\" srcset=\"https:\/\/www.kliinikum.ee\/vahikeskus\/wp-content\/uploads\/2023\/08\/IMG_8225-2-1024x683.jpg\">\n\t\t\t\t\t<source media=\"(min-width: 768px)\" srcset=\"https:\/\/www.kliinikum.ee\/vahikeskus\/wp-content\/uploads\/2023\/08\/IMG_8225-2-1024x683.jpg\">\n\t\t\t\t\t<img decoding=\"async\" class=\"spectra-image-gallery__media-thumbnail spectra-image-gallery__media-thumbnail--carousel\" src=\"https:\/\/www.kliinikum.ee\/vahikeskus\/wp-content\/uploads\/2023\/08\/IMG_8225-2-300x200.jpg\" alt=\"\" loading=\"lazy\" \/>\n\t\t\t\t<\/picture>\n\t\t\t\t<div class=\"spectra-image-gallery__media-thumbnail-blurrer\"><\/div>\n\t\t\t\t\t\t\t\t\t\t\t<div class=\"spectra-image-gallery__media-thumbnail-caption-wrapper spectra-image-gallery__media-thumbnail-caption-wrapper--overlay\">\n\t\t\t\t\t\t\t\t\t\t\t<div class=\"spectra-image-gallery__media-thumbnail-caption spectra-image-gallery__media-thumbnail-caption--overlay\">\n\t\t\t\t\tSpordimeditsiini ja taastusravi kliinik\t\t\t\t<\/div>\n\t\t\t\t\t\t\t\t\t\t<\/div>\n\t\t\t\t\t\t\t\t\t<\/div>\n\t\t\t\t\t\t<\/div>\n\t\t\t\t\t\t<div class='spectra-image-gallery__media-wrapper' data-spectra-gallery-image-id='7092'>\n\t\t\t\t\t\t\t<div class=\"spectra-image-gallery__media spectra-image-gallery__media--carousel\">\n\t\t\t\t<picture>\n\t\t\t\t\t<source media=\"(min-width: 1024px)\" srcset=\"https:\/\/www.kliinikum.ee\/vahikeskus\/wp-content\/uploads\/2023\/08\/IMG_8231-2-1024x683.jpg\">\n\t\t\t\t\t<source media=\"(min-width: 768px)\" srcset=\"https:\/\/www.kliinikum.ee\/vahikeskus\/wp-content\/uploads\/2023\/08\/IMG_8231-2-1024x683.jpg\">\n\t\t\t\t\t<img decoding=\"async\" class=\"spectra-image-gallery__media-thumbnail spectra-image-gallery__media-thumbnail--carousel\" src=\"https:\/\/www.kliinikum.ee\/vahikeskus\/wp-content\/uploads\/2023\/08\/IMG_8231-2-300x200.jpg\" alt=\"\" loading=\"lazy\" \/>\n\t\t\t\t<\/picture>\n\t\t\t\t<div class=\"spectra-image-gallery__media-thumbnail-blurrer\"><\/div>\n\t\t\t\t\t\t\t\t\t\t\t<div class=\"spectra-image-gallery__media-thumbnail-caption-wrapper spectra-image-gallery__media-thumbnail-caption-wrapper--overlay\">\n\t\t\t\t\t\t\t\t\t\t\t<div class=\"spectra-image-gallery__media-thumbnail-caption spectra-image-gallery__media-thumbnail-caption--overlay\">\n\t\t\t\t\tSpordimeditsiini ja taastusravi kliinik\t\t\t\t<\/div>\n\t\t\t\t\t\t\t\t\t\t<\/div>\n\t\t\t\t\t\t\t\t\t<\/div>\n\t\t\t\t\t\t<\/div>\n\t\t\t\t\t\t<div class='spectra-image-gallery__media-wrapper' data-spectra-gallery-image-id='7085'>\n\t\t\t\t\t\t\t<div class=\"spectra-image-gallery__media spectra-image-gallery__media--carousel\">\n\t\t\t\t<picture>\n\t\t\t\t\t<source media=\"(min-width: 1024px)\" srcset=\"https:\/\/www.kliinikum.ee\/vahikeskus\/wp-content\/uploads\/2023\/08\/IMG_8203-2-1024x683.jpg\">\n\t\t\t\t\t<source media=\"(min-width: 768px)\" srcset=\"https:\/\/www.kliinikum.ee\/vahikeskus\/wp-content\/uploads\/2023\/08\/IMG_8203-2-1024x683.jpg\">\n\t\t\t\t\t<img decoding=\"async\" class=\"spectra-image-gallery__media-thumbnail spectra-image-gallery__media-thumbnail--carousel\" src=\"https:\/\/www.kliinikum.ee\/vahikeskus\/wp-content\/uploads\/2023\/08\/IMG_8203-2-300x200.jpg\" alt=\"\" loading=\"lazy\" \/>\n\t\t\t\t<\/picture>\n\t\t\t\t<div class=\"spectra-image-gallery__media-thumbnail-blurrer\"><\/div>\n\t\t\t\t\t\t\t\t\t\t\t<div class=\"spectra-image-gallery__media-thumbnail-caption-wrapper spectra-image-gallery__media-thumbnail-caption-wrapper--overlay\">\n\t\t\t\t\t\t\t\t\t\t\t<div class=\"spectra-image-gallery__media-thumbnail-caption spectra-image-gallery__media-thumbnail-caption--overlay\">\n\t\t\t\t\tSpordimeditsiini ja taastusravi kliinik\t\t\t\t<\/div>\n\t\t\t\t\t\t\t\t\t\t<\/div>\n\t\t\t\t\t\t\t\t\t<\/div>\n\t\t\t\t\t\t<\/div>\n\t\t\t\t\t\t<div class='spectra-image-gallery__media-wrapper' data-spectra-gallery-image-id='7079'>\n\t\t\t\t\t\t\t<div class=\"spectra-image-gallery__media spectra-image-gallery__media--carousel\">\n\t\t\t\t<picture>\n\t\t\t\t\t<source media=\"(min-width: 1024px)\" srcset=\"https:\/\/www.kliinikum.ee\/vahikeskus\/wp-content\/uploads\/2023\/08\/IMG_3470-1024x683.jpg\">\n\t\t\t\t\t<source media=\"(min-width: 768px)\" srcset=\"https:\/\/www.kliinikum.ee\/vahikeskus\/wp-content\/uploads\/2023\/08\/IMG_3470-1024x683.jpg\">\n\t\t\t\t\t<img decoding=\"async\" class=\"spectra-image-gallery__media-thumbnail spectra-image-gallery__media-thumbnail--carousel\" src=\"https:\/\/www.kliinikum.ee\/vahikeskus\/wp-content\/uploads\/2023\/08\/IMG_3470-300x200.jpg\" alt=\"\" loading=\"lazy\" \/>\n\t\t\t\t<\/picture>\n\t\t\t\t<div class=\"spectra-image-gallery__media-thumbnail-blurrer\"><\/div>\n\t\t\t\t\t\t\t\t\t\t\t<div class=\"spectra-image-gallery__media-thumbnail-caption-wrapper spectra-image-gallery__media-thumbnail-caption-wrapper--overlay\">\n\t\t\t\t\t\t\t\t\t\t\t<div class=\"spectra-image-gallery__media-thumbnail-caption spectra-image-gallery__media-thumbnail-caption--overlay\">\n\t\t\t\t\tSpordimeditsiini ja taastusravi kliinik\t\t\t\t<\/div>\n\t\t\t\t\t\t\t\t\t\t<\/div>\n\t\t\t\t\t\t\t\t\t<\/div>\n\t\t\t\t\t\t<\/div>\n\t\t\t\t\t\t\t\t\t\t\t<\/div>\n\t\t\t\t\t\t\t<\/div>\n\t\t\t\t\t\t\t\t\t\t\t<\/div>\n\t\t\t\t\t\t\t\t\t<\/div>\n<\/div>\n<\/div>\n<\/div>\n<\/div>\n<\/div>\n\n\n\n<div class=\"wp-block-uagb-buttons uagb-buttons__outer-wrap uagb-btn__default-btn uagb-btn-tablet__default-btn uagb-btn-mobile__default-btn uagb-block-832435b8\"><div class=\"uagb-buttons__wrap uagb-buttons-layout-wrap\">\n<div class=\"wp-block-uagb-buttons-child uagb-buttons__outer-wrap uagb-block-f4ef6ad7 wp-block-button is-style-outline\"><div class=\"uagb-button__wrapper\"><a class=\"uagb-buttons-repeater wp-block-button__link has-background has-text-color\" href=\"https:\/\/www.kliinikum.ee\/taastusravi\/et\/\" onclick=\"return true;\" rel=\"follow noopener\" target=\"_blank\"><div class=\"uagb-button__link\">Spordimeditsiini ja taastusravi kliinik<\/div><\/a><\/div><\/div>\n<\/div><\/div>\n","protected":false},"excerpt":{"rendered":"<p>T\u00e4nu v\u00e4hiravi t\u00f5hustumisele ja elulemuse paranemisele k\u00e4sitletakse v\u00e4hki paljudel juhtudel kui kroonilist haigust v\u00f5i terviseolukorda, mille puhul v\u00f5ib pikema aja v\u00e4ltel vajada haiguse v\u00f5i selle ravi tagaj\u00e4rjel tekkinud vaevuste leevendamiseks toetavat ja taastavat ravi ning mitmete spetsialistide k\u00e4sitlust. F\u00fc\u00fcsilistest vaevustest esineb k\u00f5ige sagedamini valu, v\u00e4simust\/j\u00f5uetust, turseid, labak\u00e4te-jalgade tuimust, paresteesiaid (naha tundlikkuse h\u00e4ireid), tasakaaluh\u00e4ireid. V\u00e4ikevaagna piirkonna [&hellip;]<\/p>\n","protected":false},"author":32,"featured_media":0,"parent":5914,"menu_order":5,"comment_status":"closed","ping_status":"closed","template":"","meta":{"_acf_changed":false,"_uag_custom_page_level_css":"","footnotes":""},"class_list":["post-6025","page","type-page","status-publish","hentry"],"acf":[],"yoast_head":"<!-- This site is optimized with the Yoast SEO plugin v27.3 - https:\/\/yoast.com\/product\/yoast-seo-wordpress\/ -->\n<title>Taastusravi - V\u00e4hikeskus<\/title>\n<meta name=\"description\" content=\"Taastusravis keskendutakse funktsioonih\u00e4ire taastamisele ja kompenseerimisele, \u00f5petades igap\u00e4evaste tegevustega toime tulema.\" \/>\n<meta name=\"robots\" content=\"index, follow, max-snippet:-1, max-image-preview:large, max-video-preview:-1\" \/>\n<link rel=\"canonical\" href=\"https:\/\/www.kliinikum.ee\/vahikeskus\/patsiendile\/ravi\/taastusravi\/\" \/>\n<meta property=\"og:locale\" content=\"et_EE\" \/>\n<meta property=\"og:type\" content=\"article\" \/>\n<meta property=\"og:title\" content=\"Taastusravi - V\u00e4hikeskus\" \/>\n<meta property=\"og:description\" content=\"Taastusravis keskendutakse funktsioonih\u00e4ire taastamisele ja kompenseerimisele, \u00f5petades igap\u00e4evaste tegevustega toime tulema.\" \/>\n<meta property=\"og:url\" content=\"https:\/\/www.kliinikum.ee\/vahikeskus\/patsiendile\/ravi\/taastusravi\/\" \/>\n<meta property=\"og:site_name\" content=\"V\u00e4hikeskus\" \/>\n<meta property=\"article:modified_time\" content=\"2023-08-04T11:16:40+00:00\" \/>\n<meta property=\"og:image\" content=\"https:\/\/www.kliinikum.ee\/vahikeskus\/wp-content\/uploads\/2023\/05\/IMG_2187-683x1024.jpg\" \/>\n<meta name=\"twitter:card\" content=\"summary_large_image\" \/>\n<meta name=\"twitter:label1\" content=\"Est. reading time\" \/>\n\t<meta name=\"twitter:data1\" content=\"2 minutit\" \/>\n<script type=\"application\/ld+json\" class=\"yoast-schema-graph\">{\"@context\":\"https:\\\/\\\/schema.org\",\"@graph\":[{\"@type\":\"WebPage\",\"@id\":\"https:\\\/\\\/www.kliinikum.ee\\\/vahikeskus\\\/patsiendile\\\/ravi\\\/taastusravi\\\/\",\"url\":\"https:\\\/\\\/www.kliinikum.ee\\\/vahikeskus\\\/patsiendile\\\/ravi\\\/taastusravi\\\/\",\"name\":\"Taastusravi - V\u00e4hikeskus\",\"isPartOf\":{\"@id\":\"https:\\\/\\\/www.kliinikum.ee\\\/vahikeskus\\\/#website\"},\"primaryImageOfPage\":{\"@id\":\"https:\\\/\\\/www.kliinikum.ee\\\/vahikeskus\\\/patsiendile\\\/ravi\\\/taastusravi\\\/#primaryimage\"},\"image\":{\"@id\":\"https:\\\/\\\/www.kliinikum.ee\\\/vahikeskus\\\/patsiendile\\\/ravi\\\/taastusravi\\\/#primaryimage\"},\"thumbnailUrl\":\"https:\\\/\\\/www.kliinikum.ee\\\/vahikeskus\\\/wp-content\\\/uploads\\\/2023\\\/05\\\/IMG_2187-683x1024.jpg\",\"datePublished\":\"2023-04-06T06:30:47+00:00\",\"dateModified\":\"2023-08-04T11:16:40+00:00\",\"description\":\"Taastusravis keskendutakse funktsioonih\u00e4ire taastamisele ja kompenseerimisele, \u00f5petades igap\u00e4evaste tegevustega toime tulema.\",\"breadcrumb\":{\"@id\":\"https:\\\/\\\/www.kliinikum.ee\\\/vahikeskus\\\/patsiendile\\\/ravi\\\/taastusravi\\\/#breadcrumb\"},\"inLanguage\":\"et\",\"potentialAction\":[{\"@type\":\"ReadAction\",\"target\":[\"https:\\\/\\\/www.kliinikum.ee\\\/vahikeskus\\\/patsiendile\\\/ravi\\\/taastusravi\\\/\"]}]},{\"@type\":\"ImageObject\",\"inLanguage\":\"et\",\"@id\":\"https:\\\/\\\/www.kliinikum.ee\\\/vahikeskus\\\/patsiendile\\\/ravi\\\/taastusravi\\\/#primaryimage\",\"url\":\"https:\\\/\\\/www.kliinikum.ee\\\/vahikeskus\\\/wp-content\\\/uploads\\\/2023\\\/05\\\/IMG_2187-scaled.jpg\",\"contentUrl\":\"https:\\\/\\\/www.kliinikum.ee\\\/vahikeskus\\\/wp-content\\\/uploads\\\/2023\\\/05\\\/IMG_2187-scaled.jpg\",\"width\":1706,\"height\":2560},{\"@type\":\"BreadcrumbList\",\"@id\":\"https:\\\/\\\/www.kliinikum.ee\\\/vahikeskus\\\/patsiendile\\\/ravi\\\/taastusravi\\\/#breadcrumb\",\"itemListElement\":[{\"@type\":\"ListItem\",\"position\":1,\"name\":\"Home\",\"item\":\"https:\\\/\\\/www.kliinikum.ee\\\/vahikeskus\\\/\"},{\"@type\":\"ListItem\",\"position\":2,\"name\":\"Patsiendile\",\"item\":\"https:\\\/\\\/www.kliinikum.ee\\\/vahikeskus\\\/patsiendile\\\/\"},{\"@type\":\"ListItem\",\"position\":3,\"name\":\"Ravi\",\"item\":\"https:\\\/\\\/www.kliinikum.ee\\\/vahikeskus\\\/patsiendile\\\/ravi\\\/\"},{\"@type\":\"ListItem\",\"position\":4,\"name\":\"Taastusravi\"}]},{\"@type\":\"WebSite\",\"@id\":\"https:\\\/\\\/www.kliinikum.ee\\\/vahikeskus\\\/#website\",\"url\":\"https:\\\/\\\/www.kliinikum.ee\\\/vahikeskus\\\/\",\"name\":\"V\u00e4hikeskus\",\"description\":\"Hoolivus, Uuendusmeelsus, P\u00e4devus ja Usaldusv\u00e4\u00e4rsus\",\"potentialAction\":[{\"@type\":\"SearchAction\",\"target\":{\"@type\":\"EntryPoint\",\"urlTemplate\":\"https:\\\/\\\/www.kliinikum.ee\\\/vahikeskus\\\/?s={search_term_string}\"},\"query-input\":{\"@type\":\"PropertyValueSpecification\",\"valueRequired\":true,\"valueName\":\"search_term_string\"}}],\"inLanguage\":\"et\"}]}<\/script>\n<!-- \/ Yoast SEO plugin. -->","yoast_head_json":{"title":"Taastusravi - V\u00e4hikeskus","description":"Taastusravis keskendutakse funktsioonih\u00e4ire taastamisele ja kompenseerimisele, \u00f5petades igap\u00e4evaste tegevustega toime tulema.","robots":{"index":"index","follow":"follow","max-snippet":"max-snippet:-1","max-image-preview":"max-image-preview:large","max-video-preview":"max-video-preview:-1"},"canonical":"https:\/\/www.kliinikum.ee\/vahikeskus\/patsiendile\/ravi\/taastusravi\/","og_locale":"et_EE","og_type":"article","og_title":"Taastusravi - V\u00e4hikeskus","og_description":"Taastusravis keskendutakse funktsioonih\u00e4ire taastamisele ja kompenseerimisele, \u00f5petades igap\u00e4evaste tegevustega toime tulema.","og_url":"https:\/\/www.kliinikum.ee\/vahikeskus\/patsiendile\/ravi\/taastusravi\/","og_site_name":"V\u00e4hikeskus","article_modified_time":"2023-08-04T11:16:40+00:00","og_image":[{"url":"https:\/\/www.kliinikum.ee\/vahikeskus\/wp-content\/uploads\/2023\/05\/IMG_2187-683x1024.jpg","type":"","width":"","height":""}],"twitter_card":"summary_large_image","twitter_misc":{"Est. reading time":"2 minutit"},"schema":{"@context":"https:\/\/schema.org","@graph":[{"@type":"WebPage","@id":"https:\/\/www.kliinikum.ee\/vahikeskus\/patsiendile\/ravi\/taastusravi\/","url":"https:\/\/www.kliinikum.ee\/vahikeskus\/patsiendile\/ravi\/taastusravi\/","name":"Taastusravi - V\u00e4hikeskus","isPartOf":{"@id":"https:\/\/www.kliinikum.ee\/vahikeskus\/#website"},"primaryImageOfPage":{"@id":"https:\/\/www.kliinikum.ee\/vahikeskus\/patsiendile\/ravi\/taastusravi\/#primaryimage"},"image":{"@id":"https:\/\/www.kliinikum.ee\/vahikeskus\/patsiendile\/ravi\/taastusravi\/#primaryimage"},"thumbnailUrl":"https:\/\/www.kliinikum.ee\/vahikeskus\/wp-content\/uploads\/2023\/05\/IMG_2187-683x1024.jpg","datePublished":"2023-04-06T06:30:47+00:00","dateModified":"2023-08-04T11:16:40+00:00","description":"Taastusravis keskendutakse funktsioonih\u00e4ire taastamisele ja kompenseerimisele, \u00f5petades igap\u00e4evaste tegevustega toime tulema.","breadcrumb":{"@id":"https:\/\/www.kliinikum.ee\/vahikeskus\/patsiendile\/ravi\/taastusravi\/#breadcrumb"},"inLanguage":"et","potentialAction":[{"@type":"ReadAction","target":["https:\/\/www.kliinikum.ee\/vahikeskus\/patsiendile\/ravi\/taastusravi\/"]}]},{"@type":"ImageObject","inLanguage":"et","@id":"https:\/\/www.kliinikum.ee\/vahikeskus\/patsiendile\/ravi\/taastusravi\/#primaryimage","url":"https:\/\/www.kliinikum.ee\/vahikeskus\/wp-content\/uploads\/2023\/05\/IMG_2187-scaled.jpg","contentUrl":"https:\/\/www.kliinikum.ee\/vahikeskus\/wp-content\/uploads\/2023\/05\/IMG_2187-scaled.jpg","width":1706,"height":2560},{"@type":"BreadcrumbList","@id":"https:\/\/www.kliinikum.ee\/vahikeskus\/patsiendile\/ravi\/taastusravi\/#breadcrumb","itemListElement":[{"@type":"ListItem","position":1,"name":"Home","item":"https:\/\/www.kliinikum.ee\/vahikeskus\/"},{"@type":"ListItem","position":2,"name":"Patsiendile","item":"https:\/\/www.kliinikum.ee\/vahikeskus\/patsiendile\/"},{"@type":"ListItem","position":3,"name":"Ravi","item":"https:\/\/www.kliinikum.ee\/vahikeskus\/patsiendile\/ravi\/"},{"@type":"ListItem","position":4,"name":"Taastusravi"}]},{"@type":"WebSite","@id":"https:\/\/www.kliinikum.ee\/vahikeskus\/#website","url":"https:\/\/www.kliinikum.ee\/vahikeskus\/","name":"V\u00e4hikeskus","description":"Hoolivus, Uuendusmeelsus, P\u00e4devus ja Usaldusv\u00e4\u00e4rsus","potentialAction":[{"@type":"SearchAction","target":{"@type":"EntryPoint","urlTemplate":"https:\/\/www.kliinikum.ee\/vahikeskus\/?s={search_term_string}"},"query-input":{"@type":"PropertyValueSpecification","valueRequired":true,"valueName":"search_term_string"}}],"inLanguage":"et"}]}},"uagb_featured_image_src":{"full":false,"thumbnail":false,"medium":false,"medium_large":false,"large":false,"1536x1536":false,"2048x2048":false},"uagb_author_info":{"display_name":"Siret Kivistik","author_link":"https:\/\/www.kliinikum.ee\/vahikeskus\/author\/siretk\/"},"uagb_comment_info":0,"uagb_excerpt":"T\u00e4nu v\u00e4hiravi t\u00f5hustumisele ja elulemuse paranemisele k\u00e4sitletakse v\u00e4hki paljudel juhtudel kui kroonilist haigust v\u00f5i terviseolukorda, mille puhul v\u00f5ib pikema aja v\u00e4ltel vajada haiguse v\u00f5i selle ravi tagaj\u00e4rjel tekkinud vaevuste leevendamiseks toetavat ja taastavat ravi ning mitmete spetsialistide k\u00e4sitlust. F\u00fc\u00fcsilistest vaevustest esineb k\u00f5ige sagedamini valu, v\u00e4simust\/j\u00f5uetust, turseid, labak\u00e4te-jalgade tuimust, paresteesiaid (naha tundlikkuse h\u00e4ireid), tasakaaluh\u00e4ireid. V\u00e4ikevaagna piirkonna&hellip;","_links":{"self":[{"href":"https:\/\/www.kliinikum.ee\/vahikeskus\/wp-json\/wp\/v2\/pages\/6025","targetHints":{"allow":["GET"]}}],"collection":[{"href":"https:\/\/www.kliinikum.ee\/vahikeskus\/wp-json\/wp\/v2\/pages"}],"about":[{"href":"https:\/\/www.kliinikum.ee\/vahikeskus\/wp-json\/wp\/v2\/types\/page"}],"author":[{"embeddable":true,"href":"https:\/\/www.kliinikum.ee\/vahikeskus\/wp-json\/wp\/v2\/users\/32"}],"replies":[{"embeddable":true,"href":"https:\/\/www.kliinikum.ee\/vahikeskus\/wp-json\/wp\/v2\/comments?post=6025"}],"version-history":[{"count":0,"href":"https:\/\/www.kliinikum.ee\/vahikeskus\/wp-json\/wp\/v2\/pages\/6025\/revisions"}],"up":[{"embeddable":true,"href":"https:\/\/www.kliinikum.ee\/vahikeskus\/wp-json\/wp\/v2\/pages\/5914"}],"wp:attachment":[{"href":"https:\/\/www.kliinikum.ee\/vahikeskus\/wp-json\/wp\/v2\/media?parent=6025"}],"curies":[{"name":"wp","href":"https:\/\/api.w.org\/{rel}","templated":true}]}}