{"id":6090,"date":"2023-04-06T14:47:47","date_gmt":"2023-04-06T12:47:47","guid":{"rendered":"https:\/\/www.kliinikum.ee\/vahikeskus\/?page_id=6090"},"modified":"2025-03-10T13:02:43","modified_gmt":"2025-03-10T11:02:43","slug":"tooealisele","status":"publish","type":"page","link":"https:\/\/www.kliinikum.ee\/vahikeskus\/patsiendile\/vahiga-toimetulek\/tooealisele\/","title":{"rendered":"T\u00f6\u00f6ealisele"},"content":{"rendered":"\n<p>Keeruline v\u00f5ib olla otsustada, kas j\u00e4tkata v\u00e4hiravi ajal t\u00f6\u00f6tamist. Te v\u00f5ite olla sunnitud t\u00f6\u00f6tamist majandusliku olukorra t\u00f5ttu j\u00e4tkama, samamoodi v\u00f5ib p\u00f5hjuseks olla soov t\u00e4helepanu haiguselt ja ravilt k\u00f5rvale juhtida. Mis iganes p\u00f5hjusel t\u00f6\u00f6tamist j\u00e4tkate, s\u00f5ltub t\u00f6\u00f6v\u00f5ime Teie terviseseisundist, ravist, ametist ja t\u00f6\u00f6kohast. Keeruline on ka otsustada kui palju t\u00f6\u00f6andja ja kolleegidega jagada. See on Teie otsus aga teadke, et t\u00f6\u00f6andjal ei ole \u00f5igust teada Teie terviseandmeid (diagnoosi, ravi jne), k\u00fcll aga on tal \u00f5igus teada, milliseid t\u00f6\u00f6\u00fclesandeid Te suudate v\u00f5i ei suuda t\u00e4ita. Heas koost\u00f6\u00f6s on v\u00f5imalik leida paindlikud variandid ja kohandused t\u00f6\u00f6\u00fclesannete osas, et soovi korral kas osaliselt v\u00f5i t\u00e4iskoormusega t\u00f6\u00f6tamist j\u00e4tkata. Sama kehtib olukorras kui olete olnud pikalt t\u00f6\u00f6lt eemal, kuid soovite t\u00f6\u00f6le naasta \u2013 ka sel juhul on t\u00f5en\u00e4oliselt vaja koormust t\u00f5sta j\u00e4rk-j\u00e4rgult ning teha kohandusi terviseseisundist l\u00e4htuvalt. Vajadusel k\u00fcsige piirangute osas n\u00f5u v\u00e4hiravi v\u00f5i t\u00f6\u00f6tervishoiu spetsialistidelt. T\u00f6\u00f6le naasmine peab olema Teie jaoks ohutu, samas on t\u00f6\u00f6l n-\u00f6 ravitoime ehk \u00f5igesti doseeritud vaimne ja f\u00fc\u00fcsiline t\u00f6\u00f6koormus aitab paranemisele kaasa.&nbsp;<\/p>\n\n\n\n<p>Alates 2024. aastast tohib pikaajalisel haiguslehel olev inimene alates 61. p\u00e4evast haiguslehe ajal t\u00f6\u00f6tada, juhul kui ta on selleks valmis ning n\u00f5us on ka tema raviarst ja t\u00f6\u00f6andja. T<a href=\"https:\/\/www.tootukassa.ee\/et\/teenused\/too-ja-tervis\/pikaajaline-haigusleht\">\u00f6\u00f6tukassa pakub pikaajalisel haiguslehel t\u00f6\u00f6tavatele inimestele toetavaid teenuseid<\/a>.<\/p>\n\n\n\n<p>Lisaks on kuulatav seda teemat k\u00e4sitlev Onkoloogika kogukonna <a href=\"https:\/\/tasku.delfi.ee\/podcast\/90d55ca9-bacc-48e3-81ef-bad530a41404\">podcasti <\/a>osa<\/p>\n\n\n\n<div class=\"wp-block-uagb-advanced-heading uagb-block-dff96201\"><h2 class=\"uagb-heading-text\">Toetavad teenused T\u00f6\u00f6tukassalt&nbsp;<\/h2><\/div>\n\n\n\n<p>Koost\u00f6\u00f6s T\u00f6\u00f6tukassaga on v\u00f5imalik leida haiguse erinevates etappides sobivaid lahendusi.&nbsp;&nbsp;&nbsp;<\/p>\n\n\n\n<p>Kui on selge, et&nbsp; taastumine v\u00f5tab kauem aega, siis tasub koos raviarstiga l\u00e4bi m\u00f5elda, kas on vaja hinnata t\u00f6\u00f6v\u00f5imet, kus v\u00f5etakse arvesse terviseseisundit ning sellest tulenevaid tegutsemise ja osaluse piiranguid. <a href=\"https:\/\/www.tootukassa.ee\/et\/vahenenud-toovoime\/toovoime-hindamine\" target=\"_blank\" rel=\"noreferrer noopener\">T\u00f6\u00f6tukassa hindab t\u00f6\u00f6v\u00f5imet ning maksab osalise ja puuduva t\u00f6\u00f6v\u00f5ime korral t\u00f6\u00f6v\u00f5imetoetust<\/a>. Lisaks pakutakse <a href=\"https:\/\/www.tootukassa.ee\/et\/teenused\/vahenenud-toovoimega-inimestele\" target=\"_blank\" rel=\"noreferrer noopener\">v\u00e4henenud t\u00f6\u00f6v\u00f5imega inimestele m\u00f5eldud teenuseid<\/a>. &nbsp;&nbsp;<\/p>\n\n\n\n<p>Kui selgub, et Te ei soovi v\u00f5i ei saa enam varasemal t\u00f6\u00f6kohal j\u00e4tkata, siis on v\u00f5imalik <a href=\"https:\/\/www.tootukassa.ee\/et\/karjaarikujundajale\/karjaarikujundamine\" target=\"_blank\" rel=\"noreferrer noopener\">karj\u00e4\u00e4rin\u00f5ustamise<\/a> abil leida endale sobivam t\u00f6\u00f6 v\u00f5i \u00f5ppida selgeks p\u00e4ris uus t\u00f6\u00f6valdkond. &nbsp;&nbsp;<\/p>\n\n\n\n<p>Kui j\u00e4tkate samal t\u00f6\u00f6kohal, kuid Teil on keeruline oma tervisemuresid t\u00f6\u00f6kaaslastega jagada, siis pakub t\u00f6\u00f6tukassa terviseprobleemiga inimese <a href=\"https:\/\/www.tootukassa.ee\/et\/vahenenud-toovoimega-inimese-tootamise-toetamine\" target=\"_blank\" rel=\"noreferrer noopener\">t\u00f6\u00f6andjale n\u00f5ustamise teenust<\/a>, kus n\u00f5ustamise ja teavitusteenuse raames saab t\u00f6\u00f6andja ja tema meeskond \u00fclevaate, kuidas t\u00f6\u00f6keskkonnas erinevate terviseprobleemidega v\u00f5i erivajadusega inimesi paremini toetada. &nbsp;&nbsp;<\/p>\n\n\n\n<p>Kui olete aga t\u00f6\u00f6suhte l\u00f5petanud, siis tasub kindlasti ennast t\u00f6\u00f6tuna arvele v\u00f5tta, sest nii olete ravikindlustatud ja saate tuge taastumisel ja <a href=\"https:\/\/www.tootukassa.ee\/et\/teenused\/toootsingud\" target=\"_blank\" rel=\"noreferrer noopener\">vajadusel uue t\u00f6\u00f6 leidmisel<\/a>.&nbsp;&nbsp;<\/p>\n\n\n\n<p>Kui Teil on t\u00f6\u00f6tukassa abi ja tuge vaja,&nbsp;siis p\u00f6\u00f6rduge julgelt n\u00f5ustajate poole ja <a href=\"https:\/\/www.tootukassa.ee\/et\" target=\"_blank\" rel=\"noreferrer noopener\">tutvuge pakutavate v\u00f5imalustega<\/a>.&nbsp;<\/p>\n","protected":false},"excerpt":{"rendered":"<p>Keeruline v\u00f5ib olla otsustada, kas j\u00e4tkata v\u00e4hiravi ajal t\u00f6\u00f6tamist. Te v\u00f5ite olla sunnitud t\u00f6\u00f6tamist majandusliku olukorra t\u00f5ttu j\u00e4tkama, samamoodi v\u00f5ib p\u00f5hjuseks olla soov t\u00e4helepanu haiguselt ja ravilt k\u00f5rvale juhtida. Mis iganes p\u00f5hjusel t\u00f6\u00f6tamist j\u00e4tkate, s\u00f5ltub t\u00f6\u00f6v\u00f5ime Teie terviseseisundist, ravist, ametist ja t\u00f6\u00f6kohast. Keeruline on ka otsustada kui palju t\u00f6\u00f6andja ja kolleegidega jagada. See on Teie [&hellip;]<\/p>\n","protected":false},"author":33,"featured_media":0,"parent":5918,"menu_order":0,"comment_status":"closed","ping_status":"closed","template":"","meta":{"_acf_changed":false,"_uag_custom_page_level_css":"","footnotes":""},"class_list":["post-6090","page","type-page","status-publish","hentry"],"acf":[],"yoast_head":"<!-- This site is optimized with the Yoast SEO plugin v27.3 - https:\/\/yoast.com\/product\/yoast-seo-wordpress\/ -->\n<title>T\u00f6\u00f6ealisele - V\u00e4hikeskus<\/title>\n<meta name=\"description\" content=\"T\u00f6\u00f6v\u00f5ime s\u00f5ltub terviseseisundist, ravist, ametist ja t\u00f6\u00f6kohast.\" \/>\n<meta name=\"robots\" content=\"index, follow, max-snippet:-1, max-image-preview:large, max-video-preview:-1\" \/>\n<link rel=\"canonical\" href=\"https:\/\/www.kliinikum.ee\/vahikeskus\/patsiendile\/vahiga-toimetulek\/tooealisele\/\" \/>\n<meta property=\"og:locale\" content=\"et_EE\" \/>\n<meta property=\"og:type\" content=\"article\" \/>\n<meta property=\"og:title\" content=\"T\u00f6\u00f6ealisele - V\u00e4hikeskus\" \/>\n<meta property=\"og:description\" content=\"T\u00f6\u00f6v\u00f5ime s\u00f5ltub terviseseisundist, ravist, ametist ja t\u00f6\u00f6kohast.\" \/>\n<meta property=\"og:url\" content=\"https:\/\/www.kliinikum.ee\/vahikeskus\/patsiendile\/vahiga-toimetulek\/tooealisele\/\" \/>\n<meta property=\"og:site_name\" content=\"V\u00e4hikeskus\" \/>\n<meta property=\"article:modified_time\" content=\"2025-03-10T11:02:43+00:00\" \/>\n<meta name=\"twitter:card\" content=\"summary_large_image\" \/>\n<meta name=\"twitter:label1\" content=\"Est. reading time\" \/>\n\t<meta name=\"twitter:data1\" content=\"3 minutit\" \/>\n<script type=\"application\/ld+json\" class=\"yoast-schema-graph\">{\"@context\":\"https:\\\/\\\/schema.org\",\"@graph\":[{\"@type\":\"WebPage\",\"@id\":\"https:\\\/\\\/www.kliinikum.ee\\\/vahikeskus\\\/patsiendile\\\/vahiga-toimetulek\\\/tooealisele\\\/\",\"url\":\"https:\\\/\\\/www.kliinikum.ee\\\/vahikeskus\\\/patsiendile\\\/vahiga-toimetulek\\\/tooealisele\\\/\",\"name\":\"T\u00f6\u00f6ealisele - V\u00e4hikeskus\",\"isPartOf\":{\"@id\":\"https:\\\/\\\/www.kliinikum.ee\\\/vahikeskus\\\/#website\"},\"datePublished\":\"2023-04-06T12:47:47+00:00\",\"dateModified\":\"2025-03-10T11:02:43+00:00\",\"description\":\"T\u00f6\u00f6v\u00f5ime s\u00f5ltub terviseseisundist, ravist, ametist ja t\u00f6\u00f6kohast.\",\"breadcrumb\":{\"@id\":\"https:\\\/\\\/www.kliinikum.ee\\\/vahikeskus\\\/patsiendile\\\/vahiga-toimetulek\\\/tooealisele\\\/#breadcrumb\"},\"inLanguage\":\"et\",\"potentialAction\":[{\"@type\":\"ReadAction\",\"target\":[\"https:\\\/\\\/www.kliinikum.ee\\\/vahikeskus\\\/patsiendile\\\/vahiga-toimetulek\\\/tooealisele\\\/\"]}]},{\"@type\":\"BreadcrumbList\",\"@id\":\"https:\\\/\\\/www.kliinikum.ee\\\/vahikeskus\\\/patsiendile\\\/vahiga-toimetulek\\\/tooealisele\\\/#breadcrumb\",\"itemListElement\":[{\"@type\":\"ListItem\",\"position\":1,\"name\":\"Home\",\"item\":\"https:\\\/\\\/www.kliinikum.ee\\\/vahikeskus\\\/\"},{\"@type\":\"ListItem\",\"position\":2,\"name\":\"Patsiendile\",\"item\":\"https:\\\/\\\/www.kliinikum.ee\\\/vahikeskus\\\/patsiendile\\\/\"},{\"@type\":\"ListItem\",\"position\":3,\"name\":\"V\u00e4higa toimetulek\",\"item\":\"https:\\\/\\\/www.kliinikum.ee\\\/vahikeskus\\\/patsiendile\\\/vahiga-toimetulek\\\/\"},{\"@type\":\"ListItem\",\"position\":4,\"name\":\"T\u00f6\u00f6ealisele\"}]},{\"@type\":\"WebSite\",\"@id\":\"https:\\\/\\\/www.kliinikum.ee\\\/vahikeskus\\\/#website\",\"url\":\"https:\\\/\\\/www.kliinikum.ee\\\/vahikeskus\\\/\",\"name\":\"V\u00e4hikeskus\",\"description\":\"Hoolivus, Uuendusmeelsus, P\u00e4devus ja Usaldusv\u00e4\u00e4rsus\",\"potentialAction\":[{\"@type\":\"SearchAction\",\"target\":{\"@type\":\"EntryPoint\",\"urlTemplate\":\"https:\\\/\\\/www.kliinikum.ee\\\/vahikeskus\\\/?s={search_term_string}\"},\"query-input\":{\"@type\":\"PropertyValueSpecification\",\"valueRequired\":true,\"valueName\":\"search_term_string\"}}],\"inLanguage\":\"et\"}]}<\/script>\n<!-- \/ Yoast SEO plugin. -->","yoast_head_json":{"title":"T\u00f6\u00f6ealisele - V\u00e4hikeskus","description":"T\u00f6\u00f6v\u00f5ime s\u00f5ltub terviseseisundist, ravist, ametist ja t\u00f6\u00f6kohast.","robots":{"index":"index","follow":"follow","max-snippet":"max-snippet:-1","max-image-preview":"max-image-preview:large","max-video-preview":"max-video-preview:-1"},"canonical":"https:\/\/www.kliinikum.ee\/vahikeskus\/patsiendile\/vahiga-toimetulek\/tooealisele\/","og_locale":"et_EE","og_type":"article","og_title":"T\u00f6\u00f6ealisele - V\u00e4hikeskus","og_description":"T\u00f6\u00f6v\u00f5ime s\u00f5ltub terviseseisundist, ravist, ametist ja t\u00f6\u00f6kohast.","og_url":"https:\/\/www.kliinikum.ee\/vahikeskus\/patsiendile\/vahiga-toimetulek\/tooealisele\/","og_site_name":"V\u00e4hikeskus","article_modified_time":"2025-03-10T11:02:43+00:00","twitter_card":"summary_large_image","twitter_misc":{"Est. reading time":"3 minutit"},"schema":{"@context":"https:\/\/schema.org","@graph":[{"@type":"WebPage","@id":"https:\/\/www.kliinikum.ee\/vahikeskus\/patsiendile\/vahiga-toimetulek\/tooealisele\/","url":"https:\/\/www.kliinikum.ee\/vahikeskus\/patsiendile\/vahiga-toimetulek\/tooealisele\/","name":"T\u00f6\u00f6ealisele - V\u00e4hikeskus","isPartOf":{"@id":"https:\/\/www.kliinikum.ee\/vahikeskus\/#website"},"datePublished":"2023-04-06T12:47:47+00:00","dateModified":"2025-03-10T11:02:43+00:00","description":"T\u00f6\u00f6v\u00f5ime s\u00f5ltub terviseseisundist, ravist, ametist ja t\u00f6\u00f6kohast.","breadcrumb":{"@id":"https:\/\/www.kliinikum.ee\/vahikeskus\/patsiendile\/vahiga-toimetulek\/tooealisele\/#breadcrumb"},"inLanguage":"et","potentialAction":[{"@type":"ReadAction","target":["https:\/\/www.kliinikum.ee\/vahikeskus\/patsiendile\/vahiga-toimetulek\/tooealisele\/"]}]},{"@type":"BreadcrumbList","@id":"https:\/\/www.kliinikum.ee\/vahikeskus\/patsiendile\/vahiga-toimetulek\/tooealisele\/#breadcrumb","itemListElement":[{"@type":"ListItem","position":1,"name":"Home","item":"https:\/\/www.kliinikum.ee\/vahikeskus\/"},{"@type":"ListItem","position":2,"name":"Patsiendile","item":"https:\/\/www.kliinikum.ee\/vahikeskus\/patsiendile\/"},{"@type":"ListItem","position":3,"name":"V\u00e4higa toimetulek","item":"https:\/\/www.kliinikum.ee\/vahikeskus\/patsiendile\/vahiga-toimetulek\/"},{"@type":"ListItem","position":4,"name":"T\u00f6\u00f6ealisele"}]},{"@type":"WebSite","@id":"https:\/\/www.kliinikum.ee\/vahikeskus\/#website","url":"https:\/\/www.kliinikum.ee\/vahikeskus\/","name":"V\u00e4hikeskus","description":"Hoolivus, Uuendusmeelsus, P\u00e4devus ja Usaldusv\u00e4\u00e4rsus","potentialAction":[{"@type":"SearchAction","target":{"@type":"EntryPoint","urlTemplate":"https:\/\/www.kliinikum.ee\/vahikeskus\/?s={search_term_string}"},"query-input":{"@type":"PropertyValueSpecification","valueRequired":true,"valueName":"search_term_string"}}],"inLanguage":"et"}]}},"uagb_featured_image_src":{"full":false,"thumbnail":false,"medium":false,"medium_large":false,"large":false,"1536x1536":false,"2048x2048":false},"uagb_author_info":{"display_name":"Liina P\u00e4\u00e4bo","author_link":"https:\/\/www.kliinikum.ee\/vahikeskus\/author\/liinapa\/"},"uagb_comment_info":0,"uagb_excerpt":"Keeruline v\u00f5ib olla otsustada, kas j\u00e4tkata v\u00e4hiravi ajal t\u00f6\u00f6tamist. Te v\u00f5ite olla sunnitud t\u00f6\u00f6tamist majandusliku olukorra t\u00f5ttu j\u00e4tkama, samamoodi v\u00f5ib p\u00f5hjuseks olla soov t\u00e4helepanu haiguselt ja ravilt k\u00f5rvale juhtida. Mis iganes p\u00f5hjusel t\u00f6\u00f6tamist j\u00e4tkate, s\u00f5ltub t\u00f6\u00f6v\u00f5ime Teie terviseseisundist, ravist, ametist ja t\u00f6\u00f6kohast. Keeruline on ka otsustada kui palju t\u00f6\u00f6andja ja kolleegidega jagada. See on Teie&hellip;","_links":{"self":[{"href":"https:\/\/www.kliinikum.ee\/vahikeskus\/wp-json\/wp\/v2\/pages\/6090","targetHints":{"allow":["GET"]}}],"collection":[{"href":"https:\/\/www.kliinikum.ee\/vahikeskus\/wp-json\/wp\/v2\/pages"}],"about":[{"href":"https:\/\/www.kliinikum.ee\/vahikeskus\/wp-json\/wp\/v2\/types\/page"}],"author":[{"embeddable":true,"href":"https:\/\/www.kliinikum.ee\/vahikeskus\/wp-json\/wp\/v2\/users\/33"}],"replies":[{"embeddable":true,"href":"https:\/\/www.kliinikum.ee\/vahikeskus\/wp-json\/wp\/v2\/comments?post=6090"}],"version-history":[{"count":0,"href":"https:\/\/www.kliinikum.ee\/vahikeskus\/wp-json\/wp\/v2\/pages\/6090\/revisions"}],"up":[{"embeddable":true,"href":"https:\/\/www.kliinikum.ee\/vahikeskus\/wp-json\/wp\/v2\/pages\/5918"}],"wp:attachment":[{"href":"https:\/\/www.kliinikum.ee\/vahikeskus\/wp-json\/wp\/v2\/media?parent=6090"}],"curies":[{"name":"wp","href":"https:\/\/api.w.org\/{rel}","templated":true}]}}