{"id":6205,"date":"2023-05-25T10:53:36","date_gmt":"2023-05-25T08:53:36","guid":{"rendered":"https:\/\/www.kliinikum.ee\/vahikeskus\/?page_id=6205"},"modified":"2023-11-06T15:42:56","modified_gmt":"2023-11-06T13:42:56","slug":"soeluuringud","status":"publish","type":"page","link":"https:\/\/www.kliinikum.ee\/vahikeskus\/patsiendile\/ennetus\/soeluuringud\/","title":{"rendered":"S\u00f5eluuringud"},"content":{"rendered":"\n<p>S\u00f5eluuring on terviseuuring, mis on m\u00f5eldud kindlas vanusegrupis tervetele inimestele, kellel pole kaebusi ega s\u00fcmptomeid. S\u00f5eluuringu eesm\u00e4rk on v\u00e4hi varane avastamine. Eestis toimuvad hetkel kolme v\u00e4hipaikme (rinnav\u00e4hi, emakakaelav\u00e4hi ja j\u00e4mesoolev\u00e4hi) s\u00f5eluuringud.<\/p>\n\n\n\n<p>Lisainfo: <a href=\"https:\/\/www.kliinikum.ee\/patsiendile\/ennetus\/soeluuringud\/\" target=\"_blank\" rel=\"noreferrer noopener\">S\u00f5eluuringud<\/a>, <a href=\"https:\/\/soeluuring.ee\/\" target=\"_blank\" rel=\"noreferrer noopener\">Tervisekassa<\/a> <\/p>\n","protected":false},"excerpt":{"rendered":"<p>S\u00f5eluuring on terviseuuring, mis on m\u00f5eldud kindlas vanusegrupis tervetele inimestele, kellel pole kaebusi ega s\u00fcmptomeid. S\u00f5eluuringu eesm\u00e4rk on v\u00e4hi varane avastamine. Eestis toimuvad hetkel kolme v\u00e4hipaikme (rinnav\u00e4hi, emakakaelav\u00e4hi ja j\u00e4mesoolev\u00e4hi) s\u00f5eluuringud. Lisainfo: S\u00f5eluuringud, Tervisekassa<\/p>\n","protected":false},"author":30,"featured_media":0,"parent":5908,"menu_order":1,"comment_status":"closed","ping_status":"closed","template":"","meta":{"_acf_changed":false,"_uag_custom_page_level_css":"","footnotes":""},"class_list":["post-6205","page","type-page","status-publish","hentry"],"acf":[],"yoast_head":"<!-- This site is optimized with the Yoast SEO plugin v27.3 - https:\/\/yoast.com\/product\/yoast-seo-wordpress\/ -->\n<title>S\u00f5eluuringud - V\u00e4hikeskus<\/title>\n<meta name=\"description\" content=\"S\u00f5eluuring on terviseuuring, mis on m\u00f5eldud kindlas vanusegrupis tervetele inimestele, kellel pole kaebusi ega s\u00fcmptomeid.\" \/>\n<meta name=\"robots\" content=\"index, follow, max-snippet:-1, max-image-preview:large, max-video-preview:-1\" \/>\n<link rel=\"canonical\" href=\"https:\/\/www.kliinikum.ee\/vahikeskus\/patsiendile\/ennetus\/soeluuringud\/\" \/>\n<meta property=\"og:locale\" content=\"et_EE\" \/>\n<meta property=\"og:type\" content=\"article\" \/>\n<meta property=\"og:title\" content=\"S\u00f5eluuringud - V\u00e4hikeskus\" \/>\n<meta property=\"og:description\" content=\"S\u00f5eluuring on terviseuuring, mis on m\u00f5eldud kindlas vanusegrupis tervetele inimestele, kellel pole kaebusi ega s\u00fcmptomeid.\" \/>\n<meta property=\"og:url\" content=\"https:\/\/www.kliinikum.ee\/vahikeskus\/patsiendile\/ennetus\/soeluuringud\/\" \/>\n<meta property=\"og:site_name\" content=\"V\u00e4hikeskus\" \/>\n<meta property=\"article:modified_time\" content=\"2023-11-06T13:42:56+00:00\" \/>\n<meta name=\"twitter:card\" content=\"summary_large_image\" \/>\n<meta name=\"twitter:label1\" content=\"Est. reading time\" \/>\n\t<meta name=\"twitter:data1\" content=\"1 minut\" \/>\n<script type=\"application\/ld+json\" class=\"yoast-schema-graph\">{\"@context\":\"https:\\\/\\\/schema.org\",\"@graph\":[{\"@type\":\"WebPage\",\"@id\":\"https:\\\/\\\/www.kliinikum.ee\\\/vahikeskus\\\/patsiendile\\\/ennetus\\\/soeluuringud\\\/\",\"url\":\"https:\\\/\\\/www.kliinikum.ee\\\/vahikeskus\\\/patsiendile\\\/ennetus\\\/soeluuringud\\\/\",\"name\":\"S\u00f5eluuringud - V\u00e4hikeskus\",\"isPartOf\":{\"@id\":\"https:\\\/\\\/www.kliinikum.ee\\\/vahikeskus\\\/#website\"},\"datePublished\":\"2023-05-25T08:53:36+00:00\",\"dateModified\":\"2023-11-06T13:42:56+00:00\",\"description\":\"S\u00f5eluuring on terviseuuring, mis on m\u00f5eldud kindlas vanusegrupis tervetele inimestele, kellel pole kaebusi ega s\u00fcmptomeid.\",\"breadcrumb\":{\"@id\":\"https:\\\/\\\/www.kliinikum.ee\\\/vahikeskus\\\/patsiendile\\\/ennetus\\\/soeluuringud\\\/#breadcrumb\"},\"inLanguage\":\"et\",\"potentialAction\":[{\"@type\":\"ReadAction\",\"target\":[\"https:\\\/\\\/www.kliinikum.ee\\\/vahikeskus\\\/patsiendile\\\/ennetus\\\/soeluuringud\\\/\"]}]},{\"@type\":\"BreadcrumbList\",\"@id\":\"https:\\\/\\\/www.kliinikum.ee\\\/vahikeskus\\\/patsiendile\\\/ennetus\\\/soeluuringud\\\/#breadcrumb\",\"itemListElement\":[{\"@type\":\"ListItem\",\"position\":1,\"name\":\"Home\",\"item\":\"https:\\\/\\\/www.kliinikum.ee\\\/vahikeskus\\\/\"},{\"@type\":\"ListItem\",\"position\":2,\"name\":\"Patsiendile\",\"item\":\"https:\\\/\\\/www.kliinikum.ee\\\/vahikeskus\\\/patsiendile\\\/\"},{\"@type\":\"ListItem\",\"position\":3,\"name\":\"Ennetus\",\"item\":\"https:\\\/\\\/www.kliinikum.ee\\\/vahikeskus\\\/patsiendile\\\/ennetus\\\/\"},{\"@type\":\"ListItem\",\"position\":4,\"name\":\"S\u00f5eluuringud\"}]},{\"@type\":\"WebSite\",\"@id\":\"https:\\\/\\\/www.kliinikum.ee\\\/vahikeskus\\\/#website\",\"url\":\"https:\\\/\\\/www.kliinikum.ee\\\/vahikeskus\\\/\",\"name\":\"V\u00e4hikeskus\",\"description\":\"Hoolivus, Uuendusmeelsus, P\u00e4devus ja Usaldusv\u00e4\u00e4rsus\",\"potentialAction\":[{\"@type\":\"SearchAction\",\"target\":{\"@type\":\"EntryPoint\",\"urlTemplate\":\"https:\\\/\\\/www.kliinikum.ee\\\/vahikeskus\\\/?s={search_term_string}\"},\"query-input\":{\"@type\":\"PropertyValueSpecification\",\"valueRequired\":true,\"valueName\":\"search_term_string\"}}],\"inLanguage\":\"et\"}]}<\/script>\n<!-- \/ Yoast SEO plugin. -->","yoast_head_json":{"title":"S\u00f5eluuringud - V\u00e4hikeskus","description":"S\u00f5eluuring on terviseuuring, mis on m\u00f5eldud kindlas vanusegrupis tervetele inimestele, kellel pole kaebusi ega s\u00fcmptomeid.","robots":{"index":"index","follow":"follow","max-snippet":"max-snippet:-1","max-image-preview":"max-image-preview:large","max-video-preview":"max-video-preview:-1"},"canonical":"https:\/\/www.kliinikum.ee\/vahikeskus\/patsiendile\/ennetus\/soeluuringud\/","og_locale":"et_EE","og_type":"article","og_title":"S\u00f5eluuringud - V\u00e4hikeskus","og_description":"S\u00f5eluuring on terviseuuring, mis on m\u00f5eldud kindlas vanusegrupis tervetele inimestele, kellel pole kaebusi ega s\u00fcmptomeid.","og_url":"https:\/\/www.kliinikum.ee\/vahikeskus\/patsiendile\/ennetus\/soeluuringud\/","og_site_name":"V\u00e4hikeskus","article_modified_time":"2023-11-06T13:42:56+00:00","twitter_card":"summary_large_image","twitter_misc":{"Est. reading time":"1 minut"},"schema":{"@context":"https:\/\/schema.org","@graph":[{"@type":"WebPage","@id":"https:\/\/www.kliinikum.ee\/vahikeskus\/patsiendile\/ennetus\/soeluuringud\/","url":"https:\/\/www.kliinikum.ee\/vahikeskus\/patsiendile\/ennetus\/soeluuringud\/","name":"S\u00f5eluuringud - V\u00e4hikeskus","isPartOf":{"@id":"https:\/\/www.kliinikum.ee\/vahikeskus\/#website"},"datePublished":"2023-05-25T08:53:36+00:00","dateModified":"2023-11-06T13:42:56+00:00","description":"S\u00f5eluuring on terviseuuring, mis on m\u00f5eldud kindlas vanusegrupis tervetele inimestele, kellel pole kaebusi ega s\u00fcmptomeid.","breadcrumb":{"@id":"https:\/\/www.kliinikum.ee\/vahikeskus\/patsiendile\/ennetus\/soeluuringud\/#breadcrumb"},"inLanguage":"et","potentialAction":[{"@type":"ReadAction","target":["https:\/\/www.kliinikum.ee\/vahikeskus\/patsiendile\/ennetus\/soeluuringud\/"]}]},{"@type":"BreadcrumbList","@id":"https:\/\/www.kliinikum.ee\/vahikeskus\/patsiendile\/ennetus\/soeluuringud\/#breadcrumb","itemListElement":[{"@type":"ListItem","position":1,"name":"Home","item":"https:\/\/www.kliinikum.ee\/vahikeskus\/"},{"@type":"ListItem","position":2,"name":"Patsiendile","item":"https:\/\/www.kliinikum.ee\/vahikeskus\/patsiendile\/"},{"@type":"ListItem","position":3,"name":"Ennetus","item":"https:\/\/www.kliinikum.ee\/vahikeskus\/patsiendile\/ennetus\/"},{"@type":"ListItem","position":4,"name":"S\u00f5eluuringud"}]},{"@type":"WebSite","@id":"https:\/\/www.kliinikum.ee\/vahikeskus\/#website","url":"https:\/\/www.kliinikum.ee\/vahikeskus\/","name":"V\u00e4hikeskus","description":"Hoolivus, Uuendusmeelsus, P\u00e4devus ja Usaldusv\u00e4\u00e4rsus","potentialAction":[{"@type":"SearchAction","target":{"@type":"EntryPoint","urlTemplate":"https:\/\/www.kliinikum.ee\/vahikeskus\/?s={search_term_string}"},"query-input":{"@type":"PropertyValueSpecification","valueRequired":true,"valueName":"search_term_string"}}],"inLanguage":"et"}]}},"uagb_featured_image_src":{"full":false,"thumbnail":false,"medium":false,"medium_large":false,"large":false,"1536x1536":false,"2048x2048":false},"uagb_author_info":{"display_name":"Marge Kask","author_link":"https:\/\/www.kliinikum.ee\/vahikeskus\/author\/margekask\/"},"uagb_comment_info":0,"uagb_excerpt":"S\u00f5eluuring on terviseuuring, mis on m\u00f5eldud kindlas vanusegrupis tervetele inimestele, kellel pole kaebusi ega s\u00fcmptomeid. S\u00f5eluuringu eesm\u00e4rk on v\u00e4hi varane avastamine. Eestis toimuvad hetkel kolme v\u00e4hipaikme (rinnav\u00e4hi, emakakaelav\u00e4hi ja j\u00e4mesoolev\u00e4hi) s\u00f5eluuringud. Lisainfo: S\u00f5eluuringud, Tervisekassa","_links":{"self":[{"href":"https:\/\/www.kliinikum.ee\/vahikeskus\/wp-json\/wp\/v2\/pages\/6205","targetHints":{"allow":["GET"]}}],"collection":[{"href":"https:\/\/www.kliinikum.ee\/vahikeskus\/wp-json\/wp\/v2\/pages"}],"about":[{"href":"https:\/\/www.kliinikum.ee\/vahikeskus\/wp-json\/wp\/v2\/types\/page"}],"author":[{"embeddable":true,"href":"https:\/\/www.kliinikum.ee\/vahikeskus\/wp-json\/wp\/v2\/users\/30"}],"replies":[{"embeddable":true,"href":"https:\/\/www.kliinikum.ee\/vahikeskus\/wp-json\/wp\/v2\/comments?post=6205"}],"version-history":[{"count":0,"href":"https:\/\/www.kliinikum.ee\/vahikeskus\/wp-json\/wp\/v2\/pages\/6205\/revisions"}],"up":[{"embeddable":true,"href":"https:\/\/www.kliinikum.ee\/vahikeskus\/wp-json\/wp\/v2\/pages\/5908"}],"wp:attachment":[{"href":"https:\/\/www.kliinikum.ee\/vahikeskus\/wp-json\/wp\/v2\/media?parent=6205"}],"curies":[{"name":"wp","href":"https:\/\/api.w.org\/{rel}","templated":true}]}}