{"id":6315,"date":"2023-05-31T13:36:24","date_gmt":"2023-05-31T11:36:24","guid":{"rendered":"https:\/\/www.kliinikum.ee\/vahikeskus\/?page_id=6315"},"modified":"2024-01-23T11:03:15","modified_gmt":"2024-01-23T09:03:15","slug":"sotsiaaltootaja","status":"publish","type":"page","link":"https:\/\/www.kliinikum.ee\/vahikeskus\/patsiendile\/tugiteenused\/sotsiaaltootaja\/","title":{"rendered":"Sotsiaalt\u00f6\u00f6taja"},"content":{"rendered":"\n<p>Hematoloogia-onkoloogia kliiniku sotsiaalt\u00f6\u00f6taja on Katrin Kirsim\u00e4e. Sotsiaalt\u00f6\u00f6taja annab infot riigi, kohaliku omavalitsuse ning eraorganisatsioonide poolt pakutavate toetuste ja teenuste kohta nagu&nbsp;hooldus-ja \u00f5endusabiteenused, t\u00f6\u00f6v\u00f5ime hindamine ja puude raskusastme tuvastamine ning rehabilitatsiooniteenused.&nbsp;&nbsp;<\/p>\n\n\n\n<p>Patsiendi vajadustest l\u00e4htuvalt aitab sotsiaalt\u00f6\u00f6taja leida sobivaid teenusepakkujaid, teenuseid ja toetusi. Samuti abistab suhtlemisel ja asjaajamisel ametiasutustega (Sotsiaalkindlustusamet, Tervisekassa, T\u00f6\u00f6tukassa) ning vajalike dokumentide vormistamisel. L\u00e4htudes raviarsti otsusest, korraldab sotsiaalt\u00f6\u00f6taja patsiendi j\u00e4relravile suunamise (statsionaarne \u00f5endusabi, j\u00e4relravi haiglas, kodu\u00f5endus jm)<\/p>\n\n\n\n<p><strong>Millal p\u00f6\u00f6rduda sotsiaalt\u00f6\u00f6taja poole?<\/strong><\/p>\n\n\n\n<ul class=\"wp-block-list\">\n<li>Vajate infot kohaliku omavalituse ning eraorganisatsioonide poolt pakutavate toetuste ja teenuste kohta nt hooldus-ja \u00f5endusabiteenused (statsionaarne \u00f5endusabi, kodu\u00f5endus, koduhooldus, p\u00e4evakeskused, hooldekodud), sotsiaaltransporditeenused jne<\/li>\n\n\n\n<li>Vajate abi t\u00f6\u00f6v\u00f5ime hindamise ja puude raskusastme tuvastamise taotlemisel, rehabilitatsiooniteenuste saamisel<\/li>\n\n\n\n<li>Vajate n\u00f5u, milliseid sobivaid teenuseid ja toetusi vajaksite ning milliseid teenusepakkujaid on olemas<\/li>\n\n\n\n<li>Vajate abi suhtlemisel, asjaajamisel ja vajalike dokumentide vormistamisel ametiasutustega (Sotsiaalkindlustusamet, Tervisekassa, T\u00f6\u00f6tukassa)<\/li>\n\n\n\n<li>Raviarsti otsusest l\u00e4htuvalt vajate abi j\u00e4relravile suunamisel (statsionaarne \u00f5endusabi, j\u00e4relravi haiglas, kodu\u00f5endus jm)<\/li>\n<\/ul>\n\n\n\n<p><strong>&nbsp;Sotsiaalt\u00f6\u00f6taja poole saab p\u00f6\u00f6rduda<\/strong><br>\u2022 Helistades telefonil 53318604 v\u00f5i 731 8604<br>\u2022 Kirjutades e-posti aadressile <a href=\"mailto:annika.joemagi@kliinikum.ee\" target=\"_blank\" rel=\"noreferrer noopener\">katrin.kirsimae@kliinikum.ee&nbsp;<\/a><\/p>\n\n\n\n<p><br><\/p>\n","protected":false},"excerpt":{"rendered":"<p>Hematoloogia-onkoloogia kliiniku sotsiaalt\u00f6\u00f6taja on Katrin Kirsim\u00e4e. Sotsiaalt\u00f6\u00f6taja annab infot riigi, kohaliku omavalitsuse ning eraorganisatsioonide poolt pakutavate toetuste ja teenuste kohta nagu&nbsp;hooldus-ja \u00f5endusabiteenused, t\u00f6\u00f6v\u00f5ime hindamine ja puude raskusastme tuvastamine ning rehabilitatsiooniteenused.&nbsp;&nbsp; Patsiendi vajadustest l\u00e4htuvalt aitab sotsiaalt\u00f6\u00f6taja leida sobivaid teenusepakkujaid, teenuseid ja toetusi. Samuti abistab suhtlemisel ja asjaajamisel ametiasutustega (Sotsiaalkindlustusamet, Tervisekassa, T\u00f6\u00f6tukassa) ning vajalike dokumentide vormistamisel. L\u00e4htudes [&hellip;]<\/p>\n","protected":false},"author":30,"featured_media":0,"parent":5916,"menu_order":3,"comment_status":"closed","ping_status":"closed","template":"","meta":{"_acf_changed":false,"_uag_custom_page_level_css":"","footnotes":""},"class_list":["post-6315","page","type-page","status-publish","hentry"],"acf":[],"yoast_head":"<!-- This site is optimized with the Yoast SEO plugin v27.1.1 - https:\/\/yoast.com\/product\/yoast-seo-wordpress\/ -->\n<title>Sotsiaalt\u00f6\u00f6taja - V\u00e4hikeskus<\/title>\n<meta name=\"description\" content=\"Sotsiaalt\u00f6\u00f6taja annab infot hooldus-ja \u00f5endusabiteenuste, t\u00f6\u00f6v\u00f5ime hindamise ja puude raskusastme tuvastamise ning rehabilitatsiooniteenuste kohta.\u00a0\u00a0\" \/>\n<meta name=\"robots\" content=\"index, follow, max-snippet:-1, max-image-preview:large, max-video-preview:-1\" \/>\n<link rel=\"canonical\" href=\"https:\/\/www.kliinikum.ee\/vahikeskus\/patsiendile\/tugiteenused\/sotsiaaltootaja\/\" \/>\n<meta property=\"og:locale\" content=\"et_EE\" \/>\n<meta property=\"og:type\" content=\"article\" \/>\n<meta property=\"og:title\" content=\"Sotsiaalt\u00f6\u00f6taja - V\u00e4hikeskus\" \/>\n<meta property=\"og:description\" content=\"Sotsiaalt\u00f6\u00f6taja annab infot hooldus-ja \u00f5endusabiteenuste, t\u00f6\u00f6v\u00f5ime hindamise ja puude raskusastme tuvastamise ning rehabilitatsiooniteenuste kohta.\u00a0\u00a0\" \/>\n<meta property=\"og:url\" content=\"https:\/\/www.kliinikum.ee\/vahikeskus\/patsiendile\/tugiteenused\/sotsiaaltootaja\/\" \/>\n<meta property=\"og:site_name\" content=\"V\u00e4hikeskus\" \/>\n<meta property=\"article:modified_time\" content=\"2024-01-23T09:03:15+00:00\" \/>\n<meta name=\"twitter:card\" content=\"summary_large_image\" \/>\n<meta name=\"twitter:label1\" content=\"Est. reading time\" \/>\n\t<meta name=\"twitter:data1\" content=\"1 minut\" \/>\n<script type=\"application\/ld+json\" class=\"yoast-schema-graph\">{\"@context\":\"https:\/\/schema.org\",\"@graph\":[{\"@type\":\"WebPage\",\"@id\":\"https:\/\/www.kliinikum.ee\/vahikeskus\/patsiendile\/tugiteenused\/sotsiaaltootaja\/\",\"url\":\"https:\/\/www.kliinikum.ee\/vahikeskus\/patsiendile\/tugiteenused\/sotsiaaltootaja\/\",\"name\":\"Sotsiaalt\u00f6\u00f6taja - V\u00e4hikeskus\",\"isPartOf\":{\"@id\":\"https:\/\/www.kliinikum.ee\/vahikeskus\/#website\"},\"datePublished\":\"2023-05-31T11:36:24+00:00\",\"dateModified\":\"2024-01-23T09:03:15+00:00\",\"description\":\"Sotsiaalt\u00f6\u00f6taja annab infot hooldus-ja \u00f5endusabiteenuste, t\u00f6\u00f6v\u00f5ime hindamise ja puude raskusastme tuvastamise ning rehabilitatsiooniteenuste kohta.\u00a0\u00a0\",\"breadcrumb\":{\"@id\":\"https:\/\/www.kliinikum.ee\/vahikeskus\/patsiendile\/tugiteenused\/sotsiaaltootaja\/#breadcrumb\"},\"inLanguage\":\"et\",\"potentialAction\":[{\"@type\":\"ReadAction\",\"target\":[\"https:\/\/www.kliinikum.ee\/vahikeskus\/patsiendile\/tugiteenused\/sotsiaaltootaja\/\"]}]},{\"@type\":\"BreadcrumbList\",\"@id\":\"https:\/\/www.kliinikum.ee\/vahikeskus\/patsiendile\/tugiteenused\/sotsiaaltootaja\/#breadcrumb\",\"itemListElement\":[{\"@type\":\"ListItem\",\"position\":1,\"name\":\"Home\",\"item\":\"https:\/\/www.kliinikum.ee\/vahikeskus\/\"},{\"@type\":\"ListItem\",\"position\":2,\"name\":\"Patsiendile\",\"item\":\"https:\/\/www.kliinikum.ee\/vahikeskus\/patsiendile\/\"},{\"@type\":\"ListItem\",\"position\":3,\"name\":\"Tugiteenused\",\"item\":\"https:\/\/www.kliinikum.ee\/vahikeskus\/patsiendile\/tugiteenused\/\"},{\"@type\":\"ListItem\",\"position\":4,\"name\":\"Sotsiaalt\u00f6\u00f6taja\"}]},{\"@type\":\"WebSite\",\"@id\":\"https:\/\/www.kliinikum.ee\/vahikeskus\/#website\",\"url\":\"https:\/\/www.kliinikum.ee\/vahikeskus\/\",\"name\":\"V\u00e4hikeskus\",\"description\":\"Hoolivus, Uuendusmeelsus, P\u00e4devus ja Usaldusv\u00e4\u00e4rsus\",\"potentialAction\":[{\"@type\":\"SearchAction\",\"target\":{\"@type\":\"EntryPoint\",\"urlTemplate\":\"https:\/\/www.kliinikum.ee\/vahikeskus\/?s={search_term_string}\"},\"query-input\":{\"@type\":\"PropertyValueSpecification\",\"valueRequired\":true,\"valueName\":\"search_term_string\"}}],\"inLanguage\":\"et\"}]}<\/script>\n<!-- \/ Yoast SEO plugin. -->","yoast_head_json":{"title":"Sotsiaalt\u00f6\u00f6taja - V\u00e4hikeskus","description":"Sotsiaalt\u00f6\u00f6taja annab infot hooldus-ja \u00f5endusabiteenuste, t\u00f6\u00f6v\u00f5ime hindamise ja puude raskusastme tuvastamise ning rehabilitatsiooniteenuste kohta.\u00a0\u00a0","robots":{"index":"index","follow":"follow","max-snippet":"max-snippet:-1","max-image-preview":"max-image-preview:large","max-video-preview":"max-video-preview:-1"},"canonical":"https:\/\/www.kliinikum.ee\/vahikeskus\/patsiendile\/tugiteenused\/sotsiaaltootaja\/","og_locale":"et_EE","og_type":"article","og_title":"Sotsiaalt\u00f6\u00f6taja - V\u00e4hikeskus","og_description":"Sotsiaalt\u00f6\u00f6taja annab infot hooldus-ja \u00f5endusabiteenuste, t\u00f6\u00f6v\u00f5ime hindamise ja puude raskusastme tuvastamise ning rehabilitatsiooniteenuste kohta.\u00a0\u00a0","og_url":"https:\/\/www.kliinikum.ee\/vahikeskus\/patsiendile\/tugiteenused\/sotsiaaltootaja\/","og_site_name":"V\u00e4hikeskus","article_modified_time":"2024-01-23T09:03:15+00:00","twitter_card":"summary_large_image","twitter_misc":{"Est. reading time":"1 minut"},"schema":{"@context":"https:\/\/schema.org","@graph":[{"@type":"WebPage","@id":"https:\/\/www.kliinikum.ee\/vahikeskus\/patsiendile\/tugiteenused\/sotsiaaltootaja\/","url":"https:\/\/www.kliinikum.ee\/vahikeskus\/patsiendile\/tugiteenused\/sotsiaaltootaja\/","name":"Sotsiaalt\u00f6\u00f6taja - V\u00e4hikeskus","isPartOf":{"@id":"https:\/\/www.kliinikum.ee\/vahikeskus\/#website"},"datePublished":"2023-05-31T11:36:24+00:00","dateModified":"2024-01-23T09:03:15+00:00","description":"Sotsiaalt\u00f6\u00f6taja annab infot hooldus-ja \u00f5endusabiteenuste, t\u00f6\u00f6v\u00f5ime hindamise ja puude raskusastme tuvastamise ning rehabilitatsiooniteenuste kohta.\u00a0\u00a0","breadcrumb":{"@id":"https:\/\/www.kliinikum.ee\/vahikeskus\/patsiendile\/tugiteenused\/sotsiaaltootaja\/#breadcrumb"},"inLanguage":"et","potentialAction":[{"@type":"ReadAction","target":["https:\/\/www.kliinikum.ee\/vahikeskus\/patsiendile\/tugiteenused\/sotsiaaltootaja\/"]}]},{"@type":"BreadcrumbList","@id":"https:\/\/www.kliinikum.ee\/vahikeskus\/patsiendile\/tugiteenused\/sotsiaaltootaja\/#breadcrumb","itemListElement":[{"@type":"ListItem","position":1,"name":"Home","item":"https:\/\/www.kliinikum.ee\/vahikeskus\/"},{"@type":"ListItem","position":2,"name":"Patsiendile","item":"https:\/\/www.kliinikum.ee\/vahikeskus\/patsiendile\/"},{"@type":"ListItem","position":3,"name":"Tugiteenused","item":"https:\/\/www.kliinikum.ee\/vahikeskus\/patsiendile\/tugiteenused\/"},{"@type":"ListItem","position":4,"name":"Sotsiaalt\u00f6\u00f6taja"}]},{"@type":"WebSite","@id":"https:\/\/www.kliinikum.ee\/vahikeskus\/#website","url":"https:\/\/www.kliinikum.ee\/vahikeskus\/","name":"V\u00e4hikeskus","description":"Hoolivus, Uuendusmeelsus, P\u00e4devus ja Usaldusv\u00e4\u00e4rsus","potentialAction":[{"@type":"SearchAction","target":{"@type":"EntryPoint","urlTemplate":"https:\/\/www.kliinikum.ee\/vahikeskus\/?s={search_term_string}"},"query-input":{"@type":"PropertyValueSpecification","valueRequired":true,"valueName":"search_term_string"}}],"inLanguage":"et"}]}},"uagb_featured_image_src":{"full":false,"thumbnail":false,"medium":false,"medium_large":false,"large":false,"1536x1536":false,"2048x2048":false},"uagb_author_info":{"display_name":"Marge Kask","author_link":"https:\/\/www.kliinikum.ee\/vahikeskus\/author\/margekask\/"},"uagb_comment_info":0,"uagb_excerpt":"Hematoloogia-onkoloogia kliiniku sotsiaalt\u00f6\u00f6taja on Katrin Kirsim\u00e4e. Sotsiaalt\u00f6\u00f6taja annab infot riigi, kohaliku omavalitsuse ning eraorganisatsioonide poolt pakutavate toetuste ja teenuste kohta nagu&nbsp;hooldus-ja \u00f5endusabiteenused, t\u00f6\u00f6v\u00f5ime hindamine ja puude raskusastme tuvastamine ning rehabilitatsiooniteenused.&nbsp;&nbsp; Patsiendi vajadustest l\u00e4htuvalt aitab sotsiaalt\u00f6\u00f6taja leida sobivaid teenusepakkujaid, teenuseid ja toetusi. Samuti abistab suhtlemisel ja asjaajamisel ametiasutustega (Sotsiaalkindlustusamet, Tervisekassa, T\u00f6\u00f6tukassa) ning vajalike dokumentide vormistamisel. L\u00e4htudes&hellip;","_links":{"self":[{"href":"https:\/\/www.kliinikum.ee\/vahikeskus\/wp-json\/wp\/v2\/pages\/6315","targetHints":{"allow":["GET"]}}],"collection":[{"href":"https:\/\/www.kliinikum.ee\/vahikeskus\/wp-json\/wp\/v2\/pages"}],"about":[{"href":"https:\/\/www.kliinikum.ee\/vahikeskus\/wp-json\/wp\/v2\/types\/page"}],"author":[{"embeddable":true,"href":"https:\/\/www.kliinikum.ee\/vahikeskus\/wp-json\/wp\/v2\/users\/30"}],"replies":[{"embeddable":true,"href":"https:\/\/www.kliinikum.ee\/vahikeskus\/wp-json\/wp\/v2\/comments?post=6315"}],"version-history":[{"count":5,"href":"https:\/\/www.kliinikum.ee\/vahikeskus\/wp-json\/wp\/v2\/pages\/6315\/revisions"}],"predecessor-version":[{"id":7401,"href":"https:\/\/www.kliinikum.ee\/vahikeskus\/wp-json\/wp\/v2\/pages\/6315\/revisions\/7401"}],"up":[{"embeddable":true,"href":"https:\/\/www.kliinikum.ee\/vahikeskus\/wp-json\/wp\/v2\/pages\/5916"}],"wp:attachment":[{"href":"https:\/\/www.kliinikum.ee\/vahikeskus\/wp-json\/wp\/v2\/media?parent=6315"}],"curies":[{"name":"wp","href":"https:\/\/api.w.org\/{rel}","templated":true}]}}