{"id":6725,"date":"2023-07-19T13:57:35","date_gmt":"2023-07-19T11:57:35","guid":{"rendered":"https:\/\/www.kliinikum.ee\/vahikeskus\/?page_id=6725"},"modified":"2026-01-20T13:45:02","modified_gmt":"2026-01-20T11:45:02","slug":"tasulised-teenused","status":"publish","type":"page","link":"https:\/\/www.kliinikum.ee\/vahikeskus\/patsiendile\/tasulised-teenused\/","title":{"rendered":"Tasulised teenused"},"content":{"rendered":"\n<h2 class=\"wp-block-heading\">Teisene arvamus<\/h2>\n\n\n\n<p>Teisene arvamus&nbsp; on teise tervishoiuteenuse osutajast eriarsti s\u00f5ltumatu arvamus, mille eesm\u00e4rk on anda hinnang esmase arvamuse andnud eriarsti poolt pandud diagnoosi \u00f5igsuse, m\u00e4\u00e4ratud ravimi v\u00f5i tervishoiuteenuse vajalikkuse, selgitatud alternatiivide ja oodatava m\u00f5ju ning tervishoiuteenuse osutamisega seotud riskide kohta.&nbsp;<\/p>\n\n\n\n<p>Ravikindlustatud isikule on \u00fcks kord \u00fche ravijuhu kohta teisese arvamuse saamine tasuta st selle eest tasub Tervisekassa. Sel moel teisese arvamuse saamiseks tuleb oma perearstilt v\u00f5i esmase arvamuse andnud eriarstilt paluda saatekiri. Esmase arvamuse andnud arst edastab teisese arvamuse andjale k\u00f5ik osutatud tervishoiuteenuseid kajastavad dokumendid v\u00f5i nende koopiad.<\/p>\n\n\n\n<p>Tartu \u00dclikooli Kliinikum pakub teisest arstlikku arvamust pahaloomulise kasvaja osas ka tasulise teenusena. Teenuse hind on 290 eurot. Sel juhul pole saatekiri vajalik. Teisene arvamus antakse patsiendiportaalis digilugu.ee olemasoleva meditsiinilise dokumentatsiooni ja varasemalt tehtud uuringute alusel.<\/p>\n\n\n\n<p>Teisese arvamuse saamiseks:&nbsp;<\/p>\n\n\n\n<p>1. Saatke e-kiri aadressile <a href=\"mailto:vahikeskus@kliinikum.ee\" target=\"_blank\" rel=\"noreferrer noopener\">vahikeskus@kliinikum.ee<\/a>, mis sisaldab j\u00e4rgmist informatsiooni:&nbsp;<\/p>\n\n\n\n<ul class=\"wp-block-list\">\n<li>patsiendi nimi ja isikukood;&nbsp;<\/li>\n\n\n\n<li>kontaktandmed (telefon, aadress);&nbsp;<\/li>\n\n\n\n<li>k\u00fcsimus v\u00f5i k\u00fcsimused, millele soovite saada vastust;&nbsp;<\/li>\n\n\n\n<li>patsiendi diagnostika ja haiguse kulu kirjeldus;&nbsp;<\/li>\n\n\n\n<li>failid teostatud uuringute ja\/v\u00f5i ravi kohta, kui need ei kajastu patsiendiportaalis digilugu.ee (e-posti teel edastamisel terviseandmeid sisaldavad dokumendid kr\u00fcpteerida);&nbsp;<\/li>\n\n\n\n<li>teise isiku nimel p\u00f6\u00f6rdumise korral patsiendi allkirjastatud volikiri.<\/li>\n<\/ul>\n\n\n\n<p>2. Teile saadetakse allkirjastamiseks tasulise teenuse leping, teenuse osutamine toimub ainult allkirjastatud lepingu alusel.&nbsp;<\/p>\n\n\n\n<p>Kui dokumente ei ole v\u00f5imalik digitaalselt allkirjastada, saatke allkirjastatud dokumendid skaneeritult ja kr\u00fcpteeritult v\u00f5i paberkandjal t\u00e4hitud kirjaga aadressile V\u00e4hikeskus, L. Puusepa 8, 50406 Tartu.<\/p>\n\n\n\n<p>3. Patsiendi isikuandmete alusel luuakse teisese arvamuse andmiseks kliinikumi infos\u00fcsteemis ametlik haigusjuht.&nbsp;<\/p>\n\n\n\n<p>4. Haiguse profiilile vastavad erialaspetsialistid anal\u00fc\u00fcsivad haigusjuhu raames pandud diagnoosi ja m\u00e4\u00e4ratud ravi, annavad soovitusi edasiseks raviks ja koostavad ametliku teisese meditsiinilise arvamuse.&nbsp;<\/p>\n\n\n\n<p>5. Teisene arvamus sisestatakse patsiendiportaali digilugu.ee ja Teile saadetakse osutatud teenuse eest arve.<\/p>\n\n\n\n<p>M\u00e4rkused:&nbsp;<\/p>\n\n\n\n<ul class=\"wp-block-list\">\n<li>Teisese arvamuse teenus toetub Teie poolt edastatud ja\/v\u00f5i patsiendiportaalis digilugu.ee olevale informatsioonile.<\/li>\n\n\n\n<li>Teatud juhtudel v\u00f5ib informatsioon l\u00f5plikeks soovitusteks olla ebapiisav ja vajalikud on t\u00e4iendavad uuringud.&nbsp;<\/li>\n\n\n\n<li>Teil on alati v\u00f5imalus p\u00f6\u00f6rduda Tartu \u00dclikooli Kliinikumi diagnostikaks ja raviks tavakorras. Lugege eriarstile p\u00f6\u00f6rdumise kohta <a href=\"http:\/\/kliinikum.ee\/eriarsti-vastuvott\" target=\"_blank\" rel=\"noreferrer noopener\">siit.<\/a>&nbsp;<\/li>\n<\/ul>\n\n\n\n<div style=\"height:43px\" aria-hidden=\"true\" class=\"wp-block-spacer\"><\/div>\n\n\n\n<p><strong><a href=\"https:\/\/www.kliinikum.ee\/patsiendile\/teenused\/hinnakiri\/\" target=\"_blank\" rel=\"noreferrer noopener\">SA Tartu \u00dclikooli Kliinikumi t\u00e4ielik tasuliste teenuste hinnakiri&nbsp;<\/a><\/strong><\/p>\n","protected":false},"excerpt":{"rendered":"<p>Teisene arvamus Teisene arvamus&nbsp; on teise tervishoiuteenuse osutajast eriarsti s\u00f5ltumatu arvamus, mille eesm\u00e4rk on anda hinnang esmase arvamuse andnud eriarsti poolt pandud diagnoosi \u00f5igsuse, m\u00e4\u00e4ratud ravimi v\u00f5i tervishoiuteenuse vajalikkuse, selgitatud alternatiivide ja oodatava m\u00f5ju ning tervishoiuteenuse osutamisega seotud riskide kohta.&nbsp; Ravikindlustatud isikule on \u00fcks kord \u00fche ravijuhu kohta teisese arvamuse saamine tasuta st selle eest [&hellip;]<\/p>\n","protected":false},"author":30,"featured_media":0,"parent":15,"menu_order":10,"comment_status":"closed","ping_status":"closed","template":"","meta":{"_acf_changed":false,"_uag_custom_page_level_css":"","footnotes":""},"class_list":["post-6725","page","type-page","status-publish","hentry"],"acf":[],"yoast_head":"<!-- This site is optimized with the Yoast SEO plugin v27.3 - https:\/\/yoast.com\/product\/yoast-seo-wordpress\/ -->\n<title>Tasulised teenused - V\u00e4hikeskus<\/title>\n<meta name=\"description\" content=\"Teisene arvamus\u00a0 on teise tervishoiuteenuse osutajast eriarsti s\u00f5ltumatu arvamus.\" \/>\n<meta name=\"robots\" content=\"index, follow, max-snippet:-1, max-image-preview:large, max-video-preview:-1\" \/>\n<link rel=\"canonical\" href=\"https:\/\/www.kliinikum.ee\/vahikeskus\/patsiendile\/tasulised-teenused\/\" \/>\n<meta property=\"og:locale\" content=\"et_EE\" \/>\n<meta property=\"og:type\" content=\"article\" \/>\n<meta property=\"og:title\" content=\"Tasulised teenused - V\u00e4hikeskus\" \/>\n<meta property=\"og:description\" content=\"Teisene arvamus\u00a0 on teise tervishoiuteenuse osutajast eriarsti s\u00f5ltumatu arvamus.\" \/>\n<meta property=\"og:url\" content=\"https:\/\/www.kliinikum.ee\/vahikeskus\/patsiendile\/tasulised-teenused\/\" \/>\n<meta property=\"og:site_name\" content=\"V\u00e4hikeskus\" \/>\n<meta property=\"article:modified_time\" content=\"2026-01-20T11:45:02+00:00\" \/>\n<meta name=\"twitter:card\" content=\"summary_large_image\" \/>\n<meta name=\"twitter:label1\" content=\"Est. reading time\" \/>\n\t<meta name=\"twitter:data1\" content=\"2 minutit\" \/>\n<script type=\"application\/ld+json\" class=\"yoast-schema-graph\">{\"@context\":\"https:\\\/\\\/schema.org\",\"@graph\":[{\"@type\":\"WebPage\",\"@id\":\"https:\\\/\\\/www.kliinikum.ee\\\/vahikeskus\\\/patsiendile\\\/tasulised-teenused\\\/\",\"url\":\"https:\\\/\\\/www.kliinikum.ee\\\/vahikeskus\\\/patsiendile\\\/tasulised-teenused\\\/\",\"name\":\"Tasulised teenused - V\u00e4hikeskus\",\"isPartOf\":{\"@id\":\"https:\\\/\\\/www.kliinikum.ee\\\/vahikeskus\\\/#website\"},\"datePublished\":\"2023-07-19T11:57:35+00:00\",\"dateModified\":\"2026-01-20T11:45:02+00:00\",\"description\":\"Teisene arvamus\u00a0 on teise tervishoiuteenuse osutajast eriarsti s\u00f5ltumatu arvamus.\",\"breadcrumb\":{\"@id\":\"https:\\\/\\\/www.kliinikum.ee\\\/vahikeskus\\\/patsiendile\\\/tasulised-teenused\\\/#breadcrumb\"},\"inLanguage\":\"et\",\"potentialAction\":[{\"@type\":\"ReadAction\",\"target\":[\"https:\\\/\\\/www.kliinikum.ee\\\/vahikeskus\\\/patsiendile\\\/tasulised-teenused\\\/\"]}]},{\"@type\":\"BreadcrumbList\",\"@id\":\"https:\\\/\\\/www.kliinikum.ee\\\/vahikeskus\\\/patsiendile\\\/tasulised-teenused\\\/#breadcrumb\",\"itemListElement\":[{\"@type\":\"ListItem\",\"position\":1,\"name\":\"Home\",\"item\":\"https:\\\/\\\/www.kliinikum.ee\\\/vahikeskus\\\/\"},{\"@type\":\"ListItem\",\"position\":2,\"name\":\"Patsiendile\",\"item\":\"https:\\\/\\\/www.kliinikum.ee\\\/vahikeskus\\\/patsiendile\\\/\"},{\"@type\":\"ListItem\",\"position\":3,\"name\":\"Tasulised teenused\"}]},{\"@type\":\"WebSite\",\"@id\":\"https:\\\/\\\/www.kliinikum.ee\\\/vahikeskus\\\/#website\",\"url\":\"https:\\\/\\\/www.kliinikum.ee\\\/vahikeskus\\\/\",\"name\":\"V\u00e4hikeskus\",\"description\":\"Hoolivus, Uuendusmeelsus, P\u00e4devus ja Usaldusv\u00e4\u00e4rsus\",\"potentialAction\":[{\"@type\":\"SearchAction\",\"target\":{\"@type\":\"EntryPoint\",\"urlTemplate\":\"https:\\\/\\\/www.kliinikum.ee\\\/vahikeskus\\\/?s={search_term_string}\"},\"query-input\":{\"@type\":\"PropertyValueSpecification\",\"valueRequired\":true,\"valueName\":\"search_term_string\"}}],\"inLanguage\":\"et\"}]}<\/script>\n<!-- \/ Yoast SEO plugin. -->","yoast_head_json":{"title":"Tasulised teenused - V\u00e4hikeskus","description":"Teisene arvamus\u00a0 on teise tervishoiuteenuse osutajast eriarsti s\u00f5ltumatu arvamus.","robots":{"index":"index","follow":"follow","max-snippet":"max-snippet:-1","max-image-preview":"max-image-preview:large","max-video-preview":"max-video-preview:-1"},"canonical":"https:\/\/www.kliinikum.ee\/vahikeskus\/patsiendile\/tasulised-teenused\/","og_locale":"et_EE","og_type":"article","og_title":"Tasulised teenused - V\u00e4hikeskus","og_description":"Teisene arvamus\u00a0 on teise tervishoiuteenuse osutajast eriarsti s\u00f5ltumatu arvamus.","og_url":"https:\/\/www.kliinikum.ee\/vahikeskus\/patsiendile\/tasulised-teenused\/","og_site_name":"V\u00e4hikeskus","article_modified_time":"2026-01-20T11:45:02+00:00","twitter_card":"summary_large_image","twitter_misc":{"Est. reading time":"2 minutit"},"schema":{"@context":"https:\/\/schema.org","@graph":[{"@type":"WebPage","@id":"https:\/\/www.kliinikum.ee\/vahikeskus\/patsiendile\/tasulised-teenused\/","url":"https:\/\/www.kliinikum.ee\/vahikeskus\/patsiendile\/tasulised-teenused\/","name":"Tasulised teenused - V\u00e4hikeskus","isPartOf":{"@id":"https:\/\/www.kliinikum.ee\/vahikeskus\/#website"},"datePublished":"2023-07-19T11:57:35+00:00","dateModified":"2026-01-20T11:45:02+00:00","description":"Teisene arvamus\u00a0 on teise tervishoiuteenuse osutajast eriarsti s\u00f5ltumatu arvamus.","breadcrumb":{"@id":"https:\/\/www.kliinikum.ee\/vahikeskus\/patsiendile\/tasulised-teenused\/#breadcrumb"},"inLanguage":"et","potentialAction":[{"@type":"ReadAction","target":["https:\/\/www.kliinikum.ee\/vahikeskus\/patsiendile\/tasulised-teenused\/"]}]},{"@type":"BreadcrumbList","@id":"https:\/\/www.kliinikum.ee\/vahikeskus\/patsiendile\/tasulised-teenused\/#breadcrumb","itemListElement":[{"@type":"ListItem","position":1,"name":"Home","item":"https:\/\/www.kliinikum.ee\/vahikeskus\/"},{"@type":"ListItem","position":2,"name":"Patsiendile","item":"https:\/\/www.kliinikum.ee\/vahikeskus\/patsiendile\/"},{"@type":"ListItem","position":3,"name":"Tasulised teenused"}]},{"@type":"WebSite","@id":"https:\/\/www.kliinikum.ee\/vahikeskus\/#website","url":"https:\/\/www.kliinikum.ee\/vahikeskus\/","name":"V\u00e4hikeskus","description":"Hoolivus, Uuendusmeelsus, P\u00e4devus ja Usaldusv\u00e4\u00e4rsus","potentialAction":[{"@type":"SearchAction","target":{"@type":"EntryPoint","urlTemplate":"https:\/\/www.kliinikum.ee\/vahikeskus\/?s={search_term_string}"},"query-input":{"@type":"PropertyValueSpecification","valueRequired":true,"valueName":"search_term_string"}}],"inLanguage":"et"}]}},"uagb_featured_image_src":{"full":false,"thumbnail":false,"medium":false,"medium_large":false,"large":false,"1536x1536":false,"2048x2048":false},"uagb_author_info":{"display_name":"Marge Kask","author_link":"https:\/\/www.kliinikum.ee\/vahikeskus\/author\/margekask\/"},"uagb_comment_info":0,"uagb_excerpt":"Teisene arvamus Teisene arvamus&nbsp; on teise tervishoiuteenuse osutajast eriarsti s\u00f5ltumatu arvamus, mille eesm\u00e4rk on anda hinnang esmase arvamuse andnud eriarsti poolt pandud diagnoosi \u00f5igsuse, m\u00e4\u00e4ratud ravimi v\u00f5i tervishoiuteenuse vajalikkuse, selgitatud alternatiivide ja oodatava m\u00f5ju ning tervishoiuteenuse osutamisega seotud riskide kohta.&nbsp; Ravikindlustatud isikule on \u00fcks kord \u00fche ravijuhu kohta teisese arvamuse saamine tasuta st selle eest&hellip;","_links":{"self":[{"href":"https:\/\/www.kliinikum.ee\/vahikeskus\/wp-json\/wp\/v2\/pages\/6725","targetHints":{"allow":["GET"]}}],"collection":[{"href":"https:\/\/www.kliinikum.ee\/vahikeskus\/wp-json\/wp\/v2\/pages"}],"about":[{"href":"https:\/\/www.kliinikum.ee\/vahikeskus\/wp-json\/wp\/v2\/types\/page"}],"author":[{"embeddable":true,"href":"https:\/\/www.kliinikum.ee\/vahikeskus\/wp-json\/wp\/v2\/users\/30"}],"replies":[{"embeddable":true,"href":"https:\/\/www.kliinikum.ee\/vahikeskus\/wp-json\/wp\/v2\/comments?post=6725"}],"version-history":[{"count":0,"href":"https:\/\/www.kliinikum.ee\/vahikeskus\/wp-json\/wp\/v2\/pages\/6725\/revisions"}],"up":[{"embeddable":true,"href":"https:\/\/www.kliinikum.ee\/vahikeskus\/wp-json\/wp\/v2\/pages\/15"}],"wp:attachment":[{"href":"https:\/\/www.kliinikum.ee\/vahikeskus\/wp-json\/wp\/v2\/media?parent=6725"}],"curies":[{"name":"wp","href":"https:\/\/api.w.org\/{rel}","templated":true}]}}